 
{"id":84785,"date":"2024-04-08T09:34:48","date_gmt":"2024-04-08T09:34:48","guid":{"rendered":"https:\/\/www.icscoolenergy.com\/it\/assistenza\/trattamento-dellacqua-per-i-sistemi-di-raffreddamento\/"},"modified":"2025-09-23T15:44:07","modified_gmt":"2025-09-23T15:44:07","slug":"trattamento-dellacqua-per-i-sistemi-di-raffreddamento","status":"publish","type":"page","link":"https:\/\/www.icscoolenergy.com\/it\/assistenza\/trattamento-dellacqua-per-i-sistemi-di-raffreddamento\/","title":{"rendered":"Trattamento dell&#8217;acqua per i sistemi di raffreddamento"},"content":{"rendered":"\n<div class=\"mb-8 eplus-wrapper wp-block-group is-layout-flow wp-block-group-is-layout-flow\">\n<div class=\"md:relative eplus-wrapper wp-block-group is-layout-flow wp-block-group-is-layout-flow\">\n<div class=\"eplus-wrapper wp-block-cover is-light\" style=\"min-height:451px;aspect-ratio:unset;\"><img loading=\"lazy\" decoding=\"async\" width=\"1980\" height=\"900\" class=\"wp-block-cover__image-background wp-image-84169\" alt=\"Chiller Water Treatment\" src=\"https:\/\/www.icscoolenergy.com\/it\/wp-content\/uploads\/sites\/5\/2024\/05\/Water-Treatment.jpg\" data-object-fit=\"cover\" srcset=\"https:\/\/www.icscoolenergy.com\/wp-content\/uploads\/sites\/5\/2024\/05\/Water-Treatment.jpg 1980w, https:\/\/www.icscoolenergy.com\/wp-content\/uploads\/sites\/5\/2024\/05\/Water-Treatment-300x136.jpg 300w, https:\/\/www.icscoolenergy.com\/wp-content\/uploads\/sites\/5\/2024\/05\/Water-Treatment-1024x465.jpg 1024w, https:\/\/www.icscoolenergy.com\/wp-content\/uploads\/sites\/5\/2024\/05\/Water-Treatment-768x349.jpg 768w, https:\/\/www.icscoolenergy.com\/wp-content\/uploads\/sites\/5\/2024\/05\/Water-Treatment-50x23.jpg 50w, https:\/\/www.icscoolenergy.com\/wp-content\/uploads\/sites\/5\/2024\/05\/Water-Treatment-1600x727.jpg 1600w, https:\/\/www.icscoolenergy.com\/wp-content\/uploads\/sites\/5\/2024\/05\/Water-Treatment-1536x698.jpg 1536w, https:\/\/www.icscoolenergy.com\/wp-content\/uploads\/sites\/5\/2024\/05\/Water-Treatment-600x273.jpg 600w\" sizes=\"auto, (max-width: 1980px) 100vw, 1980px\" \/><span aria-hidden=\"true\" class=\"wp-block-cover__background has-background-dim-0 has-background-dim\"><\/span><div class=\"wp-block-cover__inner-container is-layout-flow wp-block-cover-is-layout-flow\">\n<p class=\" has-text-align-center has-large-font-size eplus-wrapper\"><\/p>\n<\/div><\/div>\n\n\n\n<div class=\"rounded-tr-md sm:w-full md:w-[80%] md:h-fit md:top-[80%] relative md:-mt-[10%] z-[1] md:left-0 eplus-wrapper wp-block-group has-background is-layout-constrained wp-block-group-is-layout-constrained\" style=\"background-color:#eaeaef\">\n<h1 class=\"eplus-wrapper pt-8 wp-block-heading has-text-color has-link-color wp-elements-635502eb47e8a7882e088fea1e84e28c\" id=\"h-trattamento-dell-acqua-per-i-sistemi-di-raffreddamento\" style=\"color:#312f5f\">TRATTAMENTO DELL&#8217;ACQUA PER I SISTEMI DI RAFFREDDAMENTO<\/h1>\n\n\n\n<p class=\" eplus-wrapper\">Proteggi la tua produzione dai tempi morti.<\/p>\n\n\n\n<p class=\" eplus-wrapper\">L&#8217;acqua, o il fluido, che scorre attraverso un refrigeratore e un sistema associato pu\u00f2 essere spesso trascurato, ma pu\u00f2 essere influenzato da molti fattori come l&#8217;ossigeno disciolto, lo squilibrio del pH e i batteri o il bio-fouling.<\/p>\n\n\n\n<p class=\" eplus-wrapper\">La qualit\u00e0 dell&#8217;acqua del tuo sistema influisce sulla longevit\u00e0 delle apparecchiature, delle parti e dei componenti del tuo processo. Non appena l&#8217;acqua inizia a scorrere nel tuo sistema, modifica le propriet\u00e0 al suo interno, quindi \u00e8 essenziale che venga controllata regolarmente e trattata correttamente.<\/p>\n<\/div>\n<\/div>\n<\/div>\n\n\n\n<div class=\"flex flex-row flex-wrap md:flex-nowrap sm:justify-center sm:items-center wp-block-group eplus-wrapper is-layout-constrained wp-block-group-is-layout-constrained\">\n<div class=\"w-full p-2 m-2 wp-block-group eplus-wrapper is-vertical is-layout-flex wp-container-core-group-is-layout-8cf370e7 wp-block-group-is-layout-flex\">\n<p class=\"has-text-color has-link-color eplus-wrapper wp-elements-a3ee90c1732a36d5b4b2534f337a371c\" style=\"color:#323130\">Puoi vedere la tua attrezzatura; \u00e8 l\u00ec davanti a te. Quello che non si vede \u00e8 il fluido che circola all&#8217;interno dell&#8217;apparecchiatura.<\/p>\n\n\n\n<p class=\"has-text-color has-link-color eplus-wrapper wp-elements-d68dde4cc6d96f795390151d53f5d9f1\" style=\"color:#323130\">Il nostro trattamento dell&#8217;acqua interno \u00e8 progettato per mantenere il tuo processo operativo, facendo s\u00ec che la tua industria funzioni in modo efficiente e affidabile. Sappiamo bene che comprendere la composizione chimica di ci\u00f2 che potrebbe sembrare acqua \u00e8 complicato.<\/p>\n\n\n\n<p class=\"has-text-color has-link-color eplus-wrapper wp-elements-f1c1b5934d522348af1320da9e40b77b\" style=\"color:#323130\">Noi ti semplifichiamo le cose: prendiamo un campione e il nostro specialista del trattamento dell&#8217;acqua ci rilascia un rapporto con un chiaro piano di implementazione per la manutenzione dell&#8217;attrezzatura o per la riparazione. Tutte cose che facciamo in casa, sia che si tratti di glicole, inibitore, biocida o di un lavaggio completo.<\/p>\n\n\n\n<p class=\"has-text-color has-link-color eplus-wrapper wp-elements-4765153b2c11c95f656fd75f39eff06b\" style=\"color:#323130\">La qualit\u00e0 dell&#8217;acqua influisce sulla longevit\u00e0, sull&#8217;efficienza e sull&#8217;affidabilit\u00e0 delle tue apparecchiature di processo.<\/p>\n\n\n\n<p class=\"has-text-color has-link-color eplus-wrapper wp-elements-09ee28973426bd3c0e2381c482388326\" style=\"color:#323130\">\u00c8 essenziale che il fluido del tuo sistema venga controllato, mantenuto e trattato regolarmente per evitare problemi come la corrosione, i batteri e le incrostazioni del sistema che, in ultima analisi, porteranno a guasti alle apparecchiature e ai sistemi di processo, a disagi e spese.<\/p>\n\n\n\n<p class=\"has-text-color has-link-color eplus-wrapper wp-elements-2da475ae21a572668e70f4032641f39a\" style=\"color:#323130\">Il primo passo per ottenere un&#8217;acqua di buona qualit\u00e0 \u00e8 l&#8217;attuazione di un piano di trattamento dell&#8217;acqua. Nell&#8217;ambito dei nostri contratti di manutenzione preventiva programmata, ora eseguiamo come standard il campionamento e l&#8217;analisi di laboratorio indipendente.<\/p>\n\n\n\n<p class=\"has-text-color has-link-color eplus-wrapper wp-elements-a0e6fc52c3d696830ee2affb9101dda4\" style=\"color:#323130\">Viene emesso un rapporto di facile lettura che indica tutti i difetti che non rientrano nei parametri raccomandati.<\/p>\n\n\n\n<p class=\"has-text-color has-link-color eplus-wrapper wp-elements-8f33ad285c13bd0220ca149476e82e10\" style=\"color:#323130\">Viene quindi creato un piano d&#8217;azione dettagliato che pu\u00f2 essere attuato per te, riportando e mantenendo la qualit\u00e0 dell&#8217;acqua ai migliori standard.<\/p>\n<\/div>\n<\/div>\n\n\n\n<div style=\"height:60px\" aria-hidden=\"true\" class=\" wp-block-spacer eplus-wrapper\"><\/div>\n\n\n\n<div class=\"wp-block-group eplus-wrapper is-layout-flow wp-block-group-is-layout-flow\"><div class=\"items-center md:flex xs:grid wp-block-columns eplus-wrapper is-layout-flex wp-container-core-columns-is-layout-9d6595d7 wp-block-columns-is-layout-flex eplus-styles-uid-744d1b\">\n<div class=\"xs:order-2 md:order-1 xs:w-full md:w-6\/12 xs:mb-12 md:mb-0 wp-block-column eplus-wrapper is-layout-flow wp-block-column-is-layout-flow\">\n<figure class=\" wp-block-image size-full is-resized eplus-wrapper\"><img loading=\"lazy\" decoding=\"async\" width=\"900\" height=\"544\" src=\"https:\/\/www.icscoolenergy.com\/it\/wp-content\/uploads\/sites\/5\/2024\/04\/Water-Treatment-For-Chillers.jpg\" alt=\"\" class=\"wp-image-80217\" style=\"width:720px\" srcset=\"https:\/\/www.icscoolenergy.com\/wp-content\/uploads\/sites\/5\/2024\/04\/Water-Treatment-For-Chillers.jpg 900w, https:\/\/www.icscoolenergy.com\/wp-content\/uploads\/sites\/5\/2024\/04\/Water-Treatment-For-Chillers-300x181.jpg 300w, https:\/\/www.icscoolenergy.com\/wp-content\/uploads\/sites\/5\/2024\/04\/Water-Treatment-For-Chillers-768x464.jpg 768w, https:\/\/www.icscoolenergy.com\/wp-content\/uploads\/sites\/5\/2024\/04\/Water-Treatment-For-Chillers-50x30.jpg 50w, https:\/\/www.icscoolenergy.com\/wp-content\/uploads\/sites\/5\/2024\/04\/Water-Treatment-For-Chillers-600x363.jpg 600w\" sizes=\"auto, (max-width: 900px) 100vw, 900px\" \/><\/figure>\n<\/div>\n\n\n\n<div class=\"xs:order-1 md:order-2 xs:w-full md:w-6\/12 wp-block-column eplus-wrapper is-layout-flow wp-block-column-is-layout-flow\">\n<h2 class=\" wp-block-heading eplus-wrapper\" id=\"h-benefici\"><strong>BENEFICI<\/strong><\/h2>\n\n\n<ul class=\" wp-block-list eplus-wrapper eplus-styles-uid-1cbff2\">\n<li class=\" eplus-wrapper\">Prevenire il degrado del sistema attraverso un monitoraggio e un trattamento regolari.<\/li>\n\n\n\n<li class=\" eplus-wrapper\">Aumenta l&#8217;efficienza del sistema<\/li>\n\n\n<li class=\" eplus-wrapper eplus-styles-uid-d57e6b\">Aumenta la durata del sistema e delle apparecchiature<\/li>\n\n\n<li class=\" eplus-wrapper\">Ridurre i costi di manutenzione e riparazione<\/li>\n\n\n\n<li class=\" eplus-wrapper\">Proteggi la qualit\u00e0 del tuo sistema di processo<\/li>\n<\/ul><\/div>\n<\/div><\/div>\n\n\n\n<div style=\"height:60px\" aria-hidden=\"true\" class=\" wp-block-spacer eplus-wrapper\"><\/div>\n\n\n\n<div class=\"flex flex-row flex-wrap md:flex-nowrap sm:justify-center sm:items-center wp-block-group eplus-wrapper is-layout-constrained wp-block-group-is-layout-constrained\">\n<div class=\"w-full p-2 m-2 wp-block-group eplus-wrapper is-vertical is-layout-flex wp-container-core-group-is-layout-8cf370e7 wp-block-group-is-layout-flex\">\n<h3 class=\" wp-block-heading eplus-wrapper\" id=\"h-filtrazione-a-flusso-laterale\">FILTRAZIONE A FLUSSO LATERALE<\/h3>\n\n\n\n<div style=\"height:8px\" aria-hidden=\"true\" class=\"wp-block-spacer eplus-wrapper wp-container-content-7d115344\"><\/div>\n\n\n\n<p class=\"has-text-color has-link-color eplus-wrapper wp-elements-f87e469cffc04329179fc963c5dd26c6\" style=\"color:#323130\">Se i tuoi sistemi mostrano segni di aumento di solidi sospesi, corrosione o altri detriti, esistono diversi dispositivi che possono essere utilizzati per rimuovere la contaminazione.<\/p>\n\n\n\n<p class=\"has-text-color has-link-color eplus-wrapper wp-elements-97e3d25436828e7d6e49c4857aec5604\" style=\"color:#323130\">Questo include filtri, filtri, filtri magnetici, separatori di sporcizia, separatori combinati di aria e sporcizia, oltre alla comune filtrazione del flusso laterale. Tutti questi elementi hanno un ruolo importante e, se applicati correttamente, possono avere un impatto positivo sulla pulizia e sulla protezione continua dei circuiti chiusi.<\/p>\n\n\n\n<p class=\"has-text-color has-link-color eplus-wrapper wp-elements-a4a938a2ed39f0af20d68e049a8c6d2c\" style=\"color:#323130\">Alcuni sistemi prevedono la filtrazione laterale in fase di progettazione per salvaguardare alcuni dei problemi che abbiamo evidenziato in precedenza. Queste apparecchiature sono facili da installare e hanno un processo semplice di rimozione dei solidi. I filtri a flusso laterale sono progettati per far passare costantemente il 5-15% dell&#8217;acqua in circolazione attraverso l&#8217;alloggiamento del filtro, in modo che il volume totale del sistema venga filtrato da 2 a 3 volte ogni 24 ore.<\/p>\n\n\n\n<p class=\"has-text-color has-link-color eplus-wrapper wp-elements-7b6891c8109909bb28a3fbb3ab8be36d\" style=\"color:#323130\">Scopri di pi\u00f9 sulla <a href=\"https:\/\/www.icscoolenergy.com\/how-to-manage-suspended-solids\/\">filtrazione a flusso laterale sul nostro blog<\/a>.<\/p>\n<\/div>\n<\/div>\n\n\n\n<div style=\"height:60px\" aria-hidden=\"true\" class=\" wp-block-spacer eplus-wrapper\"><\/div>\n","protected":false},"excerpt":{"rendered":"<p>TRATTAMENTO DELL&#8217;ACQUA PER I SISTEMI DI RAFFREDDAMENTO Proteggi la tua produzione dai tempi morti. L&#8217;acqua, o il fluido, che scorre attraverso un refrigeratore e un sistema associato pu\u00f2 essere spesso trascurato, ma pu\u00f2 essere influenzato da molti fattori come l&#8217;ossigeno disciolto, lo squilibrio del pH e i batteri o il bio-fouling. La qualit\u00e0 dell&#8217;acqua del &#8230; <a title=\"Trattamento dell&#8217;acqua per i sistemi di raffreddamento\" class=\"read-more\" href=\"https:\/\/www.icscoolenergy.com\/it\/assistenza\/trattamento-dellacqua-per-i-sistemi-di-raffreddamento\/\" aria-label=\"More on Trattamento dell&#8217;acqua per i sistemi di raffreddamento\">Leggi tutto<\/a><\/p>\n","protected":false},"author":1,"featured_media":0,"parent":84558,"menu_order":0,"comment_status":"closed","ping_status":"closed","template":"template-1.php","meta":{"_acf_changed":false,"inline_featured_image":false,"_editorskit_title_hidden":false,"_editorskit_reading_time":0,"_editorskit_is_block_options_detached":false,"_editorskit_block_options_position":"{}","editor_plus_copied_stylings":"{}","footnotes":""},"class_list":["post-84785","page","type-page","status-publish"],"acf":[],"yoast_head":"<!-- This site is optimized with the Yoast SEO Premium plugin v24.5 (Yoast SEO v26.9) - https:\/\/yoast.com\/product\/yoast-seo-premium-wordpress\/ -->\n<title>Trattamento Acqua Sistemi di Raffreddamento | ICS<\/title>\n<meta name=\"description\" content=\"Trattamento acqua sistemi di raffreddamento: soluzioni ICS per prevenire calcare, corrosione e garantire efficienza e durata degli impianti.\" \/>\n<meta name=\"robots\" content=\"index, follow, max-snippet:-1, max-image-preview:large, max-video-preview:-1\" \/>\n<link rel=\"canonical\" href=\"https:\/\/www.icscoolenergy.com\/it\/assistenza\/trattamento-dellacqua-per-i-sistemi-di-raffreddamento\/\" \/>\n<meta property=\"og:locale\" content=\"it_IT\" \/>\n<meta property=\"og:type\" content=\"article\" \/>\n<meta property=\"og:title\" content=\"Trattamento dell&#039;acqua per i sistemi di raffreddamento\" \/>\n<meta property=\"og:description\" content=\"Trattamento acqua sistemi di raffreddamento: soluzioni ICS per prevenire calcare, corrosione e garantire efficienza e durata degli impianti.\" \/>\n<meta property=\"og:url\" content=\"https:\/\/www.icscoolenergy.com\/it\/assistenza\/trattamento-dellacqua-per-i-sistemi-di-raffreddamento\/\" \/>\n<meta property=\"og:site_name\" content=\"Italian\" \/>\n<meta property=\"article:modified_time\" content=\"2025-09-23T15:44:07+00:00\" \/>\n<meta property=\"og:image\" content=\"https:\/\/www.icscoolenergy.com\/wp-content\/uploads\/sites\/5\/2024\/05\/Water-Treatment.jpg\" \/>\n\t<meta property=\"og:image:width\" content=\"1980\" \/>\n\t<meta property=\"og:image:height\" content=\"900\" \/>\n\t<meta property=\"og:image:type\" content=\"image\/jpeg\" \/>\n<meta name=\"twitter:card\" content=\"summary_large_image\" \/>\n<meta name=\"twitter:label1\" content=\"Est. reading time\" \/>\n\t<meta name=\"twitter:data1\" content=\"4 minuti\" \/>\n<script type=\"application\/ld+json\" class=\"yoast-schema-graph\">{\"@context\":\"https:\/\/schema.org\",\"@graph\":[{\"@type\":\"WebPage\",\"@id\":\"https:\/\/www.icscoolenergy.com\/it\/assistenza\/trattamento-dellacqua-per-i-sistemi-di-raffreddamento\/\",\"url\":\"https:\/\/www.icscoolenergy.com\/it\/assistenza\/trattamento-dellacqua-per-i-sistemi-di-raffreddamento\/\",\"name\":\"Trattamento Acqua Sistemi di Raffreddamento | ICS\",\"isPartOf\":{\"@id\":\"https:\/\/www.icscoolenergy.com\/it\/#website\"},\"primaryImageOfPage\":{\"@id\":\"https:\/\/www.icscoolenergy.com\/it\/assistenza\/trattamento-dellacqua-per-i-sistemi-di-raffreddamento\/#primaryimage\"},\"image\":{\"@id\":\"https:\/\/www.icscoolenergy.com\/it\/assistenza\/trattamento-dellacqua-per-i-sistemi-di-raffreddamento\/#primaryimage\"},\"thumbnailUrl\":\"https:\/\/www.icscoolenergy.com\/it\/wp-content\/uploads\/sites\/5\/2024\/05\/Water-Treatment.jpg\",\"datePublished\":\"2024-04-08T09:34:48+00:00\",\"dateModified\":\"2025-09-23T15:44:07+00:00\",\"description\":\"Trattamento acqua sistemi di raffreddamento: soluzioni ICS per prevenire calcare, corrosione e garantire efficienza e durata degli impianti.\",\"breadcrumb\":{\"@id\":\"https:\/\/www.icscoolenergy.com\/it\/assistenza\/trattamento-dellacqua-per-i-sistemi-di-raffreddamento\/#breadcrumb\"},\"inLanguage\":\"it-IT\",\"potentialAction\":[{\"@type\":\"ReadAction\",\"target\":[\"https:\/\/www.icscoolenergy.com\/it\/assistenza\/trattamento-dellacqua-per-i-sistemi-di-raffreddamento\/\"]}]},{\"@type\":\"ImageObject\",\"inLanguage\":\"it-IT\",\"@id\":\"https:\/\/www.icscoolenergy.com\/it\/assistenza\/trattamento-dellacqua-per-i-sistemi-di-raffreddamento\/#primaryimage\",\"url\":\"https:\/\/www.icscoolenergy.com\/wp-content\/uploads\/sites\/5\/2024\/05\/Water-Treatment.jpg\",\"contentUrl\":\"https:\/\/www.icscoolenergy.com\/wp-content\/uploads\/sites\/5\/2024\/05\/Water-Treatment.jpg\",\"width\":1980,\"height\":900,\"caption\":\"Chiller Water Treatment\"},{\"@type\":\"BreadcrumbList\",\"@id\":\"https:\/\/www.icscoolenergy.com\/it\/assistenza\/trattamento-dellacqua-per-i-sistemi-di-raffreddamento\/#breadcrumb\",\"itemListElement\":[{\"@type\":\"ListItem\",\"position\":1,\"name\":\"Home\",\"item\":\"https:\/\/www.icscoolenergy.com\/it\/\"},{\"@type\":\"ListItem\",\"position\":2,\"name\":\"Assistenza\",\"item\":\"https:\/\/www.icscoolenergy.com\/it\/assistenza\/\"},{\"@type\":\"ListItem\",\"position\":3,\"name\":\"Trattamento dell&#8217;acqua per i sistemi di raffreddamento\"}]},{\"@type\":\"WebSite\",\"@id\":\"https:\/\/www.icscoolenergy.com\/it\/#website\",\"url\":\"https:\/\/www.icscoolenergy.com\/it\/\",\"name\":\"ICS Cool Energy\",\"description\":\"The Process Temperature Control Specialists\",\"publisher\":{\"@id\":\"https:\/\/www.icscoolenergy.com\/it\/#organization\"},\"alternateName\":\"ICS Cool Energy\",\"potentialAction\":[{\"@type\":\"SearchAction\",\"target\":{\"@type\":\"EntryPoint\",\"urlTemplate\":\"https:\/\/www.icscoolenergy.com\/it\/?s={search_term_string}\"},\"query-input\":{\"@type\":\"PropertyValueSpecification\",\"valueRequired\":true,\"valueName\":\"search_term_string\"}}],\"inLanguage\":\"it-IT\"},{\"@type\":\"Organization\",\"@id\":\"https:\/\/www.icscoolenergy.com\/it\/#organization\",\"name\":\"ICS Cool Energy\",\"url\":\"https:\/\/www.icscoolenergy.com\/it\/\",\"logo\":{\"@type\":\"ImageObject\",\"inLanguage\":\"it-IT\",\"@id\":\"https:\/\/www.icscoolenergy.com\/it\/#\/schema\/logo\/image\/\",\"url\":\"https:\/\/www.icscoolenergy.com\/wp-content\/uploads\/sites\/5\/2024\/01\/ics-cool-energy-logo.svg\",\"contentUrl\":\"https:\/\/www.icscoolenergy.com\/wp-content\/uploads\/sites\/5\/2024\/01\/ics-cool-energy-logo.svg\",\"caption\":\"ICS Cool Energy\"},\"image\":{\"@id\":\"https:\/\/www.icscoolenergy.com\/it\/#\/schema\/logo\/image\/\"}}]}<\/script>\n<!-- \/ Yoast SEO Premium plugin. -->","yoast_head_json":{"title":"Trattamento Acqua Sistemi di Raffreddamento | ICS","description":"Trattamento acqua sistemi di raffreddamento: soluzioni ICS per prevenire calcare, corrosione e garantire efficienza e durata degli impianti.","robots":{"index":"index","follow":"follow","max-snippet":"max-snippet:-1","max-image-preview":"max-image-preview:large","max-video-preview":"max-video-preview:-1"},"canonical":"https:\/\/www.icscoolenergy.com\/it\/assistenza\/trattamento-dellacqua-per-i-sistemi-di-raffreddamento\/","og_locale":"it_IT","og_type":"article","og_title":"Trattamento dell'acqua per i sistemi di raffreddamento","og_description":"Trattamento acqua sistemi di raffreddamento: soluzioni ICS per prevenire calcare, corrosione e garantire efficienza e durata degli impianti.","og_url":"https:\/\/www.icscoolenergy.com\/it\/assistenza\/trattamento-dellacqua-per-i-sistemi-di-raffreddamento\/","og_site_name":"Italian","article_modified_time":"2025-09-23T15:44:07+00:00","og_image":[{"width":1980,"height":900,"url":"https:\/\/www.icscoolenergy.com\/wp-content\/uploads\/sites\/5\/2024\/05\/Water-Treatment.jpg","type":"image\/jpeg"}],"twitter_card":"summary_large_image","twitter_misc":{"Est. reading time":"4 minuti"},"schema":{"@context":"https:\/\/schema.org","@graph":[{"@type":"WebPage","@id":"https:\/\/www.icscoolenergy.com\/it\/assistenza\/trattamento-dellacqua-per-i-sistemi-di-raffreddamento\/","url":"https:\/\/www.icscoolenergy.com\/it\/assistenza\/trattamento-dellacqua-per-i-sistemi-di-raffreddamento\/","name":"Trattamento Acqua Sistemi di Raffreddamento | ICS","isPartOf":{"@id":"https:\/\/www.icscoolenergy.com\/it\/#website"},"primaryImageOfPage":{"@id":"https:\/\/www.icscoolenergy.com\/it\/assistenza\/trattamento-dellacqua-per-i-sistemi-di-raffreddamento\/#primaryimage"},"image":{"@id":"https:\/\/www.icscoolenergy.com\/it\/assistenza\/trattamento-dellacqua-per-i-sistemi-di-raffreddamento\/#primaryimage"},"thumbnailUrl":"https:\/\/www.icscoolenergy.com\/it\/wp-content\/uploads\/sites\/5\/2024\/05\/Water-Treatment.jpg","datePublished":"2024-04-08T09:34:48+00:00","dateModified":"2025-09-23T15:44:07+00:00","description":"Trattamento acqua sistemi di raffreddamento: soluzioni ICS per prevenire calcare, corrosione e garantire efficienza e durata degli impianti.","breadcrumb":{"@id":"https:\/\/www.icscoolenergy.com\/it\/assistenza\/trattamento-dellacqua-per-i-sistemi-di-raffreddamento\/#breadcrumb"},"inLanguage":"it-IT","potentialAction":[{"@type":"ReadAction","target":["https:\/\/www.icscoolenergy.com\/it\/assistenza\/trattamento-dellacqua-per-i-sistemi-di-raffreddamento\/"]}]},{"@type":"ImageObject","inLanguage":"it-IT","@id":"https:\/\/www.icscoolenergy.com\/it\/assistenza\/trattamento-dellacqua-per-i-sistemi-di-raffreddamento\/#primaryimage","url":"https:\/\/www.icscoolenergy.com\/wp-content\/uploads\/sites\/5\/2024\/05\/Water-Treatment.jpg","contentUrl":"https:\/\/www.icscoolenergy.com\/wp-content\/uploads\/sites\/5\/2024\/05\/Water-Treatment.jpg","width":1980,"height":900,"caption":"Chiller Water Treatment"},{"@type":"BreadcrumbList","@id":"https:\/\/www.icscoolenergy.com\/it\/assistenza\/trattamento-dellacqua-per-i-sistemi-di-raffreddamento\/#breadcrumb","itemListElement":[{"@type":"ListItem","position":1,"name":"Home","item":"https:\/\/www.icscoolenergy.com\/it\/"},{"@type":"ListItem","position":2,"name":"Assistenza","item":"https:\/\/www.icscoolenergy.com\/it\/assistenza\/"},{"@type":"ListItem","position":3,"name":"Trattamento dell&#8217;acqua per i sistemi di raffreddamento"}]},{"@type":"WebSite","@id":"https:\/\/www.icscoolenergy.com\/it\/#website","url":"https:\/\/www.icscoolenergy.com\/it\/","name":"ICS Cool Energy","description":"The Process Temperature Control Specialists","publisher":{"@id":"https:\/\/www.icscoolenergy.com\/it\/#organization"},"alternateName":"ICS Cool Energy","potentialAction":[{"@type":"SearchAction","target":{"@type":"EntryPoint","urlTemplate":"https:\/\/www.icscoolenergy.com\/it\/?s={search_term_string}"},"query-input":{"@type":"PropertyValueSpecification","valueRequired":true,"valueName":"search_term_string"}}],"inLanguage":"it-IT"},{"@type":"Organization","@id":"https:\/\/www.icscoolenergy.com\/it\/#organization","name":"ICS Cool Energy","url":"https:\/\/www.icscoolenergy.com\/it\/","logo":{"@type":"ImageObject","inLanguage":"it-IT","@id":"https:\/\/www.icscoolenergy.com\/it\/#\/schema\/logo\/image\/","url":"https:\/\/www.icscoolenergy.com\/wp-content\/uploads\/sites\/5\/2024\/01\/ics-cool-energy-logo.svg","contentUrl":"https:\/\/www.icscoolenergy.com\/wp-content\/uploads\/sites\/5\/2024\/01\/ics-cool-energy-logo.svg","caption":"ICS Cool Energy"},"image":{"@id":"https:\/\/www.icscoolenergy.com\/it\/#\/schema\/logo\/image\/"}}]}},"_links":{"self":[{"href":"https:\/\/www.icscoolenergy.com\/it\/wp-json\/wp\/v2\/pages\/84785","targetHints":{"allow":["GET"]}}],"collection":[{"href":"https:\/\/www.icscoolenergy.com\/it\/wp-json\/wp\/v2\/pages"}],"about":[{"href":"https:\/\/www.icscoolenergy.com\/it\/wp-json\/wp\/v2\/types\/page"}],"author":[{"embeddable":true,"href":"https:\/\/www.icscoolenergy.com\/it\/wp-json\/wp\/v2\/users\/1"}],"replies":[{"embeddable":true,"href":"https:\/\/www.icscoolenergy.com\/it\/wp-json\/wp\/v2\/comments?post=84785"}],"version-history":[{"count":0,"href":"https:\/\/www.icscoolenergy.com\/it\/wp-json\/wp\/v2\/pages\/84785\/revisions"}],"up":[{"embeddable":true,"href":"https:\/\/www.icscoolenergy.com\/it\/wp-json\/wp\/v2\/pages\/84558"}],"wp:attachment":[{"href":"https:\/\/www.icscoolenergy.com\/it\/wp-json\/wp\/v2\/media?parent=84785"}],"curies":[{"name":"wp","href":"https:\/\/api.w.org\/{rel}","templated":true}]}}