 
{"id":84895,"date":"2024-04-24T09:55:55","date_gmt":"2024-04-24T09:55:55","guid":{"rendered":"https:\/\/www.icscoolenergy.com\/it\/senza-categoria\/processo-i-chiller-max\/"},"modified":"2025-09-23T15:10:02","modified_gmt":"2025-09-23T15:10:02","slug":"processo-i-chiller-max","status":"publish","type":"product","link":"https:\/\/www.icscoolenergy.com\/it\/product\/processo-i-chiller-max\/","title":{"rendered":"i-Chiller Process Max"},"content":{"rendered":"<p>La nostra gamma i-Chiller Max copre capacit\u00e0 comprese tra 230-343kW e fa parte della nostra gamma leader di refrigeratori di processo progettati esclusivamente per il settore manifatturiero. A differenza di altre unit\u00e0 presenti sul mercato, la gamma i-Chiller \u00e8 stata progettata fin dall&#8217;inizio pensando alle applicazioni di processo.<\/p>\n<p>Le unit\u00e0 hanno un ingombro ridotto e sono state progettate per essere &#8220;plug and play&#8221; per garantire la compatibilit\u00e0 con un&#8217;ampia gamma di linee di produzione.<\/p>\n","protected":false},"excerpt":{"rendered":"<p>La nostra gamma i-Chiller Max copre capacit\u00e0 comprese tra 230-343kW e fa parte della nostra gamma leader di refrigeratori di processo progettati esclusivamente per il settore manifatturiero. A differenza di altre unit\u00e0 presenti sul mercato, la gamma i-Chiller \u00e8 stata progettata fin dall&#8217;inizio pensando alle applicazioni di processo. Le unit\u00e0 hanno un ingombro ridotto e &#8230; <a title=\"i-Chiller Process Max\" class=\"read-more\" href=\"https:\/\/www.icscoolenergy.com\/it\/product\/processo-i-chiller-max\/\" aria-label=\"More on i-Chiller Process Max\">Leggi tutto<\/a><\/p>\n","protected":false},"featured_media":83290,"comment_status":"closed","ping_status":"closed","template":"","meta":{"_acf_changed":false,"inline_featured_image":false,"_editorskit_title_hidden":false,"_editorskit_reading_time":0,"_editorskit_is_block_options_detached":false,"_editorskit_block_options_position":"{}","editor_plus_copied_stylings":"{}"},"product_brand":[],"product_cat":[1053],"product_tag":[],"class_list":{"0":"post-84895","1":"product","2":"type-product","3":"status-publish","4":"has-post-thumbnail","6":"product_cat-vendite-di-refrigeratori","8":"first","9":"instock","10":"shipping-taxable","11":"product-type-simple"},"acf":[],"yoast_head":"<!-- This site is optimized with the Yoast SEO Premium plugin v24.5 (Yoast SEO v26.9) - https:\/\/yoast.com\/product\/yoast-seo-premium-wordpress\/ -->\n<title>i-Chiller Process Max | ICS Cool Energy<\/title>\n<meta name=\"description\" content=\"i-Chiller Process Max: refrigeratori di processo da 230-343 kW, pensati per l\u2019industria manifatturiera con tecnologia ed efficienza avanzata.\" \/>\n<meta name=\"robots\" content=\"index, follow, max-snippet:-1, max-image-preview:large, max-video-preview:-1\" \/>\n<link rel=\"canonical\" href=\"https:\/\/www.icscoolenergy.com\/it\/product\/processo-i-chiller-max\/\" \/>\n<meta property=\"og:locale\" content=\"it_IT\" \/>\n<meta property=\"og:type\" content=\"article\" \/>\n<meta property=\"og:title\" content=\"i-Chiller Process Max\" \/>\n<meta property=\"og:description\" content=\"i-Chiller Process Max: refrigeratori di processo da 230-343 kW, pensati per l\u2019industria manifatturiera con tecnologia ed efficienza avanzata.\" \/>\n<meta property=\"og:url\" content=\"https:\/\/www.icscoolenergy.com\/it\/product\/processo-i-chiller-max\/\" \/>\n<meta property=\"og:site_name\" content=\"Italian\" \/>\n<meta property=\"article:modified_time\" content=\"2025-09-23T15:10:02+00:00\" \/>\n<meta property=\"og:image\" content=\"https:\/\/www.icscoolenergy.com\/wp-content\/uploads\/sites\/5\/2024\/04\/i-chiller-process-max.png\" \/>\n\t<meta property=\"og:image:width\" content=\"560\" \/>\n\t<meta property=\"og:image:height\" content=\"420\" \/>\n\t<meta property=\"og:image:type\" content=\"image\/png\" \/>\n<meta name=\"twitter:card\" content=\"summary_large_image\" \/>\n<meta name=\"twitter:label1\" content=\"Est. reading time\" \/>\n\t<meta name=\"twitter:data1\" content=\"1 minuto\" \/>\n<script type=\"application\/ld+json\" class=\"yoast-schema-graph\">{\"@context\":\"https:\/\/schema.org\",\"@graph\":[{\"@type\":\"WebPage\",\"@id\":\"https:\/\/www.icscoolenergy.com\/it\/product\/processo-i-chiller-max\/\",\"url\":\"https:\/\/www.icscoolenergy.com\/it\/product\/processo-i-chiller-max\/\",\"name\":\"i-Chiller Process Max | ICS Cool Energy\",\"isPartOf\":{\"@id\":\"https:\/\/www.icscoolenergy.com\/it\/#website\"},\"primaryImageOfPage\":{\"@id\":\"https:\/\/www.icscoolenergy.com\/it\/product\/processo-i-chiller-max\/#primaryimage\"},\"image\":{\"@id\":\"https:\/\/www.icscoolenergy.com\/it\/product\/processo-i-chiller-max\/#primaryimage\"},\"thumbnailUrl\":\"https:\/\/www.icscoolenergy.com\/wp-content\/uploads\/sites\/5\/2024\/04\/i-chiller-process-max.png\",\"datePublished\":\"2024-04-24T09:55:55+00:00\",\"dateModified\":\"2025-09-23T15:10:02+00:00\",\"description\":\"i-Chiller Process Max: refrigeratori di processo da 230-343 kW, pensati per l\u2019industria manifatturiera con tecnologia ed efficienza avanzata.\",\"breadcrumb\":{\"@id\":\"https:\/\/www.icscoolenergy.com\/it\/product\/processo-i-chiller-max\/#breadcrumb\"},\"inLanguage\":\"it-IT\",\"potentialAction\":[{\"@type\":\"ReadAction\",\"target\":[\"https:\/\/www.icscoolenergy.com\/it\/product\/processo-i-chiller-max\/\"]}]},{\"@type\":\"ImageObject\",\"inLanguage\":\"it-IT\",\"@id\":\"https:\/\/www.icscoolenergy.com\/it\/product\/processo-i-chiller-max\/#primaryimage\",\"url\":\"https:\/\/www.icscoolenergy.com\/wp-content\/uploads\/sites\/5\/2024\/04\/i-chiller-process-max.png\",\"contentUrl\":\"https:\/\/www.icscoolenergy.com\/wp-content\/uploads\/sites\/5\/2024\/04\/i-chiller-process-max.png\",\"width\":560,\"height\":420,\"caption\":\"i-chiller process-max\"},{\"@type\":\"BreadcrumbList\",\"@id\":\"https:\/\/www.icscoolenergy.com\/it\/product\/processo-i-chiller-max\/#breadcrumb\",\"itemListElement\":[{\"@type\":\"ListItem\",\"position\":1,\"name\":\"Home\",\"item\":\"https:\/\/www.icscoolenergy.com\/it\/\"},{\"@type\":\"ListItem\",\"position\":2,\"name\":\"Negozio\",\"item\":\"https:\/\/www.icscoolenergy.com\/it\/shop\/\"},{\"@type\":\"ListItem\",\"position\":3,\"name\":\"i-Chiller Process Max\"}]},{\"@type\":\"WebSite\",\"@id\":\"https:\/\/www.icscoolenergy.com\/it\/#website\",\"url\":\"https:\/\/www.icscoolenergy.com\/it\/\",\"name\":\"ICS Cool Energy\",\"description\":\"The Process Temperature Control Specialists\",\"publisher\":{\"@id\":\"https:\/\/www.icscoolenergy.com\/it\/#organization\"},\"alternateName\":\"ICS Cool Energy\",\"potentialAction\":[{\"@type\":\"SearchAction\",\"target\":{\"@type\":\"EntryPoint\",\"urlTemplate\":\"https:\/\/www.icscoolenergy.com\/it\/?s={search_term_string}\"},\"query-input\":{\"@type\":\"PropertyValueSpecification\",\"valueRequired\":true,\"valueName\":\"search_term_string\"}}],\"inLanguage\":\"it-IT\"},{\"@type\":\"Organization\",\"@id\":\"https:\/\/www.icscoolenergy.com\/it\/#organization\",\"name\":\"ICS Cool Energy\",\"url\":\"https:\/\/www.icscoolenergy.com\/it\/\",\"logo\":{\"@type\":\"ImageObject\",\"inLanguage\":\"it-IT\",\"@id\":\"https:\/\/www.icscoolenergy.com\/it\/#\/schema\/logo\/image\/\",\"url\":\"https:\/\/www.icscoolenergy.com\/wp-content\/uploads\/sites\/5\/2024\/01\/ics-cool-energy-logo.svg\",\"contentUrl\":\"https:\/\/www.icscoolenergy.com\/wp-content\/uploads\/sites\/5\/2024\/01\/ics-cool-energy-logo.svg\",\"caption\":\"ICS Cool Energy\"},\"image\":{\"@id\":\"https:\/\/www.icscoolenergy.com\/it\/#\/schema\/logo\/image\/\"}}]}<\/script>\n<!-- \/ Yoast SEO Premium plugin. -->","yoast_head_json":{"title":"i-Chiller Process Max | ICS Cool Energy","description":"i-Chiller Process Max: refrigeratori di processo da 230-343 kW, pensati per l\u2019industria manifatturiera con tecnologia ed efficienza avanzata.","robots":{"index":"index","follow":"follow","max-snippet":"max-snippet:-1","max-image-preview":"max-image-preview:large","max-video-preview":"max-video-preview:-1"},"canonical":"https:\/\/www.icscoolenergy.com\/it\/product\/processo-i-chiller-max\/","og_locale":"it_IT","og_type":"article","og_title":"i-Chiller Process Max","og_description":"i-Chiller Process Max: refrigeratori di processo da 230-343 kW, pensati per l\u2019industria manifatturiera con tecnologia ed efficienza avanzata.","og_url":"https:\/\/www.icscoolenergy.com\/it\/product\/processo-i-chiller-max\/","og_site_name":"Italian","article_modified_time":"2025-09-23T15:10:02+00:00","og_image":[{"width":560,"height":420,"url":"https:\/\/www.icscoolenergy.com\/wp-content\/uploads\/sites\/5\/2024\/04\/i-chiller-process-max.png","type":"image\/png"}],"twitter_card":"summary_large_image","twitter_misc":{"Est. reading time":"1 minuto"},"schema":{"@context":"https:\/\/schema.org","@graph":[{"@type":"WebPage","@id":"https:\/\/www.icscoolenergy.com\/it\/product\/processo-i-chiller-max\/","url":"https:\/\/www.icscoolenergy.com\/it\/product\/processo-i-chiller-max\/","name":"i-Chiller Process Max | ICS Cool Energy","isPartOf":{"@id":"https:\/\/www.icscoolenergy.com\/it\/#website"},"primaryImageOfPage":{"@id":"https:\/\/www.icscoolenergy.com\/it\/product\/processo-i-chiller-max\/#primaryimage"},"image":{"@id":"https:\/\/www.icscoolenergy.com\/it\/product\/processo-i-chiller-max\/#primaryimage"},"thumbnailUrl":"https:\/\/www.icscoolenergy.com\/wp-content\/uploads\/sites\/5\/2024\/04\/i-chiller-process-max.png","datePublished":"2024-04-24T09:55:55+00:00","dateModified":"2025-09-23T15:10:02+00:00","description":"i-Chiller Process Max: refrigeratori di processo da 230-343 kW, pensati per l\u2019industria manifatturiera con tecnologia ed efficienza avanzata.","breadcrumb":{"@id":"https:\/\/www.icscoolenergy.com\/it\/product\/processo-i-chiller-max\/#breadcrumb"},"inLanguage":"it-IT","potentialAction":[{"@type":"ReadAction","target":["https:\/\/www.icscoolenergy.com\/it\/product\/processo-i-chiller-max\/"]}]},{"@type":"ImageObject","inLanguage":"it-IT","@id":"https:\/\/www.icscoolenergy.com\/it\/product\/processo-i-chiller-max\/#primaryimage","url":"https:\/\/www.icscoolenergy.com\/wp-content\/uploads\/sites\/5\/2024\/04\/i-chiller-process-max.png","contentUrl":"https:\/\/www.icscoolenergy.com\/wp-content\/uploads\/sites\/5\/2024\/04\/i-chiller-process-max.png","width":560,"height":420,"caption":"i-chiller process-max"},{"@type":"BreadcrumbList","@id":"https:\/\/www.icscoolenergy.com\/it\/product\/processo-i-chiller-max\/#breadcrumb","itemListElement":[{"@type":"ListItem","position":1,"name":"Home","item":"https:\/\/www.icscoolenergy.com\/it\/"},{"@type":"ListItem","position":2,"name":"Negozio","item":"https:\/\/www.icscoolenergy.com\/it\/shop\/"},{"@type":"ListItem","position":3,"name":"i-Chiller Process Max"}]},{"@type":"WebSite","@id":"https:\/\/www.icscoolenergy.com\/it\/#website","url":"https:\/\/www.icscoolenergy.com\/it\/","name":"ICS Cool Energy","description":"The Process Temperature Control Specialists","publisher":{"@id":"https:\/\/www.icscoolenergy.com\/it\/#organization"},"alternateName":"ICS Cool Energy","potentialAction":[{"@type":"SearchAction","target":{"@type":"EntryPoint","urlTemplate":"https:\/\/www.icscoolenergy.com\/it\/?s={search_term_string}"},"query-input":{"@type":"PropertyValueSpecification","valueRequired":true,"valueName":"search_term_string"}}],"inLanguage":"it-IT"},{"@type":"Organization","@id":"https:\/\/www.icscoolenergy.com\/it\/#organization","name":"ICS Cool Energy","url":"https:\/\/www.icscoolenergy.com\/it\/","logo":{"@type":"ImageObject","inLanguage":"it-IT","@id":"https:\/\/www.icscoolenergy.com\/it\/#\/schema\/logo\/image\/","url":"https:\/\/www.icscoolenergy.com\/wp-content\/uploads\/sites\/5\/2024\/01\/ics-cool-energy-logo.svg","contentUrl":"https:\/\/www.icscoolenergy.com\/wp-content\/uploads\/sites\/5\/2024\/01\/ics-cool-energy-logo.svg","caption":"ICS Cool Energy"},"image":{"@id":"https:\/\/www.icscoolenergy.com\/it\/#\/schema\/logo\/image\/"}}]}},"_links":{"self":[{"href":"https:\/\/www.icscoolenergy.com\/it\/wp-json\/wp\/v2\/product\/84895","targetHints":{"allow":["GET"]}}],"collection":[{"href":"https:\/\/www.icscoolenergy.com\/it\/wp-json\/wp\/v2\/product"}],"about":[{"href":"https:\/\/www.icscoolenergy.com\/it\/wp-json\/wp\/v2\/types\/product"}],"replies":[{"embeddable":true,"href":"https:\/\/www.icscoolenergy.com\/it\/wp-json\/wp\/v2\/comments?post=84895"}],"wp:featuredmedia":[{"embeddable":true,"href":"https:\/\/www.icscoolenergy.com\/it\/wp-json\/wp\/v2\/media\/83290"}],"wp:attachment":[{"href":"https:\/\/www.icscoolenergy.com\/it\/wp-json\/wp\/v2\/media?parent=84895"}],"wp:term":[{"taxonomy":"product_brand","embeddable":true,"href":"https:\/\/www.icscoolenergy.com\/it\/wp-json\/wp\/v2\/product_brand?post=84895"},{"taxonomy":"product_cat","embeddable":true,"href":"https:\/\/www.icscoolenergy.com\/it\/wp-json\/wp\/v2\/product_cat?post=84895"},{"taxonomy":"product_tag","embeddable":true,"href":"https:\/\/www.icscoolenergy.com\/it\/wp-json\/wp\/v2\/product_tag?post=84895"}],"curies":[{"name":"wp","href":"https:\/\/api.w.org\/{rel}","templated":true}]}}