 
{"id":84915,"date":"2024-04-22T10:23:06","date_gmt":"2024-04-22T10:23:06","guid":{"rendered":"https:\/\/www.icscoolenergy.com\/it\/senza-categoria\/idf-150\/"},"modified":"2024-06-07T08:26:27","modified_gmt":"2024-06-07T08:26:27","slug":"idf-150","status":"publish","type":"product","link":"https:\/\/www.icscoolenergy.com\/it\/product\/idf-150\/","title":{"rendered":"IDF 150"},"content":{"rendered":"<p>Siamo lieti di offrire una gamma potente e avanzata di riscaldatori diesel a combustione indiretta, disponibili a noleggio. L&#8217;IDF 150 ha un design compatto, oltre a essere estremamente flessibile e resistente.<\/p>\n<p>Questo riscaldatore \u00e8 il modo perfetto e veloce per riscaldare fabbriche, officine, prodotti agricoli, magazzini e pu\u00f2 anche fornire calore agli edifici per recuperare i danni causati da un&#8217;alluvione.<\/p>\n<p>Il riscaldatore contiene uno scambiatore di calore ad alta efficienza (91%) e offre una temperatura di uscita fissa (delta T) di circa 40-60\u00b0C, garantendo un calore pulito e asciutto.<\/p>\n<p>Poich\u00e9 la sicurezza \u00e8 un aspetto fondamentale, tutti i nostri riscaldatori diesel a combustione indiretta sono dotati di protezione dal surriscaldamento e di controllo termostatico.<\/p>\n<p>L&#8217;unit\u00e0 viene fornita su carrelli leggeri per agevolare la mobilit\u00e0 e permettere di posizionare le unit\u00e0 in modo semplice e discreto.<\/p>\n","protected":false},"excerpt":{"rendered":"<p>Siamo lieti di offrire una gamma potente e avanzata di riscaldatori diesel a combustione indiretta, disponibili a noleggio. L&#8217;IDF 150 ha un design compatto, oltre a essere estremamente flessibile e resistente. Questo riscaldatore \u00e8 il modo perfetto e veloce per riscaldare fabbriche, officine, prodotti agricoli, magazzini e pu\u00f2 anche fornire calore agli edifici per recuperare &#8230; <a title=\"IDF 150\" class=\"read-more\" href=\"https:\/\/www.icscoolenergy.com\/it\/product\/idf-150\/\" aria-label=\"More on IDF 150\">Leggi tutto<\/a><\/p>\n","protected":false},"featured_media":79944,"comment_status":"closed","ping_status":"closed","template":"","meta":{"_acf_changed":false,"inline_featured_image":false,"_editorskit_title_hidden":false,"_editorskit_reading_time":0,"_editorskit_is_block_options_detached":false,"_editorskit_block_options_position":"{}","editor_plus_copied_stylings":"{}"},"product_brand":[],"product_cat":[1079,1090,1080,1091,1081,1089],"product_tag":[],"class_list":{"0":"post-84915","1":"product","2":"type-product","3":"status-publish","4":"has-post-thumbnail","6":"product_cat-riscaldamento","7":"product_cat-noleggio-di-riscaldamento-per-magazzini","8":"product_cat-noleggio-riscaldatori","9":"product_cat-noleggio-riscaldatori-di-emergenza","10":"product_cat-noleggio-riscaldatori-indiretti-a-gasolio","11":"product_cat-noleggio-temporaneo-di-riscaldatori","13":"first","14":"instock","15":"shipping-taxable","16":"product-type-simple"},"acf":[],"yoast_head":"<!-- This site is optimized with the Yoast SEO Premium plugin v24.5 (Yoast SEO v26.9) - https:\/\/yoast.com\/product\/yoast-seo-premium-wordpress\/ -->\n<title>IDF 150 | ICS Cool Energy<\/title>\n<meta name=\"robots\" content=\"index, follow, max-snippet:-1, max-image-preview:large, max-video-preview:-1\" \/>\n<link rel=\"canonical\" href=\"https:\/\/www.icscoolenergy.com\/it\/product\/idf-150\/\" \/>\n<meta property=\"og:locale\" content=\"it_IT\" \/>\n<meta property=\"og:type\" content=\"article\" \/>\n<meta property=\"og:title\" content=\"IDF 150\" \/>\n<meta property=\"og:description\" content=\"Siamo lieti di offrire una gamma potente e avanzata di riscaldatori diesel a combustione indiretta, disponibili a noleggio. L&#8217;IDF 150 ha un design compatto, oltre a essere estremamente flessibile e resistente. Questo riscaldatore \u00e8 il modo perfetto e veloce per riscaldare fabbriche, officine, prodotti agricoli, magazzini e pu\u00f2 anche fornire calore agli edifici per recuperare ... Leggi tutto\" \/>\n<meta property=\"og:url\" content=\"https:\/\/www.icscoolenergy.com\/it\/product\/idf-150\/\" \/>\n<meta property=\"og:site_name\" content=\"Italian\" \/>\n<meta property=\"article:modified_time\" content=\"2024-06-07T08:26:27+00:00\" \/>\n<meta property=\"og:image\" content=\"https:\/\/www.icscoolenergy.com\/wp-content\/uploads\/sites\/5\/2024\/04\/IDF-150.png\" \/>\n\t<meta property=\"og:image:width\" content=\"560\" \/>\n\t<meta property=\"og:image:height\" content=\"420\" \/>\n\t<meta property=\"og:image:type\" content=\"image\/png\" \/>\n<meta name=\"twitter:card\" content=\"summary_large_image\" \/>\n<meta name=\"twitter:label1\" content=\"Est. reading time\" \/>\n\t<meta name=\"twitter:data1\" content=\"1 minuto\" \/>\n<script type=\"application\/ld+json\" class=\"yoast-schema-graph\">{\"@context\":\"https:\/\/schema.org\",\"@graph\":[{\"@type\":\"WebPage\",\"@id\":\"https:\/\/www.icscoolenergy.com\/it\/product\/idf-150\/\",\"url\":\"https:\/\/www.icscoolenergy.com\/it\/product\/idf-150\/\",\"name\":\"IDF 150 | ICS Cool Energy\",\"isPartOf\":{\"@id\":\"https:\/\/www.icscoolenergy.com\/it\/#website\"},\"primaryImageOfPage\":{\"@id\":\"https:\/\/www.icscoolenergy.com\/it\/product\/idf-150\/#primaryimage\"},\"image\":{\"@id\":\"https:\/\/www.icscoolenergy.com\/it\/product\/idf-150\/#primaryimage\"},\"thumbnailUrl\":\"https:\/\/www.icscoolenergy.com\/wp-content\/uploads\/sites\/5\/2024\/04\/IDF-150.png\",\"datePublished\":\"2024-04-22T10:23:06+00:00\",\"dateModified\":\"2024-06-07T08:26:27+00:00\",\"breadcrumb\":{\"@id\":\"https:\/\/www.icscoolenergy.com\/it\/product\/idf-150\/#breadcrumb\"},\"inLanguage\":\"it-IT\",\"potentialAction\":[{\"@type\":\"ReadAction\",\"target\":[\"https:\/\/www.icscoolenergy.com\/it\/product\/idf-150\/\"]}]},{\"@type\":\"ImageObject\",\"inLanguage\":\"it-IT\",\"@id\":\"https:\/\/www.icscoolenergy.com\/it\/product\/idf-150\/#primaryimage\",\"url\":\"https:\/\/www.icscoolenergy.com\/wp-content\/uploads\/sites\/5\/2024\/04\/IDF-150.png\",\"contentUrl\":\"https:\/\/www.icscoolenergy.com\/wp-content\/uploads\/sites\/5\/2024\/04\/IDF-150.png\",\"width\":560,\"height\":420,\"caption\":\"Riscaldatore diesel indiretto da 150 kW\"},{\"@type\":\"BreadcrumbList\",\"@id\":\"https:\/\/www.icscoolenergy.com\/it\/product\/idf-150\/#breadcrumb\",\"itemListElement\":[{\"@type\":\"ListItem\",\"position\":1,\"name\":\"Home\",\"item\":\"https:\/\/www.icscoolenergy.com\/it\/\"},{\"@type\":\"ListItem\",\"position\":2,\"name\":\"Negozio\",\"item\":\"https:\/\/www.icscoolenergy.com\/it\/shop\/\"},{\"@type\":\"ListItem\",\"position\":3,\"name\":\"IDF 150\"}]},{\"@type\":\"WebSite\",\"@id\":\"https:\/\/www.icscoolenergy.com\/it\/#website\",\"url\":\"https:\/\/www.icscoolenergy.com\/it\/\",\"name\":\"ICS Cool Energy\",\"description\":\"The Process Temperature Control Specialists\",\"publisher\":{\"@id\":\"https:\/\/www.icscoolenergy.com\/it\/#organization\"},\"alternateName\":\"ICS Cool Energy\",\"potentialAction\":[{\"@type\":\"SearchAction\",\"target\":{\"@type\":\"EntryPoint\",\"urlTemplate\":\"https:\/\/www.icscoolenergy.com\/it\/?s={search_term_string}\"},\"query-input\":{\"@type\":\"PropertyValueSpecification\",\"valueRequired\":true,\"valueName\":\"search_term_string\"}}],\"inLanguage\":\"it-IT\"},{\"@type\":\"Organization\",\"@id\":\"https:\/\/www.icscoolenergy.com\/it\/#organization\",\"name\":\"ICS Cool Energy\",\"url\":\"https:\/\/www.icscoolenergy.com\/it\/\",\"logo\":{\"@type\":\"ImageObject\",\"inLanguage\":\"it-IT\",\"@id\":\"https:\/\/www.icscoolenergy.com\/it\/#\/schema\/logo\/image\/\",\"url\":\"https:\/\/www.icscoolenergy.com\/wp-content\/uploads\/sites\/5\/2024\/01\/ics-cool-energy-logo.svg\",\"contentUrl\":\"https:\/\/www.icscoolenergy.com\/wp-content\/uploads\/sites\/5\/2024\/01\/ics-cool-energy-logo.svg\",\"caption\":\"ICS Cool Energy\"},\"image\":{\"@id\":\"https:\/\/www.icscoolenergy.com\/it\/#\/schema\/logo\/image\/\"}}]}<\/script>\n<!-- \/ Yoast SEO Premium plugin. -->","yoast_head_json":{"title":"IDF 150 | ICS Cool Energy","robots":{"index":"index","follow":"follow","max-snippet":"max-snippet:-1","max-image-preview":"max-image-preview:large","max-video-preview":"max-video-preview:-1"},"canonical":"https:\/\/www.icscoolenergy.com\/it\/product\/idf-150\/","og_locale":"it_IT","og_type":"article","og_title":"IDF 150","og_description":"Siamo lieti di offrire una gamma potente e avanzata di riscaldatori diesel a combustione indiretta, disponibili a noleggio. L&#8217;IDF 150 ha un design compatto, oltre a essere estremamente flessibile e resistente. Questo riscaldatore \u00e8 il modo perfetto e veloce per riscaldare fabbriche, officine, prodotti agricoli, magazzini e pu\u00f2 anche fornire calore agli edifici per recuperare ... Leggi tutto","og_url":"https:\/\/www.icscoolenergy.com\/it\/product\/idf-150\/","og_site_name":"Italian","article_modified_time":"2024-06-07T08:26:27+00:00","og_image":[{"width":560,"height":420,"url":"https:\/\/www.icscoolenergy.com\/wp-content\/uploads\/sites\/5\/2024\/04\/IDF-150.png","type":"image\/png"}],"twitter_card":"summary_large_image","twitter_misc":{"Est. reading time":"1 minuto"},"schema":{"@context":"https:\/\/schema.org","@graph":[{"@type":"WebPage","@id":"https:\/\/www.icscoolenergy.com\/it\/product\/idf-150\/","url":"https:\/\/www.icscoolenergy.com\/it\/product\/idf-150\/","name":"IDF 150 | ICS Cool Energy","isPartOf":{"@id":"https:\/\/www.icscoolenergy.com\/it\/#website"},"primaryImageOfPage":{"@id":"https:\/\/www.icscoolenergy.com\/it\/product\/idf-150\/#primaryimage"},"image":{"@id":"https:\/\/www.icscoolenergy.com\/it\/product\/idf-150\/#primaryimage"},"thumbnailUrl":"https:\/\/www.icscoolenergy.com\/wp-content\/uploads\/sites\/5\/2024\/04\/IDF-150.png","datePublished":"2024-04-22T10:23:06+00:00","dateModified":"2024-06-07T08:26:27+00:00","breadcrumb":{"@id":"https:\/\/www.icscoolenergy.com\/it\/product\/idf-150\/#breadcrumb"},"inLanguage":"it-IT","potentialAction":[{"@type":"ReadAction","target":["https:\/\/www.icscoolenergy.com\/it\/product\/idf-150\/"]}]},{"@type":"ImageObject","inLanguage":"it-IT","@id":"https:\/\/www.icscoolenergy.com\/it\/product\/idf-150\/#primaryimage","url":"https:\/\/www.icscoolenergy.com\/wp-content\/uploads\/sites\/5\/2024\/04\/IDF-150.png","contentUrl":"https:\/\/www.icscoolenergy.com\/wp-content\/uploads\/sites\/5\/2024\/04\/IDF-150.png","width":560,"height":420,"caption":"Riscaldatore diesel indiretto da 150 kW"},{"@type":"BreadcrumbList","@id":"https:\/\/www.icscoolenergy.com\/it\/product\/idf-150\/#breadcrumb","itemListElement":[{"@type":"ListItem","position":1,"name":"Home","item":"https:\/\/www.icscoolenergy.com\/it\/"},{"@type":"ListItem","position":2,"name":"Negozio","item":"https:\/\/www.icscoolenergy.com\/it\/shop\/"},{"@type":"ListItem","position":3,"name":"IDF 150"}]},{"@type":"WebSite","@id":"https:\/\/www.icscoolenergy.com\/it\/#website","url":"https:\/\/www.icscoolenergy.com\/it\/","name":"ICS Cool Energy","description":"The Process Temperature Control Specialists","publisher":{"@id":"https:\/\/www.icscoolenergy.com\/it\/#organization"},"alternateName":"ICS Cool Energy","potentialAction":[{"@type":"SearchAction","target":{"@type":"EntryPoint","urlTemplate":"https:\/\/www.icscoolenergy.com\/it\/?s={search_term_string}"},"query-input":{"@type":"PropertyValueSpecification","valueRequired":true,"valueName":"search_term_string"}}],"inLanguage":"it-IT"},{"@type":"Organization","@id":"https:\/\/www.icscoolenergy.com\/it\/#organization","name":"ICS Cool Energy","url":"https:\/\/www.icscoolenergy.com\/it\/","logo":{"@type":"ImageObject","inLanguage":"it-IT","@id":"https:\/\/www.icscoolenergy.com\/it\/#\/schema\/logo\/image\/","url":"https:\/\/www.icscoolenergy.com\/wp-content\/uploads\/sites\/5\/2024\/01\/ics-cool-energy-logo.svg","contentUrl":"https:\/\/www.icscoolenergy.com\/wp-content\/uploads\/sites\/5\/2024\/01\/ics-cool-energy-logo.svg","caption":"ICS Cool Energy"},"image":{"@id":"https:\/\/www.icscoolenergy.com\/it\/#\/schema\/logo\/image\/"}}]}},"_links":{"self":[{"href":"https:\/\/www.icscoolenergy.com\/it\/wp-json\/wp\/v2\/product\/84915","targetHints":{"allow":["GET"]}}],"collection":[{"href":"https:\/\/www.icscoolenergy.com\/it\/wp-json\/wp\/v2\/product"}],"about":[{"href":"https:\/\/www.icscoolenergy.com\/it\/wp-json\/wp\/v2\/types\/product"}],"replies":[{"embeddable":true,"href":"https:\/\/www.icscoolenergy.com\/it\/wp-json\/wp\/v2\/comments?post=84915"}],"wp:featuredmedia":[{"embeddable":true,"href":"https:\/\/www.icscoolenergy.com\/it\/wp-json\/wp\/v2\/media\/79944"}],"wp:attachment":[{"href":"https:\/\/www.icscoolenergy.com\/it\/wp-json\/wp\/v2\/media?parent=84915"}],"wp:term":[{"taxonomy":"product_brand","embeddable":true,"href":"https:\/\/www.icscoolenergy.com\/it\/wp-json\/wp\/v2\/product_brand?post=84915"},{"taxonomy":"product_cat","embeddable":true,"href":"https:\/\/www.icscoolenergy.com\/it\/wp-json\/wp\/v2\/product_cat?post=84915"},{"taxonomy":"product_tag","embeddable":true,"href":"https:\/\/www.icscoolenergy.com\/it\/wp-json\/wp\/v2\/product_tag?post=84915"}],"curies":[{"name":"wp","href":"https:\/\/api.w.org\/{rel}","templated":true}]}}