 
{"id":84929,"date":"2024-04-22T11:21:34","date_gmt":"2024-04-22T11:21:34","guid":{"rendered":"https:\/\/www.icscoolenergy.com\/it\/senza-categoria\/caldaia-150\/"},"modified":"2025-09-22T16:01:36","modified_gmt":"2025-09-22T16:01:36","slug":"caldaia-150","status":"publish","type":"product","link":"https:\/\/www.icscoolenergy.com\/it\/product\/caldaia-150\/","title":{"rendered":"Caldaia 150"},"content":{"rendered":"<p>La nostra caldaia compatta 150 ha un design potente e offre acqua calda a bassa pressione per le esigenze pi\u00f9 complesse.<\/p>\n<p>La caldaia \u00e8 alloggiata in un contenitore d&#8217;acciaio che garantisce una maggiore sicurezza e protezione dagli agenti atmosferici. Questo contenitore favorisce la portabilit\u00e0, in quanto l&#8217;unit\u00e0 pu\u00f2 essere facilmente posizionata con un carrello elevatore o una gru e collegata al tuo sistema, assicurando una rapida configurazione del noleggio.<\/p>\n<p>Le unit\u00e0 sono progettate per un funzionamento affidabile e sicuro con scambiatori di calore secondari che servono i circuiti di riscaldamento e di acqua calda sanitaria. I collegamenti rapidi e sicuri sono realizzati con tubi flessibili ad alta temperatura dotati di flange PN16. Disponibile nelle versioni a bassa e alta pressione, in grado di funzionare fino a 10Bar di pressione e a temperature fino a 95\u00b0C.<\/p>\n","protected":false},"excerpt":{"rendered":"<p>La nostra caldaia compatta 150 ha un design potente e offre acqua calda a bassa pressione per le esigenze pi\u00f9 complesse. La caldaia \u00e8 alloggiata in un contenitore d&#8217;acciaio che garantisce una maggiore sicurezza e protezione dagli agenti atmosferici. Questo contenitore favorisce la portabilit\u00e0, in quanto l&#8217;unit\u00e0 pu\u00f2 essere facilmente posizionata con un carrello elevatore &#8230; <a title=\"Caldaia 150\" class=\"read-more\" href=\"https:\/\/www.icscoolenergy.com\/it\/product\/caldaia-150\/\" aria-label=\"More on Caldaia 150\">Leggi tutto<\/a><\/p>\n","protected":false},"featured_media":80138,"comment_status":"closed","ping_status":"closed","template":"","meta":{"_acf_changed":false,"inline_featured_image":false,"_editorskit_title_hidden":false,"_editorskit_reading_time":0,"_editorskit_is_block_options_detached":false,"_editorskit_block_options_position":"{}","editor_plus_copied_stylings":"{}"},"product_brand":[],"product_cat":[1038,1082,1084,1086,1083,1088,1087,1085],"product_tag":[],"class_list":{"0":"post-84929","1":"product","2":"type-product","3":"status-publish","4":"has-post-thumbnail","6":"product_cat-tua-caldaia","7":"product_cat-noleggio-caldaie-tua-caldaia","8":"product_cat-noleggio-caldaie-commerciali","9":"product_cat-noleggio-caldaie-di-emergenza-noleggio-caldaie-tua-caldaia","10":"product_cat-noleggio-caldaie-industriali","11":"product_cat-noleggio-caldaie-per-le-scuole-noleggio-caldaie-industriali","12":"product_cat-noleggio-caldaie-per-ospedali-noleggio-caldaie","13":"product_cat-noleggio-di-teleriscaldamento","15":"first","16":"instock","17":"shipping-taxable","18":"product-type-simple"},"acf":[],"yoast_head":"<!-- This site is optimized with the Yoast SEO Premium plugin v24.5 (Yoast SEO v26.9) - https:\/\/yoast.com\/product\/yoast-seo-premium-wordpress\/ -->\n<title>Noleggio Caldaia Industriale 150 KW | ICS Cool Energy<\/title>\n<meta name=\"description\" content=\"Noleggio caldaia industriale da 150 KW compatta con design potente e acqua calda a bassa pressione per le esigenze pi\u00f9 complesse.\" \/>\n<meta name=\"robots\" content=\"index, follow, max-snippet:-1, max-image-preview:large, max-video-preview:-1\" \/>\n<link rel=\"canonical\" href=\"https:\/\/www.icscoolenergy.com\/it\/product\/caldaia-150\/\" \/>\n<meta property=\"og:locale\" content=\"it_IT\" \/>\n<meta property=\"og:type\" content=\"article\" \/>\n<meta property=\"og:title\" content=\"Caldaia 150\" \/>\n<meta property=\"og:description\" content=\"Noleggio caldaia industriale da 150 KW compatta con design potente e acqua calda a bassa pressione per le esigenze pi\u00f9 complesse.\" \/>\n<meta property=\"og:url\" content=\"https:\/\/www.icscoolenergy.com\/it\/product\/caldaia-150\/\" \/>\n<meta property=\"og:site_name\" content=\"Italian\" \/>\n<meta property=\"article:modified_time\" content=\"2025-09-22T16:01:36+00:00\" \/>\n<meta property=\"og:image\" content=\"https:\/\/www.icscoolenergy.com\/wp-content\/uploads\/sites\/5\/2024\/04\/Boiler-150-1.png\" \/>\n\t<meta property=\"og:image:width\" content=\"560\" \/>\n\t<meta property=\"og:image:height\" content=\"420\" \/>\n\t<meta property=\"og:image:type\" content=\"image\/png\" \/>\n<meta name=\"twitter:card\" content=\"summary_large_image\" \/>\n<meta name=\"twitter:label1\" content=\"Est. reading time\" \/>\n\t<meta name=\"twitter:data1\" content=\"1 minuto\" \/>\n<script type=\"application\/ld+json\" class=\"yoast-schema-graph\">{\"@context\":\"https:\/\/schema.org\",\"@graph\":[{\"@type\":\"WebPage\",\"@id\":\"https:\/\/www.icscoolenergy.com\/it\/product\/caldaia-150\/\",\"url\":\"https:\/\/www.icscoolenergy.com\/it\/product\/caldaia-150\/\",\"name\":\"Noleggio Caldaia Industriale 150 KW | ICS Cool Energy\",\"isPartOf\":{\"@id\":\"https:\/\/www.icscoolenergy.com\/it\/#website\"},\"primaryImageOfPage\":{\"@id\":\"https:\/\/www.icscoolenergy.com\/it\/product\/caldaia-150\/#primaryimage\"},\"image\":{\"@id\":\"https:\/\/www.icscoolenergy.com\/it\/product\/caldaia-150\/#primaryimage\"},\"thumbnailUrl\":\"https:\/\/www.icscoolenergy.com\/wp-content\/uploads\/sites\/5\/2024\/04\/Boiler-150-1.png\",\"datePublished\":\"2024-04-22T11:21:34+00:00\",\"dateModified\":\"2025-09-22T16:01:36+00:00\",\"description\":\"Noleggio caldaia industriale da 150 KW compatta con design potente e acqua calda a bassa pressione per le esigenze pi\u00f9 complesse.\",\"breadcrumb\":{\"@id\":\"https:\/\/www.icscoolenergy.com\/it\/product\/caldaia-150\/#breadcrumb\"},\"inLanguage\":\"it-IT\",\"potentialAction\":[{\"@type\":\"ReadAction\",\"target\":[\"https:\/\/www.icscoolenergy.com\/it\/product\/caldaia-150\/\"]}]},{\"@type\":\"ImageObject\",\"inLanguage\":\"it-IT\",\"@id\":\"https:\/\/www.icscoolenergy.com\/it\/product\/caldaia-150\/#primaryimage\",\"url\":\"https:\/\/www.icscoolenergy.com\/wp-content\/uploads\/sites\/5\/2024\/04\/Boiler-150-1.png\",\"contentUrl\":\"https:\/\/www.icscoolenergy.com\/wp-content\/uploads\/sites\/5\/2024\/04\/Boiler-150-1.png\",\"width\":560,\"height\":420},{\"@type\":\"BreadcrumbList\",\"@id\":\"https:\/\/www.icscoolenergy.com\/it\/product\/caldaia-150\/#breadcrumb\",\"itemListElement\":[{\"@type\":\"ListItem\",\"position\":1,\"name\":\"Home\",\"item\":\"https:\/\/www.icscoolenergy.com\/it\/\"},{\"@type\":\"ListItem\",\"position\":2,\"name\":\"Negozio\",\"item\":\"https:\/\/www.icscoolenergy.com\/it\/shop\/\"},{\"@type\":\"ListItem\",\"position\":3,\"name\":\"Caldaia 150\"}]},{\"@type\":\"WebSite\",\"@id\":\"https:\/\/www.icscoolenergy.com\/it\/#website\",\"url\":\"https:\/\/www.icscoolenergy.com\/it\/\",\"name\":\"ICS Cool Energy\",\"description\":\"The Process Temperature Control Specialists\",\"publisher\":{\"@id\":\"https:\/\/www.icscoolenergy.com\/it\/#organization\"},\"alternateName\":\"ICS Cool Energy\",\"potentialAction\":[{\"@type\":\"SearchAction\",\"target\":{\"@type\":\"EntryPoint\",\"urlTemplate\":\"https:\/\/www.icscoolenergy.com\/it\/?s={search_term_string}\"},\"query-input\":{\"@type\":\"PropertyValueSpecification\",\"valueRequired\":true,\"valueName\":\"search_term_string\"}}],\"inLanguage\":\"it-IT\"},{\"@type\":\"Organization\",\"@id\":\"https:\/\/www.icscoolenergy.com\/it\/#organization\",\"name\":\"ICS Cool Energy\",\"url\":\"https:\/\/www.icscoolenergy.com\/it\/\",\"logo\":{\"@type\":\"ImageObject\",\"inLanguage\":\"it-IT\",\"@id\":\"https:\/\/www.icscoolenergy.com\/it\/#\/schema\/logo\/image\/\",\"url\":\"https:\/\/www.icscoolenergy.com\/wp-content\/uploads\/sites\/5\/2024\/01\/ics-cool-energy-logo.svg\",\"contentUrl\":\"https:\/\/www.icscoolenergy.com\/wp-content\/uploads\/sites\/5\/2024\/01\/ics-cool-energy-logo.svg\",\"caption\":\"ICS Cool Energy\"},\"image\":{\"@id\":\"https:\/\/www.icscoolenergy.com\/it\/#\/schema\/logo\/image\/\"}}]}<\/script>\n<!-- \/ Yoast SEO Premium plugin. -->","yoast_head_json":{"title":"Noleggio Caldaia Industriale 150 KW | ICS Cool Energy","description":"Noleggio caldaia industriale da 150 KW compatta con design potente e acqua calda a bassa pressione per le esigenze pi\u00f9 complesse.","robots":{"index":"index","follow":"follow","max-snippet":"max-snippet:-1","max-image-preview":"max-image-preview:large","max-video-preview":"max-video-preview:-1"},"canonical":"https:\/\/www.icscoolenergy.com\/it\/product\/caldaia-150\/","og_locale":"it_IT","og_type":"article","og_title":"Caldaia 150","og_description":"Noleggio caldaia industriale da 150 KW compatta con design potente e acqua calda a bassa pressione per le esigenze pi\u00f9 complesse.","og_url":"https:\/\/www.icscoolenergy.com\/it\/product\/caldaia-150\/","og_site_name":"Italian","article_modified_time":"2025-09-22T16:01:36+00:00","og_image":[{"width":560,"height":420,"url":"https:\/\/www.icscoolenergy.com\/wp-content\/uploads\/sites\/5\/2024\/04\/Boiler-150-1.png","type":"image\/png"}],"twitter_card":"summary_large_image","twitter_misc":{"Est. reading time":"1 minuto"},"schema":{"@context":"https:\/\/schema.org","@graph":[{"@type":"WebPage","@id":"https:\/\/www.icscoolenergy.com\/it\/product\/caldaia-150\/","url":"https:\/\/www.icscoolenergy.com\/it\/product\/caldaia-150\/","name":"Noleggio Caldaia Industriale 150 KW | ICS Cool Energy","isPartOf":{"@id":"https:\/\/www.icscoolenergy.com\/it\/#website"},"primaryImageOfPage":{"@id":"https:\/\/www.icscoolenergy.com\/it\/product\/caldaia-150\/#primaryimage"},"image":{"@id":"https:\/\/www.icscoolenergy.com\/it\/product\/caldaia-150\/#primaryimage"},"thumbnailUrl":"https:\/\/www.icscoolenergy.com\/wp-content\/uploads\/sites\/5\/2024\/04\/Boiler-150-1.png","datePublished":"2024-04-22T11:21:34+00:00","dateModified":"2025-09-22T16:01:36+00:00","description":"Noleggio caldaia industriale da 150 KW compatta con design potente e acqua calda a bassa pressione per le esigenze pi\u00f9 complesse.","breadcrumb":{"@id":"https:\/\/www.icscoolenergy.com\/it\/product\/caldaia-150\/#breadcrumb"},"inLanguage":"it-IT","potentialAction":[{"@type":"ReadAction","target":["https:\/\/www.icscoolenergy.com\/it\/product\/caldaia-150\/"]}]},{"@type":"ImageObject","inLanguage":"it-IT","@id":"https:\/\/www.icscoolenergy.com\/it\/product\/caldaia-150\/#primaryimage","url":"https:\/\/www.icscoolenergy.com\/wp-content\/uploads\/sites\/5\/2024\/04\/Boiler-150-1.png","contentUrl":"https:\/\/www.icscoolenergy.com\/wp-content\/uploads\/sites\/5\/2024\/04\/Boiler-150-1.png","width":560,"height":420},{"@type":"BreadcrumbList","@id":"https:\/\/www.icscoolenergy.com\/it\/product\/caldaia-150\/#breadcrumb","itemListElement":[{"@type":"ListItem","position":1,"name":"Home","item":"https:\/\/www.icscoolenergy.com\/it\/"},{"@type":"ListItem","position":2,"name":"Negozio","item":"https:\/\/www.icscoolenergy.com\/it\/shop\/"},{"@type":"ListItem","position":3,"name":"Caldaia 150"}]},{"@type":"WebSite","@id":"https:\/\/www.icscoolenergy.com\/it\/#website","url":"https:\/\/www.icscoolenergy.com\/it\/","name":"ICS Cool Energy","description":"The Process Temperature Control Specialists","publisher":{"@id":"https:\/\/www.icscoolenergy.com\/it\/#organization"},"alternateName":"ICS Cool Energy","potentialAction":[{"@type":"SearchAction","target":{"@type":"EntryPoint","urlTemplate":"https:\/\/www.icscoolenergy.com\/it\/?s={search_term_string}"},"query-input":{"@type":"PropertyValueSpecification","valueRequired":true,"valueName":"search_term_string"}}],"inLanguage":"it-IT"},{"@type":"Organization","@id":"https:\/\/www.icscoolenergy.com\/it\/#organization","name":"ICS Cool Energy","url":"https:\/\/www.icscoolenergy.com\/it\/","logo":{"@type":"ImageObject","inLanguage":"it-IT","@id":"https:\/\/www.icscoolenergy.com\/it\/#\/schema\/logo\/image\/","url":"https:\/\/www.icscoolenergy.com\/wp-content\/uploads\/sites\/5\/2024\/01\/ics-cool-energy-logo.svg","contentUrl":"https:\/\/www.icscoolenergy.com\/wp-content\/uploads\/sites\/5\/2024\/01\/ics-cool-energy-logo.svg","caption":"ICS Cool Energy"},"image":{"@id":"https:\/\/www.icscoolenergy.com\/it\/#\/schema\/logo\/image\/"}}]}},"_links":{"self":[{"href":"https:\/\/www.icscoolenergy.com\/it\/wp-json\/wp\/v2\/product\/84929","targetHints":{"allow":["GET"]}}],"collection":[{"href":"https:\/\/www.icscoolenergy.com\/it\/wp-json\/wp\/v2\/product"}],"about":[{"href":"https:\/\/www.icscoolenergy.com\/it\/wp-json\/wp\/v2\/types\/product"}],"replies":[{"embeddable":true,"href":"https:\/\/www.icscoolenergy.com\/it\/wp-json\/wp\/v2\/comments?post=84929"}],"wp:featuredmedia":[{"embeddable":true,"href":"https:\/\/www.icscoolenergy.com\/it\/wp-json\/wp\/v2\/media\/80138"}],"wp:attachment":[{"href":"https:\/\/www.icscoolenergy.com\/it\/wp-json\/wp\/v2\/media?parent=84929"}],"wp:term":[{"taxonomy":"product_brand","embeddable":true,"href":"https:\/\/www.icscoolenergy.com\/it\/wp-json\/wp\/v2\/product_brand?post=84929"},{"taxonomy":"product_cat","embeddable":true,"href":"https:\/\/www.icscoolenergy.com\/it\/wp-json\/wp\/v2\/product_cat?post=84929"},{"taxonomy":"product_tag","embeddable":true,"href":"https:\/\/www.icscoolenergy.com\/it\/wp-json\/wp\/v2\/product_tag?post=84929"}],"curies":[{"name":"wp","href":"https:\/\/api.w.org\/{rel}","templated":true}]}}