 
{"id":84947,"date":"2024-04-19T08:27:51","date_gmt":"2024-04-19T08:27:51","guid":{"rendered":"https:\/\/www.icscoolenergy.com\/it\/senza-categoria\/manipolatore-daria-350\/"},"modified":"2024-09-04T10:12:11","modified_gmt":"2024-09-04T10:12:11","slug":"manipolatore-daria-350","status":"publish","type":"product","link":"https:\/\/www.icscoolenergy.com\/it\/product\/manipolatore-daria-350\/","title":{"rendered":"Unit\u00e0 trattamento d&#8217;aria 350"},"content":{"rendered":"<p>La nostra unit\u00e0 trattamento d&#8217;aria 350 \u00e8 un&#8217;unit\u00e0 flessibile a singolo ventilatore in grado di offrire un flusso d&#8217;aria di 40.000 m3\/h.<\/p>\n<p>L&#8217;unit\u00e0 richiede una fonte d&#8217;acqua per la bobina integrata e dispone di connessioni idriche a sgancio rapido, oltre a una connessione elettrica trifase da 63 ampere.<\/p>\n<p>Questa unit\u00e0 di trattamento dell&#8217;aria da 350kW pu\u00f2 essere collocata all&#8217;interno o all&#8217;esterno e dispone di 5&#215;500 mm (20&#8243;) di raccordi per soffiare liberamente l&#8217;aria fredda o per collegare condotti flessibili.<\/p>\n<p>L&#8217;unit\u00e0 pu\u00f2 essere fornita con una pompa per la condensa, filtri pieghettati G4 (BS EN 779) e un controllo della velocit\u00e0 del ventilatore variabile (a frequenza).<\/p>\n","protected":false},"excerpt":{"rendered":"<p>La nostra unit\u00e0 trattamento d&#8217;aria 350 \u00e8 un&#8217;unit\u00e0 flessibile a singolo ventilatore in grado di offrire un flusso d&#8217;aria di 40.000 m3\/h. L&#8217;unit\u00e0 richiede una fonte d&#8217;acqua per la bobina integrata e dispone di connessioni idriche a sgancio rapido, oltre a una connessione elettrica trifase da 63 ampere. Questa unit\u00e0 di trattamento dell&#8217;aria da 350kW &#8230; <a title=\"Unit\u00e0 trattamento d&#8217;aria 350\" class=\"read-more\" href=\"https:\/\/www.icscoolenergy.com\/it\/product\/manipolatore-daria-350\/\" aria-label=\"More on Unit\u00e0 trattamento d&#8217;aria 350\">Leggi tutto<\/a><\/p>\n","protected":false},"featured_media":80621,"comment_status":"closed","ping_status":"closed","template":"","meta":{"_acf_changed":false,"inline_featured_image":false,"_editorskit_title_hidden":false,"_editorskit_reading_time":0,"_editorskit_is_block_options_detached":false,"_editorskit_block_options_position":"{}","editor_plus_copied_stylings":"{}"},"product_brand":[],"product_cat":[1095,1097],"product_tag":[],"class_list":{"0":"post-84947","1":"product","2":"type-product","3":"status-publish","4":"has-post-thumbnail","6":"product_cat-unita-di-trattamento-dellaria","7":"product_cat-noleggio-di-unita-di-trattamento-aria","9":"first","10":"instock","11":"shipping-taxable","12":"product-type-simple"},"acf":[],"yoast_head":"<!-- This site is optimized with the Yoast SEO Premium plugin v24.5 (Yoast SEO v26.9) - https:\/\/yoast.com\/product\/yoast-seo-premium-wordpress\/ -->\n<title>Unit\u00e0 trattamento d&#039;aria 350 | ICS Cool Energy<\/title>\n<meta name=\"robots\" content=\"index, follow, max-snippet:-1, max-image-preview:large, max-video-preview:-1\" \/>\n<link rel=\"canonical\" href=\"https:\/\/www.icscoolenergy.com\/it\/product\/manipolatore-daria-350\/\" \/>\n<meta property=\"og:locale\" content=\"it_IT\" \/>\n<meta property=\"og:type\" content=\"article\" \/>\n<meta property=\"og:title\" content=\"Unit\u00e0 trattamento d&#039;aria 350\" \/>\n<meta property=\"og:description\" content=\"La nostra unit\u00e0 trattamento d&#8217;aria 350 \u00e8 un&#8217;unit\u00e0 flessibile a singolo ventilatore in grado di offrire un flusso d&#8217;aria di 40.000 m3\/h. L&#8217;unit\u00e0 richiede una fonte d&#8217;acqua per la bobina integrata e dispone di connessioni idriche a sgancio rapido, oltre a una connessione elettrica trifase da 63 ampere. Questa unit\u00e0 di trattamento dell&#8217;aria da 350kW ... Leggi tutto\" \/>\n<meta property=\"og:url\" content=\"https:\/\/www.icscoolenergy.com\/it\/product\/manipolatore-daria-350\/\" \/>\n<meta property=\"og:site_name\" content=\"Italian\" \/>\n<meta property=\"article:modified_time\" content=\"2024-09-04T10:12:11+00:00\" \/>\n<meta property=\"og:image\" content=\"https:\/\/www.icscoolenergy.com\/wp-content\/uploads\/sites\/5\/2024\/04\/AHU-350.png\" \/>\n\t<meta property=\"og:image:width\" content=\"560\" \/>\n\t<meta property=\"og:image:height\" content=\"420\" \/>\n\t<meta property=\"og:image:type\" content=\"image\/png\" \/>\n<meta name=\"twitter:card\" content=\"summary_large_image\" \/>\n<meta name=\"twitter:label1\" content=\"Est. reading time\" \/>\n\t<meta name=\"twitter:data1\" content=\"1 minuto\" \/>\n<script type=\"application\/ld+json\" class=\"yoast-schema-graph\">{\"@context\":\"https:\/\/schema.org\",\"@graph\":[{\"@type\":\"WebPage\",\"@id\":\"https:\/\/www.icscoolenergy.com\/it\/product\/manipolatore-daria-350\/\",\"url\":\"https:\/\/www.icscoolenergy.com\/it\/product\/manipolatore-daria-350\/\",\"name\":\"Unit\u00e0 trattamento d'aria 350 | ICS Cool Energy\",\"isPartOf\":{\"@id\":\"https:\/\/www.icscoolenergy.com\/it\/#website\"},\"primaryImageOfPage\":{\"@id\":\"https:\/\/www.icscoolenergy.com\/it\/product\/manipolatore-daria-350\/#primaryimage\"},\"image\":{\"@id\":\"https:\/\/www.icscoolenergy.com\/it\/product\/manipolatore-daria-350\/#primaryimage\"},\"thumbnailUrl\":\"https:\/\/www.icscoolenergy.com\/wp-content\/uploads\/sites\/5\/2024\/04\/AHU-350.png\",\"datePublished\":\"2024-04-19T08:27:51+00:00\",\"dateModified\":\"2024-09-04T10:12:11+00:00\",\"breadcrumb\":{\"@id\":\"https:\/\/www.icscoolenergy.com\/it\/product\/manipolatore-daria-350\/#breadcrumb\"},\"inLanguage\":\"it-IT\",\"potentialAction\":[{\"@type\":\"ReadAction\",\"target\":[\"https:\/\/www.icscoolenergy.com\/it\/product\/manipolatore-daria-350\/\"]}]},{\"@type\":\"ImageObject\",\"inLanguage\":\"it-IT\",\"@id\":\"https:\/\/www.icscoolenergy.com\/it\/product\/manipolatore-daria-350\/#primaryimage\",\"url\":\"https:\/\/www.icscoolenergy.com\/wp-content\/uploads\/sites\/5\/2024\/04\/AHU-350.png\",\"contentUrl\":\"https:\/\/www.icscoolenergy.com\/wp-content\/uploads\/sites\/5\/2024\/04\/AHU-350.png\",\"width\":560,\"height\":420,\"caption\":\"350 Manipolatore d'aria\"},{\"@type\":\"BreadcrumbList\",\"@id\":\"https:\/\/www.icscoolenergy.com\/it\/product\/manipolatore-daria-350\/#breadcrumb\",\"itemListElement\":[{\"@type\":\"ListItem\",\"position\":1,\"name\":\"Home\",\"item\":\"https:\/\/www.icscoolenergy.com\/it\/\"},{\"@type\":\"ListItem\",\"position\":2,\"name\":\"Negozio\",\"item\":\"https:\/\/www.icscoolenergy.com\/it\/shop\/\"},{\"@type\":\"ListItem\",\"position\":3,\"name\":\"Unit\u00e0 trattamento d&#8217;aria 350\"}]},{\"@type\":\"WebSite\",\"@id\":\"https:\/\/www.icscoolenergy.com\/it\/#website\",\"url\":\"https:\/\/www.icscoolenergy.com\/it\/\",\"name\":\"ICS Cool Energy\",\"description\":\"The Process Temperature Control Specialists\",\"publisher\":{\"@id\":\"https:\/\/www.icscoolenergy.com\/it\/#organization\"},\"alternateName\":\"ICS Cool Energy\",\"potentialAction\":[{\"@type\":\"SearchAction\",\"target\":{\"@type\":\"EntryPoint\",\"urlTemplate\":\"https:\/\/www.icscoolenergy.com\/it\/?s={search_term_string}\"},\"query-input\":{\"@type\":\"PropertyValueSpecification\",\"valueRequired\":true,\"valueName\":\"search_term_string\"}}],\"inLanguage\":\"it-IT\"},{\"@type\":\"Organization\",\"@id\":\"https:\/\/www.icscoolenergy.com\/it\/#organization\",\"name\":\"ICS Cool Energy\",\"url\":\"https:\/\/www.icscoolenergy.com\/it\/\",\"logo\":{\"@type\":\"ImageObject\",\"inLanguage\":\"it-IT\",\"@id\":\"https:\/\/www.icscoolenergy.com\/it\/#\/schema\/logo\/image\/\",\"url\":\"https:\/\/www.icscoolenergy.com\/wp-content\/uploads\/sites\/5\/2024\/01\/ics-cool-energy-logo.svg\",\"contentUrl\":\"https:\/\/www.icscoolenergy.com\/wp-content\/uploads\/sites\/5\/2024\/01\/ics-cool-energy-logo.svg\",\"caption\":\"ICS Cool Energy\"},\"image\":{\"@id\":\"https:\/\/www.icscoolenergy.com\/it\/#\/schema\/logo\/image\/\"}}]}<\/script>\n<!-- \/ Yoast SEO Premium plugin. -->","yoast_head_json":{"title":"Unit\u00e0 trattamento d'aria 350 | ICS Cool Energy","robots":{"index":"index","follow":"follow","max-snippet":"max-snippet:-1","max-image-preview":"max-image-preview:large","max-video-preview":"max-video-preview:-1"},"canonical":"https:\/\/www.icscoolenergy.com\/it\/product\/manipolatore-daria-350\/","og_locale":"it_IT","og_type":"article","og_title":"Unit\u00e0 trattamento d'aria 350","og_description":"La nostra unit\u00e0 trattamento d&#8217;aria 350 \u00e8 un&#8217;unit\u00e0 flessibile a singolo ventilatore in grado di offrire un flusso d&#8217;aria di 40.000 m3\/h. L&#8217;unit\u00e0 richiede una fonte d&#8217;acqua per la bobina integrata e dispone di connessioni idriche a sgancio rapido, oltre a una connessione elettrica trifase da 63 ampere. Questa unit\u00e0 di trattamento dell&#8217;aria da 350kW ... Leggi tutto","og_url":"https:\/\/www.icscoolenergy.com\/it\/product\/manipolatore-daria-350\/","og_site_name":"Italian","article_modified_time":"2024-09-04T10:12:11+00:00","og_image":[{"width":560,"height":420,"url":"https:\/\/www.icscoolenergy.com\/wp-content\/uploads\/sites\/5\/2024\/04\/AHU-350.png","type":"image\/png"}],"twitter_card":"summary_large_image","twitter_misc":{"Est. reading time":"1 minuto"},"schema":{"@context":"https:\/\/schema.org","@graph":[{"@type":"WebPage","@id":"https:\/\/www.icscoolenergy.com\/it\/product\/manipolatore-daria-350\/","url":"https:\/\/www.icscoolenergy.com\/it\/product\/manipolatore-daria-350\/","name":"Unit\u00e0 trattamento d'aria 350 | ICS Cool Energy","isPartOf":{"@id":"https:\/\/www.icscoolenergy.com\/it\/#website"},"primaryImageOfPage":{"@id":"https:\/\/www.icscoolenergy.com\/it\/product\/manipolatore-daria-350\/#primaryimage"},"image":{"@id":"https:\/\/www.icscoolenergy.com\/it\/product\/manipolatore-daria-350\/#primaryimage"},"thumbnailUrl":"https:\/\/www.icscoolenergy.com\/wp-content\/uploads\/sites\/5\/2024\/04\/AHU-350.png","datePublished":"2024-04-19T08:27:51+00:00","dateModified":"2024-09-04T10:12:11+00:00","breadcrumb":{"@id":"https:\/\/www.icscoolenergy.com\/it\/product\/manipolatore-daria-350\/#breadcrumb"},"inLanguage":"it-IT","potentialAction":[{"@type":"ReadAction","target":["https:\/\/www.icscoolenergy.com\/it\/product\/manipolatore-daria-350\/"]}]},{"@type":"ImageObject","inLanguage":"it-IT","@id":"https:\/\/www.icscoolenergy.com\/it\/product\/manipolatore-daria-350\/#primaryimage","url":"https:\/\/www.icscoolenergy.com\/wp-content\/uploads\/sites\/5\/2024\/04\/AHU-350.png","contentUrl":"https:\/\/www.icscoolenergy.com\/wp-content\/uploads\/sites\/5\/2024\/04\/AHU-350.png","width":560,"height":420,"caption":"350 Manipolatore d'aria"},{"@type":"BreadcrumbList","@id":"https:\/\/www.icscoolenergy.com\/it\/product\/manipolatore-daria-350\/#breadcrumb","itemListElement":[{"@type":"ListItem","position":1,"name":"Home","item":"https:\/\/www.icscoolenergy.com\/it\/"},{"@type":"ListItem","position":2,"name":"Negozio","item":"https:\/\/www.icscoolenergy.com\/it\/shop\/"},{"@type":"ListItem","position":3,"name":"Unit\u00e0 trattamento d&#8217;aria 350"}]},{"@type":"WebSite","@id":"https:\/\/www.icscoolenergy.com\/it\/#website","url":"https:\/\/www.icscoolenergy.com\/it\/","name":"ICS Cool Energy","description":"The Process Temperature Control Specialists","publisher":{"@id":"https:\/\/www.icscoolenergy.com\/it\/#organization"},"alternateName":"ICS Cool Energy","potentialAction":[{"@type":"SearchAction","target":{"@type":"EntryPoint","urlTemplate":"https:\/\/www.icscoolenergy.com\/it\/?s={search_term_string}"},"query-input":{"@type":"PropertyValueSpecification","valueRequired":true,"valueName":"search_term_string"}}],"inLanguage":"it-IT"},{"@type":"Organization","@id":"https:\/\/www.icscoolenergy.com\/it\/#organization","name":"ICS Cool Energy","url":"https:\/\/www.icscoolenergy.com\/it\/","logo":{"@type":"ImageObject","inLanguage":"it-IT","@id":"https:\/\/www.icscoolenergy.com\/it\/#\/schema\/logo\/image\/","url":"https:\/\/www.icscoolenergy.com\/wp-content\/uploads\/sites\/5\/2024\/01\/ics-cool-energy-logo.svg","contentUrl":"https:\/\/www.icscoolenergy.com\/wp-content\/uploads\/sites\/5\/2024\/01\/ics-cool-energy-logo.svg","caption":"ICS Cool Energy"},"image":{"@id":"https:\/\/www.icscoolenergy.com\/it\/#\/schema\/logo\/image\/"}}]}},"_links":{"self":[{"href":"https:\/\/www.icscoolenergy.com\/it\/wp-json\/wp\/v2\/product\/84947","targetHints":{"allow":["GET"]}}],"collection":[{"href":"https:\/\/www.icscoolenergy.com\/it\/wp-json\/wp\/v2\/product"}],"about":[{"href":"https:\/\/www.icscoolenergy.com\/it\/wp-json\/wp\/v2\/types\/product"}],"replies":[{"embeddable":true,"href":"https:\/\/www.icscoolenergy.com\/it\/wp-json\/wp\/v2\/comments?post=84947"}],"wp:featuredmedia":[{"embeddable":true,"href":"https:\/\/www.icscoolenergy.com\/it\/wp-json\/wp\/v2\/media\/80621"}],"wp:attachment":[{"href":"https:\/\/www.icscoolenergy.com\/it\/wp-json\/wp\/v2\/media?parent=84947"}],"wp:term":[{"taxonomy":"product_brand","embeddable":true,"href":"https:\/\/www.icscoolenergy.com\/it\/wp-json\/wp\/v2\/product_brand?post=84947"},{"taxonomy":"product_cat","embeddable":true,"href":"https:\/\/www.icscoolenergy.com\/it\/wp-json\/wp\/v2\/product_cat?post=84947"},{"taxonomy":"product_tag","embeddable":true,"href":"https:\/\/www.icscoolenergy.com\/it\/wp-json\/wp\/v2\/product_tag?post=84947"}],"curies":[{"name":"wp","href":"https:\/\/api.w.org\/{rel}","templated":true}]}}