 
{"id":84956,"date":"2024-04-18T10:44:51","date_gmt":"2024-04-18T10:44:51","guid":{"rendered":"https:\/\/www.icscoolenergy.com\/it\/senza-categoria\/processo-i-chiller-max-n\/"},"modified":"2025-09-22T15:58:51","modified_gmt":"2025-09-22T15:58:51","slug":"processo-i-chiller-max-n","status":"publish","type":"product","link":"https:\/\/www.icscoolenergy.com\/it\/product\/processo-i-chiller-max-n\/","title":{"rendered":"i-Chiller Process Max n"},"content":{"rendered":"<p>I refrigeratori di liquido di processo raffreddati ad aria i-Chiller Process Max n sono stati progettati appositamente per garantire un&#8217;affidabilit\u00e0 assoluta nelle applicazioni industriali pi\u00f9 esigenti.<\/p>\n<p>Grazie a una configurazione completamente confezionata, questo refrigeratore \u00e8 dotato di un serbatoio di stoccaggio interno e di una pompa di serie, offrendo una soluzione plug &amp; play apprezzata in tutto il mondo. L&#8217;i-Chiller Process Max-n \u00e8 estremamente versatile e la sua affidabilit\u00e0, unita ai limiti operativi estesi per l&#8217;avvio e il funzionamento nelle peggiori condizioni, lo rende adatto a qualsiasi tipo di processo.<\/p>\n","protected":false},"excerpt":{"rendered":"<p>I refrigeratori di liquido di processo raffreddati ad aria i-Chiller Process Max n sono stati progettati appositamente per garantire un&#8217;affidabilit\u00e0 assoluta nelle applicazioni industriali pi\u00f9 esigenti. Grazie a una configurazione completamente confezionata, questo refrigeratore \u00e8 dotato di un serbatoio di stoccaggio interno e di una pompa di serie, offrendo una soluzione plug &amp; play apprezzata &#8230; <a title=\"i-Chiller Process Max n\" class=\"read-more\" href=\"https:\/\/www.icscoolenergy.com\/it\/product\/processo-i-chiller-max-n\/\" aria-label=\"More on i-Chiller Process Max n\">Leggi tutto<\/a><\/p>\n","protected":false},"featured_media":82693,"comment_status":"closed","ping_status":"closed","template":"","meta":{"_acf_changed":false,"inline_featured_image":false,"_editorskit_title_hidden":false,"_editorskit_reading_time":0,"_editorskit_is_block_options_detached":false,"_editorskit_block_options_position":"{}","editor_plus_copied_stylings":"{}"},"product_brand":[],"product_cat":[1053],"product_tag":[],"class_list":{"0":"post-84956","1":"product","2":"type-product","3":"status-publish","4":"has-post-thumbnail","6":"product_cat-vendite-di-refrigeratori","8":"first","9":"instock","10":"shipping-taxable","11":"product-type-simple"},"acf":[],"yoast_head":"<!-- This site is optimized with the Yoast SEO Premium plugin v24.5 (Yoast SEO v26.9) - https:\/\/yoast.com\/product\/yoast-seo-premium-wordpress\/ -->\n<title>i-Chiller Process Max n | ICS Cool Energy<\/title>\n<meta name=\"description\" content=\"I refrigeratori di liquido di processo i-Chiller Process Max n sono progettati per garantire un\u2019affidabilit\u00e0 nelle applicazioni industriali pi\u00f9 esigenti.\" \/>\n<meta name=\"robots\" content=\"index, follow, max-snippet:-1, max-image-preview:large, max-video-preview:-1\" \/>\n<link rel=\"canonical\" href=\"https:\/\/www.icscoolenergy.com\/it\/product\/processo-i-chiller-max-n\/\" \/>\n<meta property=\"og:locale\" content=\"it_IT\" \/>\n<meta property=\"og:type\" content=\"article\" \/>\n<meta property=\"og:title\" content=\"i-Chiller Process Max n\" \/>\n<meta property=\"og:description\" content=\"I refrigeratori di liquido di processo i-Chiller Process Max n sono progettati per garantire un\u2019affidabilit\u00e0 nelle applicazioni industriali pi\u00f9 esigenti.\" \/>\n<meta property=\"og:url\" content=\"https:\/\/www.icscoolenergy.com\/it\/product\/processo-i-chiller-max-n\/\" \/>\n<meta property=\"og:site_name\" content=\"Italian\" \/>\n<meta property=\"article:modified_time\" content=\"2025-09-22T15:58:51+00:00\" \/>\n<meta property=\"og:image\" content=\"https:\/\/www.icscoolenergy.com\/wp-content\/uploads\/sites\/5\/2024\/04\/chiller-process-max-n.png\" \/>\n\t<meta property=\"og:image:width\" content=\"560\" \/>\n\t<meta property=\"og:image:height\" content=\"420\" \/>\n\t<meta property=\"og:image:type\" content=\"image\/png\" \/>\n<meta name=\"twitter:card\" content=\"summary_large_image\" \/>\n<meta name=\"twitter:label1\" content=\"Est. reading time\" \/>\n\t<meta name=\"twitter:data1\" content=\"1 minuto\" \/>\n<script type=\"application\/ld+json\" class=\"yoast-schema-graph\">{\"@context\":\"https:\/\/schema.org\",\"@graph\":[{\"@type\":\"WebPage\",\"@id\":\"https:\/\/www.icscoolenergy.com\/it\/product\/processo-i-chiller-max-n\/\",\"url\":\"https:\/\/www.icscoolenergy.com\/it\/product\/processo-i-chiller-max-n\/\",\"name\":\"i-Chiller Process Max n | ICS Cool Energy\",\"isPartOf\":{\"@id\":\"https:\/\/www.icscoolenergy.com\/it\/#website\"},\"primaryImageOfPage\":{\"@id\":\"https:\/\/www.icscoolenergy.com\/it\/product\/processo-i-chiller-max-n\/#primaryimage\"},\"image\":{\"@id\":\"https:\/\/www.icscoolenergy.com\/it\/product\/processo-i-chiller-max-n\/#primaryimage\"},\"thumbnailUrl\":\"https:\/\/www.icscoolenergy.com\/wp-content\/uploads\/sites\/5\/2024\/04\/chiller-process-max-n.png\",\"datePublished\":\"2024-04-18T10:44:51+00:00\",\"dateModified\":\"2025-09-22T15:58:51+00:00\",\"description\":\"I refrigeratori di liquido di processo i-Chiller Process Max n sono progettati per garantire un\u2019affidabilit\u00e0 nelle applicazioni industriali pi\u00f9 esigenti.\",\"breadcrumb\":{\"@id\":\"https:\/\/www.icscoolenergy.com\/it\/product\/processo-i-chiller-max-n\/#breadcrumb\"},\"inLanguage\":\"it-IT\",\"potentialAction\":[{\"@type\":\"ReadAction\",\"target\":[\"https:\/\/www.icscoolenergy.com\/it\/product\/processo-i-chiller-max-n\/\"]}]},{\"@type\":\"ImageObject\",\"inLanguage\":\"it-IT\",\"@id\":\"https:\/\/www.icscoolenergy.com\/it\/product\/processo-i-chiller-max-n\/#primaryimage\",\"url\":\"https:\/\/www.icscoolenergy.com\/wp-content\/uploads\/sites\/5\/2024\/04\/chiller-process-max-n.png\",\"contentUrl\":\"https:\/\/www.icscoolenergy.com\/wp-content\/uploads\/sites\/5\/2024\/04\/chiller-process-max-n.png\",\"width\":560,\"height\":420,\"caption\":\"Processo i-chiller max n\"},{\"@type\":\"BreadcrumbList\",\"@id\":\"https:\/\/www.icscoolenergy.com\/it\/product\/processo-i-chiller-max-n\/#breadcrumb\",\"itemListElement\":[{\"@type\":\"ListItem\",\"position\":1,\"name\":\"Home\",\"item\":\"https:\/\/www.icscoolenergy.com\/it\/\"},{\"@type\":\"ListItem\",\"position\":2,\"name\":\"Negozio\",\"item\":\"https:\/\/www.icscoolenergy.com\/it\/shop\/\"},{\"@type\":\"ListItem\",\"position\":3,\"name\":\"i-Chiller Process Max n\"}]},{\"@type\":\"WebSite\",\"@id\":\"https:\/\/www.icscoolenergy.com\/it\/#website\",\"url\":\"https:\/\/www.icscoolenergy.com\/it\/\",\"name\":\"ICS Cool Energy\",\"description\":\"The Process Temperature Control Specialists\",\"publisher\":{\"@id\":\"https:\/\/www.icscoolenergy.com\/it\/#organization\"},\"alternateName\":\"ICS Cool Energy\",\"potentialAction\":[{\"@type\":\"SearchAction\",\"target\":{\"@type\":\"EntryPoint\",\"urlTemplate\":\"https:\/\/www.icscoolenergy.com\/it\/?s={search_term_string}\"},\"query-input\":{\"@type\":\"PropertyValueSpecification\",\"valueRequired\":true,\"valueName\":\"search_term_string\"}}],\"inLanguage\":\"it-IT\"},{\"@type\":\"Organization\",\"@id\":\"https:\/\/www.icscoolenergy.com\/it\/#organization\",\"name\":\"ICS Cool Energy\",\"url\":\"https:\/\/www.icscoolenergy.com\/it\/\",\"logo\":{\"@type\":\"ImageObject\",\"inLanguage\":\"it-IT\",\"@id\":\"https:\/\/www.icscoolenergy.com\/it\/#\/schema\/logo\/image\/\",\"url\":\"https:\/\/www.icscoolenergy.com\/wp-content\/uploads\/sites\/5\/2024\/01\/ics-cool-energy-logo.svg\",\"contentUrl\":\"https:\/\/www.icscoolenergy.com\/wp-content\/uploads\/sites\/5\/2024\/01\/ics-cool-energy-logo.svg\",\"caption\":\"ICS Cool Energy\"},\"image\":{\"@id\":\"https:\/\/www.icscoolenergy.com\/it\/#\/schema\/logo\/image\/\"}}]}<\/script>\n<!-- \/ Yoast SEO Premium plugin. -->","yoast_head_json":{"title":"i-Chiller Process Max n | ICS Cool Energy","description":"I refrigeratori di liquido di processo i-Chiller Process Max n sono progettati per garantire un\u2019affidabilit\u00e0 nelle applicazioni industriali pi\u00f9 esigenti.","robots":{"index":"index","follow":"follow","max-snippet":"max-snippet:-1","max-image-preview":"max-image-preview:large","max-video-preview":"max-video-preview:-1"},"canonical":"https:\/\/www.icscoolenergy.com\/it\/product\/processo-i-chiller-max-n\/","og_locale":"it_IT","og_type":"article","og_title":"i-Chiller Process Max n","og_description":"I refrigeratori di liquido di processo i-Chiller Process Max n sono progettati per garantire un\u2019affidabilit\u00e0 nelle applicazioni industriali pi\u00f9 esigenti.","og_url":"https:\/\/www.icscoolenergy.com\/it\/product\/processo-i-chiller-max-n\/","og_site_name":"Italian","article_modified_time":"2025-09-22T15:58:51+00:00","og_image":[{"width":560,"height":420,"url":"https:\/\/www.icscoolenergy.com\/wp-content\/uploads\/sites\/5\/2024\/04\/chiller-process-max-n.png","type":"image\/png"}],"twitter_card":"summary_large_image","twitter_misc":{"Est. reading time":"1 minuto"},"schema":{"@context":"https:\/\/schema.org","@graph":[{"@type":"WebPage","@id":"https:\/\/www.icscoolenergy.com\/it\/product\/processo-i-chiller-max-n\/","url":"https:\/\/www.icscoolenergy.com\/it\/product\/processo-i-chiller-max-n\/","name":"i-Chiller Process Max n | ICS Cool Energy","isPartOf":{"@id":"https:\/\/www.icscoolenergy.com\/it\/#website"},"primaryImageOfPage":{"@id":"https:\/\/www.icscoolenergy.com\/it\/product\/processo-i-chiller-max-n\/#primaryimage"},"image":{"@id":"https:\/\/www.icscoolenergy.com\/it\/product\/processo-i-chiller-max-n\/#primaryimage"},"thumbnailUrl":"https:\/\/www.icscoolenergy.com\/wp-content\/uploads\/sites\/5\/2024\/04\/chiller-process-max-n.png","datePublished":"2024-04-18T10:44:51+00:00","dateModified":"2025-09-22T15:58:51+00:00","description":"I refrigeratori di liquido di processo i-Chiller Process Max n sono progettati per garantire un\u2019affidabilit\u00e0 nelle applicazioni industriali pi\u00f9 esigenti.","breadcrumb":{"@id":"https:\/\/www.icscoolenergy.com\/it\/product\/processo-i-chiller-max-n\/#breadcrumb"},"inLanguage":"it-IT","potentialAction":[{"@type":"ReadAction","target":["https:\/\/www.icscoolenergy.com\/it\/product\/processo-i-chiller-max-n\/"]}]},{"@type":"ImageObject","inLanguage":"it-IT","@id":"https:\/\/www.icscoolenergy.com\/it\/product\/processo-i-chiller-max-n\/#primaryimage","url":"https:\/\/www.icscoolenergy.com\/wp-content\/uploads\/sites\/5\/2024\/04\/chiller-process-max-n.png","contentUrl":"https:\/\/www.icscoolenergy.com\/wp-content\/uploads\/sites\/5\/2024\/04\/chiller-process-max-n.png","width":560,"height":420,"caption":"Processo i-chiller max n"},{"@type":"BreadcrumbList","@id":"https:\/\/www.icscoolenergy.com\/it\/product\/processo-i-chiller-max-n\/#breadcrumb","itemListElement":[{"@type":"ListItem","position":1,"name":"Home","item":"https:\/\/www.icscoolenergy.com\/it\/"},{"@type":"ListItem","position":2,"name":"Negozio","item":"https:\/\/www.icscoolenergy.com\/it\/shop\/"},{"@type":"ListItem","position":3,"name":"i-Chiller Process Max n"}]},{"@type":"WebSite","@id":"https:\/\/www.icscoolenergy.com\/it\/#website","url":"https:\/\/www.icscoolenergy.com\/it\/","name":"ICS Cool Energy","description":"The Process Temperature Control Specialists","publisher":{"@id":"https:\/\/www.icscoolenergy.com\/it\/#organization"},"alternateName":"ICS Cool Energy","potentialAction":[{"@type":"SearchAction","target":{"@type":"EntryPoint","urlTemplate":"https:\/\/www.icscoolenergy.com\/it\/?s={search_term_string}"},"query-input":{"@type":"PropertyValueSpecification","valueRequired":true,"valueName":"search_term_string"}}],"inLanguage":"it-IT"},{"@type":"Organization","@id":"https:\/\/www.icscoolenergy.com\/it\/#organization","name":"ICS Cool Energy","url":"https:\/\/www.icscoolenergy.com\/it\/","logo":{"@type":"ImageObject","inLanguage":"it-IT","@id":"https:\/\/www.icscoolenergy.com\/it\/#\/schema\/logo\/image\/","url":"https:\/\/www.icscoolenergy.com\/wp-content\/uploads\/sites\/5\/2024\/01\/ics-cool-energy-logo.svg","contentUrl":"https:\/\/www.icscoolenergy.com\/wp-content\/uploads\/sites\/5\/2024\/01\/ics-cool-energy-logo.svg","caption":"ICS Cool Energy"},"image":{"@id":"https:\/\/www.icscoolenergy.com\/it\/#\/schema\/logo\/image\/"}}]}},"_links":{"self":[{"href":"https:\/\/www.icscoolenergy.com\/it\/wp-json\/wp\/v2\/product\/84956","targetHints":{"allow":["GET"]}}],"collection":[{"href":"https:\/\/www.icscoolenergy.com\/it\/wp-json\/wp\/v2\/product"}],"about":[{"href":"https:\/\/www.icscoolenergy.com\/it\/wp-json\/wp\/v2\/types\/product"}],"replies":[{"embeddable":true,"href":"https:\/\/www.icscoolenergy.com\/it\/wp-json\/wp\/v2\/comments?post=84956"}],"wp:featuredmedia":[{"embeddable":true,"href":"https:\/\/www.icscoolenergy.com\/it\/wp-json\/wp\/v2\/media\/82693"}],"wp:attachment":[{"href":"https:\/\/www.icscoolenergy.com\/it\/wp-json\/wp\/v2\/media?parent=84956"}],"wp:term":[{"taxonomy":"product_brand","embeddable":true,"href":"https:\/\/www.icscoolenergy.com\/it\/wp-json\/wp\/v2\/product_brand?post=84956"},{"taxonomy":"product_cat","embeddable":true,"href":"https:\/\/www.icscoolenergy.com\/it\/wp-json\/wp\/v2\/product_cat?post=84956"},{"taxonomy":"product_tag","embeddable":true,"href":"https:\/\/www.icscoolenergy.com\/it\/wp-json\/wp\/v2\/product_tag?post=84956"}],"curies":[{"name":"wp","href":"https:\/\/api.w.org\/{rel}","templated":true}]}}