 
{"id":88860,"date":"2024-11-21T11:50:10","date_gmt":"2024-11-21T11:50:10","guid":{"rendered":"https:\/\/www.icscoolenergy.com\/it\/?post_type=product&#038;p=88860"},"modified":"2025-09-23T08:18:55","modified_gmt":"2025-09-23T08:18:55","slug":"pompa-i-heat-55","status":"publish","type":"product","link":"https:\/\/www.icscoolenergy.com\/it\/product\/pompa-i-heat-55\/","title":{"rendered":"Pompa i-Heat 55"},"content":{"rendered":"<p>La nostra gamma di refrigeratori in pompa di calore \u00e8 in grado di erogare riscaldamento o raffredamento da una singola unit\u00e0. La pompa di calore HEA 155 \u00e8 in grado di funzionare in un ampio range di temperature da -10\u00b0C a + 55. L&#8217;unit\u00e0 \u00e8 provvista di pompa ad alta prevalenza e di collegamenti rapidi all&#8217;impianto per una veloce messa in esercizio. grazie all&#8217;ingombro ridotto ed al funzionamento silenzioso, la nostra pompa di calore 55 \u00e8 una soluzione compatta di veloce applicazione.<\/p>\n","protected":false},"excerpt":{"rendered":"<p>La nostra gamma di refrigeratori in pompa di calore \u00e8 in grado di erogare riscaldamento o raffredamento da una singola unit\u00e0. La pompa di calore HEA 155 \u00e8 in grado di funzionare in un ampio range di temperature da -10\u00b0C a + 55. L&#8217;unit\u00e0 \u00e8 provvista di pompa ad alta prevalenza e di collegamenti rapidi &#8230; <a title=\"Pompa i-Heat 55\" class=\"read-more\" href=\"https:\/\/www.icscoolenergy.com\/it\/product\/pompa-i-heat-55\/\" aria-label=\"More on Pompa i-Heat 55\">Leggi tutto<\/a><\/p>\n","protected":false},"featured_media":88861,"comment_status":"closed","ping_status":"closed","template":"","meta":{"_acf_changed":false,"inline_featured_image":false,"_editorskit_title_hidden":false,"_editorskit_reading_time":0,"_editorskit_is_block_options_detached":false,"_editorskit_block_options_position":"{}","editor_plus_copied_stylings":"{}"},"product_brand":[],"product_cat":[1048,1051],"product_tag":[],"class_list":{"0":"post-88860","1":"product","2":"type-product","3":"status-publish","4":"has-post-thumbnail","6":"product_cat-pompa-di-calore","7":"product_cat-refrigeratori-a-pompa-di-calore","9":"first","10":"instock","11":"shipping-taxable","12":"product-type-simple"},"acf":[],"yoast_head":"<!-- This site is optimized with the Yoast SEO Premium plugin v24.5 (Yoast SEO v26.9) - https:\/\/yoast.com\/product\/yoast-seo-premium-wordpress\/ -->\n<title>Noleggio Pompa di Calore 62,5 KW | ICS Cool Energy<\/title>\n<meta name=\"description\" content=\"Noleggio pompa di calore 62,5 KW. La pompa di calore HEA 155 \u00e8 in grado di funzionare in un ampio range di temperature da -10\u00b0C a + 55.\" \/>\n<meta name=\"robots\" content=\"index, follow, max-snippet:-1, max-image-preview:large, max-video-preview:-1\" \/>\n<link rel=\"canonical\" href=\"https:\/\/www.icscoolenergy.com\/it\/product\/pompa-i-heat-55\/\" \/>\n<meta property=\"og:locale\" content=\"it_IT\" \/>\n<meta property=\"og:type\" content=\"article\" \/>\n<meta property=\"og:title\" content=\"Pompa i-Heat 55\" \/>\n<meta property=\"og:description\" content=\"Noleggio pompa di calore 62,5 KW. La pompa di calore HEA 155 \u00e8 in grado di funzionare in un ampio range di temperature da -10\u00b0C a + 55.\" \/>\n<meta property=\"og:url\" content=\"https:\/\/www.icscoolenergy.com\/it\/product\/pompa-i-heat-55\/\" \/>\n<meta property=\"og:site_name\" content=\"Italian\" \/>\n<meta property=\"article:modified_time\" content=\"2025-09-23T08:18:55+00:00\" \/>\n<meta property=\"og:image\" content=\"https:\/\/www.icscoolenergy.com\/wp-content\/uploads\/sites\/5\/2024\/11\/pompa-i-heat55.png\" \/>\n\t<meta property=\"og:image:width\" content=\"560\" \/>\n\t<meta property=\"og:image:height\" content=\"420\" \/>\n\t<meta property=\"og:image:type\" content=\"image\/png\" \/>\n<meta name=\"twitter:card\" content=\"summary_large_image\" \/>\n<meta name=\"twitter:label1\" content=\"Est. reading time\" \/>\n\t<meta name=\"twitter:data1\" content=\"1 minuto\" \/>\n<script type=\"application\/ld+json\" class=\"yoast-schema-graph\">{\"@context\":\"https:\/\/schema.org\",\"@graph\":[{\"@type\":\"WebPage\",\"@id\":\"https:\/\/www.icscoolenergy.com\/it\/product\/pompa-i-heat-55\/\",\"url\":\"https:\/\/www.icscoolenergy.com\/it\/product\/pompa-i-heat-55\/\",\"name\":\"Noleggio Pompa di Calore 62,5 KW | ICS Cool Energy\",\"isPartOf\":{\"@id\":\"https:\/\/www.icscoolenergy.com\/it\/#website\"},\"primaryImageOfPage\":{\"@id\":\"https:\/\/www.icscoolenergy.com\/it\/product\/pompa-i-heat-55\/#primaryimage\"},\"image\":{\"@id\":\"https:\/\/www.icscoolenergy.com\/it\/product\/pompa-i-heat-55\/#primaryimage\"},\"thumbnailUrl\":\"https:\/\/www.icscoolenergy.com\/wp-content\/uploads\/sites\/5\/2024\/11\/pompa-i-heat55.png\",\"datePublished\":\"2024-11-21T11:50:10+00:00\",\"dateModified\":\"2025-09-23T08:18:55+00:00\",\"description\":\"Noleggio pompa di calore 62,5 KW. La pompa di calore HEA 155 \u00e8 in grado di funzionare in un ampio range di temperature da -10\u00b0C a + 55.\",\"breadcrumb\":{\"@id\":\"https:\/\/www.icscoolenergy.com\/it\/product\/pompa-i-heat-55\/#breadcrumb\"},\"inLanguage\":\"it-IT\",\"potentialAction\":[{\"@type\":\"ReadAction\",\"target\":[\"https:\/\/www.icscoolenergy.com\/it\/product\/pompa-i-heat-55\/\"]}]},{\"@type\":\"ImageObject\",\"inLanguage\":\"it-IT\",\"@id\":\"https:\/\/www.icscoolenergy.com\/it\/product\/pompa-i-heat-55\/#primaryimage\",\"url\":\"https:\/\/www.icscoolenergy.com\/wp-content\/uploads\/sites\/5\/2024\/11\/pompa-i-heat55.png\",\"contentUrl\":\"https:\/\/www.icscoolenergy.com\/wp-content\/uploads\/sites\/5\/2024\/11\/pompa-i-heat55.png\",\"width\":560,\"height\":420},{\"@type\":\"BreadcrumbList\",\"@id\":\"https:\/\/www.icscoolenergy.com\/it\/product\/pompa-i-heat-55\/#breadcrumb\",\"itemListElement\":[{\"@type\":\"ListItem\",\"position\":1,\"name\":\"Home\",\"item\":\"https:\/\/www.icscoolenergy.com\/it\/\"},{\"@type\":\"ListItem\",\"position\":2,\"name\":\"Negozio\",\"item\":\"https:\/\/www.icscoolenergy.com\/it\/shop\/\"},{\"@type\":\"ListItem\",\"position\":3,\"name\":\"Pompa i-Heat 55\"}]},{\"@type\":\"WebSite\",\"@id\":\"https:\/\/www.icscoolenergy.com\/it\/#website\",\"url\":\"https:\/\/www.icscoolenergy.com\/it\/\",\"name\":\"ICS Cool Energy\",\"description\":\"The Process Temperature Control Specialists\",\"publisher\":{\"@id\":\"https:\/\/www.icscoolenergy.com\/it\/#organization\"},\"alternateName\":\"ICS Cool Energy\",\"potentialAction\":[{\"@type\":\"SearchAction\",\"target\":{\"@type\":\"EntryPoint\",\"urlTemplate\":\"https:\/\/www.icscoolenergy.com\/it\/?s={search_term_string}\"},\"query-input\":{\"@type\":\"PropertyValueSpecification\",\"valueRequired\":true,\"valueName\":\"search_term_string\"}}],\"inLanguage\":\"it-IT\"},{\"@type\":\"Organization\",\"@id\":\"https:\/\/www.icscoolenergy.com\/it\/#organization\",\"name\":\"ICS Cool Energy\",\"url\":\"https:\/\/www.icscoolenergy.com\/it\/\",\"logo\":{\"@type\":\"ImageObject\",\"inLanguage\":\"it-IT\",\"@id\":\"https:\/\/www.icscoolenergy.com\/it\/#\/schema\/logo\/image\/\",\"url\":\"https:\/\/www.icscoolenergy.com\/wp-content\/uploads\/sites\/5\/2024\/01\/ics-cool-energy-logo.svg\",\"contentUrl\":\"https:\/\/www.icscoolenergy.com\/wp-content\/uploads\/sites\/5\/2024\/01\/ics-cool-energy-logo.svg\",\"caption\":\"ICS Cool Energy\"},\"image\":{\"@id\":\"https:\/\/www.icscoolenergy.com\/it\/#\/schema\/logo\/image\/\"}}]}<\/script>\n<!-- \/ Yoast SEO Premium plugin. -->","yoast_head_json":{"title":"Noleggio Pompa di Calore 62,5 KW | ICS Cool Energy","description":"Noleggio pompa di calore 62,5 KW. La pompa di calore HEA 155 \u00e8 in grado di funzionare in un ampio range di temperature da -10\u00b0C a + 55.","robots":{"index":"index","follow":"follow","max-snippet":"max-snippet:-1","max-image-preview":"max-image-preview:large","max-video-preview":"max-video-preview:-1"},"canonical":"https:\/\/www.icscoolenergy.com\/it\/product\/pompa-i-heat-55\/","og_locale":"it_IT","og_type":"article","og_title":"Pompa i-Heat 55","og_description":"Noleggio pompa di calore 62,5 KW. La pompa di calore HEA 155 \u00e8 in grado di funzionare in un ampio range di temperature da -10\u00b0C a + 55.","og_url":"https:\/\/www.icscoolenergy.com\/it\/product\/pompa-i-heat-55\/","og_site_name":"Italian","article_modified_time":"2025-09-23T08:18:55+00:00","og_image":[{"width":560,"height":420,"url":"https:\/\/www.icscoolenergy.com\/wp-content\/uploads\/sites\/5\/2024\/11\/pompa-i-heat55.png","type":"image\/png"}],"twitter_card":"summary_large_image","twitter_misc":{"Est. reading time":"1 minuto"},"schema":{"@context":"https:\/\/schema.org","@graph":[{"@type":"WebPage","@id":"https:\/\/www.icscoolenergy.com\/it\/product\/pompa-i-heat-55\/","url":"https:\/\/www.icscoolenergy.com\/it\/product\/pompa-i-heat-55\/","name":"Noleggio Pompa di Calore 62,5 KW | ICS Cool Energy","isPartOf":{"@id":"https:\/\/www.icscoolenergy.com\/it\/#website"},"primaryImageOfPage":{"@id":"https:\/\/www.icscoolenergy.com\/it\/product\/pompa-i-heat-55\/#primaryimage"},"image":{"@id":"https:\/\/www.icscoolenergy.com\/it\/product\/pompa-i-heat-55\/#primaryimage"},"thumbnailUrl":"https:\/\/www.icscoolenergy.com\/wp-content\/uploads\/sites\/5\/2024\/11\/pompa-i-heat55.png","datePublished":"2024-11-21T11:50:10+00:00","dateModified":"2025-09-23T08:18:55+00:00","description":"Noleggio pompa di calore 62,5 KW. La pompa di calore HEA 155 \u00e8 in grado di funzionare in un ampio range di temperature da -10\u00b0C a + 55.","breadcrumb":{"@id":"https:\/\/www.icscoolenergy.com\/it\/product\/pompa-i-heat-55\/#breadcrumb"},"inLanguage":"it-IT","potentialAction":[{"@type":"ReadAction","target":["https:\/\/www.icscoolenergy.com\/it\/product\/pompa-i-heat-55\/"]}]},{"@type":"ImageObject","inLanguage":"it-IT","@id":"https:\/\/www.icscoolenergy.com\/it\/product\/pompa-i-heat-55\/#primaryimage","url":"https:\/\/www.icscoolenergy.com\/wp-content\/uploads\/sites\/5\/2024\/11\/pompa-i-heat55.png","contentUrl":"https:\/\/www.icscoolenergy.com\/wp-content\/uploads\/sites\/5\/2024\/11\/pompa-i-heat55.png","width":560,"height":420},{"@type":"BreadcrumbList","@id":"https:\/\/www.icscoolenergy.com\/it\/product\/pompa-i-heat-55\/#breadcrumb","itemListElement":[{"@type":"ListItem","position":1,"name":"Home","item":"https:\/\/www.icscoolenergy.com\/it\/"},{"@type":"ListItem","position":2,"name":"Negozio","item":"https:\/\/www.icscoolenergy.com\/it\/shop\/"},{"@type":"ListItem","position":3,"name":"Pompa i-Heat 55"}]},{"@type":"WebSite","@id":"https:\/\/www.icscoolenergy.com\/it\/#website","url":"https:\/\/www.icscoolenergy.com\/it\/","name":"ICS Cool Energy","description":"The Process Temperature Control Specialists","publisher":{"@id":"https:\/\/www.icscoolenergy.com\/it\/#organization"},"alternateName":"ICS Cool Energy","potentialAction":[{"@type":"SearchAction","target":{"@type":"EntryPoint","urlTemplate":"https:\/\/www.icscoolenergy.com\/it\/?s={search_term_string}"},"query-input":{"@type":"PropertyValueSpecification","valueRequired":true,"valueName":"search_term_string"}}],"inLanguage":"it-IT"},{"@type":"Organization","@id":"https:\/\/www.icscoolenergy.com\/it\/#organization","name":"ICS Cool Energy","url":"https:\/\/www.icscoolenergy.com\/it\/","logo":{"@type":"ImageObject","inLanguage":"it-IT","@id":"https:\/\/www.icscoolenergy.com\/it\/#\/schema\/logo\/image\/","url":"https:\/\/www.icscoolenergy.com\/wp-content\/uploads\/sites\/5\/2024\/01\/ics-cool-energy-logo.svg","contentUrl":"https:\/\/www.icscoolenergy.com\/wp-content\/uploads\/sites\/5\/2024\/01\/ics-cool-energy-logo.svg","caption":"ICS Cool Energy"},"image":{"@id":"https:\/\/www.icscoolenergy.com\/it\/#\/schema\/logo\/image\/"}}]}},"_links":{"self":[{"href":"https:\/\/www.icscoolenergy.com\/it\/wp-json\/wp\/v2\/product\/88860","targetHints":{"allow":["GET"]}}],"collection":[{"href":"https:\/\/www.icscoolenergy.com\/it\/wp-json\/wp\/v2\/product"}],"about":[{"href":"https:\/\/www.icscoolenergy.com\/it\/wp-json\/wp\/v2\/types\/product"}],"replies":[{"embeddable":true,"href":"https:\/\/www.icscoolenergy.com\/it\/wp-json\/wp\/v2\/comments?post=88860"}],"wp:featuredmedia":[{"embeddable":true,"href":"https:\/\/www.icscoolenergy.com\/it\/wp-json\/wp\/v2\/media\/88861"}],"wp:attachment":[{"href":"https:\/\/www.icscoolenergy.com\/it\/wp-json\/wp\/v2\/media?parent=88860"}],"wp:term":[{"taxonomy":"product_brand","embeddable":true,"href":"https:\/\/www.icscoolenergy.com\/it\/wp-json\/wp\/v2\/product_brand?post=88860"},{"taxonomy":"product_cat","embeddable":true,"href":"https:\/\/www.icscoolenergy.com\/it\/wp-json\/wp\/v2\/product_cat?post=88860"},{"taxonomy":"product_tag","embeddable":true,"href":"https:\/\/www.icscoolenergy.com\/it\/wp-json\/wp\/v2\/product_tag?post=88860"}],"curies":[{"name":"wp","href":"https:\/\/api.w.org\/{rel}","templated":true}]}}