 
{"id":95257,"date":"2024-04-10T15:20:21","date_gmt":"2024-04-10T15:20:21","guid":{"rendered":"https:\/\/www.icscoolenergy.com\/nl\/verkoop\/"},"modified":"2024-05-12T16:12:20","modified_gmt":"2024-05-12T16:12:20","slug":"verkoop","status":"publish","type":"page","link":"https:\/\/www.icscoolenergy.com\/nl\/verkoop\/","title":{"rendered":"Verkoop"},"content":{"rendered":"\n<div class=\"mb-8 eplus-wrapper wp-block-group is-layout-flow wp-block-group-is-layout-flow\">\n<div class=\"md:relative eplus-wrapper wp-block-group is-layout-flow wp-block-group-is-layout-flow\">\n<div class=\"eplus-wrapper wp-block-cover is-light\" style=\"min-height:451px;aspect-ratio:unset;\"><span aria-hidden=\"true\" class=\"wp-block-cover__background has-background-dim-0 has-background-dim\"><\/span><img loading=\"lazy\" decoding=\"async\" width=\"2000\" height=\"530\" class=\"wp-block-cover__image-background wp-image-80762\" alt=\"\" src=\"https:\/\/www.icscoolenergy.com\/nl\/wp-content\/uploads\/sites\/3\/2024\/04\/ProcessChillers-Hero-2000x530-1.jpg\" data-object-fit=\"cover\" srcset=\"https:\/\/www.icscoolenergy.com\/wp-content\/uploads\/sites\/3\/2024\/04\/ProcessChillers-Hero-2000x530-1.jpg 2000w, https:\/\/www.icscoolenergy.com\/wp-content\/uploads\/sites\/3\/2024\/04\/ProcessChillers-Hero-2000x530-1-300x80.jpg 300w, https:\/\/www.icscoolenergy.com\/wp-content\/uploads\/sites\/3\/2024\/04\/ProcessChillers-Hero-2000x530-1-1024x271.jpg 1024w, https:\/\/www.icscoolenergy.com\/wp-content\/uploads\/sites\/3\/2024\/04\/ProcessChillers-Hero-2000x530-1-768x204.jpg 768w, https:\/\/www.icscoolenergy.com\/wp-content\/uploads\/sites\/3\/2024\/04\/ProcessChillers-Hero-2000x530-1-50x13.jpg 50w, https:\/\/www.icscoolenergy.com\/wp-content\/uploads\/sites\/3\/2024\/04\/ProcessChillers-Hero-2000x530-1-1600x424.jpg 1600w, https:\/\/www.icscoolenergy.com\/wp-content\/uploads\/sites\/3\/2024\/04\/ProcessChillers-Hero-2000x530-1-1536x407.jpg 1536w, https:\/\/www.icscoolenergy.com\/wp-content\/uploads\/sites\/3\/2024\/04\/ProcessChillers-Hero-2000x530-1-600x159.jpg 600w\" sizes=\"auto, (max-width: 2000px) 100vw, 2000px\" \/><div class=\"wp-block-cover__inner-container is-layout-flow wp-block-cover-is-layout-flow\">\n<p class=\" has-text-align-center has-large-font-size eplus-wrapper\"><\/p>\n<\/div><\/div>\n\n\n\n<div class=\"rounded-tr-md sm:w-full md:w-[80%] md:h-fit md:top-[80%] relative md:-mt-[10%] z-[1] md:left-0 eplus-wrapper wp-block-group has-background is-layout-constrained wp-block-group-is-layout-constrained\" style=\"background-color:#eaeaef\">\n<h1 class=\"eplus-wrapper pt-8 wp-block-heading has-text-color has-link-color wp-elements-a42e98d9c73e4fc76723c3f087ef51a5\" style=\"color:#312f5f\">OPLOSSINGEN VOOR PROCESKOELING EN TEMPERATUURREGELING &#8211; BETROUWBARE, NAUWKEURIGE OPLOSSINGEN<\/h1>\n\n\n\n<p class=\" eplus-wrapper\">Onze <strong>technisch opgeleide technici<\/strong> werken met u samen om de meest <strong>effici\u00ebnte temperatuurregeloplossingen<\/strong> te bieden voor de eisen van uw proces, de beperkingen van uw locatie en uw budget.<\/p>\n\n\n\n<p class=\" eplus-wrapper\">Via <strong>\u00e9\u00e9n aanspreekpunt<\/strong> ontwikkelen, produceren, leveren, installeren, verhuren en onderhouden we hoogwaardige, energiezuinige en betrouwbare temperatuurregeloplossingen van -40 \u00b0C tot 400 \u00b0C voor uw toepassingen.<\/p>\n\n\n\n<p class=\" eplus-wrapper\">We bieden het breedste scala aan kosteneffectieve temperatuurregeloplossingen in de industrie, zodat we u de beste oplossing kunnen bieden die voldoet aan uw individuele eisen.<\/p>\n<\/div>\n<\/div>\n\n\n\n<div style=\"height:60px\" aria-hidden=\"true\" class=\"xs:hidden md:block eplus-wrapper wp-block-spacer\"><\/div>\n<\/div>\n\n<div class=\"wp-block-group eplus-wrapper is-layout-flow wp-block-group-is-layout-flow\"><div class=\"lg:flex xs:block xl:mb-12 wp-block-columns eplus-wrapper is-layout-flex wp-container-core-columns-is-layout-9d6595d7 wp-block-columns-is-layout-flex eplus-styles-uid-95bdf5\"><div class=\"pt-12 xs:px-8 sm:px-8 shadow-lg rounded-t-2xl xs:h-auto xs:mb-10 lg:mb-0 lg:h-full wp-block-column is-vertically-aligned-top has-white-background-color has-background eplus-wrapper is-layout-flow wp-block-column-is-layout-flow eplus-styles-uid-43cb0d\"><div class=\"xs:mb-0 wp-block-columns eplus-wrapper is-layout-flex wp-container-core-columns-is-layout-9d6595d7 wp-block-columns-is-layout-flex eplus-styles-uid-832268\">\n<div class=\"wp-block-column eplus-wrapper is-layout-flow wp-block-column-is-layout-flow\" style=\"flex-basis:75px\">\n<figure class=\" wp-block-image size-full is-resized eplus-wrapper\"><img loading=\"lazy\" decoding=\"async\" width=\"40\" height=\"40\" src=\"https:\/\/www.icscoolenergy.com\/nl\/wp-content\/uploads\/sites\/3\/2024\/03\/Vector.svg\" alt=\"\" class=\"wp-image-79033\" style=\"width:75px\"><\/figure>\n<\/div>\n\n\n\n<div class=\"wp-block-column eplus-wrapper is-layout-flow wp-block-column-is-layout-flow\"><h4 class=\" wp-block-heading eplus-wrapper eplus-styles-uid-be1b12\">De industrie draaiende houden<\/h4>\n\n\n<p class=\" eplus-wrapper\">We doen alles wat nodig is om uw industrie technisch draaiende te houden.\n  24 uur per dag, 365 dagen per jaar expertise en ondersteuning bij noodgevallen.<\/p>\n<\/div>\n<\/div><\/div>\n\n<div class=\"pt-12 xs:px-8 sm:px-8 shadow-lg rounded-t-2xl xs:h-auto xs:mb-10 lg:mb-0 lg:h-full wp-block-column is-vertically-aligned-top has-white-background-color has-background eplus-wrapper is-layout-flow wp-block-column-is-layout-flow eplus-styles-uid-693786\"><div class=\"xs:mb-0 wp-block-columns eplus-wrapper is-layout-flex wp-container-core-columns-is-layout-9d6595d7 wp-block-columns-is-layout-flex eplus-styles-uid-14967d\">\n<div class=\"wp-block-column eplus-wrapper is-layout-flow wp-block-column-is-layout-flow\" style=\"flex-basis:75px\">\n<figure class=\" wp-block-image size-full is-resized eplus-wrapper\"><img loading=\"lazy\" decoding=\"async\" width=\"40\" height=\"40\" src=\"https:\/\/www.icscoolenergy.com\/nl\/wp-content\/uploads\/sites\/3\/2024\/03\/Vector1.svg\" alt=\"\" class=\"wp-image-79043\" style=\"width:75px\"><\/figure>\n<\/div>\n\n\n\n<div class=\"wp-block-column eplus-wrapper is-layout-flow wp-block-column-is-layout-flow\"><h4 class=\" wp-block-heading eplus-wrapper eplus-styles-uid-be1b12\">Energieverbeteringen<\/h4>\n\n\n<p class=\" eplus-wrapper\">Wij helpen u energie te besparen, kosten te verlagen en uw ecologische voetafdruk te verkleinen\n  met onze eMission Critical-oplossingen.<\/p>\n<\/div>\n<\/div><\/div>\n\n<div class=\"pt-12 xs:px-8 sm:px-8 shadow-lg rounded-t-2xl xs:h-auto xs:mb-10 lg:mb-0 lg:h-full wp-block-column is-vertically-aligned-top has-white-background-color has-background eplus-wrapper is-layout-flow wp-block-column-is-layout-flow eplus-styles-uid-ca2f15\"><div class=\"xs:mb-0 wp-block-columns eplus-wrapper is-layout-flex wp-container-core-columns-is-layout-9d6595d7 wp-block-columns-is-layout-flex eplus-styles-uid-fb5502\">\n<div class=\"wp-block-column eplus-wrapper is-layout-flow wp-block-column-is-layout-flow\" style=\"flex-basis:75px\">\n<figure class=\" wp-block-image size-full is-resized eplus-wrapper\"><img loading=\"lazy\" decoding=\"async\" width=\"41\" height=\"40\" src=\"https:\/\/www.icscoolenergy.com\/nl\/wp-content\/uploads\/sites\/3\/2024\/03\/Group-1000002029.svg\" alt=\"\" class=\"wp-image-79038\" style=\"width:75px\"><\/figure>\n<\/div>\n\n\n\n<div class=\"wp-block-column eplus-wrapper is-layout-flow wp-block-column-is-layout-flow\"><h4 class=\" wp-block-heading eplus-wrapper eplus-styles-uid-a37d52\">Flexibele abonnementen<\/h4>\n\n\n<p class=\" eplus-wrapper\">Met ons Flex-lidmaatschap kun je snel schalen en beschikken over de nieuwste koeltechnologie zonder kapitaalinvestering voor een vast maandelijks bedrag.<\/p>\n<\/div>\n<\/div><\/div><\/div><\/div>\n\n<div style=\"height:60px\" aria-hidden=\"true\" class=\" wp-block-spacer eplus-wrapper\"><\/div>\n\n<div class=\"mb-20 wp-block-group eplus-wrapper is-layout-flow wp-block-group-is-layout-flow\"><div class=\"items-center md:flex xs:grid wp-block-columns eplus-wrapper is-layout-flex wp-container-core-columns-is-layout-9d6595d7 wp-block-columns-is-layout-flex eplus-styles-uid-d85b7b\">\n<div class=\"xs:order-1 md:order-2 xs:w-full md:w-6\/12 xs:mb-12 md:mb-0 wp-block-column eplus-wrapper is-layout-flow wp-block-column-is-layout-flow\">\n<figure class=\"wp-embed-aspect-16-9 wp-has-aspect-ratio wp-block-embed is-type-video is-provider-vimeo wp-block-embed-vimeo eplus-wrapper\"><div class=\"wp-block-embed__wrapper\">\n<iframe loading=\"lazy\" title=\"ICS Cool Energy Process Temperature Control\" src=\"https:\/\/player.vimeo.com\/video\/262957144?dnt=1&amp;app_id=122963\" width=\"1200\" height=\"675\" frameborder=\"0\" allow=\"autoplay; fullscreen; picture-in-picture; clipboard-write\"><\/iframe>\n<\/div><\/figure>\n<\/div>\n\n\n\n<div class=\"xs:order-2 md:order-1 xs:w-full md:w-6\/12 wp-block-column eplus-wrapper is-layout-flow wp-block-column-is-layout-flow\">\n<h2 class=\" wp-block-heading eplus-wrapper\">ONS BREDE SCALA AAN OPLOSSINGEN OMVAT:<br><\/h2>\n\n\n\n<div style=\"height:16px\" aria-hidden=\"true\" class=\" wp-block-spacer eplus-wrapper\"><\/div>\n\n\n<ul class=\"eplus-wrapper wp-block-list eplus-styles-uid-efebd5\">\n<li class=\" eplus-wrapper\"><a href=\"https:\/\/www.icscoolenergy.com\/sales\/i-chiller-products\/\">Pakketgekoelde proceskoelers<\/a> van 1 tot 505 kW<\/li>\n\n\n\n<li class=\" eplus-wrapper\"><a href=\"https:\/\/www.icscoolenergy.com\/sales\/process-cooling-temperature-control\/temperature-control-units\/\">Verpakte temperatuurregelunits<\/a> (water en olie) tot 360kW (elektrisch) en 1600kW (stoom naar water)<\/li>\n\n\n\n<li class=\" eplus-wrapper\"><a href=\"https:\/\/www.icscoolenergy.com\/sales\/process-cooling-temperature-control\/chillers-heat-pumps\/\">Energie-effici\u00ebnte koeloplossingen<\/a> tot 4MW<\/li>\n\n\n\n<li class=\" eplus-wrapper\">Speciale oplossingen voor procestemperatuurregeling, inclusief koelers met ATEX-classificatie, koelers voor lage temperaturen en speciale vloeistoffen.<\/li>\n\n\n\n<li class=\" eplus-wrapper\">Volledig projectmanagement van locatieonderzoek tot inbedrijfstelling<\/li>\n\n\n\n<li class=\" eplus-wrapper\"><a href=\"https:\/\/www.icscoolenergy.com\/sales\/services\/\">Aftersales<\/a> &#8211; onderhoud, 24\/7 technische ondersteuning en <a href=\"https:\/\/www.icscoolenergy.com\/hire\/\">\n  <strong>verhuur van ketels en koelmachines<\/strong>\n<\/a> noodprogramma&#8217;s<\/li>\n<\/ul>\n\n\n<div style=\"height:8px\" aria-hidden=\"true\" class=\" wp-block-spacer eplus-wrapper\"><\/div>\n\n\n\n<p class=\" eplus-wrapper\"><strong>Kun je niet vinden wat je zoekt? Bel ons op 0800 774 7426 en we helpen je graag verder.<\/strong><\/p>\n\n\n\n<div class=\"wp-block-buttons eplus-wrapper is-content-justification-left is-layout-flex wp-container-core-buttons-is-layout-fdcfc74e wp-block-buttons-is-layout-flex\"><div class=\" wp-block-button eplus-wrapper eplus-styles-uid-3fbf6a\"><a class=\"wp-block-button__link has-white-color has-text-color has-background has-link-color wp-element-button\" href=\"\/?page_id=73875\" style=\"border-radius:100px;background-color:#ef4138\">Nu aanvragen<\/a><\/div><\/div>\n<\/div>\n<\/div><\/div>\n\n<div style=\"height:60px\" aria-hidden=\"true\" class=\" wp-block-spacer eplus-wrapper\"><\/div>\n\n<div class=\"mb-20 wp-block-group eplus-wrapper is-layout-flow wp-block-group-is-layout-flow\"><div class=\"is-not-stacked-on-mobile has-background xs:p-8 sm:p-12 rounded-2xl items-center lg:flex xs:grid wp-block-columns eplus-wrapper is-layout-flex wp-container-core-columns-is-layout-9d6595d7 wp-block-columns-is-layout-flex eplus-styles-uid-386ece\" style=\"background-color:#222143\">\n<div class=\"xs:order-1 lg:order-2 xs:w-full lg:w-6\/12 wp-block-column eplus-wrapper is-layout-flow wp-block-column-is-layout-flow\">\n<h2 class=\"wp-block-heading has-white-color has-text-color has-link-color eplus-wrapper wp-elements-89859a0239f3ccc642db609808d34543\">INSTALLATIE &amp; KANT-EN-KLARE OPLOSSINGEN<\/h2>\n\n\n\n<p class=\"has-white-color has-text-color has-link-color eplus-wrapper wp-elements-24d9c09c0053baa34cebd03c1e1c1f13\">Installatie van koelmachines en volledig projectbeheer, afgestemd op uw activiteiten.<\/p>\n\n\n\n<div class=\"wp-block-buttons eplus-wrapper is-layout-flex wp-block-buttons-is-layout-flex\"><div class=\"is-style-fill wp-block-button eplus-wrapper eplus-styles-uid-ecf431\"><a class=\"wp-block-button__link has-background wp-element-button\" href=\"\/service\/koeling-reparatie\" style=\"background-color:#0698e7\">Lees meer<\/a><\/div><\/div>\n<\/div>\n\n\n\n<div class=\"xs:order-1 lg:order-2 xs:w-full lg:w-6\/12 wp-block-column eplus-wrapper is-layout-flow wp-block-column-is-layout-flow\">\n<figure class=\" wp-block-image size-full eplus-wrapper\"><img loading=\"lazy\" decoding=\"async\" width=\"1200\" height=\"530\" src=\"https:\/\/www.icscoolenergy.com\/nl\/wp-content\/uploads\/sites\/3\/2024\/04\/image012-e1642085518498-1200x530-1.jpg\" alt=\"\" class=\"wp-image-80820\" srcset=\"https:\/\/www.icscoolenergy.com\/wp-content\/uploads\/sites\/3\/2024\/04\/image012-e1642085518498-1200x530-1.jpg 1200w, https:\/\/www.icscoolenergy.com\/wp-content\/uploads\/sites\/3\/2024\/04\/image012-e1642085518498-1200x530-1-300x133.jpg 300w, https:\/\/www.icscoolenergy.com\/wp-content\/uploads\/sites\/3\/2024\/04\/image012-e1642085518498-1200x530-1-1024x452.jpg 1024w, https:\/\/www.icscoolenergy.com\/wp-content\/uploads\/sites\/3\/2024\/04\/image012-e1642085518498-1200x530-1-768x339.jpg 768w, https:\/\/www.icscoolenergy.com\/wp-content\/uploads\/sites\/3\/2024\/04\/image012-e1642085518498-1200x530-1-50x22.jpg 50w, https:\/\/www.icscoolenergy.com\/wp-content\/uploads\/sites\/3\/2024\/04\/image012-e1642085518498-1200x530-1-600x265.jpg 600w\" sizes=\"auto, (max-width: 1200px) 100vw, 1200px\" \/><\/figure>\n<\/div>\n<\/div><\/div>\n\n<div style=\"height:120px\" aria-hidden=\"true\" class=\" wp-block-spacer eplus-wrapper\"><\/div>\n","protected":false},"excerpt":{"rendered":"<p>OPLOSSINGEN VOOR PROCESKOELING EN TEMPERATUURREGELING &#8211; BETROUWBARE, NAUWKEURIGE OPLOSSINGEN Onze technisch opgeleide technici werken met u samen om de meest effici\u00ebnte temperatuurregeloplossingen te bieden voor de eisen van uw proces, de beperkingen van uw locatie en uw budget. Via \u00e9\u00e9n aanspreekpunt ontwikkelen, produceren, leveren, installeren, verhuren en onderhouden we hoogwaardige, energiezuinige en betrouwbare temperatuurregeloplossingen van &#8230; <a title=\"Verkoop\" class=\"read-more\" href=\"https:\/\/www.icscoolenergy.com\/nl\/verkoop\/\" aria-label=\"More on Verkoop\">Lees meer<\/a><\/p>\n","protected":false},"author":1,"featured_media":0,"parent":0,"menu_order":0,"comment_status":"closed","ping_status":"closed","template":"template-1.php","meta":{"_acf_changed":false,"inline_featured_image":false,"_editorskit_title_hidden":false,"_editorskit_reading_time":0,"_editorskit_is_block_options_detached":false,"_editorskit_block_options_position":"{}","editor_plus_copied_stylings":"{}","footnotes":""},"class_list":["post-95257","page","type-page","status-publish"],"acf":[],"yoast_head":"<!-- This site is optimized with the Yoast SEO Premium plugin v24.5 (Yoast SEO v26.9) - https:\/\/yoast.com\/product\/yoast-seo-premium-wordpress\/ -->\n<title>Verkoop | ICS Cool Energy<\/title>\n<meta name=\"robots\" content=\"index, follow, max-snippet:-1, max-image-preview:large, max-video-preview:-1\" \/>\n<link rel=\"canonical\" href=\"https:\/\/www.icscoolenergy.com\/nl\/verkoop\/\" \/>\n<meta property=\"og:locale\" content=\"nl_NL\" \/>\n<meta property=\"og:type\" content=\"article\" \/>\n<meta property=\"og:title\" content=\"Verkoop\" \/>\n<meta property=\"og:description\" content=\"OPLOSSINGEN VOOR PROCESKOELING EN TEMPERATUURREGELING &#8211; BETROUWBARE, NAUWKEURIGE OPLOSSINGEN Onze technisch opgeleide technici werken met u samen om de meest effici\u00ebnte temperatuurregeloplossingen te bieden voor de eisen van uw proces, de beperkingen van uw locatie en uw budget. Via \u00e9\u00e9n aanspreekpunt ontwikkelen, produceren, leveren, installeren, verhuren en onderhouden we hoogwaardige, energiezuinige en betrouwbare temperatuurregeloplossingen van ... Lees meer\" \/>\n<meta property=\"og:url\" content=\"https:\/\/www.icscoolenergy.com\/nl\/verkoop\/\" \/>\n<meta property=\"og:site_name\" content=\"Dutch\" \/>\n<meta property=\"article:modified_time\" content=\"2024-05-12T16:12:20+00:00\" \/>\n<meta property=\"og:image\" content=\"https:\/\/www.icscoolenergy.com\/nl\/wp-content\/uploads\/sites\/3\/2024\/04\/ProcessChillers-Hero-2000x530-1.jpg\" \/>\n<meta name=\"twitter:card\" content=\"summary_large_image\" \/>\n<meta name=\"twitter:label1\" content=\"Est. reading time\" \/>\n\t<meta name=\"twitter:data1\" content=\"1 minuut\" \/>\n<script type=\"application\/ld+json\" class=\"yoast-schema-graph\">{\"@context\":\"https:\/\/schema.org\",\"@graph\":[{\"@type\":\"WebPage\",\"@id\":\"https:\/\/www.icscoolenergy.com\/nl\/verkoop\/\",\"url\":\"https:\/\/www.icscoolenergy.com\/nl\/verkoop\/\",\"name\":\"Verkoop | ICS Cool Energy\",\"isPartOf\":{\"@id\":\"https:\/\/www.icscoolenergy.com\/nl\/#website\"},\"primaryImageOfPage\":{\"@id\":\"https:\/\/www.icscoolenergy.com\/nl\/verkoop\/#primaryimage\"},\"image\":{\"@id\":\"https:\/\/www.icscoolenergy.com\/nl\/verkoop\/#primaryimage\"},\"thumbnailUrl\":\"https:\/\/www.icscoolenergy.com\/nl\/wp-content\/uploads\/sites\/3\/2024\/04\/ProcessChillers-Hero-2000x530-1.jpg\",\"datePublished\":\"2024-04-10T15:20:21+00:00\",\"dateModified\":\"2024-05-12T16:12:20+00:00\",\"breadcrumb\":{\"@id\":\"https:\/\/www.icscoolenergy.com\/nl\/verkoop\/#breadcrumb\"},\"inLanguage\":\"nl-NL\",\"potentialAction\":[{\"@type\":\"ReadAction\",\"target\":[\"https:\/\/www.icscoolenergy.com\/nl\/verkoop\/\"]}]},{\"@type\":\"ImageObject\",\"inLanguage\":\"nl-NL\",\"@id\":\"https:\/\/www.icscoolenergy.com\/nl\/verkoop\/#primaryimage\",\"url\":\"https:\/\/www.icscoolenergy.com\/wp-content\/uploads\/sites\/3\/2024\/04\/ProcessChillers-Hero-2000x530-1.jpg\",\"contentUrl\":\"https:\/\/www.icscoolenergy.com\/wp-content\/uploads\/sites\/3\/2024\/04\/ProcessChillers-Hero-2000x530-1.jpg\",\"width\":2000,\"height\":530},{\"@type\":\"BreadcrumbList\",\"@id\":\"https:\/\/www.icscoolenergy.com\/nl\/verkoop\/#breadcrumb\",\"itemListElement\":[{\"@type\":\"ListItem\",\"position\":1,\"name\":\"Home\",\"item\":\"https:\/\/www.icscoolenergy.com\/nl\/\"},{\"@type\":\"ListItem\",\"position\":2,\"name\":\"Verkoop\"}]},{\"@type\":\"WebSite\",\"@id\":\"https:\/\/www.icscoolenergy.com\/nl\/#website\",\"url\":\"https:\/\/www.icscoolenergy.com\/nl\/\",\"name\":\"ICS Cool Energy\",\"description\":\"The Process Temperature Control Specialists\",\"publisher\":{\"@id\":\"https:\/\/www.icscoolenergy.com\/nl\/#organization\"},\"potentialAction\":[{\"@type\":\"SearchAction\",\"target\":{\"@type\":\"EntryPoint\",\"urlTemplate\":\"https:\/\/www.icscoolenergy.com\/nl\/?s={search_term_string}\"},\"query-input\":{\"@type\":\"PropertyValueSpecification\",\"valueRequired\":true,\"valueName\":\"search_term_string\"}}],\"inLanguage\":\"nl-NL\"},{\"@type\":\"Organization\",\"@id\":\"https:\/\/www.icscoolenergy.com\/nl\/#organization\",\"name\":\"ICS Cool Energy\",\"url\":\"https:\/\/www.icscoolenergy.com\/nl\/\",\"logo\":{\"@type\":\"ImageObject\",\"inLanguage\":\"nl-NL\",\"@id\":\"https:\/\/www.icscoolenergy.com\/nl\/#\/schema\/logo\/image\/\",\"url\":\"https:\/\/www.icscoolenergy.com\/wp-content\/uploads\/sites\/3\/2024\/01\/ics-cool-energy-logo.svg\",\"contentUrl\":\"https:\/\/www.icscoolenergy.com\/wp-content\/uploads\/sites\/3\/2024\/01\/ics-cool-energy-logo.svg\",\"caption\":\"ICS Cool Energy\"},\"image\":{\"@id\":\"https:\/\/www.icscoolenergy.com\/nl\/#\/schema\/logo\/image\/\"}}]}<\/script>\n<!-- \/ Yoast SEO Premium plugin. -->","yoast_head_json":{"title":"Verkoop | ICS Cool Energy","robots":{"index":"index","follow":"follow","max-snippet":"max-snippet:-1","max-image-preview":"max-image-preview:large","max-video-preview":"max-video-preview:-1"},"canonical":"https:\/\/www.icscoolenergy.com\/nl\/verkoop\/","og_locale":"nl_NL","og_type":"article","og_title":"Verkoop","og_description":"OPLOSSINGEN VOOR PROCESKOELING EN TEMPERATUURREGELING &#8211; BETROUWBARE, NAUWKEURIGE OPLOSSINGEN Onze technisch opgeleide technici werken met u samen om de meest effici\u00ebnte temperatuurregeloplossingen te bieden voor de eisen van uw proces, de beperkingen van uw locatie en uw budget. Via \u00e9\u00e9n aanspreekpunt ontwikkelen, produceren, leveren, installeren, verhuren en onderhouden we hoogwaardige, energiezuinige en betrouwbare temperatuurregeloplossingen van ... Lees meer","og_url":"https:\/\/www.icscoolenergy.com\/nl\/verkoop\/","og_site_name":"Dutch","article_modified_time":"2024-05-12T16:12:20+00:00","og_image":[{"url":"https:\/\/www.icscoolenergy.com\/nl\/wp-content\/uploads\/sites\/3\/2024\/04\/ProcessChillers-Hero-2000x530-1.jpg","type":"","width":"","height":""}],"twitter_card":"summary_large_image","twitter_misc":{"Est. reading time":"1 minuut"},"schema":{"@context":"https:\/\/schema.org","@graph":[{"@type":"WebPage","@id":"https:\/\/www.icscoolenergy.com\/nl\/verkoop\/","url":"https:\/\/www.icscoolenergy.com\/nl\/verkoop\/","name":"Verkoop | ICS Cool Energy","isPartOf":{"@id":"https:\/\/www.icscoolenergy.com\/nl\/#website"},"primaryImageOfPage":{"@id":"https:\/\/www.icscoolenergy.com\/nl\/verkoop\/#primaryimage"},"image":{"@id":"https:\/\/www.icscoolenergy.com\/nl\/verkoop\/#primaryimage"},"thumbnailUrl":"https:\/\/www.icscoolenergy.com\/nl\/wp-content\/uploads\/sites\/3\/2024\/04\/ProcessChillers-Hero-2000x530-1.jpg","datePublished":"2024-04-10T15:20:21+00:00","dateModified":"2024-05-12T16:12:20+00:00","breadcrumb":{"@id":"https:\/\/www.icscoolenergy.com\/nl\/verkoop\/#breadcrumb"},"inLanguage":"nl-NL","potentialAction":[{"@type":"ReadAction","target":["https:\/\/www.icscoolenergy.com\/nl\/verkoop\/"]}]},{"@type":"ImageObject","inLanguage":"nl-NL","@id":"https:\/\/www.icscoolenergy.com\/nl\/verkoop\/#primaryimage","url":"https:\/\/www.icscoolenergy.com\/wp-content\/uploads\/sites\/3\/2024\/04\/ProcessChillers-Hero-2000x530-1.jpg","contentUrl":"https:\/\/www.icscoolenergy.com\/wp-content\/uploads\/sites\/3\/2024\/04\/ProcessChillers-Hero-2000x530-1.jpg","width":2000,"height":530},{"@type":"BreadcrumbList","@id":"https:\/\/www.icscoolenergy.com\/nl\/verkoop\/#breadcrumb","itemListElement":[{"@type":"ListItem","position":1,"name":"Home","item":"https:\/\/www.icscoolenergy.com\/nl\/"},{"@type":"ListItem","position":2,"name":"Verkoop"}]},{"@type":"WebSite","@id":"https:\/\/www.icscoolenergy.com\/nl\/#website","url":"https:\/\/www.icscoolenergy.com\/nl\/","name":"ICS Cool Energy","description":"The Process Temperature Control Specialists","publisher":{"@id":"https:\/\/www.icscoolenergy.com\/nl\/#organization"},"potentialAction":[{"@type":"SearchAction","target":{"@type":"EntryPoint","urlTemplate":"https:\/\/www.icscoolenergy.com\/nl\/?s={search_term_string}"},"query-input":{"@type":"PropertyValueSpecification","valueRequired":true,"valueName":"search_term_string"}}],"inLanguage":"nl-NL"},{"@type":"Organization","@id":"https:\/\/www.icscoolenergy.com\/nl\/#organization","name":"ICS Cool Energy","url":"https:\/\/www.icscoolenergy.com\/nl\/","logo":{"@type":"ImageObject","inLanguage":"nl-NL","@id":"https:\/\/www.icscoolenergy.com\/nl\/#\/schema\/logo\/image\/","url":"https:\/\/www.icscoolenergy.com\/wp-content\/uploads\/sites\/3\/2024\/01\/ics-cool-energy-logo.svg","contentUrl":"https:\/\/www.icscoolenergy.com\/wp-content\/uploads\/sites\/3\/2024\/01\/ics-cool-energy-logo.svg","caption":"ICS Cool Energy"},"image":{"@id":"https:\/\/www.icscoolenergy.com\/nl\/#\/schema\/logo\/image\/"}}]}},"_links":{"self":[{"href":"https:\/\/www.icscoolenergy.com\/nl\/wp-json\/wp\/v2\/pages\/95257","targetHints":{"allow":["GET"]}}],"collection":[{"href":"https:\/\/www.icscoolenergy.com\/nl\/wp-json\/wp\/v2\/pages"}],"about":[{"href":"https:\/\/www.icscoolenergy.com\/nl\/wp-json\/wp\/v2\/types\/page"}],"author":[{"embeddable":true,"href":"https:\/\/www.icscoolenergy.com\/nl\/wp-json\/wp\/v2\/users\/1"}],"replies":[{"embeddable":true,"href":"https:\/\/www.icscoolenergy.com\/nl\/wp-json\/wp\/v2\/comments?post=95257"}],"version-history":[{"count":0,"href":"https:\/\/www.icscoolenergy.com\/nl\/wp-json\/wp\/v2\/pages\/95257\/revisions"}],"wp:attachment":[{"href":"https:\/\/www.icscoolenergy.com\/nl\/wp-json\/wp\/v2\/media?parent=95257"}],"curies":[{"name":"wp","href":"https:\/\/api.w.org\/{rel}","templated":true}]}}