 
{"id":95260,"date":"2024-04-05T16:26:18","date_gmt":"2024-04-05T16:26:18","guid":{"rendered":"https:\/\/www.icscoolenergy.com\/nl\/service\/frequentieregelaars\/"},"modified":"2024-06-19T10:05:12","modified_gmt":"2024-06-19T10:05:12","slug":"frequentieregelaars","status":"publish","type":"page","link":"https:\/\/www.icscoolenergy.com\/nl\/service\/frequentieregelaars\/","title":{"rendered":"Frequentieregelaars"},"content":{"rendered":"\n<div class=\"mb-8 eplus-wrapper wp-block-group is-layout-flow wp-block-group-is-layout-flow\">\n<div class=\"md:relative eplus-wrapper wp-block-group is-layout-flow wp-block-group-is-layout-flow\">\n<div class=\"eplus-wrapper min-h-[150px] mb:min-h-[200px] sm:min-h-[250px] md:min-h-[430px] wp-block-cover is-light\" style=\"min-height:430px;aspect-ratio:unset;\"><span aria-hidden=\"true\" class=\"wp-block-cover__background has-background-dim-0 has-background-dim\" style=\"background-color:#908e8b\"><\/span><img loading=\"lazy\" decoding=\"async\" width=\"2242\" height=\"946\" class=\"wp-block-cover__image-background wp-image-92599\" alt=\"\" src=\"https:\/\/www.icscoolenergy.com\/wp-content\/\/uploads\/sites\/3\/2024\/04\/FreeCoolingSolutions-HERO.jpg\" data-object-fit=\"cover\" srcset=\"https:\/\/www.icscoolenergy.com\/wp-content\/uploads\/sites\/3\/2024\/04\/FreeCoolingSolutions-HERO.jpg 2242w, https:\/\/www.icscoolenergy.com\/wp-content\/uploads\/sites\/3\/2024\/04\/FreeCoolingSolutions-HERO-300x127.jpg 300w, https:\/\/www.icscoolenergy.com\/wp-content\/uploads\/sites\/3\/2024\/04\/FreeCoolingSolutions-HERO-1024x432.jpg 1024w, https:\/\/www.icscoolenergy.com\/wp-content\/uploads\/sites\/3\/2024\/04\/FreeCoolingSolutions-HERO-768x324.jpg 768w, https:\/\/www.icscoolenergy.com\/wp-content\/uploads\/sites\/3\/2024\/04\/FreeCoolingSolutions-HERO-50x21.jpg 50w, https:\/\/www.icscoolenergy.com\/wp-content\/uploads\/sites\/3\/2024\/04\/FreeCoolingSolutions-HERO-1600x675.jpg 1600w, https:\/\/www.icscoolenergy.com\/wp-content\/uploads\/sites\/3\/2024\/04\/FreeCoolingSolutions-HERO-1536x648.jpg 1536w, https:\/\/www.icscoolenergy.com\/wp-content\/uploads\/sites\/3\/2024\/04\/FreeCoolingSolutions-HERO-2048x864.jpg 2048w, https:\/\/www.icscoolenergy.com\/wp-content\/uploads\/sites\/3\/2024\/04\/FreeCoolingSolutions-HERO-600x253.jpg 600w\" sizes=\"auto, (max-width: 2242px) 100vw, 2242px\" \/><div class=\"wp-block-cover__inner-container is-layout-flow wp-block-cover-is-layout-flow\">\n<p class=\" has-text-align-center has-large-font-size eplus-wrapper\"><\/p>\n<\/div><\/div>\n\n\n\n<div class=\"rounded-tr-md sm:w-full md:w-[80%] md:h-fit md:top-[80%] relative md:-mt-[10%] z-[1] md:left-0 eplus-wrapper wp-block-group has-background is-layout-constrained wp-block-group-is-layout-constrained\" style=\"background-color:#eaeaef\">\n<h1 class=\"eplus-wrapper pt-8 wp-block-heading has-text-color has-link-color wp-elements-30d151744ea34bae852ae425f18ad222\" id=\"h-frequentieregelaars\" style=\"color:#312f5f\">FREQUENTIEREGELAARS<\/h1>\n\n\n\n<p class=\" eplus-wrapper\">Het regelen van de lucht- en waterstroom in procestemperatuurregelsystemen is een effectieve, permanente manier om te voldoen aan de steeds veranderende eisen die aan een systeem worden gesteld en om de effici\u00ebntie ervan te verbeteren.<\/p>\n\n\n\n<p class=\" eplus-wrapper\">We kunnen een variabele snelheidsaandrijving of VSD installeren (een elektrisch\/elektronisch systeem dat een traploze snelheidsregeling van AC-inductiemotoren biedt).<\/p>\n\n\n\n<p class=\" eplus-wrapper\">VSD&#8217;s kunnen worden ge\u00efnstalleerd om te voldoen aan verschillende vereisten voor het debiet van het systeem of gewoon om de energie-effici\u00ebntie te verhogen. De terugverdientijd van een ge\u00efnstalleerd systeem kan slechts 6 maanden zijn.<\/p>\n\n\n\n<div class=\"wp-block-buttons eplus-wrapper is-layout-flex wp-block-buttons-is-layout-flex\"><div class=\" ep-custom-buttons-icon wp-block-button eplus-wrapper eplus-styles-uid-0ae662\"><a class=\"wp-block-button__link has-background wp-element-button\" href=\"tel:08008404210\" style=\"background-color:#ef4138\">Nu aanvragen: 0800 840 4210<\/a><\/div><\/div>\n<\/div>\n<\/div>\n\n\n\n<div style=\"height:100px\" aria-hidden=\"true\" class=\"xs:hidden md:block eplus-wrapper wp-block-spacer\"><\/div>\n<\/div>\n\n\n\n<div class=\"flex flex-row flex-wrap md:flex-nowrap sm:justify-center sm:items-center wp-block-group eplus-wrapper is-layout-constrained wp-block-group-is-layout-constrained\">\n<div class=\"w-full p-2 m-2 wp-block-group eplus-wrapper is-vertical is-layout-flex wp-container-core-group-is-layout-8cf370e7 wp-block-group-is-layout-flex\">\n<p class=\" eplus-wrapper\">Door een variabele snelheidsaandrijving (VSD) te installeren &#8211; een elektrisch\/elektronisch systeem dat een traploze snelheidsregeling van AC-inductiemotoren biedt &#8211; kun je voldoen aan verschillende eisen voor het debiet van het systeem of gewoon de energie-effici\u00ebntie verhogen.<\/p>\n\n\n<ul class=\"eplus-wrapper wp-block-list eplus-styles-uid-66b2de\">\n<li class=\" eplus-wrapper\">\n<\/ul>\n\n\n<p class=\" eplus-wrapper\">Technologie\u00ebn met variabele snelheid worden door fabrikanten van <a href=\"https:\/\/www.icscoolenergy.com\/hire\/chiller-hire\/\">koelmachines<\/a> toegepast in hun productportfolio&#8217;s, maar VSD-technologie kan ook achteraf worden ge\u00efnstalleerd op bestaande koelmachines, waardoor het een uitstekende optie is voor bedrijven die de effici\u00ebntie willen verbeteren en het energieverbruik van hun koelsystemen willen verlagen.<\/p>\n\n\n\n<p class=\" eplus-wrapper\">Bij het achteraf installeren van VSD-technologie op een bestaande koelmachine wordt een VSD-aandrijving ge\u00efnstalleerd tussen de motor en de elektrische voeding. De VSD-aandrijving past het motortoerental aan de koelbelasting aan, waardoor het energieverbruik en de kosten dalen.<\/p>\n\n\n\n<p class=\" eplus-wrapper\">De terugverdientijd van een ge\u00efnstalleerd VSD-systeem kan 4-6 maanden bedragen.<\/p>\n\n\n\n<div style=\"height:8px\" aria-hidden=\"true\" class=\"wp-block-spacer eplus-wrapper wp-container-content-7d115344\"><\/div>\n<\/div>\n<\/div>\n\n\n\n<div style=\"height:60px\" aria-hidden=\"true\" class=\" wp-block-spacer eplus-wrapper\"><\/div>\n\n\n\n<figure class=\" wp-block-image aligncenter size-large eplus-wrapper\"><img loading=\"lazy\" decoding=\"async\" width=\"1024\" height=\"460\" src=\"https:\/\/www.icscoolenergy.com\/nl\/wp-content\/uploads\/sites\/3\/2024\/04\/VSD-Payback-1024x460.jpg\" alt=\"\" class=\"wp-image-80185\" srcset=\"https:\/\/www.icscoolenergy.com\/wp-content\/uploads\/sites\/3\/2024\/04\/VSD-Payback-1024x460.jpg 1024w, https:\/\/www.icscoolenergy.com\/wp-content\/uploads\/sites\/3\/2024\/04\/VSD-Payback-300x135.jpg 300w, https:\/\/www.icscoolenergy.com\/wp-content\/uploads\/sites\/3\/2024\/04\/VSD-Payback-768x345.jpg 768w, https:\/\/www.icscoolenergy.com\/wp-content\/uploads\/sites\/3\/2024\/04\/VSD-Payback-50x22.jpg 50w, https:\/\/www.icscoolenergy.com\/wp-content\/uploads\/sites\/3\/2024\/04\/VSD-Payback-600x270.jpg 600w, https:\/\/www.icscoolenergy.com\/wp-content\/uploads\/sites\/3\/2024\/04\/VSD-Payback.jpg 1519w\" sizes=\"auto, (max-width: 1024px) 100vw, 1024px\" \/><\/figure>\n\n\n\n<div style=\"height:60px\" aria-hidden=\"true\" class=\" wp-block-spacer eplus-wrapper\"><\/div>\n","protected":false},"excerpt":{"rendered":"<p>FREQUENTIEREGELAARS Het regelen van de lucht- en waterstroom in procestemperatuurregelsystemen is een effectieve, permanente manier om te voldoen aan de steeds veranderende eisen die aan een systeem worden gesteld en om de effici\u00ebntie ervan te verbeteren. We kunnen een variabele snelheidsaandrijving of VSD installeren (een elektrisch\/elektronisch systeem dat een traploze snelheidsregeling van AC-inductiemotoren biedt). VSD&#8217;s &#8230; <a title=\"Frequentieregelaars\" class=\"read-more\" href=\"https:\/\/www.icscoolenergy.com\/nl\/service\/frequentieregelaars\/\" aria-label=\"More on Frequentieregelaars\">Lees meer<\/a><\/p>\n","protected":false},"author":1,"featured_media":0,"parent":95210,"menu_order":0,"comment_status":"closed","ping_status":"closed","template":"template-1.php","meta":{"_acf_changed":false,"inline_featured_image":false,"_editorskit_title_hidden":false,"_editorskit_reading_time":0,"_editorskit_is_block_options_detached":false,"_editorskit_block_options_position":"{}","editor_plus_copied_stylings":"{}","footnotes":""},"class_list":["post-95260","page","type-page","status-publish"],"acf":[],"yoast_head":"<!-- This site is optimized with the Yoast SEO Premium plugin v24.5 (Yoast SEO v26.9) - https:\/\/yoast.com\/product\/yoast-seo-premium-wordpress\/ -->\n<title>Frequentieregelaars | ICS Cool Energy<\/title>\n<meta name=\"robots\" content=\"index, follow, max-snippet:-1, max-image-preview:large, max-video-preview:-1\" \/>\n<link rel=\"canonical\" href=\"https:\/\/www.icscoolenergy.com\/nl\/service\/frequentieregelaars\/\" \/>\n<meta property=\"og:locale\" content=\"nl_NL\" \/>\n<meta property=\"og:type\" content=\"article\" \/>\n<meta property=\"og:title\" content=\"Frequentieregelaars\" \/>\n<meta property=\"og:description\" content=\"FREQUENTIEREGELAARS Het regelen van de lucht- en waterstroom in procestemperatuurregelsystemen is een effectieve, permanente manier om te voldoen aan de steeds veranderende eisen die aan een systeem worden gesteld en om de effici\u00ebntie ervan te verbeteren. We kunnen een variabele snelheidsaandrijving of VSD installeren (een elektrisch\/elektronisch systeem dat een traploze snelheidsregeling van AC-inductiemotoren biedt). VSD&#8217;s ... Lees meer\" \/>\n<meta property=\"og:url\" content=\"https:\/\/www.icscoolenergy.com\/nl\/service\/frequentieregelaars\/\" \/>\n<meta property=\"og:site_name\" content=\"Dutch\" \/>\n<meta property=\"article:modified_time\" content=\"2024-06-19T10:05:12+00:00\" \/>\n<meta property=\"og:image\" content=\"https:\/\/www.icscoolenergy.com\/wp-content\/\/uploads\/sites\/3\/2024\/04\/FreeCoolingSolutions-HERO.jpg\" \/>\n<meta name=\"twitter:card\" content=\"summary_large_image\" \/>\n<meta name=\"twitter:label1\" content=\"Est. reading time\" \/>\n\t<meta name=\"twitter:data1\" content=\"2 minuten\" \/>\n<script type=\"application\/ld+json\" class=\"yoast-schema-graph\">{\"@context\":\"https:\/\/schema.org\",\"@graph\":[{\"@type\":\"WebPage\",\"@id\":\"https:\/\/www.icscoolenergy.com\/nl\/service\/frequentieregelaars\/\",\"url\":\"https:\/\/www.icscoolenergy.com\/nl\/service\/frequentieregelaars\/\",\"name\":\"Frequentieregelaars | ICS Cool Energy\",\"isPartOf\":{\"@id\":\"https:\/\/www.icscoolenergy.com\/nl\/#website\"},\"primaryImageOfPage\":{\"@id\":\"https:\/\/www.icscoolenergy.com\/nl\/service\/frequentieregelaars\/#primaryimage\"},\"image\":{\"@id\":\"https:\/\/www.icscoolenergy.com\/nl\/service\/frequentieregelaars\/#primaryimage\"},\"thumbnailUrl\":\"https:\/\/www.icscoolenergy.com\/wp-content\/\/uploads\/sites\/3\/2024\/04\/FreeCoolingSolutions-HERO.jpg\",\"datePublished\":\"2024-04-05T16:26:18+00:00\",\"dateModified\":\"2024-06-19T10:05:12+00:00\",\"breadcrumb\":{\"@id\":\"https:\/\/www.icscoolenergy.com\/nl\/service\/frequentieregelaars\/#breadcrumb\"},\"inLanguage\":\"nl-NL\",\"potentialAction\":[{\"@type\":\"ReadAction\",\"target\":[\"https:\/\/www.icscoolenergy.com\/nl\/service\/frequentieregelaars\/\"]}]},{\"@type\":\"ImageObject\",\"inLanguage\":\"nl-NL\",\"@id\":\"https:\/\/www.icscoolenergy.com\/nl\/service\/frequentieregelaars\/#primaryimage\",\"url\":\"https:\/\/www.icscoolenergy.com\/wp-content\/\/uploads\/sites\/3\/2024\/04\/FreeCoolingSolutions-HERO.jpg\",\"contentUrl\":\"https:\/\/www.icscoolenergy.com\/wp-content\/\/uploads\/sites\/3\/2024\/04\/FreeCoolingSolutions-HERO.jpg\"},{\"@type\":\"BreadcrumbList\",\"@id\":\"https:\/\/www.icscoolenergy.com\/nl\/service\/frequentieregelaars\/#breadcrumb\",\"itemListElement\":[{\"@type\":\"ListItem\",\"position\":1,\"name\":\"Home\",\"item\":\"https:\/\/www.icscoolenergy.com\/nl\/\"},{\"@type\":\"ListItem\",\"position\":2,\"name\":\"Service\",\"item\":\"https:\/\/www.icscoolenergy.com\/nl\/service\/\"},{\"@type\":\"ListItem\",\"position\":3,\"name\":\"Frequentieregelaars\"}]},{\"@type\":\"WebSite\",\"@id\":\"https:\/\/www.icscoolenergy.com\/nl\/#website\",\"url\":\"https:\/\/www.icscoolenergy.com\/nl\/\",\"name\":\"ICS Cool Energy\",\"description\":\"The Process Temperature Control Specialists\",\"publisher\":{\"@id\":\"https:\/\/www.icscoolenergy.com\/nl\/#organization\"},\"potentialAction\":[{\"@type\":\"SearchAction\",\"target\":{\"@type\":\"EntryPoint\",\"urlTemplate\":\"https:\/\/www.icscoolenergy.com\/nl\/?s={search_term_string}\"},\"query-input\":{\"@type\":\"PropertyValueSpecification\",\"valueRequired\":true,\"valueName\":\"search_term_string\"}}],\"inLanguage\":\"nl-NL\"},{\"@type\":\"Organization\",\"@id\":\"https:\/\/www.icscoolenergy.com\/nl\/#organization\",\"name\":\"ICS Cool Energy\",\"url\":\"https:\/\/www.icscoolenergy.com\/nl\/\",\"logo\":{\"@type\":\"ImageObject\",\"inLanguage\":\"nl-NL\",\"@id\":\"https:\/\/www.icscoolenergy.com\/nl\/#\/schema\/logo\/image\/\",\"url\":\"https:\/\/www.icscoolenergy.com\/wp-content\/uploads\/sites\/3\/2024\/01\/ics-cool-energy-logo.svg\",\"contentUrl\":\"https:\/\/www.icscoolenergy.com\/wp-content\/uploads\/sites\/3\/2024\/01\/ics-cool-energy-logo.svg\",\"caption\":\"ICS Cool Energy\"},\"image\":{\"@id\":\"https:\/\/www.icscoolenergy.com\/nl\/#\/schema\/logo\/image\/\"}}]}<\/script>\n<!-- \/ Yoast SEO Premium plugin. -->","yoast_head_json":{"title":"Frequentieregelaars | ICS Cool Energy","robots":{"index":"index","follow":"follow","max-snippet":"max-snippet:-1","max-image-preview":"max-image-preview:large","max-video-preview":"max-video-preview:-1"},"canonical":"https:\/\/www.icscoolenergy.com\/nl\/service\/frequentieregelaars\/","og_locale":"nl_NL","og_type":"article","og_title":"Frequentieregelaars","og_description":"FREQUENTIEREGELAARS Het regelen van de lucht- en waterstroom in procestemperatuurregelsystemen is een effectieve, permanente manier om te voldoen aan de steeds veranderende eisen die aan een systeem worden gesteld en om de effici\u00ebntie ervan te verbeteren. We kunnen een variabele snelheidsaandrijving of VSD installeren (een elektrisch\/elektronisch systeem dat een traploze snelheidsregeling van AC-inductiemotoren biedt). VSD&#8217;s ... Lees meer","og_url":"https:\/\/www.icscoolenergy.com\/nl\/service\/frequentieregelaars\/","og_site_name":"Dutch","article_modified_time":"2024-06-19T10:05:12+00:00","og_image":[{"url":"https:\/\/www.icscoolenergy.com\/wp-content\/\/uploads\/sites\/3\/2024\/04\/FreeCoolingSolutions-HERO.jpg","type":"","width":"","height":""}],"twitter_card":"summary_large_image","twitter_misc":{"Est. reading time":"2 minuten"},"schema":{"@context":"https:\/\/schema.org","@graph":[{"@type":"WebPage","@id":"https:\/\/www.icscoolenergy.com\/nl\/service\/frequentieregelaars\/","url":"https:\/\/www.icscoolenergy.com\/nl\/service\/frequentieregelaars\/","name":"Frequentieregelaars | ICS Cool Energy","isPartOf":{"@id":"https:\/\/www.icscoolenergy.com\/nl\/#website"},"primaryImageOfPage":{"@id":"https:\/\/www.icscoolenergy.com\/nl\/service\/frequentieregelaars\/#primaryimage"},"image":{"@id":"https:\/\/www.icscoolenergy.com\/nl\/service\/frequentieregelaars\/#primaryimage"},"thumbnailUrl":"https:\/\/www.icscoolenergy.com\/wp-content\/\/uploads\/sites\/3\/2024\/04\/FreeCoolingSolutions-HERO.jpg","datePublished":"2024-04-05T16:26:18+00:00","dateModified":"2024-06-19T10:05:12+00:00","breadcrumb":{"@id":"https:\/\/www.icscoolenergy.com\/nl\/service\/frequentieregelaars\/#breadcrumb"},"inLanguage":"nl-NL","potentialAction":[{"@type":"ReadAction","target":["https:\/\/www.icscoolenergy.com\/nl\/service\/frequentieregelaars\/"]}]},{"@type":"ImageObject","inLanguage":"nl-NL","@id":"https:\/\/www.icscoolenergy.com\/nl\/service\/frequentieregelaars\/#primaryimage","url":"https:\/\/www.icscoolenergy.com\/wp-content\/\/uploads\/sites\/3\/2024\/04\/FreeCoolingSolutions-HERO.jpg","contentUrl":"https:\/\/www.icscoolenergy.com\/wp-content\/\/uploads\/sites\/3\/2024\/04\/FreeCoolingSolutions-HERO.jpg"},{"@type":"BreadcrumbList","@id":"https:\/\/www.icscoolenergy.com\/nl\/service\/frequentieregelaars\/#breadcrumb","itemListElement":[{"@type":"ListItem","position":1,"name":"Home","item":"https:\/\/www.icscoolenergy.com\/nl\/"},{"@type":"ListItem","position":2,"name":"Service","item":"https:\/\/www.icscoolenergy.com\/nl\/service\/"},{"@type":"ListItem","position":3,"name":"Frequentieregelaars"}]},{"@type":"WebSite","@id":"https:\/\/www.icscoolenergy.com\/nl\/#website","url":"https:\/\/www.icscoolenergy.com\/nl\/","name":"ICS Cool Energy","description":"The Process Temperature Control Specialists","publisher":{"@id":"https:\/\/www.icscoolenergy.com\/nl\/#organization"},"potentialAction":[{"@type":"SearchAction","target":{"@type":"EntryPoint","urlTemplate":"https:\/\/www.icscoolenergy.com\/nl\/?s={search_term_string}"},"query-input":{"@type":"PropertyValueSpecification","valueRequired":true,"valueName":"search_term_string"}}],"inLanguage":"nl-NL"},{"@type":"Organization","@id":"https:\/\/www.icscoolenergy.com\/nl\/#organization","name":"ICS Cool Energy","url":"https:\/\/www.icscoolenergy.com\/nl\/","logo":{"@type":"ImageObject","inLanguage":"nl-NL","@id":"https:\/\/www.icscoolenergy.com\/nl\/#\/schema\/logo\/image\/","url":"https:\/\/www.icscoolenergy.com\/wp-content\/uploads\/sites\/3\/2024\/01\/ics-cool-energy-logo.svg","contentUrl":"https:\/\/www.icscoolenergy.com\/wp-content\/uploads\/sites\/3\/2024\/01\/ics-cool-energy-logo.svg","caption":"ICS Cool Energy"},"image":{"@id":"https:\/\/www.icscoolenergy.com\/nl\/#\/schema\/logo\/image\/"}}]}},"_links":{"self":[{"href":"https:\/\/www.icscoolenergy.com\/nl\/wp-json\/wp\/v2\/pages\/95260","targetHints":{"allow":["GET"]}}],"collection":[{"href":"https:\/\/www.icscoolenergy.com\/nl\/wp-json\/wp\/v2\/pages"}],"about":[{"href":"https:\/\/www.icscoolenergy.com\/nl\/wp-json\/wp\/v2\/types\/page"}],"author":[{"embeddable":true,"href":"https:\/\/www.icscoolenergy.com\/nl\/wp-json\/wp\/v2\/users\/1"}],"replies":[{"embeddable":true,"href":"https:\/\/www.icscoolenergy.com\/nl\/wp-json\/wp\/v2\/comments?post=95260"}],"version-history":[{"count":0,"href":"https:\/\/www.icscoolenergy.com\/nl\/wp-json\/wp\/v2\/pages\/95260\/revisions"}],"up":[{"embeddable":true,"href":"https:\/\/www.icscoolenergy.com\/nl\/wp-json\/wp\/v2\/pages\/95210"}],"wp:attachment":[{"href":"https:\/\/www.icscoolenergy.com\/nl\/wp-json\/wp\/v2\/media?parent=95260"}],"curies":[{"name":"wp","href":"https:\/\/api.w.org\/{rel}","templated":true}]}}