 
{"id":95356,"date":"2024-04-20T13:43:20","date_gmt":"2024-04-20T13:43:20","guid":{"rendered":"https:\/\/www.icscoolenergy.com\/nl\/niet-gecategoriseerd\/i-heat-pomp-145\/"},"modified":"2024-06-06T13:12:04","modified_gmt":"2024-06-06T13:12:04","slug":"i-heat-pomp-145","status":"publish","type":"product","link":"https:\/\/www.icscoolenergy.com\/nl\/product\/warmtepomp\/warmtepomp-chiller-huren\/i-heat-pomp-145\/","title":{"rendered":"i-Heat Pomp 145"},"content":{"rendered":"<p>Ons assortiment omkeerbare warmtepompchillers kan koelen of verwarmen vanuit \u00e9\u00e9n bron.<\/p>\n<p>Onze i-Heat pomp 145 heeft een ge\u00efntegreerde thermische buffertank. Deze warmtepomp biedt een breed temperatuurbereik van -10\u00b0C tot +50\u00b0C. De unit wordt ook geleverd met een ge\u00efntegreerde procespomp en snel los te koppelen water- en stroomaansluitingen voor een snelle opstart. De i-Heat Pump 145 maakt weinig lawaai en neemt weinig ruimte in beslag. Hij is volledig verpakt om de installatie op locatie te vereenvoudigen en is eenvoudig in te stellen en te regelen.<\/p>\n","protected":false},"excerpt":{"rendered":"<p>Ons assortiment omkeerbare warmtepompchillers kan koelen of verwarmen vanuit \u00e9\u00e9n bron. Onze i-Heat pomp 145 heeft een ge\u00efntegreerde thermische buffertank. Deze warmtepomp biedt een breed temperatuurbereik van -10\u00b0C tot +50\u00b0C. De unit wordt ook geleverd met een ge\u00efntegreerde procespomp en snel los te koppelen water- en stroomaansluitingen voor een snelle opstart. De i-Heat Pump 145 &#8230; <a title=\"i-Heat Pomp 145\" class=\"read-more\" href=\"https:\/\/www.icscoolenergy.com\/nl\/product\/warmtepomp\/warmtepomp-chiller-huren\/i-heat-pomp-145\/\" aria-label=\"More on i-Heat Pomp 145\">Lees meer<\/a><\/p>\n","protected":false},"featured_media":93106,"comment_status":"closed","ping_status":"closed","template":"","meta":{"_acf_changed":false,"inline_featured_image":false,"_editorskit_title_hidden":false,"_editorskit_reading_time":0,"_editorskit_is_block_options_detached":false,"_editorskit_block_options_position":"{}","editor_plus_copied_stylings":"{}"},"product_brand":[],"product_cat":[1015,1016],"product_tag":[],"class_list":{"0":"post-95356","1":"product","2":"type-product","3":"status-publish","4":"has-post-thumbnail","6":"product_cat-warmtepomp","7":"product_cat-warmtepomp-chiller-huren","9":"first","10":"instock","11":"shipping-taxable","12":"product-type-simple"},"acf":[],"yoast_head":"<!-- This site is optimized with the Yoast SEO Premium plugin v24.5 (Yoast SEO v26.9) - https:\/\/yoast.com\/product\/yoast-seo-premium-wordpress\/ -->\n<title>i-Heat Pomp 145 | ICS Cool Energy<\/title>\n<meta name=\"robots\" content=\"index, follow, max-snippet:-1, max-image-preview:large, max-video-preview:-1\" \/>\n<link rel=\"canonical\" href=\"https:\/\/www.icscoolenergy.com\/nl\/product\/warmtepomp\/warmtepomp-chiller-huren\/i-heat-pomp-145\/\" \/>\n<meta property=\"og:locale\" content=\"nl_NL\" \/>\n<meta property=\"og:type\" content=\"article\" \/>\n<meta property=\"og:title\" content=\"i-Heat Pomp 145\" \/>\n<meta property=\"og:description\" content=\"Ons assortiment omkeerbare warmtepompchillers kan koelen of verwarmen vanuit \u00e9\u00e9n bron. Onze i-Heat pomp 145 heeft een ge\u00efntegreerde thermische buffertank. Deze warmtepomp biedt een breed temperatuurbereik van -10\u00b0C tot +50\u00b0C. De unit wordt ook geleverd met een ge\u00efntegreerde procespomp en snel los te koppelen water- en stroomaansluitingen voor een snelle opstart. De i-Heat Pump 145 ... Lees meer\" \/>\n<meta property=\"og:url\" content=\"https:\/\/www.icscoolenergy.com\/nl\/product\/warmtepomp\/warmtepomp-chiller-huren\/i-heat-pomp-145\/\" \/>\n<meta property=\"og:site_name\" content=\"Dutch\" \/>\n<meta property=\"article:modified_time\" content=\"2024-06-06T13:12:04+00:00\" \/>\n<meta property=\"og:image\" content=\"https:\/\/www.icscoolenergy.com\/wp-content\/\/uploads\/sites\/3\/2024\/04\/i-Heat-Pump-145.png\" \/>\n\t<meta property=\"og:image:width\" content=\"560\" \/>\n\t<meta property=\"og:image:height\" content=\"420\" \/>\n\t<meta property=\"og:image:type\" content=\"image\/png\" \/>\n<meta name=\"twitter:card\" content=\"summary_large_image\" \/>\n<meta name=\"twitter:label1\" content=\"Est. reading time\" \/>\n\t<meta name=\"twitter:data1\" content=\"1 minuut\" \/>\n<script type=\"application\/ld+json\" class=\"yoast-schema-graph\">{\"@context\":\"https:\/\/schema.org\",\"@graph\":[{\"@type\":[\"WebPage\",\"ItemPage\"],\"@id\":\"https:\/\/www.icscoolenergy.com\/nl\/product\/warmtepomp\/warmtepomp-chiller-huren\/i-heat-pomp-145\/\",\"url\":\"https:\/\/www.icscoolenergy.com\/nl\/product\/warmtepomp\/warmtepomp-chiller-huren\/i-heat-pomp-145\/\",\"name\":\"i-Heat Pomp 145 | ICS Cool Energy\",\"isPartOf\":{\"@id\":\"https:\/\/www.icscoolenergy.com\/nl\/#website\"},\"primaryImageOfPage\":{\"@id\":\"https:\/\/www.icscoolenergy.com\/nl\/product\/warmtepomp\/warmtepomp-chiller-huren\/i-heat-pomp-145\/#primaryimage\"},\"image\":{\"@id\":\"https:\/\/www.icscoolenergy.com\/nl\/product\/warmtepomp\/warmtepomp-chiller-huren\/i-heat-pomp-145\/#primaryimage\"},\"thumbnailUrl\":\"https:\/\/www.icscoolenergy.com\/wp-content\/uploads\/sites\/3\/2024\/04\/i-Heat-Pump-145.png\",\"datePublished\":\"2024-04-20T13:43:20+00:00\",\"dateModified\":\"2024-06-06T13:12:04+00:00\",\"breadcrumb\":{\"@id\":\"https:\/\/www.icscoolenergy.com\/nl\/product\/warmtepomp\/warmtepomp-chiller-huren\/i-heat-pomp-145\/#breadcrumb\"},\"inLanguage\":\"nl-NL\",\"potentialAction\":[{\"@type\":\"ReadAction\",\"target\":[\"https:\/\/www.icscoolenergy.com\/nl\/product\/warmtepomp\/warmtepomp-chiller-huren\/i-heat-pomp-145\/\"]}]},{\"@type\":\"ImageObject\",\"inLanguage\":\"nl-NL\",\"@id\":\"https:\/\/www.icscoolenergy.com\/nl\/product\/warmtepomp\/warmtepomp-chiller-huren\/i-heat-pomp-145\/#primaryimage\",\"url\":\"https:\/\/www.icscoolenergy.com\/wp-content\/uploads\/sites\/3\/2024\/04\/i-Heat-Pump-145.png\",\"contentUrl\":\"https:\/\/www.icscoolenergy.com\/wp-content\/uploads\/sites\/3\/2024\/04\/i-Heat-Pump-145.png\",\"width\":560,\"height\":420,\"caption\":\"i-Heat Pomp 145\"},{\"@type\":\"BreadcrumbList\",\"@id\":\"https:\/\/www.icscoolenergy.com\/nl\/product\/warmtepomp\/warmtepomp-chiller-huren\/i-heat-pomp-145\/#breadcrumb\",\"itemListElement\":[{\"@type\":\"ListItem\",\"position\":1,\"name\":\"Home\",\"item\":\"https:\/\/www.icscoolenergy.com\/nl\/\"},{\"@type\":\"ListItem\",\"position\":2,\"name\":\"Winkel op\",\"item\":\"https:\/\/www.icscoolenergy.com\/nl\/winkel-op\/\"},{\"@type\":\"ListItem\",\"position\":3,\"name\":\"i-Heat Pomp 145\"}]},{\"@type\":\"WebSite\",\"@id\":\"https:\/\/www.icscoolenergy.com\/nl\/#website\",\"url\":\"https:\/\/www.icscoolenergy.com\/nl\/\",\"name\":\"ICS Cool Energy\",\"description\":\"The Process Temperature Control Specialists\",\"publisher\":{\"@id\":\"https:\/\/www.icscoolenergy.com\/nl\/#organization\"},\"potentialAction\":[{\"@type\":\"SearchAction\",\"target\":{\"@type\":\"EntryPoint\",\"urlTemplate\":\"https:\/\/www.icscoolenergy.com\/nl\/?s={search_term_string}\"},\"query-input\":{\"@type\":\"PropertyValueSpecification\",\"valueRequired\":true,\"valueName\":\"search_term_string\"}}],\"inLanguage\":\"nl-NL\"},{\"@type\":\"Organization\",\"@id\":\"https:\/\/www.icscoolenergy.com\/nl\/#organization\",\"name\":\"ICS Cool Energy\",\"url\":\"https:\/\/www.icscoolenergy.com\/nl\/\",\"logo\":{\"@type\":\"ImageObject\",\"inLanguage\":\"nl-NL\",\"@id\":\"https:\/\/www.icscoolenergy.com\/nl\/#\/schema\/logo\/image\/\",\"url\":\"https:\/\/www.icscoolenergy.com\/wp-content\/uploads\/sites\/3\/2024\/01\/ics-cool-energy-logo.svg\",\"contentUrl\":\"https:\/\/www.icscoolenergy.com\/wp-content\/uploads\/sites\/3\/2024\/01\/ics-cool-energy-logo.svg\",\"caption\":\"ICS Cool Energy\"},\"image\":{\"@id\":\"https:\/\/www.icscoolenergy.com\/nl\/#\/schema\/logo\/image\/\"}}]}<\/script>\n<!-- \/ Yoast SEO Premium plugin. -->","yoast_head_json":{"title":"i-Heat Pomp 145 | ICS Cool Energy","robots":{"index":"index","follow":"follow","max-snippet":"max-snippet:-1","max-image-preview":"max-image-preview:large","max-video-preview":"max-video-preview:-1"},"canonical":"https:\/\/www.icscoolenergy.com\/nl\/product\/warmtepomp\/warmtepomp-chiller-huren\/i-heat-pomp-145\/","og_locale":"nl_NL","og_type":"article","og_title":"i-Heat Pomp 145","og_description":"Ons assortiment omkeerbare warmtepompchillers kan koelen of verwarmen vanuit \u00e9\u00e9n bron. Onze i-Heat pomp 145 heeft een ge\u00efntegreerde thermische buffertank. Deze warmtepomp biedt een breed temperatuurbereik van -10\u00b0C tot +50\u00b0C. De unit wordt ook geleverd met een ge\u00efntegreerde procespomp en snel los te koppelen water- en stroomaansluitingen voor een snelle opstart. De i-Heat Pump 145 ... Lees meer","og_url":"https:\/\/www.icscoolenergy.com\/nl\/product\/warmtepomp\/warmtepomp-chiller-huren\/i-heat-pomp-145\/","og_site_name":"Dutch","article_modified_time":"2024-06-06T13:12:04+00:00","og_image":[{"width":560,"height":420,"url":"https:\/\/www.icscoolenergy.com\/wp-content\/\/uploads\/sites\/3\/2024\/04\/i-Heat-Pump-145.png","type":"image\/png"}],"twitter_card":"summary_large_image","twitter_misc":{"Est. reading time":"1 minuut"},"schema":{"@context":"https:\/\/schema.org","@graph":[{"@type":["WebPage","ItemPage"],"@id":"https:\/\/www.icscoolenergy.com\/nl\/product\/warmtepomp\/warmtepomp-chiller-huren\/i-heat-pomp-145\/","url":"https:\/\/www.icscoolenergy.com\/nl\/product\/warmtepomp\/warmtepomp-chiller-huren\/i-heat-pomp-145\/","name":"i-Heat Pomp 145 | ICS Cool Energy","isPartOf":{"@id":"https:\/\/www.icscoolenergy.com\/nl\/#website"},"primaryImageOfPage":{"@id":"https:\/\/www.icscoolenergy.com\/nl\/product\/warmtepomp\/warmtepomp-chiller-huren\/i-heat-pomp-145\/#primaryimage"},"image":{"@id":"https:\/\/www.icscoolenergy.com\/nl\/product\/warmtepomp\/warmtepomp-chiller-huren\/i-heat-pomp-145\/#primaryimage"},"thumbnailUrl":"https:\/\/www.icscoolenergy.com\/wp-content\/uploads\/sites\/3\/2024\/04\/i-Heat-Pump-145.png","datePublished":"2024-04-20T13:43:20+00:00","dateModified":"2024-06-06T13:12:04+00:00","breadcrumb":{"@id":"https:\/\/www.icscoolenergy.com\/nl\/product\/warmtepomp\/warmtepomp-chiller-huren\/i-heat-pomp-145\/#breadcrumb"},"inLanguage":"nl-NL","potentialAction":[{"@type":"ReadAction","target":["https:\/\/www.icscoolenergy.com\/nl\/product\/warmtepomp\/warmtepomp-chiller-huren\/i-heat-pomp-145\/"]}]},{"@type":"ImageObject","inLanguage":"nl-NL","@id":"https:\/\/www.icscoolenergy.com\/nl\/product\/warmtepomp\/warmtepomp-chiller-huren\/i-heat-pomp-145\/#primaryimage","url":"https:\/\/www.icscoolenergy.com\/wp-content\/uploads\/sites\/3\/2024\/04\/i-Heat-Pump-145.png","contentUrl":"https:\/\/www.icscoolenergy.com\/wp-content\/uploads\/sites\/3\/2024\/04\/i-Heat-Pump-145.png","width":560,"height":420,"caption":"i-Heat Pomp 145"},{"@type":"BreadcrumbList","@id":"https:\/\/www.icscoolenergy.com\/nl\/product\/warmtepomp\/warmtepomp-chiller-huren\/i-heat-pomp-145\/#breadcrumb","itemListElement":[{"@type":"ListItem","position":1,"name":"Home","item":"https:\/\/www.icscoolenergy.com\/nl\/"},{"@type":"ListItem","position":2,"name":"Winkel op","item":"https:\/\/www.icscoolenergy.com\/nl\/winkel-op\/"},{"@type":"ListItem","position":3,"name":"i-Heat Pomp 145"}]},{"@type":"WebSite","@id":"https:\/\/www.icscoolenergy.com\/nl\/#website","url":"https:\/\/www.icscoolenergy.com\/nl\/","name":"ICS Cool Energy","description":"The Process Temperature Control Specialists","publisher":{"@id":"https:\/\/www.icscoolenergy.com\/nl\/#organization"},"potentialAction":[{"@type":"SearchAction","target":{"@type":"EntryPoint","urlTemplate":"https:\/\/www.icscoolenergy.com\/nl\/?s={search_term_string}"},"query-input":{"@type":"PropertyValueSpecification","valueRequired":true,"valueName":"search_term_string"}}],"inLanguage":"nl-NL"},{"@type":"Organization","@id":"https:\/\/www.icscoolenergy.com\/nl\/#organization","name":"ICS Cool Energy","url":"https:\/\/www.icscoolenergy.com\/nl\/","logo":{"@type":"ImageObject","inLanguage":"nl-NL","@id":"https:\/\/www.icscoolenergy.com\/nl\/#\/schema\/logo\/image\/","url":"https:\/\/www.icscoolenergy.com\/wp-content\/uploads\/sites\/3\/2024\/01\/ics-cool-energy-logo.svg","contentUrl":"https:\/\/www.icscoolenergy.com\/wp-content\/uploads\/sites\/3\/2024\/01\/ics-cool-energy-logo.svg","caption":"ICS Cool Energy"},"image":{"@id":"https:\/\/www.icscoolenergy.com\/nl\/#\/schema\/logo\/image\/"}}]}},"_links":{"self":[{"href":"https:\/\/www.icscoolenergy.com\/nl\/wp-json\/wp\/v2\/product\/95356","targetHints":{"allow":["GET"]}}],"collection":[{"href":"https:\/\/www.icscoolenergy.com\/nl\/wp-json\/wp\/v2\/product"}],"about":[{"href":"https:\/\/www.icscoolenergy.com\/nl\/wp-json\/wp\/v2\/types\/product"}],"replies":[{"embeddable":true,"href":"https:\/\/www.icscoolenergy.com\/nl\/wp-json\/wp\/v2\/comments?post=95356"}],"wp:featuredmedia":[{"embeddable":true,"href":"https:\/\/www.icscoolenergy.com\/nl\/wp-json\/wp\/v2\/media\/93106"}],"wp:attachment":[{"href":"https:\/\/www.icscoolenergy.com\/nl\/wp-json\/wp\/v2\/media?parent=95356"}],"wp:term":[{"taxonomy":"product_brand","embeddable":true,"href":"https:\/\/www.icscoolenergy.com\/nl\/wp-json\/wp\/v2\/product_brand?post=95356"},{"taxonomy":"product_cat","embeddable":true,"href":"https:\/\/www.icscoolenergy.com\/nl\/wp-json\/wp\/v2\/product_cat?post=95356"},{"taxonomy":"product_tag","embeddable":true,"href":"https:\/\/www.icscoolenergy.com\/nl\/wp-json\/wp\/v2\/product_tag?post=95356"}],"curies":[{"name":"wp","href":"https:\/\/api.w.org\/{rel}","templated":true}]}}