 
{"id":85972,"date":"2024-01-04T11:53:44","date_gmt":"2024-01-04T11:53:44","guid":{"rendered":"https:\/\/www.icscoolenergy.com\/pl\/rozwiazania\/"},"modified":"2024-11-19T11:59:30","modified_gmt":"2024-11-19T11:59:30","slug":"rozwiazania","status":"publish","type":"page","link":"https:\/\/www.icscoolenergy.com\/pl\/rozwiazania\/","title":{"rendered":"Rozwi\u0105zania"},"content":{"rendered":"\n<div style=\"height:40px\" aria-hidden=\"true\" class=\" wp-block-spacer eplus-wrapper\"><\/div>\n\n<div class=\"wp-block-group eplus-wrapper is-content-justification-left is-layout-constrained wp-container-core-group-is-layout-8c890d92 wp-block-group-is-layout-constrained\"><h1 class=\" wp-block-heading eplus-wrapper eplus-styles-uid-641ddf\" id=\"h-solutions\">ROZWI\u0104ZANIA<\/h1>\n\n\n<p class=\" eplus-wrapper\">Jeste\u015bmy dumni, \u017ce mo\u017cemy by\u0107 zaanga\u017cowani w tak wielu bran\u017cach i na tak wiele r\u00f3\u017cnych sposob\u00f3w. Naszymi klientami s\u0105 zar\u00f3wno globalni liderzy, jak i M\u015aP oraz butikowi producenci. Dla nas nie ma &#8222;typowego klienta&#8221; &#8211; ka\u017cdy z nich jest zupe\u0142nie inny.  <\/p>\n\n\n\n<p class=\" eplus-wrapper\">Jeste\u015bmy dumni z faktu, \u017ce nasi klienci wci\u0105\u017c do nas wracaj\u0105, a wiele naszych relacji trwa ju\u017c od 20 lat i d\u0142u\u017cej. Wiemy jednak, \u017ce jeste\u015bmy tylko tak dobrzy, jak nasza ostatnia praca &#8211; i w\u0142a\u015bnie dlatego posiadamy wiod\u0105ce w bran\u017cy systemy kontroli jako\u015bci, stale inwestujemy w ludzi, aby zapewni\u0107, \u017ce za ka\u017cdym razem jeste\u015bmy na najwy\u017cszym poziomie. <\/p>\n<\/div>\n\n<div style=\"height:40px\" aria-hidden=\"true\" class=\" wp-block-spacer eplus-wrapper\"><\/div>\n\n<div class=\"wp-block-group eplus-wrapper is-layout-flow wp-block-group-is-layout-flow\"><div class=\"wp-block-columns eplus-wrapper is-layout-flex wp-container-core-columns-is-layout-9d6595d7 wp-block-columns-is-layout-flex eplus-styles-uid-21df7c\">\n<div class=\"card-hover-grey shadow rounded-md cat-card  wp-block-column has-white-background-color has-background ek-linked-block eplus-wrapper is-layout-flow wp-block-column-is-layout-flow\">\n<div class=\"wp-block-group eplus-wrapper is-layout-constrained wp-block-group-is-layout-constrained\">\n<figure class=\"rounded-t-lg is-style-default h-fit wp-block-image size-full eplus-wrapper\"><img loading=\"lazy\" decoding=\"async\" width=\"550\" height=\"303\" src=\"https:\/\/www.icscoolenergy.com\/pl\/wp-content\/uploads\/sites\/7\/2024\/04\/Automotive-Industry-Thumb.jpg\" alt=\"Kciuk przemys\u0142u motoryzacyjnego\" class=\"wp-image-83838\" style=\"object-fit:cover\" srcset=\"https:\/\/www.icscoolenergy.com\/wp-content\/uploads\/sites\/7\/2024\/04\/Automotive-Industry-Thumb.jpg 550w, https:\/\/www.icscoolenergy.com\/wp-content\/uploads\/sites\/7\/2024\/04\/Automotive-Industry-Thumb-300x165.jpg 300w, https:\/\/www.icscoolenergy.com\/wp-content\/uploads\/sites\/7\/2024\/04\/Automotive-Industry-Thumb-50x28.jpg 50w\" sizes=\"auto, (max-width: 550px) 100vw, 550px\" \/><\/figure>\n\n\n\n<div class=\"px-8 pt-4 pb-8 wp-block-group eplus-wrapper is-layout-constrained wp-block-group-is-layout-constrained\">\n<h5 class=\"wp-block-heading has-text-align-left has-text-color has-link-color eplus-wrapper wp-elements-b00f60bd1c0b6b694876e51b4d12d5f6\" id=\"h-industries\" style=\"color:#323130\">Bran\u017ce<\/h5>\n\n\n\n<p class=\" eplus-wrapper\">Odkryj, w jaki spos\u00f3b pomagamy wielu r\u00f3\u017cnym bran\u017com w zakresie sprz\u0119tu do kontroli temperatury.<\/p>\n\n\n\n<div class=\"w-full wp-block-buttons eplus-wrapper is-content-justification-center is-layout-flex wp-container-core-buttons-is-layout-16018d1d wp-block-buttons-is-layout-flex\"><div class=\"hover-btn-light-blue w-full is-style-outline card-btn  wp-block-button has-custom-width wp-block-button__width-100 eplus-wrapper is-style-outline--1 eplus-styles-uid-f425b4\"><a class=\"wp-block-button__link has-primary-color has-text-color has-background has-link-color wp-element-button\" style=\"border-radius:100px;background-color:#ffffff00\">Dowiedz si\u0119 wi\u0119cej<\/a><\/div><\/div>\n<\/div>\n<\/div>\n<a href=\"\/solutions\/industry\/\" class=\"editorskit-block-link\" rel=\"\"><\/a><\/div>\n\n\n\n<div class=\"card-hover-grey shadow rounded-md cat-card  wp-block-column has-white-background-color has-background ek-linked-block eplus-wrapper is-layout-flow wp-block-column-is-layout-flow\">\n<div class=\"wp-block-group eplus-wrapper is-layout-constrained wp-block-group-is-layout-constrained\">\n<figure class=\"rounded-t-lg is-style-default h-fit wp-block-image size-full eplus-wrapper\"><img loading=\"lazy\" decoding=\"async\" width=\"550\" height=\"303\" src=\"https:\/\/www.icscoolenergy.com\/pl\/wp-content\/uploads\/sites\/7\/2024\/05\/Trade-thumbnail.jpg\" alt=\"\" class=\"wp-image-84255\" style=\"object-fit:cover\" srcset=\"https:\/\/www.icscoolenergy.com\/wp-content\/uploads\/sites\/7\/2024\/05\/Trade-thumbnail.jpg 550w, https:\/\/www.icscoolenergy.com\/wp-content\/uploads\/sites\/7\/2024\/05\/Trade-thumbnail-300x165.jpg 300w, https:\/\/www.icscoolenergy.com\/wp-content\/uploads\/sites\/7\/2024\/05\/Trade-thumbnail-50x28.jpg 50w\" sizes=\"auto, (max-width: 550px) 100vw, 550px\" \/><\/figure>\n\n\n\n<div class=\"px-8 pt-4 pb-8 wp-block-group eplus-wrapper is-layout-constrained wp-block-group-is-layout-constrained\">\n<h5 class=\"wp-block-heading has-text-align-left has-text-color has-link-color eplus-wrapper wp-elements-2fe1dc52edc67e9fcfd10bffe22cc452\" id=\"h-trade\" style=\"color:#323130\">Handel<\/h5>\n\n\n\n<p class=\" eplus-wrapper\">Nasza kompleksowa oferta produkt\u00f3w do kontroli temperatury procesu zosta\u0142a zaprojektowana z my\u015bl\u0105 o wzbogaceniu portfolio klient\u00f3w.<\/p>\n\n\n\n<div class=\"w-full wp-block-buttons eplus-wrapper is-content-justification-center is-layout-flex wp-container-core-buttons-is-layout-16018d1d wp-block-buttons-is-layout-flex\"><div class=\"hover-btn-light-blue w-full is-style-outline card-btn  wp-block-button has-custom-width wp-block-button__width-100 eplus-wrapper is-style-outline--2 eplus-styles-uid-aab74a\"><a class=\"wp-block-button__link has-primary-color has-text-color has-background has-link-color wp-element-button\" style=\"border-radius:100px;background-color:#ffffff00\">Dowiedz si\u0119 wi\u0119cej<\/a><\/div><\/div>\n<\/div>\n<\/div>\n<a href=\"\/solutions\/trade\/\" class=\"editorskit-block-link\" rel=\"\"><\/a><\/div>\n\n\n\n<div class=\"card-hover-grey shadow rounded-md cat-card  wp-block-column has-white-background-color has-background ek-linked-block eplus-wrapper is-layout-flow wp-block-column-is-layout-flow\">\n<div class=\"wp-block-group eplus-wrapper is-layout-constrained wp-block-group-is-layout-constrained\">\n<figure class=\"rounded-t-lg is-style-default h-fit wp-block-image size-full eplus-wrapper\"><img loading=\"lazy\" decoding=\"async\" width=\"550\" height=\"303\" src=\"https:\/\/www.icscoolenergy.com\/pl\/wp-content\/uploads\/sites\/7\/2024\/05\/OEMs.jpg\" alt=\"\" class=\"wp-image-84250\" style=\"object-fit:cover\" srcset=\"https:\/\/www.icscoolenergy.com\/wp-content\/uploads\/sites\/7\/2024\/05\/OEMs.jpg 550w, https:\/\/www.icscoolenergy.com\/wp-content\/uploads\/sites\/7\/2024\/05\/OEMs-300x165.jpg 300w, https:\/\/www.icscoolenergy.com\/wp-content\/uploads\/sites\/7\/2024\/05\/OEMs-50x28.jpg 50w\" sizes=\"auto, (max-width: 550px) 100vw, 550px\" \/><\/figure>\n\n\n\n<div class=\"px-8 pt-4 pb-8 wp-block-group eplus-wrapper is-layout-constrained wp-block-group-is-layout-constrained\">\n<h5 class=\"wp-block-heading has-text-align-left has-text-color has-link-color eplus-wrapper wp-elements-802e94c4ca0d05454341025cdb12ca07\" id=\"h-oem-s\" style=\"color:#323130\">Producenci OEM<\/h5>\n\n\n\n<p class=\" eplus-wrapper\">Producenci mog\u0105 by\u0107 pewni, \u017ce ich produkty dzia\u0142aj\u0105 w optymalnych temperaturach.<\/p>\n\n\n\n<div class=\"w-full wp-block-buttons eplus-wrapper is-content-justification-center is-layout-flex wp-container-core-buttons-is-layout-16018d1d wp-block-buttons-is-layout-flex\"><div class=\"hover-btn-light-blue w-full is-style-outline card-btn  wp-block-button has-custom-width wp-block-button__width-100 eplus-wrapper is-style-outline--3 eplus-styles-uid-85d857\"><a class=\"wp-block-button__link has-primary-color has-text-color has-background has-link-color wp-element-button\" style=\"border-radius:100px;background-color:#ffffff00\">Dowiedz si\u0119 wi\u0119cej<\/a><\/div><\/div>\n<\/div>\n<\/div>\n<a href=\"\/solutions\/oem\/\" class=\"editorskit-block-link\" rel=\"\"><\/a><\/div>\n\n\n\n<div class=\"card-hover-grey shadow rounded-md cat-card  wp-block-column has-white-background-color has-background ek-linked-block eplus-wrapper is-layout-flow wp-block-column-is-layout-flow\">\n<div class=\"wp-block-group eplus-wrapper is-layout-constrained wp-block-group-is-layout-constrained\">\n<figure class=\"rounded-t-lg is-style-default h-fit wp-block-image size-full eplus-wrapper\"><img loading=\"lazy\" decoding=\"async\" width=\"550\" height=\"303\" src=\"https:\/\/www.icscoolenergy.com\/pl\/wp-content\/uploads\/sites\/7\/2024\/05\/Energy-enhancements-thumbnail.jpg\" alt=\"\" class=\"wp-image-84240\" style=\"object-fit:cover\" srcset=\"https:\/\/www.icscoolenergy.com\/wp-content\/uploads\/sites\/7\/2024\/05\/Energy-enhancements-thumbnail.jpg 550w, https:\/\/www.icscoolenergy.com\/wp-content\/uploads\/sites\/7\/2024\/05\/Energy-enhancements-thumbnail-300x165.jpg 300w, https:\/\/www.icscoolenergy.com\/wp-content\/uploads\/sites\/7\/2024\/05\/Energy-enhancements-thumbnail-50x28.jpg 50w\" sizes=\"auto, (max-width: 550px) 100vw, 550px\" \/><\/figure>\n\n\n\n<div class=\"px-8 pt-4 pb-8 wp-block-group eplus-wrapper is-layout-constrained wp-block-group-is-layout-constrained\">\n<h5 class=\"wp-block-heading has-text-align-left has-text-color has-link-color eplus-wrapper wp-elements-76cd21aa6a95e75f6c6987208938d135\" id=\"h-energy-enhancements\" style=\"color:#323130\">Ulepszenia energetyczne<\/h5>\n\n\n\n<p class=\" eplus-wrapper\">Ulepsz sw\u00f3j sprz\u0119t, aby obni\u017cy\u0107 koszty energii, zmniejszy\u0107 emisje, wyd\u0142u\u017cy\u0107 \u017cywotno\u015b\u0107 instalacji i zmniejszy\u0107 ryzyko awarii.<\/p>\n\n\n\n<div class=\"w-full wp-block-buttons eplus-wrapper is-content-justification-center is-layout-flex wp-container-core-buttons-is-layout-16018d1d wp-block-buttons-is-layout-flex\"><div class=\"hover-btn-light-blue w-full is-style-outline card-btn  wp-block-button has-custom-width wp-block-button__width-100 eplus-wrapper is-style-outline--4 eplus-styles-uid-17ee02\"><a class=\"wp-block-button__link has-primary-color has-text-color has-background has-link-color wp-element-button\" style=\"border-radius:100px;background-color:#ffffff00\">Dowiedz si\u0119 wi\u0119cej<\/a><\/div><\/div>\n<\/div>\n<\/div>\n<a href=\"\/solutions\/energy-enhancements\/\" class=\"editorskit-block-link\" rel=\"\"><\/a><\/div>\n\n\n\n<div class=\"card-hover-grey shadow rounded-md cat-card  wp-block-column has-white-background-color has-background ek-linked-block eplus-wrapper is-layout-flow wp-block-column-is-layout-flow\">\n<div class=\"wp-block-group eplus-wrapper is-layout-constrained wp-block-group-is-layout-constrained\">\n<figure class=\"rounded-t-lg is-style-default h-fit wp-block-image size-full eplus-wrapper\"><img loading=\"lazy\" decoding=\"async\" width=\"550\" height=\"303\" src=\"https:\/\/www.icscoolenergy.com\/pl\/wp-content\/uploads\/sites\/7\/2024\/05\/Flex-CTA-thumbnail.jpg\" alt=\"\" class=\"wp-image-84245\" style=\"object-fit:cover\" srcset=\"https:\/\/www.icscoolenergy.com\/wp-content\/uploads\/sites\/7\/2024\/05\/Flex-CTA-thumbnail.jpg 550w, https:\/\/www.icscoolenergy.com\/wp-content\/uploads\/sites\/7\/2024\/05\/Flex-CTA-thumbnail-300x165.jpg 300w, https:\/\/www.icscoolenergy.com\/wp-content\/uploads\/sites\/7\/2024\/05\/Flex-CTA-thumbnail-50x28.jpg 50w\" sizes=\"auto, (max-width: 550px) 100vw, 550px\" \/><\/figure>\n\n\n\n<div class=\"px-8 pt-4 pb-8 wp-block-group eplus-wrapper is-layout-constrained wp-block-group-is-layout-constrained\">\n<h5 class=\"wp-block-heading has-text-align-left has-text-color has-link-color eplus-wrapper wp-elements-6cb640b4b75e2396a7f1ee7e32b2cd8b\" id=\"h-flex-subscriptions\" style=\"color:#323130\">Subskrypcje elastyczne<\/h5>\n\n\n\n<p class=\" eplus-wrapper\">Nasze cz\u0142onkostwo Flex umo\u017cliwia korzystanie z najnowszej technologii ch\u0142odzenia bez inwestycji kapita\u0142owych.<\/p>\n\n\n\n<div class=\"w-full wp-block-buttons eplus-wrapper is-content-justification-center is-layout-flex wp-container-core-buttons-is-layout-16018d1d wp-block-buttons-is-layout-flex\"><div class=\"hover-btn-light-blue w-full is-style-outline card-btn  wp-block-button has-custom-width wp-block-button__width-100 eplus-wrapper is-style-outline--5 eplus-styles-uid-626417\"><a class=\"wp-block-button__link has-primary-color has-text-color has-background has-link-color wp-element-button\" style=\"border-radius:100px;background-color:#ffffff00\">Dowiedz si\u0119 wi\u0119cej<\/a><\/div><\/div>\n<\/div>\n<\/div>\n<a href=\"\/solutions\/flex\/\" class=\"editorskit-block-link\" rel=\"\"><\/a><\/div>\n<\/div><\/div>\n\n<div style=\"height:40px\" aria-hidden=\"true\" class=\" wp-block-spacer eplus-wrapper\"><\/div>\n","protected":false},"excerpt":{"rendered":"<p>ROZWI\u0104ZANIA Jeste\u015bmy dumni, \u017ce mo\u017cemy by\u0107 zaanga\u017cowani w tak wielu bran\u017cach i na tak wiele r\u00f3\u017cnych sposob\u00f3w. Naszymi klientami s\u0105 zar\u00f3wno globalni liderzy, jak i M\u015aP oraz butikowi producenci. Dla nas nie ma &#8222;typowego klienta&#8221; &#8211; ka\u017cdy z nich jest zupe\u0142nie inny. Jeste\u015bmy dumni z faktu, \u017ce nasi klienci wci\u0105\u017c do nas wracaj\u0105, a wiele &#8230; <a title=\"Rozwi\u0105zania\" class=\"read-more\" href=\"https:\/\/www.icscoolenergy.com\/pl\/rozwiazania\/\" aria-label=\"More on Rozwi\u0105zania\">Read more<\/a><\/p>\n","protected":false},"author":1,"featured_media":0,"parent":0,"menu_order":0,"comment_status":"closed","ping_status":"closed","template":"template-1.php","meta":{"_acf_changed":false,"inline_featured_image":false,"_editorskit_title_hidden":false,"_editorskit_reading_time":0,"_editorskit_is_block_options_detached":false,"_editorskit_block_options_position":"{}","editor_plus_copied_stylings":"{}","footnotes":""},"class_list":["post-85972","page","type-page","status-publish"],"acf":[],"yoast_head":"<!-- This site is optimized with the Yoast SEO Premium plugin v24.5 (Yoast SEO v26.9) - https:\/\/yoast.com\/product\/yoast-seo-premium-wordpress\/ -->\n<title>Rozwi\u0105zania | Poland<\/title>\n<meta name=\"robots\" content=\"index, follow, max-snippet:-1, max-image-preview:large, max-video-preview:-1\" \/>\n<link rel=\"canonical\" href=\"https:\/\/www.icscoolenergy.com\/pl\/rozwiazania\/\" \/>\n<meta property=\"og:locale\" content=\"pl_PL\" \/>\n<meta property=\"og:type\" content=\"article\" \/>\n<meta property=\"og:title\" content=\"Rozwi\u0105zania\" \/>\n<meta property=\"og:description\" content=\"ROZWI\u0104ZANIA Jeste\u015bmy dumni, \u017ce mo\u017cemy by\u0107 zaanga\u017cowani w tak wielu bran\u017cach i na tak wiele r\u00f3\u017cnych sposob\u00f3w. Naszymi klientami s\u0105 zar\u00f3wno globalni liderzy, jak i M\u015aP oraz butikowi producenci. Dla nas nie ma &#8222;typowego klienta&#8221; &#8211; ka\u017cdy z nich jest zupe\u0142nie inny. Jeste\u015bmy dumni z faktu, \u017ce nasi klienci wci\u0105\u017c do nas wracaj\u0105, a wiele ... Read more\" \/>\n<meta property=\"og:url\" content=\"https:\/\/www.icscoolenergy.com\/pl\/rozwiazania\/\" \/>\n<meta property=\"og:site_name\" content=\"Poland\" \/>\n<meta property=\"article:modified_time\" content=\"2024-11-19T11:59:30+00:00\" \/>\n<meta property=\"og:image\" content=\"https:\/\/www.icscoolenergy.com\/pl\/wp-content\/uploads\/sites\/7\/2024\/04\/Automotive-Industry-Thumb.jpg\" \/>\n<meta name=\"twitter:card\" content=\"summary_large_image\" \/>\n<meta name=\"twitter:label1\" content=\"Est. reading time\" \/>\n\t<meta name=\"twitter:data1\" content=\"1 minuta\" \/>\n<script type=\"application\/ld+json\" class=\"yoast-schema-graph\">{\"@context\":\"https:\/\/schema.org\",\"@graph\":[{\"@type\":\"WebPage\",\"@id\":\"https:\/\/www.icscoolenergy.com\/pl\/rozwiazania\/\",\"url\":\"https:\/\/www.icscoolenergy.com\/pl\/rozwiazania\/\",\"name\":\"Rozwi\u0105zania | Poland\",\"isPartOf\":{\"@id\":\"https:\/\/www.icscoolenergy.com\/pl\/#website\"},\"primaryImageOfPage\":{\"@id\":\"https:\/\/www.icscoolenergy.com\/pl\/rozwiazania\/#primaryimage\"},\"image\":{\"@id\":\"https:\/\/www.icscoolenergy.com\/pl\/rozwiazania\/#primaryimage\"},\"thumbnailUrl\":\"https:\/\/www.icscoolenergy.com\/pl\/wp-content\/uploads\/sites\/7\/2024\/04\/Automotive-Industry-Thumb.jpg\",\"datePublished\":\"2024-01-04T11:53:44+00:00\",\"dateModified\":\"2024-11-19T11:59:30+00:00\",\"breadcrumb\":{\"@id\":\"https:\/\/www.icscoolenergy.com\/pl\/rozwiazania\/#breadcrumb\"},\"inLanguage\":\"pl-PL\",\"potentialAction\":[{\"@type\":\"ReadAction\",\"target\":[\"https:\/\/www.icscoolenergy.com\/pl\/rozwiazania\/\"]}]},{\"@type\":\"ImageObject\",\"inLanguage\":\"pl-PL\",\"@id\":\"https:\/\/www.icscoolenergy.com\/pl\/rozwiazania\/#primaryimage\",\"url\":\"https:\/\/www.icscoolenergy.com\/wp-content\/uploads\/sites\/7\/2024\/04\/Automotive-Industry-Thumb.jpg\",\"contentUrl\":\"https:\/\/www.icscoolenergy.com\/wp-content\/uploads\/sites\/7\/2024\/04\/Automotive-Industry-Thumb.jpg\",\"width\":550,\"height\":303,\"caption\":\"Automotive Industry Thumb\"},{\"@type\":\"BreadcrumbList\",\"@id\":\"https:\/\/www.icscoolenergy.com\/pl\/rozwiazania\/#breadcrumb\",\"itemListElement\":[{\"@type\":\"ListItem\",\"position\":1,\"name\":\"Home\",\"item\":\"https:\/\/www.icscoolenergy.com\/pl\/\"},{\"@type\":\"ListItem\",\"position\":2,\"name\":\"Rozwi\u0105zania\"}]},{\"@type\":\"WebSite\",\"@id\":\"https:\/\/www.icscoolenergy.com\/pl\/#website\",\"url\":\"https:\/\/www.icscoolenergy.com\/pl\/\",\"name\":\"ICS Cool Energy\",\"description\":\"The Process Temperature Control Specialists\",\"publisher\":{\"@id\":\"https:\/\/www.icscoolenergy.com\/pl\/#organization\"},\"alternateName\":\"ICS\",\"potentialAction\":[{\"@type\":\"SearchAction\",\"target\":{\"@type\":\"EntryPoint\",\"urlTemplate\":\"https:\/\/www.icscoolenergy.com\/pl\/?s={search_term_string}\"},\"query-input\":{\"@type\":\"PropertyValueSpecification\",\"valueRequired\":true,\"valueName\":\"search_term_string\"}}],\"inLanguage\":\"pl-PL\"},{\"@type\":\"Organization\",\"@id\":\"https:\/\/www.icscoolenergy.com\/pl\/#organization\",\"name\":\"ICS Cool Energy\",\"url\":\"https:\/\/www.icscoolenergy.com\/pl\/\",\"logo\":{\"@type\":\"ImageObject\",\"inLanguage\":\"pl-PL\",\"@id\":\"https:\/\/www.icscoolenergy.com\/pl\/#\/schema\/logo\/image\/\",\"url\":\"https:\/\/www.icscoolenergy.com\/wp-content\/uploads\/sites\/7\/2024\/01\/ics-cool-energy-logo.svg\",\"contentUrl\":\"https:\/\/www.icscoolenergy.com\/wp-content\/uploads\/sites\/7\/2024\/01\/ics-cool-energy-logo.svg\",\"caption\":\"ICS Cool Energy\"},\"image\":{\"@id\":\"https:\/\/www.icscoolenergy.com\/pl\/#\/schema\/logo\/image\/\"},\"sameAs\":[\"https:\/\/www.linkedin.com\/company\/ics-temperature-control\/\",\"https:\/\/www.youtube.com\/@ICSCoolEnergyLtd\"],\"description\":\"ICS Cool Energy is a market leader for process and critical temperature control solutions that keep all types and sizes of businesses and industry running. Our headquarters are situated in Southampton, with offices throughout the UK and Europe, employing over 250 people in the UK alone.\",\"email\":\"info@icscoolenergy.com\",\"telephone\":\"0800 840 4210\",\"legalName\":\"ICS Cool Energy Limited\",\"numberOfEmployees\":{\"@type\":\"QuantitativeValue\",\"minValue\":\"201\",\"maxValue\":\"500\"}}]}<\/script>\n<!-- \/ Yoast SEO Premium plugin. -->","yoast_head_json":{"title":"Rozwi\u0105zania | Poland","robots":{"index":"index","follow":"follow","max-snippet":"max-snippet:-1","max-image-preview":"max-image-preview:large","max-video-preview":"max-video-preview:-1"},"canonical":"https:\/\/www.icscoolenergy.com\/pl\/rozwiazania\/","og_locale":"pl_PL","og_type":"article","og_title":"Rozwi\u0105zania","og_description":"ROZWI\u0104ZANIA Jeste\u015bmy dumni, \u017ce mo\u017cemy by\u0107 zaanga\u017cowani w tak wielu bran\u017cach i na tak wiele r\u00f3\u017cnych sposob\u00f3w. Naszymi klientami s\u0105 zar\u00f3wno globalni liderzy, jak i M\u015aP oraz butikowi producenci. Dla nas nie ma &#8222;typowego klienta&#8221; &#8211; ka\u017cdy z nich jest zupe\u0142nie inny. Jeste\u015bmy dumni z faktu, \u017ce nasi klienci wci\u0105\u017c do nas wracaj\u0105, a wiele ... Read more","og_url":"https:\/\/www.icscoolenergy.com\/pl\/rozwiazania\/","og_site_name":"Poland","article_modified_time":"2024-11-19T11:59:30+00:00","og_image":[{"url":"https:\/\/www.icscoolenergy.com\/pl\/wp-content\/uploads\/sites\/7\/2024\/04\/Automotive-Industry-Thumb.jpg","type":"","width":"","height":""}],"twitter_card":"summary_large_image","twitter_misc":{"Est. reading time":"1 minuta"},"schema":{"@context":"https:\/\/schema.org","@graph":[{"@type":"WebPage","@id":"https:\/\/www.icscoolenergy.com\/pl\/rozwiazania\/","url":"https:\/\/www.icscoolenergy.com\/pl\/rozwiazania\/","name":"Rozwi\u0105zania | Poland","isPartOf":{"@id":"https:\/\/www.icscoolenergy.com\/pl\/#website"},"primaryImageOfPage":{"@id":"https:\/\/www.icscoolenergy.com\/pl\/rozwiazania\/#primaryimage"},"image":{"@id":"https:\/\/www.icscoolenergy.com\/pl\/rozwiazania\/#primaryimage"},"thumbnailUrl":"https:\/\/www.icscoolenergy.com\/pl\/wp-content\/uploads\/sites\/7\/2024\/04\/Automotive-Industry-Thumb.jpg","datePublished":"2024-01-04T11:53:44+00:00","dateModified":"2024-11-19T11:59:30+00:00","breadcrumb":{"@id":"https:\/\/www.icscoolenergy.com\/pl\/rozwiazania\/#breadcrumb"},"inLanguage":"pl-PL","potentialAction":[{"@type":"ReadAction","target":["https:\/\/www.icscoolenergy.com\/pl\/rozwiazania\/"]}]},{"@type":"ImageObject","inLanguage":"pl-PL","@id":"https:\/\/www.icscoolenergy.com\/pl\/rozwiazania\/#primaryimage","url":"https:\/\/www.icscoolenergy.com\/wp-content\/uploads\/sites\/7\/2024\/04\/Automotive-Industry-Thumb.jpg","contentUrl":"https:\/\/www.icscoolenergy.com\/wp-content\/uploads\/sites\/7\/2024\/04\/Automotive-Industry-Thumb.jpg","width":550,"height":303,"caption":"Automotive Industry Thumb"},{"@type":"BreadcrumbList","@id":"https:\/\/www.icscoolenergy.com\/pl\/rozwiazania\/#breadcrumb","itemListElement":[{"@type":"ListItem","position":1,"name":"Home","item":"https:\/\/www.icscoolenergy.com\/pl\/"},{"@type":"ListItem","position":2,"name":"Rozwi\u0105zania"}]},{"@type":"WebSite","@id":"https:\/\/www.icscoolenergy.com\/pl\/#website","url":"https:\/\/www.icscoolenergy.com\/pl\/","name":"ICS Cool Energy","description":"The Process Temperature Control Specialists","publisher":{"@id":"https:\/\/www.icscoolenergy.com\/pl\/#organization"},"alternateName":"ICS","potentialAction":[{"@type":"SearchAction","target":{"@type":"EntryPoint","urlTemplate":"https:\/\/www.icscoolenergy.com\/pl\/?s={search_term_string}"},"query-input":{"@type":"PropertyValueSpecification","valueRequired":true,"valueName":"search_term_string"}}],"inLanguage":"pl-PL"},{"@type":"Organization","@id":"https:\/\/www.icscoolenergy.com\/pl\/#organization","name":"ICS Cool Energy","url":"https:\/\/www.icscoolenergy.com\/pl\/","logo":{"@type":"ImageObject","inLanguage":"pl-PL","@id":"https:\/\/www.icscoolenergy.com\/pl\/#\/schema\/logo\/image\/","url":"https:\/\/www.icscoolenergy.com\/wp-content\/uploads\/sites\/7\/2024\/01\/ics-cool-energy-logo.svg","contentUrl":"https:\/\/www.icscoolenergy.com\/wp-content\/uploads\/sites\/7\/2024\/01\/ics-cool-energy-logo.svg","caption":"ICS Cool Energy"},"image":{"@id":"https:\/\/www.icscoolenergy.com\/pl\/#\/schema\/logo\/image\/"},"sameAs":["https:\/\/www.linkedin.com\/company\/ics-temperature-control\/","https:\/\/www.youtube.com\/@ICSCoolEnergyLtd"],"description":"ICS Cool Energy is a market leader for process and critical temperature control solutions that keep all types and sizes of businesses and industry running. Our headquarters are situated in Southampton, with offices throughout the UK and Europe, employing over 250 people in the UK alone.","email":"info@icscoolenergy.com","telephone":"0800 840 4210","legalName":"ICS Cool Energy Limited","numberOfEmployees":{"@type":"QuantitativeValue","minValue":"201","maxValue":"500"}}]}},"_links":{"self":[{"href":"https:\/\/www.icscoolenergy.com\/pl\/wp-json\/wp\/v2\/pages\/85972","targetHints":{"allow":["GET"]}}],"collection":[{"href":"https:\/\/www.icscoolenergy.com\/pl\/wp-json\/wp\/v2\/pages"}],"about":[{"href":"https:\/\/www.icscoolenergy.com\/pl\/wp-json\/wp\/v2\/types\/page"}],"author":[{"embeddable":true,"href":"https:\/\/www.icscoolenergy.com\/pl\/wp-json\/wp\/v2\/users\/1"}],"replies":[{"embeddable":true,"href":"https:\/\/www.icscoolenergy.com\/pl\/wp-json\/wp\/v2\/comments?post=85972"}],"version-history":[{"count":0,"href":"https:\/\/www.icscoolenergy.com\/pl\/wp-json\/wp\/v2\/pages\/85972\/revisions"}],"wp:attachment":[{"href":"https:\/\/www.icscoolenergy.com\/pl\/wp-json\/wp\/v2\/media?parent=85972"}],"curies":[{"name":"wp","href":"https:\/\/api.w.org\/{rel}","templated":true}]}}