 
{"id":85985,"date":"2024-04-02T15:14:35","date_gmt":"2024-04-02T15:14:35","guid":{"rendered":"https:\/\/www.icscoolenergy.com\/pl\/usluga\/zarzadzanie-projektami-pod-klucz\/"},"modified":"2024-11-19T11:59:55","modified_gmt":"2024-11-19T11:59:55","slug":"zarzadzanie-projektami-pod-klucz","status":"publish","type":"page","link":"https:\/\/www.icscoolenergy.com\/pl\/usluga\/zarzadzanie-projektami-pod-klucz\/","title":{"rendered":"Zarz\u0105dzanie projektami pod klucz"},"content":{"rendered":"\n<div class=\"mb-8 eplus-wrapper wp-block-group is-layout-flow wp-block-group-is-layout-flow\">\n<div class=\"md:relative eplus-wrapper wp-block-group is-layout-flow wp-block-group-is-layout-flow\">\n<div class=\"eplus-wrapper wp-block-cover\" style=\"min-height:451px;aspect-ratio:unset;\"><span aria-hidden=\"true\" class=\"wp-block-cover__background has-background-dim-0 has-background-dim\"><\/span><img loading=\"lazy\" decoding=\"async\" width=\"1980\" height=\"813\" class=\"wp-block-cover__image-background wp-image-84087\" alt=\"Chiller Project Management\" src=\"https:\/\/www.icscoolenergy.com\/pl\/wp-content\/uploads\/sites\/7\/2024\/04\/Chiller-Project-Management.jpg\" data-object-fit=\"cover\" srcset=\"https:\/\/www.icscoolenergy.com\/wp-content\/uploads\/sites\/7\/2024\/04\/Chiller-Project-Management.jpg 1980w, https:\/\/www.icscoolenergy.com\/wp-content\/uploads\/sites\/7\/2024\/04\/Chiller-Project-Management-300x123.jpg 300w, https:\/\/www.icscoolenergy.com\/wp-content\/uploads\/sites\/7\/2024\/04\/Chiller-Project-Management-1024x420.jpg 1024w, https:\/\/www.icscoolenergy.com\/wp-content\/uploads\/sites\/7\/2024\/04\/Chiller-Project-Management-768x315.jpg 768w, https:\/\/www.icscoolenergy.com\/wp-content\/uploads\/sites\/7\/2024\/04\/Chiller-Project-Management-50x21.jpg 50w, https:\/\/www.icscoolenergy.com\/wp-content\/uploads\/sites\/7\/2024\/04\/Chiller-Project-Management-1600x657.jpg 1600w, https:\/\/www.icscoolenergy.com\/wp-content\/uploads\/sites\/7\/2024\/04\/Chiller-Project-Management-1536x631.jpg 1536w, https:\/\/www.icscoolenergy.com\/wp-content\/uploads\/sites\/7\/2024\/04\/Chiller-Project-Management-600x246.jpg 600w\" sizes=\"auto, (max-width: 1980px) 100vw, 1980px\" \/><div class=\"wp-block-cover__inner-container is-layout-flow wp-block-cover-is-layout-flow\">\n<p class=\" has-text-align-center has-large-font-size eplus-wrapper\"><\/p>\n<\/div><\/div>\n\n\n\n<div class=\"rounded-tr-md sm:w-full md:w-[80%] md:h-fit md:top-[80%] relative md:-mt-[10%] z-[1] md:left-0 eplus-wrapper wp-block-group has-background is-layout-constrained wp-block-group-is-layout-constrained\" style=\"background-color:#eaeaef\">\n<h1 class=\"eplus-wrapper pt-8 wp-block-heading has-text-color has-link-color wp-elements-f7e17f7a0c00d4a536bcbc698adb3408\" id=\"h-turnkey-project-management\" style=\"color:#312f5f\">ZARZ\u0104DZANIE PROJEKTAMI POD KLUCZ<\/h1>\n\n\n\n<p class=\" eplus-wrapper\">Odkryj nasze kompleksowe wsparcie w zakresie zarz\u0105dzania projektami, zaprojektowane z my\u015bl\u0105 o Twojej dzia\u0142alno\u015bci.<\/p>\n\n\n\n<p class=\" eplus-wrapper\">Nasz wewn\u0119trzny zesp\u00f3\u0142 ds. projektowania i zarz\u0105dzania projektami b\u0119dzie \u015bci\u015ble wsp\u00f3\u0142pracowa\u0107 z klientem, aby zapewni\u0107, \u017ce sprz\u0119t do ch\u0142odzenia, ogrzewania lub kontroli temperatury jest dostosowany do powierzchni zak\u0142adu, wymaga\u0144 operacyjnych i produkcyjnych.<\/p>\n\n\n\n<p class=\" eplus-wrapper\">Tam, gdzie to mo\u017cliwe, przedstawimy zalecenia, kt\u00f3re pozwol\u0105 zaoszcz\u0119dzi\u0107 energi\u0119 i bud\u017cet bez uszczerbku dla jako\u015bci produkcji.<\/p>\n\n\n\n<p class=\" eplus-wrapper\">Jako wiod\u0105ca firma instaluj\u0105ca agregaty ch\u0142odnicze w Wielkiej Brytanii, dysponuj\u0105ca najwi\u0119ksz\u0105 dost\u0119pn\u0105 flot\u0105 urz\u0105dze\u0144, mo\u017cemy zapewni\u0107 tymczasowe rozwi\u0105zania na czas uko\u0144czenia instalacji.<\/p>\n\n\n\n<p class=\" eplus-wrapper\">Rozumiemy, jak wa\u017cny jest Tw\u00f3j sprz\u0119t dla Twojej produkcji i zapewniamy, \u017ce przy ka\u017cdej instalacji jest on \u0142atwo dost\u0119pny do bie\u017c\u0105cej konserwacji.<\/p>\n\n\n\n<p class=\" eplus-wrapper\">Ka\u017cdy projekt mo\u017ce zosta\u0107 uko\u0144czony, aby\u015b m\u00f3g\u0142 dotrze\u0107 na miejsce i skupi\u0107 si\u0119 na produkcji bez \u017cadnych k\u0142opot\u00f3w.<\/p>\n<\/div>\n<\/div>\n\n\n\n<div style=\"height:60px\" aria-hidden=\"true\" class=\"xs:hidden md:block eplus-wrapper wp-block-spacer\"><\/div>\n<\/div>\n\n<div class=\"wp-block-group eplus-wrapper is-layout-flow wp-block-group-is-layout-flow\"><div class=\"items-center md:flex xs:grid wp-block-columns eplus-wrapper is-layout-flex wp-container-core-columns-is-layout-9d6595d7 wp-block-columns-is-layout-flex eplus-styles-uid-2aee3b\">\n<div class=\"xs:order-2 md:order-2 xs:w-full md:w-6\/12 xs:mb-12 md:mb-0 wp-block-column eplus-wrapper is-layout-flow wp-block-column-is-layout-flow\">\n<figure class=\" wp-block-image size-full is-resized eplus-wrapper\"><img loading=\"lazy\" decoding=\"async\" width=\"720\" height=\"567\" src=\"https:\/\/www.icscoolenergy.com\/pl\/wp-content\/uploads\/sites\/7\/2024\/04\/Chiller-Turnkey-Project-Management.jpg\" alt='Zarz\u0105dzanie projektem \"pod klucz\" agregatu ch\u0142odniczego' class=\"wp-image-84093\" style=\"width:720px\" srcset=\"https:\/\/www.icscoolenergy.com\/wp-content\/uploads\/sites\/7\/2024\/04\/Chiller-Turnkey-Project-Management.jpg 720w, https:\/\/www.icscoolenergy.com\/wp-content\/uploads\/sites\/7\/2024\/04\/Chiller-Turnkey-Project-Management-300x236.jpg 300w, https:\/\/www.icscoolenergy.com\/wp-content\/uploads\/sites\/7\/2024\/04\/Chiller-Turnkey-Project-Management-50x39.jpg 50w, https:\/\/www.icscoolenergy.com\/wp-content\/uploads\/sites\/7\/2024\/04\/Chiller-Turnkey-Project-Management-600x473.jpg 600w\" sizes=\"auto, (max-width: 720px) 100vw, 720px\" \/><\/figure>\n<\/div>\n\n\n\n<div class=\"xs:order-1 md:order-1 xs:w-full md:w-6\/12 wp-block-column eplus-wrapper is-layout-flow wp-block-column-is-layout-flow\">\n<h3 class=\" wp-block-heading eplus-wrapper\" id=\"h-our-team-will-project-manage\"><strong>NASZ ZESP\u00d3\u0141 B\u0118DZIE ZARZ\u0104DZA\u0141 PROJEKTAMI<\/strong><\/h3>\n\n\n\n<div class=\"wp-block-group eplus-wrapper is-content-justification-left is-nowrap is-layout-flex wp-container-core-group-is-layout-f56a869c wp-block-group-is-layout-flex\">\n<figure class=\" wp-block-image size-large is-resized eplus-wrapper\"><img loading=\"lazy\" decoding=\"async\" width=\"87\" height=\"100\" src=\"https:\/\/www.icscoolenergy.com\/pl\/wp-content\/uploads\/sites\/7\/2024\/04\/Icons-2024_compliance.svg\" alt=\"\" class=\"wp-image-79453\" style=\"width:28px;height:auto\"><\/figure>\n\n\n\n<p class=\"has-text-align-left has-text-color has-link-color eplus-wrapper wp-elements-3797d7a0a66405789ca342004eaa7ed2\" style=\"color:#323130\">Dostawa na miejsce<\/p>\n<\/div>\n\n\n\n<div style=\"height:8px\" aria-hidden=\"true\" class=\" wp-block-spacer eplus-wrapper\"><\/div>\n\n\n\n<div class=\"wp-block-group eplus-wrapper is-content-justification-left is-nowrap is-layout-flex wp-container-core-group-is-layout-f56a869c wp-block-group-is-layout-flex\">\n<figure class=\" wp-block-image size-large is-resized eplus-wrapper\"><img loading=\"lazy\" decoding=\"async\" width=\"87\" height=\"100\" src=\"https:\/\/www.icscoolenergy.com\/pl\/wp-content\/uploads\/sites\/7\/2024\/04\/Icons-2024_compliance.svg\" alt=\"\" class=\"wp-image-79453\" style=\"width:28px;height:auto\"><\/figure>\n\n\n\n<p class=\"has-text-align-left has-text-color has-link-color eplus-wrapper wp-elements-bcc5b8f0717333629462ea89a7c0acd0\" style=\"color:#323130\">Usuni\u0119cie zb\u0119dnego sprz\u0119tu, wycofanie z eksploatacji i etyczna utylizacja.<\/p>\n<\/div>\n\n\n\n<div style=\"height:8px\" aria-hidden=\"true\" class=\" wp-block-spacer eplus-wrapper\"><\/div>\n\n\n\n<div class=\"wp-block-group eplus-wrapper is-content-justification-left is-nowrap is-layout-flex wp-container-core-group-is-layout-f56a869c wp-block-group-is-layout-flex\">\n<figure class=\" wp-block-image size-large is-resized eplus-wrapper\"><img loading=\"lazy\" decoding=\"async\" width=\"87\" height=\"100\" src=\"https:\/\/www.icscoolenergy.com\/pl\/wp-content\/uploads\/sites\/7\/2024\/04\/Icons-2024_compliance.svg\" alt=\"\" class=\"wp-image-79453\" style=\"width:28px;height:auto\"><\/figure>\n\n\n\n<p class=\"has-text-align-left has-text-color has-link-color eplus-wrapper wp-elements-d8c9f86267c9ab1ddcbcc56784d1eb78\" style=\"color:#323130\">W pe\u0142ni spawana\/naciskana\/ABS instalacja rurowa i izolacja termiczna oraz konstrukcja antresoli.<\/p>\n<\/div>\n\n\n\n<div style=\"height:8px\" aria-hidden=\"true\" class=\" wp-block-spacer eplus-wrapper\"><\/div>\n\n\n\n<div class=\"wp-block-group eplus-wrapper is-content-justification-left is-nowrap is-layout-flex wp-container-core-group-is-layout-f56a869c wp-block-group-is-layout-flex\">\n<figure class=\" wp-block-image size-large is-resized eplus-wrapper\"><img loading=\"lazy\" decoding=\"async\" width=\"87\" height=\"100\" src=\"https:\/\/www.icscoolenergy.com\/pl\/wp-content\/uploads\/sites\/7\/2024\/04\/Icons-2024_compliance.svg\" alt=\"\" class=\"wp-image-79453\" style=\"width:28px;height:auto\"><\/figure>\n\n\n\n<p class=\"has-text-align-left has-text-color has-link-color eplus-wrapper wp-elements-15d2866492a694c85ae723ae4cf252fd\" style=\"color:#323130\">Zbiorniki, pompy, wymienniki ciep\u0142a i przewody.<\/p>\n<\/div>\n\n\n\n<div style=\"height:8px\" aria-hidden=\"true\" class=\" wp-block-spacer eplus-wrapper\"><\/div>\n\n\n\n<div class=\"wp-block-group eplus-wrapper is-content-justification-left is-nowrap is-layout-flex wp-container-core-group-is-layout-f56a869c wp-block-group-is-layout-flex\">\n<figure class=\" wp-block-image size-large is-resized eplus-wrapper\"><img loading=\"lazy\" decoding=\"async\" width=\"87\" height=\"100\" src=\"https:\/\/www.icscoolenergy.com\/pl\/wp-content\/uploads\/sites\/7\/2024\/04\/Icons-2024_compliance.svg\" alt=\"\" class=\"wp-image-79453\" style=\"width:28px;height:auto\"><\/figure>\n\n\n\n<p class=\"has-text-align-left has-text-color has-link-color eplus-wrapper wp-elements-ddf1524552563f55dc9031b1c82e742b\" style=\"color:#323130\">Pe\u0142en kontrakt d\u017awigowy dla agregat\u00f3w ch\u0142odniczych i urz\u0105dze\u0144 peryferyjnych.<\/p>\n<\/div>\n\n\n\n<div style=\"height:8px\" aria-hidden=\"true\" class=\" wp-block-spacer eplus-wrapper\"><\/div>\n\n\n\n<div class=\"wp-block-group eplus-wrapper is-content-justification-left is-nowrap is-layout-flex wp-container-core-group-is-layout-f56a869c wp-block-group-is-layout-flex\">\n<figure class=\" wp-block-image size-large is-resized eplus-wrapper\"><img loading=\"lazy\" decoding=\"async\" width=\"87\" height=\"100\" src=\"https:\/\/www.icscoolenergy.com\/pl\/wp-content\/uploads\/sites\/7\/2024\/04\/Icons-2024_compliance.svg\" alt=\"\" class=\"wp-image-79453\" style=\"width:28px;height:auto\"><\/figure>\n\n\n\n<p class=\"has-text-align-left has-text-color has-link-color eplus-wrapper wp-elements-dc292a330ccff8b393db96ea020b1364\" style=\"color:#323130\">Instalacja elektryczna, integracja BMS i produkcja paneli sterowania na zam\u00f3wienie.<\/p>\n<\/div>\n<\/div>\n<\/div><\/div>\n\n<div style=\"height:80px\" aria-hidden=\"true\" class=\" wp-block-spacer eplus-wrapper\"><\/div>\n\n<div class=\" wp-block-cover alignfull is-light eplus-wrapper\" style=\"min-height:756px;aspect-ratio:unset;\"><span aria-hidden=\"true\" class=\"wp-block-cover__background has-white-background-color has-background-dim-100 has-background-dim\"><\/span><div class=\"wp-block-cover__inner-container is-layout-constrained wp-block-cover-is-layout-constrained\">\n<div style=\"height:80px\" aria-hidden=\"true\" class=\" wp-block-spacer eplus-wrapper\"><\/div>\n\n\n\n<div class=\"wp-block-group eplus-wrapper is-layout-constrained wp-block-group-is-layout-constrained\">\n<h3 class=\"wp-block-heading has-text-align-center has-text-color has-link-color eplus-wrapper wp-elements-633ed8dc8a0b22a86827dbe758e091bd\" id=\"h-free-cooling-installation\" style=\"color:#312f5f;text-transform:uppercase\"><strong>DARMOWA INSTALACJA CH\u0141ODZENIA<\/strong><\/h3>\n\n\n\n<p class=\" has-text-align-center eplus-wrapper\">Bez wzgl\u0119du na to, jakie jest Twoje wyzwanie zwi\u0105zane z kontrol\u0105 temperatury, mo\u017cemy pom\u00f3c Ci &#8222;sprawi\u0107, by dzia\u0142a\u0142o&#8221;.<\/p>\n<\/div>\n\n\n\n<figure class=\"wp-embed-aspect-16-9 wp-has-aspect-ratio wp-block-embed is-type-video is-provider-youtube wp-block-embed-youtube eplus-wrapper\"><div class=\"wp-block-embed__wrapper\">\n<iframe loading=\"lazy\" title=\"Free Cooling &amp; Chiller Installation\" width=\"1200\" height=\"675\" src=\"https:\/\/www.youtube.com\/embed\/uPrOtIRH4hk?feature=oembed\" frameborder=\"0\" allow=\"accelerometer; autoplay; clipboard-write; encrypted-media; gyroscope; picture-in-picture; web-share\" referrerpolicy=\"strict-origin-when-cross-origin\" allowfullscreen><\/iframe>\n<\/div><\/figure>\n\n\n\n<div style=\"height:30px\" aria-hidden=\"true\" class=\" wp-block-spacer eplus-wrapper\"><\/div>\n<\/div><\/div>\n","protected":false},"excerpt":{"rendered":"<p>ZARZ\u0104DZANIE PROJEKTAMI POD KLUCZ Odkryj nasze kompleksowe wsparcie w zakresie zarz\u0105dzania projektami, zaprojektowane z my\u015bl\u0105 o Twojej dzia\u0142alno\u015bci. Nasz wewn\u0119trzny zesp\u00f3\u0142 ds. projektowania i zarz\u0105dzania projektami b\u0119dzie \u015bci\u015ble wsp\u00f3\u0142pracowa\u0107 z klientem, aby zapewni\u0107, \u017ce sprz\u0119t do ch\u0142odzenia, ogrzewania lub kontroli temperatury jest dostosowany do powierzchni zak\u0142adu, wymaga\u0144 operacyjnych i produkcyjnych. Tam, gdzie to mo\u017cliwe, przedstawimy &#8230; <a title=\"Zarz\u0105dzanie projektami pod klucz\" class=\"read-more\" href=\"https:\/\/www.icscoolenergy.com\/pl\/usluga\/zarzadzanie-projektami-pod-klucz\/\" aria-label=\"More on Zarz\u0105dzanie projektami pod klucz\">Read more<\/a><\/p>\n","protected":false},"author":1,"featured_media":0,"parent":85960,"menu_order":0,"comment_status":"closed","ping_status":"closed","template":"template-1.php","meta":{"_acf_changed":false,"inline_featured_image":false,"_editorskit_title_hidden":false,"_editorskit_reading_time":0,"_editorskit_is_block_options_detached":false,"_editorskit_block_options_position":"{}","editor_plus_copied_stylings":"{}","footnotes":""},"class_list":["post-85985","page","type-page","status-publish"],"acf":[],"yoast_head":"<!-- This site is optimized with the Yoast SEO Premium plugin v24.5 (Yoast SEO v26.9) - https:\/\/yoast.com\/product\/yoast-seo-premium-wordpress\/ -->\n<title>Zarz\u0105dzanie projektami pod klucz | Poland<\/title>\n<meta name=\"robots\" content=\"index, follow, max-snippet:-1, max-image-preview:large, max-video-preview:-1\" \/>\n<link rel=\"canonical\" href=\"https:\/\/www.icscoolenergy.com\/pl\/usluga\/zarzadzanie-projektami-pod-klucz\/\" \/>\n<meta property=\"og:locale\" content=\"pl_PL\" \/>\n<meta property=\"og:type\" content=\"article\" \/>\n<meta property=\"og:title\" content=\"Zarz\u0105dzanie projektami pod klucz\" \/>\n<meta property=\"og:description\" content=\"ZARZ\u0104DZANIE PROJEKTAMI POD KLUCZ Odkryj nasze kompleksowe wsparcie w zakresie zarz\u0105dzania projektami, zaprojektowane z my\u015bl\u0105 o Twojej dzia\u0142alno\u015bci. Nasz wewn\u0119trzny zesp\u00f3\u0142 ds. projektowania i zarz\u0105dzania projektami b\u0119dzie \u015bci\u015ble wsp\u00f3\u0142pracowa\u0107 z klientem, aby zapewni\u0107, \u017ce sprz\u0119t do ch\u0142odzenia, ogrzewania lub kontroli temperatury jest dostosowany do powierzchni zak\u0142adu, wymaga\u0144 operacyjnych i produkcyjnych. Tam, gdzie to mo\u017cliwe, przedstawimy ... Read more\" \/>\n<meta property=\"og:url\" content=\"https:\/\/www.icscoolenergy.com\/pl\/usluga\/zarzadzanie-projektami-pod-klucz\/\" \/>\n<meta property=\"og:site_name\" content=\"Poland\" \/>\n<meta property=\"article:modified_time\" content=\"2024-11-19T11:59:55+00:00\" \/>\n<meta property=\"og:image\" content=\"https:\/\/www.icscoolenergy.com\/pl\/wp-content\/uploads\/sites\/7\/2024\/04\/Chiller-Project-Management.jpg\" \/>\n<meta name=\"twitter:card\" content=\"summary_large_image\" \/>\n<meta name=\"twitter:label1\" content=\"Est. reading time\" \/>\n\t<meta name=\"twitter:data1\" content=\"1 minuta\" \/>\n<script type=\"application\/ld+json\" class=\"yoast-schema-graph\">{\"@context\":\"https:\/\/schema.org\",\"@graph\":[{\"@type\":\"WebPage\",\"@id\":\"https:\/\/www.icscoolenergy.com\/pl\/usluga\/zarzadzanie-projektami-pod-klucz\/\",\"url\":\"https:\/\/www.icscoolenergy.com\/pl\/usluga\/zarzadzanie-projektami-pod-klucz\/\",\"name\":\"Zarz\u0105dzanie projektami pod klucz | Poland\",\"isPartOf\":{\"@id\":\"https:\/\/www.icscoolenergy.com\/pl\/#website\"},\"primaryImageOfPage\":{\"@id\":\"https:\/\/www.icscoolenergy.com\/pl\/usluga\/zarzadzanie-projektami-pod-klucz\/#primaryimage\"},\"image\":{\"@id\":\"https:\/\/www.icscoolenergy.com\/pl\/usluga\/zarzadzanie-projektami-pod-klucz\/#primaryimage\"},\"thumbnailUrl\":\"https:\/\/www.icscoolenergy.com\/pl\/wp-content\/uploads\/sites\/7\/2024\/04\/Chiller-Project-Management.jpg\",\"datePublished\":\"2024-04-02T15:14:35+00:00\",\"dateModified\":\"2024-11-19T11:59:55+00:00\",\"breadcrumb\":{\"@id\":\"https:\/\/www.icscoolenergy.com\/pl\/usluga\/zarzadzanie-projektami-pod-klucz\/#breadcrumb\"},\"inLanguage\":\"pl-PL\",\"potentialAction\":[{\"@type\":\"ReadAction\",\"target\":[\"https:\/\/www.icscoolenergy.com\/pl\/usluga\/zarzadzanie-projektami-pod-klucz\/\"]}]},{\"@type\":\"ImageObject\",\"inLanguage\":\"pl-PL\",\"@id\":\"https:\/\/www.icscoolenergy.com\/pl\/usluga\/zarzadzanie-projektami-pod-klucz\/#primaryimage\",\"url\":\"https:\/\/www.icscoolenergy.com\/wp-content\/uploads\/sites\/7\/2024\/04\/Chiller-Project-Management.jpg\",\"contentUrl\":\"https:\/\/www.icscoolenergy.com\/wp-content\/uploads\/sites\/7\/2024\/04\/Chiller-Project-Management.jpg\",\"width\":1980,\"height\":813,\"caption\":\"Chiller Project Management\"},{\"@type\":\"BreadcrumbList\",\"@id\":\"https:\/\/www.icscoolenergy.com\/pl\/usluga\/zarzadzanie-projektami-pod-klucz\/#breadcrumb\",\"itemListElement\":[{\"@type\":\"ListItem\",\"position\":1,\"name\":\"Home\",\"item\":\"https:\/\/www.icscoolenergy.com\/pl\/\"},{\"@type\":\"ListItem\",\"position\":2,\"name\":\"Us\u0142uga\",\"item\":\"https:\/\/www.icscoolenergy.com\/pl\/usluga\/\"},{\"@type\":\"ListItem\",\"position\":3,\"name\":\"Zarz\u0105dzanie projektami pod klucz\"}]},{\"@type\":\"WebSite\",\"@id\":\"https:\/\/www.icscoolenergy.com\/pl\/#website\",\"url\":\"https:\/\/www.icscoolenergy.com\/pl\/\",\"name\":\"ICS Cool Energy\",\"description\":\"The Process Temperature Control Specialists\",\"publisher\":{\"@id\":\"https:\/\/www.icscoolenergy.com\/pl\/#organization\"},\"alternateName\":\"ICS\",\"potentialAction\":[{\"@type\":\"SearchAction\",\"target\":{\"@type\":\"EntryPoint\",\"urlTemplate\":\"https:\/\/www.icscoolenergy.com\/pl\/?s={search_term_string}\"},\"query-input\":{\"@type\":\"PropertyValueSpecification\",\"valueRequired\":true,\"valueName\":\"search_term_string\"}}],\"inLanguage\":\"pl-PL\"},{\"@type\":\"Organization\",\"@id\":\"https:\/\/www.icscoolenergy.com\/pl\/#organization\",\"name\":\"ICS Cool Energy\",\"url\":\"https:\/\/www.icscoolenergy.com\/pl\/\",\"logo\":{\"@type\":\"ImageObject\",\"inLanguage\":\"pl-PL\",\"@id\":\"https:\/\/www.icscoolenergy.com\/pl\/#\/schema\/logo\/image\/\",\"url\":\"https:\/\/www.icscoolenergy.com\/wp-content\/uploads\/sites\/7\/2024\/01\/ics-cool-energy-logo.svg\",\"contentUrl\":\"https:\/\/www.icscoolenergy.com\/wp-content\/uploads\/sites\/7\/2024\/01\/ics-cool-energy-logo.svg\",\"caption\":\"ICS Cool Energy\"},\"image\":{\"@id\":\"https:\/\/www.icscoolenergy.com\/pl\/#\/schema\/logo\/image\/\"},\"sameAs\":[\"https:\/\/www.linkedin.com\/company\/ics-temperature-control\/\",\"https:\/\/www.youtube.com\/@ICSCoolEnergyLtd\"],\"description\":\"ICS Cool Energy is a market leader for process and critical temperature control solutions that keep all types and sizes of businesses and industry running. Our headquarters are situated in Southampton, with offices throughout the UK and Europe, employing over 250 people in the UK alone.\",\"email\":\"info@icscoolenergy.com\",\"telephone\":\"0800 840 4210\",\"legalName\":\"ICS Cool Energy Limited\",\"numberOfEmployees\":{\"@type\":\"QuantitativeValue\",\"minValue\":\"201\",\"maxValue\":\"500\"}}]}<\/script>\n<!-- \/ Yoast SEO Premium plugin. -->","yoast_head_json":{"title":"Zarz\u0105dzanie projektami pod klucz | Poland","robots":{"index":"index","follow":"follow","max-snippet":"max-snippet:-1","max-image-preview":"max-image-preview:large","max-video-preview":"max-video-preview:-1"},"canonical":"https:\/\/www.icscoolenergy.com\/pl\/usluga\/zarzadzanie-projektami-pod-klucz\/","og_locale":"pl_PL","og_type":"article","og_title":"Zarz\u0105dzanie projektami pod klucz","og_description":"ZARZ\u0104DZANIE PROJEKTAMI POD KLUCZ Odkryj nasze kompleksowe wsparcie w zakresie zarz\u0105dzania projektami, zaprojektowane z my\u015bl\u0105 o Twojej dzia\u0142alno\u015bci. Nasz wewn\u0119trzny zesp\u00f3\u0142 ds. projektowania i zarz\u0105dzania projektami b\u0119dzie \u015bci\u015ble wsp\u00f3\u0142pracowa\u0107 z klientem, aby zapewni\u0107, \u017ce sprz\u0119t do ch\u0142odzenia, ogrzewania lub kontroli temperatury jest dostosowany do powierzchni zak\u0142adu, wymaga\u0144 operacyjnych i produkcyjnych. Tam, gdzie to mo\u017cliwe, przedstawimy ... Read more","og_url":"https:\/\/www.icscoolenergy.com\/pl\/usluga\/zarzadzanie-projektami-pod-klucz\/","og_site_name":"Poland","article_modified_time":"2024-11-19T11:59:55+00:00","og_image":[{"url":"https:\/\/www.icscoolenergy.com\/pl\/wp-content\/uploads\/sites\/7\/2024\/04\/Chiller-Project-Management.jpg","type":"","width":"","height":""}],"twitter_card":"summary_large_image","twitter_misc":{"Est. reading time":"1 minuta"},"schema":{"@context":"https:\/\/schema.org","@graph":[{"@type":"WebPage","@id":"https:\/\/www.icscoolenergy.com\/pl\/usluga\/zarzadzanie-projektami-pod-klucz\/","url":"https:\/\/www.icscoolenergy.com\/pl\/usluga\/zarzadzanie-projektami-pod-klucz\/","name":"Zarz\u0105dzanie projektami pod klucz | Poland","isPartOf":{"@id":"https:\/\/www.icscoolenergy.com\/pl\/#website"},"primaryImageOfPage":{"@id":"https:\/\/www.icscoolenergy.com\/pl\/usluga\/zarzadzanie-projektami-pod-klucz\/#primaryimage"},"image":{"@id":"https:\/\/www.icscoolenergy.com\/pl\/usluga\/zarzadzanie-projektami-pod-klucz\/#primaryimage"},"thumbnailUrl":"https:\/\/www.icscoolenergy.com\/pl\/wp-content\/uploads\/sites\/7\/2024\/04\/Chiller-Project-Management.jpg","datePublished":"2024-04-02T15:14:35+00:00","dateModified":"2024-11-19T11:59:55+00:00","breadcrumb":{"@id":"https:\/\/www.icscoolenergy.com\/pl\/usluga\/zarzadzanie-projektami-pod-klucz\/#breadcrumb"},"inLanguage":"pl-PL","potentialAction":[{"@type":"ReadAction","target":["https:\/\/www.icscoolenergy.com\/pl\/usluga\/zarzadzanie-projektami-pod-klucz\/"]}]},{"@type":"ImageObject","inLanguage":"pl-PL","@id":"https:\/\/www.icscoolenergy.com\/pl\/usluga\/zarzadzanie-projektami-pod-klucz\/#primaryimage","url":"https:\/\/www.icscoolenergy.com\/wp-content\/uploads\/sites\/7\/2024\/04\/Chiller-Project-Management.jpg","contentUrl":"https:\/\/www.icscoolenergy.com\/wp-content\/uploads\/sites\/7\/2024\/04\/Chiller-Project-Management.jpg","width":1980,"height":813,"caption":"Chiller Project Management"},{"@type":"BreadcrumbList","@id":"https:\/\/www.icscoolenergy.com\/pl\/usluga\/zarzadzanie-projektami-pod-klucz\/#breadcrumb","itemListElement":[{"@type":"ListItem","position":1,"name":"Home","item":"https:\/\/www.icscoolenergy.com\/pl\/"},{"@type":"ListItem","position":2,"name":"Us\u0142uga","item":"https:\/\/www.icscoolenergy.com\/pl\/usluga\/"},{"@type":"ListItem","position":3,"name":"Zarz\u0105dzanie projektami pod klucz"}]},{"@type":"WebSite","@id":"https:\/\/www.icscoolenergy.com\/pl\/#website","url":"https:\/\/www.icscoolenergy.com\/pl\/","name":"ICS Cool Energy","description":"The Process Temperature Control Specialists","publisher":{"@id":"https:\/\/www.icscoolenergy.com\/pl\/#organization"},"alternateName":"ICS","potentialAction":[{"@type":"SearchAction","target":{"@type":"EntryPoint","urlTemplate":"https:\/\/www.icscoolenergy.com\/pl\/?s={search_term_string}"},"query-input":{"@type":"PropertyValueSpecification","valueRequired":true,"valueName":"search_term_string"}}],"inLanguage":"pl-PL"},{"@type":"Organization","@id":"https:\/\/www.icscoolenergy.com\/pl\/#organization","name":"ICS Cool Energy","url":"https:\/\/www.icscoolenergy.com\/pl\/","logo":{"@type":"ImageObject","inLanguage":"pl-PL","@id":"https:\/\/www.icscoolenergy.com\/pl\/#\/schema\/logo\/image\/","url":"https:\/\/www.icscoolenergy.com\/wp-content\/uploads\/sites\/7\/2024\/01\/ics-cool-energy-logo.svg","contentUrl":"https:\/\/www.icscoolenergy.com\/wp-content\/uploads\/sites\/7\/2024\/01\/ics-cool-energy-logo.svg","caption":"ICS Cool Energy"},"image":{"@id":"https:\/\/www.icscoolenergy.com\/pl\/#\/schema\/logo\/image\/"},"sameAs":["https:\/\/www.linkedin.com\/company\/ics-temperature-control\/","https:\/\/www.youtube.com\/@ICSCoolEnergyLtd"],"description":"ICS Cool Energy is a market leader for process and critical temperature control solutions that keep all types and sizes of businesses and industry running. Our headquarters are situated in Southampton, with offices throughout the UK and Europe, employing over 250 people in the UK alone.","email":"info@icscoolenergy.com","telephone":"0800 840 4210","legalName":"ICS Cool Energy Limited","numberOfEmployees":{"@type":"QuantitativeValue","minValue":"201","maxValue":"500"}}]}},"_links":{"self":[{"href":"https:\/\/www.icscoolenergy.com\/pl\/wp-json\/wp\/v2\/pages\/85985","targetHints":{"allow":["GET"]}}],"collection":[{"href":"https:\/\/www.icscoolenergy.com\/pl\/wp-json\/wp\/v2\/pages"}],"about":[{"href":"https:\/\/www.icscoolenergy.com\/pl\/wp-json\/wp\/v2\/types\/page"}],"author":[{"embeddable":true,"href":"https:\/\/www.icscoolenergy.com\/pl\/wp-json\/wp\/v2\/users\/1"}],"replies":[{"embeddable":true,"href":"https:\/\/www.icscoolenergy.com\/pl\/wp-json\/wp\/v2\/comments?post=85985"}],"version-history":[{"count":0,"href":"https:\/\/www.icscoolenergy.com\/pl\/wp-json\/wp\/v2\/pages\/85985\/revisions"}],"up":[{"embeddable":true,"href":"https:\/\/www.icscoolenergy.com\/pl\/wp-json\/wp\/v2\/pages\/85960"}],"wp:attachment":[{"href":"https:\/\/www.icscoolenergy.com\/pl\/wp-json\/wp\/v2\/media?parent=85985"}],"curies":[{"name":"wp","href":"https:\/\/api.w.org\/{rel}","templated":true}]}}