 
{"id":86002,"date":"2024-04-09T13:31:15","date_gmt":"2024-04-09T13:31:15","guid":{"rendered":"https:\/\/www.icscoolenergy.com\/pl\/o-nas\/historia\/"},"modified":"2024-11-19T12:00:23","modified_gmt":"2024-11-19T12:00:23","slug":"historia","status":"publish","type":"page","link":"https:\/\/www.icscoolenergy.com\/pl\/o-nas\/historia\/","title":{"rendered":"Historia"},"content":{"rendered":"\n<div class=\"mb-8 eplus-wrapper wp-block-group is-layout-flow wp-block-group-is-layout-flow\">\n<div class=\"md:relative eplus-wrapper wp-block-group is-layout-flow wp-block-group-is-layout-flow\">\n<div class=\"eplus-wrapper wp-block-cover is-light\" style=\"min-height:451px;aspect-ratio:unset;\"><span aria-hidden=\"true\" class=\"wp-block-cover__background has-background-dim-0 has-background-dim\"><\/span><img loading=\"lazy\" decoding=\"async\" width=\"1980\" height=\"990\" class=\"wp-block-cover__image-background wp-image-84318\" alt=\"A brief history\" src=\"https:\/\/www.icscoolenergy.com\/pl\/wp-content\/uploads\/sites\/7\/2024\/05\/A-breif-history.jpg\" style=\"object-position:21% 85%\" data-object-fit=\"cover\" data-object-position=\"21% 85%\" srcset=\"https:\/\/www.icscoolenergy.com\/wp-content\/uploads\/sites\/7\/2024\/05\/A-breif-history.jpg 1980w, https:\/\/www.icscoolenergy.com\/wp-content\/uploads\/sites\/7\/2024\/05\/A-breif-history-300x150.jpg 300w, https:\/\/www.icscoolenergy.com\/wp-content\/uploads\/sites\/7\/2024\/05\/A-breif-history-1024x512.jpg 1024w, https:\/\/www.icscoolenergy.com\/wp-content\/uploads\/sites\/7\/2024\/05\/A-breif-history-768x384.jpg 768w, https:\/\/www.icscoolenergy.com\/wp-content\/uploads\/sites\/7\/2024\/05\/A-breif-history-50x25.jpg 50w, https:\/\/www.icscoolenergy.com\/wp-content\/uploads\/sites\/7\/2024\/05\/A-breif-history-1600x800.jpg 1600w, https:\/\/www.icscoolenergy.com\/wp-content\/uploads\/sites\/7\/2024\/05\/A-breif-history-1536x768.jpg 1536w, https:\/\/www.icscoolenergy.com\/wp-content\/uploads\/sites\/7\/2024\/05\/A-breif-history-600x300.jpg 600w\" sizes=\"auto, (max-width: 1980px) 100vw, 1980px\" \/><div class=\"wp-block-cover__inner-container is-layout-flow wp-block-cover-is-layout-flow\">\n<p class=\" has-text-align-center has-large-font-size eplus-wrapper\"><\/p>\n<\/div><\/div>\n\n\n\n<div class=\"rounded-tr-md sm:w-full md:w-[80%] md:h-fit md:top-[80%] relative md:-mt-[10%] z-[1] md:left-0 eplus-wrapper wp-block-group has-background is-layout-constrained wp-block-group-is-layout-constrained\" style=\"background-color:#eaeaef\">\n<h1 class=\"eplus-wrapper pt-8 wp-block-heading has-text-color has-link-color wp-elements-5aea28526b3ec8e302163527e4a16b98\" style=\"color:#312f5f\">ODKRYJ, JAK ROZPOCZ\u0104\u0141 SI\u0118 LIDER W DZIEDZINIE KONTROLI TEMPERATURY<\/h1>\n\n\n\n<p class=\" eplus-wrapper\">Od ma\u0142ych pocz\u0105tk\u00f3w do mi\u0119dzynarodowego lidera kontroli temperatury.<\/p>\n<\/div>\n<\/div>\n\n\n\n<div style=\"height:60px\" aria-hidden=\"true\" class=\"xs:hidden md:block eplus-wrapper wp-block-spacer\"><\/div>\n<\/div>\n\n<div class=\"flex flex-row flex-wrap md:flex-nowrap sm:justify-center sm:items-center wp-block-group eplus-wrapper is-layout-constrained wp-block-group-is-layout-constrained\">\n<div class=\"w-full p-2 m-2 wp-block-group eplus-wrapper is-vertical is-layout-flex wp-container-core-group-is-layout-8cf370e7 wp-block-group-is-layout-flex\">\n<p class=\"has-text-color has-link-color eplus-wrapper wp-elements-ae7e11ae26ddd3a55cbd100ceff7c084\" style=\"color:#323130\">ICS Cool Energy powsta\u0142a w 1989 roku jako Industrial Cooling Systems z oddzia\u0142ami w Bradford i Southampton. W po\u0142owie lat dziewi\u0119\u0107dziesi\u0105tych firma kontynuowa\u0142a ekspansj\u0119, otwieraj\u0105c nowe biura w ca\u0142ej Wielkiej Brytanii. <\/p>\n\n\n\n<p class=\"has-text-color has-link-color eplus-wrapper wp-elements-65f170b24b391f479ad5c1aa38c8bdc6\" style=\"color:#323130\">W 2003 r. powsta\u0142a Cool Energy, specjalistyczna firma zajmuj\u0105ca si\u0119 wynajmem urz\u0105dze\u0144 do pomiaru temperatury, kt\u00f3ra nast\u0119pnie w 2005 r. po\u0142\u0105czy\u0142a si\u0119 z Industrial Cooling Systems, tworz\u0105c ICS Cool Energy Ltd.. ICS Cool Energy rozszerzy\u0142a swoj\u0105 dzia\u0142alno\u015b\u0107 na Niemcy, Szwajcari\u0119, kraje Beneluksu i Francj\u0119, zwi\u0119kszaj\u0105c przychody o ponad 20% CAGR w latach 2013-2018.   <\/p>\n\n\n\n<p class=\"has-text-color has-link-color eplus-wrapper wp-elements-ce62da90cf87d0bf1caad693ad87a512\" style=\"color:#323130\">W styczniu 2018 roku ICS Cool Energy Ltd zosta\u0142a przej\u0119ta przez Ingersoll-Rand PLC, \u015bwiatowego lidera w tworzeniu komfortowych, zr\u00f3wnowa\u017conych i wydajnych \u015brodowisk.<\/p>\n\n\n\n<p class=\"has-text-color has-link-color eplus-wrapper wp-elements-9235c8f04b32645354de8ac6066ec401\" style=\"color:#323130\">W 2020 roku firma <a href=\"https:\/\/www.tranetechnologies.com\/en\/index.html\">Trane Technologies<\/a> powsta\u0142a z przej\u0119cia przez Ingersoll-Rand firmy Thermo King w 1997 roku i Trane w 2008 roku. Wraz z r\u00f3\u017cnorodnym portfolio najlepszych firm w bran\u017cy, Trane Technologies stawia sobie za cel tworzenie zr\u00f3wnowa\u017conej przysz\u0142o\u015bci dla naszej planety. <\/p>\n\n\n\n<p class=\"has-text-color has-link-color eplus-wrapper wp-elements-99c3ce7410bcaa3f61ade92ca390d491\" style=\"color:#323130\">Obecnie ICS Cool Energy oferuje niezr\u00f3wnan\u0105 gam\u0119 rozwi\u0105za\u0144 w zakresie kontroli temperatury dla proces\u00f3w krytycznych i produkcyjnych, w tym wynajem, sprzeda\u017c sprz\u0119tu kapita\u0142owego, planowan\u0105 konserwacj\u0119 zapobiegawcz\u0105 i wsparcie w przypadku awarii we wszystkich bran\u017cach w ca\u0142ej Europie.<\/p>\n<\/div>\n<\/div>\n\n<div style=\"height:43px\" aria-hidden=\"true\" class=\" wp-block-spacer eplus-wrapper\"><\/div>\n\n<div class=\"flex flex-row flex-wrap md:flex-nowrap sm:justify-center sm:items-center wp-block-group eplus-wrapper is-layout-constrained wp-block-group-is-layout-constrained\">\n<div class=\"w-full p-2 m-2 wp-block-group eplus-wrapper is-vertical is-layout-flex wp-container-core-group-is-layout-8cf370e7 wp-block-group-is-layout-flex\">\n<h2 class=\" wp-block-heading eplus-wrapper\">O\u015a CZASU HISTORII<\/h2>\n\n\n\n<div style=\"height:16px\" aria-hidden=\"true\" class=\"wp-block-spacer eplus-wrapper wp-container-content-f9bd05ee\"><\/div>\n\n\n\n<figure class=\" wp-block-image size-large eplus-wrapper\"><img loading=\"lazy\" decoding=\"async\" width=\"1024\" height=\"621\" src=\"https:\/\/www.icscoolenergy.com\/pl\/wp-content\/uploads\/sites\/7\/2024\/04\/ICSCE-Timeline2020-1024x621.jpg\" alt=\"\" class=\"wp-image-80464\" srcset=\"https:\/\/www.icscoolenergy.com\/wp-content\/uploads\/sites\/7\/2024\/04\/ICSCE-Timeline2020-1024x621.jpg 1024w, https:\/\/www.icscoolenergy.com\/wp-content\/uploads\/sites\/7\/2024\/04\/ICSCE-Timeline2020-300x182.jpg 300w, https:\/\/www.icscoolenergy.com\/wp-content\/uploads\/sites\/7\/2024\/04\/ICSCE-Timeline2020-768x465.jpg 768w, https:\/\/www.icscoolenergy.com\/wp-content\/uploads\/sites\/7\/2024\/04\/ICSCE-Timeline2020-50x30.jpg 50w, https:\/\/www.icscoolenergy.com\/wp-content\/uploads\/sites\/7\/2024\/04\/ICSCE-Timeline2020-1600x970.jpg 1600w, https:\/\/www.icscoolenergy.com\/wp-content\/uploads\/sites\/7\/2024\/04\/ICSCE-Timeline2020-1536x931.jpg 1536w, https:\/\/www.icscoolenergy.com\/wp-content\/uploads\/sites\/7\/2024\/04\/ICSCE-Timeline2020-600x364.jpg 600w, https:\/\/www.icscoolenergy.com\/wp-content\/uploads\/sites\/7\/2024\/04\/ICSCE-Timeline2020.jpg 1754w\" sizes=\"auto, (max-width: 1024px) 100vw, 1024px\" \/><\/figure>\n<\/div>\n<\/div>\n\n<div style=\"height:160px\" aria-hidden=\"true\" class=\" wp-block-spacer eplus-wrapper\"><\/div>\n","protected":false},"excerpt":{"rendered":"<p>ODKRYJ, JAK ROZPOCZ\u0104\u0141 SI\u0118 LIDER W DZIEDZINIE KONTROLI TEMPERATURY Od ma\u0142ych pocz\u0105tk\u00f3w do mi\u0119dzynarodowego lidera kontroli temperatury. ICS Cool Energy powsta\u0142a w 1989 roku jako Industrial Cooling Systems z oddzia\u0142ami w Bradford i Southampton. W po\u0142owie lat dziewi\u0119\u0107dziesi\u0105tych firma kontynuowa\u0142a ekspansj\u0119, otwieraj\u0105c nowe biura w ca\u0142ej Wielkiej Brytanii. W 2003 r. powsta\u0142a Cool Energy, specjalistyczna &#8230; <a title=\"Historia\" class=\"read-more\" href=\"https:\/\/www.icscoolenergy.com\/pl\/o-nas\/historia\/\" aria-label=\"More on Historia\">Read more<\/a><\/p>\n","protected":false},"author":1,"featured_media":0,"parent":85924,"menu_order":0,"comment_status":"closed","ping_status":"closed","template":"template-1.php","meta":{"_acf_changed":false,"inline_featured_image":false,"_editorskit_title_hidden":false,"_editorskit_reading_time":0,"_editorskit_is_block_options_detached":false,"_editorskit_block_options_position":"{}","editor_plus_copied_stylings":"{}","footnotes":""},"class_list":["post-86002","page","type-page","status-publish"],"acf":[],"yoast_head":"<!-- This site is optimized with the Yoast SEO Premium plugin v24.5 (Yoast SEO v26.9) - https:\/\/yoast.com\/product\/yoast-seo-premium-wordpress\/ -->\n<title>Historia | Poland<\/title>\n<meta name=\"robots\" content=\"index, follow, max-snippet:-1, max-image-preview:large, max-video-preview:-1\" \/>\n<link rel=\"canonical\" href=\"https:\/\/www.icscoolenergy.com\/pl\/o-nas\/historia\/\" \/>\n<meta property=\"og:locale\" content=\"pl_PL\" \/>\n<meta property=\"og:type\" content=\"article\" \/>\n<meta property=\"og:title\" content=\"Historia\" \/>\n<meta property=\"og:description\" content=\"ODKRYJ, JAK ROZPOCZ\u0104\u0141 SI\u0118 LIDER W DZIEDZINIE KONTROLI TEMPERATURY Od ma\u0142ych pocz\u0105tk\u00f3w do mi\u0119dzynarodowego lidera kontroli temperatury. ICS Cool Energy powsta\u0142a w 1989 roku jako Industrial Cooling Systems z oddzia\u0142ami w Bradford i Southampton. W po\u0142owie lat dziewi\u0119\u0107dziesi\u0105tych firma kontynuowa\u0142a ekspansj\u0119, otwieraj\u0105c nowe biura w ca\u0142ej Wielkiej Brytanii. W 2003 r. powsta\u0142a Cool Energy, specjalistyczna ... Read more\" \/>\n<meta property=\"og:url\" content=\"https:\/\/www.icscoolenergy.com\/pl\/o-nas\/historia\/\" \/>\n<meta property=\"og:site_name\" content=\"Poland\" \/>\n<meta property=\"article:modified_time\" content=\"2024-11-19T12:00:23+00:00\" \/>\n<meta property=\"og:image\" content=\"https:\/\/www.icscoolenergy.com\/pl\/wp-content\/uploads\/sites\/7\/2024\/05\/A-breif-history.jpg\" \/>\n<meta name=\"twitter:card\" content=\"summary_large_image\" \/>\n<meta name=\"twitter:label1\" content=\"Est. reading time\" \/>\n\t<meta name=\"twitter:data1\" content=\"1 minuta\" \/>\n<script type=\"application\/ld+json\" class=\"yoast-schema-graph\">{\"@context\":\"https:\/\/schema.org\",\"@graph\":[{\"@type\":\"WebPage\",\"@id\":\"https:\/\/www.icscoolenergy.com\/pl\/o-nas\/historia\/\",\"url\":\"https:\/\/www.icscoolenergy.com\/pl\/o-nas\/historia\/\",\"name\":\"Historia | Poland\",\"isPartOf\":{\"@id\":\"https:\/\/www.icscoolenergy.com\/pl\/#website\"},\"primaryImageOfPage\":{\"@id\":\"https:\/\/www.icscoolenergy.com\/pl\/o-nas\/historia\/#primaryimage\"},\"image\":{\"@id\":\"https:\/\/www.icscoolenergy.com\/pl\/o-nas\/historia\/#primaryimage\"},\"thumbnailUrl\":\"https:\/\/www.icscoolenergy.com\/pl\/wp-content\/uploads\/sites\/7\/2024\/05\/A-breif-history.jpg\",\"datePublished\":\"2024-04-09T13:31:15+00:00\",\"dateModified\":\"2024-11-19T12:00:23+00:00\",\"breadcrumb\":{\"@id\":\"https:\/\/www.icscoolenergy.com\/pl\/o-nas\/historia\/#breadcrumb\"},\"inLanguage\":\"pl-PL\",\"potentialAction\":[{\"@type\":\"ReadAction\",\"target\":[\"https:\/\/www.icscoolenergy.com\/pl\/o-nas\/historia\/\"]}]},{\"@type\":\"ImageObject\",\"inLanguage\":\"pl-PL\",\"@id\":\"https:\/\/www.icscoolenergy.com\/pl\/o-nas\/historia\/#primaryimage\",\"url\":\"https:\/\/www.icscoolenergy.com\/wp-content\/uploads\/sites\/7\/2024\/05\/A-breif-history.jpg\",\"contentUrl\":\"https:\/\/www.icscoolenergy.com\/wp-content\/uploads\/sites\/7\/2024\/05\/A-breif-history.jpg\",\"width\":1980,\"height\":990,\"caption\":\"A brief history\"},{\"@type\":\"BreadcrumbList\",\"@id\":\"https:\/\/www.icscoolenergy.com\/pl\/o-nas\/historia\/#breadcrumb\",\"itemListElement\":[{\"@type\":\"ListItem\",\"position\":1,\"name\":\"Home\",\"item\":\"https:\/\/www.icscoolenergy.com\/pl\/\"},{\"@type\":\"ListItem\",\"position\":2,\"name\":\"O nas\",\"item\":\"https:\/\/www.icscoolenergy.com\/pl\/o-nas\/\"},{\"@type\":\"ListItem\",\"position\":3,\"name\":\"Historia\"}]},{\"@type\":\"WebSite\",\"@id\":\"https:\/\/www.icscoolenergy.com\/pl\/#website\",\"url\":\"https:\/\/www.icscoolenergy.com\/pl\/\",\"name\":\"ICS Cool Energy\",\"description\":\"The Process Temperature Control Specialists\",\"publisher\":{\"@id\":\"https:\/\/www.icscoolenergy.com\/pl\/#organization\"},\"alternateName\":\"ICS\",\"potentialAction\":[{\"@type\":\"SearchAction\",\"target\":{\"@type\":\"EntryPoint\",\"urlTemplate\":\"https:\/\/www.icscoolenergy.com\/pl\/?s={search_term_string}\"},\"query-input\":{\"@type\":\"PropertyValueSpecification\",\"valueRequired\":true,\"valueName\":\"search_term_string\"}}],\"inLanguage\":\"pl-PL\"},{\"@type\":\"Organization\",\"@id\":\"https:\/\/www.icscoolenergy.com\/pl\/#organization\",\"name\":\"ICS Cool Energy\",\"url\":\"https:\/\/www.icscoolenergy.com\/pl\/\",\"logo\":{\"@type\":\"ImageObject\",\"inLanguage\":\"pl-PL\",\"@id\":\"https:\/\/www.icscoolenergy.com\/pl\/#\/schema\/logo\/image\/\",\"url\":\"https:\/\/www.icscoolenergy.com\/wp-content\/uploads\/sites\/7\/2024\/01\/ics-cool-energy-logo.svg\",\"contentUrl\":\"https:\/\/www.icscoolenergy.com\/wp-content\/uploads\/sites\/7\/2024\/01\/ics-cool-energy-logo.svg\",\"caption\":\"ICS Cool Energy\"},\"image\":{\"@id\":\"https:\/\/www.icscoolenergy.com\/pl\/#\/schema\/logo\/image\/\"},\"sameAs\":[\"https:\/\/www.linkedin.com\/company\/ics-temperature-control\/\",\"https:\/\/www.youtube.com\/@ICSCoolEnergyLtd\"],\"description\":\"ICS Cool Energy is a market leader for process and critical temperature control solutions that keep all types and sizes of businesses and industry running. Our headquarters are situated in Southampton, with offices throughout the UK and Europe, employing over 250 people in the UK alone.\",\"email\":\"info@icscoolenergy.com\",\"telephone\":\"0800 840 4210\",\"legalName\":\"ICS Cool Energy Limited\",\"numberOfEmployees\":{\"@type\":\"QuantitativeValue\",\"minValue\":\"201\",\"maxValue\":\"500\"}}]}<\/script>\n<!-- \/ Yoast SEO Premium plugin. -->","yoast_head_json":{"title":"Historia | Poland","robots":{"index":"index","follow":"follow","max-snippet":"max-snippet:-1","max-image-preview":"max-image-preview:large","max-video-preview":"max-video-preview:-1"},"canonical":"https:\/\/www.icscoolenergy.com\/pl\/o-nas\/historia\/","og_locale":"pl_PL","og_type":"article","og_title":"Historia","og_description":"ODKRYJ, JAK ROZPOCZ\u0104\u0141 SI\u0118 LIDER W DZIEDZINIE KONTROLI TEMPERATURY Od ma\u0142ych pocz\u0105tk\u00f3w do mi\u0119dzynarodowego lidera kontroli temperatury. ICS Cool Energy powsta\u0142a w 1989 roku jako Industrial Cooling Systems z oddzia\u0142ami w Bradford i Southampton. W po\u0142owie lat dziewi\u0119\u0107dziesi\u0105tych firma kontynuowa\u0142a ekspansj\u0119, otwieraj\u0105c nowe biura w ca\u0142ej Wielkiej Brytanii. W 2003 r. powsta\u0142a Cool Energy, specjalistyczna ... Read more","og_url":"https:\/\/www.icscoolenergy.com\/pl\/o-nas\/historia\/","og_site_name":"Poland","article_modified_time":"2024-11-19T12:00:23+00:00","og_image":[{"url":"https:\/\/www.icscoolenergy.com\/pl\/wp-content\/uploads\/sites\/7\/2024\/05\/A-breif-history.jpg","type":"","width":"","height":""}],"twitter_card":"summary_large_image","twitter_misc":{"Est. reading time":"1 minuta"},"schema":{"@context":"https:\/\/schema.org","@graph":[{"@type":"WebPage","@id":"https:\/\/www.icscoolenergy.com\/pl\/o-nas\/historia\/","url":"https:\/\/www.icscoolenergy.com\/pl\/o-nas\/historia\/","name":"Historia | Poland","isPartOf":{"@id":"https:\/\/www.icscoolenergy.com\/pl\/#website"},"primaryImageOfPage":{"@id":"https:\/\/www.icscoolenergy.com\/pl\/o-nas\/historia\/#primaryimage"},"image":{"@id":"https:\/\/www.icscoolenergy.com\/pl\/o-nas\/historia\/#primaryimage"},"thumbnailUrl":"https:\/\/www.icscoolenergy.com\/pl\/wp-content\/uploads\/sites\/7\/2024\/05\/A-breif-history.jpg","datePublished":"2024-04-09T13:31:15+00:00","dateModified":"2024-11-19T12:00:23+00:00","breadcrumb":{"@id":"https:\/\/www.icscoolenergy.com\/pl\/o-nas\/historia\/#breadcrumb"},"inLanguage":"pl-PL","potentialAction":[{"@type":"ReadAction","target":["https:\/\/www.icscoolenergy.com\/pl\/o-nas\/historia\/"]}]},{"@type":"ImageObject","inLanguage":"pl-PL","@id":"https:\/\/www.icscoolenergy.com\/pl\/o-nas\/historia\/#primaryimage","url":"https:\/\/www.icscoolenergy.com\/wp-content\/uploads\/sites\/7\/2024\/05\/A-breif-history.jpg","contentUrl":"https:\/\/www.icscoolenergy.com\/wp-content\/uploads\/sites\/7\/2024\/05\/A-breif-history.jpg","width":1980,"height":990,"caption":"A brief history"},{"@type":"BreadcrumbList","@id":"https:\/\/www.icscoolenergy.com\/pl\/o-nas\/historia\/#breadcrumb","itemListElement":[{"@type":"ListItem","position":1,"name":"Home","item":"https:\/\/www.icscoolenergy.com\/pl\/"},{"@type":"ListItem","position":2,"name":"O nas","item":"https:\/\/www.icscoolenergy.com\/pl\/o-nas\/"},{"@type":"ListItem","position":3,"name":"Historia"}]},{"@type":"WebSite","@id":"https:\/\/www.icscoolenergy.com\/pl\/#website","url":"https:\/\/www.icscoolenergy.com\/pl\/","name":"ICS Cool Energy","description":"The Process Temperature Control Specialists","publisher":{"@id":"https:\/\/www.icscoolenergy.com\/pl\/#organization"},"alternateName":"ICS","potentialAction":[{"@type":"SearchAction","target":{"@type":"EntryPoint","urlTemplate":"https:\/\/www.icscoolenergy.com\/pl\/?s={search_term_string}"},"query-input":{"@type":"PropertyValueSpecification","valueRequired":true,"valueName":"search_term_string"}}],"inLanguage":"pl-PL"},{"@type":"Organization","@id":"https:\/\/www.icscoolenergy.com\/pl\/#organization","name":"ICS Cool Energy","url":"https:\/\/www.icscoolenergy.com\/pl\/","logo":{"@type":"ImageObject","inLanguage":"pl-PL","@id":"https:\/\/www.icscoolenergy.com\/pl\/#\/schema\/logo\/image\/","url":"https:\/\/www.icscoolenergy.com\/wp-content\/uploads\/sites\/7\/2024\/01\/ics-cool-energy-logo.svg","contentUrl":"https:\/\/www.icscoolenergy.com\/wp-content\/uploads\/sites\/7\/2024\/01\/ics-cool-energy-logo.svg","caption":"ICS Cool Energy"},"image":{"@id":"https:\/\/www.icscoolenergy.com\/pl\/#\/schema\/logo\/image\/"},"sameAs":["https:\/\/www.linkedin.com\/company\/ics-temperature-control\/","https:\/\/www.youtube.com\/@ICSCoolEnergyLtd"],"description":"ICS Cool Energy is a market leader for process and critical temperature control solutions that keep all types and sizes of businesses and industry running. Our headquarters are situated in Southampton, with offices throughout the UK and Europe, employing over 250 people in the UK alone.","email":"info@icscoolenergy.com","telephone":"0800 840 4210","legalName":"ICS Cool Energy Limited","numberOfEmployees":{"@type":"QuantitativeValue","minValue":"201","maxValue":"500"}}]}},"_links":{"self":[{"href":"https:\/\/www.icscoolenergy.com\/pl\/wp-json\/wp\/v2\/pages\/86002","targetHints":{"allow":["GET"]}}],"collection":[{"href":"https:\/\/www.icscoolenergy.com\/pl\/wp-json\/wp\/v2\/pages"}],"about":[{"href":"https:\/\/www.icscoolenergy.com\/pl\/wp-json\/wp\/v2\/types\/page"}],"author":[{"embeddable":true,"href":"https:\/\/www.icscoolenergy.com\/pl\/wp-json\/wp\/v2\/users\/1"}],"replies":[{"embeddable":true,"href":"https:\/\/www.icscoolenergy.com\/pl\/wp-json\/wp\/v2\/comments?post=86002"}],"version-history":[{"count":0,"href":"https:\/\/www.icscoolenergy.com\/pl\/wp-json\/wp\/v2\/pages\/86002\/revisions"}],"up":[{"embeddable":true,"href":"https:\/\/www.icscoolenergy.com\/pl\/wp-json\/wp\/v2\/pages\/85924"}],"wp:attachment":[{"href":"https:\/\/www.icscoolenergy.com\/pl\/wp-json\/wp\/v2\/media?parent=86002"}],"curies":[{"name":"wp","href":"https:\/\/api.w.org\/{rel}","templated":true}]}}