 
{"id":86011,"date":"2024-04-09T14:34:29","date_gmt":"2024-04-09T14:34:29","guid":{"rendered":"https:\/\/www.icscoolenergy.com\/pl\/o-nas\/zasady-i-warunki\/"},"modified":"2024-11-19T12:00:23","modified_gmt":"2024-11-19T12:00:23","slug":"zasady-i-warunki","status":"publish","type":"page","link":"https:\/\/www.icscoolenergy.com\/pl\/o-nas\/zasady-i-warunki\/","title":{"rendered":"Zasady i warunki"},"content":{"rendered":"\n<div class=\"mb-8 eplus-wrapper wp-block-group is-layout-flow wp-block-group-is-layout-flow\">\n<div style=\"height:43px\" aria-hidden=\"true\" class=\"xs:hidden md:block eplus-wrapper wp-block-spacer\"><\/div>\n<\/div>\n\n<div class=\"flex flex-row flex-wrap md:flex-nowrap sm:justify-center sm:items-center wp-block-group eplus-wrapper is-layout-constrained wp-block-group-is-layout-constrained\">\n<div class=\"w-full p-2 m-2 wp-block-group eplus-wrapper is-vertical is-layout-flex wp-container-core-group-is-layout-8cf370e7 wp-block-group-is-layout-flex\">\n<h1 class=\" wp-block-heading eplus-wrapper\" id=\"h-terms-and-conditions-for-website-usage\">WARUNKI KORZYSTANIA Z WITRYNY INTERNETOWEJ<\/h1>\n\n\n\n<div style=\"height:8px\" aria-hidden=\"true\" class=\"wp-block-spacer eplus-wrapper wp-container-content-7d115344\"><\/div>\n\n\n\n<p class=\"has-text-color has-link-color eplus-wrapper wp-elements-b36ae83d78718ac0b10cdd15cf4709c3\" style=\"color:#323130\">Witamy na stronie internetowej ICS Cool Energy.<\/p>\n\n\n\n<p class=\"has-text-color has-link-color eplus-wrapper wp-elements-72553661d1dcebe8daac481a60eea491\" style=\"color:#323130\">Je\u015bli nadal przegl\u0105dasz i korzystasz z tej witryny, zgadzasz si\u0119 przestrzega\u0107 nast\u0119puj\u0105cych warunk\u00f3w u\u017cytkowania, kt\u00f3re wraz z nasz\u0105 polityk\u0105 prywatno\u015bci reguluj\u0105 relacje ICS Cool Energy z Tob\u0105 w zwi\u0105zku z t\u0105 witryn\u0105. Je\u015bli nie zgadzasz si\u0119 z jak\u0105kolwiek cz\u0119\u015bci\u0105 tych warunk\u00f3w, nie korzystaj z naszej strony internetowej. <\/p>\n\n\n\n<p class=\"has-text-color has-link-color eplus-wrapper wp-elements-dfa4fd04e807e421847e2d452529ea16\" style=\"color:#323130\">Termin &#8222;ICS Cool Energy&#8221;, &#8222;nas&#8221; lub &#8222;my&#8221; odnosi si\u0119 do w\u0142a\u015bciciela strony internetowej, kt\u00f3rego siedziba znajduje si\u0119 pod adresem ICS House, Stephenson Road, Calmore Industrial Estate, Totton, Southampton SO40 3SA. Numer rejestracyjny naszej firmy to 05509182. Termin &#8222;Ty&#8221; odnosi si\u0119 do u\u017cytkownika lub osoby przegl\u0105daj\u0105cej nasz\u0105 stron\u0119 internetow\u0105.  <\/p>\n\n\n\n<p class=\"has-text-color has-link-color eplus-wrapper wp-elements-1def93735b23e3033fdc9f9b1aa5f823\" style=\"color:#323130\">Korzystanie z tej witryny podlega nast\u0119puj\u0105cym warunkom u\u017cytkowania:<\/p>\n\n\n<ul class=\"eplus-wrapper wp-block-list eplus-styles-uid-0709b7\"><li class=\" eplus-wrapper eplus-styles-uid-d57e6b\">Zawarto\u015b\u0107 stron tej witryny s\u0142u\u017cy wy\u0142\u0105cznie do og\u00f3lnych informacji i u\u017cytku. Mo\u017ce ona ulec zmianie bez powiadomienia. <\/li>\n\n<li class=\" eplus-wrapper eplus-styles-uid-d57e6b\"><a href=\"\/?page_id=80546\" class=\"ek-link\">Ta strona u\u017cywa plik\u00f3w cookie<\/a> do monitorowania preferencji przegl\u0105dania. Je\u015bli u\u017cytkownik zezwoli na korzystanie z plik\u00f3w cookie, dane osobowe mog\u0105 by\u0107 przez nas przechowywane do wykorzystania przez nas. <\/li>\n\n<li class=\" eplus-wrapper eplus-styles-uid-d57e6b\">Nie udzielamy \u017cadnej gwarancji ani r\u0119kojmi co do dok\u0142adno\u015bci, aktualno\u015bci, wydajno\u015bci, kompletno\u015bci lub przydatno\u015bci informacji i materia\u0142\u00f3w znalezionych lub oferowanych na tej stronie internetowej do jakiegokolwiek konkretnego celu. U\u017cytkownik przyjmuje do wiadomo\u015bci, \u017ce takie informacje i materia\u0142y mog\u0105 zawiera\u0107 nie\u015bcis\u0142o\u015bci lub b\u0142\u0119dy, a my wyra\u017anie wy\u0142\u0105czamy odpowiedzialno\u015b\u0107 za wszelkie takie nie\u015bcis\u0142o\u015bci lub b\u0142\u0119dy w najszerszym zakresie dozwolonym przez prawo. <\/li>\n\n<li class=\" eplus-wrapper eplus-styles-uid-d57e6b\">U\u017cytkownik korzysta z wszelkich informacji lub materia\u0142\u00f3w zawartych na niniejszej stronie internetowej wy\u0142\u0105cznie na w\u0142asne ryzyko, za kt\u00f3re nie ponosimy odpowiedzialno\u015bci. U\u017cytkownik ponosi odpowiedzialno\u015b\u0107 za upewnienie si\u0119, \u017ce wszelkie produkty, us\u0142ugi lub informacje dost\u0119pne za po\u015brednictwem niniejszej witryny internetowej spe\u0142niaj\u0105 jego okre\u015blone wymagania. <\/li>\n\n<li class=\" eplus-wrapper eplus-styles-uid-d57e6b\">Niniejsza strona internetowa zawiera materia\u0142y, kt\u00f3re s\u0105 nasz\u0105 w\u0142asno\u015bci\u0105 lub s\u0105 przez nas licencjonowane. Materia\u0142y te obejmuj\u0105 mi\u0119dzy innymi projekt, uk\u0142ad, wygl\u0105d i grafik\u0119. Powielanie jest zabronione w spos\u00f3b inny ni\u017c zgodnie z informacj\u0105 o prawach autorskich, kt\u00f3ra stanowi cz\u0119\u015b\u0107 niniejszych warunk\u00f3w.  <\/li>\n\n<li class=\" eplus-wrapper eplus-styles-uid-d57e6b\">Wszystkie znaki towarowe reprodukowane na tej stronie internetowej, kt\u00f3re nie s\u0105 w\u0142asno\u015bci\u0105 operatora lub nie s\u0105 przez niego licencjonowane, s\u0105 potwierdzone na stronie internetowej.<\/li>\n\n<li class=\" eplus-wrapper eplus-styles-uid-d57e6b\">Nieautoryzowane korzystanie z tej strony internetowej mo\u017ce stanowi\u0107 podstaw\u0119 do roszczenia o odszkodowanie i\/lub by\u0107 przest\u0119pstwem.<\/li>\n\n<li class=\" eplus-wrapper eplus-styles-uid-d57e6b\">Od czasu do czasu niniejsza witryna mo\u017ce r\u00f3wnie\u017c zawiera\u0107 \u0142\u0105cza do innych witryn internetowych. Linki te s\u0105 udost\u0119pniane dla wygody u\u017cytkownika w celu dostarczenia dalszych informacji. Nie oznaczaj\u0105 one, \u017ce popieramy te strony internetowe. Nie ponosimy odpowiedzialno\u015bci za tre\u015b\u0107 stron internetowych, do kt\u00f3rych prowadz\u0105 \u0142\u0105cza.   <\/li>\n\n<li class=\" eplus-wrapper eplus-styles-uid-d57e6b\">Korzystanie przez u\u017cytkownika z niniejszej strony internetowej oraz wszelkie spory wynikaj\u0105ce z takiego korzystania ze strony internetowej podlegaj\u0105 prawu Anglii, Irlandii P\u00f3\u0142nocnej, Szkocji i Walii.<\/li><\/ul><\/div>\n<\/div>\n\n<div style=\"height:60px\" aria-hidden=\"true\" class=\" wp-block-spacer eplus-wrapper\"><\/div>\n\n<div class=\"px-0 pt-12 pb-8 wp-block-group eplus-wrapper is-layout-flow wp-block-group-is-layout-flow\"><div class=\"p-0 is-not-stacked-on-mbile has-background rounded-2xl items-center lg:flex xs:grid wp-block-columns eplus-wrapper is-layout-flex wp-container-core-columns-is-layout-9d6595d7 wp-block-columns-is-layout-flex eplus-styles-uid-6f38af\" style=\"background-color:#eaeaef\">\n<div class=\"wp-block-column eplus-wrapper is-layout-flow wp-block-column-is-layout-flow\">\n<h2 class=\"mb-12 wp-block-heading has-text-align-left eplus-wrapper\" id=\"h-terms-amp-conditions-downloads\">REGULAMIN &#8211; PLIKI DO POBRANIA<\/h2>\n\n\n\n<div class=\"gap-x-8 md:grid md:grid-rows-auto md:auto md:grid-cols-2 xs:block justify-between wp-block-group eplus-wrapper is-layout-flow wp-block-group-is-layout-flow\"><div class=\"download_div flex justify-between w-full py-6 sm:px-10 xs:px-6  rounded wp-block-file has-white-background-color has-background eplus-wrapper eplus-styles-uid-87c690\"><a id=\"wp-block-file--media-114be661-f6b3-4620-ab0b-d3a626bd490a\" href=\"https:\/\/www.icscoolenergy.com\/pl\/wp-content\/uploads\/sites\/7\/2024\/04\/Terms-Conditions-for-Goods-Services-017-formatted-for-CRM.pdf\" target=\"_blank\" rel=\"noreferrer noopener\"><strong>Warunki dotycz\u0105ce towar\u00f3w i us\u0142ug<\/strong><br>PDF<\/a><a href=\"https:\/\/www.icscoolenergy.com\/pl\/wp-content\/uploads\/sites\/7\/2024\/04\/Terms-Conditions-for-Goods-Services-017-formatted-for-CRM.pdf\" class=\"wp-block-file__button wp-element-button\" download=\"\" aria-describedby=\"wp-block-file--media-114be661-f6b3-4620-ab0b-d3a626bd490a\"><img decoding=\"async\" class=\"wp-image-79903\" style=\"width: 26px;\" src=\"https:\/\/icsdevelopment.wpenginepowered.com\/wp-content\/uploads\/sites\/7\/2024\/03\/Group.svg\" alt=\"\"><span class=\"eplus-icon\"><span data-style=\"{\" enabled=\"\" style=\"border-radius:0px;\" class=\"eplus-icon\"><\/span><\/span> <\/a><\/div>\n\n<div class=\"download_div flex justify-between w-full py-6 sm:px-10 xs:px-6  rounded wp-block-file has-white-background-color has-background eplus-wrapper eplus-styles-uid-87c690\"><a id=\"wp-block-file--media-114be661-f6b3-4620-ab0b-d3a626bd490a\" href=\"https:\/\/www.icscoolenergy.com\/pl\/wp-content\/uploads\/sites\/7\/2024\/04\/UK-ICS-Cool-Energy-Hire-TCs-2022-11.pdf\" target=\"_blank\" rel=\"noreferrer noopener\"><strong>Warunki wynajmu<\/strong><br>PDF<\/a><a href=\"https:\/\/www.icscoolenergy.com\/pl\/wp-content\/uploads\/sites\/7\/2024\/04\/UK-ICS-Cool-Energy-Hire-TCs-2022-11.pdf\" class=\"wp-block-file__button wp-element-button\" download=\"\" aria-describedby=\"wp-block-file--media-114be661-f6b3-4620-ab0b-d3a626bd490a\"><img decoding=\"async\" class=\"wp-image-79903\" style=\"width: 26px;\" src=\"https:\/\/icsdevelopment.wpenginepowered.com\/wp-content\/uploads\/sites\/7\/2024\/03\/Group.svg\" alt=\"\"><span class=\"eplus-icon\"><span data-style=\"{\" enabled=\"\" style=\"border-radius:0px;\" class=\"eplus-icon\"><\/span><\/span> <\/a><\/div>\n\n<div class=\"download_div flex justify-between w-full py-6 sm:px-10 xs:px-6  rounded wp-block-file has-white-background-color has-background eplus-wrapper eplus-styles-uid-87c690\"><a id=\"wp-block-file--media-114be661-f6b3-4620-ab0b-d3a626bd490a\" href=\"https:\/\/www.icscoolenergy.com\/pl\/wp-content\/uploads\/sites\/7\/2024\/04\/Terms-and-Conditions-for-Purchase-of-Goods-and-Services-1.pdf\" target=\"_blank\" rel=\"noreferrer noopener\"><strong>Regulamin zakupu towar\u00f3w i us\u0142ug<\/strong><br>PDF<\/a><a href=\"https:\/\/www.icscoolenergy.com\/pl\/wp-content\/uploads\/sites\/7\/2024\/04\/Terms-and-Conditions-for-Purchase-of-Goods-and-Services-1.pdf\" class=\"wp-block-file__button wp-element-button\" download=\"\" aria-describedby=\"wp-block-file--media-114be661-f6b3-4620-ab0b-d3a626bd490a\"><img decoding=\"async\" class=\"wp-image-79903\" style=\"width: 26px;\" src=\"https:\/\/icsdevelopment.wpenginepowered.com\/wp-content\/uploads\/sites\/7\/2024\/03\/Group.svg\" alt=\"\"><span class=\"eplus-icon\"><span data-style=\"{\" enabled=\"\" style=\"border-radius:0px;\" class=\"eplus-icon\"><\/span><\/span> <\/a><\/div><\/div>\n<\/div>\n<\/div><\/div>\n\n<div style=\"height:120px\" aria-hidden=\"true\" class=\" wp-block-spacer eplus-wrapper\"><\/div>\n","protected":false},"excerpt":{"rendered":"<p>WARUNKI KORZYSTANIA Z WITRYNY INTERNETOWEJ Witamy na stronie internetowej ICS Cool Energy. Je\u015bli nadal przegl\u0105dasz i korzystasz z tej witryny, zgadzasz si\u0119 przestrzega\u0107 nast\u0119puj\u0105cych warunk\u00f3w u\u017cytkowania, kt\u00f3re wraz z nasz\u0105 polityk\u0105 prywatno\u015bci reguluj\u0105 relacje ICS Cool Energy z Tob\u0105 w zwi\u0105zku z t\u0105 witryn\u0105. Je\u015bli nie zgadzasz si\u0119 z jak\u0105kolwiek cz\u0119\u015bci\u0105 tych warunk\u00f3w, nie korzystaj &#8230; <a title=\"Zasady i warunki\" class=\"read-more\" href=\"https:\/\/www.icscoolenergy.com\/pl\/o-nas\/zasady-i-warunki\/\" aria-label=\"More on Zasady i warunki\">Read more<\/a><\/p>\n","protected":false},"author":1,"featured_media":0,"parent":85924,"menu_order":0,"comment_status":"closed","ping_status":"closed","template":"template-1.php","meta":{"_acf_changed":false,"inline_featured_image":false,"_editorskit_title_hidden":false,"_editorskit_reading_time":0,"_editorskit_is_block_options_detached":false,"_editorskit_block_options_position":"{}","editor_plus_copied_stylings":"{}","footnotes":""},"class_list":["post-86011","page","type-page","status-publish"],"acf":[],"yoast_head":"<!-- This site is optimized with the Yoast SEO Premium plugin v24.5 (Yoast SEO v26.9) - https:\/\/yoast.com\/product\/yoast-seo-premium-wordpress\/ -->\n<title>Zasady i warunki | Poland<\/title>\n<meta name=\"robots\" content=\"index, follow, max-snippet:-1, max-image-preview:large, max-video-preview:-1\" \/>\n<link rel=\"canonical\" href=\"https:\/\/www.icscoolenergy.com\/pl\/o-nas\/zasady-i-warunki\/\" \/>\n<meta property=\"og:locale\" content=\"pl_PL\" \/>\n<meta property=\"og:type\" content=\"article\" \/>\n<meta property=\"og:title\" content=\"Zasady i warunki\" \/>\n<meta property=\"og:description\" content=\"WARUNKI KORZYSTANIA Z WITRYNY INTERNETOWEJ Witamy na stronie internetowej ICS Cool Energy. Je\u015bli nadal przegl\u0105dasz i korzystasz z tej witryny, zgadzasz si\u0119 przestrzega\u0107 nast\u0119puj\u0105cych warunk\u00f3w u\u017cytkowania, kt\u00f3re wraz z nasz\u0105 polityk\u0105 prywatno\u015bci reguluj\u0105 relacje ICS Cool Energy z Tob\u0105 w zwi\u0105zku z t\u0105 witryn\u0105. Je\u015bli nie zgadzasz si\u0119 z jak\u0105kolwiek cz\u0119\u015bci\u0105 tych warunk\u00f3w, nie korzystaj ... Read more\" \/>\n<meta property=\"og:url\" content=\"https:\/\/www.icscoolenergy.com\/pl\/o-nas\/zasady-i-warunki\/\" \/>\n<meta property=\"og:site_name\" content=\"Poland\" \/>\n<meta property=\"article:modified_time\" content=\"2024-11-19T12:00:23+00:00\" \/>\n<meta property=\"og:image\" content=\"https:\/\/icsdevelopment.wpenginepowered.com\/wp-content\/uploads\/sites\/7\/2024\/03\/Group.svg\" \/>\n<meta name=\"twitter:card\" content=\"summary_large_image\" \/>\n<meta name=\"twitter:label1\" content=\"Est. reading time\" \/>\n\t<meta name=\"twitter:data1\" content=\"3 minuty\" \/>\n<script type=\"application\/ld+json\" class=\"yoast-schema-graph\">{\"@context\":\"https:\/\/schema.org\",\"@graph\":[{\"@type\":\"WebPage\",\"@id\":\"https:\/\/www.icscoolenergy.com\/pl\/o-nas\/zasady-i-warunki\/\",\"url\":\"https:\/\/www.icscoolenergy.com\/pl\/o-nas\/zasady-i-warunki\/\",\"name\":\"Zasady i warunki | Poland\",\"isPartOf\":{\"@id\":\"https:\/\/www.icscoolenergy.com\/pl\/#website\"},\"primaryImageOfPage\":{\"@id\":\"https:\/\/www.icscoolenergy.com\/pl\/o-nas\/zasady-i-warunki\/#primaryimage\"},\"image\":{\"@id\":\"https:\/\/www.icscoolenergy.com\/pl\/o-nas\/zasady-i-warunki\/#primaryimage\"},\"thumbnailUrl\":\"https:\/\/icsdevelopment.wpenginepowered.com\/wp-content\/uploads\/sites\/7\/2024\/03\/Group.svg\",\"datePublished\":\"2024-04-09T14:34:29+00:00\",\"dateModified\":\"2024-11-19T12:00:23+00:00\",\"breadcrumb\":{\"@id\":\"https:\/\/www.icscoolenergy.com\/pl\/o-nas\/zasady-i-warunki\/#breadcrumb\"},\"inLanguage\":\"pl-PL\",\"potentialAction\":[{\"@type\":\"ReadAction\",\"target\":[\"https:\/\/www.icscoolenergy.com\/pl\/o-nas\/zasady-i-warunki\/\"]}]},{\"@type\":\"ImageObject\",\"inLanguage\":\"pl-PL\",\"@id\":\"https:\/\/www.icscoolenergy.com\/pl\/o-nas\/zasady-i-warunki\/#primaryimage\",\"url\":\"https:\/\/icsdevelopment.wpenginepowered.com\/wp-content\/uploads\/sites\/7\/2024\/03\/Group.svg\",\"contentUrl\":\"https:\/\/icsdevelopment.wpenginepowered.com\/wp-content\/uploads\/sites\/7\/2024\/03\/Group.svg\"},{\"@type\":\"BreadcrumbList\",\"@id\":\"https:\/\/www.icscoolenergy.com\/pl\/o-nas\/zasady-i-warunki\/#breadcrumb\",\"itemListElement\":[{\"@type\":\"ListItem\",\"position\":1,\"name\":\"Home\",\"item\":\"https:\/\/www.icscoolenergy.com\/pl\/\"},{\"@type\":\"ListItem\",\"position\":2,\"name\":\"O nas\",\"item\":\"https:\/\/www.icscoolenergy.com\/pl\/o-nas\/\"},{\"@type\":\"ListItem\",\"position\":3,\"name\":\"Zasady i warunki\"}]},{\"@type\":\"WebSite\",\"@id\":\"https:\/\/www.icscoolenergy.com\/pl\/#website\",\"url\":\"https:\/\/www.icscoolenergy.com\/pl\/\",\"name\":\"ICS Cool Energy\",\"description\":\"The Process Temperature Control Specialists\",\"publisher\":{\"@id\":\"https:\/\/www.icscoolenergy.com\/pl\/#organization\"},\"alternateName\":\"ICS\",\"potentialAction\":[{\"@type\":\"SearchAction\",\"target\":{\"@type\":\"EntryPoint\",\"urlTemplate\":\"https:\/\/www.icscoolenergy.com\/pl\/?s={search_term_string}\"},\"query-input\":{\"@type\":\"PropertyValueSpecification\",\"valueRequired\":true,\"valueName\":\"search_term_string\"}}],\"inLanguage\":\"pl-PL\"},{\"@type\":\"Organization\",\"@id\":\"https:\/\/www.icscoolenergy.com\/pl\/#organization\",\"name\":\"ICS Cool Energy\",\"url\":\"https:\/\/www.icscoolenergy.com\/pl\/\",\"logo\":{\"@type\":\"ImageObject\",\"inLanguage\":\"pl-PL\",\"@id\":\"https:\/\/www.icscoolenergy.com\/pl\/#\/schema\/logo\/image\/\",\"url\":\"https:\/\/www.icscoolenergy.com\/wp-content\/uploads\/sites\/7\/2024\/01\/ics-cool-energy-logo.svg\",\"contentUrl\":\"https:\/\/www.icscoolenergy.com\/wp-content\/uploads\/sites\/7\/2024\/01\/ics-cool-energy-logo.svg\",\"caption\":\"ICS Cool Energy\"},\"image\":{\"@id\":\"https:\/\/www.icscoolenergy.com\/pl\/#\/schema\/logo\/image\/\"},\"sameAs\":[\"https:\/\/www.linkedin.com\/company\/ics-temperature-control\/\",\"https:\/\/www.youtube.com\/@ICSCoolEnergyLtd\"],\"description\":\"ICS Cool Energy is a market leader for process and critical temperature control solutions that keep all types and sizes of businesses and industry running. Our headquarters are situated in Southampton, with offices throughout the UK and Europe, employing over 250 people in the UK alone.\",\"email\":\"info@icscoolenergy.com\",\"telephone\":\"0800 840 4210\",\"legalName\":\"ICS Cool Energy Limited\",\"numberOfEmployees\":{\"@type\":\"QuantitativeValue\",\"minValue\":\"201\",\"maxValue\":\"500\"}}]}<\/script>\n<!-- \/ Yoast SEO Premium plugin. -->","yoast_head_json":{"title":"Zasady i warunki | Poland","robots":{"index":"index","follow":"follow","max-snippet":"max-snippet:-1","max-image-preview":"max-image-preview:large","max-video-preview":"max-video-preview:-1"},"canonical":"https:\/\/www.icscoolenergy.com\/pl\/o-nas\/zasady-i-warunki\/","og_locale":"pl_PL","og_type":"article","og_title":"Zasady i warunki","og_description":"WARUNKI KORZYSTANIA Z WITRYNY INTERNETOWEJ Witamy na stronie internetowej ICS Cool Energy. Je\u015bli nadal przegl\u0105dasz i korzystasz z tej witryny, zgadzasz si\u0119 przestrzega\u0107 nast\u0119puj\u0105cych warunk\u00f3w u\u017cytkowania, kt\u00f3re wraz z nasz\u0105 polityk\u0105 prywatno\u015bci reguluj\u0105 relacje ICS Cool Energy z Tob\u0105 w zwi\u0105zku z t\u0105 witryn\u0105. Je\u015bli nie zgadzasz si\u0119 z jak\u0105kolwiek cz\u0119\u015bci\u0105 tych warunk\u00f3w, nie korzystaj ... Read more","og_url":"https:\/\/www.icscoolenergy.com\/pl\/o-nas\/zasady-i-warunki\/","og_site_name":"Poland","article_modified_time":"2024-11-19T12:00:23+00:00","og_image":[{"url":"https:\/\/icsdevelopment.wpenginepowered.com\/wp-content\/uploads\/sites\/7\/2024\/03\/Group.svg","type":"","width":"","height":""}],"twitter_card":"summary_large_image","twitter_misc":{"Est. reading time":"3 minuty"},"schema":{"@context":"https:\/\/schema.org","@graph":[{"@type":"WebPage","@id":"https:\/\/www.icscoolenergy.com\/pl\/o-nas\/zasady-i-warunki\/","url":"https:\/\/www.icscoolenergy.com\/pl\/o-nas\/zasady-i-warunki\/","name":"Zasady i warunki | Poland","isPartOf":{"@id":"https:\/\/www.icscoolenergy.com\/pl\/#website"},"primaryImageOfPage":{"@id":"https:\/\/www.icscoolenergy.com\/pl\/o-nas\/zasady-i-warunki\/#primaryimage"},"image":{"@id":"https:\/\/www.icscoolenergy.com\/pl\/o-nas\/zasady-i-warunki\/#primaryimage"},"thumbnailUrl":"https:\/\/icsdevelopment.wpenginepowered.com\/wp-content\/uploads\/sites\/7\/2024\/03\/Group.svg","datePublished":"2024-04-09T14:34:29+00:00","dateModified":"2024-11-19T12:00:23+00:00","breadcrumb":{"@id":"https:\/\/www.icscoolenergy.com\/pl\/o-nas\/zasady-i-warunki\/#breadcrumb"},"inLanguage":"pl-PL","potentialAction":[{"@type":"ReadAction","target":["https:\/\/www.icscoolenergy.com\/pl\/o-nas\/zasady-i-warunki\/"]}]},{"@type":"ImageObject","inLanguage":"pl-PL","@id":"https:\/\/www.icscoolenergy.com\/pl\/o-nas\/zasady-i-warunki\/#primaryimage","url":"https:\/\/icsdevelopment.wpenginepowered.com\/wp-content\/uploads\/sites\/7\/2024\/03\/Group.svg","contentUrl":"https:\/\/icsdevelopment.wpenginepowered.com\/wp-content\/uploads\/sites\/7\/2024\/03\/Group.svg"},{"@type":"BreadcrumbList","@id":"https:\/\/www.icscoolenergy.com\/pl\/o-nas\/zasady-i-warunki\/#breadcrumb","itemListElement":[{"@type":"ListItem","position":1,"name":"Home","item":"https:\/\/www.icscoolenergy.com\/pl\/"},{"@type":"ListItem","position":2,"name":"O nas","item":"https:\/\/www.icscoolenergy.com\/pl\/o-nas\/"},{"@type":"ListItem","position":3,"name":"Zasady i warunki"}]},{"@type":"WebSite","@id":"https:\/\/www.icscoolenergy.com\/pl\/#website","url":"https:\/\/www.icscoolenergy.com\/pl\/","name":"ICS Cool Energy","description":"The Process Temperature Control Specialists","publisher":{"@id":"https:\/\/www.icscoolenergy.com\/pl\/#organization"},"alternateName":"ICS","potentialAction":[{"@type":"SearchAction","target":{"@type":"EntryPoint","urlTemplate":"https:\/\/www.icscoolenergy.com\/pl\/?s={search_term_string}"},"query-input":{"@type":"PropertyValueSpecification","valueRequired":true,"valueName":"search_term_string"}}],"inLanguage":"pl-PL"},{"@type":"Organization","@id":"https:\/\/www.icscoolenergy.com\/pl\/#organization","name":"ICS Cool Energy","url":"https:\/\/www.icscoolenergy.com\/pl\/","logo":{"@type":"ImageObject","inLanguage":"pl-PL","@id":"https:\/\/www.icscoolenergy.com\/pl\/#\/schema\/logo\/image\/","url":"https:\/\/www.icscoolenergy.com\/wp-content\/uploads\/sites\/7\/2024\/01\/ics-cool-energy-logo.svg","contentUrl":"https:\/\/www.icscoolenergy.com\/wp-content\/uploads\/sites\/7\/2024\/01\/ics-cool-energy-logo.svg","caption":"ICS Cool Energy"},"image":{"@id":"https:\/\/www.icscoolenergy.com\/pl\/#\/schema\/logo\/image\/"},"sameAs":["https:\/\/www.linkedin.com\/company\/ics-temperature-control\/","https:\/\/www.youtube.com\/@ICSCoolEnergyLtd"],"description":"ICS Cool Energy is a market leader for process and critical temperature control solutions that keep all types and sizes of businesses and industry running. Our headquarters are situated in Southampton, with offices throughout the UK and Europe, employing over 250 people in the UK alone.","email":"info@icscoolenergy.com","telephone":"0800 840 4210","legalName":"ICS Cool Energy Limited","numberOfEmployees":{"@type":"QuantitativeValue","minValue":"201","maxValue":"500"}}]}},"_links":{"self":[{"href":"https:\/\/www.icscoolenergy.com\/pl\/wp-json\/wp\/v2\/pages\/86011","targetHints":{"allow":["GET"]}}],"collection":[{"href":"https:\/\/www.icscoolenergy.com\/pl\/wp-json\/wp\/v2\/pages"}],"about":[{"href":"https:\/\/www.icscoolenergy.com\/pl\/wp-json\/wp\/v2\/types\/page"}],"author":[{"embeddable":true,"href":"https:\/\/www.icscoolenergy.com\/pl\/wp-json\/wp\/v2\/users\/1"}],"replies":[{"embeddable":true,"href":"https:\/\/www.icscoolenergy.com\/pl\/wp-json\/wp\/v2\/comments?post=86011"}],"version-history":[{"count":0,"href":"https:\/\/www.icscoolenergy.com\/pl\/wp-json\/wp\/v2\/pages\/86011\/revisions"}],"up":[{"embeddable":true,"href":"https:\/\/www.icscoolenergy.com\/pl\/wp-json\/wp\/v2\/pages\/85924"}],"wp:attachment":[{"href":"https:\/\/www.icscoolenergy.com\/pl\/wp-json\/wp\/v2\/media?parent=86011"}],"curies":[{"name":"wp","href":"https:\/\/api.w.org\/{rel}","templated":true}]}}