 
{"id":86036,"date":"2024-04-08T09:34:48","date_gmt":"2024-04-08T09:34:48","guid":{"rendered":"https:\/\/www.icscoolenergy.com\/pl\/usluga\/uzdatnianie-wody-dla-systemow-chlodzenia\/"},"modified":"2024-11-19T12:00:24","modified_gmt":"2024-11-19T12:00:24","slug":"uzdatnianie-wody-dla-systemow-chlodzenia","status":"publish","type":"page","link":"https:\/\/www.icscoolenergy.com\/pl\/usluga\/uzdatnianie-wody-dla-systemow-chlodzenia\/","title":{"rendered":"Uzdatnianie wody dla system\u00f3w ch\u0142odzenia"},"content":{"rendered":"\n<div class=\"mb-8 eplus-wrapper wp-block-group is-layout-flow wp-block-group-is-layout-flow\">\n<div class=\"md:relative eplus-wrapper wp-block-group is-layout-flow wp-block-group-is-layout-flow\">\n<div class=\"eplus-wrapper wp-block-cover is-light\" style=\"min-height:451px;aspect-ratio:unset;\"><span aria-hidden=\"true\" class=\"wp-block-cover__background has-background-dim-0 has-background-dim\"><\/span><img loading=\"lazy\" decoding=\"async\" width=\"1980\" height=\"900\" class=\"wp-block-cover__image-background wp-image-84169\" alt=\"Chiller Water Treatment\" src=\"https:\/\/www.icscoolenergy.com\/pl\/wp-content\/uploads\/sites\/7\/2024\/05\/Water-Treatment.jpg\" data-object-fit=\"cover\" srcset=\"https:\/\/www.icscoolenergy.com\/wp-content\/uploads\/sites\/7\/2024\/05\/Water-Treatment.jpg 1980w, https:\/\/www.icscoolenergy.com\/wp-content\/uploads\/sites\/7\/2024\/05\/Water-Treatment-300x136.jpg 300w, https:\/\/www.icscoolenergy.com\/wp-content\/uploads\/sites\/7\/2024\/05\/Water-Treatment-1024x465.jpg 1024w, https:\/\/www.icscoolenergy.com\/wp-content\/uploads\/sites\/7\/2024\/05\/Water-Treatment-768x349.jpg 768w, https:\/\/www.icscoolenergy.com\/wp-content\/uploads\/sites\/7\/2024\/05\/Water-Treatment-50x23.jpg 50w, https:\/\/www.icscoolenergy.com\/wp-content\/uploads\/sites\/7\/2024\/05\/Water-Treatment-1600x727.jpg 1600w, https:\/\/www.icscoolenergy.com\/wp-content\/uploads\/sites\/7\/2024\/05\/Water-Treatment-1536x698.jpg 1536w, https:\/\/www.icscoolenergy.com\/wp-content\/uploads\/sites\/7\/2024\/05\/Water-Treatment-600x273.jpg 600w\" sizes=\"auto, (max-width: 1980px) 100vw, 1980px\" \/><div class=\"wp-block-cover__inner-container is-layout-flow wp-block-cover-is-layout-flow\">\n<p class=\" has-text-align-center has-large-font-size eplus-wrapper\"><\/p>\n<\/div><\/div>\n\n\n\n<div class=\"rounded-tr-md sm:w-full md:w-[80%] md:h-fit md:top-[80%] relative md:-mt-[10%] z-[1] md:left-0 eplus-wrapper wp-block-group has-background is-layout-constrained wp-block-group-is-layout-constrained\" style=\"background-color:#eaeaef\">\n<h1 class=\"eplus-wrapper pt-8 wp-block-heading has-text-color has-link-color wp-elements-eba5d844573ca20d6f8401eb3b7906b2\" id=\"h-water-treatment-for-chiller-systems\" style=\"color:#312f5f\">UZDATNIANIE WODY DLA SYSTEM\u00d3W CH\u0141ODZENIA<\/h1>\n\n\n\n<p class=\" eplus-wrapper\">Chro\u0144 swoj\u0105 produkcj\u0119 przed przestojami.<\/p>\n\n\n\n<p class=\" eplus-wrapper\">Woda lub ciecz przep\u0142ywaj\u0105ca przez agregat ch\u0142odniczy i powi\u0105zany z nim system mo\u017ce by\u0107 cz\u0119sto pomijana, ale mo\u017ce na ni\u0105 wp\u0142ywa\u0107 wiele czynnik\u00f3w, takich jak rozpuszczony tlen, nier\u00f3wnowaga pH i bakterie lub bio-zanieczyszczenia.<\/p>\n\n\n\n<p class=\" eplus-wrapper\">Jako\u015b\u0107 wody w uk\u0142adzie ma wp\u0142yw na \u017cywotno\u015b\u0107 sprz\u0119tu procesowego, cz\u0119\u015bci i komponent\u00f3w. Gdy tylko woda zaczyna przep\u0142ywa\u0107 przez system, zmienia jego w\u0142a\u015bciwo\u015bci, dlatego tak wa\u017cne jest jej regularne sprawdzanie i prawid\u0142owe uzdatnianie. <\/p>\n<\/div>\n<\/div>\n<\/div>\n\n<div class=\"flex flex-row flex-wrap md:flex-nowrap sm:justify-center sm:items-center wp-block-group eplus-wrapper is-layout-constrained wp-block-group-is-layout-constrained\">\n<div class=\"w-full p-2 m-2 wp-block-group eplus-wrapper is-vertical is-layout-flex wp-container-core-group-is-layout-8cf370e7 wp-block-group-is-layout-flex\">\n<p class=\"has-text-color has-link-color eplus-wrapper wp-elements-6c635938bfc849d9182338b7a965e682\" style=\"color:#323130\">Mo\u017cesz zobaczy\u0107 sw\u00f3j sprz\u0119t; stoi on przed tob\u0105. To, czego nie wida\u0107, to p\u0142yn, kt\u00f3ry kr\u0105\u017cy wewn\u0105trz urz\u0105dzenia. <\/p>\n\n\n\n<p class=\"has-text-color has-link-color eplus-wrapper wp-elements-93fd0fc0cb31334ed022e1c29e66e69d\" style=\"color:#323130\">Nasze wewn\u0119trzne systemy uzdatniania wody zosta\u0142y zaprojektowane tak, aby zapewni\u0107 sprawne dzia\u0142anie proces\u00f3w, a tym samym wydajne i niezawodne funkcjonowanie bran\u017cy. Doskonale wiemy, \u017ce zrozumienie sk\u0142adu chemicznego tego, co mo\u017ce wygl\u0105da\u0107 jak woda, jest skomplikowane. <\/p>\n\n\n\n<p class=\"has-text-color has-link-color eplus-wrapper wp-elements-2e3093737d85f2c116ffa928c21636ec\" style=\"color:#323130\">Upro\u015bcimy to dla Ciebie, pobierzemy pr\u00f3bk\u0119 i nasz specjalista ds. uzdatniania wody wyda raport z jasnym planem wdro\u017cenia w celu konserwacji sprz\u0119tu lub przeprowadzenia naprawy. Wszystko to wykonujemy we w\u0142asnym zakresie, niezale\u017cnie od tego, czy jest to glikol, inhibitor, biocyd czy pe\u0142ne p\u0142ukanie. <\/p>\n\n\n\n<p class=\"has-text-color has-link-color eplus-wrapper wp-elements-8ca5f619a1b3e7e5127dc04ff4e6d9b9\" style=\"color:#323130\">Jako\u015b\u0107 wody wp\u0142ywa na trwa\u0142o\u015b\u0107, wydajno\u015b\u0107 i niezawodno\u015b\u0107 urz\u0105dze\u0144 procesowych.<\/p>\n\n\n\n<p class=\"has-text-color has-link-color eplus-wrapper wp-elements-5eb346402679843eeb4d54658151e66e\" style=\"color:#323130\">Regularne sprawdzanie, konserwacja i uzdatnianie p\u0142ynu systemowego ma zasadnicze znaczenie dla unikni\u0119cia problem\u00f3w, takich jak korozja, bakterie i zanieczyszczenie systemu, kt\u00f3re ostatecznie doprowadz\u0105 do awarii sprz\u0119tu i systemu procesowego, niedogodno\u015bci i koszt\u00f3w.<\/p>\n\n\n\n<p class=\"has-text-color has-link-color eplus-wrapper wp-elements-385ea1bf935e20d11f12fb8a5a396327\" style=\"color:#323130\">Pierwszym krokiem do dobrej jako\u015bci wody jest wdro\u017cenie planu uzdatniania wody. W ramach naszych um\u00f3w konserwacji zapobiegawczej standardowo pobieramy pr\u00f3bki i przeprowadzamy niezale\u017cne analizy laboratoryjne. <\/p>\n\n\n\n<p class=\"has-text-color has-link-color eplus-wrapper wp-elements-6c5b87ce08826f21d95bf8368e796462\" style=\"color:#323130\">Wydawany jest czytelny raport wskazuj\u0105cy wszelkie usterki, kt\u00f3re wykraczaj\u0105 poza zalecane parametry.<\/p>\n\n\n\n<p class=\"has-text-color has-link-color eplus-wrapper wp-elements-914202892be4b9eda7001fe46f703b90\" style=\"color:#323130\">Nast\u0119pnie tworzony jest szczeg\u00f3\u0142owy plan dzia\u0142ania, kt\u00f3ry mo\u017ce zosta\u0107 wdro\u017cony &#8211; przywracaj\u0105c i utrzymuj\u0105c jako\u015b\u0107 wody zgodnie z najlepszymi standardami.<\/p>\n<\/div>\n<\/div>\n\n<div style=\"height:60px\" aria-hidden=\"true\" class=\" wp-block-spacer eplus-wrapper\"><\/div>\n\n<div class=\"wp-block-group eplus-wrapper is-layout-flow wp-block-group-is-layout-flow\"><div class=\"items-center md:flex xs:grid wp-block-columns eplus-wrapper is-layout-flex wp-container-core-columns-is-layout-9d6595d7 wp-block-columns-is-layout-flex eplus-styles-uid-e0cdff\">\n<div class=\"xs:order-2 md:order-1 xs:w-full md:w-6\/12 xs:mb-12 md:mb-0 wp-block-column eplus-wrapper is-layout-flow wp-block-column-is-layout-flow\">\n<figure class=\" wp-block-image size-full is-resized eplus-wrapper\"><img loading=\"lazy\" decoding=\"async\" width=\"900\" height=\"544\" src=\"https:\/\/www.icscoolenergy.com\/pl\/wp-content\/uploads\/sites\/7\/2024\/04\/Water-Treatment-For-Chillers.jpg\" alt=\"\" class=\"wp-image-80217\" style=\"width:720px\" srcset=\"https:\/\/www.icscoolenergy.com\/wp-content\/uploads\/sites\/7\/2024\/04\/Water-Treatment-For-Chillers.jpg 900w, https:\/\/www.icscoolenergy.com\/wp-content\/uploads\/sites\/7\/2024\/04\/Water-Treatment-For-Chillers-300x181.jpg 300w, https:\/\/www.icscoolenergy.com\/wp-content\/uploads\/sites\/7\/2024\/04\/Water-Treatment-For-Chillers-768x464.jpg 768w, https:\/\/www.icscoolenergy.com\/wp-content\/uploads\/sites\/7\/2024\/04\/Water-Treatment-For-Chillers-50x30.jpg 50w, https:\/\/www.icscoolenergy.com\/wp-content\/uploads\/sites\/7\/2024\/04\/Water-Treatment-For-Chillers-600x363.jpg 600w\" sizes=\"auto, (max-width: 900px) 100vw, 900px\" \/><\/figure>\n<\/div>\n\n\n\n<div class=\"xs:order-1 md:order-2 xs:w-full md:w-6\/12 wp-block-column eplus-wrapper is-layout-flow wp-block-column-is-layout-flow\">\n<h2 class=\" wp-block-heading eplus-wrapper\" id=\"h-benefits\"><strong>KORZY\u015aCI<\/strong><\/h2>\n\n\n<ul class=\"eplus-wrapper wp-block-list eplus-styles-uid-5e964c\">\n<li class=\" eplus-wrapper\">Zapobieganie degradacji systemu poprzez regularne monitorowanie i oczyszczanie.<\/li>\n\n\n\n<li class=\" eplus-wrapper\">Zwi\u0119kszenie wydajno\u015bci systemu<\/li>\n\n\n<li class=\" eplus-wrapper eplus-styles-uid-d57e6b\">Wyd\u0142u\u017cenie \u017cywotno\u015bci systemu i sprz\u0119tu<\/li>\n\n\n<li class=\" eplus-wrapper\">Zmniejszenie koszt\u00f3w konserwacji i napraw<\/li>\n\n\n\n<li class=\" eplus-wrapper\">Ochrona jako\u015bci systemu procesowego<\/li>\n<\/ul><\/div>\n<\/div><\/div>\n\n<div style=\"height:60px\" aria-hidden=\"true\" class=\" wp-block-spacer eplus-wrapper\"><\/div>\n\n<div class=\"flex flex-row flex-wrap md:flex-nowrap sm:justify-center sm:items-center wp-block-group eplus-wrapper is-layout-constrained wp-block-group-is-layout-constrained\">\n<div class=\"w-full p-2 m-2 wp-block-group eplus-wrapper is-vertical is-layout-flex wp-container-core-group-is-layout-8cf370e7 wp-block-group-is-layout-flex\">\n<h3 class=\" wp-block-heading eplus-wrapper\" id=\"h-side-stream-filtration\">FILTRACJA STRUMIENIA BOCZNEGO<\/h3>\n\n\n\n<div style=\"height:8px\" aria-hidden=\"true\" class=\"wp-block-spacer eplus-wrapper wp-container-content-7d115344\"><\/div>\n\n\n\n<p class=\"has-text-color has-link-color eplus-wrapper wp-elements-51f5d077d3093b356631fcf45303ef09\" style=\"color:#323130\">Je\u015bli systemy wykazuj\u0105 oznaki zwi\u0119kszonej ilo\u015bci zawieszonych cia\u0142 sta\u0142ych, korozji lub innych zanieczyszcze\u0144, istnieje szereg urz\u0105dze\u0144, kt\u00f3re mo\u017cna wykorzysta\u0107 do usuni\u0119cia takich zanieczyszcze\u0144.<\/p>\n\n\n\n<p class=\"has-text-color has-link-color eplus-wrapper wp-elements-713fe6953520656045a5018bd3eefd7f\" style=\"color:#323130\">Obejmuje to sita, filtry, filtry magnetyczne, separatory zanieczyszcze\u0144, po\u0142\u0105czone separatory powietrza i zanieczyszcze\u0144, a tak\u017ce powszechnie spotykan\u0105 filtracj\u0119 strumienia bocznego. Wszystkie one maj\u0105 do odegrania pewn\u0105 rol\u0119, a przy prawid\u0142owym zastosowaniu mog\u0105 mie\u0107 pozytywny wp\u0142yw na czyszczenie i ci\u0105g\u0142\u0105 ochron\u0119 zamkni\u0119tych obwod\u00f3w. <\/p>\n\n\n\n<p class=\"has-text-color has-link-color eplus-wrapper wp-elements-23b871023e071d30a6e1abc3d5455a7d\" style=\"color:#323130\">Wiele system\u00f3w ma filtracj\u0119 boczn\u0105 uwzgl\u0119dnion\u0105 na etapie projektowania, aby zabezpieczy\u0107 niekt\u00f3re z kwestii, kt\u00f3re podkre\u015blili\u015bmy powy\u017cej. Taki sprz\u0119t jest prosty, \u0142atwy w instalacji i ma prosty proces usuwania cia\u0142 sta\u0142ych. Filtry bocznego strumienia s\u0105 zaprojektowane tak, aby stale przepuszcza\u0107 5-15% kr\u0105\u017c\u0105cej wody przez obudow\u0119 filtra, co powoduje, \u017ce ca\u0142kowita obj\u0119to\u015b\u0107 systemu jest filtrowana 2 do 3 razy na 24 godziny.  <\/p>\n\n\n\n<p class=\"has-text-color has-link-color eplus-wrapper wp-elements-53e5190ff49a10440a41d4c0a218d4bd\" style=\"color:#323130\">Dowiedz si\u0119 wi\u0119cej o <a href=\"\/?p=77332\">filtracji bocznej na naszym blogu<\/a>.<\/p>\n<\/div>\n<\/div>\n\n<div style=\"height:60px\" aria-hidden=\"true\" class=\" wp-block-spacer eplus-wrapper\"><\/div>\n","protected":false},"excerpt":{"rendered":"<p>UZDATNIANIE WODY DLA SYSTEM\u00d3W CH\u0141ODZENIA Chro\u0144 swoj\u0105 produkcj\u0119 przed przestojami. Woda lub ciecz przep\u0142ywaj\u0105ca przez agregat ch\u0142odniczy i powi\u0105zany z nim system mo\u017ce by\u0107 cz\u0119sto pomijana, ale mo\u017ce na ni\u0105 wp\u0142ywa\u0107 wiele czynnik\u00f3w, takich jak rozpuszczony tlen, nier\u00f3wnowaga pH i bakterie lub bio-zanieczyszczenia. Jako\u015b\u0107 wody w uk\u0142adzie ma wp\u0142yw na \u017cywotno\u015b\u0107 sprz\u0119tu procesowego, cz\u0119\u015bci i &#8230; <a title=\"Uzdatnianie wody dla system\u00f3w ch\u0142odzenia\" class=\"read-more\" href=\"https:\/\/www.icscoolenergy.com\/pl\/usluga\/uzdatnianie-wody-dla-systemow-chlodzenia\/\" aria-label=\"More on Uzdatnianie wody dla system\u00f3w ch\u0142odzenia\">Read more<\/a><\/p>\n","protected":false},"author":1,"featured_media":0,"parent":85960,"menu_order":0,"comment_status":"closed","ping_status":"closed","template":"template-1.php","meta":{"_acf_changed":false,"inline_featured_image":false,"_editorskit_title_hidden":false,"_editorskit_reading_time":0,"_editorskit_is_block_options_detached":false,"_editorskit_block_options_position":"{}","editor_plus_copied_stylings":"{}","footnotes":""},"class_list":["post-86036","page","type-page","status-publish"],"acf":[],"yoast_head":"<!-- This site is optimized with the Yoast SEO Premium plugin v24.5 (Yoast SEO v26.9) - https:\/\/yoast.com\/product\/yoast-seo-premium-wordpress\/ -->\n<title>Uzdatnianie wody dla system\u00f3w ch\u0142odzenia | Poland<\/title>\n<meta name=\"robots\" content=\"index, follow, max-snippet:-1, max-image-preview:large, max-video-preview:-1\" \/>\n<link rel=\"canonical\" href=\"https:\/\/www.icscoolenergy.com\/pl\/usluga\/uzdatnianie-wody-dla-systemow-chlodzenia\/\" \/>\n<meta property=\"og:locale\" content=\"pl_PL\" \/>\n<meta property=\"og:type\" content=\"article\" \/>\n<meta property=\"og:title\" content=\"Uzdatnianie wody dla system\u00f3w ch\u0142odzenia\" \/>\n<meta property=\"og:description\" content=\"UZDATNIANIE WODY DLA SYSTEM\u00d3W CH\u0141ODZENIA Chro\u0144 swoj\u0105 produkcj\u0119 przed przestojami. Woda lub ciecz przep\u0142ywaj\u0105ca przez agregat ch\u0142odniczy i powi\u0105zany z nim system mo\u017ce by\u0107 cz\u0119sto pomijana, ale mo\u017ce na ni\u0105 wp\u0142ywa\u0107 wiele czynnik\u00f3w, takich jak rozpuszczony tlen, nier\u00f3wnowaga pH i bakterie lub bio-zanieczyszczenia. Jako\u015b\u0107 wody w uk\u0142adzie ma wp\u0142yw na \u017cywotno\u015b\u0107 sprz\u0119tu procesowego, cz\u0119\u015bci i ... Read more\" \/>\n<meta property=\"og:url\" content=\"https:\/\/www.icscoolenergy.com\/pl\/usluga\/uzdatnianie-wody-dla-systemow-chlodzenia\/\" \/>\n<meta property=\"og:site_name\" content=\"Poland\" \/>\n<meta property=\"article:modified_time\" content=\"2024-11-19T12:00:24+00:00\" \/>\n<meta property=\"og:image\" content=\"https:\/\/www.icscoolenergy.com\/pl\/wp-content\/uploads\/sites\/7\/2024\/05\/Water-Treatment.jpg\" \/>\n<meta name=\"twitter:card\" content=\"summary_large_image\" \/>\n<meta name=\"twitter:label1\" content=\"Est. reading time\" \/>\n\t<meta name=\"twitter:data1\" content=\"3 minuty\" \/>\n<script type=\"application\/ld+json\" class=\"yoast-schema-graph\">{\"@context\":\"https:\/\/schema.org\",\"@graph\":[{\"@type\":\"WebPage\",\"@id\":\"https:\/\/www.icscoolenergy.com\/pl\/usluga\/uzdatnianie-wody-dla-systemow-chlodzenia\/\",\"url\":\"https:\/\/www.icscoolenergy.com\/pl\/usluga\/uzdatnianie-wody-dla-systemow-chlodzenia\/\",\"name\":\"Uzdatnianie wody dla system\u00f3w ch\u0142odzenia | Poland\",\"isPartOf\":{\"@id\":\"https:\/\/www.icscoolenergy.com\/pl\/#website\"},\"primaryImageOfPage\":{\"@id\":\"https:\/\/www.icscoolenergy.com\/pl\/usluga\/uzdatnianie-wody-dla-systemow-chlodzenia\/#primaryimage\"},\"image\":{\"@id\":\"https:\/\/www.icscoolenergy.com\/pl\/usluga\/uzdatnianie-wody-dla-systemow-chlodzenia\/#primaryimage\"},\"thumbnailUrl\":\"https:\/\/www.icscoolenergy.com\/pl\/wp-content\/uploads\/sites\/7\/2024\/05\/Water-Treatment.jpg\",\"datePublished\":\"2024-04-08T09:34:48+00:00\",\"dateModified\":\"2024-11-19T12:00:24+00:00\",\"breadcrumb\":{\"@id\":\"https:\/\/www.icscoolenergy.com\/pl\/usluga\/uzdatnianie-wody-dla-systemow-chlodzenia\/#breadcrumb\"},\"inLanguage\":\"pl-PL\",\"potentialAction\":[{\"@type\":\"ReadAction\",\"target\":[\"https:\/\/www.icscoolenergy.com\/pl\/usluga\/uzdatnianie-wody-dla-systemow-chlodzenia\/\"]}]},{\"@type\":\"ImageObject\",\"inLanguage\":\"pl-PL\",\"@id\":\"https:\/\/www.icscoolenergy.com\/pl\/usluga\/uzdatnianie-wody-dla-systemow-chlodzenia\/#primaryimage\",\"url\":\"https:\/\/www.icscoolenergy.com\/wp-content\/uploads\/sites\/7\/2024\/05\/Water-Treatment.jpg\",\"contentUrl\":\"https:\/\/www.icscoolenergy.com\/wp-content\/uploads\/sites\/7\/2024\/05\/Water-Treatment.jpg\",\"width\":1980,\"height\":900,\"caption\":\"Chiller Water Treatment\"},{\"@type\":\"BreadcrumbList\",\"@id\":\"https:\/\/www.icscoolenergy.com\/pl\/usluga\/uzdatnianie-wody-dla-systemow-chlodzenia\/#breadcrumb\",\"itemListElement\":[{\"@type\":\"ListItem\",\"position\":1,\"name\":\"Home\",\"item\":\"https:\/\/www.icscoolenergy.com\/pl\/\"},{\"@type\":\"ListItem\",\"position\":2,\"name\":\"Us\u0142uga\",\"item\":\"https:\/\/www.icscoolenergy.com\/pl\/usluga\/\"},{\"@type\":\"ListItem\",\"position\":3,\"name\":\"Uzdatnianie wody dla system\u00f3w ch\u0142odzenia\"}]},{\"@type\":\"WebSite\",\"@id\":\"https:\/\/www.icscoolenergy.com\/pl\/#website\",\"url\":\"https:\/\/www.icscoolenergy.com\/pl\/\",\"name\":\"ICS Cool Energy\",\"description\":\"The Process Temperature Control Specialists\",\"publisher\":{\"@id\":\"https:\/\/www.icscoolenergy.com\/pl\/#organization\"},\"alternateName\":\"ICS\",\"potentialAction\":[{\"@type\":\"SearchAction\",\"target\":{\"@type\":\"EntryPoint\",\"urlTemplate\":\"https:\/\/www.icscoolenergy.com\/pl\/?s={search_term_string}\"},\"query-input\":{\"@type\":\"PropertyValueSpecification\",\"valueRequired\":true,\"valueName\":\"search_term_string\"}}],\"inLanguage\":\"pl-PL\"},{\"@type\":\"Organization\",\"@id\":\"https:\/\/www.icscoolenergy.com\/pl\/#organization\",\"name\":\"ICS Cool Energy\",\"url\":\"https:\/\/www.icscoolenergy.com\/pl\/\",\"logo\":{\"@type\":\"ImageObject\",\"inLanguage\":\"pl-PL\",\"@id\":\"https:\/\/www.icscoolenergy.com\/pl\/#\/schema\/logo\/image\/\",\"url\":\"https:\/\/www.icscoolenergy.com\/wp-content\/uploads\/sites\/7\/2024\/01\/ics-cool-energy-logo.svg\",\"contentUrl\":\"https:\/\/www.icscoolenergy.com\/wp-content\/uploads\/sites\/7\/2024\/01\/ics-cool-energy-logo.svg\",\"caption\":\"ICS Cool Energy\"},\"image\":{\"@id\":\"https:\/\/www.icscoolenergy.com\/pl\/#\/schema\/logo\/image\/\"},\"sameAs\":[\"https:\/\/www.linkedin.com\/company\/ics-temperature-control\/\",\"https:\/\/www.youtube.com\/@ICSCoolEnergyLtd\"],\"description\":\"ICS Cool Energy is a market leader for process and critical temperature control solutions that keep all types and sizes of businesses and industry running. Our headquarters are situated in Southampton, with offices throughout the UK and Europe, employing over 250 people in the UK alone.\",\"email\":\"info@icscoolenergy.com\",\"telephone\":\"0800 840 4210\",\"legalName\":\"ICS Cool Energy Limited\",\"numberOfEmployees\":{\"@type\":\"QuantitativeValue\",\"minValue\":\"201\",\"maxValue\":\"500\"}}]}<\/script>\n<!-- \/ Yoast SEO Premium plugin. -->","yoast_head_json":{"title":"Uzdatnianie wody dla system\u00f3w ch\u0142odzenia | Poland","robots":{"index":"index","follow":"follow","max-snippet":"max-snippet:-1","max-image-preview":"max-image-preview:large","max-video-preview":"max-video-preview:-1"},"canonical":"https:\/\/www.icscoolenergy.com\/pl\/usluga\/uzdatnianie-wody-dla-systemow-chlodzenia\/","og_locale":"pl_PL","og_type":"article","og_title":"Uzdatnianie wody dla system\u00f3w ch\u0142odzenia","og_description":"UZDATNIANIE WODY DLA SYSTEM\u00d3W CH\u0141ODZENIA Chro\u0144 swoj\u0105 produkcj\u0119 przed przestojami. Woda lub ciecz przep\u0142ywaj\u0105ca przez agregat ch\u0142odniczy i powi\u0105zany z nim system mo\u017ce by\u0107 cz\u0119sto pomijana, ale mo\u017ce na ni\u0105 wp\u0142ywa\u0107 wiele czynnik\u00f3w, takich jak rozpuszczony tlen, nier\u00f3wnowaga pH i bakterie lub bio-zanieczyszczenia. Jako\u015b\u0107 wody w uk\u0142adzie ma wp\u0142yw na \u017cywotno\u015b\u0107 sprz\u0119tu procesowego, cz\u0119\u015bci i ... Read more","og_url":"https:\/\/www.icscoolenergy.com\/pl\/usluga\/uzdatnianie-wody-dla-systemow-chlodzenia\/","og_site_name":"Poland","article_modified_time":"2024-11-19T12:00:24+00:00","og_image":[{"url":"https:\/\/www.icscoolenergy.com\/pl\/wp-content\/uploads\/sites\/7\/2024\/05\/Water-Treatment.jpg","type":"","width":"","height":""}],"twitter_card":"summary_large_image","twitter_misc":{"Est. reading time":"3 minuty"},"schema":{"@context":"https:\/\/schema.org","@graph":[{"@type":"WebPage","@id":"https:\/\/www.icscoolenergy.com\/pl\/usluga\/uzdatnianie-wody-dla-systemow-chlodzenia\/","url":"https:\/\/www.icscoolenergy.com\/pl\/usluga\/uzdatnianie-wody-dla-systemow-chlodzenia\/","name":"Uzdatnianie wody dla system\u00f3w ch\u0142odzenia | Poland","isPartOf":{"@id":"https:\/\/www.icscoolenergy.com\/pl\/#website"},"primaryImageOfPage":{"@id":"https:\/\/www.icscoolenergy.com\/pl\/usluga\/uzdatnianie-wody-dla-systemow-chlodzenia\/#primaryimage"},"image":{"@id":"https:\/\/www.icscoolenergy.com\/pl\/usluga\/uzdatnianie-wody-dla-systemow-chlodzenia\/#primaryimage"},"thumbnailUrl":"https:\/\/www.icscoolenergy.com\/pl\/wp-content\/uploads\/sites\/7\/2024\/05\/Water-Treatment.jpg","datePublished":"2024-04-08T09:34:48+00:00","dateModified":"2024-11-19T12:00:24+00:00","breadcrumb":{"@id":"https:\/\/www.icscoolenergy.com\/pl\/usluga\/uzdatnianie-wody-dla-systemow-chlodzenia\/#breadcrumb"},"inLanguage":"pl-PL","potentialAction":[{"@type":"ReadAction","target":["https:\/\/www.icscoolenergy.com\/pl\/usluga\/uzdatnianie-wody-dla-systemow-chlodzenia\/"]}]},{"@type":"ImageObject","inLanguage":"pl-PL","@id":"https:\/\/www.icscoolenergy.com\/pl\/usluga\/uzdatnianie-wody-dla-systemow-chlodzenia\/#primaryimage","url":"https:\/\/www.icscoolenergy.com\/wp-content\/uploads\/sites\/7\/2024\/05\/Water-Treatment.jpg","contentUrl":"https:\/\/www.icscoolenergy.com\/wp-content\/uploads\/sites\/7\/2024\/05\/Water-Treatment.jpg","width":1980,"height":900,"caption":"Chiller Water Treatment"},{"@type":"BreadcrumbList","@id":"https:\/\/www.icscoolenergy.com\/pl\/usluga\/uzdatnianie-wody-dla-systemow-chlodzenia\/#breadcrumb","itemListElement":[{"@type":"ListItem","position":1,"name":"Home","item":"https:\/\/www.icscoolenergy.com\/pl\/"},{"@type":"ListItem","position":2,"name":"Us\u0142uga","item":"https:\/\/www.icscoolenergy.com\/pl\/usluga\/"},{"@type":"ListItem","position":3,"name":"Uzdatnianie wody dla system\u00f3w ch\u0142odzenia"}]},{"@type":"WebSite","@id":"https:\/\/www.icscoolenergy.com\/pl\/#website","url":"https:\/\/www.icscoolenergy.com\/pl\/","name":"ICS Cool Energy","description":"The Process Temperature Control Specialists","publisher":{"@id":"https:\/\/www.icscoolenergy.com\/pl\/#organization"},"alternateName":"ICS","potentialAction":[{"@type":"SearchAction","target":{"@type":"EntryPoint","urlTemplate":"https:\/\/www.icscoolenergy.com\/pl\/?s={search_term_string}"},"query-input":{"@type":"PropertyValueSpecification","valueRequired":true,"valueName":"search_term_string"}}],"inLanguage":"pl-PL"},{"@type":"Organization","@id":"https:\/\/www.icscoolenergy.com\/pl\/#organization","name":"ICS Cool Energy","url":"https:\/\/www.icscoolenergy.com\/pl\/","logo":{"@type":"ImageObject","inLanguage":"pl-PL","@id":"https:\/\/www.icscoolenergy.com\/pl\/#\/schema\/logo\/image\/","url":"https:\/\/www.icscoolenergy.com\/wp-content\/uploads\/sites\/7\/2024\/01\/ics-cool-energy-logo.svg","contentUrl":"https:\/\/www.icscoolenergy.com\/wp-content\/uploads\/sites\/7\/2024\/01\/ics-cool-energy-logo.svg","caption":"ICS Cool Energy"},"image":{"@id":"https:\/\/www.icscoolenergy.com\/pl\/#\/schema\/logo\/image\/"},"sameAs":["https:\/\/www.linkedin.com\/company\/ics-temperature-control\/","https:\/\/www.youtube.com\/@ICSCoolEnergyLtd"],"description":"ICS Cool Energy is a market leader for process and critical temperature control solutions that keep all types and sizes of businesses and industry running. Our headquarters are situated in Southampton, with offices throughout the UK and Europe, employing over 250 people in the UK alone.","email":"info@icscoolenergy.com","telephone":"0800 840 4210","legalName":"ICS Cool Energy Limited","numberOfEmployees":{"@type":"QuantitativeValue","minValue":"201","maxValue":"500"}}]}},"_links":{"self":[{"href":"https:\/\/www.icscoolenergy.com\/pl\/wp-json\/wp\/v2\/pages\/86036","targetHints":{"allow":["GET"]}}],"collection":[{"href":"https:\/\/www.icscoolenergy.com\/pl\/wp-json\/wp\/v2\/pages"}],"about":[{"href":"https:\/\/www.icscoolenergy.com\/pl\/wp-json\/wp\/v2\/types\/page"}],"author":[{"embeddable":true,"href":"https:\/\/www.icscoolenergy.com\/pl\/wp-json\/wp\/v2\/users\/1"}],"replies":[{"embeddable":true,"href":"https:\/\/www.icscoolenergy.com\/pl\/wp-json\/wp\/v2\/comments?post=86036"}],"version-history":[{"count":0,"href":"https:\/\/www.icscoolenergy.com\/pl\/wp-json\/wp\/v2\/pages\/86036\/revisions"}],"up":[{"embeddable":true,"href":"https:\/\/www.icscoolenergy.com\/pl\/wp-json\/wp\/v2\/pages\/85960"}],"wp:attachment":[{"href":"https:\/\/www.icscoolenergy.com\/pl\/wp-json\/wp\/v2\/media?parent=86036"}],"curies":[{"name":"wp","href":"https:\/\/api.w.org\/{rel}","templated":true}]}}