 
{"id":86083,"date":"2024-01-08T17:28:58","date_gmt":"2024-01-08T17:28:58","guid":{"rendered":"https:\/\/www.icscoolenergy.com\/pl\/wszystkie-produkty\/"},"modified":"2024-11-19T12:01:36","modified_gmt":"2024-11-19T12:01:36","slug":"wszystkie-produkty","status":"publish","type":"page","link":"https:\/\/www.icscoolenergy.com\/pl\/wszystkie-produkty\/","title":{"rendered":"Wszystkie produkty"},"content":{"rendered":"\n<div style=\"height:60px\" aria-hidden=\"true\" class=\" wp-block-spacer eplus-wrapper\"><\/div>\n\n<h1 class=\" wp-block-heading eplus-wrapper\" id=\"h-all-products\">WSZYSTKIE PRODUKTY<\/h1>\n\n<p class=\" eplus-wrapper\">Odkryj nasz\u0105 pe\u0142n\u0105 gam\u0119 produkt\u00f3w ch\u0142odz\u0105cych i grzewczych, kt\u00f3re oferuj\u0105 najnowsz\u0105, wysokowydajn\u0105 i energooszcz\u0119dn\u0105 technologi\u0119. Niezale\u017cnie od tego, czy wynajmujesz, czy kupujesz, nasz wewn\u0119trzny zesp\u00f3\u0142 ds. projektowania i zarz\u0105dzania projektami b\u0119dzie \u015bci\u015ble wsp\u00f3\u0142pracowa\u0107 z Tob\u0105, aby zapewni\u0107, \u017ce Tw\u00f3j sprz\u0119t do ch\u0142odzenia, ogrzewania lub kontroli temperatury jest dostosowany do powierzchni zak\u0142adu, wymaga\u0144 operacyjnych i produkcyjnych. <\/p>\n\n<div style=\"height:30px\" aria-hidden=\"true\" class=\" wp-block-spacer eplus-wrapper\"><\/div>\n\n<script defer>\ndocument.addEventListener('DOMContentLoaded', function() {\n    var tabTitles = document.querySelectorAll('.tab-title');\n    var tabContents = document.querySelectorAll('.tab-content');\n\n    function clearActiveStates() {\n        tabTitles.forEach(function(title) {\n            title.classList.remove('active');\n        });\n        tabContents.forEach(function(content) {\n            content.classList.remove('active');\n        });\n    }\n\n    tabTitles.forEach(function(title) {\n        title.addEventListener('click', function() {\n            var tabIndex = this.getAttribute('data-tab-index');\n            clearActiveStates();\n            this.classList.add('active');\n            document.querySelector('.tab-content[data-tab-index=\"' + tabIndex + '\"]').classList\n                .add('active');\n        });\n    });\n\n    \/\/ Set the first tab and content as active by default\n    if (tabTitles.length > 0 && tabContents.length > 0) {\n        tabTitles[0].classList.add('active');\n        tabContents[0].classList.add('active');\n    }\n});\n<\/script>\n\n<div style=\"height:90px\" aria-hidden=\"true\" class=\" wp-block-spacer eplus-wrapper\"><\/div>\n","protected":false},"excerpt":{"rendered":"<p>WSZYSTKIE PRODUKTY Odkryj nasz\u0105 pe\u0142n\u0105 gam\u0119 produkt\u00f3w ch\u0142odz\u0105cych i grzewczych, kt\u00f3re oferuj\u0105 najnowsz\u0105, wysokowydajn\u0105 i energooszcz\u0119dn\u0105 technologi\u0119. Niezale\u017cnie od tego, czy wynajmujesz, czy kupujesz, nasz wewn\u0119trzny zesp\u00f3\u0142 ds. projektowania i zarz\u0105dzania projektami b\u0119dzie \u015bci\u015ble wsp\u00f3\u0142pracowa\u0107 z Tob\u0105, aby zapewni\u0107, \u017ce Tw\u00f3j sprz\u0119t do ch\u0142odzenia, ogrzewania lub kontroli temperatury jest dostosowany do powierzchni zak\u0142adu, wymaga\u0144 operacyjnych &#8230; <a title=\"Wszystkie produkty\" class=\"read-more\" href=\"https:\/\/www.icscoolenergy.com\/pl\/wszystkie-produkty\/\" aria-label=\"More on Wszystkie produkty\">Read more<\/a><\/p>\n","protected":false},"author":1,"featured_media":0,"parent":0,"menu_order":0,"comment_status":"closed","ping_status":"closed","template":"template-1.php","meta":{"_acf_changed":false,"inline_featured_image":false,"_editorskit_title_hidden":false,"_editorskit_reading_time":0,"_editorskit_is_block_options_detached":false,"_editorskit_block_options_position":"{}","editor_plus_copied_stylings":"{}","footnotes":""},"class_list":["post-86083","page","type-page","status-publish"],"acf":[],"yoast_head":"<!-- This site is optimized with the Yoast SEO Premium plugin v24.5 (Yoast SEO v26.9) - https:\/\/yoast.com\/product\/yoast-seo-premium-wordpress\/ -->\n<title>Wszystkie produkty | Poland<\/title>\n<meta name=\"robots\" content=\"index, follow, max-snippet:-1, max-image-preview:large, max-video-preview:-1\" \/>\n<link rel=\"canonical\" href=\"https:\/\/www.icscoolenergy.com\/pl\/wszystkie-produkty\/\" \/>\n<meta property=\"og:locale\" content=\"pl_PL\" \/>\n<meta property=\"og:type\" content=\"article\" \/>\n<meta property=\"og:title\" content=\"Wszystkie produkty\" \/>\n<meta property=\"og:description\" content=\"WSZYSTKIE PRODUKTY Odkryj nasz\u0105 pe\u0142n\u0105 gam\u0119 produkt\u00f3w ch\u0142odz\u0105cych i grzewczych, kt\u00f3re oferuj\u0105 najnowsz\u0105, wysokowydajn\u0105 i energooszcz\u0119dn\u0105 technologi\u0119. Niezale\u017cnie od tego, czy wynajmujesz, czy kupujesz, nasz wewn\u0119trzny zesp\u00f3\u0142 ds. projektowania i zarz\u0105dzania projektami b\u0119dzie \u015bci\u015ble wsp\u00f3\u0142pracowa\u0107 z Tob\u0105, aby zapewni\u0107, \u017ce Tw\u00f3j sprz\u0119t do ch\u0142odzenia, ogrzewania lub kontroli temperatury jest dostosowany do powierzchni zak\u0142adu, wymaga\u0144 operacyjnych ... Read more\" \/>\n<meta property=\"og:url\" content=\"https:\/\/www.icscoolenergy.com\/pl\/wszystkie-produkty\/\" \/>\n<meta property=\"og:site_name\" content=\"Poland\" \/>\n<meta property=\"article:modified_time\" content=\"2024-11-19T12:01:36+00:00\" \/>\n<meta property=\"og:image\" content=\"https:\/\/www.icscoolenergy.com\/wp-content\/uploads\/sites\/7\/2024\/05\/Yoast-Hero-Image.jpg\" \/>\n\t<meta property=\"og:image:width\" content=\"1200\" \/>\n\t<meta property=\"og:image:height\" content=\"675\" \/>\n\t<meta property=\"og:image:type\" content=\"image\/jpeg\" \/>\n<meta name=\"twitter:card\" content=\"summary_large_image\" \/>\n<script type=\"application\/ld+json\" class=\"yoast-schema-graph\">{\"@context\":\"https:\/\/schema.org\",\"@graph\":[{\"@type\":\"WebPage\",\"@id\":\"https:\/\/www.icscoolenergy.com\/pl\/wszystkie-produkty\/\",\"url\":\"https:\/\/www.icscoolenergy.com\/pl\/wszystkie-produkty\/\",\"name\":\"Wszystkie produkty | Poland\",\"isPartOf\":{\"@id\":\"https:\/\/www.icscoolenergy.com\/pl\/#website\"},\"datePublished\":\"2024-01-08T17:28:58+00:00\",\"dateModified\":\"2024-11-19T12:01:36+00:00\",\"breadcrumb\":{\"@id\":\"https:\/\/www.icscoolenergy.com\/pl\/wszystkie-produkty\/#breadcrumb\"},\"inLanguage\":\"pl-PL\",\"potentialAction\":[{\"@type\":\"ReadAction\",\"target\":[\"https:\/\/www.icscoolenergy.com\/pl\/wszystkie-produkty\/\"]}]},{\"@type\":\"BreadcrumbList\",\"@id\":\"https:\/\/www.icscoolenergy.com\/pl\/wszystkie-produkty\/#breadcrumb\",\"itemListElement\":[{\"@type\":\"ListItem\",\"position\":1,\"name\":\"Home\",\"item\":\"https:\/\/www.icscoolenergy.com\/pl\/\"},{\"@type\":\"ListItem\",\"position\":2,\"name\":\"Wszystkie produkty\"}]},{\"@type\":\"WebSite\",\"@id\":\"https:\/\/www.icscoolenergy.com\/pl\/#website\",\"url\":\"https:\/\/www.icscoolenergy.com\/pl\/\",\"name\":\"ICS Cool Energy\",\"description\":\"The Process Temperature Control Specialists\",\"publisher\":{\"@id\":\"https:\/\/www.icscoolenergy.com\/pl\/#organization\"},\"alternateName\":\"ICS\",\"potentialAction\":[{\"@type\":\"SearchAction\",\"target\":{\"@type\":\"EntryPoint\",\"urlTemplate\":\"https:\/\/www.icscoolenergy.com\/pl\/?s={search_term_string}\"},\"query-input\":{\"@type\":\"PropertyValueSpecification\",\"valueRequired\":true,\"valueName\":\"search_term_string\"}}],\"inLanguage\":\"pl-PL\"},{\"@type\":\"Organization\",\"@id\":\"https:\/\/www.icscoolenergy.com\/pl\/#organization\",\"name\":\"ICS Cool Energy\",\"url\":\"https:\/\/www.icscoolenergy.com\/pl\/\",\"logo\":{\"@type\":\"ImageObject\",\"inLanguage\":\"pl-PL\",\"@id\":\"https:\/\/www.icscoolenergy.com\/pl\/#\/schema\/logo\/image\/\",\"url\":\"https:\/\/www.icscoolenergy.com\/wp-content\/uploads\/sites\/7\/2024\/01\/ics-cool-energy-logo.svg\",\"contentUrl\":\"https:\/\/www.icscoolenergy.com\/wp-content\/uploads\/sites\/7\/2024\/01\/ics-cool-energy-logo.svg\",\"caption\":\"ICS Cool Energy\"},\"image\":{\"@id\":\"https:\/\/www.icscoolenergy.com\/pl\/#\/schema\/logo\/image\/\"},\"sameAs\":[\"https:\/\/www.linkedin.com\/company\/ics-temperature-control\/\",\"https:\/\/www.youtube.com\/@ICSCoolEnergyLtd\"],\"description\":\"ICS Cool Energy is a market leader for process and critical temperature control solutions that keep all types and sizes of businesses and industry running. Our headquarters are situated in Southampton, with offices throughout the UK and Europe, employing over 250 people in the UK alone.\",\"email\":\"info@icscoolenergy.com\",\"telephone\":\"0800 840 4210\",\"legalName\":\"ICS Cool Energy Limited\",\"numberOfEmployees\":{\"@type\":\"QuantitativeValue\",\"minValue\":\"201\",\"maxValue\":\"500\"}}]}<\/script>\n<!-- \/ Yoast SEO Premium plugin. -->","yoast_head_json":{"title":"Wszystkie produkty | Poland","robots":{"index":"index","follow":"follow","max-snippet":"max-snippet:-1","max-image-preview":"max-image-preview:large","max-video-preview":"max-video-preview:-1"},"canonical":"https:\/\/www.icscoolenergy.com\/pl\/wszystkie-produkty\/","og_locale":"pl_PL","og_type":"article","og_title":"Wszystkie produkty","og_description":"WSZYSTKIE PRODUKTY Odkryj nasz\u0105 pe\u0142n\u0105 gam\u0119 produkt\u00f3w ch\u0142odz\u0105cych i grzewczych, kt\u00f3re oferuj\u0105 najnowsz\u0105, wysokowydajn\u0105 i energooszcz\u0119dn\u0105 technologi\u0119. Niezale\u017cnie od tego, czy wynajmujesz, czy kupujesz, nasz wewn\u0119trzny zesp\u00f3\u0142 ds. projektowania i zarz\u0105dzania projektami b\u0119dzie \u015bci\u015ble wsp\u00f3\u0142pracowa\u0107 z Tob\u0105, aby zapewni\u0107, \u017ce Tw\u00f3j sprz\u0119t do ch\u0142odzenia, ogrzewania lub kontroli temperatury jest dostosowany do powierzchni zak\u0142adu, wymaga\u0144 operacyjnych ... Read more","og_url":"https:\/\/www.icscoolenergy.com\/pl\/wszystkie-produkty\/","og_site_name":"Poland","article_modified_time":"2024-11-19T12:01:36+00:00","og_image":[{"width":1200,"height":675,"url":"https:\/\/www.icscoolenergy.com\/wp-content\/uploads\/sites\/7\/2024\/05\/Yoast-Hero-Image.jpg","type":"image\/jpeg"}],"twitter_card":"summary_large_image","schema":{"@context":"https:\/\/schema.org","@graph":[{"@type":"WebPage","@id":"https:\/\/www.icscoolenergy.com\/pl\/wszystkie-produkty\/","url":"https:\/\/www.icscoolenergy.com\/pl\/wszystkie-produkty\/","name":"Wszystkie produkty | Poland","isPartOf":{"@id":"https:\/\/www.icscoolenergy.com\/pl\/#website"},"datePublished":"2024-01-08T17:28:58+00:00","dateModified":"2024-11-19T12:01:36+00:00","breadcrumb":{"@id":"https:\/\/www.icscoolenergy.com\/pl\/wszystkie-produkty\/#breadcrumb"},"inLanguage":"pl-PL","potentialAction":[{"@type":"ReadAction","target":["https:\/\/www.icscoolenergy.com\/pl\/wszystkie-produkty\/"]}]},{"@type":"BreadcrumbList","@id":"https:\/\/www.icscoolenergy.com\/pl\/wszystkie-produkty\/#breadcrumb","itemListElement":[{"@type":"ListItem","position":1,"name":"Home","item":"https:\/\/www.icscoolenergy.com\/pl\/"},{"@type":"ListItem","position":2,"name":"Wszystkie produkty"}]},{"@type":"WebSite","@id":"https:\/\/www.icscoolenergy.com\/pl\/#website","url":"https:\/\/www.icscoolenergy.com\/pl\/","name":"ICS Cool Energy","description":"The Process Temperature Control Specialists","publisher":{"@id":"https:\/\/www.icscoolenergy.com\/pl\/#organization"},"alternateName":"ICS","potentialAction":[{"@type":"SearchAction","target":{"@type":"EntryPoint","urlTemplate":"https:\/\/www.icscoolenergy.com\/pl\/?s={search_term_string}"},"query-input":{"@type":"PropertyValueSpecification","valueRequired":true,"valueName":"search_term_string"}}],"inLanguage":"pl-PL"},{"@type":"Organization","@id":"https:\/\/www.icscoolenergy.com\/pl\/#organization","name":"ICS Cool Energy","url":"https:\/\/www.icscoolenergy.com\/pl\/","logo":{"@type":"ImageObject","inLanguage":"pl-PL","@id":"https:\/\/www.icscoolenergy.com\/pl\/#\/schema\/logo\/image\/","url":"https:\/\/www.icscoolenergy.com\/wp-content\/uploads\/sites\/7\/2024\/01\/ics-cool-energy-logo.svg","contentUrl":"https:\/\/www.icscoolenergy.com\/wp-content\/uploads\/sites\/7\/2024\/01\/ics-cool-energy-logo.svg","caption":"ICS Cool Energy"},"image":{"@id":"https:\/\/www.icscoolenergy.com\/pl\/#\/schema\/logo\/image\/"},"sameAs":["https:\/\/www.linkedin.com\/company\/ics-temperature-control\/","https:\/\/www.youtube.com\/@ICSCoolEnergyLtd"],"description":"ICS Cool Energy is a market leader for process and critical temperature control solutions that keep all types and sizes of businesses and industry running. Our headquarters are situated in Southampton, with offices throughout the UK and Europe, employing over 250 people in the UK alone.","email":"info@icscoolenergy.com","telephone":"0800 840 4210","legalName":"ICS Cool Energy Limited","numberOfEmployees":{"@type":"QuantitativeValue","minValue":"201","maxValue":"500"}}]}},"_links":{"self":[{"href":"https:\/\/www.icscoolenergy.com\/pl\/wp-json\/wp\/v2\/pages\/86083","targetHints":{"allow":["GET"]}}],"collection":[{"href":"https:\/\/www.icscoolenergy.com\/pl\/wp-json\/wp\/v2\/pages"}],"about":[{"href":"https:\/\/www.icscoolenergy.com\/pl\/wp-json\/wp\/v2\/types\/page"}],"author":[{"embeddable":true,"href":"https:\/\/www.icscoolenergy.com\/pl\/wp-json\/wp\/v2\/users\/1"}],"replies":[{"embeddable":true,"href":"https:\/\/www.icscoolenergy.com\/pl\/wp-json\/wp\/v2\/comments?post=86083"}],"version-history":[{"count":0,"href":"https:\/\/www.icscoolenergy.com\/pl\/wp-json\/wp\/v2\/pages\/86083\/revisions"}],"wp:attachment":[{"href":"https:\/\/www.icscoolenergy.com\/pl\/wp-json\/wp\/v2\/media?parent=86083"}],"curies":[{"name":"wp","href":"https:\/\/api.w.org\/{rel}","templated":true}]}}