 
{"id":86110,"date":"2024-04-03T15:46:44","date_gmt":"2024-04-03T15:46:44","guid":{"rendered":"https:\/\/www.icscoolenergy.com\/pl\/usluga\/plany-serwisowe\/"},"modified":"2024-11-19T12:02:07","modified_gmt":"2024-11-19T12:02:07","slug":"plany-serwisowe","status":"publish","type":"page","link":"https:\/\/www.icscoolenergy.com\/pl\/usluga\/plany-serwisowe\/","title":{"rendered":"Plany serwisowe"},"content":{"rendered":"\n<div class=\"mb-8 eplus-wrapper wp-block-group is-layout-flow wp-block-group-is-layout-flow\">\n<div class=\"md:relative eplus-wrapper wp-block-group is-layout-flow wp-block-group-is-layout-flow\">\n<div class=\"eplus-wrapper min-h-[150px] mb:min-h-[200px] sm:min-h-[250px] md:min-h-[430px] wp-block-cover\" style=\"min-height:430px;aspect-ratio:unset;\"><span aria-hidden=\"true\" class=\"wp-block-cover__background has-background-dim-0 has-background-dim\" style=\"background-color:#908e8b\"><\/span><img loading=\"lazy\" decoding=\"async\" width=\"2048\" height=\"864\" class=\"wp-block-cover__image-background wp-image-79512\" alt=\"\" src=\"https:\/\/www.icscoolenergy.com\/pl\/wp-content\/\/uploads\/2024\/04\/Contingency-Assets-Hero-scaled-1.jpg\" data-object-fit=\"cover\" srcset=\"https:\/\/www.icscoolenergy.com\/wp-content\/uploads\/sites\/7\/2024\/04\/Contingency-Assets-Hero-scaled-1.jpg 2048w, https:\/\/www.icscoolenergy.com\/wp-content\/uploads\/sites\/7\/2024\/04\/Contingency-Assets-Hero-scaled-1-300x127.jpg 300w, https:\/\/www.icscoolenergy.com\/wp-content\/uploads\/sites\/7\/2024\/04\/Contingency-Assets-Hero-scaled-1-1024x432.jpg 1024w, https:\/\/www.icscoolenergy.com\/wp-content\/uploads\/sites\/7\/2024\/04\/Contingency-Assets-Hero-scaled-1-768x324.jpg 768w, https:\/\/www.icscoolenergy.com\/wp-content\/uploads\/sites\/7\/2024\/04\/Contingency-Assets-Hero-scaled-1-50x21.jpg 50w, https:\/\/www.icscoolenergy.com\/wp-content\/uploads\/sites\/7\/2024\/04\/Contingency-Assets-Hero-scaled-1-1600x675.jpg 1600w, https:\/\/www.icscoolenergy.com\/wp-content\/uploads\/sites\/7\/2024\/04\/Contingency-Assets-Hero-scaled-1-1536x648.jpg 1536w, https:\/\/www.icscoolenergy.com\/wp-content\/uploads\/sites\/7\/2024\/04\/Contingency-Assets-Hero-scaled-1-600x253.jpg 600w\" sizes=\"auto, (max-width: 2048px) 100vw, 2048px\" \/><div class=\"wp-block-cover__inner-container is-layout-flow wp-block-cover-is-layout-flow\">\n<p class=\" has-text-align-center has-large-font-size eplus-wrapper\"><\/p>\n<\/div><\/div>\n\n\n\n<div class=\"rounded-tr-md sm:w-full md:w-[80%] md:h-fit md:top-[80%] relative md:-mt-[10%] z-[1] md:left-0 eplus-wrapper wp-block-group has-background is-layout-constrained wp-block-group-is-layout-constrained\" style=\"background-color:#eaeaef\">\n<h1 class=\"eplus-wrapper pt-8 wp-block-heading has-text-color has-link-color wp-elements-eef1baf1f8a6ddefb4ce3f926a31b217\" id=\"h-chiller-service-and-planned-preventative-maintenance\" style=\"color:#312f5f\">SERWIS AGREGAT\u00d3W CH\u0141ODNICZYCH I PLANOWANA KONSERWACJA ZAPOBIEGAWCZA<\/h1>\n\n\n\n<p class=\" eplus-wrapper\">Regularna, zaplanowana konserwacja jest najskuteczniejszym sposobem zapewnienia, \u017ce instalacja kontroli temperatury pozostanie sprawna i wydajna przez ca\u0142y maksymalny okres eksploatacji.<\/p>\n\n\n\n<p class=\" eplus-wrapper\">Poniewa\u017c konserwacja odgrywa g\u0142\u00f3wn\u0105 rol\u0119 w procesach i operacjach zwi\u0105zanych z obiektami, wa\u017cne jest, aby dzia\u0142a\u0142a ona skutecznie, nie tylko ze wzgl\u0119du na zdrowie i bezpiecze\u0144stwo pracownik\u00f3w, ale tak\u017ce w celu maksymalizacji mar\u017cy zysku dla firmy.<\/p>\n\n\n\n<div style=\"height:35px\" aria-hidden=\"true\" class=\"xs:hidden md:block eplus-wrapper wp-block-spacer\"><\/div>\n\n\n\n<figure class=\"wp-embed-aspect-16-9 wp-has-aspect-ratio wp-block-embed is-type-video is-provider-vimeo wp-block-embed-vimeo eplus-wrapper\"><div class=\"wp-block-embed__wrapper\">\n<iframe loading=\"lazy\" title=\"ICS Short -  Planned Preventative Maintenance and Breakdown Support from ICS Cool Energy\" src=\"https:\/\/player.vimeo.com\/video\/949858704?dnt=1&amp;app_id=122963\" width=\"1200\" height=\"675\" frameborder=\"0\" allow=\"autoplay; fullscreen; picture-in-picture; clipboard-write\"><\/iframe>\n<\/div><\/figure>\n<\/div>\n<\/div>\n\n\n\n<div style=\"height:100px\" aria-hidden=\"true\" class=\"xs:hidden md:block eplus-wrapper wp-block-spacer\"><\/div>\n<\/div>\n\n<h2 class=\" wp-block-heading eplus-wrapper\" id=\"h-service-plans\">PLANY SERWISOWE<\/h2>\n\n<p class=\"has-text-color has-link-color eplus-wrapper wp-elements-d29bdcb345f99ddc934bbf76c1bcb139\" style=\"color:#323130\">Oferujemy cztery opcje planu serwisowego, aby zapewni\u0107 ci\u0105g\u0142o\u015b\u0107 procesu:<\/p>\n\n<div class=\"wp-block-group eplus-wrapper is-layout-flow wp-block-group-is-layout-flow\">\n<figure class=\"is-style-stripes wp-block-table eplus-wrapper\"><table class=\"has-white-background-color has-background\"><tbody><tr><td><\/td><td><img decoding=\"async\" style=\"width: 140px;\" src=\"https:\/\/www.icscoolenergy.com\/pl\/wp-content\/uploads\/sites\/7\/2024\/04\/Service-Logo_service.svg\" alt=\"\"\/><\/td><td><img decoding=\"async\" style=\"width: 150px;\" src=\"https:\/\/www.icscoolenergy.com\/pl\/wp-content\/uploads\/sites\/7\/2024\/04\/Layer_1-2-1.svg\" alt=\"\"\/><\/td><td><img decoding=\"async\" style=\"width: 140px;\" src=\"https:\/\/www.icscoolenergy.com\/pl\/wp-content\/uploads\/sites\/7\/2024\/04\/Service-Logo_protect.svg\" alt=\"\"\/><\/td><td><img decoding=\"async\" style=\"width: 150px;\" src=\"https:\/\/www.icscoolenergy.com\/pl\/wp-content\/uploads\/sites\/7\/2024\/04\/icsprotectplusicon.svg\" alt=\"\"\/><\/td><\/tr><tr><td><strong>Wizyty konserwacyjne \/ rok<\/strong><\/td><td>Minimum 1 wizyta<\/td><td>Minimum 2 wizyty<\/td><td>Minimum 2 wizyty<\/td><td>Minimum 2 wizyty<\/td><\/tr><tr><td><strong>Reakcja na awari\u0119<\/strong><\/td><td>Odpowied\u017a w ci\u0105gu 12 godzin \/ tego samego dnia<\/td><td>6-8 godzin<\/td><td>Odpowied\u017a w ci\u0105gu 12 godzin \/ tego samego dnia<\/td><td>6-8 godzin<\/td><\/tr><tr><td><strong>Obj\u0119te cz\u0119\u015bci<\/strong><\/td><td>Nie<\/td><td>Nie<\/td><td>Tak<\/td><td>Tak<\/td><\/tr><tr><td><strong>Cz\u0119\u015bci i robocizna obj\u0119te gwarancj\u0105<\/strong><\/td><td>Nie<\/td><td>Nie<\/td><td>Nie<\/td><td>Tak<\/td><\/tr><tr><td><strong>Chemiczne czyszczenie skraplacza<\/strong><\/td><td>Nie<\/td><td>Opcjonalnie<\/td><td>Tak<\/td><td>Tak<\/td><\/tr><tr><td><strong>Analiza wody<\/strong><\/td><td>Nie<\/td><td>Opcjonalnie<\/td><td>Tak<\/td><td>Tak<\/td><\/tr><tr><td><strong>Zni\u017cka na cz\u0119\u015bci<\/strong><\/td><td>10%<\/td><td>15%<\/td><td>NIE DOTYCZY<\/td><td>NIE DOTYCZY<\/td><\/tr><tr><td><strong>Wynajem dzi\u0119ki uprzejmo\u015bci<\/strong><\/td><td>Nie<\/td><td>Opcjonalnie<\/td><td>Opcjonalnie<\/td><td>Opcjonalnie<\/td><\/tr><\/tbody><\/table><\/figure>\n<\/div>\n\n<div style=\"height:60px\" aria-hidden=\"true\" class=\" wp-block-spacer eplus-wrapper\"><\/div>\n\n<div class=\"wp-block-group eplus-wrapper is-layout-constrained wp-block-group-is-layout-constrained\">\n<p class=\"has-text-color has-link-color eplus-wrapper wp-elements-651a1287290ec1864ec39b06344a0cd5\" style=\"color:#323130\">ICS Protect i ICS Protect+ to nasze kompleksowe plany serwisowe, w ramach kt\u00f3rych oferujemy kompleksowe rozwi\u0105zania serwisowe i ochron\u0119 inwestycji w instalacj\u0119 kontroli temperatury procesu jako prost\u0105 strategi\u0119 redukcji stresu dla Twojej firmy.<\/p>\n\n\n\n<p class=\"has-text-color has-link-color eplus-wrapper wp-elements-254c2786de9fb25e8b9e03bfd7f8623c\" style=\"color:#323130\">Zosta\u0142 zaprojektowany w celu zapewnienia wydajno\u015bci operacyjnej, przed\u0142u\u017cenia \u017cywotno\u015bci system\u00f3w i pomocy w obni\u017ceniu koszt\u00f3w.<\/p>\n\n\n\n<p class=\"has-text-color has-link-color eplus-wrapper wp-elements-b850ec5187a72a4790ceb4ccfa6d8313\" style=\"color:#323130\">Dzi\u0119ki umowie ICS Protect sprz\u0119t b\u0119dzie poddawany regularnym przegl\u0105dom, konserwacji zapobiegawczej i odpowiedniej kalibracji. Wszelkie potencjalne problemy zostan\u0105 naprawione, zanim ktokolwiek w Twojej witrynie si\u0119 o nich dowie. <\/p>\n\n\n\n<p class=\"has-text-color has-link-color eplus-wrapper wp-elements-f5cb4ef3b22040719f2c5e19578e3b9b\" style=\"color:#323130\">Pozwoli to wyeliminowa\u0107 ryzyko kosztownych <a href=\"\/?page_id=80094\" class=\"ek-link\">napraw agregat\u00f3w<\/a> ch\u0142odniczych i umo\u017cliwi przewidywanie koszt\u00f3w konserwacji.<\/p>\n<\/div>\n\n<div style=\"height:60px\" aria-hidden=\"true\" class=\" wp-block-spacer eplus-wrapper\"><\/div>\n\n<div class=\"wp-block-group eplus-wrapper is-layout-flow wp-block-group-is-layout-flow\"><div class=\"items-center md:flex xs:grid wp-block-columns eplus-wrapper is-layout-flex wp-container-core-columns-is-layout-9d6595d7 wp-block-columns-is-layout-flex eplus-styles-uid-fdd62b\">\n<div class=\"xs:order-2 md:order-2 xs:w-full md:w-6\/12 xs:mb-12 md:mb-0 wp-block-column eplus-wrapper is-layout-flow wp-block-column-is-layout-flow\">\n<figure class=\" wp-block-image size-full is-resized eplus-wrapper\"><img loading=\"lazy\" decoding=\"async\" width=\"720\" height=\"567\" src=\"https:\/\/www.icscoolenergy.com\/pl\/wp-content\/uploads\/sites\/7\/2024\/04\/Service-support.jpg\" alt=\"Wsparcie serwisowe\" class=\"wp-image-84069\" style=\"width:720px\" srcset=\"https:\/\/www.icscoolenergy.com\/wp-content\/uploads\/sites\/7\/2024\/04\/Service-support.jpg 720w, https:\/\/www.icscoolenergy.com\/wp-content\/uploads\/sites\/7\/2024\/04\/Service-support-300x236.jpg 300w, https:\/\/www.icscoolenergy.com\/wp-content\/uploads\/sites\/7\/2024\/04\/Service-support-50x39.jpg 50w, https:\/\/www.icscoolenergy.com\/wp-content\/uploads\/sites\/7\/2024\/04\/Service-support-600x473.jpg 600w\" sizes=\"auto, (max-width: 720px) 100vw, 720px\" \/><\/figure>\n<\/div>\n\n\n\n<div class=\"xs:order-1 md:order-1 xs:w-full md:w-6\/12 wp-block-column eplus-wrapper is-layout-flow wp-block-column-is-layout-flow\">\n<h3 class=\" wp-block-heading eplus-wrapper\" id=\"h-service-support-you-can-trust\"><strong>WSPARCIE SERWISOWE, KT\u00d3REMU MO\u017bNA ZAUFA\u0106<\/strong><\/h3>\n\n\n\n<p class=\"has-text-color has-link-color eplus-wrapper wp-elements-5251639f981ca02aa752ab3dcfc8a74c\" style=\"color:#323130\">Szczycimy si\u0119 jedn\u0105 z najbardziej kompleksowych ofert planowanej konserwacji zapobiegawczej (PPM) w bran\u017cy, z ponad 100 punktami kontroli dla wszystkich marek i modeli urz\u0105dze\u0144 do kontroli temperatury.<\/p>\n\n\n\n<p class=\"has-text-color has-link-color eplus-wrapper wp-elements-e4b5c2b8ed1dbc2582b4be96a6fd87c2\" style=\"color:#323130\">Przeprowadzamy zwyk\u0142e kontrole F-Gas, ale wykraczamy poza to, aby upewni\u0107 si\u0119, \u017ce sprz\u0119t zosta\u0142 dok\u0142adnie sprawdzony i otrzyma\u0142 czyst\u0105 kart\u0119 zdrowia.<\/p>\n\n\n\n<p class=\"has-text-color has-link-color eplus-wrapper wp-elements-efdb95ec04b9520cbee440ba5a482981\" style=\"color:#323130\">Sprawdzamy nawet jako\u015b\u0107 wody, aby upewni\u0107 si\u0119, \u017ce pozostaje ona zgodna ze specyfikacj\u0105. W przypadku stwierdzenia jakichkolwiek nieprawid\u0142owo\u015bci, udzielamy jasnych porad na temat tego, co nale\u017cy zrobi\u0107, aby przywr\u00f3ci\u0107 sprz\u0119t do pe\u0142nego stanu operacyjnego, aby zapewni\u0107, \u017ce instalacja pozostanie wydajna i b\u0119dzie dostarcza\u0107 do procesu tak cz\u0119sto, jak to konieczne. <\/p>\n<\/div>\n<\/div><\/div>\n\n<div style=\"height:62px\" aria-hidden=\"true\" class=\" wp-block-spacer eplus-wrapper\"><\/div>\n\n<div class=\"mb-20 wp-block-group eplus-wrapper is-layout-flow wp-block-group-is-layout-flow\"><div class=\"is-not-stacked-on-mobile xs:p-8 sm:p-12 rounded-2xl items-center md:flex xs:grid wp-block-columns has-background eplus-wrapper is-layout-flex wp-container-core-columns-is-layout-9d6595d7 wp-block-columns-is-layout-flex eplus-styles-uid-8362d0\" style=\"background-color:#222143\">\n<div class=\"xs:order-2 md:order-1 xs:w-full md:w-6\/12 wp-block-column eplus-wrapper is-layout-flow wp-block-column-is-layout-flow\">\n<h3 class=\"wp-block-heading has-white-color has-text-color has-link-color eplus-wrapper wp-elements-0737a9c953a54490b2c8fbadd2aba231\" id=\"h-already-have-a-service-plan\">MASZ JU\u017b PLAN TARYFOWY?<\/h3>\n\n\n\n<p class=\"has-white-color has-text-color has-link-color eplus-wrapper wp-elements-c74f49fbea70ec70b31307ea2f9dbcf6\">Nasz zesp\u00f3\u0142 ekspert\u00f3w ds. napraw agregat\u00f3w ch\u0142odniczych jest gotowy do pomocy 24 godziny na dob\u0119, 7 dni w tygodniu, 365 dni w roku.<\/p>\n\n\n\n<div class=\"wp-block-buttons eplus-wrapper is-layout-flex wp-block-buttons-is-layout-flex\"><div class=\"is-style-fill wp-block-button eplus-wrapper eplus-styles-uid-a80834\"><a class=\"wp-block-button__link has-primary-background-color has-background wp-element-button\" href=\"\/?page_id=80094\">Zarezerwuj napraw\u0119<\/a><\/div><\/div>\n<\/div>\n\n\n\n<div class=\"xs:order-1 md:order-2 xs:w-full md:w-6\/12 wp-block-column eplus-wrapper is-layout-flow wp-block-column-is-layout-flow\">\n<figure class=\"ek-rounded-lg wp-block-image aligncenter size-full eplus-wrapper\"><img loading=\"lazy\" decoding=\"async\" width=\"458\" height=\"227\" src=\"https:\/\/www.icscoolenergy.com\/pl\/wp-content\/uploads\/sites\/7\/2024\/03\/Mask-group.png\" alt=\"ICS Cool Energy Van\" class=\"wp-image-78516\" srcset=\"https:\/\/www.icscoolenergy.com\/wp-content\/uploads\/sites\/7\/2024\/03\/Mask-group.png 458w, https:\/\/www.icscoolenergy.com\/wp-content\/uploads\/sites\/7\/2024\/03\/Mask-group-300x149.png 300w\" sizes=\"auto, (max-width: 458px) 100vw, 458px\" \/><\/figure>\n<\/div>\n<\/div><\/div>\n\n<div style=\"height:62px\" aria-hidden=\"true\" class=\" wp-block-spacer eplus-wrapper\"><\/div>\n","protected":false},"excerpt":{"rendered":"<p>SERWIS AGREGAT\u00d3W CH\u0141ODNICZYCH I PLANOWANA KONSERWACJA ZAPOBIEGAWCZA Regularna, zaplanowana konserwacja jest najskuteczniejszym sposobem zapewnienia, \u017ce instalacja kontroli temperatury pozostanie sprawna i wydajna przez ca\u0142y maksymalny okres eksploatacji. Poniewa\u017c konserwacja odgrywa g\u0142\u00f3wn\u0105 rol\u0119 w procesach i operacjach zwi\u0105zanych z obiektami, wa\u017cne jest, aby dzia\u0142a\u0142a ona skutecznie, nie tylko ze wzgl\u0119du na zdrowie i bezpiecze\u0144stwo pracownik\u00f3w, ale &#8230; <a title=\"Plany serwisowe\" class=\"read-more\" href=\"https:\/\/www.icscoolenergy.com\/pl\/usluga\/plany-serwisowe\/\" aria-label=\"More on Plany serwisowe\">Read more<\/a><\/p>\n","protected":false},"author":1,"featured_media":0,"parent":85960,"menu_order":0,"comment_status":"closed","ping_status":"closed","template":"template-1.php","meta":{"_acf_changed":false,"inline_featured_image":false,"_editorskit_title_hidden":false,"_editorskit_reading_time":0,"_editorskit_is_block_options_detached":false,"_editorskit_block_options_position":"{}","editor_plus_copied_stylings":"{}","footnotes":""},"class_list":["post-86110","page","type-page","status-publish"],"acf":[],"yoast_head":"<!-- This site is optimized with the Yoast SEO Premium plugin v24.5 (Yoast SEO v26.9) - https:\/\/yoast.com\/product\/yoast-seo-premium-wordpress\/ -->\n<title>Plany serwisowe | Poland<\/title>\n<meta name=\"robots\" content=\"index, follow, max-snippet:-1, max-image-preview:large, max-video-preview:-1\" \/>\n<link rel=\"canonical\" href=\"https:\/\/www.icscoolenergy.com\/pl\/usluga\/plany-serwisowe\/\" \/>\n<meta property=\"og:locale\" content=\"pl_PL\" \/>\n<meta property=\"og:type\" content=\"article\" \/>\n<meta property=\"og:title\" content=\"Plany serwisowe\" \/>\n<meta property=\"og:description\" content=\"SERWIS AGREGAT\u00d3W CH\u0141ODNICZYCH I PLANOWANA KONSERWACJA ZAPOBIEGAWCZA Regularna, zaplanowana konserwacja jest najskuteczniejszym sposobem zapewnienia, \u017ce instalacja kontroli temperatury pozostanie sprawna i wydajna przez ca\u0142y maksymalny okres eksploatacji. Poniewa\u017c konserwacja odgrywa g\u0142\u00f3wn\u0105 rol\u0119 w procesach i operacjach zwi\u0105zanych z obiektami, wa\u017cne jest, aby dzia\u0142a\u0142a ona skutecznie, nie tylko ze wzgl\u0119du na zdrowie i bezpiecze\u0144stwo pracownik\u00f3w, ale ... Read more\" \/>\n<meta property=\"og:url\" content=\"https:\/\/www.icscoolenergy.com\/pl\/usluga\/plany-serwisowe\/\" \/>\n<meta property=\"og:site_name\" content=\"Poland\" \/>\n<meta property=\"article:modified_time\" content=\"2024-11-19T12:02:07+00:00\" \/>\n<meta property=\"og:image\" content=\"https:\/\/www.icscoolenergy.com\/pl\/wp-content\/\/uploads\/2024\/04\/Contingency-Assets-Hero-scaled-1.jpg\" \/>\n<meta name=\"twitter:card\" content=\"summary_large_image\" \/>\n<meta name=\"twitter:label1\" content=\"Est. reading time\" \/>\n\t<meta name=\"twitter:data1\" content=\"2 minuty\" \/>\n<script type=\"application\/ld+json\" class=\"yoast-schema-graph\">{\"@context\":\"https:\/\/schema.org\",\"@graph\":[{\"@type\":\"WebPage\",\"@id\":\"https:\/\/www.icscoolenergy.com\/pl\/usluga\/plany-serwisowe\/\",\"url\":\"https:\/\/www.icscoolenergy.com\/pl\/usluga\/plany-serwisowe\/\",\"name\":\"Plany serwisowe | Poland\",\"isPartOf\":{\"@id\":\"https:\/\/www.icscoolenergy.com\/pl\/#website\"},\"primaryImageOfPage\":{\"@id\":\"https:\/\/www.icscoolenergy.com\/pl\/usluga\/plany-serwisowe\/#primaryimage\"},\"image\":{\"@id\":\"https:\/\/www.icscoolenergy.com\/pl\/usluga\/plany-serwisowe\/#primaryimage\"},\"thumbnailUrl\":\"https:\/\/www.icscoolenergy.com\/pl\/wp-content\/\/uploads\/2024\/04\/Contingency-Assets-Hero-scaled-1.jpg\",\"datePublished\":\"2024-04-03T15:46:44+00:00\",\"dateModified\":\"2024-11-19T12:02:07+00:00\",\"breadcrumb\":{\"@id\":\"https:\/\/www.icscoolenergy.com\/pl\/usluga\/plany-serwisowe\/#breadcrumb\"},\"inLanguage\":\"pl-PL\",\"potentialAction\":[{\"@type\":\"ReadAction\",\"target\":[\"https:\/\/www.icscoolenergy.com\/pl\/usluga\/plany-serwisowe\/\"]}]},{\"@type\":\"ImageObject\",\"inLanguage\":\"pl-PL\",\"@id\":\"https:\/\/www.icscoolenergy.com\/pl\/usluga\/plany-serwisowe\/#primaryimage\",\"url\":\"https:\/\/www.icscoolenergy.com\/wp-content\/uploads\/sites\/7\/2024\/04\/Contingency-Assets-Hero-scaled-1.jpg\",\"contentUrl\":\"https:\/\/www.icscoolenergy.com\/wp-content\/uploads\/sites\/7\/2024\/04\/Contingency-Assets-Hero-scaled-1.jpg\",\"width\":2048,\"height\":864},{\"@type\":\"BreadcrumbList\",\"@id\":\"https:\/\/www.icscoolenergy.com\/pl\/usluga\/plany-serwisowe\/#breadcrumb\",\"itemListElement\":[{\"@type\":\"ListItem\",\"position\":1,\"name\":\"Home\",\"item\":\"https:\/\/www.icscoolenergy.com\/pl\/\"},{\"@type\":\"ListItem\",\"position\":2,\"name\":\"Us\u0142uga\",\"item\":\"https:\/\/www.icscoolenergy.com\/pl\/usluga\/\"},{\"@type\":\"ListItem\",\"position\":3,\"name\":\"Plany serwisowe\"}]},{\"@type\":\"WebSite\",\"@id\":\"https:\/\/www.icscoolenergy.com\/pl\/#website\",\"url\":\"https:\/\/www.icscoolenergy.com\/pl\/\",\"name\":\"ICS Cool Energy\",\"description\":\"The Process Temperature Control Specialists\",\"publisher\":{\"@id\":\"https:\/\/www.icscoolenergy.com\/pl\/#organization\"},\"alternateName\":\"ICS\",\"potentialAction\":[{\"@type\":\"SearchAction\",\"target\":{\"@type\":\"EntryPoint\",\"urlTemplate\":\"https:\/\/www.icscoolenergy.com\/pl\/?s={search_term_string}\"},\"query-input\":{\"@type\":\"PropertyValueSpecification\",\"valueRequired\":true,\"valueName\":\"search_term_string\"}}],\"inLanguage\":\"pl-PL\"},{\"@type\":\"Organization\",\"@id\":\"https:\/\/www.icscoolenergy.com\/pl\/#organization\",\"name\":\"ICS Cool Energy\",\"url\":\"https:\/\/www.icscoolenergy.com\/pl\/\",\"logo\":{\"@type\":\"ImageObject\",\"inLanguage\":\"pl-PL\",\"@id\":\"https:\/\/www.icscoolenergy.com\/pl\/#\/schema\/logo\/image\/\",\"url\":\"https:\/\/www.icscoolenergy.com\/wp-content\/uploads\/sites\/7\/2024\/01\/ics-cool-energy-logo.svg\",\"contentUrl\":\"https:\/\/www.icscoolenergy.com\/wp-content\/uploads\/sites\/7\/2024\/01\/ics-cool-energy-logo.svg\",\"caption\":\"ICS Cool Energy\"},\"image\":{\"@id\":\"https:\/\/www.icscoolenergy.com\/pl\/#\/schema\/logo\/image\/\"},\"sameAs\":[\"https:\/\/www.linkedin.com\/company\/ics-temperature-control\/\",\"https:\/\/www.youtube.com\/@ICSCoolEnergyLtd\"],\"description\":\"ICS Cool Energy is a market leader for process and critical temperature control solutions that keep all types and sizes of businesses and industry running. Our headquarters are situated in Southampton, with offices throughout the UK and Europe, employing over 250 people in the UK alone.\",\"email\":\"info@icscoolenergy.com\",\"telephone\":\"0800 840 4210\",\"legalName\":\"ICS Cool Energy Limited\",\"numberOfEmployees\":{\"@type\":\"QuantitativeValue\",\"minValue\":\"201\",\"maxValue\":\"500\"}}]}<\/script>\n<!-- \/ Yoast SEO Premium plugin. -->","yoast_head_json":{"title":"Plany serwisowe | Poland","robots":{"index":"index","follow":"follow","max-snippet":"max-snippet:-1","max-image-preview":"max-image-preview:large","max-video-preview":"max-video-preview:-1"},"canonical":"https:\/\/www.icscoolenergy.com\/pl\/usluga\/plany-serwisowe\/","og_locale":"pl_PL","og_type":"article","og_title":"Plany serwisowe","og_description":"SERWIS AGREGAT\u00d3W CH\u0141ODNICZYCH I PLANOWANA KONSERWACJA ZAPOBIEGAWCZA Regularna, zaplanowana konserwacja jest najskuteczniejszym sposobem zapewnienia, \u017ce instalacja kontroli temperatury pozostanie sprawna i wydajna przez ca\u0142y maksymalny okres eksploatacji. Poniewa\u017c konserwacja odgrywa g\u0142\u00f3wn\u0105 rol\u0119 w procesach i operacjach zwi\u0105zanych z obiektami, wa\u017cne jest, aby dzia\u0142a\u0142a ona skutecznie, nie tylko ze wzgl\u0119du na zdrowie i bezpiecze\u0144stwo pracownik\u00f3w, ale ... Read more","og_url":"https:\/\/www.icscoolenergy.com\/pl\/usluga\/plany-serwisowe\/","og_site_name":"Poland","article_modified_time":"2024-11-19T12:02:07+00:00","og_image":[{"url":"https:\/\/www.icscoolenergy.com\/pl\/wp-content\/\/uploads\/2024\/04\/Contingency-Assets-Hero-scaled-1.jpg","type":"","width":"","height":""}],"twitter_card":"summary_large_image","twitter_misc":{"Est. reading time":"2 minuty"},"schema":{"@context":"https:\/\/schema.org","@graph":[{"@type":"WebPage","@id":"https:\/\/www.icscoolenergy.com\/pl\/usluga\/plany-serwisowe\/","url":"https:\/\/www.icscoolenergy.com\/pl\/usluga\/plany-serwisowe\/","name":"Plany serwisowe | Poland","isPartOf":{"@id":"https:\/\/www.icscoolenergy.com\/pl\/#website"},"primaryImageOfPage":{"@id":"https:\/\/www.icscoolenergy.com\/pl\/usluga\/plany-serwisowe\/#primaryimage"},"image":{"@id":"https:\/\/www.icscoolenergy.com\/pl\/usluga\/plany-serwisowe\/#primaryimage"},"thumbnailUrl":"https:\/\/www.icscoolenergy.com\/pl\/wp-content\/\/uploads\/2024\/04\/Contingency-Assets-Hero-scaled-1.jpg","datePublished":"2024-04-03T15:46:44+00:00","dateModified":"2024-11-19T12:02:07+00:00","breadcrumb":{"@id":"https:\/\/www.icscoolenergy.com\/pl\/usluga\/plany-serwisowe\/#breadcrumb"},"inLanguage":"pl-PL","potentialAction":[{"@type":"ReadAction","target":["https:\/\/www.icscoolenergy.com\/pl\/usluga\/plany-serwisowe\/"]}]},{"@type":"ImageObject","inLanguage":"pl-PL","@id":"https:\/\/www.icscoolenergy.com\/pl\/usluga\/plany-serwisowe\/#primaryimage","url":"https:\/\/www.icscoolenergy.com\/wp-content\/uploads\/sites\/7\/2024\/04\/Contingency-Assets-Hero-scaled-1.jpg","contentUrl":"https:\/\/www.icscoolenergy.com\/wp-content\/uploads\/sites\/7\/2024\/04\/Contingency-Assets-Hero-scaled-1.jpg","width":2048,"height":864},{"@type":"BreadcrumbList","@id":"https:\/\/www.icscoolenergy.com\/pl\/usluga\/plany-serwisowe\/#breadcrumb","itemListElement":[{"@type":"ListItem","position":1,"name":"Home","item":"https:\/\/www.icscoolenergy.com\/pl\/"},{"@type":"ListItem","position":2,"name":"Us\u0142uga","item":"https:\/\/www.icscoolenergy.com\/pl\/usluga\/"},{"@type":"ListItem","position":3,"name":"Plany serwisowe"}]},{"@type":"WebSite","@id":"https:\/\/www.icscoolenergy.com\/pl\/#website","url":"https:\/\/www.icscoolenergy.com\/pl\/","name":"ICS Cool Energy","description":"The Process Temperature Control Specialists","publisher":{"@id":"https:\/\/www.icscoolenergy.com\/pl\/#organization"},"alternateName":"ICS","potentialAction":[{"@type":"SearchAction","target":{"@type":"EntryPoint","urlTemplate":"https:\/\/www.icscoolenergy.com\/pl\/?s={search_term_string}"},"query-input":{"@type":"PropertyValueSpecification","valueRequired":true,"valueName":"search_term_string"}}],"inLanguage":"pl-PL"},{"@type":"Organization","@id":"https:\/\/www.icscoolenergy.com\/pl\/#organization","name":"ICS Cool Energy","url":"https:\/\/www.icscoolenergy.com\/pl\/","logo":{"@type":"ImageObject","inLanguage":"pl-PL","@id":"https:\/\/www.icscoolenergy.com\/pl\/#\/schema\/logo\/image\/","url":"https:\/\/www.icscoolenergy.com\/wp-content\/uploads\/sites\/7\/2024\/01\/ics-cool-energy-logo.svg","contentUrl":"https:\/\/www.icscoolenergy.com\/wp-content\/uploads\/sites\/7\/2024\/01\/ics-cool-energy-logo.svg","caption":"ICS Cool Energy"},"image":{"@id":"https:\/\/www.icscoolenergy.com\/pl\/#\/schema\/logo\/image\/"},"sameAs":["https:\/\/www.linkedin.com\/company\/ics-temperature-control\/","https:\/\/www.youtube.com\/@ICSCoolEnergyLtd"],"description":"ICS Cool Energy is a market leader for process and critical temperature control solutions that keep all types and sizes of businesses and industry running. Our headquarters are situated in Southampton, with offices throughout the UK and Europe, employing over 250 people in the UK alone.","email":"info@icscoolenergy.com","telephone":"0800 840 4210","legalName":"ICS Cool Energy Limited","numberOfEmployees":{"@type":"QuantitativeValue","minValue":"201","maxValue":"500"}}]}},"_links":{"self":[{"href":"https:\/\/www.icscoolenergy.com\/pl\/wp-json\/wp\/v2\/pages\/86110","targetHints":{"allow":["GET"]}}],"collection":[{"href":"https:\/\/www.icscoolenergy.com\/pl\/wp-json\/wp\/v2\/pages"}],"about":[{"href":"https:\/\/www.icscoolenergy.com\/pl\/wp-json\/wp\/v2\/types\/page"}],"author":[{"embeddable":true,"href":"https:\/\/www.icscoolenergy.com\/pl\/wp-json\/wp\/v2\/users\/1"}],"replies":[{"embeddable":true,"href":"https:\/\/www.icscoolenergy.com\/pl\/wp-json\/wp\/v2\/comments?post=86110"}],"version-history":[{"count":0,"href":"https:\/\/www.icscoolenergy.com\/pl\/wp-json\/wp\/v2\/pages\/86110\/revisions"}],"up":[{"embeddable":true,"href":"https:\/\/www.icscoolenergy.com\/pl\/wp-json\/wp\/v2\/pages\/85960"}],"wp:attachment":[{"href":"https:\/\/www.icscoolenergy.com\/pl\/wp-json\/wp\/v2\/media?parent=86110"}],"curies":[{"name":"wp","href":"https:\/\/api.w.org\/{rel}","templated":true}]}}