 
{"id":86111,"date":"2024-04-09T15:22:32","date_gmt":"2024-04-09T15:22:32","guid":{"rendered":"https:\/\/www.icscoolenergy.com\/pl\/o-nas\/zasady-i-warunki\/polityka-plikow-cookie\/"},"modified":"2024-11-19T12:02:07","modified_gmt":"2024-11-19T12:02:07","slug":"polityka-plikow-cookie","status":"publish","type":"page","link":"https:\/\/www.icscoolenergy.com\/pl\/o-nas\/zasady-i-warunki\/polityka-plikow-cookie\/","title":{"rendered":"Polityka plik\u00f3w cookie"},"content":{"rendered":"\n<div class=\"flex flex-row flex-wrap md:flex-nowrap sm:justify-center sm:items-center wp-block-group eplus-wrapper is-layout-constrained wp-block-group-is-layout-constrained\">\n<div class=\"w-full p-2 m-2 wp-block-group eplus-wrapper is-vertical is-layout-flex wp-container-core-group-is-layout-8cf370e7 wp-block-group-is-layout-flex\">\n<div style=\"height:8px\" aria-hidden=\"true\" class=\"wp-block-spacer eplus-wrapper wp-container-content-7d115344\"><\/div>\n\n\n\n<h1 class=\"eplus-wrapper pt-8 wp-block-heading has-text-color has-link-color wp-elements-b58033d1b2328154379a20a3d6924305\" id=\"h-cookie-policy\" style=\"color:#312f5f\">POLITYKA COOKIES<\/h1>\n\n\n\n<div style=\"height:8px\" aria-hidden=\"true\" class=\"wp-block-spacer eplus-wrapper wp-container-content-7d115344\"><\/div>\n\n\n\n<p class=\"has-text-color has-link-color eplus-wrapper wp-elements-f0823f71ab90de299a6e86ce2dac652a\" style=\"color:#323130\">To jest polityka plik\u00f3w cookie dla ICS Cool Energy Ltd dost\u0119pna na stronie <a href=\"https:\/\/www.icscoolenergy.com\/pl\/pl\/\" class=\"ek-link\">www.icscoolenergy.co.uk<\/a>.<\/p>\n\n\n\n<p class=\"has-text-color has-link-color eplus-wrapper wp-elements-992d8511d4f2b296f68ceeff3211c38d\" style=\"color:#323130\">Niniejsza strona internetowa nale\u017cy do ICS Cool Energy, prywatnej sp\u00f3\u0142ki z ograniczon\u0105 odpowiedzialno\u015bci\u0105 zarejestrowanej w Anglii pod numerem 05509182.<\/p>\n\n\n\n<div style=\"height:16px\" aria-hidden=\"true\" class=\"wp-block-spacer eplus-wrapper wp-container-content-f9bd05ee\"><\/div>\n\n\n\n<h4 class=\"wp-block-heading has-text-color has-link-color eplus-wrapper wp-elements-01a9660b038c9ffecb1ad0320492180a\" id=\"h-what-are-cookies\" style=\"color:#323130\"><strong>Czym s\u0105 pliki cookie?<\/strong><\/h4>\n\n\n\n<p class=\"has-text-color has-link-color eplus-wrapper wp-elements-79643fd2a6ce91b5cc2f601b5fa325c6\" style=\"color:#323130\">Podobnie jak w przypadku prawie wszystkich profesjonalnych witryn internetowych, ta witryna wykorzystuje pliki cookie, kt\u00f3re s\u0105 ma\u0142ymi plikami pobieranymi na komputer u\u017cytkownika w celu poprawy komfortu korzystania z witryny. Na tej stronie opisano, jakie informacje s\u0105 gromadzone, w jaki spos\u00f3b je wykorzystujemy i dlaczego czasami musimy przechowywa\u0107 te pliki cookie. Udost\u0119pnimy r\u00f3wnie\u017c spos\u00f3b, w jaki mo\u017cna zapobiec przechowywaniu tych plik\u00f3w cookie, jednak mo\u017ce to obni\u017cy\u0107 lub &#8222;zepsu\u0107&#8221; niekt\u00f3re elementy funkcjonalno\u015bci witryny.  <\/p>\n\n\n\n<p class=\"has-text-color has-link-color eplus-wrapper wp-elements-4394fb460ed6ac1153e740a0fdbef8e5\" style=\"color:#323130\">Wi\u0119cej og\u00f3lnych informacji na temat plik\u00f3w cookie mo\u017cna znale\u017a\u0107 w sekcji <a href=\"https:\/\/www.cookieconsent.com\/what-are-cookies\/\" target=\"_blank\" rel=\"noreferrer noopener\" class=\"ek-link\">&#8222;Czym s\u0105 pliki cookie&#8221;.<\/a><\/p>\n\n\n\n<div style=\"height:16px\" aria-hidden=\"true\" class=\"wp-block-spacer eplus-wrapper wp-container-content-f9bd05ee\"><\/div>\n\n\n\n<h4 class=\"wp-block-heading has-text-color has-link-color eplus-wrapper wp-elements-7b6d91c9e3d309eb4b993f5018064f3a\" id=\"h-how-we-use-cookies\" style=\"color:#323130\"><strong>Jak wykorzystujemy pliki cookie<\/strong><\/h4>\n\n\n\n<p class=\"has-text-color has-link-color eplus-wrapper wp-elements-69d967a0bf8401387c74cf8f08939159\" style=\"color:#323130\">U\u017cywamy plik\u00f3w cookie z r\u00f3\u017cnych powod\u00f3w opisanych poni\u017cej. Niestety w wi\u0119kszo\u015bci przypadk\u00f3w nie ma standardowych opcji wy\u0142\u0105czania plik\u00f3w cookie bez ca\u0142kowitego wy\u0142\u0105czenia funkcjonalno\u015bci i funkcji, kt\u00f3re dodaj\u0105 do tej witryny. Zaleca si\u0119 pozostawienie wszystkich plik\u00f3w cookie, je\u015bli nie masz pewno\u015bci, czy ich potrzebujesz, czy nie, w przypadku, gdy s\u0105 one u\u017cywane do \u015bwiadczenia us\u0142ug, z kt\u00f3rych korzystasz.  <\/p>\n\n\n\n<div style=\"height:16px\" aria-hidden=\"true\" class=\"wp-block-spacer eplus-wrapper wp-container-content-f9bd05ee\"><\/div>\n\n\n\n<h4 class=\"wp-block-heading has-text-color has-link-color eplus-wrapper wp-elements-eefe8be36597792e40abcfb6d33808c3\" id=\"h-the-cookies-we-set\" style=\"color:#323130\"><strong>Ustawiane przez nas pliki cookie<\/strong><\/h4>\n\n\n\n<p class=\"has-text-color has-link-color eplus-wrapper wp-elements-10e9ff43e952b564d86875cf1e317622\" style=\"color:#323130\">Pliki cookie zwi\u0105zane z formularzami. Gdy u\u017cytkownik przesy\u0142a dane za po\u015brednictwem formularza, takiego jak te znajduj\u0105ce si\u0119 na stronach kontaktowych lub formularzach komentarzy, pliki cookie mog\u0105 zosta\u0107 ustawione w celu zapami\u0119tania danych u\u017cytkownika na potrzeby przysz\u0142ej korespondencji. U\u017cywamy wtyczki WordPress o nazwie CookieYes, kt\u00f3ra identyfikuje i wymienia wszystkie pliki cookie u\u017cywane na naszej stronie internetowej:    <\/p>\n\n\n\n<div class=\"cky-audit-table-element\"><\/div>\n\n\n\n<div style=\"height:16px\" aria-hidden=\"true\" class=\"wp-block-spacer eplus-wrapper wp-container-content-f9bd05ee\"><\/div>\n\n\n\n<h4 class=\"wp-block-heading has-text-color has-link-color eplus-wrapper wp-elements-19b274e115f0a38d9cebf6c12df0d388\" id=\"h-manage-cookie-preferences\" style=\"color:#323130\"><strong>Zarz\u0105dzanie preferencjami plik\u00f3w cookie<\/strong><\/h4>\n\n\n\n<p class=\" eplus-wrapper\"><\/p>\n\n\n\n<a class=\"cky-banner-element\">Ustawienia plik\u00f3w cookie<\/a>\n\n\n\n<p class=\" eplus-wrapper\">Preferencje dotycz\u0105ce plik\u00f3w cookie mo\u017cna zmieni\u0107 w dowolnym momencie, klikaj\u0105c powy\u017cszy przycisk. Umo\u017cliwi to ponowne wy\u015bwietlenie banera zgody na pliki cookie i zmian\u0119 preferencji lub natychmiastowe wycofanie zgody. <\/p>\n\n\n\n<p class=\" eplus-wrapper\">Ponadto r\u00f3\u017cne przegl\u0105darki oferuj\u0105 r\u00f3\u017cne metody blokowania i usuwania plik\u00f3w cookie u\u017cywanych przez strony internetowe. Mo\u017cesz zmieni\u0107 ustawienia swojej przegl\u0105darki, aby zablokowa\u0107\/usun\u0105\u0107 pliki cookie. Poni\u017cej znajduj\u0105 si\u0119 linki do dokument\u00f3w pomocy technicznej dotycz\u0105cych zarz\u0105dzania i usuwania plik\u00f3w cookie z g\u0142\u00f3wnych przegl\u0105darek internetowych.  <\/p>\n\n\n\n<p class=\" eplus-wrapper\">Chrome: <a href=\"https:\/\/support.google.com\/accounts\/answer\/32050\" target=\"_blank\" rel=\"noreferrer noopener\" class=\"ek-link\">https:\/\/support.google.com\/accounts\/answer\/32050<\/a><\/p>\n\n\n\n<p class=\" eplus-wrapper\">Safari: <a target=\"_blank\" rel=\"noreferrer noopener\" href=\"https:\/\/support.apple.com\/en-in\/guide\/safari\/sfri11471\/mac\">https:\/\/support.apple.com\/en-in\/guide\/safari\/sfri11471\/mac<\/a><\/p>\n\n\n\n<p class=\" eplus-wrapper\">Firefox: <a href=\"https:\/\/support.mozilla.org\/en-US\/kb\/clear-cookies-and-site-data-firefox?redirectslug=delete-cookies-remove-info-websites-stored&amp;redirectlocale=en-US\" target=\"_blank\" rel=\"noreferrer noopener\" class=\"ek-link\">https:\/\/support.mozilla.org\/en-US\/kb\/clear-cookies-and-site-data-firefox?redirectslug=delete-cookies-remove-info-websites-stored&amp;redirectlocale=en-US<\/a><\/p>\n\n\n\n<p class=\" eplus-wrapper\">Internet Explorer: <a target=\"_blank\" rel=\"noreferrer noopener\" href=\"https:\/\/support.microsoft.com\/en-us\/topic\/how-to-delete-cookie-files-in-internet-explorer-bca9446f-d873-78de-77ba-d42645fa52fc\">https:\/\/support.microsoft.com\/en-us\/topic\/how-to-delete-cookie-files-in-internet-explorer-bca9446f-d873-78de-77ba-d42645fa52fc<\/a><\/p>\n\n\n\n<p class=\" eplus-wrapper\">Je\u015bli korzystasz z innej przegl\u0105darki internetowej, zapoznaj si\u0119 z jej oficjalnymi dokumentami pomocy technicznej.<\/p>\n\n\n\n<div style=\"height:16px\" aria-hidden=\"true\" class=\"wp-block-spacer eplus-wrapper wp-container-content-f9bd05ee\"><\/div>\n\n\n\n<h4 class=\"wp-block-heading has-text-color has-link-color eplus-wrapper wp-elements-cbccbc3bb4dbdd73dafc9edad100059e\" id=\"h-more-information\" style=\"color:#323130\"><strong>Wi\u0119cej informacji<\/strong><\/h4>\n\n\n\n<p class=\"has-text-color has-link-color eplus-wrapper wp-elements-e5cdaa856ae4091ac489f4218d7c478d\" style=\"color:#323130\">Mamy nadziej\u0119, \u017ce to wszystko wyja\u015bni\u0142o i jak wspomniano wcze\u015bniej, je\u015bli jest co\u015b, czego nie jeste\u015b pewien, czy potrzebujesz, czy nie, zwykle bezpieczniej jest pozostawi\u0107 w\u0142\u0105czone pliki cookie na wypadek, gdyby wchodzi\u0142y one w interakcj\u0119 z jedn\u0105 z funkcji u\u017cywanych w naszej witrynie.<\/p>\n\n\n\n<p class=\"has-text-color has-link-color eplus-wrapper wp-elements-8fb1d01e0451f7cbfe459a6b898ac6a9\" style=\"color:#323130\">Je\u015bli jednak nadal szukasz wi\u0119cej informacji, mo\u017cesz skontaktowa\u0107 si\u0119 z nami pod adresem <a href=\"mailto:info@icscoolenergy.com\">info@icscoolenergy.com.<\/a><\/p>\n<\/div>\n<\/div>\n\n<div style=\"height:60px\" aria-hidden=\"true\" class=\" wp-block-spacer eplus-wrapper\"><\/div>\n\n<div style=\"height:120px\" aria-hidden=\"true\" class=\" wp-block-spacer eplus-wrapper\"><\/div>\n","protected":false},"excerpt":{"rendered":"<p>POLITYKA COOKIES To jest polityka plik\u00f3w cookie dla ICS Cool Energy Ltd dost\u0119pna na stronie www.icscoolenergy.co.uk. Niniejsza strona internetowa nale\u017cy do ICS Cool Energy, prywatnej sp\u00f3\u0142ki z ograniczon\u0105 odpowiedzialno\u015bci\u0105 zarejestrowanej w Anglii pod numerem 05509182. Czym s\u0105 pliki cookie? Podobnie jak w przypadku prawie wszystkich profesjonalnych witryn internetowych, ta witryna wykorzystuje pliki cookie, kt\u00f3re s\u0105 &#8230; <a title=\"Polityka plik\u00f3w cookie\" class=\"read-more\" href=\"https:\/\/www.icscoolenergy.com\/pl\/o-nas\/zasady-i-warunki\/polityka-plikow-cookie\/\" aria-label=\"More on Polityka plik\u00f3w cookie\">Read more<\/a><\/p>\n","protected":false},"author":1,"featured_media":0,"parent":86011,"menu_order":0,"comment_status":"closed","ping_status":"closed","template":"template-1.php","meta":{"_acf_changed":false,"inline_featured_image":false,"_editorskit_title_hidden":false,"_editorskit_reading_time":0,"_editorskit_is_block_options_detached":false,"_editorskit_block_options_position":"{}","editor_plus_copied_stylings":"{}","footnotes":""},"class_list":["post-86111","page","type-page","status-publish"],"acf":[],"yoast_head":"<!-- This site is optimized with the Yoast SEO Premium plugin v24.5 (Yoast SEO v26.9) - https:\/\/yoast.com\/product\/yoast-seo-premium-wordpress\/ -->\n<title>Polityka plik\u00f3w cookie | Poland<\/title>\n<meta name=\"robots\" content=\"index, follow, max-snippet:-1, max-image-preview:large, max-video-preview:-1\" \/>\n<link rel=\"canonical\" href=\"https:\/\/www.icscoolenergy.com\/pl\/o-nas\/zasady-i-warunki\/polityka-plikow-cookie\/\" \/>\n<meta property=\"og:locale\" content=\"pl_PL\" \/>\n<meta property=\"og:type\" content=\"article\" \/>\n<meta property=\"og:title\" content=\"Polityka plik\u00f3w cookie\" \/>\n<meta property=\"og:description\" content=\"POLITYKA COOKIES To jest polityka plik\u00f3w cookie dla ICS Cool Energy Ltd dost\u0119pna na stronie www.icscoolenergy.co.uk. Niniejsza strona internetowa nale\u017cy do ICS Cool Energy, prywatnej sp\u00f3\u0142ki z ograniczon\u0105 odpowiedzialno\u015bci\u0105 zarejestrowanej w Anglii pod numerem 05509182. Czym s\u0105 pliki cookie? Podobnie jak w przypadku prawie wszystkich profesjonalnych witryn internetowych, ta witryna wykorzystuje pliki cookie, kt\u00f3re s\u0105 ... Read more\" \/>\n<meta property=\"og:url\" content=\"https:\/\/www.icscoolenergy.com\/pl\/o-nas\/zasady-i-warunki\/polityka-plikow-cookie\/\" \/>\n<meta property=\"og:site_name\" content=\"Poland\" \/>\n<meta property=\"article:modified_time\" content=\"2024-11-19T12:02:07+00:00\" \/>\n<meta property=\"og:image\" content=\"https:\/\/www.icscoolenergy.com\/wp-content\/uploads\/sites\/7\/2024\/05\/Yoast-Hero-Image.jpg\" \/>\n\t<meta property=\"og:image:width\" content=\"1200\" \/>\n\t<meta property=\"og:image:height\" content=\"675\" \/>\n\t<meta property=\"og:image:type\" content=\"image\/jpeg\" \/>\n<meta name=\"twitter:card\" content=\"summary_large_image\" \/>\n<meta name=\"twitter:label1\" content=\"Est. reading time\" \/>\n\t<meta name=\"twitter:data1\" content=\"3 minuty\" \/>\n<script type=\"application\/ld+json\" class=\"yoast-schema-graph\">{\"@context\":\"https:\/\/schema.org\",\"@graph\":[{\"@type\":\"WebPage\",\"@id\":\"https:\/\/www.icscoolenergy.com\/pl\/o-nas\/zasady-i-warunki\/polityka-plikow-cookie\/\",\"url\":\"https:\/\/www.icscoolenergy.com\/pl\/o-nas\/zasady-i-warunki\/polityka-plikow-cookie\/\",\"name\":\"Polityka plik\u00f3w cookie | Poland\",\"isPartOf\":{\"@id\":\"https:\/\/www.icscoolenergy.com\/pl\/#website\"},\"datePublished\":\"2024-04-09T15:22:32+00:00\",\"dateModified\":\"2024-11-19T12:02:07+00:00\",\"breadcrumb\":{\"@id\":\"https:\/\/www.icscoolenergy.com\/pl\/o-nas\/zasady-i-warunki\/polityka-plikow-cookie\/#breadcrumb\"},\"inLanguage\":\"pl-PL\",\"potentialAction\":[{\"@type\":\"ReadAction\",\"target\":[\"https:\/\/www.icscoolenergy.com\/pl\/o-nas\/zasady-i-warunki\/polityka-plikow-cookie\/\"]}]},{\"@type\":\"BreadcrumbList\",\"@id\":\"https:\/\/www.icscoolenergy.com\/pl\/o-nas\/zasady-i-warunki\/polityka-plikow-cookie\/#breadcrumb\",\"itemListElement\":[{\"@type\":\"ListItem\",\"position\":1,\"name\":\"Home\",\"item\":\"https:\/\/www.icscoolenergy.com\/pl\/\"},{\"@type\":\"ListItem\",\"position\":2,\"name\":\"O nas\",\"item\":\"https:\/\/www.icscoolenergy.com\/pl\/o-nas\/\"},{\"@type\":\"ListItem\",\"position\":3,\"name\":\"Zasady i warunki\",\"item\":\"https:\/\/www.icscoolenergy.com\/pl\/o-nas\/zasady-i-warunki\/\"},{\"@type\":\"ListItem\",\"position\":4,\"name\":\"Polityka plik\u00f3w cookie\"}]},{\"@type\":\"WebSite\",\"@id\":\"https:\/\/www.icscoolenergy.com\/pl\/#website\",\"url\":\"https:\/\/www.icscoolenergy.com\/pl\/\",\"name\":\"ICS Cool Energy\",\"description\":\"The Process Temperature Control Specialists\",\"publisher\":{\"@id\":\"https:\/\/www.icscoolenergy.com\/pl\/#organization\"},\"alternateName\":\"ICS\",\"potentialAction\":[{\"@type\":\"SearchAction\",\"target\":{\"@type\":\"EntryPoint\",\"urlTemplate\":\"https:\/\/www.icscoolenergy.com\/pl\/?s={search_term_string}\"},\"query-input\":{\"@type\":\"PropertyValueSpecification\",\"valueRequired\":true,\"valueName\":\"search_term_string\"}}],\"inLanguage\":\"pl-PL\"},{\"@type\":\"Organization\",\"@id\":\"https:\/\/www.icscoolenergy.com\/pl\/#organization\",\"name\":\"ICS Cool Energy\",\"url\":\"https:\/\/www.icscoolenergy.com\/pl\/\",\"logo\":{\"@type\":\"ImageObject\",\"inLanguage\":\"pl-PL\",\"@id\":\"https:\/\/www.icscoolenergy.com\/pl\/#\/schema\/logo\/image\/\",\"url\":\"https:\/\/www.icscoolenergy.com\/wp-content\/uploads\/sites\/7\/2024\/01\/ics-cool-energy-logo.svg\",\"contentUrl\":\"https:\/\/www.icscoolenergy.com\/wp-content\/uploads\/sites\/7\/2024\/01\/ics-cool-energy-logo.svg\",\"caption\":\"ICS Cool Energy\"},\"image\":{\"@id\":\"https:\/\/www.icscoolenergy.com\/pl\/#\/schema\/logo\/image\/\"},\"sameAs\":[\"https:\/\/www.linkedin.com\/company\/ics-temperature-control\/\",\"https:\/\/www.youtube.com\/@ICSCoolEnergyLtd\"],\"description\":\"ICS Cool Energy is a market leader for process and critical temperature control solutions that keep all types and sizes of businesses and industry running. Our headquarters are situated in Southampton, with offices throughout the UK and Europe, employing over 250 people in the UK alone.\",\"email\":\"info@icscoolenergy.com\",\"telephone\":\"0800 840 4210\",\"legalName\":\"ICS Cool Energy Limited\",\"numberOfEmployees\":{\"@type\":\"QuantitativeValue\",\"minValue\":\"201\",\"maxValue\":\"500\"}}]}<\/script>\n<!-- \/ Yoast SEO Premium plugin. -->","yoast_head_json":{"title":"Polityka plik\u00f3w cookie | Poland","robots":{"index":"index","follow":"follow","max-snippet":"max-snippet:-1","max-image-preview":"max-image-preview:large","max-video-preview":"max-video-preview:-1"},"canonical":"https:\/\/www.icscoolenergy.com\/pl\/o-nas\/zasady-i-warunki\/polityka-plikow-cookie\/","og_locale":"pl_PL","og_type":"article","og_title":"Polityka plik\u00f3w cookie","og_description":"POLITYKA COOKIES To jest polityka plik\u00f3w cookie dla ICS Cool Energy Ltd dost\u0119pna na stronie www.icscoolenergy.co.uk. Niniejsza strona internetowa nale\u017cy do ICS Cool Energy, prywatnej sp\u00f3\u0142ki z ograniczon\u0105 odpowiedzialno\u015bci\u0105 zarejestrowanej w Anglii pod numerem 05509182. Czym s\u0105 pliki cookie? Podobnie jak w przypadku prawie wszystkich profesjonalnych witryn internetowych, ta witryna wykorzystuje pliki cookie, kt\u00f3re s\u0105 ... Read more","og_url":"https:\/\/www.icscoolenergy.com\/pl\/o-nas\/zasady-i-warunki\/polityka-plikow-cookie\/","og_site_name":"Poland","article_modified_time":"2024-11-19T12:02:07+00:00","og_image":[{"width":1200,"height":675,"url":"https:\/\/www.icscoolenergy.com\/wp-content\/uploads\/sites\/7\/2024\/05\/Yoast-Hero-Image.jpg","type":"image\/jpeg"}],"twitter_card":"summary_large_image","twitter_misc":{"Est. reading time":"3 minuty"},"schema":{"@context":"https:\/\/schema.org","@graph":[{"@type":"WebPage","@id":"https:\/\/www.icscoolenergy.com\/pl\/o-nas\/zasady-i-warunki\/polityka-plikow-cookie\/","url":"https:\/\/www.icscoolenergy.com\/pl\/o-nas\/zasady-i-warunki\/polityka-plikow-cookie\/","name":"Polityka plik\u00f3w cookie | Poland","isPartOf":{"@id":"https:\/\/www.icscoolenergy.com\/pl\/#website"},"datePublished":"2024-04-09T15:22:32+00:00","dateModified":"2024-11-19T12:02:07+00:00","breadcrumb":{"@id":"https:\/\/www.icscoolenergy.com\/pl\/o-nas\/zasady-i-warunki\/polityka-plikow-cookie\/#breadcrumb"},"inLanguage":"pl-PL","potentialAction":[{"@type":"ReadAction","target":["https:\/\/www.icscoolenergy.com\/pl\/o-nas\/zasady-i-warunki\/polityka-plikow-cookie\/"]}]},{"@type":"BreadcrumbList","@id":"https:\/\/www.icscoolenergy.com\/pl\/o-nas\/zasady-i-warunki\/polityka-plikow-cookie\/#breadcrumb","itemListElement":[{"@type":"ListItem","position":1,"name":"Home","item":"https:\/\/www.icscoolenergy.com\/pl\/"},{"@type":"ListItem","position":2,"name":"O nas","item":"https:\/\/www.icscoolenergy.com\/pl\/o-nas\/"},{"@type":"ListItem","position":3,"name":"Zasady i warunki","item":"https:\/\/www.icscoolenergy.com\/pl\/o-nas\/zasady-i-warunki\/"},{"@type":"ListItem","position":4,"name":"Polityka plik\u00f3w cookie"}]},{"@type":"WebSite","@id":"https:\/\/www.icscoolenergy.com\/pl\/#website","url":"https:\/\/www.icscoolenergy.com\/pl\/","name":"ICS Cool Energy","description":"The Process Temperature Control Specialists","publisher":{"@id":"https:\/\/www.icscoolenergy.com\/pl\/#organization"},"alternateName":"ICS","potentialAction":[{"@type":"SearchAction","target":{"@type":"EntryPoint","urlTemplate":"https:\/\/www.icscoolenergy.com\/pl\/?s={search_term_string}"},"query-input":{"@type":"PropertyValueSpecification","valueRequired":true,"valueName":"search_term_string"}}],"inLanguage":"pl-PL"},{"@type":"Organization","@id":"https:\/\/www.icscoolenergy.com\/pl\/#organization","name":"ICS Cool Energy","url":"https:\/\/www.icscoolenergy.com\/pl\/","logo":{"@type":"ImageObject","inLanguage":"pl-PL","@id":"https:\/\/www.icscoolenergy.com\/pl\/#\/schema\/logo\/image\/","url":"https:\/\/www.icscoolenergy.com\/wp-content\/uploads\/sites\/7\/2024\/01\/ics-cool-energy-logo.svg","contentUrl":"https:\/\/www.icscoolenergy.com\/wp-content\/uploads\/sites\/7\/2024\/01\/ics-cool-energy-logo.svg","caption":"ICS Cool Energy"},"image":{"@id":"https:\/\/www.icscoolenergy.com\/pl\/#\/schema\/logo\/image\/"},"sameAs":["https:\/\/www.linkedin.com\/company\/ics-temperature-control\/","https:\/\/www.youtube.com\/@ICSCoolEnergyLtd"],"description":"ICS Cool Energy is a market leader for process and critical temperature control solutions that keep all types and sizes of businesses and industry running. Our headquarters are situated in Southampton, with offices throughout the UK and Europe, employing over 250 people in the UK alone.","email":"info@icscoolenergy.com","telephone":"0800 840 4210","legalName":"ICS Cool Energy Limited","numberOfEmployees":{"@type":"QuantitativeValue","minValue":"201","maxValue":"500"}}]}},"_links":{"self":[{"href":"https:\/\/www.icscoolenergy.com\/pl\/wp-json\/wp\/v2\/pages\/86111","targetHints":{"allow":["GET"]}}],"collection":[{"href":"https:\/\/www.icscoolenergy.com\/pl\/wp-json\/wp\/v2\/pages"}],"about":[{"href":"https:\/\/www.icscoolenergy.com\/pl\/wp-json\/wp\/v2\/types\/page"}],"author":[{"embeddable":true,"href":"https:\/\/www.icscoolenergy.com\/pl\/wp-json\/wp\/v2\/users\/1"}],"replies":[{"embeddable":true,"href":"https:\/\/www.icscoolenergy.com\/pl\/wp-json\/wp\/v2\/comments?post=86111"}],"version-history":[{"count":0,"href":"https:\/\/www.icscoolenergy.com\/pl\/wp-json\/wp\/v2\/pages\/86111\/revisions"}],"up":[{"embeddable":true,"href":"https:\/\/www.icscoolenergy.com\/pl\/wp-json\/wp\/v2\/pages\/86011"}],"wp:attachment":[{"href":"https:\/\/www.icscoolenergy.com\/pl\/wp-json\/wp\/v2\/media?parent=86111"}],"curies":[{"name":"wp","href":"https:\/\/api.w.org\/{rel}","templated":true}]}}