 
{"id":86161,"date":"2024-04-08T14:33:13","date_gmt":"2024-04-08T14:33:13","guid":{"rendered":"https:\/\/www.icscoolenergy.com\/pl\/rozwiazania\/korzysci-z-zatrudnienia\/"},"modified":"2024-11-19T12:02:09","modified_gmt":"2024-11-19T12:02:09","slug":"korzysci-z-zatrudnienia","status":"publish","type":"page","link":"https:\/\/www.icscoolenergy.com\/pl\/rozwiazania\/korzysci-z-zatrudnienia\/","title":{"rendered":"Korzy\u015bci z zatrudnienia"},"content":{"rendered":"\n<div class=\"mb-8 eplus-wrapper wp-block-group is-layout-flow wp-block-group-is-layout-flow\">\n<div class=\"md:relative eplus-wrapper wp-block-group is-layout-flow wp-block-group-is-layout-flow\">\n<div class=\"eplus-wrapper wp-block-cover\" style=\"min-height:451px;aspect-ratio:unset;\"><span aria-hidden=\"true\" class=\"wp-block-cover__background has-background-dim-0 has-background-dim\"><\/span><img decoding=\"async\" width=\"1980\" height=\"990\" class=\"wp-block-cover__image-background wp-image-84330\" alt=\"Our hire process\" src=\"https:\/\/www.icscoolenergy.com\/pl\/wp-content\/uploads\/sites\/7\/2024\/05\/Our-hire-process.jpg\" data-object-fit=\"cover\" srcset=\"https:\/\/www.icscoolenergy.com\/wp-content\/uploads\/sites\/7\/2024\/05\/Our-hire-process.jpg 1980w, https:\/\/www.icscoolenergy.com\/wp-content\/uploads\/sites\/7\/2024\/05\/Our-hire-process-300x150.jpg 300w, https:\/\/www.icscoolenergy.com\/wp-content\/uploads\/sites\/7\/2024\/05\/Our-hire-process-1024x512.jpg 1024w, https:\/\/www.icscoolenergy.com\/wp-content\/uploads\/sites\/7\/2024\/05\/Our-hire-process-768x384.jpg 768w, https:\/\/www.icscoolenergy.com\/wp-content\/uploads\/sites\/7\/2024\/05\/Our-hire-process-50x25.jpg 50w, https:\/\/www.icscoolenergy.com\/wp-content\/uploads\/sites\/7\/2024\/05\/Our-hire-process-1600x800.jpg 1600w, https:\/\/www.icscoolenergy.com\/wp-content\/uploads\/sites\/7\/2024\/05\/Our-hire-process-1536x768.jpg 1536w, https:\/\/www.icscoolenergy.com\/wp-content\/uploads\/sites\/7\/2024\/05\/Our-hire-process-600x300.jpg 600w\" sizes=\"(max-width: 1980px) 100vw, 1980px\" \/><div class=\"wp-block-cover__inner-container is-layout-flow wp-block-cover-is-layout-flow\">\n<p class=\" has-text-align-center has-large-font-size eplus-wrapper\"><\/p>\n<\/div><\/div>\n\n\n\n<div class=\"rounded-tr-md sm:w-full md:w-[80%] md:h-fit md:top-[80%] relative md:-mt-[10%] z-[1] md:left-0 eplus-wrapper wp-block-group has-background is-layout-constrained wp-block-group-is-layout-constrained\" style=\"background-color:#eaeaef\">\n<h1 class=\"eplus-wrapper pt-8 wp-block-heading has-text-color has-link-color wp-elements-2259fc30e5291ee36aa2fa41c0aa6cd4\" id=\"h-the-benefits-of-hire\" style=\"color:#312f5f\">KORZY\u015aCI Z WYNAJMU<\/h1>\n\n\n\n<p class=\" eplus-wrapper\">Wynajem rozwi\u0105za\u0144 w zakresie kontroli temperatury zapewnia to, co najlepsze ze wszystkich \u015bwiat\u00f3w. Nasza flota ma \u015brednio zaledwie 1,4 roku i jest starannie konserwowana i dok\u0142adnie testowana, zanim zostanie uznana za gotow\u0105 do wynajmu.   <\/p>\n\n\n\n<p class=\" eplus-wrapper\">Nasz do\u015bwiadczony i oddany zesp\u00f3\u0142 ds. wynajmu dostarcza rozwi\u0105zania, kt\u00f3re zosta\u0142y zaprojektowane specjalnie z my\u015bl\u0105 o potrzebach Twojej firmy.  <\/p>\n\n\n\n<p class=\" eplus-wrapper\">Niezale\u017cnie od tego, czy chodzi o sytuacje awaryjne, prace konserwacyjne czy d\u0142ugoterminowy wynajem &#8211; jeste\u015bmy do Twojej dyspozycji w dzie\u0144 i w nocy, 24 godziny na dob\u0119, 7 dni w tygodniu.<\/p>\n\n\n\n<div style=\"height:40px\" aria-hidden=\"true\" class=\" wp-block-spacer eplus-wrapper\"><\/div>\n\n\n<figure class=\"wp-embed-aspect-16-9 wp-has-aspect-ratio wp-block-embed is-type-video is-provider-vimeo wp-block-embed-vimeo eplus-wrapper eplus-styles-uid-db9f67\"><div class=\"wp-block-embed__wrapper\">\n<iframe title=\"ICS Short - Why Hire From ICS Cool Energy\" src=\"https:\/\/player.vimeo.com\/video\/949534301?dnt=1&amp;app_id=122963\" width=\"1200\" height=\"675\" frameborder=\"0\" allow=\"autoplay; fullscreen; picture-in-picture; clipboard-write\"><\/iframe>\n<\/div><\/figure>\n\n\n<div style=\"height:40px\" aria-hidden=\"true\" class=\" wp-block-spacer eplus-wrapper\"><\/div>\n<\/div>\n<\/div>\n<\/div>\n\n<div class=\"px-0 pt-12 pb-8 wp-block-group eplus-wrapper is-layout-flow wp-block-group-is-layout-flow\"><div class=\"lg:flex xs:block xl:mb-12 wp-block-columns eplus-wrapper is-layout-flex wp-container-core-columns-is-layout-9d6595d7 wp-block-columns-is-layout-flex eplus-styles-uid-700098\"><div class=\"pt-12 px-8  shadow-lg rounded-t-2xl xs:h-auto xs:mb-10 xl:mb-0 xl:h-56 lg:h-64 wp-block-column is-vertically-aligned-top has-white-background-color has-background eplus-wrapper is-layout-flow wp-block-column-is-layout-flow eplus-styles-uid-43cb0d\"><div class=\"xs:mb-0 wp-block-columns eplus-wrapper is-layout-flex wp-container-core-columns-is-layout-9d6595d7 wp-block-columns-is-layout-flex eplus-styles-uid-37a099\">\n<div class=\"wp-block-column eplus-wrapper is-layout-flow wp-block-column-is-layout-flow\" style=\"flex-basis:40px\">\n<figure class=\" wp-block-image size-full is-resized eplus-wrapper\"><img decoding=\"async\" width=\"100\" height=\"100\" src=\"https:\/\/www.icscoolenergy.com\/pl\/wp-content\/uploads\/sites\/7\/2024\/04\/247.svg\" alt=\"\" class=\"wp-image-79722\" style=\"width:40px\"><\/figure>\n<\/div>\n\n\n\n<div class=\"wp-block-column eplus-wrapper is-layout-flow wp-block-column-is-layout-flow\"><h4 class=\" wp-block-heading eplus-wrapper eplus-styles-uid-be1b12\" id=\"h-in-emergencies\">W sytuacjach awaryjnych<\/h4>\n\n\n<p class=\" eplus-wrapper\">W sytuacjach awaryjnych, gdy sprz\u0119t do kontroli temperatury ulegnie awarii, tymczasowy wynajem sprz\u0119tu mo\u017ce pom\u00f3c w szybkim przywr\u00f3ceniu sprawno\u015bci. Dzi\u0119ki naszemu zespo\u0142owi ekspert\u00f3w i magazynom w ca\u0142ej Wielkiej Brytanii mo\u017cemy by\u0107 na miejscu w ci\u0105gu kilku godzin, aby zaplanowa\u0107 i zainstalowa\u0107 idealne rozwi\u0105zanie dla Ciebie &#8211; 24\/7. <\/p>\n<\/div>\n<\/div><\/div>\n\n<div class=\"pt-12 px-8  shadow-lg rounded-t-2xl xs:h-auto xs:mb-10 xl:mb-0 xl:h-56 lg:h-64 wp-block-column is-vertically-aligned-top has-white-background-color has-background eplus-wrapper is-layout-flow wp-block-column-is-layout-flow eplus-styles-uid-43cb0d\"><div class=\"xs:mb-0 wp-block-columns eplus-wrapper is-layout-flex wp-container-core-columns-is-layout-9d6595d7 wp-block-columns-is-layout-flex eplus-styles-uid-89fc10\">\n<div class=\"wp-block-column eplus-wrapper is-layout-flow wp-block-column-is-layout-flow\" style=\"flex-basis:40px\">\n<figure class=\" wp-block-image size-full is-resized eplus-wrapper\"><img decoding=\"async\" width=\"100\" height=\"100\" src=\"https:\/\/www.icscoolenergy.com\/pl\/wp-content\/uploads\/sites\/7\/2024\/04\/Priority-response.svg\" alt=\"\" class=\"wp-image-79792\" style=\"width:40px\"><\/figure>\n<\/div>\n\n\n\n<div class=\"wp-block-column eplus-wrapper is-layout-flow wp-block-column-is-layout-flow\"><h4 class=\" wp-block-heading eplus-wrapper eplus-styles-uid-be1b12\" id=\"h-for-seasonal-requirements\">Wymagania sezonowe<\/h4>\n\n\n<p class=\" eplus-wrapper\">Niezale\u017cnie od tego, czy jest to zima, czy lato, szczytowe temperatury mog\u0105 sprawi\u0107, \u017ce istniej\u0105cy sprz\u0119t b\u0119dzie mia\u0142 trudno\u015bci &#8211; negatywnie wp\u0142ywaj\u0105c na produkcj\u0119, ludzi i przestrze\u0144. Wynajem dodatkowego sprz\u0119tu w miesi\u0105cach zimowych lub letnich mo\u017ce sprawi\u0107, \u017ce nie wyst\u0105pi\u0105 \u017cadne sezonowe awarie lub sytuacje awaryjne. <\/p>\n<\/div>\n<\/div><\/div><\/div>\n\n<div class=\"lg:flex xs:block xl:mb-12 wp-block-columns eplus-wrapper is-layout-flex wp-container-core-columns-is-layout-9d6595d7 wp-block-columns-is-layout-flex eplus-styles-uid-907b11\"><div class=\"pt-12 px-8  shadow-lg rounded-t-2xl xs:h-auto xs:mb-10 xl:mb-0 xl:h-56 lg:h-64 wp-block-column is-vertically-aligned-top has-white-background-color has-background eplus-wrapper is-layout-flow wp-block-column-is-layout-flow eplus-styles-uid-43cb0d\"><div class=\"xs:mb-0 wp-block-columns eplus-wrapper is-layout-flex wp-container-core-columns-is-layout-9d6595d7 wp-block-columns-is-layout-flex eplus-styles-uid-3531b3\">\n<div class=\"wp-block-column eplus-wrapper is-layout-flow wp-block-column-is-layout-flow\" style=\"flex-basis:40px\">\n<figure class=\" wp-block-image size-full is-resized eplus-wrapper\"><img decoding=\"async\" width=\"100\" height=\"100\" src=\"https:\/\/www.icscoolenergy.com\/pl\/wp-content\/uploads\/sites\/7\/2024\/04\/All-models.svg\" alt=\"\" class=\"wp-image-79727\" style=\"width:40px\"><\/figure>\n<\/div>\n\n\n\n<div class=\"wp-block-column eplus-wrapper is-layout-flow wp-block-column-is-layout-flow\"><h4 class=\" wp-block-heading eplus-wrapper eplus-styles-uid-be1b12\" id=\"h-latest-equipment\">Najnowszy sprz\u0119t<\/h4>\n\n\n<p class=\" eplus-wrapper\">Przy \u015brednim wieku 1,4 roku nasza flota wynajmu jest najnowocze\u015bniejsza. Dok\u0142adnie testujemy nasze maszyny przed wys\u0142aniem ich na wynajem &#8211; zapewniaj\u0105c, \u017ce otrzymasz sprz\u0119t, kt\u00f3ry Ci\u0119 nie zawiedzie. Klientom korzystaj\u0105cym z wynajmu d\u0142ugoterminowego zapewniamy zupe\u0142nie nowy sprz\u0119t. W ten spos\u00f3b mo\u017cesz cieszy\u0107 si\u0119 tym, co najlepsze z obu \u015bwiat\u00f3w.   <\/p>\n<\/div>\n<\/div><\/div>\n\n<div class=\"pt-12 px-8  shadow-lg rounded-t-2xl xs:h-auto xs:mb-10 xl:mb-0 xl:h-56 lg:h-64 wp-block-column is-vertically-aligned-top has-white-background-color has-background eplus-wrapper is-layout-flow wp-block-column-is-layout-flow eplus-styles-uid-43cb0d\"><div class=\"xs:mb-0 wp-block-columns eplus-wrapper is-layout-flex wp-container-core-columns-is-layout-9d6595d7 wp-block-columns-is-layout-flex eplus-styles-uid-075d99\">\n<div class=\"wp-block-column eplus-wrapper is-layout-flow wp-block-column-is-layout-flow\" style=\"flex-basis:40px\">\n<figure class=\" wp-block-image size-full is-resized eplus-wrapper\"><img decoding=\"async\" width=\"100\" height=\"100\" src=\"https:\/\/www.icscoolenergy.com\/pl\/wp-content\/uploads\/sites\/7\/2024\/04\/Compliance.svg\" alt=\"\" class=\"wp-image-79747\" style=\"width:40px\"><\/figure>\n<\/div>\n\n\n\n<div class=\"wp-block-column eplus-wrapper is-layout-flow wp-block-column-is-layout-flow\"><h4 class=\" wp-block-heading eplus-wrapper eplus-styles-uid-be1b12\" id=\"h-cashflow-protection\">Ochrona przep\u0142yw\u00f3w pieni\u0119\u017cnych<\/h4>\n\n\n<p class=\" eplus-wrapper\">Wynajem sprz\u0119tu oznacza brak konieczno\u015bci ponoszenia nak\u0142ad\u00f3w inwestycyjnych. P\u0142acisz za u\u017cytkowanie sprz\u0119tu, a nie za zwi\u0105zany z nim kapita\u0142. Umowa wynajmu wi\u0105\u017ce si\u0119 tylko z jedn\u0105 sta\u0142\u0105 miesi\u0119czn\u0105 p\u0142atno\u015bci\u0105, kt\u00f3ra trafia do bilansu i utrzymuje otwarte linie kredytowe. \u017badnych dodatkowych koszt\u00f3w, \u017cadnych niespodzianek &#8211; mo\u017cesz spokojnie zaplanowa\u0107 bud\u017cet bez niepewno\u015bci.   <\/p>\n<\/div>\n<\/div><\/div><\/div>\n\n<div class=\"lg:flex xs:block xl:mb-12 wp-block-columns eplus-wrapper is-layout-flex wp-container-core-columns-is-layout-9d6595d7 wp-block-columns-is-layout-flex eplus-styles-uid-75d5d8\"><div class=\"pt-12 px-8  shadow-lg rounded-t-2xl xs:h-auto xs:mb-10 xl:mb-0 xl:h-56 lg:h-64 wp-block-column is-vertically-aligned-stretch has-white-background-color has-background eplus-wrapper is-layout-flow wp-block-column-is-layout-flow eplus-styles-uid-43cb0d\"><div class=\"xs:mb-0 wp-block-columns eplus-wrapper is-layout-flex wp-container-core-columns-is-layout-9d6595d7 wp-block-columns-is-layout-flex eplus-styles-uid-d4d5fa\">\n<div class=\"wp-block-column eplus-wrapper is-layout-flow wp-block-column-is-layout-flow\" style=\"flex-basis:40px\">\n<figure class=\" wp-block-image size-full is-resized eplus-wrapper\"><img decoding=\"async\" width=\"100\" height=\"100\" src=\"https:\/\/www.icscoolenergy.com\/pl\/wp-content\/uploads\/sites\/7\/2024\/04\/Unlimited-repairs.svg\" alt=\"\" class=\"wp-image-79807\" style=\"width:40px\"><\/figure>\n<\/div>\n\n\n\n<div class=\"wp-block-column is-vertically-aligned-stretch eplus-wrapper is-layout-flow wp-block-column-is-layout-flow\"><h4 class=\" wp-block-heading eplus-wrapper eplus-styles-uid-be1b12\" id=\"h-maintenance-and-service\">Konserwacja i serwis<\/h4>\n\n\n<p class=\" eplus-wrapper\">Gdy przest\u00f3j procesu nie wchodzi w gr\u0119, zabezpiecz swoje dostawy ch\u0142odzenia lub ogrzewania procesowego, zlecaj\u0105c nam dostarczenie pe\u0142nej umowy planu awaryjnego. Obejmuje to pe\u0142ne badanie terenu w celu zaplanowania wszystkiego, co jest wymagane z wyprzedzeniem, aby zminimalizowa\u0107 przestoje. <\/p>\n<\/div>\n<\/div><\/div>\n\n<div class=\"pt-12 px-8  shadow-lg rounded-t-2xl xs:h-auto xs:mb-10 xl:mb-0 xl:h-56 lg:h-64 wp-block-column is-vertically-aligned-top has-white-background-color has-background eplus-wrapper is-layout-flow wp-block-column-is-layout-flow eplus-styles-uid-43cb0d\"><div class=\"xs:mb-0 wp-block-columns eplus-wrapper is-layout-flex wp-container-core-columns-is-layout-9d6595d7 wp-block-columns-is-layout-flex eplus-styles-uid-6661dd\">\n<div class=\"wp-block-column eplus-wrapper is-layout-flow wp-block-column-is-layout-flow\" style=\"flex-basis:40px\">\n<figure class=\" wp-block-image size-full is-resized eplus-wrapper\"><img decoding=\"async\" width=\"100\" height=\"100\" src=\"https:\/\/www.icscoolenergy.com\/pl\/wp-content\/uploads\/sites\/7\/2024\/04\/Warranty-1.svg\" alt=\"\" class=\"wp-image-79812\" style=\"width:40px\"><\/figure>\n<\/div>\n\n\n\n<div class=\"wp-block-column eplus-wrapper is-layout-flow wp-block-column-is-layout-flow\"><h4 class=\" wp-block-heading eplus-wrapper eplus-styles-uid-be1b12\" id=\"h-remote-monitoring\">Zdalne monitorowanie<\/h4>\n\n\n<p class=\" eplus-wrapper\">Aby jeszcze bardziej u\u0142atwi\u0107 naszym klientom wynajem, oferujemy zdalne monitorowanie wszystkich naszych agregat\u00f3w ch\u0142odniczych i kot\u0142\u00f3w na wynajem. Monitorujemy wydajno\u015b\u0107 sprz\u0119tu i warunki \u015brodowiskowe wok\u00f3\u0142 kot\u0142a lub agregatu ch\u0142odniczego. Wszystkie dane s\u0105 dost\u0119pne dla Ciebie i naszych in\u017cynier\u00f3w, aby wcze\u015bnie zidentyfikowa\u0107 problemy i unikn\u0105\u0107 awarii.  <\/p>\n<\/div>\n<\/div><\/div><\/div><\/div>\n\n<div style=\"height:40px\" aria-hidden=\"true\" class=\" wp-block-spacer eplus-wrapper\"><\/div>\n","protected":false},"excerpt":{"rendered":"<p>KORZY\u015aCI Z WYNAJMU Wynajem rozwi\u0105za\u0144 w zakresie kontroli temperatury zapewnia to, co najlepsze ze wszystkich \u015bwiat\u00f3w. Nasza flota ma \u015brednio zaledwie 1,4 roku i jest starannie konserwowana i dok\u0142adnie testowana, zanim zostanie uznana za gotow\u0105 do wynajmu. Nasz do\u015bwiadczony i oddany zesp\u00f3\u0142 ds. wynajmu dostarcza rozwi\u0105zania, kt\u00f3re zosta\u0142y zaprojektowane specjalnie z my\u015bl\u0105 o potrzebach Twojej &#8230; <a title=\"Korzy\u015bci z zatrudnienia\" class=\"read-more\" href=\"https:\/\/www.icscoolenergy.com\/pl\/rozwiazania\/korzysci-z-zatrudnienia\/\" aria-label=\"More on Korzy\u015bci z zatrudnienia\">Read more<\/a><\/p>\n","protected":false},"author":1,"featured_media":0,"parent":85972,"menu_order":0,"comment_status":"closed","ping_status":"closed","template":"template-1.php","meta":{"_acf_changed":false,"inline_featured_image":false,"_editorskit_title_hidden":false,"_editorskit_reading_time":0,"_editorskit_is_block_options_detached":false,"_editorskit_block_options_position":"{}","editor_plus_copied_stylings":"{}","footnotes":""},"class_list":["post-86161","page","type-page","status-publish"],"acf":[],"yoast_head":"<!-- This site is optimized with the Yoast SEO Premium plugin v24.5 (Yoast SEO v26.9) - https:\/\/yoast.com\/product\/yoast-seo-premium-wordpress\/ -->\n<title>Korzy\u015bci z zatrudnienia | Poland<\/title>\n<meta name=\"robots\" content=\"index, follow, max-snippet:-1, max-image-preview:large, max-video-preview:-1\" \/>\n<link rel=\"canonical\" href=\"https:\/\/www.icscoolenergy.com\/pl\/rozwiazania\/korzysci-z-zatrudnienia\/\" \/>\n<meta property=\"og:locale\" content=\"pl_PL\" \/>\n<meta property=\"og:type\" content=\"article\" \/>\n<meta property=\"og:title\" content=\"Korzy\u015bci z zatrudnienia\" \/>\n<meta property=\"og:description\" content=\"KORZY\u015aCI Z WYNAJMU Wynajem rozwi\u0105za\u0144 w zakresie kontroli temperatury zapewnia to, co najlepsze ze wszystkich \u015bwiat\u00f3w. Nasza flota ma \u015brednio zaledwie 1,4 roku i jest starannie konserwowana i dok\u0142adnie testowana, zanim zostanie uznana za gotow\u0105 do wynajmu. Nasz do\u015bwiadczony i oddany zesp\u00f3\u0142 ds. wynajmu dostarcza rozwi\u0105zania, kt\u00f3re zosta\u0142y zaprojektowane specjalnie z my\u015bl\u0105 o potrzebach Twojej ... Read more\" \/>\n<meta property=\"og:url\" content=\"https:\/\/www.icscoolenergy.com\/pl\/rozwiazania\/korzysci-z-zatrudnienia\/\" \/>\n<meta property=\"og:site_name\" content=\"Poland\" \/>\n<meta property=\"article:modified_time\" content=\"2024-11-19T12:02:09+00:00\" \/>\n<meta property=\"og:image\" content=\"https:\/\/www.icscoolenergy.com\/pl\/wp-content\/uploads\/sites\/7\/2024\/05\/Our-hire-process.jpg\" \/>\n<meta name=\"twitter:card\" content=\"summary_large_image\" \/>\n<meta name=\"twitter:label1\" content=\"Est. reading time\" \/>\n\t<meta name=\"twitter:data1\" content=\"2 minuty\" \/>\n<script type=\"application\/ld+json\" class=\"yoast-schema-graph\">{\"@context\":\"https:\/\/schema.org\",\"@graph\":[{\"@type\":\"WebPage\",\"@id\":\"https:\/\/www.icscoolenergy.com\/pl\/rozwiazania\/korzysci-z-zatrudnienia\/\",\"url\":\"https:\/\/www.icscoolenergy.com\/pl\/rozwiazania\/korzysci-z-zatrudnienia\/\",\"name\":\"Korzy\u015bci z zatrudnienia | Poland\",\"isPartOf\":{\"@id\":\"https:\/\/www.icscoolenergy.com\/pl\/#website\"},\"primaryImageOfPage\":{\"@id\":\"https:\/\/www.icscoolenergy.com\/pl\/rozwiazania\/korzysci-z-zatrudnienia\/#primaryimage\"},\"image\":{\"@id\":\"https:\/\/www.icscoolenergy.com\/pl\/rozwiazania\/korzysci-z-zatrudnienia\/#primaryimage\"},\"thumbnailUrl\":\"https:\/\/www.icscoolenergy.com\/pl\/wp-content\/uploads\/sites\/7\/2024\/05\/Our-hire-process.jpg\",\"datePublished\":\"2024-04-08T14:33:13+00:00\",\"dateModified\":\"2024-11-19T12:02:09+00:00\",\"breadcrumb\":{\"@id\":\"https:\/\/www.icscoolenergy.com\/pl\/rozwiazania\/korzysci-z-zatrudnienia\/#breadcrumb\"},\"inLanguage\":\"pl-PL\",\"potentialAction\":[{\"@type\":\"ReadAction\",\"target\":[\"https:\/\/www.icscoolenergy.com\/pl\/rozwiazania\/korzysci-z-zatrudnienia\/\"]}]},{\"@type\":\"ImageObject\",\"inLanguage\":\"pl-PL\",\"@id\":\"https:\/\/www.icscoolenergy.com\/pl\/rozwiazania\/korzysci-z-zatrudnienia\/#primaryimage\",\"url\":\"https:\/\/www.icscoolenergy.com\/wp-content\/uploads\/sites\/7\/2024\/05\/Our-hire-process.jpg\",\"contentUrl\":\"https:\/\/www.icscoolenergy.com\/wp-content\/uploads\/sites\/7\/2024\/05\/Our-hire-process.jpg\",\"width\":1980,\"height\":990,\"caption\":\"Our hire process\"},{\"@type\":\"BreadcrumbList\",\"@id\":\"https:\/\/www.icscoolenergy.com\/pl\/rozwiazania\/korzysci-z-zatrudnienia\/#breadcrumb\",\"itemListElement\":[{\"@type\":\"ListItem\",\"position\":1,\"name\":\"Home\",\"item\":\"https:\/\/www.icscoolenergy.com\/pl\/\"},{\"@type\":\"ListItem\",\"position\":2,\"name\":\"Rozwi\u0105zania\",\"item\":\"https:\/\/www.icscoolenergy.com\/pl\/rozwiazania\/\"},{\"@type\":\"ListItem\",\"position\":3,\"name\":\"Korzy\u015bci z zatrudnienia\"}]},{\"@type\":\"WebSite\",\"@id\":\"https:\/\/www.icscoolenergy.com\/pl\/#website\",\"url\":\"https:\/\/www.icscoolenergy.com\/pl\/\",\"name\":\"ICS Cool Energy\",\"description\":\"The Process Temperature Control Specialists\",\"publisher\":{\"@id\":\"https:\/\/www.icscoolenergy.com\/pl\/#organization\"},\"alternateName\":\"ICS\",\"potentialAction\":[{\"@type\":\"SearchAction\",\"target\":{\"@type\":\"EntryPoint\",\"urlTemplate\":\"https:\/\/www.icscoolenergy.com\/pl\/?s={search_term_string}\"},\"query-input\":{\"@type\":\"PropertyValueSpecification\",\"valueRequired\":true,\"valueName\":\"search_term_string\"}}],\"inLanguage\":\"pl-PL\"},{\"@type\":\"Organization\",\"@id\":\"https:\/\/www.icscoolenergy.com\/pl\/#organization\",\"name\":\"ICS Cool Energy\",\"url\":\"https:\/\/www.icscoolenergy.com\/pl\/\",\"logo\":{\"@type\":\"ImageObject\",\"inLanguage\":\"pl-PL\",\"@id\":\"https:\/\/www.icscoolenergy.com\/pl\/#\/schema\/logo\/image\/\",\"url\":\"https:\/\/www.icscoolenergy.com\/wp-content\/uploads\/sites\/7\/2024\/01\/ics-cool-energy-logo.svg\",\"contentUrl\":\"https:\/\/www.icscoolenergy.com\/wp-content\/uploads\/sites\/7\/2024\/01\/ics-cool-energy-logo.svg\",\"caption\":\"ICS Cool Energy\"},\"image\":{\"@id\":\"https:\/\/www.icscoolenergy.com\/pl\/#\/schema\/logo\/image\/\"},\"sameAs\":[\"https:\/\/www.linkedin.com\/company\/ics-temperature-control\/\",\"https:\/\/www.youtube.com\/@ICSCoolEnergyLtd\"],\"description\":\"ICS Cool Energy is a market leader for process and critical temperature control solutions that keep all types and sizes of businesses and industry running. Our headquarters are situated in Southampton, with offices throughout the UK and Europe, employing over 250 people in the UK alone.\",\"email\":\"info@icscoolenergy.com\",\"telephone\":\"0800 840 4210\",\"legalName\":\"ICS Cool Energy Limited\",\"numberOfEmployees\":{\"@type\":\"QuantitativeValue\",\"minValue\":\"201\",\"maxValue\":\"500\"}}]}<\/script>\n<!-- \/ Yoast SEO Premium plugin. -->","yoast_head_json":{"title":"Korzy\u015bci z zatrudnienia | Poland","robots":{"index":"index","follow":"follow","max-snippet":"max-snippet:-1","max-image-preview":"max-image-preview:large","max-video-preview":"max-video-preview:-1"},"canonical":"https:\/\/www.icscoolenergy.com\/pl\/rozwiazania\/korzysci-z-zatrudnienia\/","og_locale":"pl_PL","og_type":"article","og_title":"Korzy\u015bci z zatrudnienia","og_description":"KORZY\u015aCI Z WYNAJMU Wynajem rozwi\u0105za\u0144 w zakresie kontroli temperatury zapewnia to, co najlepsze ze wszystkich \u015bwiat\u00f3w. Nasza flota ma \u015brednio zaledwie 1,4 roku i jest starannie konserwowana i dok\u0142adnie testowana, zanim zostanie uznana za gotow\u0105 do wynajmu. Nasz do\u015bwiadczony i oddany zesp\u00f3\u0142 ds. wynajmu dostarcza rozwi\u0105zania, kt\u00f3re zosta\u0142y zaprojektowane specjalnie z my\u015bl\u0105 o potrzebach Twojej ... Read more","og_url":"https:\/\/www.icscoolenergy.com\/pl\/rozwiazania\/korzysci-z-zatrudnienia\/","og_site_name":"Poland","article_modified_time":"2024-11-19T12:02:09+00:00","og_image":[{"url":"https:\/\/www.icscoolenergy.com\/pl\/wp-content\/uploads\/sites\/7\/2024\/05\/Our-hire-process.jpg","type":"","width":"","height":""}],"twitter_card":"summary_large_image","twitter_misc":{"Est. reading time":"2 minuty"},"schema":{"@context":"https:\/\/schema.org","@graph":[{"@type":"WebPage","@id":"https:\/\/www.icscoolenergy.com\/pl\/rozwiazania\/korzysci-z-zatrudnienia\/","url":"https:\/\/www.icscoolenergy.com\/pl\/rozwiazania\/korzysci-z-zatrudnienia\/","name":"Korzy\u015bci z zatrudnienia | Poland","isPartOf":{"@id":"https:\/\/www.icscoolenergy.com\/pl\/#website"},"primaryImageOfPage":{"@id":"https:\/\/www.icscoolenergy.com\/pl\/rozwiazania\/korzysci-z-zatrudnienia\/#primaryimage"},"image":{"@id":"https:\/\/www.icscoolenergy.com\/pl\/rozwiazania\/korzysci-z-zatrudnienia\/#primaryimage"},"thumbnailUrl":"https:\/\/www.icscoolenergy.com\/pl\/wp-content\/uploads\/sites\/7\/2024\/05\/Our-hire-process.jpg","datePublished":"2024-04-08T14:33:13+00:00","dateModified":"2024-11-19T12:02:09+00:00","breadcrumb":{"@id":"https:\/\/www.icscoolenergy.com\/pl\/rozwiazania\/korzysci-z-zatrudnienia\/#breadcrumb"},"inLanguage":"pl-PL","potentialAction":[{"@type":"ReadAction","target":["https:\/\/www.icscoolenergy.com\/pl\/rozwiazania\/korzysci-z-zatrudnienia\/"]}]},{"@type":"ImageObject","inLanguage":"pl-PL","@id":"https:\/\/www.icscoolenergy.com\/pl\/rozwiazania\/korzysci-z-zatrudnienia\/#primaryimage","url":"https:\/\/www.icscoolenergy.com\/wp-content\/uploads\/sites\/7\/2024\/05\/Our-hire-process.jpg","contentUrl":"https:\/\/www.icscoolenergy.com\/wp-content\/uploads\/sites\/7\/2024\/05\/Our-hire-process.jpg","width":1980,"height":990,"caption":"Our hire process"},{"@type":"BreadcrumbList","@id":"https:\/\/www.icscoolenergy.com\/pl\/rozwiazania\/korzysci-z-zatrudnienia\/#breadcrumb","itemListElement":[{"@type":"ListItem","position":1,"name":"Home","item":"https:\/\/www.icscoolenergy.com\/pl\/"},{"@type":"ListItem","position":2,"name":"Rozwi\u0105zania","item":"https:\/\/www.icscoolenergy.com\/pl\/rozwiazania\/"},{"@type":"ListItem","position":3,"name":"Korzy\u015bci z zatrudnienia"}]},{"@type":"WebSite","@id":"https:\/\/www.icscoolenergy.com\/pl\/#website","url":"https:\/\/www.icscoolenergy.com\/pl\/","name":"ICS Cool Energy","description":"The Process Temperature Control Specialists","publisher":{"@id":"https:\/\/www.icscoolenergy.com\/pl\/#organization"},"alternateName":"ICS","potentialAction":[{"@type":"SearchAction","target":{"@type":"EntryPoint","urlTemplate":"https:\/\/www.icscoolenergy.com\/pl\/?s={search_term_string}"},"query-input":{"@type":"PropertyValueSpecification","valueRequired":true,"valueName":"search_term_string"}}],"inLanguage":"pl-PL"},{"@type":"Organization","@id":"https:\/\/www.icscoolenergy.com\/pl\/#organization","name":"ICS Cool Energy","url":"https:\/\/www.icscoolenergy.com\/pl\/","logo":{"@type":"ImageObject","inLanguage":"pl-PL","@id":"https:\/\/www.icscoolenergy.com\/pl\/#\/schema\/logo\/image\/","url":"https:\/\/www.icscoolenergy.com\/wp-content\/uploads\/sites\/7\/2024\/01\/ics-cool-energy-logo.svg","contentUrl":"https:\/\/www.icscoolenergy.com\/wp-content\/uploads\/sites\/7\/2024\/01\/ics-cool-energy-logo.svg","caption":"ICS Cool Energy"},"image":{"@id":"https:\/\/www.icscoolenergy.com\/pl\/#\/schema\/logo\/image\/"},"sameAs":["https:\/\/www.linkedin.com\/company\/ics-temperature-control\/","https:\/\/www.youtube.com\/@ICSCoolEnergyLtd"],"description":"ICS Cool Energy is a market leader for process and critical temperature control solutions that keep all types and sizes of businesses and industry running. Our headquarters are situated in Southampton, with offices throughout the UK and Europe, employing over 250 people in the UK alone.","email":"info@icscoolenergy.com","telephone":"0800 840 4210","legalName":"ICS Cool Energy Limited","numberOfEmployees":{"@type":"QuantitativeValue","minValue":"201","maxValue":"500"}}]}},"_links":{"self":[{"href":"https:\/\/www.icscoolenergy.com\/pl\/wp-json\/wp\/v2\/pages\/86161","targetHints":{"allow":["GET"]}}],"collection":[{"href":"https:\/\/www.icscoolenergy.com\/pl\/wp-json\/wp\/v2\/pages"}],"about":[{"href":"https:\/\/www.icscoolenergy.com\/pl\/wp-json\/wp\/v2\/types\/page"}],"author":[{"embeddable":true,"href":"https:\/\/www.icscoolenergy.com\/pl\/wp-json\/wp\/v2\/users\/1"}],"replies":[{"embeddable":true,"href":"https:\/\/www.icscoolenergy.com\/pl\/wp-json\/wp\/v2\/comments?post=86161"}],"version-history":[{"count":0,"href":"https:\/\/www.icscoolenergy.com\/pl\/wp-json\/wp\/v2\/pages\/86161\/revisions"}],"up":[{"embeddable":true,"href":"https:\/\/www.icscoolenergy.com\/pl\/wp-json\/wp\/v2\/pages\/85972"}],"wp:attachment":[{"href":"https:\/\/www.icscoolenergy.com\/pl\/wp-json\/wp\/v2\/media?parent=86161"}],"curies":[{"name":"wp","href":"https:\/\/api.w.org\/{rel}","templated":true}]}}