 
{"id":86175,"date":"2024-04-12T15:00:05","date_gmt":"2024-04-12T15:00:05","guid":{"rendered":"https:\/\/www.icscoolenergy.com\/pl\/o-nas\/kariera\/"},"modified":"2024-11-19T12:02:33","modified_gmt":"2024-11-19T12:02:33","slug":"kariera","status":"publish","type":"page","link":"https:\/\/www.icscoolenergy.com\/pl\/o-nas\/kariera\/","title":{"rendered":"Kariera"},"content":{"rendered":"\n<div class=\"mb-8 eplus-wrapper wp-block-group is-layout-flow wp-block-group-is-layout-flow\">\n<div class=\"md:relative eplus-wrapper wp-block-group is-layout-flow wp-block-group-is-layout-flow\">\n<div class=\"eplus-wrapper min-h-[150px] mb:min-h-[200px] sm:min-h-[250px] md:min-h-[430px] wp-block-cover\" style=\"min-height:430px;aspect-ratio:unset;\"><span aria-hidden=\"true\" class=\"wp-block-cover__background has-background-dim-0 has-background-dim\" style=\"background-color:#908e8b\"><\/span><img decoding=\"async\" width=\"2028\" height=\"938\" class=\"wp-block-cover__image-background wp-image-81247\" alt=\"\" src=\"https:\/\/www.icscoolenergy.com\/pl\/wp-content\/\/uploads\/2024\/04\/Warehouse-Team-1-1.jpg\" data-object-fit=\"cover\" srcset=\"https:\/\/www.icscoolenergy.com\/wp-content\/uploads\/sites\/7\/2024\/04\/Warehouse-Team-1-1.jpg 2028w, https:\/\/www.icscoolenergy.com\/wp-content\/uploads\/sites\/7\/2024\/04\/Warehouse-Team-1-1-300x139.jpg 300w, https:\/\/www.icscoolenergy.com\/wp-content\/uploads\/sites\/7\/2024\/04\/Warehouse-Team-1-1-1024x474.jpg 1024w, https:\/\/www.icscoolenergy.com\/wp-content\/uploads\/sites\/7\/2024\/04\/Warehouse-Team-1-1-768x355.jpg 768w, https:\/\/www.icscoolenergy.com\/wp-content\/uploads\/sites\/7\/2024\/04\/Warehouse-Team-1-1-50x23.jpg 50w, https:\/\/www.icscoolenergy.com\/wp-content\/uploads\/sites\/7\/2024\/04\/Warehouse-Team-1-1-1600x740.jpg 1600w, https:\/\/www.icscoolenergy.com\/wp-content\/uploads\/sites\/7\/2024\/04\/Warehouse-Team-1-1-1536x710.jpg 1536w, https:\/\/www.icscoolenergy.com\/wp-content\/uploads\/sites\/7\/2024\/04\/Warehouse-Team-1-1-600x278.jpg 600w\" sizes=\"(max-width: 2028px) 100vw, 2028px\" \/><div class=\"wp-block-cover__inner-container is-layout-flow wp-block-cover-is-layout-flow\">\n<p class=\" has-text-align-center has-large-font-size eplus-wrapper\"><\/p>\n<\/div><\/div>\n\n\n\n<div class=\"rounded-tr-md sm:w-full md:w-[80%] md:h-fit md:top-[80%] relative md:-mt-[10%] z-[1] md:left-0 eplus-wrapper wp-block-group has-background is-layout-constrained wp-block-group-is-layout-constrained\" style=\"background-color:#eaeaef\">\n<h1 class=\"eplus-wrapper pt-8 wp-block-heading has-text-color has-link-color wp-elements-812d4eec088707a23bb2285df4dc36a2\" id=\"h-careers-at-ics-cool-energy\" style=\"color:#312f5f\">KARIERA W ICS COOL ENERGY<\/h1>\n\n\n\n<p class=\" eplus-wrapper\">Jeste\u015bmy liderem na rynku rozwi\u0105za\u0144 do kontroli proces\u00f3w i temperatury krytycznej, kt\u00f3re zapewniaj\u0105 dzia\u0142anie wszystkich rodzaj\u00f3w i rozmiar\u00f3w firm i przemys\u0142u.<\/p>\n\n\n\n<p class=\"has-text-color has-link-color eplus-wrapper wp-elements-e22c245fcf2b7f6d191811eadbed1b24\" style=\"color:#323130\">Nasza siedziba znajduje si\u0119 w Southampton, a biura w ca\u0142ej Wielkiej Brytanii i Europie zatrudniaj\u0105 ponad 250 os\u00f3b.<\/p>\n\n\n\n<p class=\"has-text-color has-link-color eplus-wrapper wp-elements-0fbc6c1080e7ca5caf3deb62038a3eac\" style=\"color:#323130\">Ka\u017cdy obszar naszej dzia\u0142alno\u015bci jest nap\u0119dzany w celu realizacji naszych ambitnych plan\u00f3w rozwoju. Osi\u0105gni\u0119cie wzrostu poprzez pomaganie naszym klientom w oszcz\u0119dzaniu energii i obni\u017caniu koszt\u00f3w pozwoli nam r\u00f3wnie\u017c rozwi\u0105za\u0107 krytyczne kwestie zwi\u0105zane ze zr\u00f3wnowa\u017conym rozwojem. <\/p>\n\n\n\n<p class=\"has-text-color has-link-color eplus-wrapper wp-elements-416a32f54c7bd03e39c8276866200c55\" style=\"color:#323130\">Wierzymy, \u017ce mo\u017cemy zmieni\u0107 \u015bwiat, pomagaj\u0105c w dekarbonizacji bran\u017cy ogrzewania i ch\u0142odzenia. We wsp\u00f3\u0142pracy z nasz\u0105 firm\u0105 macierzyst\u0105, Trane Technologies, d\u0105\u017cymy do zmniejszenia emisji dwutlenku w\u0119gla o miliard ton metrycznych do 2030 roku. <\/p>\n\n\n\n<p class=\"has-text-color has-link-color eplus-wrapper wp-elements-791ac39cc2c41fad58fe3723cf8d13de\" style=\"color:#323130\">To wszystko jest mo\u017cliwe dzi\u0119ki zespo\u0142owi pe\u0142nych pasji i zaanga\u017cowania ludzi.<\/p>\n\n\n\n<p class=\"has-text-color has-link-color eplus-wrapper wp-elements-679b2e797a22afe8638131a6d4ba42ae\" style=\"color:#323130\">Je\u015bli chcesz wywrze\u0107 realny wp\u0142yw, kt\u00f3ry jest nie tylko dobry dla biznesu, ale tak\u017ce dla planety, jeste\u015b we w\u0142a\u015bciwym miejscu.<\/p>\n<\/div>\n<\/div>\n\n\n\n<div style=\"height:100px\" aria-hidden=\"true\" class=\"xs:hidden md:block eplus-wrapper wp-block-spacer\"><\/div>\n<\/div>\n\n<div class=\"flex flex-row flex-wrap md:flex-nowrap sm:justify-center sm:items-center  wp-block-group eplus-wrapper is-layout-constrained wp-block-group-is-layout-constrained\">\n<div class=\"w-full p-2 m-2 wp-block-group eplus-wrapper is-vertical is-layout-flex wp-container-core-group-is-layout-8cf370e7 wp-block-group-is-layout-flex\">\n<h3 class=\" wp-block-heading eplus-wrapper\" id=\"h-current-vacancies\">AKTUALNE OFERTY PRACY<\/h3>\n\n\n\n<div style=\"height:8px\" aria-hidden=\"true\" class=\"wp-block-spacer eplus-wrapper wp-container-content-7d115344\"><\/div>\n\n\n\n<p class=\" eplus-wrapper\">Jeste\u015bmy cz\u0119\u015bci\u0105 Trane Technologies, globalnego innowatora w dziedzinie klimatyzacji, a nasze oferty pracy s\u0105 hostowane na <a href=\"https:\/\/www.tranetechnologies.com\/en\/index\/careers.html\" class=\"ek-link\">stronie kariery Trane Technologies<\/a>. Nale\u017cy pami\u0119ta\u0107, \u017ce zgodnie z polityk\u0105 naszej firmy rekrutujemy bezpo\u015brednio i niestety nie mo\u017cemy przyjmowa\u0107 \u017cadnych aplikacji za po\u015brednictwem agencji. <\/p>\n\n\n\n<div style=\"height:16px\" aria-hidden=\"true\" class=\"wp-block-spacer eplus-wrapper wp-container-content-f9bd05ee\"><\/div>\n\n\n\n<div class=\"wp-block-buttons eplus-wrapper is-layout-flex wp-block-buttons-is-layout-flex\"><div class=\"is-style-fill wp-block-button eplus-wrapper eplus-styles-uid-b4446d\"><a class=\"wp-block-button__link has-background wp-element-button\" href=\"https:\/\/www.tranetechnologies.com\/en\/index\/careers.html\" style=\"background-color:#0698e7\">Szukaj pracy w Trane Technologies<\/a><\/div><\/div>\n<\/div>\n<\/div>\n\n<div style=\"height:120px\" aria-hidden=\"true\" class=\" wp-block-spacer eplus-wrapper\"><\/div>\n\n<div class=\"wp-block-group eplus-wrapper is-layout-flow wp-block-group-is-layout-flow\"><div class=\"items-center md:flex xs:grid wp-block-columns eplus-wrapper is-layout-flex wp-container-core-columns-is-layout-9d6595d7 wp-block-columns-is-layout-flex eplus-styles-uid-572b1d\">\n<div class=\"xs:order-2 md:order-2 xs:w-full md:w-6\/12 xs:mb-12 md:mb-0 wp-block-column eplus-wrapper is-layout-flow wp-block-column-is-layout-flow\">\n<figure class=\" wp-block-image size-full is-resized eplus-wrapper\"><img decoding=\"async\" width=\"500\" height=\"349\" src=\"https:\/\/www.icscoolenergy.com\/pl\/wp-content\/uploads\/sites\/7\/2024\/04\/Our-benefits-1.jpg\" alt=\"\" class=\"wp-image-81228\" style=\"width:720px\" srcset=\"https:\/\/www.icscoolenergy.com\/wp-content\/uploads\/sites\/7\/2024\/04\/Our-benefits-1.jpg 500w, https:\/\/www.icscoolenergy.com\/wp-content\/uploads\/sites\/7\/2024\/04\/Our-benefits-1-300x209.jpg 300w, https:\/\/www.icscoolenergy.com\/wp-content\/uploads\/sites\/7\/2024\/04\/Our-benefits-1-50x35.jpg 50w\" sizes=\"(max-width: 500px) 100vw, 500px\" \/><\/figure>\n<\/div>\n\n\n\n<div class=\"xs:order-1 md:order-1 xs:w-full md:w-6\/12 wp-block-column eplus-wrapper is-layout-flow wp-block-column-is-layout-flow\">\n<h3 class=\" wp-block-heading eplus-wrapper\" id=\"h-our-promise\">NASZA OBIETNICA<\/h3>\n\n\n\n<p class=\" eplus-wrapper\">Zale\u017cy nam na budowaniu niesamowitego miejsca pracy, w kt\u00f3rym ludzie s\u0105 doceniani i nagradzani. Jako minimum mo\u017cesz oczekiwa\u0107; <\/p>\n\n\n<ul class=\"eplus-wrapper wp-block-list eplus-styles-uid-a301cc\">\n<li class=\" eplus-wrapper\">Konkurencyjne wynagrodzenie<\/li>\n\n\n\n<li class=\" eplus-wrapper\">Premia oparta na wynikach firmy<\/li>\n\n\n\n<li class=\" eplus-wrapper\">25 dni p\u0142atnego urlopu rocznie (z wy\u0142\u0105czeniem \u015bwi\u0105t pa\u0144stwowych) plus mo\u017cliwo\u015b\u0107 wykupienia dodatkowych 5 dni<\/li>\n\n\n\n<li class=\" eplus-wrapper\">1 dzie\u0144 wolontariatu rocznie<\/li>\n\n\n\n<li class=\" eplus-wrapper\">Elastyczne warunki pracy<\/li>\n\n\n\n<li class=\" eplus-wrapper\">Prywatne ubezpieczenie medyczne<\/li>\n\n\n\n<li class=\" eplus-wrapper\">Przyjazne dla rodziny zasady dotycz\u0105ce adopcji\/ojcostwa, je\u015bli maj\u0105 zastosowanie w przypadku rodzinnego wydarzenia zwi\u0105zanego ze stylem \u017cycia<\/li>\n\n\n\n<li class=\" eplus-wrapper\">Program &#8222;rowerem do pracy<\/li>\n\n\n\n<li class=\" eplus-wrapper\">Ci\u0105g\u0142e uczenie si\u0119 i samorozw\u00f3j<\/li>\n<\/ul><\/div>\n<\/div><\/div>\n\n<div style=\"height:60px\" aria-hidden=\"true\" class=\" wp-block-spacer eplus-wrapper\"><\/div>\n\n<div class=\"mb-20 wp-block-group eplus-wrapper is-layout-flow wp-block-group-is-layout-flow\"><div class=\"is-not-stacked-on-mobile has-background xs:p-8 sm:p-12 rounded-2xl items-center lg:flex xs:grid wp-block-columns eplus-wrapper is-layout-flex wp-container-core-columns-is-layout-9d6595d7 wp-block-columns-is-layout-flex eplus-styles-uid-162e62\" style=\"background-color:#222143\">\n<div class=\"xs:order-1 lg:order-2 xs:w-full lg:w-6\/12 wp-block-column eplus-wrapper is-layout-flow wp-block-column-is-layout-flow\">\n<h3 class=\"wp-block-heading has-white-color has-text-color has-link-color eplus-wrapper wp-elements-e3c5dce82c4bb175ce7450a0e4aefef9\" id=\"h-we-can-t-wait-to-meet-you\">NIE MO\u017bEMY SI\u0118 DOCZEKA\u0106 SPOTKANIA<\/h3>\n\n\n\n<p class=\"has-white-color has-text-color has-link-color eplus-wrapper wp-elements-d0c9b48dd3c81ab4098389654aff31a1\">Dowiedz si\u0119 wi\u0119cej o tym, co robimy w r\u00f3\u017cnych dzia\u0142ach i zespo\u0142ach ICS Cool Energy.<\/p>\n\n\n\n<div class=\"wp-block-buttons eplus-wrapper is-layout-flex wp-block-buttons-is-layout-flex\"><div class=\"is-style-fill wp-block-button eplus-wrapper eplus-styles-uid-1af7aa\"><a class=\"wp-block-button__link has-background wp-element-button\" href=\"\/?page_id=84347\" style=\"background-color:#0698e7\">Nasze zespo\u0142y<\/a><\/div><\/div>\n<\/div>\n\n\n\n<div class=\"xs:order-1 lg:order-2 xs:w-full lg:w-6\/12 wp-block-column eplus-wrapper is-layout-flow wp-block-column-is-layout-flow\">\n<figure class=\" wp-block-image size-full eplus-wrapper\"><img decoding=\"async\" width=\"919\" height=\"590\" src=\"https:\/\/www.icscoolenergy.com\/pl\/wp-content\/uploads\/sites\/7\/2024\/04\/careers-cta-banner.jpg\" alt=\"\" class=\"wp-image-81234\" srcset=\"https:\/\/www.icscoolenergy.com\/wp-content\/uploads\/sites\/7\/2024\/04\/careers-cta-banner.jpg 919w, https:\/\/www.icscoolenergy.com\/wp-content\/uploads\/sites\/7\/2024\/04\/careers-cta-banner-300x193.jpg 300w, https:\/\/www.icscoolenergy.com\/wp-content\/uploads\/sites\/7\/2024\/04\/careers-cta-banner-768x493.jpg 768w, https:\/\/www.icscoolenergy.com\/wp-content\/uploads\/sites\/7\/2024\/04\/careers-cta-banner-50x32.jpg 50w, https:\/\/www.icscoolenergy.com\/wp-content\/uploads\/sites\/7\/2024\/04\/careers-cta-banner-600x385.jpg 600w\" sizes=\"(max-width: 919px) 100vw, 919px\" \/><\/figure>\n<\/div>\n<\/div><\/div>\n\n<div style=\"height:60px\" aria-hidden=\"true\" class=\" wp-block-spacer eplus-wrapper\"><\/div>\n","protected":false},"excerpt":{"rendered":"<p>KARIERA W ICS COOL ENERGY Jeste\u015bmy liderem na rynku rozwi\u0105za\u0144 do kontroli proces\u00f3w i temperatury krytycznej, kt\u00f3re zapewniaj\u0105 dzia\u0142anie wszystkich rodzaj\u00f3w i rozmiar\u00f3w firm i przemys\u0142u. Nasza siedziba znajduje si\u0119 w Southampton, a biura w ca\u0142ej Wielkiej Brytanii i Europie zatrudniaj\u0105 ponad 250 os\u00f3b. Ka\u017cdy obszar naszej dzia\u0142alno\u015bci jest nap\u0119dzany w celu realizacji naszych ambitnych &#8230; <a title=\"Kariera\" class=\"read-more\" href=\"https:\/\/www.icscoolenergy.com\/pl\/o-nas\/kariera\/\" aria-label=\"More on Kariera\">Read more<\/a><\/p>\n","protected":false},"author":1,"featured_media":0,"parent":85924,"menu_order":0,"comment_status":"closed","ping_status":"closed","template":"template-1.php","meta":{"_acf_changed":false,"inline_featured_image":false,"_editorskit_title_hidden":false,"_editorskit_reading_time":0,"_editorskit_is_block_options_detached":false,"_editorskit_block_options_position":"{}","editor_plus_copied_stylings":"{}","footnotes":""},"class_list":["post-86175","page","type-page","status-publish"],"acf":[],"yoast_head":"<!-- This site is optimized with the Yoast SEO Premium plugin v24.5 (Yoast SEO v26.9) - https:\/\/yoast.com\/product\/yoast-seo-premium-wordpress\/ -->\n<title>Kariera | Poland<\/title>\n<meta name=\"robots\" content=\"index, follow, max-snippet:-1, max-image-preview:large, max-video-preview:-1\" \/>\n<link rel=\"canonical\" href=\"https:\/\/www.icscoolenergy.com\/pl\/o-nas\/kariera\/\" \/>\n<meta property=\"og:locale\" content=\"pl_PL\" \/>\n<meta property=\"og:type\" content=\"article\" \/>\n<meta property=\"og:title\" content=\"Kariera\" \/>\n<meta property=\"og:description\" content=\"KARIERA W ICS COOL ENERGY Jeste\u015bmy liderem na rynku rozwi\u0105za\u0144 do kontroli proces\u00f3w i temperatury krytycznej, kt\u00f3re zapewniaj\u0105 dzia\u0142anie wszystkich rodzaj\u00f3w i rozmiar\u00f3w firm i przemys\u0142u. Nasza siedziba znajduje si\u0119 w Southampton, a biura w ca\u0142ej Wielkiej Brytanii i Europie zatrudniaj\u0105 ponad 250 os\u00f3b. Ka\u017cdy obszar naszej dzia\u0142alno\u015bci jest nap\u0119dzany w celu realizacji naszych ambitnych ... Read more\" \/>\n<meta property=\"og:url\" content=\"https:\/\/www.icscoolenergy.com\/pl\/o-nas\/kariera\/\" \/>\n<meta property=\"og:site_name\" content=\"Poland\" \/>\n<meta property=\"article:modified_time\" content=\"2024-11-19T12:02:33+00:00\" \/>\n<meta property=\"og:image\" content=\"https:\/\/www.icscoolenergy.com\/pl\/wp-content\/\/uploads\/2024\/04\/Warehouse-Team-1-1.jpg\" \/>\n<meta name=\"twitter:card\" content=\"summary_large_image\" \/>\n<meta name=\"twitter:label1\" content=\"Est. reading time\" \/>\n\t<meta name=\"twitter:data1\" content=\"2 minuty\" \/>\n<script type=\"application\/ld+json\" class=\"yoast-schema-graph\">{\"@context\":\"https:\/\/schema.org\",\"@graph\":[{\"@type\":\"WebPage\",\"@id\":\"https:\/\/www.icscoolenergy.com\/pl\/o-nas\/kariera\/\",\"url\":\"https:\/\/www.icscoolenergy.com\/pl\/o-nas\/kariera\/\",\"name\":\"Kariera | Poland\",\"isPartOf\":{\"@id\":\"https:\/\/www.icscoolenergy.com\/pl\/#website\"},\"primaryImageOfPage\":{\"@id\":\"https:\/\/www.icscoolenergy.com\/pl\/o-nas\/kariera\/#primaryimage\"},\"image\":{\"@id\":\"https:\/\/www.icscoolenergy.com\/pl\/o-nas\/kariera\/#primaryimage\"},\"thumbnailUrl\":\"https:\/\/www.icscoolenergy.com\/pl\/wp-content\/\/uploads\/2024\/04\/Warehouse-Team-1-1.jpg\",\"datePublished\":\"2024-04-12T15:00:05+00:00\",\"dateModified\":\"2024-11-19T12:02:33+00:00\",\"breadcrumb\":{\"@id\":\"https:\/\/www.icscoolenergy.com\/pl\/o-nas\/kariera\/#breadcrumb\"},\"inLanguage\":\"pl-PL\",\"potentialAction\":[{\"@type\":\"ReadAction\",\"target\":[\"https:\/\/www.icscoolenergy.com\/pl\/o-nas\/kariera\/\"]}]},{\"@type\":\"ImageObject\",\"inLanguage\":\"pl-PL\",\"@id\":\"https:\/\/www.icscoolenergy.com\/pl\/o-nas\/kariera\/#primaryimage\",\"url\":\"https:\/\/www.icscoolenergy.com\/wp-content\/uploads\/sites\/7\/2024\/04\/Warehouse-Team-1-1.jpg\",\"contentUrl\":\"https:\/\/www.icscoolenergy.com\/wp-content\/uploads\/sites\/7\/2024\/04\/Warehouse-Team-1-1.jpg\",\"width\":2028,\"height\":938},{\"@type\":\"BreadcrumbList\",\"@id\":\"https:\/\/www.icscoolenergy.com\/pl\/o-nas\/kariera\/#breadcrumb\",\"itemListElement\":[{\"@type\":\"ListItem\",\"position\":1,\"name\":\"Home\",\"item\":\"https:\/\/www.icscoolenergy.com\/pl\/\"},{\"@type\":\"ListItem\",\"position\":2,\"name\":\"O nas\",\"item\":\"https:\/\/www.icscoolenergy.com\/pl\/o-nas\/\"},{\"@type\":\"ListItem\",\"position\":3,\"name\":\"Kariera\"}]},{\"@type\":\"WebSite\",\"@id\":\"https:\/\/www.icscoolenergy.com\/pl\/#website\",\"url\":\"https:\/\/www.icscoolenergy.com\/pl\/\",\"name\":\"ICS Cool Energy\",\"description\":\"The Process Temperature Control Specialists\",\"publisher\":{\"@id\":\"https:\/\/www.icscoolenergy.com\/pl\/#organization\"},\"alternateName\":\"ICS\",\"potentialAction\":[{\"@type\":\"SearchAction\",\"target\":{\"@type\":\"EntryPoint\",\"urlTemplate\":\"https:\/\/www.icscoolenergy.com\/pl\/?s={search_term_string}\"},\"query-input\":{\"@type\":\"PropertyValueSpecification\",\"valueRequired\":true,\"valueName\":\"search_term_string\"}}],\"inLanguage\":\"pl-PL\"},{\"@type\":\"Organization\",\"@id\":\"https:\/\/www.icscoolenergy.com\/pl\/#organization\",\"name\":\"ICS Cool Energy\",\"url\":\"https:\/\/www.icscoolenergy.com\/pl\/\",\"logo\":{\"@type\":\"ImageObject\",\"inLanguage\":\"pl-PL\",\"@id\":\"https:\/\/www.icscoolenergy.com\/pl\/#\/schema\/logo\/image\/\",\"url\":\"https:\/\/www.icscoolenergy.com\/wp-content\/uploads\/sites\/7\/2024\/01\/ics-cool-energy-logo.svg\",\"contentUrl\":\"https:\/\/www.icscoolenergy.com\/wp-content\/uploads\/sites\/7\/2024\/01\/ics-cool-energy-logo.svg\",\"caption\":\"ICS Cool Energy\"},\"image\":{\"@id\":\"https:\/\/www.icscoolenergy.com\/pl\/#\/schema\/logo\/image\/\"},\"sameAs\":[\"https:\/\/www.linkedin.com\/company\/ics-temperature-control\/\",\"https:\/\/www.youtube.com\/@ICSCoolEnergyLtd\"],\"description\":\"ICS Cool Energy is a market leader for process and critical temperature control solutions that keep all types and sizes of businesses and industry running. Our headquarters are situated in Southampton, with offices throughout the UK and Europe, employing over 250 people in the UK alone.\",\"email\":\"info@icscoolenergy.com\",\"telephone\":\"0800 840 4210\",\"legalName\":\"ICS Cool Energy Limited\",\"numberOfEmployees\":{\"@type\":\"QuantitativeValue\",\"minValue\":\"201\",\"maxValue\":\"500\"}}]}<\/script>\n<!-- \/ Yoast SEO Premium plugin. -->","yoast_head_json":{"title":"Kariera | Poland","robots":{"index":"index","follow":"follow","max-snippet":"max-snippet:-1","max-image-preview":"max-image-preview:large","max-video-preview":"max-video-preview:-1"},"canonical":"https:\/\/www.icscoolenergy.com\/pl\/o-nas\/kariera\/","og_locale":"pl_PL","og_type":"article","og_title":"Kariera","og_description":"KARIERA W ICS COOL ENERGY Jeste\u015bmy liderem na rynku rozwi\u0105za\u0144 do kontroli proces\u00f3w i temperatury krytycznej, kt\u00f3re zapewniaj\u0105 dzia\u0142anie wszystkich rodzaj\u00f3w i rozmiar\u00f3w firm i przemys\u0142u. Nasza siedziba znajduje si\u0119 w Southampton, a biura w ca\u0142ej Wielkiej Brytanii i Europie zatrudniaj\u0105 ponad 250 os\u00f3b. Ka\u017cdy obszar naszej dzia\u0142alno\u015bci jest nap\u0119dzany w celu realizacji naszych ambitnych ... Read more","og_url":"https:\/\/www.icscoolenergy.com\/pl\/o-nas\/kariera\/","og_site_name":"Poland","article_modified_time":"2024-11-19T12:02:33+00:00","og_image":[{"url":"https:\/\/www.icscoolenergy.com\/pl\/wp-content\/\/uploads\/2024\/04\/Warehouse-Team-1-1.jpg","type":"","width":"","height":""}],"twitter_card":"summary_large_image","twitter_misc":{"Est. reading time":"2 minuty"},"schema":{"@context":"https:\/\/schema.org","@graph":[{"@type":"WebPage","@id":"https:\/\/www.icscoolenergy.com\/pl\/o-nas\/kariera\/","url":"https:\/\/www.icscoolenergy.com\/pl\/o-nas\/kariera\/","name":"Kariera | Poland","isPartOf":{"@id":"https:\/\/www.icscoolenergy.com\/pl\/#website"},"primaryImageOfPage":{"@id":"https:\/\/www.icscoolenergy.com\/pl\/o-nas\/kariera\/#primaryimage"},"image":{"@id":"https:\/\/www.icscoolenergy.com\/pl\/o-nas\/kariera\/#primaryimage"},"thumbnailUrl":"https:\/\/www.icscoolenergy.com\/pl\/wp-content\/\/uploads\/2024\/04\/Warehouse-Team-1-1.jpg","datePublished":"2024-04-12T15:00:05+00:00","dateModified":"2024-11-19T12:02:33+00:00","breadcrumb":{"@id":"https:\/\/www.icscoolenergy.com\/pl\/o-nas\/kariera\/#breadcrumb"},"inLanguage":"pl-PL","potentialAction":[{"@type":"ReadAction","target":["https:\/\/www.icscoolenergy.com\/pl\/o-nas\/kariera\/"]}]},{"@type":"ImageObject","inLanguage":"pl-PL","@id":"https:\/\/www.icscoolenergy.com\/pl\/o-nas\/kariera\/#primaryimage","url":"https:\/\/www.icscoolenergy.com\/wp-content\/uploads\/sites\/7\/2024\/04\/Warehouse-Team-1-1.jpg","contentUrl":"https:\/\/www.icscoolenergy.com\/wp-content\/uploads\/sites\/7\/2024\/04\/Warehouse-Team-1-1.jpg","width":2028,"height":938},{"@type":"BreadcrumbList","@id":"https:\/\/www.icscoolenergy.com\/pl\/o-nas\/kariera\/#breadcrumb","itemListElement":[{"@type":"ListItem","position":1,"name":"Home","item":"https:\/\/www.icscoolenergy.com\/pl\/"},{"@type":"ListItem","position":2,"name":"O nas","item":"https:\/\/www.icscoolenergy.com\/pl\/o-nas\/"},{"@type":"ListItem","position":3,"name":"Kariera"}]},{"@type":"WebSite","@id":"https:\/\/www.icscoolenergy.com\/pl\/#website","url":"https:\/\/www.icscoolenergy.com\/pl\/","name":"ICS Cool Energy","description":"The Process Temperature Control Specialists","publisher":{"@id":"https:\/\/www.icscoolenergy.com\/pl\/#organization"},"alternateName":"ICS","potentialAction":[{"@type":"SearchAction","target":{"@type":"EntryPoint","urlTemplate":"https:\/\/www.icscoolenergy.com\/pl\/?s={search_term_string}"},"query-input":{"@type":"PropertyValueSpecification","valueRequired":true,"valueName":"search_term_string"}}],"inLanguage":"pl-PL"},{"@type":"Organization","@id":"https:\/\/www.icscoolenergy.com\/pl\/#organization","name":"ICS Cool Energy","url":"https:\/\/www.icscoolenergy.com\/pl\/","logo":{"@type":"ImageObject","inLanguage":"pl-PL","@id":"https:\/\/www.icscoolenergy.com\/pl\/#\/schema\/logo\/image\/","url":"https:\/\/www.icscoolenergy.com\/wp-content\/uploads\/sites\/7\/2024\/01\/ics-cool-energy-logo.svg","contentUrl":"https:\/\/www.icscoolenergy.com\/wp-content\/uploads\/sites\/7\/2024\/01\/ics-cool-energy-logo.svg","caption":"ICS Cool Energy"},"image":{"@id":"https:\/\/www.icscoolenergy.com\/pl\/#\/schema\/logo\/image\/"},"sameAs":["https:\/\/www.linkedin.com\/company\/ics-temperature-control\/","https:\/\/www.youtube.com\/@ICSCoolEnergyLtd"],"description":"ICS Cool Energy is a market leader for process and critical temperature control solutions that keep all types and sizes of businesses and industry running. Our headquarters are situated in Southampton, with offices throughout the UK and Europe, employing over 250 people in the UK alone.","email":"info@icscoolenergy.com","telephone":"0800 840 4210","legalName":"ICS Cool Energy Limited","numberOfEmployees":{"@type":"QuantitativeValue","minValue":"201","maxValue":"500"}}]}},"_links":{"self":[{"href":"https:\/\/www.icscoolenergy.com\/pl\/wp-json\/wp\/v2\/pages\/86175","targetHints":{"allow":["GET"]}}],"collection":[{"href":"https:\/\/www.icscoolenergy.com\/pl\/wp-json\/wp\/v2\/pages"}],"about":[{"href":"https:\/\/www.icscoolenergy.com\/pl\/wp-json\/wp\/v2\/types\/page"}],"author":[{"embeddable":true,"href":"https:\/\/www.icscoolenergy.com\/pl\/wp-json\/wp\/v2\/users\/1"}],"replies":[{"embeddable":true,"href":"https:\/\/www.icscoolenergy.com\/pl\/wp-json\/wp\/v2\/comments?post=86175"}],"version-history":[{"count":0,"href":"https:\/\/www.icscoolenergy.com\/pl\/wp-json\/wp\/v2\/pages\/86175\/revisions"}],"up":[{"embeddable":true,"href":"https:\/\/www.icscoolenergy.com\/pl\/wp-json\/wp\/v2\/pages\/85924"}],"wp:attachment":[{"href":"https:\/\/www.icscoolenergy.com\/pl\/wp-json\/wp\/v2\/media?parent=86175"}],"curies":[{"name":"wp","href":"https:\/\/api.w.org\/{rel}","templated":true}]}}