 
{"id":86603,"date":"2024-04-22T08:10:44","date_gmt":"2024-04-22T08:10:44","guid":{"rendered":"https:\/\/www.icscoolenergy.com\/pl\/uncategorized\/chlodnia-40\/"},"modified":"2024-11-21T18:01:58","modified_gmt":"2024-11-21T18:01:58","slug":"chlodnia-40","status":"publish","type":"product","link":"https:\/\/www.icscoolenergy.com\/pl\/product\/chlodnia-40\/","title":{"rendered":"Ch\u0142odnia 40"},"content":{"rendered":"<p>Nasz 40-stopowy kontener ch\u0142odniczy zosta\u0142 zaprojektowany i zbudowany z my\u015bl\u0105 o u\u017cytkowniku. Zapewnia sta\u0142\u0105 niezawodno\u015b\u0107, optymaln\u0105 wydajno\u015b\u0107 i niskie koszty eksploatacji. Kontener Cold Store 40 zosta\u0142 zaprojektowany tak, aby oferowa\u0107 rozwi\u0105zania ch\u0142odnicze o szeroko\u015bci 2 palet z urz\u0105dzeniami do monta\u017cu w jednej p\u0142aszczy\u017anie, aby zapobiec utracie pojemno\u015bci wewn\u0119trznej. Ch\u0142odnia zapewnia ekonomiczne i wydajne ch\u0142odzenie oraz bezawaryjn\u0105 prac\u0119. Zapewnia idealn\u0105 temperatur\u0119 do przechowywania produkt\u00f3w, z dodatkowym trybem ekologicznym minimalizuj\u0105cym zu\u017cycie energii i funkcjami autodiagnostyki zapewniaj\u0105cymi dodatkowy spok\u00f3j ducha. Urz\u0105dzenia s\u0105 dost\u0119pne z magazynu z dostaw\u0105 na terenie ca\u0142ego kraju. <\/p>\n","protected":false},"excerpt":{"rendered":"<p>Nasz 40-stopowy kontener ch\u0142odniczy zosta\u0142 zaprojektowany i zbudowany z my\u015bl\u0105 o u\u017cytkowniku. Zapewnia sta\u0142\u0105 niezawodno\u015b\u0107, optymaln\u0105 wydajno\u015b\u0107 i niskie koszty eksploatacji. Kontener Cold Store 40 zosta\u0142 zaprojektowany tak, aby oferowa\u0107 rozwi\u0105zania ch\u0142odnicze o szeroko\u015bci 2 palet z urz\u0105dzeniami do monta\u017cu w jednej p\u0142aszczy\u017anie, aby zapobiec utracie pojemno\u015bci wewn\u0119trznej. Ch\u0142odnia zapewnia ekonomiczne i wydajne ch\u0142odzenie oraz &#8230; <a title=\"Ch\u0142odnia 40\" class=\"read-more\" href=\"https:\/\/www.icscoolenergy.com\/pl\/product\/chlodnia-40\/\" aria-label=\"More on Ch\u0142odnia 40\">Read more<\/a><\/p>\n","protected":false},"featured_media":86604,"comment_status":"closed","ping_status":"closed","template":"","meta":{"_acf_changed":false,"inline_featured_image":false,"_editorskit_title_hidden":false,"_editorskit_reading_time":0,"_editorskit_is_block_options_detached":false,"_editorskit_block_options_position":"{}","editor_plus_copied_stylings":"{}"},"product_brand":[],"product_cat":[2076,2068,2072,2074],"product_tag":[],"class_list":{"0":"post-86603","1":"product","2":"type-product","3":"status-publish","4":"has-post-thumbnail","6":"product_cat-chlodnie-skladowe-w-londynie","7":"product_cat-opcje-przechowywania-w-chlodni","8":"product_cat-wynajem-chlodni","9":"product_cat-wynajem-kontenerow-chlodniczych","11":"first","12":"instock","13":"shipping-taxable","14":"product-type-simple"},"acf":[],"yoast_head":"<!-- This site is optimized with the Yoast SEO Premium plugin v24.5 (Yoast SEO v26.9) - https:\/\/yoast.com\/product\/yoast-seo-premium-wordpress\/ -->\n<title>Ch\u0142odnia 40 | Poland<\/title>\n<meta name=\"robots\" content=\"index, follow, max-snippet:-1, max-image-preview:large, max-video-preview:-1\" \/>\n<link rel=\"canonical\" href=\"https:\/\/www.icscoolenergy.com\/pl\/product\/chlodnia-40\/\" \/>\n<meta property=\"og:locale\" content=\"pl_PL\" \/>\n<meta property=\"og:type\" content=\"article\" \/>\n<meta property=\"og:title\" content=\"Ch\u0142odnia 40\" \/>\n<meta property=\"og:description\" content=\"Nasz 40-stopowy kontener ch\u0142odniczy zosta\u0142 zaprojektowany i zbudowany z my\u015bl\u0105 o u\u017cytkowniku. Zapewnia sta\u0142\u0105 niezawodno\u015b\u0107, optymaln\u0105 wydajno\u015b\u0107 i niskie koszty eksploatacji. Kontener Cold Store 40 zosta\u0142 zaprojektowany tak, aby oferowa\u0107 rozwi\u0105zania ch\u0142odnicze o szeroko\u015bci 2 palet z urz\u0105dzeniami do monta\u017cu w jednej p\u0142aszczy\u017anie, aby zapobiec utracie pojemno\u015bci wewn\u0119trznej. Ch\u0142odnia zapewnia ekonomiczne i wydajne ch\u0142odzenie oraz ... Read more\" \/>\n<meta property=\"og:url\" content=\"https:\/\/www.icscoolenergy.com\/pl\/product\/chlodnia-40\/\" \/>\n<meta property=\"og:site_name\" content=\"Poland\" \/>\n<meta property=\"article:modified_time\" content=\"2024-11-21T18:01:58+00:00\" \/>\n<meta property=\"og:image\" content=\"https:\/\/www.icscoolenergy.com\/wp-content\/uploads\/sites\/7\/2024\/04\/Cold-Store-40.png\" \/>\n\t<meta property=\"og:image:width\" content=\"560\" \/>\n\t<meta property=\"og:image:height\" content=\"420\" \/>\n\t<meta property=\"og:image:type\" content=\"image\/png\" \/>\n<meta name=\"twitter:card\" content=\"summary_large_image\" \/>\n<meta name=\"twitter:label1\" content=\"Est. reading time\" \/>\n\t<meta name=\"twitter:data1\" content=\"1 minuta\" \/>\n<script type=\"application\/ld+json\" class=\"yoast-schema-graph\">{\"@context\":\"https:\/\/schema.org\",\"@graph\":[{\"@type\":[\"WebPage\",\"ItemPage\"],\"@id\":\"https:\/\/www.icscoolenergy.com\/pl\/product\/chlodnia-40\/\",\"url\":\"https:\/\/www.icscoolenergy.com\/pl\/product\/chlodnia-40\/\",\"name\":\"Ch\u0142odnia 40 | Poland\",\"isPartOf\":{\"@id\":\"https:\/\/www.icscoolenergy.com\/pl\/#website\"},\"primaryImageOfPage\":{\"@id\":\"https:\/\/www.icscoolenergy.com\/pl\/product\/chlodnia-40\/#primaryimage\"},\"image\":{\"@id\":\"https:\/\/www.icscoolenergy.com\/pl\/product\/chlodnia-40\/#primaryimage\"},\"thumbnailUrl\":\"https:\/\/www.icscoolenergy.com\/wp-content\/uploads\/sites\/7\/2024\/04\/Cold-Store-40.png\",\"datePublished\":\"2024-04-22T08:10:44+00:00\",\"dateModified\":\"2024-11-21T18:01:58+00:00\",\"breadcrumb\":{\"@id\":\"https:\/\/www.icscoolenergy.com\/pl\/product\/chlodnia-40\/#breadcrumb\"},\"inLanguage\":\"pl-PL\",\"potentialAction\":[{\"@type\":\"ReadAction\",\"target\":[\"https:\/\/www.icscoolenergy.com\/pl\/product\/chlodnia-40\/\"]}]},{\"@type\":\"ImageObject\",\"inLanguage\":\"pl-PL\",\"@id\":\"https:\/\/www.icscoolenergy.com\/pl\/product\/chlodnia-40\/#primaryimage\",\"url\":\"https:\/\/www.icscoolenergy.com\/wp-content\/uploads\/sites\/7\/2024\/04\/Cold-Store-40.png\",\"contentUrl\":\"https:\/\/www.icscoolenergy.com\/wp-content\/uploads\/sites\/7\/2024\/04\/Cold-Store-40.png\",\"width\":560,\"height\":420},{\"@type\":\"BreadcrumbList\",\"@id\":\"https:\/\/www.icscoolenergy.com\/pl\/product\/chlodnia-40\/#breadcrumb\",\"itemListElement\":[{\"@type\":\"ListItem\",\"position\":1,\"name\":\"Home\",\"item\":\"https:\/\/www.icscoolenergy.com\/pl\/\"},{\"@type\":\"ListItem\",\"position\":2,\"name\":\"Sklep\",\"item\":\"https:\/\/www.icscoolenergy.com\/pl\/sklep\/\"},{\"@type\":\"ListItem\",\"position\":3,\"name\":\"Ch\u0142odnia 40\"}]},{\"@type\":\"WebSite\",\"@id\":\"https:\/\/www.icscoolenergy.com\/pl\/#website\",\"url\":\"https:\/\/www.icscoolenergy.com\/pl\/\",\"name\":\"ICS Cool Energy\",\"description\":\"The Process Temperature Control Specialists\",\"publisher\":{\"@id\":\"https:\/\/www.icscoolenergy.com\/pl\/#organization\"},\"alternateName\":\"ICS\",\"potentialAction\":[{\"@type\":\"SearchAction\",\"target\":{\"@type\":\"EntryPoint\",\"urlTemplate\":\"https:\/\/www.icscoolenergy.com\/pl\/?s={search_term_string}\"},\"query-input\":{\"@type\":\"PropertyValueSpecification\",\"valueRequired\":true,\"valueName\":\"search_term_string\"}}],\"inLanguage\":\"pl-PL\"},{\"@type\":\"Organization\",\"@id\":\"https:\/\/www.icscoolenergy.com\/pl\/#organization\",\"name\":\"ICS Cool Energy\",\"url\":\"https:\/\/www.icscoolenergy.com\/pl\/\",\"logo\":{\"@type\":\"ImageObject\",\"inLanguage\":\"pl-PL\",\"@id\":\"https:\/\/www.icscoolenergy.com\/pl\/#\/schema\/logo\/image\/\",\"url\":\"https:\/\/www.icscoolenergy.com\/wp-content\/uploads\/sites\/7\/2024\/01\/ics-cool-energy-logo.svg\",\"contentUrl\":\"https:\/\/www.icscoolenergy.com\/wp-content\/uploads\/sites\/7\/2024\/01\/ics-cool-energy-logo.svg\",\"caption\":\"ICS Cool Energy\"},\"image\":{\"@id\":\"https:\/\/www.icscoolenergy.com\/pl\/#\/schema\/logo\/image\/\"},\"sameAs\":[\"https:\/\/www.linkedin.com\/company\/ics-temperature-control\/\",\"https:\/\/www.youtube.com\/@ICSCoolEnergyLtd\"],\"description\":\"ICS Cool Energy is a market leader for process and critical temperature control solutions that keep all types and sizes of businesses and industry running. Our headquarters are situated in Southampton, with offices throughout the UK and Europe, employing over 250 people in the UK alone.\",\"email\":\"info@icscoolenergy.com\",\"telephone\":\"0800 840 4210\",\"legalName\":\"ICS Cool Energy Limited\",\"numberOfEmployees\":{\"@type\":\"QuantitativeValue\",\"minValue\":\"201\",\"maxValue\":\"500\"}}]}<\/script>\n<!-- \/ Yoast SEO Premium plugin. -->","yoast_head_json":{"title":"Ch\u0142odnia 40 | Poland","robots":{"index":"index","follow":"follow","max-snippet":"max-snippet:-1","max-image-preview":"max-image-preview:large","max-video-preview":"max-video-preview:-1"},"canonical":"https:\/\/www.icscoolenergy.com\/pl\/product\/chlodnia-40\/","og_locale":"pl_PL","og_type":"article","og_title":"Ch\u0142odnia 40","og_description":"Nasz 40-stopowy kontener ch\u0142odniczy zosta\u0142 zaprojektowany i zbudowany z my\u015bl\u0105 o u\u017cytkowniku. Zapewnia sta\u0142\u0105 niezawodno\u015b\u0107, optymaln\u0105 wydajno\u015b\u0107 i niskie koszty eksploatacji. Kontener Cold Store 40 zosta\u0142 zaprojektowany tak, aby oferowa\u0107 rozwi\u0105zania ch\u0142odnicze o szeroko\u015bci 2 palet z urz\u0105dzeniami do monta\u017cu w jednej p\u0142aszczy\u017anie, aby zapobiec utracie pojemno\u015bci wewn\u0119trznej. Ch\u0142odnia zapewnia ekonomiczne i wydajne ch\u0142odzenie oraz ... Read more","og_url":"https:\/\/www.icscoolenergy.com\/pl\/product\/chlodnia-40\/","og_site_name":"Poland","article_modified_time":"2024-11-21T18:01:58+00:00","og_image":[{"width":560,"height":420,"url":"https:\/\/www.icscoolenergy.com\/wp-content\/uploads\/sites\/7\/2024\/04\/Cold-Store-40.png","type":"image\/png"}],"twitter_card":"summary_large_image","twitter_misc":{"Est. reading time":"1 minuta"},"schema":{"@context":"https:\/\/schema.org","@graph":[{"@type":["WebPage","ItemPage"],"@id":"https:\/\/www.icscoolenergy.com\/pl\/product\/chlodnia-40\/","url":"https:\/\/www.icscoolenergy.com\/pl\/product\/chlodnia-40\/","name":"Ch\u0142odnia 40 | Poland","isPartOf":{"@id":"https:\/\/www.icscoolenergy.com\/pl\/#website"},"primaryImageOfPage":{"@id":"https:\/\/www.icscoolenergy.com\/pl\/product\/chlodnia-40\/#primaryimage"},"image":{"@id":"https:\/\/www.icscoolenergy.com\/pl\/product\/chlodnia-40\/#primaryimage"},"thumbnailUrl":"https:\/\/www.icscoolenergy.com\/wp-content\/uploads\/sites\/7\/2024\/04\/Cold-Store-40.png","datePublished":"2024-04-22T08:10:44+00:00","dateModified":"2024-11-21T18:01:58+00:00","breadcrumb":{"@id":"https:\/\/www.icscoolenergy.com\/pl\/product\/chlodnia-40\/#breadcrumb"},"inLanguage":"pl-PL","potentialAction":[{"@type":"ReadAction","target":["https:\/\/www.icscoolenergy.com\/pl\/product\/chlodnia-40\/"]}]},{"@type":"ImageObject","inLanguage":"pl-PL","@id":"https:\/\/www.icscoolenergy.com\/pl\/product\/chlodnia-40\/#primaryimage","url":"https:\/\/www.icscoolenergy.com\/wp-content\/uploads\/sites\/7\/2024\/04\/Cold-Store-40.png","contentUrl":"https:\/\/www.icscoolenergy.com\/wp-content\/uploads\/sites\/7\/2024\/04\/Cold-Store-40.png","width":560,"height":420},{"@type":"BreadcrumbList","@id":"https:\/\/www.icscoolenergy.com\/pl\/product\/chlodnia-40\/#breadcrumb","itemListElement":[{"@type":"ListItem","position":1,"name":"Home","item":"https:\/\/www.icscoolenergy.com\/pl\/"},{"@type":"ListItem","position":2,"name":"Sklep","item":"https:\/\/www.icscoolenergy.com\/pl\/sklep\/"},{"@type":"ListItem","position":3,"name":"Ch\u0142odnia 40"}]},{"@type":"WebSite","@id":"https:\/\/www.icscoolenergy.com\/pl\/#website","url":"https:\/\/www.icscoolenergy.com\/pl\/","name":"ICS Cool Energy","description":"The Process Temperature Control Specialists","publisher":{"@id":"https:\/\/www.icscoolenergy.com\/pl\/#organization"},"alternateName":"ICS","potentialAction":[{"@type":"SearchAction","target":{"@type":"EntryPoint","urlTemplate":"https:\/\/www.icscoolenergy.com\/pl\/?s={search_term_string}"},"query-input":{"@type":"PropertyValueSpecification","valueRequired":true,"valueName":"search_term_string"}}],"inLanguage":"pl-PL"},{"@type":"Organization","@id":"https:\/\/www.icscoolenergy.com\/pl\/#organization","name":"ICS Cool Energy","url":"https:\/\/www.icscoolenergy.com\/pl\/","logo":{"@type":"ImageObject","inLanguage":"pl-PL","@id":"https:\/\/www.icscoolenergy.com\/pl\/#\/schema\/logo\/image\/","url":"https:\/\/www.icscoolenergy.com\/wp-content\/uploads\/sites\/7\/2024\/01\/ics-cool-energy-logo.svg","contentUrl":"https:\/\/www.icscoolenergy.com\/wp-content\/uploads\/sites\/7\/2024\/01\/ics-cool-energy-logo.svg","caption":"ICS Cool Energy"},"image":{"@id":"https:\/\/www.icscoolenergy.com\/pl\/#\/schema\/logo\/image\/"},"sameAs":["https:\/\/www.linkedin.com\/company\/ics-temperature-control\/","https:\/\/www.youtube.com\/@ICSCoolEnergyLtd"],"description":"ICS Cool Energy is a market leader for process and critical temperature control solutions that keep all types and sizes of businesses and industry running. Our headquarters are situated in Southampton, with offices throughout the UK and Europe, employing over 250 people in the UK alone.","email":"info@icscoolenergy.com","telephone":"0800 840 4210","legalName":"ICS Cool Energy Limited","numberOfEmployees":{"@type":"QuantitativeValue","minValue":"201","maxValue":"500"}}]}},"_links":{"self":[{"href":"https:\/\/www.icscoolenergy.com\/pl\/wp-json\/wp\/v2\/product\/86603","targetHints":{"allow":["GET"]}}],"collection":[{"href":"https:\/\/www.icscoolenergy.com\/pl\/wp-json\/wp\/v2\/product"}],"about":[{"href":"https:\/\/www.icscoolenergy.com\/pl\/wp-json\/wp\/v2\/types\/product"}],"replies":[{"embeddable":true,"href":"https:\/\/www.icscoolenergy.com\/pl\/wp-json\/wp\/v2\/comments?post=86603"}],"wp:featuredmedia":[{"embeddable":true,"href":"https:\/\/www.icscoolenergy.com\/pl\/wp-json\/wp\/v2\/media\/86604"}],"wp:attachment":[{"href":"https:\/\/www.icscoolenergy.com\/pl\/wp-json\/wp\/v2\/media?parent=86603"}],"wp:term":[{"taxonomy":"product_brand","embeddable":true,"href":"https:\/\/www.icscoolenergy.com\/pl\/wp-json\/wp\/v2\/product_brand?post=86603"},{"taxonomy":"product_cat","embeddable":true,"href":"https:\/\/www.icscoolenergy.com\/pl\/wp-json\/wp\/v2\/product_cat?post=86603"},{"taxonomy":"product_tag","embeddable":true,"href":"https:\/\/www.icscoolenergy.com\/pl\/wp-json\/wp\/v2\/product_tag?post=86603"}],"curies":[{"name":"wp","href":"https:\/\/api.w.org\/{rel}","templated":true}]}}