 
{"id":86696,"date":"2024-04-22T08:22:42","date_gmt":"2024-04-22T08:22:42","guid":{"rendered":"https:\/\/www.icscoolenergy.com\/pl\/uncategorized\/kociol-elektryczny-24\/"},"modified":"2024-11-22T10:17:43","modified_gmt":"2024-11-22T10:17:43","slug":"kociol-elektryczny-24","status":"publish","type":"product","link":"https:\/\/www.icscoolenergy.com\/pl\/product\/kociol-elektryczny-24\/","title":{"rendered":"Kocio\u0142 elektryczny 24"},"content":{"rendered":"<p>Ten <a href=\"\/boiler\/boiler-hire\/electric\/\">kocio\u0142 elektryczny<\/a> o mocy 24 kW zosta\u0142 specjalnie zaprojektowany i odpowiednio dostosowuje si\u0119 do wymaga\u0144. Kocio\u0142 elektryczny 24 \u0142\u0105czy si\u0119 bezpo\u015brednio z istniej\u0105cym ju\u017c systemem grzewczym w obiekcie, co minimalizuje czas konfiguracji, przywracaj\u0105c ciep\u0142o przy ograniczonych zak\u0142\u00f3ceniach. Systemy te s\u0105 wykorzystywane w wielu zastosowaniach, od dom\u00f3w opieki po biura. Dodatkow\u0105 zalet\u0105 jest programowalna funkcja suszenia sto\u0142u i s\u0105 dostarczane na sta\u0142ych ko\u0142ach o \u015brednicy 200 mm, co zwi\u0119ksza mobilno\u015b\u0107 i umo\u017cliwia dyskretne pozycjonowanie.<\/p>\n","protected":false},"excerpt":{"rendered":"<p>Ten kocio\u0142 elektryczny o mocy 24 kW zosta\u0142 specjalnie zaprojektowany i odpowiednio dostosowuje si\u0119 do wymaga\u0144. Kocio\u0142 elektryczny 24 \u0142\u0105czy si\u0119 bezpo\u015brednio z istniej\u0105cym ju\u017c systemem grzewczym w obiekcie, co minimalizuje czas konfiguracji, przywracaj\u0105c ciep\u0142o przy ograniczonych zak\u0142\u00f3ceniach. Systemy te s\u0105 wykorzystywane w wielu zastosowaniach, od dom\u00f3w opieki po biura. Dodatkow\u0105 zalet\u0105 jest programowalna funkcja &#8230; <a title=\"Kocio\u0142 elektryczny 24\" class=\"read-more\" href=\"https:\/\/www.icscoolenergy.com\/pl\/product\/kociol-elektryczny-24\/\" aria-label=\"More on Kocio\u0142 elektryczny 24\">Read more<\/a><\/p>\n","protected":false},"featured_media":86699,"comment_status":"closed","ping_status":"closed","template":"","meta":{"_acf_changed":false,"inline_featured_image":false,"_editorskit_title_hidden":false,"_editorskit_reading_time":0,"_editorskit_is_block_options_detached":false,"_editorskit_block_options_position":"{}","editor_plus_copied_stylings":"{}"},"product_brand":[],"product_cat":[2075,2067,2069,2078,2077,2101,2071,2079,2100],"product_tag":[2080,2081],"class_list":{"0":"post-86696","1":"product","2":"type-product","3":"status-publish","4":"has-post-thumbnail","6":"product_cat-awaryjny-wynajem-kotlow","7":"product_cat-dostepne-opcje-bojlera","8":"product_cat-tymczasowy-wynajem-bojlera","9":"product_cat-wynajem-kotlow-dla-szkol","10":"product_cat-wynajem-kotlow-dla-szpitali","11":"product_cat-wynajem-kotlow-do-ogrzewania-podlogowego","12":"product_cat-wynajem-kotlow-komercyjnych","13":"product_cat-wynajem-kotlow-londyn","14":"product_cat-wynajem-przenosnych-bojlerow-elektrycznych","15":"product_tag-bojler","16":"product_tag-wynajem-kotlow","18":"first","19":"instock","20":"shipping-taxable","21":"product-type-simple"},"acf":[],"yoast_head":"<!-- This site is optimized with the Yoast SEO Premium plugin v24.5 (Yoast SEO v26.9) - https:\/\/yoast.com\/product\/yoast-seo-premium-wordpress\/ -->\n<title>Kocio\u0142 elektryczny 24 | Poland<\/title>\n<meta name=\"robots\" content=\"index, follow, max-snippet:-1, max-image-preview:large, max-video-preview:-1\" \/>\n<link rel=\"canonical\" href=\"https:\/\/www.icscoolenergy.com\/pl\/product\/kociol-elektryczny-24\/\" \/>\n<meta property=\"og:locale\" content=\"pl_PL\" \/>\n<meta property=\"og:type\" content=\"article\" \/>\n<meta property=\"og:title\" content=\"Kocio\u0142 elektryczny 24\" \/>\n<meta property=\"og:description\" content=\"Ten kocio\u0142 elektryczny o mocy 24 kW zosta\u0142 specjalnie zaprojektowany i odpowiednio dostosowuje si\u0119 do wymaga\u0144. Kocio\u0142 elektryczny 24 \u0142\u0105czy si\u0119 bezpo\u015brednio z istniej\u0105cym ju\u017c systemem grzewczym w obiekcie, co minimalizuje czas konfiguracji, przywracaj\u0105c ciep\u0142o przy ograniczonych zak\u0142\u00f3ceniach. Systemy te s\u0105 wykorzystywane w wielu zastosowaniach, od dom\u00f3w opieki po biura. Dodatkow\u0105 zalet\u0105 jest programowalna funkcja ... Read more\" \/>\n<meta property=\"og:url\" content=\"https:\/\/www.icscoolenergy.com\/pl\/product\/kociol-elektryczny-24\/\" \/>\n<meta property=\"og:site_name\" content=\"Poland\" \/>\n<meta property=\"article:modified_time\" content=\"2024-11-22T10:17:43+00:00\" \/>\n<meta property=\"og:image\" content=\"https:\/\/www.icscoolenergy.com\/wp-content\/uploads\/sites\/7\/2024\/04\/Electric-Boiler-24.png\" \/>\n\t<meta property=\"og:image:width\" content=\"560\" \/>\n\t<meta property=\"og:image:height\" content=\"420\" \/>\n\t<meta property=\"og:image:type\" content=\"image\/png\" \/>\n<meta name=\"twitter:card\" content=\"summary_large_image\" \/>\n<meta name=\"twitter:label1\" content=\"Est. reading time\" \/>\n\t<meta name=\"twitter:data1\" content=\"1 minuta\" \/>\n<script type=\"application\/ld+json\" class=\"yoast-schema-graph\">{\"@context\":\"https:\/\/schema.org\",\"@graph\":[{\"@type\":[\"WebPage\",\"ItemPage\"],\"@id\":\"https:\/\/www.icscoolenergy.com\/pl\/product\/kociol-elektryczny-24\/\",\"url\":\"https:\/\/www.icscoolenergy.com\/pl\/product\/kociol-elektryczny-24\/\",\"name\":\"Kocio\u0142 elektryczny 24 | Poland\",\"isPartOf\":{\"@id\":\"https:\/\/www.icscoolenergy.com\/pl\/#website\"},\"primaryImageOfPage\":{\"@id\":\"https:\/\/www.icscoolenergy.com\/pl\/product\/kociol-elektryczny-24\/#primaryimage\"},\"image\":{\"@id\":\"https:\/\/www.icscoolenergy.com\/pl\/product\/kociol-elektryczny-24\/#primaryimage\"},\"thumbnailUrl\":\"https:\/\/www.icscoolenergy.com\/wp-content\/uploads\/sites\/7\/2024\/04\/Electric-Boiler-24.png\",\"datePublished\":\"2024-04-22T08:22:42+00:00\",\"dateModified\":\"2024-11-22T10:17:43+00:00\",\"breadcrumb\":{\"@id\":\"https:\/\/www.icscoolenergy.com\/pl\/product\/kociol-elektryczny-24\/#breadcrumb\"},\"inLanguage\":\"pl-PL\",\"potentialAction\":[{\"@type\":\"ReadAction\",\"target\":[\"https:\/\/www.icscoolenergy.com\/pl\/product\/kociol-elektryczny-24\/\"]}]},{\"@type\":\"ImageObject\",\"inLanguage\":\"pl-PL\",\"@id\":\"https:\/\/www.icscoolenergy.com\/pl\/product\/kociol-elektryczny-24\/#primaryimage\",\"url\":\"https:\/\/www.icscoolenergy.com\/wp-content\/uploads\/sites\/7\/2024\/04\/Electric-Boiler-24.png\",\"contentUrl\":\"https:\/\/www.icscoolenergy.com\/wp-content\/uploads\/sites\/7\/2024\/04\/Electric-Boiler-24.png\",\"width\":560,\"height\":420},{\"@type\":\"BreadcrumbList\",\"@id\":\"https:\/\/www.icscoolenergy.com\/pl\/product\/kociol-elektryczny-24\/#breadcrumb\",\"itemListElement\":[{\"@type\":\"ListItem\",\"position\":1,\"name\":\"Home\",\"item\":\"https:\/\/www.icscoolenergy.com\/pl\/\"},{\"@type\":\"ListItem\",\"position\":2,\"name\":\"Sklep\",\"item\":\"https:\/\/www.icscoolenergy.com\/pl\/sklep\/\"},{\"@type\":\"ListItem\",\"position\":3,\"name\":\"Kocio\u0142 elektryczny 24\"}]},{\"@type\":\"WebSite\",\"@id\":\"https:\/\/www.icscoolenergy.com\/pl\/#website\",\"url\":\"https:\/\/www.icscoolenergy.com\/pl\/\",\"name\":\"ICS Cool Energy\",\"description\":\"The Process Temperature Control Specialists\",\"publisher\":{\"@id\":\"https:\/\/www.icscoolenergy.com\/pl\/#organization\"},\"alternateName\":\"ICS\",\"potentialAction\":[{\"@type\":\"SearchAction\",\"target\":{\"@type\":\"EntryPoint\",\"urlTemplate\":\"https:\/\/www.icscoolenergy.com\/pl\/?s={search_term_string}\"},\"query-input\":{\"@type\":\"PropertyValueSpecification\",\"valueRequired\":true,\"valueName\":\"search_term_string\"}}],\"inLanguage\":\"pl-PL\"},{\"@type\":\"Organization\",\"@id\":\"https:\/\/www.icscoolenergy.com\/pl\/#organization\",\"name\":\"ICS Cool Energy\",\"url\":\"https:\/\/www.icscoolenergy.com\/pl\/\",\"logo\":{\"@type\":\"ImageObject\",\"inLanguage\":\"pl-PL\",\"@id\":\"https:\/\/www.icscoolenergy.com\/pl\/#\/schema\/logo\/image\/\",\"url\":\"https:\/\/www.icscoolenergy.com\/wp-content\/uploads\/sites\/7\/2024\/01\/ics-cool-energy-logo.svg\",\"contentUrl\":\"https:\/\/www.icscoolenergy.com\/wp-content\/uploads\/sites\/7\/2024\/01\/ics-cool-energy-logo.svg\",\"caption\":\"ICS Cool Energy\"},\"image\":{\"@id\":\"https:\/\/www.icscoolenergy.com\/pl\/#\/schema\/logo\/image\/\"},\"sameAs\":[\"https:\/\/www.linkedin.com\/company\/ics-temperature-control\/\",\"https:\/\/www.youtube.com\/@ICSCoolEnergyLtd\"],\"description\":\"ICS Cool Energy is a market leader for process and critical temperature control solutions that keep all types and sizes of businesses and industry running. Our headquarters are situated in Southampton, with offices throughout the UK and Europe, employing over 250 people in the UK alone.\",\"email\":\"info@icscoolenergy.com\",\"telephone\":\"0800 840 4210\",\"legalName\":\"ICS Cool Energy Limited\",\"numberOfEmployees\":{\"@type\":\"QuantitativeValue\",\"minValue\":\"201\",\"maxValue\":\"500\"}}]}<\/script>\n<!-- \/ Yoast SEO Premium plugin. -->","yoast_head_json":{"title":"Kocio\u0142 elektryczny 24 | Poland","robots":{"index":"index","follow":"follow","max-snippet":"max-snippet:-1","max-image-preview":"max-image-preview:large","max-video-preview":"max-video-preview:-1"},"canonical":"https:\/\/www.icscoolenergy.com\/pl\/product\/kociol-elektryczny-24\/","og_locale":"pl_PL","og_type":"article","og_title":"Kocio\u0142 elektryczny 24","og_description":"Ten kocio\u0142 elektryczny o mocy 24 kW zosta\u0142 specjalnie zaprojektowany i odpowiednio dostosowuje si\u0119 do wymaga\u0144. Kocio\u0142 elektryczny 24 \u0142\u0105czy si\u0119 bezpo\u015brednio z istniej\u0105cym ju\u017c systemem grzewczym w obiekcie, co minimalizuje czas konfiguracji, przywracaj\u0105c ciep\u0142o przy ograniczonych zak\u0142\u00f3ceniach. Systemy te s\u0105 wykorzystywane w wielu zastosowaniach, od dom\u00f3w opieki po biura. Dodatkow\u0105 zalet\u0105 jest programowalna funkcja ... Read more","og_url":"https:\/\/www.icscoolenergy.com\/pl\/product\/kociol-elektryczny-24\/","og_site_name":"Poland","article_modified_time":"2024-11-22T10:17:43+00:00","og_image":[{"width":560,"height":420,"url":"https:\/\/www.icscoolenergy.com\/wp-content\/uploads\/sites\/7\/2024\/04\/Electric-Boiler-24.png","type":"image\/png"}],"twitter_card":"summary_large_image","twitter_misc":{"Est. reading time":"1 minuta"},"schema":{"@context":"https:\/\/schema.org","@graph":[{"@type":["WebPage","ItemPage"],"@id":"https:\/\/www.icscoolenergy.com\/pl\/product\/kociol-elektryczny-24\/","url":"https:\/\/www.icscoolenergy.com\/pl\/product\/kociol-elektryczny-24\/","name":"Kocio\u0142 elektryczny 24 | Poland","isPartOf":{"@id":"https:\/\/www.icscoolenergy.com\/pl\/#website"},"primaryImageOfPage":{"@id":"https:\/\/www.icscoolenergy.com\/pl\/product\/kociol-elektryczny-24\/#primaryimage"},"image":{"@id":"https:\/\/www.icscoolenergy.com\/pl\/product\/kociol-elektryczny-24\/#primaryimage"},"thumbnailUrl":"https:\/\/www.icscoolenergy.com\/wp-content\/uploads\/sites\/7\/2024\/04\/Electric-Boiler-24.png","datePublished":"2024-04-22T08:22:42+00:00","dateModified":"2024-11-22T10:17:43+00:00","breadcrumb":{"@id":"https:\/\/www.icscoolenergy.com\/pl\/product\/kociol-elektryczny-24\/#breadcrumb"},"inLanguage":"pl-PL","potentialAction":[{"@type":"ReadAction","target":["https:\/\/www.icscoolenergy.com\/pl\/product\/kociol-elektryczny-24\/"]}]},{"@type":"ImageObject","inLanguage":"pl-PL","@id":"https:\/\/www.icscoolenergy.com\/pl\/product\/kociol-elektryczny-24\/#primaryimage","url":"https:\/\/www.icscoolenergy.com\/wp-content\/uploads\/sites\/7\/2024\/04\/Electric-Boiler-24.png","contentUrl":"https:\/\/www.icscoolenergy.com\/wp-content\/uploads\/sites\/7\/2024\/04\/Electric-Boiler-24.png","width":560,"height":420},{"@type":"BreadcrumbList","@id":"https:\/\/www.icscoolenergy.com\/pl\/product\/kociol-elektryczny-24\/#breadcrumb","itemListElement":[{"@type":"ListItem","position":1,"name":"Home","item":"https:\/\/www.icscoolenergy.com\/pl\/"},{"@type":"ListItem","position":2,"name":"Sklep","item":"https:\/\/www.icscoolenergy.com\/pl\/sklep\/"},{"@type":"ListItem","position":3,"name":"Kocio\u0142 elektryczny 24"}]},{"@type":"WebSite","@id":"https:\/\/www.icscoolenergy.com\/pl\/#website","url":"https:\/\/www.icscoolenergy.com\/pl\/","name":"ICS Cool Energy","description":"The Process Temperature Control Specialists","publisher":{"@id":"https:\/\/www.icscoolenergy.com\/pl\/#organization"},"alternateName":"ICS","potentialAction":[{"@type":"SearchAction","target":{"@type":"EntryPoint","urlTemplate":"https:\/\/www.icscoolenergy.com\/pl\/?s={search_term_string}"},"query-input":{"@type":"PropertyValueSpecification","valueRequired":true,"valueName":"search_term_string"}}],"inLanguage":"pl-PL"},{"@type":"Organization","@id":"https:\/\/www.icscoolenergy.com\/pl\/#organization","name":"ICS Cool Energy","url":"https:\/\/www.icscoolenergy.com\/pl\/","logo":{"@type":"ImageObject","inLanguage":"pl-PL","@id":"https:\/\/www.icscoolenergy.com\/pl\/#\/schema\/logo\/image\/","url":"https:\/\/www.icscoolenergy.com\/wp-content\/uploads\/sites\/7\/2024\/01\/ics-cool-energy-logo.svg","contentUrl":"https:\/\/www.icscoolenergy.com\/wp-content\/uploads\/sites\/7\/2024\/01\/ics-cool-energy-logo.svg","caption":"ICS Cool Energy"},"image":{"@id":"https:\/\/www.icscoolenergy.com\/pl\/#\/schema\/logo\/image\/"},"sameAs":["https:\/\/www.linkedin.com\/company\/ics-temperature-control\/","https:\/\/www.youtube.com\/@ICSCoolEnergyLtd"],"description":"ICS Cool Energy is a market leader for process and critical temperature control solutions that keep all types and sizes of businesses and industry running. Our headquarters are situated in Southampton, with offices throughout the UK and Europe, employing over 250 people in the UK alone.","email":"info@icscoolenergy.com","telephone":"0800 840 4210","legalName":"ICS Cool Energy Limited","numberOfEmployees":{"@type":"QuantitativeValue","minValue":"201","maxValue":"500"}}]}},"_links":{"self":[{"href":"https:\/\/www.icscoolenergy.com\/pl\/wp-json\/wp\/v2\/product\/86696","targetHints":{"allow":["GET"]}}],"collection":[{"href":"https:\/\/www.icscoolenergy.com\/pl\/wp-json\/wp\/v2\/product"}],"about":[{"href":"https:\/\/www.icscoolenergy.com\/pl\/wp-json\/wp\/v2\/types\/product"}],"replies":[{"embeddable":true,"href":"https:\/\/www.icscoolenergy.com\/pl\/wp-json\/wp\/v2\/comments?post=86696"}],"wp:featuredmedia":[{"embeddable":true,"href":"https:\/\/www.icscoolenergy.com\/pl\/wp-json\/wp\/v2\/media\/86699"}],"wp:attachment":[{"href":"https:\/\/www.icscoolenergy.com\/pl\/wp-json\/wp\/v2\/media?parent=86696"}],"wp:term":[{"taxonomy":"product_brand","embeddable":true,"href":"https:\/\/www.icscoolenergy.com\/pl\/wp-json\/wp\/v2\/product_brand?post=86696"},{"taxonomy":"product_cat","embeddable":true,"href":"https:\/\/www.icscoolenergy.com\/pl\/wp-json\/wp\/v2\/product_cat?post=86696"},{"taxonomy":"product_tag","embeddable":true,"href":"https:\/\/www.icscoolenergy.com\/pl\/wp-json\/wp\/v2\/product_tag?post=86696"}],"curies":[{"name":"wp","href":"https:\/\/api.w.org\/{rel}","templated":true}]}}