 
{"id":86287,"date":"2024-01-08T17:28:58","date_gmt":"2024-01-08T17:28:58","guid":{"rendered":"https:\/\/www.icscoolenergy.com\/tr\/tum-urunler\/"},"modified":"2024-11-26T11:29:04","modified_gmt":"2024-11-26T11:29:04","slug":"tum-urunler","status":"publish","type":"page","link":"https:\/\/www.icscoolenergy.com\/tr\/tum-urunler\/","title":{"rendered":"T\u00fcm \u00fcr\u00fcnler"},"content":{"rendered":"\n<div style=\"height:60px\" aria-hidden=\"true\" class=\" wp-block-spacer eplus-wrapper\"><\/div>\n\n<h1 class=\" wp-block-heading eplus-wrapper\" id=\"h-all-products\">T\u00dcM \u00dcR\u00dcNLER<\/h1>\n\n<p class=\" eplus-wrapper\">En yeni y\u00fcksek performansl\u0131, enerji tasarruflu teknolojiyi sunan t\u00fcm so\u011futma ve \u0131s\u0131tma \u00fcr\u00fcnlerimizi ke\u015ffedin. \u0130ster kiralay\u0131n ister sat\u0131n al\u0131n, \u015firket i\u00e7i tasar\u0131m ve proje y\u00f6netimi ekibimiz, proses so\u011futma, \u0131s\u0131tma veya s\u0131cakl\u0131k kontrol ekipman\u0131n\u0131z\u0131n saha ayak izinize, operasyonunuza ve \u00fcretim gereksinimlerinize g\u00f6re uyarlanmas\u0131n\u0131 sa\u011flamak i\u00e7in sizinle yak\u0131n bir \u015fekilde \u00e7al\u0131\u015facakt\u0131r. <\/p>\n\n<div style=\"height:30px\" aria-hidden=\"true\" class=\" wp-block-spacer eplus-wrapper\"><\/div>\n\n<script defer>\ndocument.addEventListener('DOMContentLoaded', function() {\n    var tabTitles = document.querySelectorAll('.tab-title');\n    var tabContents = document.querySelectorAll('.tab-content');\n\n    function clearActiveStates() {\n        tabTitles.forEach(function(title) {\n            title.classList.remove('active');\n        });\n        tabContents.forEach(function(content) {\n            content.classList.remove('active');\n        });\n    }\n\n    tabTitles.forEach(function(title) {\n        title.addEventListener('click', function() {\n            var tabIndex = this.getAttribute('data-tab-index');\n            clearActiveStates();\n            this.classList.add('active');\n            document.querySelector('.tab-content[data-tab-index=\"' + tabIndex + '\"]').classList\n                .add('active');\n        });\n    });\n\n    \/\/ Set the first tab and content as active by default\n    if (tabTitles.length > 0 && tabContents.length > 0) {\n        tabTitles[0].classList.add('active');\n        tabContents[0].classList.add('active');\n    }\n});\n<\/script>\n\n<div style=\"height:90px\" aria-hidden=\"true\" class=\" wp-block-spacer eplus-wrapper\"><\/div>\n","protected":false},"excerpt":{"rendered":"<p>T\u00dcM \u00dcR\u00dcNLER En yeni y\u00fcksek performansl\u0131, enerji tasarruflu teknolojiyi sunan t\u00fcm so\u011futma ve \u0131s\u0131tma \u00fcr\u00fcnlerimizi ke\u015ffedin. \u0130ster kiralay\u0131n ister sat\u0131n al\u0131n, \u015firket i\u00e7i tasar\u0131m ve proje y\u00f6netimi ekibimiz, proses so\u011futma, \u0131s\u0131tma veya s\u0131cakl\u0131k kontrol ekipman\u0131n\u0131z\u0131n saha ayak izinize, operasyonunuza ve \u00fcretim gereksinimlerinize g\u00f6re uyarlanmas\u0131n\u0131 sa\u011flamak i\u00e7in sizinle yak\u0131n bir \u015fekilde \u00e7al\u0131\u015facakt\u0131r.<\/p>\n","protected":false},"author":1,"featured_media":0,"parent":0,"menu_order":0,"comment_status":"closed","ping_status":"closed","template":"template-1.php","meta":{"_acf_changed":false,"inline_featured_image":false,"_editorskit_title_hidden":false,"_editorskit_reading_time":0,"_editorskit_is_block_options_detached":false,"_editorskit_block_options_position":"{}","editor_plus_copied_stylings":"{}","footnotes":""},"class_list":["post-86287","page","type-page","status-publish"],"acf":[],"yoast_head":"<!-- This site is optimized with the Yoast SEO Premium plugin v24.5 (Yoast SEO v26.9) - https:\/\/yoast.com\/product\/yoast-seo-premium-wordpress\/ -->\n<title>T\u00fcm \u00fcr\u00fcnler | Turkey<\/title>\n<meta name=\"robots\" content=\"index, follow, max-snippet:-1, max-image-preview:large, max-video-preview:-1\" \/>\n<link rel=\"canonical\" href=\"https:\/\/www.icscoolenergy.com\/tr\/tum-urunler\/\" \/>\n<meta property=\"og:locale\" content=\"tr_TR\" \/>\n<meta property=\"og:type\" content=\"article\" \/>\n<meta property=\"og:title\" content=\"T\u00fcm \u00fcr\u00fcnler\" \/>\n<meta property=\"og:description\" content=\"T\u00dcM \u00dcR\u00dcNLER En yeni y\u00fcksek performansl\u0131, enerji tasarruflu teknolojiyi sunan t\u00fcm so\u011futma ve \u0131s\u0131tma \u00fcr\u00fcnlerimizi ke\u015ffedin. \u0130ster kiralay\u0131n ister sat\u0131n al\u0131n, \u015firket i\u00e7i tasar\u0131m ve proje y\u00f6netimi ekibimiz, proses so\u011futma, \u0131s\u0131tma veya s\u0131cakl\u0131k kontrol ekipman\u0131n\u0131z\u0131n saha ayak izinize, operasyonunuza ve \u00fcretim gereksinimlerinize g\u00f6re uyarlanmas\u0131n\u0131 sa\u011flamak i\u00e7in sizinle yak\u0131n bir \u015fekilde \u00e7al\u0131\u015facakt\u0131r.\" \/>\n<meta property=\"og:url\" content=\"https:\/\/www.icscoolenergy.com\/tr\/tum-urunler\/\" \/>\n<meta property=\"og:site_name\" content=\"Turkey\" \/>\n<meta property=\"article:modified_time\" content=\"2024-11-26T11:29:04+00:00\" \/>\n<meta property=\"og:image\" content=\"https:\/\/www.icscoolenergy.com\/wp-content\/uploads\/sites\/9\/2024\/05\/Yoast-Hero-Image.jpg\" \/>\n\t<meta property=\"og:image:width\" content=\"1200\" \/>\n\t<meta property=\"og:image:height\" content=\"675\" \/>\n\t<meta property=\"og:image:type\" content=\"image\/jpeg\" \/>\n<meta name=\"twitter:card\" content=\"summary_large_image\" \/>\n<script type=\"application\/ld+json\" class=\"yoast-schema-graph\">{\"@context\":\"https:\/\/schema.org\",\"@graph\":[{\"@type\":\"WebPage\",\"@id\":\"https:\/\/www.icscoolenergy.com\/tr\/tum-urunler\/\",\"url\":\"https:\/\/www.icscoolenergy.com\/tr\/tum-urunler\/\",\"name\":\"T\u00fcm \u00fcr\u00fcnler | Turkey\",\"isPartOf\":{\"@id\":\"https:\/\/www.icscoolenergy.com\/tr\/#website\"},\"datePublished\":\"2024-01-08T17:28:58+00:00\",\"dateModified\":\"2024-11-26T11:29:04+00:00\",\"breadcrumb\":{\"@id\":\"https:\/\/www.icscoolenergy.com\/tr\/tum-urunler\/#breadcrumb\"},\"inLanguage\":\"tr\",\"potentialAction\":[{\"@type\":\"ReadAction\",\"target\":[\"https:\/\/www.icscoolenergy.com\/tr\/tum-urunler\/\"]}]},{\"@type\":\"BreadcrumbList\",\"@id\":\"https:\/\/www.icscoolenergy.com\/tr\/tum-urunler\/#breadcrumb\",\"itemListElement\":[{\"@type\":\"ListItem\",\"position\":1,\"name\":\"Home\",\"item\":\"https:\/\/www.icscoolenergy.com\/tr\/ana-sayfa\/\"},{\"@type\":\"ListItem\",\"position\":2,\"name\":\"T\u00fcm \u00fcr\u00fcnler\"}]},{\"@type\":\"WebSite\",\"@id\":\"https:\/\/www.icscoolenergy.com\/tr\/#website\",\"url\":\"https:\/\/www.icscoolenergy.com\/tr\/\",\"name\":\"ICS Cool Energy\",\"description\":\"The Process Temperature Control Specialists\",\"publisher\":{\"@id\":\"https:\/\/www.icscoolenergy.com\/tr\/#organization\"},\"alternateName\":\"ICS\",\"potentialAction\":[{\"@type\":\"SearchAction\",\"target\":{\"@type\":\"EntryPoint\",\"urlTemplate\":\"https:\/\/www.icscoolenergy.com\/tr\/?s={search_term_string}\"},\"query-input\":{\"@type\":\"PropertyValueSpecification\",\"valueRequired\":true,\"valueName\":\"search_term_string\"}}],\"inLanguage\":\"tr\"},{\"@type\":\"Organization\",\"@id\":\"https:\/\/www.icscoolenergy.com\/tr\/#organization\",\"name\":\"ICS Cool Energy\",\"url\":\"https:\/\/www.icscoolenergy.com\/tr\/\",\"logo\":{\"@type\":\"ImageObject\",\"inLanguage\":\"tr\",\"@id\":\"https:\/\/www.icscoolenergy.com\/tr\/#\/schema\/logo\/image\/\",\"url\":\"https:\/\/www.icscoolenergy.com\/wp-content\/uploads\/sites\/9\/2024\/01\/ics-cool-energy-logo.svg\",\"contentUrl\":\"https:\/\/www.icscoolenergy.com\/wp-content\/uploads\/sites\/9\/2024\/01\/ics-cool-energy-logo.svg\",\"caption\":\"ICS Cool Energy\"},\"image\":{\"@id\":\"https:\/\/www.icscoolenergy.com\/tr\/#\/schema\/logo\/image\/\"},\"sameAs\":[\"https:\/\/www.linkedin.com\/company\/ics-temperature-control\/\",\"https:\/\/www.youtube.com\/@ICSCoolEnergyLtd\"],\"description\":\"ICS Cool Energy is a market leader for process and critical temperature control solutions that keep all types and sizes of businesses and industry running. Our headquarters are situated in Southampton, with offices throughout the UK and Europe, employing over 250 people in the UK alone.\",\"email\":\"info@icscoolenergy.com\",\"telephone\":\"0800 840 4210\",\"legalName\":\"ICS Cool Energy Limited\",\"numberOfEmployees\":{\"@type\":\"QuantitativeValue\",\"minValue\":\"201\",\"maxValue\":\"500\"}}]}<\/script>\n<!-- \/ Yoast SEO Premium plugin. -->","yoast_head_json":{"title":"T\u00fcm \u00fcr\u00fcnler | Turkey","robots":{"index":"index","follow":"follow","max-snippet":"max-snippet:-1","max-image-preview":"max-image-preview:large","max-video-preview":"max-video-preview:-1"},"canonical":"https:\/\/www.icscoolenergy.com\/tr\/tum-urunler\/","og_locale":"tr_TR","og_type":"article","og_title":"T\u00fcm \u00fcr\u00fcnler","og_description":"T\u00dcM \u00dcR\u00dcNLER En yeni y\u00fcksek performansl\u0131, enerji tasarruflu teknolojiyi sunan t\u00fcm so\u011futma ve \u0131s\u0131tma \u00fcr\u00fcnlerimizi ke\u015ffedin. \u0130ster kiralay\u0131n ister sat\u0131n al\u0131n, \u015firket i\u00e7i tasar\u0131m ve proje y\u00f6netimi ekibimiz, proses so\u011futma, \u0131s\u0131tma veya s\u0131cakl\u0131k kontrol ekipman\u0131n\u0131z\u0131n saha ayak izinize, operasyonunuza ve \u00fcretim gereksinimlerinize g\u00f6re uyarlanmas\u0131n\u0131 sa\u011flamak i\u00e7in sizinle yak\u0131n bir \u015fekilde \u00e7al\u0131\u015facakt\u0131r.","og_url":"https:\/\/www.icscoolenergy.com\/tr\/tum-urunler\/","og_site_name":"Turkey","article_modified_time":"2024-11-26T11:29:04+00:00","og_image":[{"width":1200,"height":675,"url":"https:\/\/www.icscoolenergy.com\/wp-content\/uploads\/sites\/9\/2024\/05\/Yoast-Hero-Image.jpg","type":"image\/jpeg"}],"twitter_card":"summary_large_image","schema":{"@context":"https:\/\/schema.org","@graph":[{"@type":"WebPage","@id":"https:\/\/www.icscoolenergy.com\/tr\/tum-urunler\/","url":"https:\/\/www.icscoolenergy.com\/tr\/tum-urunler\/","name":"T\u00fcm \u00fcr\u00fcnler | Turkey","isPartOf":{"@id":"https:\/\/www.icscoolenergy.com\/tr\/#website"},"datePublished":"2024-01-08T17:28:58+00:00","dateModified":"2024-11-26T11:29:04+00:00","breadcrumb":{"@id":"https:\/\/www.icscoolenergy.com\/tr\/tum-urunler\/#breadcrumb"},"inLanguage":"tr","potentialAction":[{"@type":"ReadAction","target":["https:\/\/www.icscoolenergy.com\/tr\/tum-urunler\/"]}]},{"@type":"BreadcrumbList","@id":"https:\/\/www.icscoolenergy.com\/tr\/tum-urunler\/#breadcrumb","itemListElement":[{"@type":"ListItem","position":1,"name":"Home","item":"https:\/\/www.icscoolenergy.com\/tr\/ana-sayfa\/"},{"@type":"ListItem","position":2,"name":"T\u00fcm \u00fcr\u00fcnler"}]},{"@type":"WebSite","@id":"https:\/\/www.icscoolenergy.com\/tr\/#website","url":"https:\/\/www.icscoolenergy.com\/tr\/","name":"ICS Cool Energy","description":"The Process Temperature Control Specialists","publisher":{"@id":"https:\/\/www.icscoolenergy.com\/tr\/#organization"},"alternateName":"ICS","potentialAction":[{"@type":"SearchAction","target":{"@type":"EntryPoint","urlTemplate":"https:\/\/www.icscoolenergy.com\/tr\/?s={search_term_string}"},"query-input":{"@type":"PropertyValueSpecification","valueRequired":true,"valueName":"search_term_string"}}],"inLanguage":"tr"},{"@type":"Organization","@id":"https:\/\/www.icscoolenergy.com\/tr\/#organization","name":"ICS Cool Energy","url":"https:\/\/www.icscoolenergy.com\/tr\/","logo":{"@type":"ImageObject","inLanguage":"tr","@id":"https:\/\/www.icscoolenergy.com\/tr\/#\/schema\/logo\/image\/","url":"https:\/\/www.icscoolenergy.com\/wp-content\/uploads\/sites\/9\/2024\/01\/ics-cool-energy-logo.svg","contentUrl":"https:\/\/www.icscoolenergy.com\/wp-content\/uploads\/sites\/9\/2024\/01\/ics-cool-energy-logo.svg","caption":"ICS Cool Energy"},"image":{"@id":"https:\/\/www.icscoolenergy.com\/tr\/#\/schema\/logo\/image\/"},"sameAs":["https:\/\/www.linkedin.com\/company\/ics-temperature-control\/","https:\/\/www.youtube.com\/@ICSCoolEnergyLtd"],"description":"ICS Cool Energy is a market leader for process and critical temperature control solutions that keep all types and sizes of businesses and industry running. Our headquarters are situated in Southampton, with offices throughout the UK and Europe, employing over 250 people in the UK alone.","email":"info@icscoolenergy.com","telephone":"0800 840 4210","legalName":"ICS Cool Energy Limited","numberOfEmployees":{"@type":"QuantitativeValue","minValue":"201","maxValue":"500"}}]}},"_links":{"self":[{"href":"https:\/\/www.icscoolenergy.com\/tr\/wp-json\/wp\/v2\/pages\/86287","targetHints":{"allow":["GET"]}}],"collection":[{"href":"https:\/\/www.icscoolenergy.com\/tr\/wp-json\/wp\/v2\/pages"}],"about":[{"href":"https:\/\/www.icscoolenergy.com\/tr\/wp-json\/wp\/v2\/types\/page"}],"author":[{"embeddable":true,"href":"https:\/\/www.icscoolenergy.com\/tr\/wp-json\/wp\/v2\/users\/1"}],"replies":[{"embeddable":true,"href":"https:\/\/www.icscoolenergy.com\/tr\/wp-json\/wp\/v2\/comments?post=86287"}],"version-history":[{"count":0,"href":"https:\/\/www.icscoolenergy.com\/tr\/wp-json\/wp\/v2\/pages\/86287\/revisions"}],"wp:attachment":[{"href":"https:\/\/www.icscoolenergy.com\/tr\/wp-json\/wp\/v2\/media?parent=86287"}],"curies":[{"name":"wp","href":"https:\/\/api.w.org\/{rel}","templated":true}]}}