 
{"id":86327,"date":"2024-01-04T11:53:44","date_gmt":"2024-01-04T11:53:44","guid":{"rendered":"https:\/\/www.icscoolenergy.com\/tr\/cozumleri\/"},"modified":"2024-11-26T11:29:16","modified_gmt":"2024-11-26T11:29:16","slug":"cozumleri","status":"publish","type":"page","link":"https:\/\/www.icscoolenergy.com\/tr\/cozumleri\/","title":{"rendered":"\u00c7\u00f6z\u00fcmleri"},"content":{"rendered":"\n<div style=\"height:40px\" aria-hidden=\"true\" class=\" wp-block-spacer eplus-wrapper\"><\/div>\n\n<div class=\"wp-block-group eplus-wrapper is-content-justification-left is-layout-constrained wp-container-core-group-is-layout-8c890d92 wp-block-group-is-layout-constrained\"><h1 class=\" wp-block-heading eplus-wrapper eplus-styles-uid-641ddf\" id=\"h-solutions\">\u00c7\u00d6Z\u00dcMLER\u0130<\/h1>\n\n\n<p class=\" eplus-wrapper\">Bu kadar \u00e7ok sekt\u00f6rde ve pek \u00e7ok farkl\u0131 \u015fekilde yer almaktan gurur duyuyoruz. M\u00fc\u015fterilerimiz k\u00fcresel liderlerden KOB\u0130&#8217;lere ve butik \u00fcreticilere kadar uzanmaktad\u0131r. Bizim i\u00e7in &#8216;tipik m\u00fc\u015fteri&#8217; diye bir \u015fey yoktur \u2013 her biri \u00e7ok farkl\u0131d\u0131r.  <\/p>\n\n\n\n<p class=\" eplus-wrapper\">M\u00fc\u015fterilerimizin bize tekrar tekrar geri d\u00f6nmesinden gurur duyuyoruz ve 20 y\u0131l ve daha uzun s\u00fcredir kurulmu\u015f bir\u00e7ok ili\u015fkimiz var. Ancak sadece son i\u015fimiz kadar iyi oldu\u011fumuzu biliyoruz &#8211; ve tam da bu y\u00fczden end\u00fcstri lideri kalite kontrol sistemlerimiz var ve her seferinde oyunumuzun zirvesinde olmam\u0131z\u0131 sa\u011flamaya yard\u0131mc\u0131 olmak i\u00e7in insanlara s\u00fcrekli yat\u0131r\u0131m yap\u0131yoruz. <\/p>\n<\/div>\n\n<div style=\"height:40px\" aria-hidden=\"true\" class=\" wp-block-spacer eplus-wrapper\"><\/div>\n\n<div class=\"wp-block-group eplus-wrapper is-layout-flow wp-block-group-is-layout-flow\"><div class=\"wp-block-columns eplus-wrapper is-layout-flex wp-container-core-columns-is-layout-9d6595d7 wp-block-columns-is-layout-flex eplus-styles-uid-21df7c\">\n<div class=\"card-hover-grey shadow rounded-md cat-card  wp-block-column has-white-background-color has-background ek-linked-block eplus-wrapper is-layout-flow wp-block-column-is-layout-flow\">\n<div class=\"wp-block-group eplus-wrapper is-layout-constrained wp-block-group-is-layout-constrained\">\n<figure class=\"rounded-t-lg is-style-default h-fit wp-block-image size-full eplus-wrapper\"><img loading=\"lazy\" decoding=\"async\" width=\"550\" height=\"303\" src=\"https:\/\/www.icscoolenergy.com\/tr\/wp-content\/uploads\/sites\/9\/2024\/04\/Automotive-Industry-Thumb.jpg\" alt=\"Otomotiv End\u00fcstrisi Ba\u015fparmak\" class=\"wp-image-83838\" style=\"object-fit:cover\" srcset=\"https:\/\/www.icscoolenergy.com\/wp-content\/uploads\/sites\/9\/2024\/04\/Automotive-Industry-Thumb.jpg 550w, https:\/\/www.icscoolenergy.com\/wp-content\/uploads\/sites\/9\/2024\/04\/Automotive-Industry-Thumb-300x165.jpg 300w, https:\/\/www.icscoolenergy.com\/wp-content\/uploads\/sites\/9\/2024\/04\/Automotive-Industry-Thumb-50x28.jpg 50w\" sizes=\"auto, (max-width: 550px) 100vw, 550px\" \/><\/figure>\n\n\n\n<div class=\"px-8 pt-4 pb-8 wp-block-group eplus-wrapper is-layout-constrained wp-block-group-is-layout-constrained\">\n<h5 class=\"wp-block-heading has-text-align-left has-text-color has-link-color eplus-wrapper wp-elements-f6f9b188dd434b2b081a2e3f517707bf\" id=\"h-industries\" style=\"color:#323130\">Sanayi<\/h5>\n\n\n\n<p class=\" eplus-wrapper\">S\u0131cakl\u0131k kontrol ekipmanlar\u0131yla \u00e7ok \u00e7e\u015fitli end\u00fcstrilere nas\u0131l yard\u0131mc\u0131 oldu\u011fumuzu ke\u015ffedin.<\/p>\n\n\n\n<div class=\"w-full wp-block-buttons eplus-wrapper is-content-justification-center is-layout-flex wp-container-core-buttons-is-layout-16018d1d wp-block-buttons-is-layout-flex\"><div class=\"hover-btn-light-blue w-full is-style-outline card-btn  wp-block-button has-custom-width wp-block-button__width-100 eplus-wrapper is-style-outline--1 eplus-styles-uid-f425b4\"><a class=\"wp-block-button__link has-primary-color has-text-color has-background has-link-color wp-element-button\" style=\"border-radius:100px;background-color:#ffffff00\">Daha fazla bilgi edinin<\/a><\/div><\/div>\n<\/div>\n<\/div>\n<a href=\"\/solutions\/industry\/\" class=\"editorskit-block-link\" rel=\"\"><\/a><\/div>\n\n\n\n<div class=\"card-hover-grey shadow rounded-md cat-card  wp-block-column has-white-background-color has-background ek-linked-block eplus-wrapper is-layout-flow wp-block-column-is-layout-flow\">\n<div class=\"wp-block-group eplus-wrapper is-layout-constrained wp-block-group-is-layout-constrained\">\n<figure class=\"rounded-t-lg is-style-default h-fit wp-block-image size-full eplus-wrapper\"><img loading=\"lazy\" decoding=\"async\" width=\"550\" height=\"303\" src=\"https:\/\/www.icscoolenergy.com\/tr\/wp-content\/uploads\/sites\/9\/2024\/05\/Trade-thumbnail.jpg\" alt=\"\" class=\"wp-image-84255\" style=\"object-fit:cover\" srcset=\"https:\/\/www.icscoolenergy.com\/wp-content\/uploads\/sites\/9\/2024\/05\/Trade-thumbnail.jpg 550w, https:\/\/www.icscoolenergy.com\/wp-content\/uploads\/sites\/9\/2024\/05\/Trade-thumbnail-300x165.jpg 300w, https:\/\/www.icscoolenergy.com\/wp-content\/uploads\/sites\/9\/2024\/05\/Trade-thumbnail-50x28.jpg 50w\" sizes=\"auto, (max-width: 550px) 100vw, 550px\" \/><\/figure>\n\n\n\n<div class=\"px-8 pt-4 pb-8 wp-block-group eplus-wrapper is-layout-constrained wp-block-group-is-layout-constrained\">\n<h5 class=\"wp-block-heading has-text-align-left has-text-color has-link-color eplus-wrapper wp-elements-b5b8b53df8e6fa58ef07cbf4b04e30e0\" id=\"h-trade\" style=\"color:#323130\">Ticaret<\/h5>\n\n\n\n<p class=\" eplus-wrapper\">Kapsaml\u0131 proses s\u0131cakl\u0131k kontrol\u00fc \u00fcr\u00fcn yelpazemiz, portf\u00f6y\u00fcn\u00fcz\u00fc geli\u015ftirmek i\u00e7in tasarlanm\u0131\u015ft\u0131r.<\/p>\n\n\n\n<div class=\"w-full wp-block-buttons eplus-wrapper is-content-justification-center is-layout-flex wp-container-core-buttons-is-layout-16018d1d wp-block-buttons-is-layout-flex\"><div class=\"hover-btn-light-blue w-full is-style-outline card-btn  wp-block-button has-custom-width wp-block-button__width-100 eplus-wrapper is-style-outline--2 eplus-styles-uid-aab74a\"><a class=\"wp-block-button__link has-primary-color has-text-color has-background has-link-color wp-element-button\" style=\"border-radius:100px;background-color:#ffffff00\">Daha fazla bilgi edinin<\/a><\/div><\/div>\n<\/div>\n<\/div>\n<a href=\"\/solutions\/trade\/\" class=\"editorskit-block-link\" rel=\"\"><\/a><\/div>\n\n\n\n<div class=\"card-hover-grey shadow rounded-md cat-card  wp-block-column has-white-background-color has-background ek-linked-block eplus-wrapper is-layout-flow wp-block-column-is-layout-flow\">\n<div class=\"wp-block-group eplus-wrapper is-layout-constrained wp-block-group-is-layout-constrained\">\n<figure class=\"rounded-t-lg is-style-default h-fit wp-block-image size-full eplus-wrapper\"><img loading=\"lazy\" decoding=\"async\" width=\"550\" height=\"303\" src=\"https:\/\/www.icscoolenergy.com\/tr\/wp-content\/uploads\/sites\/9\/2024\/05\/OEMs.jpg\" alt=\"\" class=\"wp-image-84250\" style=\"object-fit:cover\" srcset=\"https:\/\/www.icscoolenergy.com\/wp-content\/uploads\/sites\/9\/2024\/05\/OEMs.jpg 550w, https:\/\/www.icscoolenergy.com\/wp-content\/uploads\/sites\/9\/2024\/05\/OEMs-300x165.jpg 300w, https:\/\/www.icscoolenergy.com\/wp-content\/uploads\/sites\/9\/2024\/05\/OEMs-50x28.jpg 50w\" sizes=\"auto, (max-width: 550px) 100vw, 550px\" \/><\/figure>\n\n\n\n<div class=\"px-8 pt-4 pb-8 wp-block-group eplus-wrapper is-layout-constrained wp-block-group-is-layout-constrained\">\n<h5 class=\"wp-block-heading has-text-align-left has-text-color has-link-color eplus-wrapper wp-elements-a5d20addfd68a3f4d0e8bfaffaf976e0\" id=\"h-oem-s\" style=\"color:#323130\">OEM&#8217;ler<\/h5>\n\n\n\n<p class=\" eplus-wrapper\">\u00dcreticiler, \u00fcr\u00fcnlerinin optimum performans s\u0131cakl\u0131klar\u0131nda \u00e7al\u0131\u015ft\u0131r\u0131ld\u0131\u011f\u0131ndan emin olabilirler.<\/p>\n\n\n\n<div class=\"w-full wp-block-buttons eplus-wrapper is-content-justification-center is-layout-flex wp-container-core-buttons-is-layout-16018d1d wp-block-buttons-is-layout-flex\"><div class=\"hover-btn-light-blue w-full is-style-outline card-btn  wp-block-button has-custom-width wp-block-button__width-100 eplus-wrapper is-style-outline--3 eplus-styles-uid-85d857\"><a class=\"wp-block-button__link has-primary-color has-text-color has-background has-link-color wp-element-button\" style=\"border-radius:100px;background-color:#ffffff00\">Daha fazla bilgi edinin<\/a><\/div><\/div>\n<\/div>\n<\/div>\n<a href=\"\/solutions\/oem\/\" class=\"editorskit-block-link\" rel=\"\"><\/a><\/div>\n\n\n\n<div class=\"card-hover-grey shadow rounded-md cat-card  wp-block-column has-white-background-color has-background ek-linked-block eplus-wrapper is-layout-flow wp-block-column-is-layout-flow\">\n<div class=\"wp-block-group eplus-wrapper is-layout-constrained wp-block-group-is-layout-constrained\">\n<figure class=\"rounded-t-lg is-style-default h-fit wp-block-image size-full eplus-wrapper\"><img loading=\"lazy\" decoding=\"async\" width=\"550\" height=\"303\" src=\"https:\/\/www.icscoolenergy.com\/tr\/wp-content\/uploads\/sites\/9\/2024\/05\/Energy-enhancements-thumbnail.jpg\" alt=\"\" class=\"wp-image-84240\" style=\"object-fit:cover\" srcset=\"https:\/\/www.icscoolenergy.com\/wp-content\/uploads\/sites\/9\/2024\/05\/Energy-enhancements-thumbnail.jpg 550w, https:\/\/www.icscoolenergy.com\/wp-content\/uploads\/sites\/9\/2024\/05\/Energy-enhancements-thumbnail-300x165.jpg 300w, https:\/\/www.icscoolenergy.com\/wp-content\/uploads\/sites\/9\/2024\/05\/Energy-enhancements-thumbnail-50x28.jpg 50w\" sizes=\"auto, (max-width: 550px) 100vw, 550px\" \/><\/figure>\n\n\n\n<div class=\"px-8 pt-4 pb-8 wp-block-group eplus-wrapper is-layout-constrained wp-block-group-is-layout-constrained\">\n<h5 class=\"wp-block-heading has-text-align-left has-text-color has-link-color eplus-wrapper wp-elements-fb431af9d591374f8040787224aaea39\" id=\"h-energy-enhancements\" style=\"color:#323130\">Enerji geli\u015ftirmeleri<\/h5>\n\n\n\n<p class=\" eplus-wrapper\">Enerji maliyetlerini d\u00fc\u015f\u00fcrmek, emisyonlar\u0131 azaltmak, tesis \u00f6mr\u00fcn\u00fc uzatmak ve ar\u0131za riskini azaltmak i\u00e7in ekipman\u0131n\u0131z\u0131 iyile\u015ftirin.<\/p>\n\n\n\n<div class=\"w-full wp-block-buttons eplus-wrapper is-content-justification-center is-layout-flex wp-container-core-buttons-is-layout-16018d1d wp-block-buttons-is-layout-flex\"><div class=\"hover-btn-light-blue w-full is-style-outline card-btn  wp-block-button has-custom-width wp-block-button__width-100 eplus-wrapper is-style-outline--4 eplus-styles-uid-17ee02\"><a class=\"wp-block-button__link has-primary-color has-text-color has-background has-link-color wp-element-button\" style=\"border-radius:100px;background-color:#ffffff00\">Daha fazla bilgi edinin<\/a><\/div><\/div>\n<\/div>\n<\/div>\n<a href=\"\/solutions\/energy-enhancements\/\" class=\"editorskit-block-link\" rel=\"\"><\/a><\/div>\n\n\n\n<div class=\"card-hover-grey shadow rounded-md cat-card  wp-block-column has-white-background-color has-background ek-linked-block eplus-wrapper is-layout-flow wp-block-column-is-layout-flow\">\n<div class=\"wp-block-group eplus-wrapper is-layout-constrained wp-block-group-is-layout-constrained\">\n<figure class=\"rounded-t-lg is-style-default h-fit wp-block-image size-full eplus-wrapper\"><img loading=\"lazy\" decoding=\"async\" width=\"550\" height=\"303\" src=\"https:\/\/www.icscoolenergy.com\/tr\/wp-content\/uploads\/sites\/9\/2024\/05\/Flex-CTA-thumbnail.jpg\" alt=\"\" class=\"wp-image-84245\" style=\"object-fit:cover\" srcset=\"https:\/\/www.icscoolenergy.com\/wp-content\/uploads\/sites\/9\/2024\/05\/Flex-CTA-thumbnail.jpg 550w, https:\/\/www.icscoolenergy.com\/wp-content\/uploads\/sites\/9\/2024\/05\/Flex-CTA-thumbnail-300x165.jpg 300w, https:\/\/www.icscoolenergy.com\/wp-content\/uploads\/sites\/9\/2024\/05\/Flex-CTA-thumbnail-50x28.jpg 50w\" sizes=\"auto, (max-width: 550px) 100vw, 550px\" \/><\/figure>\n\n\n\n<div class=\"px-8 pt-4 pb-8 wp-block-group eplus-wrapper is-layout-constrained wp-block-group-is-layout-constrained\">\n<h5 class=\"wp-block-heading has-text-align-left has-text-color has-link-color eplus-wrapper wp-elements-0d23d808ddd0197bf06d95ae15a341e0\" id=\"h-flex-subscriptions\" style=\"color:#323130\">Flex abonelikleri<\/h5>\n\n\n\n<p class=\" eplus-wrapper\">Flex \u00fcyeli\u011fimiz, sermaye yat\u0131r\u0131m\u0131 yapmadan en son so\u011futma teknolojisine sahip olman\u0131z\u0131 sa\u011flar.<\/p>\n\n\n\n<div class=\"w-full wp-block-buttons eplus-wrapper is-content-justification-center is-layout-flex wp-container-core-buttons-is-layout-16018d1d wp-block-buttons-is-layout-flex\"><div class=\"hover-btn-light-blue w-full is-style-outline card-btn  wp-block-button has-custom-width wp-block-button__width-100 eplus-wrapper is-style-outline--5 eplus-styles-uid-626417\"><a class=\"wp-block-button__link has-primary-color has-text-color has-background has-link-color wp-element-button\" style=\"border-radius:100px;background-color:#ffffff00\">Daha fazla bilgi edinin<\/a><\/div><\/div>\n<\/div>\n<\/div>\n<a href=\"\/solutions\/flex\/\" class=\"editorskit-block-link\" rel=\"\"><\/a><\/div>\n<\/div><\/div>\n\n<div style=\"height:40px\" aria-hidden=\"true\" class=\" wp-block-spacer eplus-wrapper\"><\/div>\n","protected":false},"excerpt":{"rendered":"<p>\u00c7\u00d6Z\u00dcMLER\u0130 Bu kadar \u00e7ok sekt\u00f6rde ve pek \u00e7ok farkl\u0131 \u015fekilde yer almaktan gurur duyuyoruz. M\u00fc\u015fterilerimiz k\u00fcresel liderlerden KOB\u0130&#8217;lere ve butik \u00fcreticilere kadar uzanmaktad\u0131r. Bizim i\u00e7in &#8216;tipik m\u00fc\u015fteri&#8217; diye bir \u015fey yoktur \u2013 her biri \u00e7ok farkl\u0131d\u0131r. M\u00fc\u015fterilerimizin bize tekrar tekrar geri d\u00f6nmesinden gurur duyuyoruz ve 20 y\u0131l ve daha uzun s\u00fcredir kurulmu\u015f bir\u00e7ok ili\u015fkimiz var. &#8230; <a title=\"\u00c7\u00f6z\u00fcmleri\" class=\"read-more\" href=\"https:\/\/www.icscoolenergy.com\/tr\/cozumleri\/\" aria-label=\"More on \u00c7\u00f6z\u00fcmleri\">Read more<\/a><\/p>\n","protected":false},"author":1,"featured_media":0,"parent":0,"menu_order":0,"comment_status":"closed","ping_status":"closed","template":"template-1.php","meta":{"_acf_changed":false,"inline_featured_image":false,"_editorskit_title_hidden":false,"_editorskit_reading_time":0,"_editorskit_is_block_options_detached":false,"_editorskit_block_options_position":"{}","editor_plus_copied_stylings":"{}","footnotes":""},"class_list":["post-86327","page","type-page","status-publish"],"acf":[],"yoast_head":"<!-- This site is optimized with the Yoast SEO Premium plugin v24.5 (Yoast SEO v26.9) - https:\/\/yoast.com\/product\/yoast-seo-premium-wordpress\/ -->\n<title>\u00c7\u00f6z\u00fcmleri | Turkey<\/title>\n<meta name=\"robots\" content=\"index, follow, max-snippet:-1, max-image-preview:large, max-video-preview:-1\" \/>\n<link rel=\"canonical\" href=\"https:\/\/www.icscoolenergy.com\/tr\/cozumleri\/\" \/>\n<meta property=\"og:locale\" content=\"tr_TR\" \/>\n<meta property=\"og:type\" content=\"article\" \/>\n<meta property=\"og:title\" content=\"\u00c7\u00f6z\u00fcmleri\" \/>\n<meta property=\"og:description\" content=\"\u00c7\u00d6Z\u00dcMLER\u0130 Bu kadar \u00e7ok sekt\u00f6rde ve pek \u00e7ok farkl\u0131 \u015fekilde yer almaktan gurur duyuyoruz. M\u00fc\u015fterilerimiz k\u00fcresel liderlerden KOB\u0130&#8217;lere ve butik \u00fcreticilere kadar uzanmaktad\u0131r. Bizim i\u00e7in &#8216;tipik m\u00fc\u015fteri&#8217; diye bir \u015fey yoktur \u2013 her biri \u00e7ok farkl\u0131d\u0131r. M\u00fc\u015fterilerimizin bize tekrar tekrar geri d\u00f6nmesinden gurur duyuyoruz ve 20 y\u0131l ve daha uzun s\u00fcredir kurulmu\u015f bir\u00e7ok ili\u015fkimiz var. ... Read more\" \/>\n<meta property=\"og:url\" content=\"https:\/\/www.icscoolenergy.com\/tr\/cozumleri\/\" \/>\n<meta property=\"og:site_name\" content=\"Turkey\" \/>\n<meta property=\"article:modified_time\" content=\"2024-11-26T11:29:16+00:00\" \/>\n<meta property=\"og:image\" content=\"https:\/\/www.icscoolenergy.com\/tr\/wp-content\/uploads\/sites\/9\/2024\/04\/Automotive-Industry-Thumb.jpg\" \/>\n<meta name=\"twitter:card\" content=\"summary_large_image\" \/>\n<meta name=\"twitter:label1\" content=\"Est. reading time\" \/>\n\t<meta name=\"twitter:data1\" content=\"1 dakika\" \/>\n<script type=\"application\/ld+json\" class=\"yoast-schema-graph\">{\"@context\":\"https:\/\/schema.org\",\"@graph\":[{\"@type\":\"WebPage\",\"@id\":\"https:\/\/www.icscoolenergy.com\/tr\/cozumleri\/\",\"url\":\"https:\/\/www.icscoolenergy.com\/tr\/cozumleri\/\",\"name\":\"\u00c7\u00f6z\u00fcmleri | Turkey\",\"isPartOf\":{\"@id\":\"https:\/\/www.icscoolenergy.com\/tr\/#website\"},\"primaryImageOfPage\":{\"@id\":\"https:\/\/www.icscoolenergy.com\/tr\/cozumleri\/#primaryimage\"},\"image\":{\"@id\":\"https:\/\/www.icscoolenergy.com\/tr\/cozumleri\/#primaryimage\"},\"thumbnailUrl\":\"https:\/\/www.icscoolenergy.com\/tr\/wp-content\/uploads\/sites\/9\/2024\/04\/Automotive-Industry-Thumb.jpg\",\"datePublished\":\"2024-01-04T11:53:44+00:00\",\"dateModified\":\"2024-11-26T11:29:16+00:00\",\"breadcrumb\":{\"@id\":\"https:\/\/www.icscoolenergy.com\/tr\/cozumleri\/#breadcrumb\"},\"inLanguage\":\"tr\",\"potentialAction\":[{\"@type\":\"ReadAction\",\"target\":[\"https:\/\/www.icscoolenergy.com\/tr\/cozumleri\/\"]}]},{\"@type\":\"ImageObject\",\"inLanguage\":\"tr\",\"@id\":\"https:\/\/www.icscoolenergy.com\/tr\/cozumleri\/#primaryimage\",\"url\":\"https:\/\/www.icscoolenergy.com\/wp-content\/uploads\/sites\/9\/2024\/04\/Automotive-Industry-Thumb.jpg\",\"contentUrl\":\"https:\/\/www.icscoolenergy.com\/wp-content\/uploads\/sites\/9\/2024\/04\/Automotive-Industry-Thumb.jpg\",\"width\":550,\"height\":303,\"caption\":\"Automotive Industry Thumb\"},{\"@type\":\"BreadcrumbList\",\"@id\":\"https:\/\/www.icscoolenergy.com\/tr\/cozumleri\/#breadcrumb\",\"itemListElement\":[{\"@type\":\"ListItem\",\"position\":1,\"name\":\"Home\",\"item\":\"https:\/\/www.icscoolenergy.com\/tr\/ana-sayfa\/\"},{\"@type\":\"ListItem\",\"position\":2,\"name\":\"\u00c7\u00f6z\u00fcmleri\"}]},{\"@type\":\"WebSite\",\"@id\":\"https:\/\/www.icscoolenergy.com\/tr\/#website\",\"url\":\"https:\/\/www.icscoolenergy.com\/tr\/\",\"name\":\"ICS Cool Energy\",\"description\":\"The Process Temperature Control Specialists\",\"publisher\":{\"@id\":\"https:\/\/www.icscoolenergy.com\/tr\/#organization\"},\"alternateName\":\"ICS\",\"potentialAction\":[{\"@type\":\"SearchAction\",\"target\":{\"@type\":\"EntryPoint\",\"urlTemplate\":\"https:\/\/www.icscoolenergy.com\/tr\/?s={search_term_string}\"},\"query-input\":{\"@type\":\"PropertyValueSpecification\",\"valueRequired\":true,\"valueName\":\"search_term_string\"}}],\"inLanguage\":\"tr\"},{\"@type\":\"Organization\",\"@id\":\"https:\/\/www.icscoolenergy.com\/tr\/#organization\",\"name\":\"ICS Cool Energy\",\"url\":\"https:\/\/www.icscoolenergy.com\/tr\/\",\"logo\":{\"@type\":\"ImageObject\",\"inLanguage\":\"tr\",\"@id\":\"https:\/\/www.icscoolenergy.com\/tr\/#\/schema\/logo\/image\/\",\"url\":\"https:\/\/www.icscoolenergy.com\/wp-content\/uploads\/sites\/9\/2024\/01\/ics-cool-energy-logo.svg\",\"contentUrl\":\"https:\/\/www.icscoolenergy.com\/wp-content\/uploads\/sites\/9\/2024\/01\/ics-cool-energy-logo.svg\",\"caption\":\"ICS Cool Energy\"},\"image\":{\"@id\":\"https:\/\/www.icscoolenergy.com\/tr\/#\/schema\/logo\/image\/\"},\"sameAs\":[\"https:\/\/www.linkedin.com\/company\/ics-temperature-control\/\",\"https:\/\/www.youtube.com\/@ICSCoolEnergyLtd\"],\"description\":\"ICS Cool Energy is a market leader for process and critical temperature control solutions that keep all types and sizes of businesses and industry running. Our headquarters are situated in Southampton, with offices throughout the UK and Europe, employing over 250 people in the UK alone.\",\"email\":\"info@icscoolenergy.com\",\"telephone\":\"0800 840 4210\",\"legalName\":\"ICS Cool Energy Limited\",\"numberOfEmployees\":{\"@type\":\"QuantitativeValue\",\"minValue\":\"201\",\"maxValue\":\"500\"}}]}<\/script>\n<!-- \/ Yoast SEO Premium plugin. -->","yoast_head_json":{"title":"\u00c7\u00f6z\u00fcmleri | Turkey","robots":{"index":"index","follow":"follow","max-snippet":"max-snippet:-1","max-image-preview":"max-image-preview:large","max-video-preview":"max-video-preview:-1"},"canonical":"https:\/\/www.icscoolenergy.com\/tr\/cozumleri\/","og_locale":"tr_TR","og_type":"article","og_title":"\u00c7\u00f6z\u00fcmleri","og_description":"\u00c7\u00d6Z\u00dcMLER\u0130 Bu kadar \u00e7ok sekt\u00f6rde ve pek \u00e7ok farkl\u0131 \u015fekilde yer almaktan gurur duyuyoruz. M\u00fc\u015fterilerimiz k\u00fcresel liderlerden KOB\u0130&#8217;lere ve butik \u00fcreticilere kadar uzanmaktad\u0131r. Bizim i\u00e7in &#8216;tipik m\u00fc\u015fteri&#8217; diye bir \u015fey yoktur \u2013 her biri \u00e7ok farkl\u0131d\u0131r. M\u00fc\u015fterilerimizin bize tekrar tekrar geri d\u00f6nmesinden gurur duyuyoruz ve 20 y\u0131l ve daha uzun s\u00fcredir kurulmu\u015f bir\u00e7ok ili\u015fkimiz var. ... Read more","og_url":"https:\/\/www.icscoolenergy.com\/tr\/cozumleri\/","og_site_name":"Turkey","article_modified_time":"2024-11-26T11:29:16+00:00","og_image":[{"url":"https:\/\/www.icscoolenergy.com\/tr\/wp-content\/uploads\/sites\/9\/2024\/04\/Automotive-Industry-Thumb.jpg","type":"","width":"","height":""}],"twitter_card":"summary_large_image","twitter_misc":{"Est. reading time":"1 dakika"},"schema":{"@context":"https:\/\/schema.org","@graph":[{"@type":"WebPage","@id":"https:\/\/www.icscoolenergy.com\/tr\/cozumleri\/","url":"https:\/\/www.icscoolenergy.com\/tr\/cozumleri\/","name":"\u00c7\u00f6z\u00fcmleri | Turkey","isPartOf":{"@id":"https:\/\/www.icscoolenergy.com\/tr\/#website"},"primaryImageOfPage":{"@id":"https:\/\/www.icscoolenergy.com\/tr\/cozumleri\/#primaryimage"},"image":{"@id":"https:\/\/www.icscoolenergy.com\/tr\/cozumleri\/#primaryimage"},"thumbnailUrl":"https:\/\/www.icscoolenergy.com\/tr\/wp-content\/uploads\/sites\/9\/2024\/04\/Automotive-Industry-Thumb.jpg","datePublished":"2024-01-04T11:53:44+00:00","dateModified":"2024-11-26T11:29:16+00:00","breadcrumb":{"@id":"https:\/\/www.icscoolenergy.com\/tr\/cozumleri\/#breadcrumb"},"inLanguage":"tr","potentialAction":[{"@type":"ReadAction","target":["https:\/\/www.icscoolenergy.com\/tr\/cozumleri\/"]}]},{"@type":"ImageObject","inLanguage":"tr","@id":"https:\/\/www.icscoolenergy.com\/tr\/cozumleri\/#primaryimage","url":"https:\/\/www.icscoolenergy.com\/wp-content\/uploads\/sites\/9\/2024\/04\/Automotive-Industry-Thumb.jpg","contentUrl":"https:\/\/www.icscoolenergy.com\/wp-content\/uploads\/sites\/9\/2024\/04\/Automotive-Industry-Thumb.jpg","width":550,"height":303,"caption":"Automotive Industry Thumb"},{"@type":"BreadcrumbList","@id":"https:\/\/www.icscoolenergy.com\/tr\/cozumleri\/#breadcrumb","itemListElement":[{"@type":"ListItem","position":1,"name":"Home","item":"https:\/\/www.icscoolenergy.com\/tr\/ana-sayfa\/"},{"@type":"ListItem","position":2,"name":"\u00c7\u00f6z\u00fcmleri"}]},{"@type":"WebSite","@id":"https:\/\/www.icscoolenergy.com\/tr\/#website","url":"https:\/\/www.icscoolenergy.com\/tr\/","name":"ICS Cool Energy","description":"The Process Temperature Control Specialists","publisher":{"@id":"https:\/\/www.icscoolenergy.com\/tr\/#organization"},"alternateName":"ICS","potentialAction":[{"@type":"SearchAction","target":{"@type":"EntryPoint","urlTemplate":"https:\/\/www.icscoolenergy.com\/tr\/?s={search_term_string}"},"query-input":{"@type":"PropertyValueSpecification","valueRequired":true,"valueName":"search_term_string"}}],"inLanguage":"tr"},{"@type":"Organization","@id":"https:\/\/www.icscoolenergy.com\/tr\/#organization","name":"ICS Cool Energy","url":"https:\/\/www.icscoolenergy.com\/tr\/","logo":{"@type":"ImageObject","inLanguage":"tr","@id":"https:\/\/www.icscoolenergy.com\/tr\/#\/schema\/logo\/image\/","url":"https:\/\/www.icscoolenergy.com\/wp-content\/uploads\/sites\/9\/2024\/01\/ics-cool-energy-logo.svg","contentUrl":"https:\/\/www.icscoolenergy.com\/wp-content\/uploads\/sites\/9\/2024\/01\/ics-cool-energy-logo.svg","caption":"ICS Cool Energy"},"image":{"@id":"https:\/\/www.icscoolenergy.com\/tr\/#\/schema\/logo\/image\/"},"sameAs":["https:\/\/www.linkedin.com\/company\/ics-temperature-control\/","https:\/\/www.youtube.com\/@ICSCoolEnergyLtd"],"description":"ICS Cool Energy is a market leader for process and critical temperature control solutions that keep all types and sizes of businesses and industry running. Our headquarters are situated in Southampton, with offices throughout the UK and Europe, employing over 250 people in the UK alone.","email":"info@icscoolenergy.com","telephone":"0800 840 4210","legalName":"ICS Cool Energy Limited","numberOfEmployees":{"@type":"QuantitativeValue","minValue":"201","maxValue":"500"}}]}},"_links":{"self":[{"href":"https:\/\/www.icscoolenergy.com\/tr\/wp-json\/wp\/v2\/pages\/86327","targetHints":{"allow":["GET"]}}],"collection":[{"href":"https:\/\/www.icscoolenergy.com\/tr\/wp-json\/wp\/v2\/pages"}],"about":[{"href":"https:\/\/www.icscoolenergy.com\/tr\/wp-json\/wp\/v2\/types\/page"}],"author":[{"embeddable":true,"href":"https:\/\/www.icscoolenergy.com\/tr\/wp-json\/wp\/v2\/users\/1"}],"replies":[{"embeddable":true,"href":"https:\/\/www.icscoolenergy.com\/tr\/wp-json\/wp\/v2\/comments?post=86327"}],"version-history":[{"count":0,"href":"https:\/\/www.icscoolenergy.com\/tr\/wp-json\/wp\/v2\/pages\/86327\/revisions"}],"wp:attachment":[{"href":"https:\/\/www.icscoolenergy.com\/tr\/wp-json\/wp\/v2\/media?parent=86327"}],"curies":[{"name":"wp","href":"https:\/\/api.w.org\/{rel}","templated":true}]}}