 
{"id":86351,"date":"2024-04-03T15:46:44","date_gmt":"2024-04-03T15:46:44","guid":{"rendered":"https:\/\/www.icscoolenergy.com\/tr\/hizmet\/servis-planlari\/"},"modified":"2024-11-26T11:29:51","modified_gmt":"2024-11-26T11:29:51","slug":"servis-planlari","status":"publish","type":"page","link":"https:\/\/www.icscoolenergy.com\/tr\/hizmet\/servis-planlari\/","title":{"rendered":"Servis Planlar\u0131"},"content":{"rendered":"\n<div class=\"mb-8 eplus-wrapper wp-block-group is-layout-flow wp-block-group-is-layout-flow\">\n<div class=\"md:relative eplus-wrapper wp-block-group is-layout-flow wp-block-group-is-layout-flow\">\n<div class=\"eplus-wrapper min-h-[150px] mb:min-h-[200px] sm:min-h-[250px] md:min-h-[430px] wp-block-cover\" style=\"min-height:430px;aspect-ratio:unset;\"><span aria-hidden=\"true\" class=\"wp-block-cover__background has-background-dim-0 has-background-dim\" style=\"background-color:#908e8b\"><\/span><img decoding=\"async\" width=\"2048\" height=\"864\" class=\"wp-block-cover__image-background wp-image-79512\" alt=\"\" src=\"https:\/\/www.icscoolenergy.com\/tr\/wp-content\/\/uploads\/2024\/04\/Contingency-Assets-Hero-scaled-1.jpg\" data-object-fit=\"cover\" srcset=\"https:\/\/www.icscoolenergy.com\/wp-content\/uploads\/sites\/9\/2024\/04\/Contingency-Assets-Hero-scaled-1.jpg 2048w, https:\/\/www.icscoolenergy.com\/wp-content\/uploads\/sites\/9\/2024\/04\/Contingency-Assets-Hero-scaled-1-300x127.jpg 300w, https:\/\/www.icscoolenergy.com\/wp-content\/uploads\/sites\/9\/2024\/04\/Contingency-Assets-Hero-scaled-1-1024x432.jpg 1024w, https:\/\/www.icscoolenergy.com\/wp-content\/uploads\/sites\/9\/2024\/04\/Contingency-Assets-Hero-scaled-1-768x324.jpg 768w, https:\/\/www.icscoolenergy.com\/wp-content\/uploads\/sites\/9\/2024\/04\/Contingency-Assets-Hero-scaled-1-50x21.jpg 50w, https:\/\/www.icscoolenergy.com\/wp-content\/uploads\/sites\/9\/2024\/04\/Contingency-Assets-Hero-scaled-1-1600x675.jpg 1600w, https:\/\/www.icscoolenergy.com\/wp-content\/uploads\/sites\/9\/2024\/04\/Contingency-Assets-Hero-scaled-1-1536x648.jpg 1536w, https:\/\/www.icscoolenergy.com\/wp-content\/uploads\/sites\/9\/2024\/04\/Contingency-Assets-Hero-scaled-1-600x253.jpg 600w\" sizes=\"(max-width: 2048px) 100vw, 2048px\" \/><div class=\"wp-block-cover__inner-container is-layout-flow wp-block-cover-is-layout-flow\">\n<p class=\" has-text-align-center has-large-font-size eplus-wrapper\"><\/p>\n<\/div><\/div>\n\n\n\n<div class=\"rounded-tr-md sm:w-full md:w-[80%] md:h-fit md:top-[80%] relative md:-mt-[10%] z-[1] md:left-0 eplus-wrapper wp-block-group has-background is-layout-constrained wp-block-group-is-layout-constrained\" style=\"background-color:#eaeaef\">\n<h1 class=\"eplus-wrapper pt-8 wp-block-heading has-text-color has-link-color wp-elements-6e2612449b1c8015f8cadd47624a7eec\" id=\"h-chiller-service-and-planned-preventative-maintenance\" style=\"color:#312f5f\">CHILLER SERVISI VE PLANLI \u00d6NLEYICI BAKIM<\/h1>\n\n\n\n<p class=\" eplus-wrapper\">D\u00fczenli, planl\u0131 bak\u0131m, s\u0131cakl\u0131k kontrol kurulumunuzun maksimum \u00f6mr\u00fc boyunca \u00e7al\u0131\u015f\u0131r durumda ve verimli kalmas\u0131n\u0131 sa\u011flaman\u0131n en etkili yoludur.<\/p>\n\n\n\n<p class=\" eplus-wrapper\">Bak\u0131m, proses ve tesis operasyonlar\u0131nda \u00f6nemli bir rol oynad\u0131\u011f\u0131ndan, yaln\u0131zca \u00e7al\u0131\u015fanlar\u0131n sa\u011fl\u0131\u011f\u0131 ve g\u00fcvenli\u011fi i\u00e7in de\u011fil, ayn\u0131 zamanda i\u015fletme i\u00e7in kar marjlar\u0131n\u0131 en \u00fcst d\u00fczeye \u00e7\u0131karmak i\u00e7in de etkili bir \u015fekilde \u00e7al\u0131\u015fmas\u0131 esast\u0131r.<\/p>\n\n\n\n<div style=\"height:35px\" aria-hidden=\"true\" class=\"xs:hidden md:block eplus-wrapper wp-block-spacer\"><\/div>\n\n\n\n<figure class=\"wp-embed-aspect-16-9 wp-has-aspect-ratio wp-block-embed is-type-video is-provider-vimeo wp-block-embed-vimeo eplus-wrapper\"><div class=\"wp-block-embed__wrapper\">\n<iframe title=\"ICS Short -  Planned Preventative Maintenance and Breakdown Support from ICS Cool Energy\" src=\"https:\/\/player.vimeo.com\/video\/949858704?dnt=1&amp;app_id=122963\" width=\"1200\" height=\"675\" frameborder=\"0\" allow=\"autoplay; fullscreen; picture-in-picture; clipboard-write\"><\/iframe>\n<\/div><\/figure>\n<\/div>\n<\/div>\n\n\n\n<div style=\"height:100px\" aria-hidden=\"true\" class=\"xs:hidden md:block eplus-wrapper wp-block-spacer\"><\/div>\n<\/div>\n\n<h2 class=\" wp-block-heading eplus-wrapper\" id=\"h-service-plans\">SERV\u0130S PLANLARI<\/h2>\n\n<p class=\"has-text-color has-link-color eplus-wrapper wp-elements-c23378e070e3ddbdb5c00155b924042a\" style=\"color:#323130\">Prosesinizin devam etmesini sa\u011flamak i\u00e7in d\u00f6rt servis plan\u0131 se\u00e7ene\u011fi sunuyoruz:<\/p>\n\n<div class=\"wp-block-group eplus-wrapper is-layout-flow wp-block-group-is-layout-flow\">\n<figure class=\"is-style-stripes wp-block-table eplus-wrapper\"><table class=\"has-white-background-color has-background\"><tbody><tr><td><\/td><td><img decoding=\"async\" style=\"width: 140px;\" src=\"https:\/\/www.icscoolenergy.com\/tr\/wp-content\/uploads\/sites\/9\/2024\/04\/Service-Logo_service.svg\" alt=\"\"\/><\/td><td><img decoding=\"async\" style=\"width: 150px;\" src=\"https:\/\/www.icscoolenergy.com\/tr\/wp-content\/uploads\/sites\/9\/2024\/04\/Layer_1-2-1.svg\" alt=\"\"\/><\/td><td><img decoding=\"async\" style=\"width: 140px;\" src=\"https:\/\/www.icscoolenergy.com\/tr\/wp-content\/uploads\/sites\/9\/2024\/04\/Service-Logo_protect.svg\" alt=\"\"\/><\/td><td><img decoding=\"async\" style=\"width: 150px;\" src=\"https:\/\/www.icscoolenergy.com\/tr\/wp-content\/uploads\/sites\/9\/2024\/04\/icsprotectplusicon.svg\" alt=\"\"\/><\/td><\/tr><tr><td><strong>Bak\u0131m ziyaretleri \/ y\u0131ll\u0131k<\/strong><\/td><td>En az 1 ziyaret<\/td><td>En az 2 ziyaret<\/td><td>En az 2 ziyaret<\/td><td>En az 2 ziyaret<\/td><\/tr><tr><td><strong>Ar\u0131za yan\u0131t\u0131<\/strong><\/td><td>12 saat yan\u0131t \/ ayn\u0131 g\u00fcn<\/td><td>6-8 saat<\/td><td>12 saat yan\u0131t \/ ayn\u0131 g\u00fcn<\/td><td>6-8 saat<\/td><\/tr><tr><td><strong>Kapsanan par\u00e7alar<\/strong><\/td><td>Hay\u0131r<\/td><td>Hay\u0131r<\/td><td>Evet<\/td><td>Evet<\/td><\/tr><tr><td><strong>Par\u00e7alar ve i\u015f\u00e7ilik kapsan\u0131r<\/strong><\/td><td>Hay\u0131r<\/td><td>Hay\u0131r<\/td><td>Hay\u0131r<\/td><td>Evet<\/td><\/tr><tr><td><strong>Kimyasal kondenser temiz<\/strong><\/td><td>Hay\u0131r<\/td><td>Opsiyonel<\/td><td>Evet<\/td><td>Evet<\/td><\/tr><tr><td><strong>Su analizi<\/strong><\/td><td>Hay\u0131r<\/td><td>Opsiyonel<\/td><td>Evet<\/td><td>Evet<\/td><\/tr><tr><td><strong>Par\u00e7a indirimi<\/strong><\/td><td>10%<\/td><td>15%<\/td><td>YOK<\/td><td>YOK<\/td><\/tr><tr><td><strong>Nezaket kiralama<\/strong><\/td><td>Hay\u0131r<\/td><td>Opsiyonel<\/td><td>Opsiyonel<\/td><td>Opsiyonel<\/td><\/tr><\/tbody><\/table><\/figure>\n<\/div>\n\n<div style=\"height:60px\" aria-hidden=\"true\" class=\" wp-block-spacer eplus-wrapper\"><\/div>\n\n<div class=\"wp-block-group eplus-wrapper is-layout-constrained wp-block-group-is-layout-constrained\">\n<p class=\"has-text-color has-link-color eplus-wrapper wp-elements-2244af19957bf0312ce64151f70dfb42\" style=\"color:#323130\">ICS Protect ve ICS Protect+, i\u015fletmeniz i\u00e7in basit bir stres azaltma stratejisi olarak toplam hizmet \u00e7\u00f6z\u00fcmleri sa\u011flay\u0131c\u0131n\u0131z olmay\u0131 ve proses s\u0131cakl\u0131k kontrol\u00fc kurulum yat\u0131r\u0131m\u0131n\u0131z\u0131 korumay\u0131 teklif etti\u011fimiz kapsay\u0131c\u0131 hizmet planlar\u0131m\u0131zd\u0131r.<\/p>\n\n\n\n<p class=\"has-text-color has-link-color eplus-wrapper wp-elements-96453c42b261dbb5ff1a01b9e0861f5d\" style=\"color:#323130\">\u0130\u015fletim verimlili\u011fi sa\u011flamak, sistemlerinizin \u00f6mr\u00fcn\u00fc uzatmak ve maliyetleri d\u00fc\u015f\u00fcrmenize yard\u0131mc\u0131 olmak i\u00e7in tasarlanm\u0131\u015ft\u0131r.<\/p>\n\n\n\n<p class=\"has-text-color has-link-color eplus-wrapper wp-elements-94d415060f087ac27a9325c77dd346e5\" style=\"color:#323130\">ICS Koruma Anla\u015fmas\u0131 ile ekipman\u0131n\u0131z d\u00fczenli denetim, \u00f6nleyici bak\u0131m ve uygun kalibrasyona tabi tutulacakt\u0131r. Herhangi bir olas\u0131 sorun, sitenizdeki herhangi biri fark\u0131na varmadan \u00f6nce d\u00fczeltilecektir. <\/p>\n\n\n\n<p class=\"has-text-color has-link-color eplus-wrapper wp-elements-997f8569e87ec6bf3bdbda20a3292b55\" style=\"color:#323130\">Bu, y\u00fcksek maliyetli <a href=\"\/?page_id=80094\" class=\"ek-link\">chiller onar\u0131mlar\u0131<\/a> riskini ortadan kald\u0131racak ve bak\u0131m maliyetlerinizi tahmin etmenizi sa\u011flayacakt\u0131r.<\/p>\n<\/div>\n\n<div style=\"height:60px\" aria-hidden=\"true\" class=\" wp-block-spacer eplus-wrapper\"><\/div>\n\n<div class=\"wp-block-group eplus-wrapper is-layout-flow wp-block-group-is-layout-flow\"><div class=\"items-center md:flex xs:grid wp-block-columns eplus-wrapper is-layout-flex wp-container-core-columns-is-layout-9d6595d7 wp-block-columns-is-layout-flex eplus-styles-uid-fdd62b\">\n<div class=\"xs:order-2 md:order-2 xs:w-full md:w-6\/12 xs:mb-12 md:mb-0 wp-block-column eplus-wrapper is-layout-flow wp-block-column-is-layout-flow\">\n<figure class=\" wp-block-image size-full is-resized eplus-wrapper\"><img decoding=\"async\" width=\"720\" height=\"567\" src=\"https:\/\/www.icscoolenergy.com\/tr\/wp-content\/uploads\/sites\/9\/2024\/04\/Service-support.jpg\" alt=\"Servis deste\u011fi\" class=\"wp-image-84069\" style=\"width:720px\" srcset=\"https:\/\/www.icscoolenergy.com\/wp-content\/uploads\/sites\/9\/2024\/04\/Service-support.jpg 720w, https:\/\/www.icscoolenergy.com\/wp-content\/uploads\/sites\/9\/2024\/04\/Service-support-300x236.jpg 300w, https:\/\/www.icscoolenergy.com\/wp-content\/uploads\/sites\/9\/2024\/04\/Service-support-50x39.jpg 50w, https:\/\/www.icscoolenergy.com\/wp-content\/uploads\/sites\/9\/2024\/04\/Service-support-600x473.jpg 600w\" sizes=\"(max-width: 720px) 100vw, 720px\" \/><\/figure>\n<\/div>\n\n\n\n<div class=\"xs:order-1 md:order-1 xs:w-full md:w-6\/12 wp-block-column eplus-wrapper is-layout-flow wp-block-column-is-layout-flow\">\n<h3 class=\" wp-block-heading eplus-wrapper\" id=\"h-service-support-you-can-trust\"><strong>G\u00dcVENEB\u0130LECE\u011e\u0130N\u0130Z SERV\u0130S DESTE\u011e\u0130<\/strong><\/h3>\n\n\n\n<p class=\"has-text-color has-link-color eplus-wrapper wp-elements-4e826912e358c6cb272fc1d29a9345bc\" style=\"color:#323130\">T\u00fcm s\u0131cakl\u0131k kontrol ekipman\u0131 markalar\u0131 ve modelleri i\u00e7in 100&#8217;den fazla nokta kontrol\u00fc ile sekt\u00f6rdeki en kapsaml\u0131 planl\u0131 \u00f6nleyici bak\u0131m (PPM) tekliflerinden birine sahip olmaktan gurur duyuyoruz.<\/p>\n\n\n\n<p class=\"has-text-color has-link-color eplus-wrapper wp-elements-dabf8053dcf2491d35737e4ca679ba15\" style=\"color:#323130\">Her zamanki d\u00fczenleyici F-Gaz kontrollerini ger\u00e7ekle\u015ftiriyoruz, ancak ekipman\u0131n\u0131z\u0131n kapsaml\u0131 bir \u015fekilde kontrol edildi\u011finden ve temiz bir sa\u011fl\u0131k raporu verildi\u011finden emin olmak i\u00e7in her \u015feyin \u00f6tesine ge\u00e7iyoruz.<\/p>\n\n\n\n<p class=\"has-text-color has-link-color eplus-wrapper wp-elements-dfd187f9bcd64b3fb4b5c38fc9b92202\" style=\"color:#323130\">Bunun spesifikasyonda kald\u0131\u011f\u0131ndan emin olmak i\u00e7in su kalitesini bile kontrol ediyoruz. Yerinde olmayan bir \u015fey bulursak, tesisinizin verimli kalmas\u0131n\u0131 ve prosesinize sizin kadar s\u0131k teslimat yapmas\u0131n\u0131 sa\u011flamak i\u00e7in ekipman\u0131 tam \u00e7al\u0131\u015fma durumuna geri getirmek i\u00e7in ne yapman\u0131z gerekti\u011fi konusunda net tavsiyelerde bulunuruz. <\/p>\n<\/div>\n<\/div><\/div>\n\n<div style=\"height:62px\" aria-hidden=\"true\" class=\" wp-block-spacer eplus-wrapper\"><\/div>\n\n<div class=\"mb-20 wp-block-group eplus-wrapper is-layout-flow wp-block-group-is-layout-flow\"><div class=\"is-not-stacked-on-mobile xs:p-8 sm:p-12 rounded-2xl items-center md:flex xs:grid wp-block-columns has-background eplus-wrapper is-layout-flex wp-container-core-columns-is-layout-9d6595d7 wp-block-columns-is-layout-flex eplus-styles-uid-8362d0\" style=\"background-color:#222143\">\n<div class=\"xs:order-2 md:order-1 xs:w-full md:w-6\/12 wp-block-column eplus-wrapper is-layout-flow wp-block-column-is-layout-flow\">\n<h3 class=\"wp-block-heading has-white-color has-text-color has-link-color eplus-wrapper wp-elements-bb1cd6f9a4adb15846664e05dffc4d7c\" id=\"h-already-have-a-service-plan\">ZATEN BIR HIZMET PLANINIZ VAR MI?<\/h3>\n\n\n\n<p class=\"has-white-color has-text-color has-link-color eplus-wrapper wp-elements-422dceb232a5cab85c40c7f61d6786a5\">Uzman chiller onar\u0131m servis ekibimiz size ve operasyonunuza g\u00fcn\u00fcn 24 saati, haftan\u0131n 7 g\u00fcn\u00fc, y\u0131l\u0131n 365 g\u00fcn\u00fc destek vermeye haz\u0131rd\u0131r.<\/p>\n\n\n\n<div class=\"wp-block-buttons eplus-wrapper is-layout-flex wp-block-buttons-is-layout-flex\"><div class=\"is-style-fill wp-block-button eplus-wrapper eplus-styles-uid-a80834\"><a class=\"wp-block-button__link has-primary-background-color has-background wp-element-button\" href=\"\/?page_id=80094\">Onar\u0131m rezervasyonunuzu yap\u0131n<\/a><\/div><\/div>\n<\/div>\n\n\n\n<div class=\"xs:order-1 md:order-2 xs:w-full md:w-6\/12 wp-block-column eplus-wrapper is-layout-flow wp-block-column-is-layout-flow\">\n<figure class=\"ek-rounded-lg wp-block-image aligncenter size-full eplus-wrapper\"><img decoding=\"async\" width=\"458\" height=\"227\" src=\"https:\/\/www.icscoolenergy.com\/tr\/wp-content\/uploads\/sites\/9\/2024\/03\/Mask-group.png\" alt=\"ICS Cool Enerji Kamyoneti\" class=\"wp-image-78516\" srcset=\"https:\/\/www.icscoolenergy.com\/wp-content\/uploads\/sites\/9\/2024\/03\/Mask-group.png 458w, https:\/\/www.icscoolenergy.com\/wp-content\/uploads\/sites\/9\/2024\/03\/Mask-group-300x149.png 300w\" sizes=\"(max-width: 458px) 100vw, 458px\" \/><\/figure>\n<\/div>\n<\/div><\/div>\n\n<div style=\"height:62px\" aria-hidden=\"true\" class=\" wp-block-spacer eplus-wrapper\"><\/div>\n","protected":false},"excerpt":{"rendered":"<p>CHILLER SERVISI VE PLANLI \u00d6NLEYICI BAKIM D\u00fczenli, planl\u0131 bak\u0131m, s\u0131cakl\u0131k kontrol kurulumunuzun maksimum \u00f6mr\u00fc boyunca \u00e7al\u0131\u015f\u0131r durumda ve verimli kalmas\u0131n\u0131 sa\u011flaman\u0131n en etkili yoludur. Bak\u0131m, proses ve tesis operasyonlar\u0131nda \u00f6nemli bir rol oynad\u0131\u011f\u0131ndan, yaln\u0131zca \u00e7al\u0131\u015fanlar\u0131n sa\u011fl\u0131\u011f\u0131 ve g\u00fcvenli\u011fi i\u00e7in de\u011fil, ayn\u0131 zamanda i\u015fletme i\u00e7in kar marjlar\u0131n\u0131 en \u00fcst d\u00fczeye \u00e7\u0131karmak i\u00e7in de etkili bir \u015fekilde &#8230; <a title=\"Servis Planlar\u0131\" class=\"read-more\" href=\"https:\/\/www.icscoolenergy.com\/tr\/hizmet\/servis-planlari\/\" aria-label=\"More on Servis Planlar\u0131\">Read more<\/a><\/p>\n","protected":false},"author":1,"featured_media":0,"parent":86313,"menu_order":0,"comment_status":"closed","ping_status":"closed","template":"template-1.php","meta":{"_acf_changed":false,"inline_featured_image":false,"_editorskit_title_hidden":false,"_editorskit_reading_time":0,"_editorskit_is_block_options_detached":false,"_editorskit_block_options_position":"{}","editor_plus_copied_stylings":"{}","footnotes":""},"class_list":["post-86351","page","type-page","status-publish"],"acf":[],"yoast_head":"<!-- This site is optimized with the Yoast SEO Premium plugin v24.5 (Yoast SEO v26.9) - https:\/\/yoast.com\/product\/yoast-seo-premium-wordpress\/ -->\n<title>Servis Planlar\u0131 | Turkey<\/title>\n<meta name=\"robots\" content=\"index, follow, max-snippet:-1, max-image-preview:large, max-video-preview:-1\" \/>\n<link rel=\"canonical\" href=\"https:\/\/www.icscoolenergy.com\/tr\/hizmet\/servis-planlari\/\" \/>\n<meta property=\"og:locale\" content=\"tr_TR\" \/>\n<meta property=\"og:type\" content=\"article\" \/>\n<meta property=\"og:title\" content=\"Servis Planlar\u0131\" \/>\n<meta property=\"og:description\" content=\"CHILLER SERVISI VE PLANLI \u00d6NLEYICI BAKIM D\u00fczenli, planl\u0131 bak\u0131m, s\u0131cakl\u0131k kontrol kurulumunuzun maksimum \u00f6mr\u00fc boyunca \u00e7al\u0131\u015f\u0131r durumda ve verimli kalmas\u0131n\u0131 sa\u011flaman\u0131n en etkili yoludur. Bak\u0131m, proses ve tesis operasyonlar\u0131nda \u00f6nemli bir rol oynad\u0131\u011f\u0131ndan, yaln\u0131zca \u00e7al\u0131\u015fanlar\u0131n sa\u011fl\u0131\u011f\u0131 ve g\u00fcvenli\u011fi i\u00e7in de\u011fil, ayn\u0131 zamanda i\u015fletme i\u00e7in kar marjlar\u0131n\u0131 en \u00fcst d\u00fczeye \u00e7\u0131karmak i\u00e7in de etkili bir \u015fekilde ... Read more\" \/>\n<meta property=\"og:url\" content=\"https:\/\/www.icscoolenergy.com\/tr\/hizmet\/servis-planlari\/\" \/>\n<meta property=\"og:site_name\" content=\"Turkey\" \/>\n<meta property=\"article:modified_time\" content=\"2024-11-26T11:29:51+00:00\" \/>\n<meta property=\"og:image\" content=\"https:\/\/www.icscoolenergy.com\/tr\/wp-content\/\/uploads\/2024\/04\/Contingency-Assets-Hero-scaled-1.jpg\" \/>\n<meta name=\"twitter:card\" content=\"summary_large_image\" \/>\n<meta name=\"twitter:label1\" content=\"Est. reading time\" \/>\n\t<meta name=\"twitter:data1\" content=\"2 dakika\" \/>\n<script type=\"application\/ld+json\" class=\"yoast-schema-graph\">{\"@context\":\"https:\/\/schema.org\",\"@graph\":[{\"@type\":\"WebPage\",\"@id\":\"https:\/\/www.icscoolenergy.com\/tr\/hizmet\/servis-planlari\/\",\"url\":\"https:\/\/www.icscoolenergy.com\/tr\/hizmet\/servis-planlari\/\",\"name\":\"Servis Planlar\u0131 | Turkey\",\"isPartOf\":{\"@id\":\"https:\/\/www.icscoolenergy.com\/tr\/#website\"},\"primaryImageOfPage\":{\"@id\":\"https:\/\/www.icscoolenergy.com\/tr\/hizmet\/servis-planlari\/#primaryimage\"},\"image\":{\"@id\":\"https:\/\/www.icscoolenergy.com\/tr\/hizmet\/servis-planlari\/#primaryimage\"},\"thumbnailUrl\":\"https:\/\/www.icscoolenergy.com\/tr\/wp-content\/\/uploads\/2024\/04\/Contingency-Assets-Hero-scaled-1.jpg\",\"datePublished\":\"2024-04-03T15:46:44+00:00\",\"dateModified\":\"2024-11-26T11:29:51+00:00\",\"breadcrumb\":{\"@id\":\"https:\/\/www.icscoolenergy.com\/tr\/hizmet\/servis-planlari\/#breadcrumb\"},\"inLanguage\":\"tr\",\"potentialAction\":[{\"@type\":\"ReadAction\",\"target\":[\"https:\/\/www.icscoolenergy.com\/tr\/hizmet\/servis-planlari\/\"]}]},{\"@type\":\"ImageObject\",\"inLanguage\":\"tr\",\"@id\":\"https:\/\/www.icscoolenergy.com\/tr\/hizmet\/servis-planlari\/#primaryimage\",\"url\":\"https:\/\/www.icscoolenergy.com\/wp-content\/uploads\/sites\/9\/2024\/04\/Contingency-Assets-Hero-scaled-1.jpg\",\"contentUrl\":\"https:\/\/www.icscoolenergy.com\/wp-content\/uploads\/sites\/9\/2024\/04\/Contingency-Assets-Hero-scaled-1.jpg\",\"width\":2048,\"height\":864},{\"@type\":\"BreadcrumbList\",\"@id\":\"https:\/\/www.icscoolenergy.com\/tr\/hizmet\/servis-planlari\/#breadcrumb\",\"itemListElement\":[{\"@type\":\"ListItem\",\"position\":1,\"name\":\"Home\",\"item\":\"https:\/\/www.icscoolenergy.com\/tr\/ana-sayfa\/\"},{\"@type\":\"ListItem\",\"position\":2,\"name\":\"Hizmet\",\"item\":\"https:\/\/www.icscoolenergy.com\/tr\/hizmet\/\"},{\"@type\":\"ListItem\",\"position\":3,\"name\":\"Servis Planlar\u0131\"}]},{\"@type\":\"WebSite\",\"@id\":\"https:\/\/www.icscoolenergy.com\/tr\/#website\",\"url\":\"https:\/\/www.icscoolenergy.com\/tr\/\",\"name\":\"ICS Cool Energy\",\"description\":\"The Process Temperature Control Specialists\",\"publisher\":{\"@id\":\"https:\/\/www.icscoolenergy.com\/tr\/#organization\"},\"alternateName\":\"ICS\",\"potentialAction\":[{\"@type\":\"SearchAction\",\"target\":{\"@type\":\"EntryPoint\",\"urlTemplate\":\"https:\/\/www.icscoolenergy.com\/tr\/?s={search_term_string}\"},\"query-input\":{\"@type\":\"PropertyValueSpecification\",\"valueRequired\":true,\"valueName\":\"search_term_string\"}}],\"inLanguage\":\"tr\"},{\"@type\":\"Organization\",\"@id\":\"https:\/\/www.icscoolenergy.com\/tr\/#organization\",\"name\":\"ICS Cool Energy\",\"url\":\"https:\/\/www.icscoolenergy.com\/tr\/\",\"logo\":{\"@type\":\"ImageObject\",\"inLanguage\":\"tr\",\"@id\":\"https:\/\/www.icscoolenergy.com\/tr\/#\/schema\/logo\/image\/\",\"url\":\"https:\/\/www.icscoolenergy.com\/wp-content\/uploads\/sites\/9\/2024\/01\/ics-cool-energy-logo.svg\",\"contentUrl\":\"https:\/\/www.icscoolenergy.com\/wp-content\/uploads\/sites\/9\/2024\/01\/ics-cool-energy-logo.svg\",\"caption\":\"ICS Cool Energy\"},\"image\":{\"@id\":\"https:\/\/www.icscoolenergy.com\/tr\/#\/schema\/logo\/image\/\"},\"sameAs\":[\"https:\/\/www.linkedin.com\/company\/ics-temperature-control\/\",\"https:\/\/www.youtube.com\/@ICSCoolEnergyLtd\"],\"description\":\"ICS Cool Energy is a market leader for process and critical temperature control solutions that keep all types and sizes of businesses and industry running. Our headquarters are situated in Southampton, with offices throughout the UK and Europe, employing over 250 people in the UK alone.\",\"email\":\"info@icscoolenergy.com\",\"telephone\":\"0800 840 4210\",\"legalName\":\"ICS Cool Energy Limited\",\"numberOfEmployees\":{\"@type\":\"QuantitativeValue\",\"minValue\":\"201\",\"maxValue\":\"500\"}}]}<\/script>\n<!-- \/ Yoast SEO Premium plugin. -->","yoast_head_json":{"title":"Servis Planlar\u0131 | Turkey","robots":{"index":"index","follow":"follow","max-snippet":"max-snippet:-1","max-image-preview":"max-image-preview:large","max-video-preview":"max-video-preview:-1"},"canonical":"https:\/\/www.icscoolenergy.com\/tr\/hizmet\/servis-planlari\/","og_locale":"tr_TR","og_type":"article","og_title":"Servis Planlar\u0131","og_description":"CHILLER SERVISI VE PLANLI \u00d6NLEYICI BAKIM D\u00fczenli, planl\u0131 bak\u0131m, s\u0131cakl\u0131k kontrol kurulumunuzun maksimum \u00f6mr\u00fc boyunca \u00e7al\u0131\u015f\u0131r durumda ve verimli kalmas\u0131n\u0131 sa\u011flaman\u0131n en etkili yoludur. Bak\u0131m, proses ve tesis operasyonlar\u0131nda \u00f6nemli bir rol oynad\u0131\u011f\u0131ndan, yaln\u0131zca \u00e7al\u0131\u015fanlar\u0131n sa\u011fl\u0131\u011f\u0131 ve g\u00fcvenli\u011fi i\u00e7in de\u011fil, ayn\u0131 zamanda i\u015fletme i\u00e7in kar marjlar\u0131n\u0131 en \u00fcst d\u00fczeye \u00e7\u0131karmak i\u00e7in de etkili bir \u015fekilde ... Read more","og_url":"https:\/\/www.icscoolenergy.com\/tr\/hizmet\/servis-planlari\/","og_site_name":"Turkey","article_modified_time":"2024-11-26T11:29:51+00:00","og_image":[{"url":"https:\/\/www.icscoolenergy.com\/tr\/wp-content\/\/uploads\/2024\/04\/Contingency-Assets-Hero-scaled-1.jpg","type":"","width":"","height":""}],"twitter_card":"summary_large_image","twitter_misc":{"Est. reading time":"2 dakika"},"schema":{"@context":"https:\/\/schema.org","@graph":[{"@type":"WebPage","@id":"https:\/\/www.icscoolenergy.com\/tr\/hizmet\/servis-planlari\/","url":"https:\/\/www.icscoolenergy.com\/tr\/hizmet\/servis-planlari\/","name":"Servis Planlar\u0131 | Turkey","isPartOf":{"@id":"https:\/\/www.icscoolenergy.com\/tr\/#website"},"primaryImageOfPage":{"@id":"https:\/\/www.icscoolenergy.com\/tr\/hizmet\/servis-planlari\/#primaryimage"},"image":{"@id":"https:\/\/www.icscoolenergy.com\/tr\/hizmet\/servis-planlari\/#primaryimage"},"thumbnailUrl":"https:\/\/www.icscoolenergy.com\/tr\/wp-content\/\/uploads\/2024\/04\/Contingency-Assets-Hero-scaled-1.jpg","datePublished":"2024-04-03T15:46:44+00:00","dateModified":"2024-11-26T11:29:51+00:00","breadcrumb":{"@id":"https:\/\/www.icscoolenergy.com\/tr\/hizmet\/servis-planlari\/#breadcrumb"},"inLanguage":"tr","potentialAction":[{"@type":"ReadAction","target":["https:\/\/www.icscoolenergy.com\/tr\/hizmet\/servis-planlari\/"]}]},{"@type":"ImageObject","inLanguage":"tr","@id":"https:\/\/www.icscoolenergy.com\/tr\/hizmet\/servis-planlari\/#primaryimage","url":"https:\/\/www.icscoolenergy.com\/wp-content\/uploads\/sites\/9\/2024\/04\/Contingency-Assets-Hero-scaled-1.jpg","contentUrl":"https:\/\/www.icscoolenergy.com\/wp-content\/uploads\/sites\/9\/2024\/04\/Contingency-Assets-Hero-scaled-1.jpg","width":2048,"height":864},{"@type":"BreadcrumbList","@id":"https:\/\/www.icscoolenergy.com\/tr\/hizmet\/servis-planlari\/#breadcrumb","itemListElement":[{"@type":"ListItem","position":1,"name":"Home","item":"https:\/\/www.icscoolenergy.com\/tr\/ana-sayfa\/"},{"@type":"ListItem","position":2,"name":"Hizmet","item":"https:\/\/www.icscoolenergy.com\/tr\/hizmet\/"},{"@type":"ListItem","position":3,"name":"Servis Planlar\u0131"}]},{"@type":"WebSite","@id":"https:\/\/www.icscoolenergy.com\/tr\/#website","url":"https:\/\/www.icscoolenergy.com\/tr\/","name":"ICS Cool Energy","description":"The Process Temperature Control Specialists","publisher":{"@id":"https:\/\/www.icscoolenergy.com\/tr\/#organization"},"alternateName":"ICS","potentialAction":[{"@type":"SearchAction","target":{"@type":"EntryPoint","urlTemplate":"https:\/\/www.icscoolenergy.com\/tr\/?s={search_term_string}"},"query-input":{"@type":"PropertyValueSpecification","valueRequired":true,"valueName":"search_term_string"}}],"inLanguage":"tr"},{"@type":"Organization","@id":"https:\/\/www.icscoolenergy.com\/tr\/#organization","name":"ICS Cool Energy","url":"https:\/\/www.icscoolenergy.com\/tr\/","logo":{"@type":"ImageObject","inLanguage":"tr","@id":"https:\/\/www.icscoolenergy.com\/tr\/#\/schema\/logo\/image\/","url":"https:\/\/www.icscoolenergy.com\/wp-content\/uploads\/sites\/9\/2024\/01\/ics-cool-energy-logo.svg","contentUrl":"https:\/\/www.icscoolenergy.com\/wp-content\/uploads\/sites\/9\/2024\/01\/ics-cool-energy-logo.svg","caption":"ICS Cool Energy"},"image":{"@id":"https:\/\/www.icscoolenergy.com\/tr\/#\/schema\/logo\/image\/"},"sameAs":["https:\/\/www.linkedin.com\/company\/ics-temperature-control\/","https:\/\/www.youtube.com\/@ICSCoolEnergyLtd"],"description":"ICS Cool Energy is a market leader for process and critical temperature control solutions that keep all types and sizes of businesses and industry running. Our headquarters are situated in Southampton, with offices throughout the UK and Europe, employing over 250 people in the UK alone.","email":"info@icscoolenergy.com","telephone":"0800 840 4210","legalName":"ICS Cool Energy Limited","numberOfEmployees":{"@type":"QuantitativeValue","minValue":"201","maxValue":"500"}}]}},"_links":{"self":[{"href":"https:\/\/www.icscoolenergy.com\/tr\/wp-json\/wp\/v2\/pages\/86351","targetHints":{"allow":["GET"]}}],"collection":[{"href":"https:\/\/www.icscoolenergy.com\/tr\/wp-json\/wp\/v2\/pages"}],"about":[{"href":"https:\/\/www.icscoolenergy.com\/tr\/wp-json\/wp\/v2\/types\/page"}],"author":[{"embeddable":true,"href":"https:\/\/www.icscoolenergy.com\/tr\/wp-json\/wp\/v2\/users\/1"}],"replies":[{"embeddable":true,"href":"https:\/\/www.icscoolenergy.com\/tr\/wp-json\/wp\/v2\/comments?post=86351"}],"version-history":[{"count":0,"href":"https:\/\/www.icscoolenergy.com\/tr\/wp-json\/wp\/v2\/pages\/86351\/revisions"}],"up":[{"embeddable":true,"href":"https:\/\/www.icscoolenergy.com\/tr\/wp-json\/wp\/v2\/pages\/86313"}],"wp:attachment":[{"href":"https:\/\/www.icscoolenergy.com\/tr\/wp-json\/wp\/v2\/media?parent=86351"}],"curies":[{"name":"wp","href":"https:\/\/api.w.org\/{rel}","templated":true}]}}