 
{"id":86375,"date":"2024-04-02T15:14:35","date_gmt":"2024-04-02T15:14:35","guid":{"rendered":"https:\/\/www.icscoolenergy.com\/tr\/hizmet\/anahtar-teslim-proje-yonetimi\/"},"modified":"2024-11-26T11:29:44","modified_gmt":"2024-11-26T11:29:44","slug":"anahtar-teslim-proje-yonetimi","status":"publish","type":"page","link":"https:\/\/www.icscoolenergy.com\/tr\/hizmet\/anahtar-teslim-proje-yonetimi\/","title":{"rendered":"Anahtar Teslim Proje Y\u00f6netimi"},"content":{"rendered":"\n<div class=\"mb-8 eplus-wrapper wp-block-group is-layout-flow wp-block-group-is-layout-flow\">\n<div class=\"md:relative eplus-wrapper wp-block-group is-layout-flow wp-block-group-is-layout-flow\">\n<div class=\"eplus-wrapper wp-block-cover\" style=\"min-height:451px;aspect-ratio:unset;\"><span aria-hidden=\"true\" class=\"wp-block-cover__background has-background-dim-0 has-background-dim\"><\/span><img loading=\"lazy\" decoding=\"async\" width=\"1980\" height=\"813\" class=\"wp-block-cover__image-background wp-image-84087\" alt=\"Chiller Project Management\" src=\"https:\/\/www.icscoolenergy.com\/tr\/wp-content\/uploads\/sites\/9\/2024\/04\/Chiller-Project-Management.jpg\" data-object-fit=\"cover\" srcset=\"https:\/\/www.icscoolenergy.com\/wp-content\/uploads\/sites\/9\/2024\/04\/Chiller-Project-Management.jpg 1980w, https:\/\/www.icscoolenergy.com\/wp-content\/uploads\/sites\/9\/2024\/04\/Chiller-Project-Management-300x123.jpg 300w, https:\/\/www.icscoolenergy.com\/wp-content\/uploads\/sites\/9\/2024\/04\/Chiller-Project-Management-1024x420.jpg 1024w, https:\/\/www.icscoolenergy.com\/wp-content\/uploads\/sites\/9\/2024\/04\/Chiller-Project-Management-768x315.jpg 768w, https:\/\/www.icscoolenergy.com\/wp-content\/uploads\/sites\/9\/2024\/04\/Chiller-Project-Management-50x21.jpg 50w, https:\/\/www.icscoolenergy.com\/wp-content\/uploads\/sites\/9\/2024\/04\/Chiller-Project-Management-1600x657.jpg 1600w, https:\/\/www.icscoolenergy.com\/wp-content\/uploads\/sites\/9\/2024\/04\/Chiller-Project-Management-1536x631.jpg 1536w, https:\/\/www.icscoolenergy.com\/wp-content\/uploads\/sites\/9\/2024\/04\/Chiller-Project-Management-600x246.jpg 600w\" sizes=\"auto, (max-width: 1980px) 100vw, 1980px\" \/><div class=\"wp-block-cover__inner-container is-layout-flow wp-block-cover-is-layout-flow\">\n<p class=\" has-text-align-center has-large-font-size eplus-wrapper\"><\/p>\n<\/div><\/div>\n\n\n\n<div class=\"rounded-tr-md sm:w-full md:w-[80%] md:h-fit md:top-[80%] relative md:-mt-[10%] z-[1] md:left-0 eplus-wrapper wp-block-group has-background is-layout-constrained wp-block-group-is-layout-constrained\" style=\"background-color:#eaeaef\">\n<h1 class=\"eplus-wrapper pt-8 wp-block-heading has-text-color has-link-color wp-elements-245612de87c886ea652eafe3c976df19\" id=\"h-turnkey-project-management\" style=\"color:#312f5f\">ANAHTAR TESL\u0130M PROJE Y\u00d6NET\u0130M\u0130<\/h1>\n\n\n\n<p class=\" eplus-wrapper\">Operasyonlar\u0131n\u0131z i\u00e7in tasarlanm\u0131\u015f eksiksiz proje y\u00f6netimi deste\u011fimizi ke\u015ffedin.<\/p>\n\n\n\n<p class=\" eplus-wrapper\">\u015eirket i\u00e7i tasar\u0131m ve proje y\u00f6netimi ekibimiz, proses so\u011futma, \u0131s\u0131tma veya s\u0131cakl\u0131k kontrol ekipman\u0131n\u0131z\u0131n saha ayak izinize, operasyonunuza ve \u00fcretim gereksinimlerinize g\u00f6re uyarlanmas\u0131n\u0131 sa\u011flamak i\u00e7in sizinle yak\u0131n bir \u015fekilde \u00e7al\u0131\u015facakt\u0131r.<\/p>\n\n\n\n<p class=\" eplus-wrapper\">M\u00fcmk\u00fcn olan her yerde, \u00e7\u0131kt\u0131n\u0131z\u0131n kalitesinden \u00f6d\u00fcn vermeden enerji ve b\u00fct\u00e7e tasarrufu yapman\u0131z i\u00e7in \u00f6nerilerde bulunaca\u011f\u0131z.<\/p>\n\n\n\n<p class=\" eplus-wrapper\">Mevcut en b\u00fcy\u00fck ekipman filosuna sahip Birle\u015fik Krall\u0131k&#8217;\u0131n \u00f6nde gelen chiller kurulum \u015firketi olarak, kurulumunuzu tamamlarken ge\u00e7ici \u00e7\u00f6z\u00fcmler sa\u011flayabiliriz.<\/p>\n\n\n\n<p class=\" eplus-wrapper\">Ekipman\u0131n\u0131z\u0131n \u00fcretiminiz i\u00e7in ne kadar \u00f6nemli oldu\u011funu anl\u0131yoruz ve her kurulumda s\u00fcrekli bak\u0131m i\u00e7in kolayca eri\u015filebilir olmas\u0131n\u0131 sa\u011fl\u0131yoruz ve bunu sizin i\u00e7in de halledebiliriz.<\/p>\n\n\n\n<p class=\" eplus-wrapper\">Her proje tamamlanabilir, b\u00f6ylece sahaya varabilir ve herhangi bir g\u00fc\u00e7l\u00fck \u00e7ekmeden \u00fcretiminize odaklanabilirsiniz.<\/p>\n<\/div>\n<\/div>\n\n\n\n<div style=\"height:60px\" aria-hidden=\"true\" class=\"xs:hidden md:block eplus-wrapper wp-block-spacer\"><\/div>\n<\/div>\n\n<div class=\"wp-block-group eplus-wrapper is-layout-flow wp-block-group-is-layout-flow\"><div class=\"items-center md:flex xs:grid wp-block-columns eplus-wrapper is-layout-flex wp-container-core-columns-is-layout-9d6595d7 wp-block-columns-is-layout-flex eplus-styles-uid-2aee3b\">\n<div class=\"xs:order-2 md:order-2 xs:w-full md:w-6\/12 xs:mb-12 md:mb-0 wp-block-column eplus-wrapper is-layout-flow wp-block-column-is-layout-flow\">\n<figure class=\" wp-block-image size-full is-resized eplus-wrapper\"><img loading=\"lazy\" decoding=\"async\" width=\"720\" height=\"567\" src=\"https:\/\/www.icscoolenergy.com\/tr\/wp-content\/uploads\/sites\/9\/2024\/04\/Chiller-Turnkey-Project-Management.jpg\" alt=\"Chiller Anahtar Teslim Proje Y\u00f6netimi\" class=\"wp-image-84093\" style=\"width:720px\" srcset=\"https:\/\/www.icscoolenergy.com\/wp-content\/uploads\/sites\/9\/2024\/04\/Chiller-Turnkey-Project-Management.jpg 720w, https:\/\/www.icscoolenergy.com\/wp-content\/uploads\/sites\/9\/2024\/04\/Chiller-Turnkey-Project-Management-300x236.jpg 300w, https:\/\/www.icscoolenergy.com\/wp-content\/uploads\/sites\/9\/2024\/04\/Chiller-Turnkey-Project-Management-50x39.jpg 50w, https:\/\/www.icscoolenergy.com\/wp-content\/uploads\/sites\/9\/2024\/04\/Chiller-Turnkey-Project-Management-600x473.jpg 600w\" sizes=\"auto, (max-width: 720px) 100vw, 720px\" \/><\/figure>\n<\/div>\n\n\n\n<div class=\"xs:order-1 md:order-1 xs:w-full md:w-6\/12 wp-block-column eplus-wrapper is-layout-flow wp-block-column-is-layout-flow\">\n<h3 class=\" wp-block-heading eplus-wrapper\" id=\"h-our-team-will-project-manage\"><strong>EK\u0130B\u0130M\u0130Z PROJE Y\u00d6NETECEK<\/strong><\/h3>\n\n\n\n<div class=\"wp-block-group eplus-wrapper is-content-justification-left is-nowrap is-layout-flex wp-container-core-group-is-layout-f56a869c wp-block-group-is-layout-flex\">\n<figure class=\" wp-block-image size-large is-resized eplus-wrapper\"><img loading=\"lazy\" decoding=\"async\" width=\"87\" height=\"100\" src=\"https:\/\/www.icscoolenergy.com\/tr\/wp-content\/uploads\/sites\/9\/2024\/04\/Icons-2024_compliance.svg\" alt=\"\" class=\"wp-image-79453\" style=\"width:28px;height:auto\"><\/figure>\n\n\n\n<p class=\"has-text-align-left has-text-color has-link-color eplus-wrapper wp-elements-51c4c8b9bec048467771d5d2e063a826\" style=\"color:#323130\">Sahaya teslimat<\/p>\n<\/div>\n\n\n\n<div style=\"height:8px\" aria-hidden=\"true\" class=\" wp-block-spacer eplus-wrapper\"><\/div>\n\n\n\n<div class=\"wp-block-group eplus-wrapper is-content-justification-left is-nowrap is-layout-flex wp-container-core-group-is-layout-f56a869c wp-block-group-is-layout-flex\">\n<figure class=\" wp-block-image size-large is-resized eplus-wrapper\"><img loading=\"lazy\" decoding=\"async\" width=\"87\" height=\"100\" src=\"https:\/\/www.icscoolenergy.com\/tr\/wp-content\/uploads\/sites\/9\/2024\/04\/Icons-2024_compliance.svg\" alt=\"\" class=\"wp-image-79453\" style=\"width:28px;height:auto\"><\/figure>\n\n\n\n<p class=\"has-text-align-left has-text-color has-link-color eplus-wrapper wp-elements-90c28877c95da1a756b897d2d7c5ae3a\" style=\"color:#323130\">Gereksiz ekipman\u0131n kald\u0131r\u0131lmas\u0131, hizmetten \u00e7\u0131karma ve etik bertaraf.<\/p>\n<\/div>\n\n\n\n<div style=\"height:8px\" aria-hidden=\"true\" class=\" wp-block-spacer eplus-wrapper\"><\/div>\n\n\n\n<div class=\"wp-block-group eplus-wrapper is-content-justification-left is-nowrap is-layout-flex wp-container-core-group-is-layout-f56a869c wp-block-group-is-layout-flex\">\n<figure class=\" wp-block-image size-large is-resized eplus-wrapper\"><img loading=\"lazy\" decoding=\"async\" width=\"87\" height=\"100\" src=\"https:\/\/www.icscoolenergy.com\/tr\/wp-content\/uploads\/sites\/9\/2024\/04\/Icons-2024_compliance.svg\" alt=\"\" class=\"wp-image-79453\" style=\"width:28px;height:auto\"><\/figure>\n\n\n\n<p class=\"has-text-align-left has-text-color has-link-color eplus-wrapper wp-elements-554313f822db75dc26e90b10bdacf2ad\" style=\"color:#323130\">Tamamen kaynakl\u0131\/press-fit\/ABS boru tesisat\u0131 ve \u0131s\u0131 yal\u0131t\u0131m\u0131, ayr\u0131ca asma kat konstr\u00fcksiyonu.<\/p>\n<\/div>\n\n\n\n<div style=\"height:8px\" aria-hidden=\"true\" class=\" wp-block-spacer eplus-wrapper\"><\/div>\n\n\n\n<div class=\"wp-block-group eplus-wrapper is-content-justification-left is-nowrap is-layout-flex wp-container-core-group-is-layout-f56a869c wp-block-group-is-layout-flex\">\n<figure class=\" wp-block-image size-large is-resized eplus-wrapper\"><img loading=\"lazy\" decoding=\"async\" width=\"87\" height=\"100\" src=\"https:\/\/www.icscoolenergy.com\/tr\/wp-content\/uploads\/sites\/9\/2024\/04\/Icons-2024_compliance.svg\" alt=\"\" class=\"wp-image-79453\" style=\"width:28px;height:auto\"><\/figure>\n\n\n\n<p class=\"has-text-align-left has-text-color has-link-color eplus-wrapper wp-elements-20fb67345aa7ab41495670c81b5e691b\" style=\"color:#323130\">Tanklar, pompalar, \u0131s\u0131 e\u015fanj\u00f6rleri ve kanallar.<\/p>\n<\/div>\n\n\n\n<div style=\"height:8px\" aria-hidden=\"true\" class=\" wp-block-spacer eplus-wrapper\"><\/div>\n\n\n\n<div class=\"wp-block-group eplus-wrapper is-content-justification-left is-nowrap is-layout-flex wp-container-core-group-is-layout-f56a869c wp-block-group-is-layout-flex\">\n<figure class=\" wp-block-image size-large is-resized eplus-wrapper\"><img loading=\"lazy\" decoding=\"async\" width=\"87\" height=\"100\" src=\"https:\/\/www.icscoolenergy.com\/tr\/wp-content\/uploads\/sites\/9\/2024\/04\/Icons-2024_compliance.svg\" alt=\"\" class=\"wp-image-79453\" style=\"width:28px;height:auto\"><\/figure>\n\n\n\n<p class=\"has-text-align-left has-text-color has-link-color eplus-wrapper wp-elements-06c3d472df14fa5217d973fbd99ab97d\" style=\"color:#323130\">So\u011futucular ve \u00e7evre birimleri i\u00e7in tam s\u00f6zle\u015fmeli vin\u00e7 asans\u00f6r\u00fc.<\/p>\n<\/div>\n\n\n\n<div style=\"height:8px\" aria-hidden=\"true\" class=\" wp-block-spacer eplus-wrapper\"><\/div>\n\n\n\n<div class=\"wp-block-group eplus-wrapper is-content-justification-left is-nowrap is-layout-flex wp-container-core-group-is-layout-f56a869c wp-block-group-is-layout-flex\">\n<figure class=\" wp-block-image size-large is-resized eplus-wrapper\"><img loading=\"lazy\" decoding=\"async\" width=\"87\" height=\"100\" src=\"https:\/\/www.icscoolenergy.com\/tr\/wp-content\/uploads\/sites\/9\/2024\/04\/Icons-2024_compliance.svg\" alt=\"\" class=\"wp-image-79453\" style=\"width:28px;height:auto\"><\/figure>\n\n\n\n<p class=\"has-text-align-left has-text-color has-link-color eplus-wrapper wp-elements-4ce66c37bf8320de408d078ae1c4a36a\" style=\"color:#323130\">Elektrik tesisat\u0131, BMS Entegrasyonu ve \u0131smarlama kontrol panosu imalat\u0131.<\/p>\n<\/div>\n<\/div>\n<\/div><\/div>\n\n<div style=\"height:80px\" aria-hidden=\"true\" class=\" wp-block-spacer eplus-wrapper\"><\/div>\n\n<div class=\" wp-block-cover alignfull is-light eplus-wrapper\" style=\"min-height:756px;aspect-ratio:unset;\"><span aria-hidden=\"true\" class=\"wp-block-cover__background has-white-background-color has-background-dim-100 has-background-dim\"><\/span><div class=\"wp-block-cover__inner-container is-layout-constrained wp-block-cover-is-layout-constrained\">\n<div style=\"height:80px\" aria-hidden=\"true\" class=\" wp-block-spacer eplus-wrapper\"><\/div>\n\n\n\n<div class=\"wp-block-group eplus-wrapper is-layout-constrained wp-block-group-is-layout-constrained\">\n<h3 class=\"wp-block-heading has-text-align-center has-text-color has-link-color eplus-wrapper wp-elements-f018a03099464a726bcb960cd051789e\" id=\"h-free-cooling-installation\" style=\"color:#312f5f;text-transform:uppercase\"><strong>SERBEST SO\u011eUTMA TES\u0130SATI<\/strong><\/h3>\n\n\n\n<p class=\" has-text-align-center eplus-wrapper\">S\u0131cakl\u0131k kontrol\u00fc sorununuz ne olursa olsun, &#8216;\u00e7al\u0131\u015fmas\u0131n\u0131 sa\u011flaman\u0131za&#8217; yard\u0131mc\u0131 olabiliriz.<\/p>\n<\/div>\n\n\n\n<figure class=\"wp-embed-aspect-16-9 wp-has-aspect-ratio wp-block-embed is-type-video is-provider-youtube wp-block-embed-youtube eplus-wrapper\"><div class=\"wp-block-embed__wrapper\">\n<iframe loading=\"lazy\" title=\"Free Cooling &amp; Chiller Installation\" width=\"1200\" height=\"675\" src=\"https:\/\/www.youtube.com\/embed\/uPrOtIRH4hk?feature=oembed\" frameborder=\"0\" allow=\"accelerometer; autoplay; clipboard-write; encrypted-media; gyroscope; picture-in-picture; web-share\" referrerpolicy=\"strict-origin-when-cross-origin\" allowfullscreen><\/iframe>\n<\/div><\/figure>\n\n\n\n<div style=\"height:30px\" aria-hidden=\"true\" class=\" wp-block-spacer eplus-wrapper\"><\/div>\n<\/div><\/div>\n","protected":false},"excerpt":{"rendered":"<p>ANAHTAR TESL\u0130M PROJE Y\u00d6NET\u0130M\u0130 Operasyonlar\u0131n\u0131z i\u00e7in tasarlanm\u0131\u015f eksiksiz proje y\u00f6netimi deste\u011fimizi ke\u015ffedin. \u015eirket i\u00e7i tasar\u0131m ve proje y\u00f6netimi ekibimiz, proses so\u011futma, \u0131s\u0131tma veya s\u0131cakl\u0131k kontrol ekipman\u0131n\u0131z\u0131n saha ayak izinize, operasyonunuza ve \u00fcretim gereksinimlerinize g\u00f6re uyarlanmas\u0131n\u0131 sa\u011flamak i\u00e7in sizinle yak\u0131n bir \u015fekilde \u00e7al\u0131\u015facakt\u0131r. M\u00fcmk\u00fcn olan her yerde, \u00e7\u0131kt\u0131n\u0131z\u0131n kalitesinden \u00f6d\u00fcn vermeden enerji ve b\u00fct\u00e7e tasarrufu yapman\u0131z &#8230; <a title=\"Anahtar Teslim Proje Y\u00f6netimi\" class=\"read-more\" href=\"https:\/\/www.icscoolenergy.com\/tr\/hizmet\/anahtar-teslim-proje-yonetimi\/\" aria-label=\"More on Anahtar Teslim Proje Y\u00f6netimi\">Read more<\/a><\/p>\n","protected":false},"author":1,"featured_media":0,"parent":86313,"menu_order":0,"comment_status":"closed","ping_status":"closed","template":"template-1.php","meta":{"_acf_changed":false,"inline_featured_image":false,"_editorskit_title_hidden":false,"_editorskit_reading_time":0,"_editorskit_is_block_options_detached":false,"_editorskit_block_options_position":"{}","editor_plus_copied_stylings":"{}","footnotes":""},"class_list":["post-86375","page","type-page","status-publish"],"acf":[],"yoast_head":"<!-- This site is optimized with the Yoast SEO Premium plugin v24.5 (Yoast SEO v26.9) - https:\/\/yoast.com\/product\/yoast-seo-premium-wordpress\/ -->\n<title>Anahtar Teslim Proje Y\u00f6netimi | Turkey<\/title>\n<meta name=\"robots\" content=\"index, follow, max-snippet:-1, max-image-preview:large, max-video-preview:-1\" \/>\n<link rel=\"canonical\" href=\"https:\/\/www.icscoolenergy.com\/tr\/hizmet\/anahtar-teslim-proje-yonetimi\/\" \/>\n<meta property=\"og:locale\" content=\"tr_TR\" \/>\n<meta property=\"og:type\" content=\"article\" \/>\n<meta property=\"og:title\" content=\"Anahtar Teslim Proje Y\u00f6netimi\" \/>\n<meta property=\"og:description\" content=\"ANAHTAR TESL\u0130M PROJE Y\u00d6NET\u0130M\u0130 Operasyonlar\u0131n\u0131z i\u00e7in tasarlanm\u0131\u015f eksiksiz proje y\u00f6netimi deste\u011fimizi ke\u015ffedin. \u015eirket i\u00e7i tasar\u0131m ve proje y\u00f6netimi ekibimiz, proses so\u011futma, \u0131s\u0131tma veya s\u0131cakl\u0131k kontrol ekipman\u0131n\u0131z\u0131n saha ayak izinize, operasyonunuza ve \u00fcretim gereksinimlerinize g\u00f6re uyarlanmas\u0131n\u0131 sa\u011flamak i\u00e7in sizinle yak\u0131n bir \u015fekilde \u00e7al\u0131\u015facakt\u0131r. M\u00fcmk\u00fcn olan her yerde, \u00e7\u0131kt\u0131n\u0131z\u0131n kalitesinden \u00f6d\u00fcn vermeden enerji ve b\u00fct\u00e7e tasarrufu yapman\u0131z ... Read more\" \/>\n<meta property=\"og:url\" content=\"https:\/\/www.icscoolenergy.com\/tr\/hizmet\/anahtar-teslim-proje-yonetimi\/\" \/>\n<meta property=\"og:site_name\" content=\"Turkey\" \/>\n<meta property=\"article:modified_time\" content=\"2024-11-26T11:29:44+00:00\" \/>\n<meta property=\"og:image\" content=\"https:\/\/www.icscoolenergy.com\/tr\/wp-content\/uploads\/sites\/9\/2024\/04\/Chiller-Project-Management.jpg\" \/>\n<meta name=\"twitter:card\" content=\"summary_large_image\" \/>\n<meta name=\"twitter:label1\" content=\"Est. reading time\" \/>\n\t<meta name=\"twitter:data1\" content=\"1 dakika\" \/>\n<script type=\"application\/ld+json\" class=\"yoast-schema-graph\">{\"@context\":\"https:\/\/schema.org\",\"@graph\":[{\"@type\":\"WebPage\",\"@id\":\"https:\/\/www.icscoolenergy.com\/tr\/hizmet\/anahtar-teslim-proje-yonetimi\/\",\"url\":\"https:\/\/www.icscoolenergy.com\/tr\/hizmet\/anahtar-teslim-proje-yonetimi\/\",\"name\":\"Anahtar Teslim Proje Y\u00f6netimi | Turkey\",\"isPartOf\":{\"@id\":\"https:\/\/www.icscoolenergy.com\/tr\/#website\"},\"primaryImageOfPage\":{\"@id\":\"https:\/\/www.icscoolenergy.com\/tr\/hizmet\/anahtar-teslim-proje-yonetimi\/#primaryimage\"},\"image\":{\"@id\":\"https:\/\/www.icscoolenergy.com\/tr\/hizmet\/anahtar-teslim-proje-yonetimi\/#primaryimage\"},\"thumbnailUrl\":\"https:\/\/www.icscoolenergy.com\/tr\/wp-content\/uploads\/sites\/9\/2024\/04\/Chiller-Project-Management.jpg\",\"datePublished\":\"2024-04-02T15:14:35+00:00\",\"dateModified\":\"2024-11-26T11:29:44+00:00\",\"breadcrumb\":{\"@id\":\"https:\/\/www.icscoolenergy.com\/tr\/hizmet\/anahtar-teslim-proje-yonetimi\/#breadcrumb\"},\"inLanguage\":\"tr\",\"potentialAction\":[{\"@type\":\"ReadAction\",\"target\":[\"https:\/\/www.icscoolenergy.com\/tr\/hizmet\/anahtar-teslim-proje-yonetimi\/\"]}]},{\"@type\":\"ImageObject\",\"inLanguage\":\"tr\",\"@id\":\"https:\/\/www.icscoolenergy.com\/tr\/hizmet\/anahtar-teslim-proje-yonetimi\/#primaryimage\",\"url\":\"https:\/\/www.icscoolenergy.com\/wp-content\/uploads\/sites\/9\/2024\/04\/Chiller-Project-Management.jpg\",\"contentUrl\":\"https:\/\/www.icscoolenergy.com\/wp-content\/uploads\/sites\/9\/2024\/04\/Chiller-Project-Management.jpg\",\"width\":1980,\"height\":813,\"caption\":\"Chiller Project Management\"},{\"@type\":\"BreadcrumbList\",\"@id\":\"https:\/\/www.icscoolenergy.com\/tr\/hizmet\/anahtar-teslim-proje-yonetimi\/#breadcrumb\",\"itemListElement\":[{\"@type\":\"ListItem\",\"position\":1,\"name\":\"Home\",\"item\":\"https:\/\/www.icscoolenergy.com\/tr\/ana-sayfa\/\"},{\"@type\":\"ListItem\",\"position\":2,\"name\":\"Hizmet\",\"item\":\"https:\/\/www.icscoolenergy.com\/tr\/hizmet\/\"},{\"@type\":\"ListItem\",\"position\":3,\"name\":\"Anahtar Teslim Proje Y\u00f6netimi\"}]},{\"@type\":\"WebSite\",\"@id\":\"https:\/\/www.icscoolenergy.com\/tr\/#website\",\"url\":\"https:\/\/www.icscoolenergy.com\/tr\/\",\"name\":\"ICS Cool Energy\",\"description\":\"The Process Temperature Control Specialists\",\"publisher\":{\"@id\":\"https:\/\/www.icscoolenergy.com\/tr\/#organization\"},\"alternateName\":\"ICS\",\"potentialAction\":[{\"@type\":\"SearchAction\",\"target\":{\"@type\":\"EntryPoint\",\"urlTemplate\":\"https:\/\/www.icscoolenergy.com\/tr\/?s={search_term_string}\"},\"query-input\":{\"@type\":\"PropertyValueSpecification\",\"valueRequired\":true,\"valueName\":\"search_term_string\"}}],\"inLanguage\":\"tr\"},{\"@type\":\"Organization\",\"@id\":\"https:\/\/www.icscoolenergy.com\/tr\/#organization\",\"name\":\"ICS Cool Energy\",\"url\":\"https:\/\/www.icscoolenergy.com\/tr\/\",\"logo\":{\"@type\":\"ImageObject\",\"inLanguage\":\"tr\",\"@id\":\"https:\/\/www.icscoolenergy.com\/tr\/#\/schema\/logo\/image\/\",\"url\":\"https:\/\/www.icscoolenergy.com\/wp-content\/uploads\/sites\/9\/2024\/01\/ics-cool-energy-logo.svg\",\"contentUrl\":\"https:\/\/www.icscoolenergy.com\/wp-content\/uploads\/sites\/9\/2024\/01\/ics-cool-energy-logo.svg\",\"caption\":\"ICS Cool Energy\"},\"image\":{\"@id\":\"https:\/\/www.icscoolenergy.com\/tr\/#\/schema\/logo\/image\/\"},\"sameAs\":[\"https:\/\/www.linkedin.com\/company\/ics-temperature-control\/\",\"https:\/\/www.youtube.com\/@ICSCoolEnergyLtd\"],\"description\":\"ICS Cool Energy is a market leader for process and critical temperature control solutions that keep all types and sizes of businesses and industry running. Our headquarters are situated in Southampton, with offices throughout the UK and Europe, employing over 250 people in the UK alone.\",\"email\":\"info@icscoolenergy.com\",\"telephone\":\"0800 840 4210\",\"legalName\":\"ICS Cool Energy Limited\",\"numberOfEmployees\":{\"@type\":\"QuantitativeValue\",\"minValue\":\"201\",\"maxValue\":\"500\"}}]}<\/script>\n<!-- \/ Yoast SEO Premium plugin. -->","yoast_head_json":{"title":"Anahtar Teslim Proje Y\u00f6netimi | Turkey","robots":{"index":"index","follow":"follow","max-snippet":"max-snippet:-1","max-image-preview":"max-image-preview:large","max-video-preview":"max-video-preview:-1"},"canonical":"https:\/\/www.icscoolenergy.com\/tr\/hizmet\/anahtar-teslim-proje-yonetimi\/","og_locale":"tr_TR","og_type":"article","og_title":"Anahtar Teslim Proje Y\u00f6netimi","og_description":"ANAHTAR TESL\u0130M PROJE Y\u00d6NET\u0130M\u0130 Operasyonlar\u0131n\u0131z i\u00e7in tasarlanm\u0131\u015f eksiksiz proje y\u00f6netimi deste\u011fimizi ke\u015ffedin. \u015eirket i\u00e7i tasar\u0131m ve proje y\u00f6netimi ekibimiz, proses so\u011futma, \u0131s\u0131tma veya s\u0131cakl\u0131k kontrol ekipman\u0131n\u0131z\u0131n saha ayak izinize, operasyonunuza ve \u00fcretim gereksinimlerinize g\u00f6re uyarlanmas\u0131n\u0131 sa\u011flamak i\u00e7in sizinle yak\u0131n bir \u015fekilde \u00e7al\u0131\u015facakt\u0131r. M\u00fcmk\u00fcn olan her yerde, \u00e7\u0131kt\u0131n\u0131z\u0131n kalitesinden \u00f6d\u00fcn vermeden enerji ve b\u00fct\u00e7e tasarrufu yapman\u0131z ... Read more","og_url":"https:\/\/www.icscoolenergy.com\/tr\/hizmet\/anahtar-teslim-proje-yonetimi\/","og_site_name":"Turkey","article_modified_time":"2024-11-26T11:29:44+00:00","og_image":[{"url":"https:\/\/www.icscoolenergy.com\/tr\/wp-content\/uploads\/sites\/9\/2024\/04\/Chiller-Project-Management.jpg","type":"","width":"","height":""}],"twitter_card":"summary_large_image","twitter_misc":{"Est. reading time":"1 dakika"},"schema":{"@context":"https:\/\/schema.org","@graph":[{"@type":"WebPage","@id":"https:\/\/www.icscoolenergy.com\/tr\/hizmet\/anahtar-teslim-proje-yonetimi\/","url":"https:\/\/www.icscoolenergy.com\/tr\/hizmet\/anahtar-teslim-proje-yonetimi\/","name":"Anahtar Teslim Proje Y\u00f6netimi | Turkey","isPartOf":{"@id":"https:\/\/www.icscoolenergy.com\/tr\/#website"},"primaryImageOfPage":{"@id":"https:\/\/www.icscoolenergy.com\/tr\/hizmet\/anahtar-teslim-proje-yonetimi\/#primaryimage"},"image":{"@id":"https:\/\/www.icscoolenergy.com\/tr\/hizmet\/anahtar-teslim-proje-yonetimi\/#primaryimage"},"thumbnailUrl":"https:\/\/www.icscoolenergy.com\/tr\/wp-content\/uploads\/sites\/9\/2024\/04\/Chiller-Project-Management.jpg","datePublished":"2024-04-02T15:14:35+00:00","dateModified":"2024-11-26T11:29:44+00:00","breadcrumb":{"@id":"https:\/\/www.icscoolenergy.com\/tr\/hizmet\/anahtar-teslim-proje-yonetimi\/#breadcrumb"},"inLanguage":"tr","potentialAction":[{"@type":"ReadAction","target":["https:\/\/www.icscoolenergy.com\/tr\/hizmet\/anahtar-teslim-proje-yonetimi\/"]}]},{"@type":"ImageObject","inLanguage":"tr","@id":"https:\/\/www.icscoolenergy.com\/tr\/hizmet\/anahtar-teslim-proje-yonetimi\/#primaryimage","url":"https:\/\/www.icscoolenergy.com\/wp-content\/uploads\/sites\/9\/2024\/04\/Chiller-Project-Management.jpg","contentUrl":"https:\/\/www.icscoolenergy.com\/wp-content\/uploads\/sites\/9\/2024\/04\/Chiller-Project-Management.jpg","width":1980,"height":813,"caption":"Chiller Project Management"},{"@type":"BreadcrumbList","@id":"https:\/\/www.icscoolenergy.com\/tr\/hizmet\/anahtar-teslim-proje-yonetimi\/#breadcrumb","itemListElement":[{"@type":"ListItem","position":1,"name":"Home","item":"https:\/\/www.icscoolenergy.com\/tr\/ana-sayfa\/"},{"@type":"ListItem","position":2,"name":"Hizmet","item":"https:\/\/www.icscoolenergy.com\/tr\/hizmet\/"},{"@type":"ListItem","position":3,"name":"Anahtar Teslim Proje Y\u00f6netimi"}]},{"@type":"WebSite","@id":"https:\/\/www.icscoolenergy.com\/tr\/#website","url":"https:\/\/www.icscoolenergy.com\/tr\/","name":"ICS Cool Energy","description":"The Process Temperature Control Specialists","publisher":{"@id":"https:\/\/www.icscoolenergy.com\/tr\/#organization"},"alternateName":"ICS","potentialAction":[{"@type":"SearchAction","target":{"@type":"EntryPoint","urlTemplate":"https:\/\/www.icscoolenergy.com\/tr\/?s={search_term_string}"},"query-input":{"@type":"PropertyValueSpecification","valueRequired":true,"valueName":"search_term_string"}}],"inLanguage":"tr"},{"@type":"Organization","@id":"https:\/\/www.icscoolenergy.com\/tr\/#organization","name":"ICS Cool Energy","url":"https:\/\/www.icscoolenergy.com\/tr\/","logo":{"@type":"ImageObject","inLanguage":"tr","@id":"https:\/\/www.icscoolenergy.com\/tr\/#\/schema\/logo\/image\/","url":"https:\/\/www.icscoolenergy.com\/wp-content\/uploads\/sites\/9\/2024\/01\/ics-cool-energy-logo.svg","contentUrl":"https:\/\/www.icscoolenergy.com\/wp-content\/uploads\/sites\/9\/2024\/01\/ics-cool-energy-logo.svg","caption":"ICS Cool Energy"},"image":{"@id":"https:\/\/www.icscoolenergy.com\/tr\/#\/schema\/logo\/image\/"},"sameAs":["https:\/\/www.linkedin.com\/company\/ics-temperature-control\/","https:\/\/www.youtube.com\/@ICSCoolEnergyLtd"],"description":"ICS Cool Energy is a market leader for process and critical temperature control solutions that keep all types and sizes of businesses and industry running. Our headquarters are situated in Southampton, with offices throughout the UK and Europe, employing over 250 people in the UK alone.","email":"info@icscoolenergy.com","telephone":"0800 840 4210","legalName":"ICS Cool Energy Limited","numberOfEmployees":{"@type":"QuantitativeValue","minValue":"201","maxValue":"500"}}]}},"_links":{"self":[{"href":"https:\/\/www.icscoolenergy.com\/tr\/wp-json\/wp\/v2\/pages\/86375","targetHints":{"allow":["GET"]}}],"collection":[{"href":"https:\/\/www.icscoolenergy.com\/tr\/wp-json\/wp\/v2\/pages"}],"about":[{"href":"https:\/\/www.icscoolenergy.com\/tr\/wp-json\/wp\/v2\/types\/page"}],"author":[{"embeddable":true,"href":"https:\/\/www.icscoolenergy.com\/tr\/wp-json\/wp\/v2\/users\/1"}],"replies":[{"embeddable":true,"href":"https:\/\/www.icscoolenergy.com\/tr\/wp-json\/wp\/v2\/comments?post=86375"}],"version-history":[{"count":0,"href":"https:\/\/www.icscoolenergy.com\/tr\/wp-json\/wp\/v2\/pages\/86375\/revisions"}],"up":[{"embeddable":true,"href":"https:\/\/www.icscoolenergy.com\/tr\/wp-json\/wp\/v2\/pages\/86313"}],"wp:attachment":[{"href":"https:\/\/www.icscoolenergy.com\/tr\/wp-json\/wp\/v2\/media?parent=86375"}],"curies":[{"name":"wp","href":"https:\/\/api.w.org\/{rel}","templated":true}]}}