 
{"id":86391,"date":"2024-04-08T12:03:23","date_gmt":"2024-04-08T12:03:23","guid":{"rendered":"https:\/\/www.icscoolenergy.com\/tr\/hizmet\/flowcool-glikol\/"},"modified":"2024-11-26T11:30:14","modified_gmt":"2024-11-26T11:30:14","slug":"flowcool-glikol","status":"publish","type":"page","link":"https:\/\/www.icscoolenergy.com\/tr\/hizmet\/flowcool-glikol\/","title":{"rendered":"FlowCool Glikol"},"content":{"rendered":"\n<div class=\"mb-8 eplus-wrapper wp-block-group is-layout-flow wp-block-group-is-layout-flow\">\n<div class=\"md:relative eplus-wrapper wp-block-group is-layout-flow wp-block-group-is-layout-flow\">\n<div class=\"eplus-wrapper wp-block-cover is-light\" style=\"min-height:451px;aspect-ratio:unset;\"><span aria-hidden=\"true\" class=\"wp-block-cover__background has-background-dim-0 has-background-dim\"><\/span><img loading=\"lazy\" decoding=\"async\" width=\"1980\" height=\"845\" class=\"wp-block-cover__image-background wp-image-84150\" alt=\"Glycol Flowcool\" src=\"https:\/\/www.icscoolenergy.com\/tr\/wp-content\/uploads\/sites\/9\/2024\/05\/Glycol-Flowcool.jpg\" style=\"object-position:50% 33%\" data-object-fit=\"cover\" data-object-position=\"50% 33%\" srcset=\"https:\/\/www.icscoolenergy.com\/wp-content\/uploads\/sites\/9\/2024\/05\/Glycol-Flowcool.jpg 1980w, https:\/\/www.icscoolenergy.com\/wp-content\/uploads\/sites\/9\/2024\/05\/Glycol-Flowcool-300x128.jpg 300w, https:\/\/www.icscoolenergy.com\/wp-content\/uploads\/sites\/9\/2024\/05\/Glycol-Flowcool-1024x437.jpg 1024w, https:\/\/www.icscoolenergy.com\/wp-content\/uploads\/sites\/9\/2024\/05\/Glycol-Flowcool-768x328.jpg 768w, https:\/\/www.icscoolenergy.com\/wp-content\/uploads\/sites\/9\/2024\/05\/Glycol-Flowcool-50x21.jpg 50w, https:\/\/www.icscoolenergy.com\/wp-content\/uploads\/sites\/9\/2024\/05\/Glycol-Flowcool-1600x683.jpg 1600w, https:\/\/www.icscoolenergy.com\/wp-content\/uploads\/sites\/9\/2024\/05\/Glycol-Flowcool-1536x656.jpg 1536w, https:\/\/www.icscoolenergy.com\/wp-content\/uploads\/sites\/9\/2024\/05\/Glycol-Flowcool-600x256.jpg 600w\" sizes=\"auto, (max-width: 1980px) 100vw, 1980px\" \/><div class=\"wp-block-cover__inner-container is-layout-flow wp-block-cover-is-layout-flow\">\n<p class=\" has-text-align-center has-large-font-size eplus-wrapper\"><\/p>\n<\/div><\/div>\n\n\n\n<div class=\"rounded-tr-md sm:w-full md:w-[80%] md:h-fit md:top-[80%] relative md:-mt-[10%] z-[1] md:left-0 eplus-wrapper wp-block-group has-background is-layout-constrained wp-block-group-is-layout-constrained\" style=\"background-color:#eaeaef\">\n<h1 class=\"eplus-wrapper pt-8 wp-block-heading has-text-color has-link-color wp-elements-f074fe3b2defb582d466a31913ac12da\" id=\"h-flowcool-glycol\" style=\"color:#312f5f\">FLOWCOOL GL\u0130KOL<\/h1>\n\n\n\n<p class=\" eplus-wrapper\">Glikol, \u00fcretimin durmas\u0131na neden olabilecek sistem ve ekipmanlar\u0131n donmas\u0131n\u0131 ve hasar g\u00f6rmesini \u00f6nlemek i\u00e7in tasarlanm\u0131\u015ft\u0131r. Is\u0131tma veya so\u011futma sistemlerinde \u015febeke suyu kullanmak i\u00e7in tercih edilen alternatiftir. <\/p>\n\n\n\n<p class=\" eplus-wrapper\">\u00d6nemli \u00f6l\u00e7\u00fcde organik inhibit\u00f6rler i\u00e7eren \u00f6zel olarak form\u00fcle edilmi\u015f bir FlowCool glikol bazl\u0131 \u00fcr\u00fcn yelpazesi sunuyoruz (t\u00fcm glikol \u00fcr\u00fcnleri inhibit\u00f6r i\u00e7ermez, ancak sistem korozyonunu \u00f6nlemek i\u00e7in gereklidir). End\u00fcstride tavsiye edilirler ve iki y\u00f6nl\u00fc so\u011futma ve \u0131s\u0131tma i\u015flemlerinde kullan\u0131m i\u00e7in BS5117 standard\u0131n\u0131 kar\u015f\u0131larlar. Eksiksiz \u00fcr\u00fcn yelpazesi, G\u0131da S\u0131n\u0131f\u0131 uygulamalar i\u00e7in uygun end\u00fcstriyel s\u0131n\u0131f glikol ve biyolojik olarak par\u00e7alanabilen glikol i\u00e7erir.  <\/p>\n\n\n\n<p class=\" eplus-wrapper\">Hepsi 5l, 25l ve 1.000l lBC&#8217;lerde ertesi g\u00fcn teslimat i\u00e7in mevcuttur.<\/p>\n<\/div>\n<\/div>\n\n\n\n<div style=\"height:60px\" aria-hidden=\"true\" class=\"xs:hidden md:block eplus-wrapper wp-block-spacer\"><\/div>\n<\/div>\n<figure class=\"wp-embed-aspect-16-9 wp-has-aspect-ratio wp-block-embed aligncenter is-type-video is-provider-youtube wp-block-embed-youtube eplus-wrapper eplus-styles-uid-c899e1\"><div class=\"wp-block-embed__wrapper\"> \n<iframe loading=\"lazy\" title=\"Uninhibited Glycol - Time lapse video\" width=\"1200\" height=\"675\" src=\"https:\/\/www.youtube.com\/embed\/Z61uUV_7OpU?feature=oembed\" frameborder=\"0\" allow=\"accelerometer; autoplay; clipboard-write; encrypted-media; gyroscope; picture-in-picture; web-share\" referrerpolicy=\"strict-origin-when-cross-origin\" allowfullscreen><\/iframe>\n <\/div><\/figure>\n<div class=\"px-0 pt-12 pb-8 wp-block-group eplus-wrapper is-layout-flow wp-block-group-is-layout-flow\"><div class=\"p-0 is-not-stacked-on-mbile has-background rounded-2xl items-center lg:flex xs:grid wp-block-columns eplus-wrapper is-layout-flex wp-container-core-columns-is-layout-9d6595d7 wp-block-columns-is-layout-flex eplus-styles-uid-cd22ef\" style=\"background-color:#eaeaef\">\n<div class=\"wp-block-column eplus-wrapper is-layout-flow wp-block-column-is-layout-flow\">\n<h3 class=\"mb-12 wp-block-heading has-text-align-left eplus-wrapper\" id=\"h-downloads\">IND\u0130RME<\/h3>\n\n\n\n<div class=\"gap-x-8 md:grid md:grid-rows-auto md:auto md:grid-cols-2 xs:block justify-between wp-block-group eplus-wrapper is-layout-flow wp-block-group-is-layout-flow\"><div class=\"download_div flex justify-between w-full py-6 sm:px-10 xs:px-6  rounded wp-block-file has-white-background-color has-background eplus-wrapper eplus-styles-uid-87c690\"><a id=\"wp-block-file--media-114be661-f6b3-4620-ab0b-d3a626bd490a\" href=\"https:\/\/www.icscoolenergy.com\/tr\/wp-content\/uploads\/sites\/9\/2024\/04\/FLOWCOOL-IG-2015-1.pdf\" target=\"_blank\" rel=\"noreferrer noopener\"><strong>FlowCool-IG (End\u00fcstriyel S\u0131n\u0131f Glikol)<\/strong><br>PDF<\/a><a href=\"https:\/\/www.icscoolenergy.com\/tr\/wp-content\/uploads\/sites\/9\/2024\/04\/FLOWCOOL-IG-2015-1.pdf\" class=\"wp-block-file__button wp-element-button\" download=\"\" aria-describedby=\"wp-block-file--media-114be661-f6b3-4620-ab0b-d3a626bd490a\"><img decoding=\"async\" class=\"wp-image-79903\" style=\"width: 26px;\" src=\"https:\/\/icsdevelopment.wpenginepowered.com\/wp-content\/uploads\/sites\/9\/2024\/03\/Group.svg\" alt=\"\"><span class=\"eplus-icon\"><span data-style=\"{\" enabled=\"\" style=\"border-radius:0px;\" class=\"eplus-icon\"><\/span><\/span> <\/a><\/div>\n\n<div class=\"download_div flex justify-between w-full py-6 sm:px-10 xs:px-6  rounded wp-block-file has-white-background-color has-background eplus-wrapper eplus-styles-uid-87c690\"><a id=\"wp-block-file--media-114be661-f6b3-4620-ab0b-d3a626bd490a\" href=\"https:\/\/www.icscoolenergy.com\/tr\/wp-content\/uploads\/sites\/9\/2024\/04\/FLOWCOOL-PLUS-2015.pdf\" target=\"_blank\" rel=\"noreferrer noopener\"><strong>FlowCool-Plus (Mono Propilen Glikol)<\/strong><br>PDF<\/a><a href=\"https:\/\/www.icscoolenergy.com\/tr\/wp-content\/uploads\/sites\/9\/2024\/04\/FLOWCOOL-PLUS-2015.pdf\" class=\"wp-block-file__button wp-element-button\" download=\"\" aria-describedby=\"wp-block-file--media-114be661-f6b3-4620-ab0b-d3a626bd490a\"><img decoding=\"async\" class=\"wp-image-79903\" style=\"width: 26px;\" src=\"https:\/\/icsdevelopment.wpenginepowered.com\/wp-content\/uploads\/sites\/9\/2024\/03\/Group.svg\" alt=\"\"><span class=\"eplus-icon\"><span data-style=\"{\" enabled=\"\" style=\"border-radius:0px;\" class=\"eplus-icon\"><\/span><\/span> <\/a><\/div>\n\n<div class=\"download_div flex justify-between w-full py-6 sm:px-10 xs:px-6  rounded wp-block-file has-white-background-color has-background eplus-wrapper eplus-styles-uid-87c690\"><a id=\"wp-block-file--media-114be661-f6b3-4620-ab0b-d3a626bd490a\" href=\"https:\/\/www.icscoolenergy.com\/tr\/wp-content\/uploads\/sites\/9\/2024\/04\/FLOWCOOL-FS-2015-copy.pdf\" target=\"_blank\" rel=\"noreferrer noopener\"><strong>FlowCool-FS (Mono Propilen Glikol)<\/strong><br>PDF<\/a><a href=\"https:\/\/www.icscoolenergy.com\/tr\/wp-content\/uploads\/sites\/9\/2024\/04\/FLOWCOOL-FS-2015-copy.pdf\" class=\"wp-block-file__button wp-element-button\" download=\"\" aria-describedby=\"wp-block-file--media-114be661-f6b3-4620-ab0b-d3a626bd490a\"><img decoding=\"async\" class=\"wp-image-79903\" style=\"width: 26px;\" src=\"https:\/\/icsdevelopment.wpenginepowered.com\/wp-content\/uploads\/sites\/9\/2024\/03\/Group.svg\" alt=\"\"><span class=\"eplus-icon\"><span data-style=\"{\" enabled=\"\" style=\"border-radius:0px;\" class=\"eplus-icon\"><\/span><\/span> <\/a><\/div><\/div>\n<\/div>\n<\/div><\/div>\n\n<div style=\"height:100px\" aria-hidden=\"true\" class=\" wp-block-spacer eplus-wrapper\"><\/div>\n","protected":false},"excerpt":{"rendered":"<p>FLOWCOOL GL\u0130KOL Glikol, \u00fcretimin durmas\u0131na neden olabilecek sistem ve ekipmanlar\u0131n donmas\u0131n\u0131 ve hasar g\u00f6rmesini \u00f6nlemek i\u00e7in tasarlanm\u0131\u015ft\u0131r. Is\u0131tma veya so\u011futma sistemlerinde \u015febeke suyu kullanmak i\u00e7in tercih edilen alternatiftir. \u00d6nemli \u00f6l\u00e7\u00fcde organik inhibit\u00f6rler i\u00e7eren \u00f6zel olarak form\u00fcle edilmi\u015f bir FlowCool glikol bazl\u0131 \u00fcr\u00fcn yelpazesi sunuyoruz (t\u00fcm glikol \u00fcr\u00fcnleri inhibit\u00f6r i\u00e7ermez, ancak sistem korozyonunu \u00f6nlemek i\u00e7in gereklidir). &#8230; <a title=\"FlowCool Glikol\" class=\"read-more\" href=\"https:\/\/www.icscoolenergy.com\/tr\/hizmet\/flowcool-glikol\/\" aria-label=\"More on FlowCool Glikol\">Read more<\/a><\/p>\n","protected":false},"author":1,"featured_media":0,"parent":86313,"menu_order":0,"comment_status":"closed","ping_status":"closed","template":"template-1.php","meta":{"_acf_changed":false,"inline_featured_image":false,"_editorskit_title_hidden":false,"_editorskit_reading_time":0,"_editorskit_is_block_options_detached":false,"_editorskit_block_options_position":"{}","editor_plus_copied_stylings":"{}","footnotes":""},"class_list":["post-86391","page","type-page","status-publish"],"acf":[],"yoast_head":"<!-- This site is optimized with the Yoast SEO Premium plugin v24.5 (Yoast SEO v26.9) - https:\/\/yoast.com\/product\/yoast-seo-premium-wordpress\/ -->\n<title>FlowCool Glikol | Turkey<\/title>\n<meta name=\"robots\" content=\"index, follow, max-snippet:-1, max-image-preview:large, max-video-preview:-1\" \/>\n<link rel=\"canonical\" href=\"https:\/\/www.icscoolenergy.com\/tr\/hizmet\/flowcool-glikol\/\" \/>\n<meta property=\"og:locale\" content=\"tr_TR\" \/>\n<meta property=\"og:type\" content=\"article\" \/>\n<meta property=\"og:title\" content=\"FlowCool Glikol\" \/>\n<meta property=\"og:description\" content=\"FLOWCOOL GL\u0130KOL Glikol, \u00fcretimin durmas\u0131na neden olabilecek sistem ve ekipmanlar\u0131n donmas\u0131n\u0131 ve hasar g\u00f6rmesini \u00f6nlemek i\u00e7in tasarlanm\u0131\u015ft\u0131r. Is\u0131tma veya so\u011futma sistemlerinde \u015febeke suyu kullanmak i\u00e7in tercih edilen alternatiftir. \u00d6nemli \u00f6l\u00e7\u00fcde organik inhibit\u00f6rler i\u00e7eren \u00f6zel olarak form\u00fcle edilmi\u015f bir FlowCool glikol bazl\u0131 \u00fcr\u00fcn yelpazesi sunuyoruz (t\u00fcm glikol \u00fcr\u00fcnleri inhibit\u00f6r i\u00e7ermez, ancak sistem korozyonunu \u00f6nlemek i\u00e7in gereklidir). ... Read more\" \/>\n<meta property=\"og:url\" content=\"https:\/\/www.icscoolenergy.com\/tr\/hizmet\/flowcool-glikol\/\" \/>\n<meta property=\"og:site_name\" content=\"Turkey\" \/>\n<meta property=\"article:modified_time\" content=\"2024-11-26T11:30:14+00:00\" \/>\n<meta property=\"og:image\" content=\"https:\/\/www.icscoolenergy.com\/tr\/wp-content\/uploads\/sites\/9\/2024\/05\/Glycol-Flowcool.jpg\" \/>\n<meta name=\"twitter:card\" content=\"summary_large_image\" \/>\n<meta name=\"twitter:label1\" content=\"Est. reading time\" \/>\n\t<meta name=\"twitter:data1\" content=\"1 dakika\" \/>\n<script type=\"application\/ld+json\" class=\"yoast-schema-graph\">{\"@context\":\"https:\/\/schema.org\",\"@graph\":[{\"@type\":\"WebPage\",\"@id\":\"https:\/\/www.icscoolenergy.com\/tr\/hizmet\/flowcool-glikol\/\",\"url\":\"https:\/\/www.icscoolenergy.com\/tr\/hizmet\/flowcool-glikol\/\",\"name\":\"FlowCool Glikol | Turkey\",\"isPartOf\":{\"@id\":\"https:\/\/www.icscoolenergy.com\/tr\/#website\"},\"primaryImageOfPage\":{\"@id\":\"https:\/\/www.icscoolenergy.com\/tr\/hizmet\/flowcool-glikol\/#primaryimage\"},\"image\":{\"@id\":\"https:\/\/www.icscoolenergy.com\/tr\/hizmet\/flowcool-glikol\/#primaryimage\"},\"thumbnailUrl\":\"https:\/\/www.icscoolenergy.com\/tr\/wp-content\/uploads\/sites\/9\/2024\/05\/Glycol-Flowcool.jpg\",\"datePublished\":\"2024-04-08T12:03:23+00:00\",\"dateModified\":\"2024-11-26T11:30:14+00:00\",\"breadcrumb\":{\"@id\":\"https:\/\/www.icscoolenergy.com\/tr\/hizmet\/flowcool-glikol\/#breadcrumb\"},\"inLanguage\":\"tr\",\"potentialAction\":[{\"@type\":\"ReadAction\",\"target\":[\"https:\/\/www.icscoolenergy.com\/tr\/hizmet\/flowcool-glikol\/\"]}]},{\"@type\":\"ImageObject\",\"inLanguage\":\"tr\",\"@id\":\"https:\/\/www.icscoolenergy.com\/tr\/hizmet\/flowcool-glikol\/#primaryimage\",\"url\":\"https:\/\/www.icscoolenergy.com\/wp-content\/uploads\/sites\/9\/2024\/05\/Glycol-Flowcool.jpg\",\"contentUrl\":\"https:\/\/www.icscoolenergy.com\/wp-content\/uploads\/sites\/9\/2024\/05\/Glycol-Flowcool.jpg\",\"width\":1980,\"height\":845,\"caption\":\"Glycol Flowcool\"},{\"@type\":\"BreadcrumbList\",\"@id\":\"https:\/\/www.icscoolenergy.com\/tr\/hizmet\/flowcool-glikol\/#breadcrumb\",\"itemListElement\":[{\"@type\":\"ListItem\",\"position\":1,\"name\":\"Home\",\"item\":\"https:\/\/www.icscoolenergy.com\/tr\/ana-sayfa\/\"},{\"@type\":\"ListItem\",\"position\":2,\"name\":\"Hizmet\",\"item\":\"https:\/\/www.icscoolenergy.com\/tr\/hizmet\/\"},{\"@type\":\"ListItem\",\"position\":3,\"name\":\"FlowCool Glikol\"}]},{\"@type\":\"WebSite\",\"@id\":\"https:\/\/www.icscoolenergy.com\/tr\/#website\",\"url\":\"https:\/\/www.icscoolenergy.com\/tr\/\",\"name\":\"ICS Cool Energy\",\"description\":\"The Process Temperature Control Specialists\",\"publisher\":{\"@id\":\"https:\/\/www.icscoolenergy.com\/tr\/#organization\"},\"alternateName\":\"ICS\",\"potentialAction\":[{\"@type\":\"SearchAction\",\"target\":{\"@type\":\"EntryPoint\",\"urlTemplate\":\"https:\/\/www.icscoolenergy.com\/tr\/?s={search_term_string}\"},\"query-input\":{\"@type\":\"PropertyValueSpecification\",\"valueRequired\":true,\"valueName\":\"search_term_string\"}}],\"inLanguage\":\"tr\"},{\"@type\":\"Organization\",\"@id\":\"https:\/\/www.icscoolenergy.com\/tr\/#organization\",\"name\":\"ICS Cool Energy\",\"url\":\"https:\/\/www.icscoolenergy.com\/tr\/\",\"logo\":{\"@type\":\"ImageObject\",\"inLanguage\":\"tr\",\"@id\":\"https:\/\/www.icscoolenergy.com\/tr\/#\/schema\/logo\/image\/\",\"url\":\"https:\/\/www.icscoolenergy.com\/wp-content\/uploads\/sites\/9\/2024\/01\/ics-cool-energy-logo.svg\",\"contentUrl\":\"https:\/\/www.icscoolenergy.com\/wp-content\/uploads\/sites\/9\/2024\/01\/ics-cool-energy-logo.svg\",\"caption\":\"ICS Cool Energy\"},\"image\":{\"@id\":\"https:\/\/www.icscoolenergy.com\/tr\/#\/schema\/logo\/image\/\"},\"sameAs\":[\"https:\/\/www.linkedin.com\/company\/ics-temperature-control\/\",\"https:\/\/www.youtube.com\/@ICSCoolEnergyLtd\"],\"description\":\"ICS Cool Energy is a market leader for process and critical temperature control solutions that keep all types and sizes of businesses and industry running. Our headquarters are situated in Southampton, with offices throughout the UK and Europe, employing over 250 people in the UK alone.\",\"email\":\"info@icscoolenergy.com\",\"telephone\":\"0800 840 4210\",\"legalName\":\"ICS Cool Energy Limited\",\"numberOfEmployees\":{\"@type\":\"QuantitativeValue\",\"minValue\":\"201\",\"maxValue\":\"500\"}}]}<\/script>\n<!-- \/ Yoast SEO Premium plugin. -->","yoast_head_json":{"title":"FlowCool Glikol | Turkey","robots":{"index":"index","follow":"follow","max-snippet":"max-snippet:-1","max-image-preview":"max-image-preview:large","max-video-preview":"max-video-preview:-1"},"canonical":"https:\/\/www.icscoolenergy.com\/tr\/hizmet\/flowcool-glikol\/","og_locale":"tr_TR","og_type":"article","og_title":"FlowCool Glikol","og_description":"FLOWCOOL GL\u0130KOL Glikol, \u00fcretimin durmas\u0131na neden olabilecek sistem ve ekipmanlar\u0131n donmas\u0131n\u0131 ve hasar g\u00f6rmesini \u00f6nlemek i\u00e7in tasarlanm\u0131\u015ft\u0131r. Is\u0131tma veya so\u011futma sistemlerinde \u015febeke suyu kullanmak i\u00e7in tercih edilen alternatiftir. \u00d6nemli \u00f6l\u00e7\u00fcde organik inhibit\u00f6rler i\u00e7eren \u00f6zel olarak form\u00fcle edilmi\u015f bir FlowCool glikol bazl\u0131 \u00fcr\u00fcn yelpazesi sunuyoruz (t\u00fcm glikol \u00fcr\u00fcnleri inhibit\u00f6r i\u00e7ermez, ancak sistem korozyonunu \u00f6nlemek i\u00e7in gereklidir). ... Read more","og_url":"https:\/\/www.icscoolenergy.com\/tr\/hizmet\/flowcool-glikol\/","og_site_name":"Turkey","article_modified_time":"2024-11-26T11:30:14+00:00","og_image":[{"url":"https:\/\/www.icscoolenergy.com\/tr\/wp-content\/uploads\/sites\/9\/2024\/05\/Glycol-Flowcool.jpg","type":"","width":"","height":""}],"twitter_card":"summary_large_image","twitter_misc":{"Est. reading time":"1 dakika"},"schema":{"@context":"https:\/\/schema.org","@graph":[{"@type":"WebPage","@id":"https:\/\/www.icscoolenergy.com\/tr\/hizmet\/flowcool-glikol\/","url":"https:\/\/www.icscoolenergy.com\/tr\/hizmet\/flowcool-glikol\/","name":"FlowCool Glikol | Turkey","isPartOf":{"@id":"https:\/\/www.icscoolenergy.com\/tr\/#website"},"primaryImageOfPage":{"@id":"https:\/\/www.icscoolenergy.com\/tr\/hizmet\/flowcool-glikol\/#primaryimage"},"image":{"@id":"https:\/\/www.icscoolenergy.com\/tr\/hizmet\/flowcool-glikol\/#primaryimage"},"thumbnailUrl":"https:\/\/www.icscoolenergy.com\/tr\/wp-content\/uploads\/sites\/9\/2024\/05\/Glycol-Flowcool.jpg","datePublished":"2024-04-08T12:03:23+00:00","dateModified":"2024-11-26T11:30:14+00:00","breadcrumb":{"@id":"https:\/\/www.icscoolenergy.com\/tr\/hizmet\/flowcool-glikol\/#breadcrumb"},"inLanguage":"tr","potentialAction":[{"@type":"ReadAction","target":["https:\/\/www.icscoolenergy.com\/tr\/hizmet\/flowcool-glikol\/"]}]},{"@type":"ImageObject","inLanguage":"tr","@id":"https:\/\/www.icscoolenergy.com\/tr\/hizmet\/flowcool-glikol\/#primaryimage","url":"https:\/\/www.icscoolenergy.com\/wp-content\/uploads\/sites\/9\/2024\/05\/Glycol-Flowcool.jpg","contentUrl":"https:\/\/www.icscoolenergy.com\/wp-content\/uploads\/sites\/9\/2024\/05\/Glycol-Flowcool.jpg","width":1980,"height":845,"caption":"Glycol Flowcool"},{"@type":"BreadcrumbList","@id":"https:\/\/www.icscoolenergy.com\/tr\/hizmet\/flowcool-glikol\/#breadcrumb","itemListElement":[{"@type":"ListItem","position":1,"name":"Home","item":"https:\/\/www.icscoolenergy.com\/tr\/ana-sayfa\/"},{"@type":"ListItem","position":2,"name":"Hizmet","item":"https:\/\/www.icscoolenergy.com\/tr\/hizmet\/"},{"@type":"ListItem","position":3,"name":"FlowCool Glikol"}]},{"@type":"WebSite","@id":"https:\/\/www.icscoolenergy.com\/tr\/#website","url":"https:\/\/www.icscoolenergy.com\/tr\/","name":"ICS Cool Energy","description":"The Process Temperature Control Specialists","publisher":{"@id":"https:\/\/www.icscoolenergy.com\/tr\/#organization"},"alternateName":"ICS","potentialAction":[{"@type":"SearchAction","target":{"@type":"EntryPoint","urlTemplate":"https:\/\/www.icscoolenergy.com\/tr\/?s={search_term_string}"},"query-input":{"@type":"PropertyValueSpecification","valueRequired":true,"valueName":"search_term_string"}}],"inLanguage":"tr"},{"@type":"Organization","@id":"https:\/\/www.icscoolenergy.com\/tr\/#organization","name":"ICS Cool Energy","url":"https:\/\/www.icscoolenergy.com\/tr\/","logo":{"@type":"ImageObject","inLanguage":"tr","@id":"https:\/\/www.icscoolenergy.com\/tr\/#\/schema\/logo\/image\/","url":"https:\/\/www.icscoolenergy.com\/wp-content\/uploads\/sites\/9\/2024\/01\/ics-cool-energy-logo.svg","contentUrl":"https:\/\/www.icscoolenergy.com\/wp-content\/uploads\/sites\/9\/2024\/01\/ics-cool-energy-logo.svg","caption":"ICS Cool Energy"},"image":{"@id":"https:\/\/www.icscoolenergy.com\/tr\/#\/schema\/logo\/image\/"},"sameAs":["https:\/\/www.linkedin.com\/company\/ics-temperature-control\/","https:\/\/www.youtube.com\/@ICSCoolEnergyLtd"],"description":"ICS Cool Energy is a market leader for process and critical temperature control solutions that keep all types and sizes of businesses and industry running. Our headquarters are situated in Southampton, with offices throughout the UK and Europe, employing over 250 people in the UK alone.","email":"info@icscoolenergy.com","telephone":"0800 840 4210","legalName":"ICS Cool Energy Limited","numberOfEmployees":{"@type":"QuantitativeValue","minValue":"201","maxValue":"500"}}]}},"_links":{"self":[{"href":"https:\/\/www.icscoolenergy.com\/tr\/wp-json\/wp\/v2\/pages\/86391","targetHints":{"allow":["GET"]}}],"collection":[{"href":"https:\/\/www.icscoolenergy.com\/tr\/wp-json\/wp\/v2\/pages"}],"about":[{"href":"https:\/\/www.icscoolenergy.com\/tr\/wp-json\/wp\/v2\/types\/page"}],"author":[{"embeddable":true,"href":"https:\/\/www.icscoolenergy.com\/tr\/wp-json\/wp\/v2\/users\/1"}],"replies":[{"embeddable":true,"href":"https:\/\/www.icscoolenergy.com\/tr\/wp-json\/wp\/v2\/comments?post=86391"}],"version-history":[{"count":0,"href":"https:\/\/www.icscoolenergy.com\/tr\/wp-json\/wp\/v2\/pages\/86391\/revisions"}],"up":[{"embeddable":true,"href":"https:\/\/www.icscoolenergy.com\/tr\/wp-json\/wp\/v2\/pages\/86313"}],"wp:attachment":[{"href":"https:\/\/www.icscoolenergy.com\/tr\/wp-json\/wp\/v2\/media?parent=86391"}],"curies":[{"name":"wp","href":"https:\/\/api.w.org\/{rel}","templated":true}]}}