 
{"id":86403,"date":"2024-04-09T13:31:15","date_gmt":"2024-04-09T13:31:15","guid":{"rendered":"https:\/\/www.icscoolenergy.com\/tr\/hakkimizda\/tarih\/"},"modified":"2024-11-26T11:30:15","modified_gmt":"2024-11-26T11:30:15","slug":"tarih","status":"publish","type":"page","link":"https:\/\/www.icscoolenergy.com\/tr\/hakkimizda\/tarih\/","title":{"rendered":"Tarih"},"content":{"rendered":"\n<div class=\"mb-8 eplus-wrapper wp-block-group is-layout-flow wp-block-group-is-layout-flow\">\n<div class=\"md:relative eplus-wrapper wp-block-group is-layout-flow wp-block-group-is-layout-flow\">\n<div class=\"eplus-wrapper wp-block-cover is-light\" style=\"min-height:451px;aspect-ratio:unset;\"><span aria-hidden=\"true\" class=\"wp-block-cover__background has-background-dim-0 has-background-dim\"><\/span><img loading=\"lazy\" decoding=\"async\" width=\"1980\" height=\"990\" class=\"wp-block-cover__image-background wp-image-84318\" alt=\"A brief history\" src=\"https:\/\/www.icscoolenergy.com\/tr\/wp-content\/uploads\/sites\/9\/2024\/05\/A-breif-history.jpg\" style=\"object-position:21% 85%\" data-object-fit=\"cover\" data-object-position=\"21% 85%\" srcset=\"https:\/\/www.icscoolenergy.com\/wp-content\/uploads\/sites\/9\/2024\/05\/A-breif-history.jpg 1980w, https:\/\/www.icscoolenergy.com\/wp-content\/uploads\/sites\/9\/2024\/05\/A-breif-history-300x150.jpg 300w, https:\/\/www.icscoolenergy.com\/wp-content\/uploads\/sites\/9\/2024\/05\/A-breif-history-1024x512.jpg 1024w, https:\/\/www.icscoolenergy.com\/wp-content\/uploads\/sites\/9\/2024\/05\/A-breif-history-768x384.jpg 768w, https:\/\/www.icscoolenergy.com\/wp-content\/uploads\/sites\/9\/2024\/05\/A-breif-history-50x25.jpg 50w, https:\/\/www.icscoolenergy.com\/wp-content\/uploads\/sites\/9\/2024\/05\/A-breif-history-1600x800.jpg 1600w, https:\/\/www.icscoolenergy.com\/wp-content\/uploads\/sites\/9\/2024\/05\/A-breif-history-1536x768.jpg 1536w, https:\/\/www.icscoolenergy.com\/wp-content\/uploads\/sites\/9\/2024\/05\/A-breif-history-600x300.jpg 600w\" sizes=\"auto, (max-width: 1980px) 100vw, 1980px\" \/><div class=\"wp-block-cover__inner-container is-layout-flow wp-block-cover-is-layout-flow\">\n<p class=\" has-text-align-center has-large-font-size eplus-wrapper\"><\/p>\n<\/div><\/div>\n\n\n\n<div class=\"rounded-tr-md sm:w-full md:w-[80%] md:h-fit md:top-[80%] relative md:-mt-[10%] z-[1] md:left-0 eplus-wrapper wp-block-group has-background is-layout-constrained wp-block-group-is-layout-constrained\" style=\"background-color:#eaeaef\">\n<h1 class=\"eplus-wrapper pt-8 wp-block-heading has-text-color has-link-color wp-elements-c2e33047401e442f02604a1de29bde88\" style=\"color:#312f5f\">SICAKLIK KONTROL\u00dcNDE LIDERIN NASIL BA\u015eLADI\u011eINI KE\u015eFEDIN<\/h1>\n\n\n\n<p class=\" eplus-wrapper\">K\u00fc\u00e7\u00fck ba\u015flang\u0131\u00e7lardan uluslararas\u0131 s\u0131cakl\u0131k kontrol liderine.<\/p>\n<\/div>\n<\/div>\n\n\n\n<div style=\"height:60px\" aria-hidden=\"true\" class=\"xs:hidden md:block eplus-wrapper wp-block-spacer\"><\/div>\n<\/div>\n\n<div class=\"flex flex-row flex-wrap md:flex-nowrap sm:justify-center sm:items-center wp-block-group eplus-wrapper is-layout-constrained wp-block-group-is-layout-constrained\">\n<div class=\"w-full p-2 m-2 wp-block-group eplus-wrapper is-vertical is-layout-flex wp-container-core-group-is-layout-8cf370e7 wp-block-group-is-layout-flex\">\n<p class=\"has-text-color has-link-color eplus-wrapper wp-elements-7c617b7f09b01c6beafae65b13f3c798\" style=\"color:#323130\">ICS Cool Energy ilk olarak 1989 y\u0131l\u0131nda Bradford ve Southampton&#8217;da depolar\u0131 bulunan End\u00fcstriyel So\u011futma Sistemleri olarak kuruldu. Geni\u015fleme doksanl\u0131 y\u0131llar\u0131n ortalar\u0131nda da devam etti ve \u015firket Birle\u015fik Krall\u0131k&#8217;ta yeni ofisler a\u00e7t\u0131. <\/p>\n\n\n\n<p class=\"has-text-color has-link-color eplus-wrapper wp-elements-6e1c5cec191ec6c503b6512e1e0b82f4\" style=\"color:#323130\">2003 y\u0131l\u0131nda, uzman bir s\u0131cakl\u0131k kiralama \u015firketi olan Cool Energy kuruldu ve daha sonra 2005 y\u0131l\u0131nda End\u00fcstriyel So\u011futma Sistemleri ile birle\u015ferek ICS Cool Energy&#8217;yi olu\u015fturdu Ltd. ICS Cool Energy Almanya, \u0130svi\u00e7re, Benel\u00fcks ve Fransa&#8217;ya geni\u015fledi ve 2013&#8217;ten 2018&#8217;e kadar gelirini %20&#8217;den fazla CAGR ile art\u0131rd\u0131.   <\/p>\n\n\n\n<p class=\"has-text-color has-link-color eplus-wrapper wp-elements-8bb6b681a80c95fdba896abef7c88a77\" style=\"color:#323130\">Ocak 2018&#8217;de ICS Cool Energy Ltd, konforlu, s\u00fcrd\u00fcr\u00fclebilir ve verimli ortamlar yaratmada d\u00fcnya lideri olan Ingersoll-Rand PLC taraf\u0131ndan sat\u0131n al\u0131nd\u0131.<\/p>\n\n\n\n<p class=\"has-text-color has-link-color eplus-wrapper wp-elements-5683f13e98dc9c7adcf4713618c6eeac\" style=\"color:#323130\">2020&#8217;de <a href=\"https:\/\/www.tranetechnologies.com\/en\/index.html\">Trane Technologies<\/a> , 1997&#8217;de Thermo King&#8217;in ve 2008&#8217;de Trane&#8217;in Ingersoll-Rand&#8217;\u0131 sat\u0131n almas\u0131yla kuruldu. Trane Technologies, sekt\u00f6rdeki en iyi \u015firketlerden olu\u015fan \u00e7e\u015fitli bir portf\u00f6y\u00fcn yan\u0131 s\u0131ra, gezegenimiz i\u00e7in s\u00fcrd\u00fcr\u00fclebilir bir gelecek yaratmaya odaklan\u0131yor. <\/p>\n\n\n\n<p class=\"has-text-color has-link-color eplus-wrapper wp-elements-724bb86dca4722b0d0418c2f3b469b18\" style=\"color:#323130\">Bug\u00fcn, ICS Cool Energy, Avrupa \u00e7ap\u0131ndaki t\u00fcm end\u00fcstrilerde kiralama, sermaye ekipman\u0131 sat\u0131\u015f\u0131, planl\u0131 \u00f6nleyici bak\u0131m ve acil ar\u0131za deste\u011fi dahil olmak \u00fczere kritik ve \u00fcretim s\u00fcre\u00e7leri i\u00e7in rakipsiz bir s\u0131cakl\u0131k kontrol \u00e7\u00f6z\u00fcmleri yelpazesi sunmaktad\u0131r.<\/p>\n<\/div>\n<\/div>\n\n<div style=\"height:43px\" aria-hidden=\"true\" class=\" wp-block-spacer eplus-wrapper\"><\/div>\n\n<div class=\"flex flex-row flex-wrap md:flex-nowrap sm:justify-center sm:items-center wp-block-group eplus-wrapper is-layout-constrained wp-block-group-is-layout-constrained\">\n<div class=\"w-full p-2 m-2 wp-block-group eplus-wrapper is-vertical is-layout-flex wp-container-core-group-is-layout-8cf370e7 wp-block-group-is-layout-flex\">\n<h2 class=\" wp-block-heading eplus-wrapper\">GE\u00c7MI\u015e ZAMAN \u00c7\u0130ZELGES\u0130<\/h2>\n\n\n\n<div style=\"height:16px\" aria-hidden=\"true\" class=\"wp-block-spacer eplus-wrapper wp-container-content-f9bd05ee\"><\/div>\n\n\n\n<figure class=\" wp-block-image size-large eplus-wrapper\"><img loading=\"lazy\" decoding=\"async\" width=\"1024\" height=\"621\" src=\"https:\/\/www.icscoolenergy.com\/tr\/wp-content\/uploads\/sites\/9\/2024\/04\/ICSCE-Timeline2020-1024x621.jpg\" alt=\"\" class=\"wp-image-80464\" srcset=\"https:\/\/www.icscoolenergy.com\/wp-content\/uploads\/sites\/9\/2024\/04\/ICSCE-Timeline2020-1024x621.jpg 1024w, https:\/\/www.icscoolenergy.com\/wp-content\/uploads\/sites\/9\/2024\/04\/ICSCE-Timeline2020-300x182.jpg 300w, https:\/\/www.icscoolenergy.com\/wp-content\/uploads\/sites\/9\/2024\/04\/ICSCE-Timeline2020-768x465.jpg 768w, https:\/\/www.icscoolenergy.com\/wp-content\/uploads\/sites\/9\/2024\/04\/ICSCE-Timeline2020-50x30.jpg 50w, https:\/\/www.icscoolenergy.com\/wp-content\/uploads\/sites\/9\/2024\/04\/ICSCE-Timeline2020-1600x970.jpg 1600w, https:\/\/www.icscoolenergy.com\/wp-content\/uploads\/sites\/9\/2024\/04\/ICSCE-Timeline2020-1536x931.jpg 1536w, https:\/\/www.icscoolenergy.com\/wp-content\/uploads\/sites\/9\/2024\/04\/ICSCE-Timeline2020-600x364.jpg 600w, https:\/\/www.icscoolenergy.com\/wp-content\/uploads\/sites\/9\/2024\/04\/ICSCE-Timeline2020.jpg 1754w\" sizes=\"auto, (max-width: 1024px) 100vw, 1024px\" \/><\/figure>\n<\/div>\n<\/div>\n\n<div style=\"height:160px\" aria-hidden=\"true\" class=\" wp-block-spacer eplus-wrapper\"><\/div>\n","protected":false},"excerpt":{"rendered":"<p>SICAKLIK KONTROL\u00dcNDE LIDERIN NASIL BA\u015eLADI\u011eINI KE\u015eFEDIN K\u00fc\u00e7\u00fck ba\u015flang\u0131\u00e7lardan uluslararas\u0131 s\u0131cakl\u0131k kontrol liderine. ICS Cool Energy ilk olarak 1989 y\u0131l\u0131nda Bradford ve Southampton&#8217;da depolar\u0131 bulunan End\u00fcstriyel So\u011futma Sistemleri olarak kuruldu. Geni\u015fleme doksanl\u0131 y\u0131llar\u0131n ortalar\u0131nda da devam etti ve \u015firket Birle\u015fik Krall\u0131k&#8217;ta yeni ofisler a\u00e7t\u0131. 2003 y\u0131l\u0131nda, uzman bir s\u0131cakl\u0131k kiralama \u015firketi olan Cool Energy kuruldu ve &#8230; <a title=\"Tarih\" class=\"read-more\" href=\"https:\/\/www.icscoolenergy.com\/tr\/hakkimizda\/tarih\/\" aria-label=\"More on Tarih\">Read more<\/a><\/p>\n","protected":false},"author":1,"featured_media":0,"parent":86290,"menu_order":0,"comment_status":"closed","ping_status":"closed","template":"template-1.php","meta":{"_acf_changed":false,"inline_featured_image":false,"_editorskit_title_hidden":false,"_editorskit_reading_time":0,"_editorskit_is_block_options_detached":false,"_editorskit_block_options_position":"{}","editor_plus_copied_stylings":"{}","footnotes":""},"class_list":["post-86403","page","type-page","status-publish"],"acf":[],"yoast_head":"<!-- This site is optimized with the Yoast SEO Premium plugin v24.5 (Yoast SEO v26.9) - https:\/\/yoast.com\/product\/yoast-seo-premium-wordpress\/ -->\n<title>Tarih | Turkey<\/title>\n<meta name=\"robots\" content=\"index, follow, max-snippet:-1, max-image-preview:large, max-video-preview:-1\" \/>\n<link rel=\"canonical\" href=\"https:\/\/www.icscoolenergy.com\/tr\/hakkimizda\/tarih\/\" \/>\n<meta property=\"og:locale\" content=\"tr_TR\" \/>\n<meta property=\"og:type\" content=\"article\" \/>\n<meta property=\"og:title\" content=\"Tarih\" \/>\n<meta property=\"og:description\" content=\"SICAKLIK KONTROL\u00dcNDE LIDERIN NASIL BA\u015eLADI\u011eINI KE\u015eFEDIN K\u00fc\u00e7\u00fck ba\u015flang\u0131\u00e7lardan uluslararas\u0131 s\u0131cakl\u0131k kontrol liderine. ICS Cool Energy ilk olarak 1989 y\u0131l\u0131nda Bradford ve Southampton&#8217;da depolar\u0131 bulunan End\u00fcstriyel So\u011futma Sistemleri olarak kuruldu. Geni\u015fleme doksanl\u0131 y\u0131llar\u0131n ortalar\u0131nda da devam etti ve \u015firket Birle\u015fik Krall\u0131k&#8217;ta yeni ofisler a\u00e7t\u0131. 2003 y\u0131l\u0131nda, uzman bir s\u0131cakl\u0131k kiralama \u015firketi olan Cool Energy kuruldu ve ... Read more\" \/>\n<meta property=\"og:url\" content=\"https:\/\/www.icscoolenergy.com\/tr\/hakkimizda\/tarih\/\" \/>\n<meta property=\"og:site_name\" content=\"Turkey\" \/>\n<meta property=\"article:modified_time\" content=\"2024-11-26T11:30:15+00:00\" \/>\n<meta property=\"og:image\" content=\"https:\/\/www.icscoolenergy.com\/tr\/wp-content\/uploads\/sites\/9\/2024\/05\/A-breif-history.jpg\" \/>\n<meta name=\"twitter:card\" content=\"summary_large_image\" \/>\n<meta name=\"twitter:label1\" content=\"Est. reading time\" \/>\n\t<meta name=\"twitter:data1\" content=\"1 dakika\" \/>\n<script type=\"application\/ld+json\" class=\"yoast-schema-graph\">{\"@context\":\"https:\/\/schema.org\",\"@graph\":[{\"@type\":\"WebPage\",\"@id\":\"https:\/\/www.icscoolenergy.com\/tr\/hakkimizda\/tarih\/\",\"url\":\"https:\/\/www.icscoolenergy.com\/tr\/hakkimizda\/tarih\/\",\"name\":\"Tarih | Turkey\",\"isPartOf\":{\"@id\":\"https:\/\/www.icscoolenergy.com\/tr\/#website\"},\"primaryImageOfPage\":{\"@id\":\"https:\/\/www.icscoolenergy.com\/tr\/hakkimizda\/tarih\/#primaryimage\"},\"image\":{\"@id\":\"https:\/\/www.icscoolenergy.com\/tr\/hakkimizda\/tarih\/#primaryimage\"},\"thumbnailUrl\":\"https:\/\/www.icscoolenergy.com\/tr\/wp-content\/uploads\/sites\/9\/2024\/05\/A-breif-history.jpg\",\"datePublished\":\"2024-04-09T13:31:15+00:00\",\"dateModified\":\"2024-11-26T11:30:15+00:00\",\"breadcrumb\":{\"@id\":\"https:\/\/www.icscoolenergy.com\/tr\/hakkimizda\/tarih\/#breadcrumb\"},\"inLanguage\":\"tr\",\"potentialAction\":[{\"@type\":\"ReadAction\",\"target\":[\"https:\/\/www.icscoolenergy.com\/tr\/hakkimizda\/tarih\/\"]}]},{\"@type\":\"ImageObject\",\"inLanguage\":\"tr\",\"@id\":\"https:\/\/www.icscoolenergy.com\/tr\/hakkimizda\/tarih\/#primaryimage\",\"url\":\"https:\/\/www.icscoolenergy.com\/wp-content\/uploads\/sites\/9\/2024\/05\/A-breif-history.jpg\",\"contentUrl\":\"https:\/\/www.icscoolenergy.com\/wp-content\/uploads\/sites\/9\/2024\/05\/A-breif-history.jpg\",\"width\":1980,\"height\":990,\"caption\":\"A brief history\"},{\"@type\":\"BreadcrumbList\",\"@id\":\"https:\/\/www.icscoolenergy.com\/tr\/hakkimizda\/tarih\/#breadcrumb\",\"itemListElement\":[{\"@type\":\"ListItem\",\"position\":1,\"name\":\"Home\",\"item\":\"https:\/\/www.icscoolenergy.com\/tr\/ana-sayfa\/\"},{\"@type\":\"ListItem\",\"position\":2,\"name\":\"Hakk\u0131m\u0131zda\",\"item\":\"https:\/\/www.icscoolenergy.com\/tr\/hakkimizda\/\"},{\"@type\":\"ListItem\",\"position\":3,\"name\":\"Tarih\"}]},{\"@type\":\"WebSite\",\"@id\":\"https:\/\/www.icscoolenergy.com\/tr\/#website\",\"url\":\"https:\/\/www.icscoolenergy.com\/tr\/\",\"name\":\"ICS Cool Energy\",\"description\":\"The Process Temperature Control Specialists\",\"publisher\":{\"@id\":\"https:\/\/www.icscoolenergy.com\/tr\/#organization\"},\"alternateName\":\"ICS\",\"potentialAction\":[{\"@type\":\"SearchAction\",\"target\":{\"@type\":\"EntryPoint\",\"urlTemplate\":\"https:\/\/www.icscoolenergy.com\/tr\/?s={search_term_string}\"},\"query-input\":{\"@type\":\"PropertyValueSpecification\",\"valueRequired\":true,\"valueName\":\"search_term_string\"}}],\"inLanguage\":\"tr\"},{\"@type\":\"Organization\",\"@id\":\"https:\/\/www.icscoolenergy.com\/tr\/#organization\",\"name\":\"ICS Cool Energy\",\"url\":\"https:\/\/www.icscoolenergy.com\/tr\/\",\"logo\":{\"@type\":\"ImageObject\",\"inLanguage\":\"tr\",\"@id\":\"https:\/\/www.icscoolenergy.com\/tr\/#\/schema\/logo\/image\/\",\"url\":\"https:\/\/www.icscoolenergy.com\/wp-content\/uploads\/sites\/9\/2024\/01\/ics-cool-energy-logo.svg\",\"contentUrl\":\"https:\/\/www.icscoolenergy.com\/wp-content\/uploads\/sites\/9\/2024\/01\/ics-cool-energy-logo.svg\",\"caption\":\"ICS Cool Energy\"},\"image\":{\"@id\":\"https:\/\/www.icscoolenergy.com\/tr\/#\/schema\/logo\/image\/\"},\"sameAs\":[\"https:\/\/www.linkedin.com\/company\/ics-temperature-control\/\",\"https:\/\/www.youtube.com\/@ICSCoolEnergyLtd\"],\"description\":\"ICS Cool Energy is a market leader for process and critical temperature control solutions that keep all types and sizes of businesses and industry running. Our headquarters are situated in Southampton, with offices throughout the UK and Europe, employing over 250 people in the UK alone.\",\"email\":\"info@icscoolenergy.com\",\"telephone\":\"0800 840 4210\",\"legalName\":\"ICS Cool Energy Limited\",\"numberOfEmployees\":{\"@type\":\"QuantitativeValue\",\"minValue\":\"201\",\"maxValue\":\"500\"}}]}<\/script>\n<!-- \/ Yoast SEO Premium plugin. -->","yoast_head_json":{"title":"Tarih | Turkey","robots":{"index":"index","follow":"follow","max-snippet":"max-snippet:-1","max-image-preview":"max-image-preview:large","max-video-preview":"max-video-preview:-1"},"canonical":"https:\/\/www.icscoolenergy.com\/tr\/hakkimizda\/tarih\/","og_locale":"tr_TR","og_type":"article","og_title":"Tarih","og_description":"SICAKLIK KONTROL\u00dcNDE LIDERIN NASIL BA\u015eLADI\u011eINI KE\u015eFEDIN K\u00fc\u00e7\u00fck ba\u015flang\u0131\u00e7lardan uluslararas\u0131 s\u0131cakl\u0131k kontrol liderine. ICS Cool Energy ilk olarak 1989 y\u0131l\u0131nda Bradford ve Southampton&#8217;da depolar\u0131 bulunan End\u00fcstriyel So\u011futma Sistemleri olarak kuruldu. Geni\u015fleme doksanl\u0131 y\u0131llar\u0131n ortalar\u0131nda da devam etti ve \u015firket Birle\u015fik Krall\u0131k&#8217;ta yeni ofisler a\u00e7t\u0131. 2003 y\u0131l\u0131nda, uzman bir s\u0131cakl\u0131k kiralama \u015firketi olan Cool Energy kuruldu ve ... Read more","og_url":"https:\/\/www.icscoolenergy.com\/tr\/hakkimizda\/tarih\/","og_site_name":"Turkey","article_modified_time":"2024-11-26T11:30:15+00:00","og_image":[{"url":"https:\/\/www.icscoolenergy.com\/tr\/wp-content\/uploads\/sites\/9\/2024\/05\/A-breif-history.jpg","type":"","width":"","height":""}],"twitter_card":"summary_large_image","twitter_misc":{"Est. reading time":"1 dakika"},"schema":{"@context":"https:\/\/schema.org","@graph":[{"@type":"WebPage","@id":"https:\/\/www.icscoolenergy.com\/tr\/hakkimizda\/tarih\/","url":"https:\/\/www.icscoolenergy.com\/tr\/hakkimizda\/tarih\/","name":"Tarih | Turkey","isPartOf":{"@id":"https:\/\/www.icscoolenergy.com\/tr\/#website"},"primaryImageOfPage":{"@id":"https:\/\/www.icscoolenergy.com\/tr\/hakkimizda\/tarih\/#primaryimage"},"image":{"@id":"https:\/\/www.icscoolenergy.com\/tr\/hakkimizda\/tarih\/#primaryimage"},"thumbnailUrl":"https:\/\/www.icscoolenergy.com\/tr\/wp-content\/uploads\/sites\/9\/2024\/05\/A-breif-history.jpg","datePublished":"2024-04-09T13:31:15+00:00","dateModified":"2024-11-26T11:30:15+00:00","breadcrumb":{"@id":"https:\/\/www.icscoolenergy.com\/tr\/hakkimizda\/tarih\/#breadcrumb"},"inLanguage":"tr","potentialAction":[{"@type":"ReadAction","target":["https:\/\/www.icscoolenergy.com\/tr\/hakkimizda\/tarih\/"]}]},{"@type":"ImageObject","inLanguage":"tr","@id":"https:\/\/www.icscoolenergy.com\/tr\/hakkimizda\/tarih\/#primaryimage","url":"https:\/\/www.icscoolenergy.com\/wp-content\/uploads\/sites\/9\/2024\/05\/A-breif-history.jpg","contentUrl":"https:\/\/www.icscoolenergy.com\/wp-content\/uploads\/sites\/9\/2024\/05\/A-breif-history.jpg","width":1980,"height":990,"caption":"A brief history"},{"@type":"BreadcrumbList","@id":"https:\/\/www.icscoolenergy.com\/tr\/hakkimizda\/tarih\/#breadcrumb","itemListElement":[{"@type":"ListItem","position":1,"name":"Home","item":"https:\/\/www.icscoolenergy.com\/tr\/ana-sayfa\/"},{"@type":"ListItem","position":2,"name":"Hakk\u0131m\u0131zda","item":"https:\/\/www.icscoolenergy.com\/tr\/hakkimizda\/"},{"@type":"ListItem","position":3,"name":"Tarih"}]},{"@type":"WebSite","@id":"https:\/\/www.icscoolenergy.com\/tr\/#website","url":"https:\/\/www.icscoolenergy.com\/tr\/","name":"ICS Cool Energy","description":"The Process Temperature Control Specialists","publisher":{"@id":"https:\/\/www.icscoolenergy.com\/tr\/#organization"},"alternateName":"ICS","potentialAction":[{"@type":"SearchAction","target":{"@type":"EntryPoint","urlTemplate":"https:\/\/www.icscoolenergy.com\/tr\/?s={search_term_string}"},"query-input":{"@type":"PropertyValueSpecification","valueRequired":true,"valueName":"search_term_string"}}],"inLanguage":"tr"},{"@type":"Organization","@id":"https:\/\/www.icscoolenergy.com\/tr\/#organization","name":"ICS Cool Energy","url":"https:\/\/www.icscoolenergy.com\/tr\/","logo":{"@type":"ImageObject","inLanguage":"tr","@id":"https:\/\/www.icscoolenergy.com\/tr\/#\/schema\/logo\/image\/","url":"https:\/\/www.icscoolenergy.com\/wp-content\/uploads\/sites\/9\/2024\/01\/ics-cool-energy-logo.svg","contentUrl":"https:\/\/www.icscoolenergy.com\/wp-content\/uploads\/sites\/9\/2024\/01\/ics-cool-energy-logo.svg","caption":"ICS Cool Energy"},"image":{"@id":"https:\/\/www.icscoolenergy.com\/tr\/#\/schema\/logo\/image\/"},"sameAs":["https:\/\/www.linkedin.com\/company\/ics-temperature-control\/","https:\/\/www.youtube.com\/@ICSCoolEnergyLtd"],"description":"ICS Cool Energy is a market leader for process and critical temperature control solutions that keep all types and sizes of businesses and industry running. Our headquarters are situated in Southampton, with offices throughout the UK and Europe, employing over 250 people in the UK alone.","email":"info@icscoolenergy.com","telephone":"0800 840 4210","legalName":"ICS Cool Energy Limited","numberOfEmployees":{"@type":"QuantitativeValue","minValue":"201","maxValue":"500"}}]}},"_links":{"self":[{"href":"https:\/\/www.icscoolenergy.com\/tr\/wp-json\/wp\/v2\/pages\/86403","targetHints":{"allow":["GET"]}}],"collection":[{"href":"https:\/\/www.icscoolenergy.com\/tr\/wp-json\/wp\/v2\/pages"}],"about":[{"href":"https:\/\/www.icscoolenergy.com\/tr\/wp-json\/wp\/v2\/types\/page"}],"author":[{"embeddable":true,"href":"https:\/\/www.icscoolenergy.com\/tr\/wp-json\/wp\/v2\/users\/1"}],"replies":[{"embeddable":true,"href":"https:\/\/www.icscoolenergy.com\/tr\/wp-json\/wp\/v2\/comments?post=86403"}],"version-history":[{"count":0,"href":"https:\/\/www.icscoolenergy.com\/tr\/wp-json\/wp\/v2\/pages\/86403\/revisions"}],"up":[{"embeddable":true,"href":"https:\/\/www.icscoolenergy.com\/tr\/wp-json\/wp\/v2\/pages\/86290"}],"wp:attachment":[{"href":"https:\/\/www.icscoolenergy.com\/tr\/wp-json\/wp\/v2\/media?parent=86403"}],"curies":[{"name":"wp","href":"https:\/\/api.w.org\/{rel}","templated":true}]}}