 
{"id":86411,"date":"2024-04-09T14:34:29","date_gmt":"2024-04-09T14:34:29","guid":{"rendered":"https:\/\/www.icscoolenergy.com\/tr\/hakkimizda\/sartlar-ve-kosullar\/"},"modified":"2024-11-26T11:30:57","modified_gmt":"2024-11-26T11:30:57","slug":"sartlar-ve-kosullar","status":"publish","type":"page","link":"https:\/\/www.icscoolenergy.com\/tr\/hakkimizda\/sartlar-ve-kosullar\/","title":{"rendered":"\u015eartlar ve ko\u015fullar"},"content":{"rendered":"\n<div class=\"mb-8 eplus-wrapper wp-block-group is-layout-flow wp-block-group-is-layout-flow\">\n<div style=\"height:43px\" aria-hidden=\"true\" class=\"xs:hidden md:block eplus-wrapper wp-block-spacer\"><\/div>\n<\/div>\n\n<div class=\"flex flex-row flex-wrap md:flex-nowrap sm:justify-center sm:items-center wp-block-group eplus-wrapper is-layout-constrained wp-block-group-is-layout-constrained\">\n<div class=\"w-full p-2 m-2 wp-block-group eplus-wrapper is-vertical is-layout-flex wp-container-core-group-is-layout-8cf370e7 wp-block-group-is-layout-flex\">\n<h1 class=\" wp-block-heading eplus-wrapper\" id=\"h-terms-and-conditions-for-website-usage\">WEB S\u0130TES\u0130 KULLANIMINA \u0130L\u0130\u015eK\u0130N \u015eARTLAR VE KO\u015eULLAR<\/h1>\n\n\n\n<div style=\"height:8px\" aria-hidden=\"true\" class=\"wp-block-spacer eplus-wrapper wp-container-content-7d115344\"><\/div>\n\n\n\n<p class=\"has-text-color has-link-color eplus-wrapper wp-elements-577694307513f58e221b18c6318fccab\" style=\"color:#323130\">ICS Cool Energy web sitesine ho\u015f geldiniz.<\/p>\n\n\n\n<p class=\"has-text-color has-link-color eplus-wrapper wp-elements-7ed0b3d156257d1bb2e818bb6c96cbc2\" style=\"color:#323130\">Bu web sitesine g\u00f6z atmaya ve kullanmaya devam ederseniz, gizlilik politikam\u0131zla birlikte ICS Cool Energy&#8217;nin bu web sitesiyle ilgili olarak sizinle olan ili\u015fkisini y\u00f6neten a\u015fa\u011f\u0131daki kullan\u0131m \u015fart ve ko\u015fullar\u0131na uymay\u0131 ve bunlara ba\u011fl\u0131 kalmay\u0131 kabul etmi\u015f olursunuz. Bu h\u00fck\u00fcm ve ko\u015fullar\u0131n herhangi bir b\u00f6l\u00fcm\u00fcne kat\u0131lm\u0131yorsan\u0131z, l\u00fctfen web sitemizi kullanmay\u0131n. <\/p>\n\n\n\n<p class=\"has-text-color has-link-color eplus-wrapper wp-elements-9c20e1929596af3d889de912c8566b62\" style=\"color:#323130\">&#8216;ICS Cool Energy&#8217; veya &#8216;biz&#8217; veya &#8216;biz&#8217; terimi, kay\u0131tl\u0131 ofisi ICS House, Stephenson Road, Calmore Industrial Estate, Totton, Southampton SO40 3SA olan web sitesinin sahibini ifade eder. \u015eirket kay\u0131t numaram\u0131z 05509182&#8217;dir. &#8216;Siz&#8217; terimi, web sitemizin kullan\u0131c\u0131s\u0131n\u0131 veya izleyicisini ifade eder.  <\/p>\n\n\n\n<p class=\"has-text-color has-link-color eplus-wrapper wp-elements-9ca5026f6df4e6e87f8b1d07e4f13bc3\" style=\"color:#323130\">Bu web sitesinin kullan\u0131m\u0131 a\u015fa\u011f\u0131daki kullan\u0131m ko\u015fullar\u0131na tabidir:<\/p>\n\n\n<ul class=\"eplus-wrapper wp-block-list eplus-styles-uid-0709b7\"><li class=\" eplus-wrapper eplus-styles-uid-d57e6b\">Bu web sitesinin sayfalar\u0131n\u0131n i\u00e7eri\u011fi yaln\u0131zca genel bilgi ve kullan\u0131m\u0131n\u0131z i\u00e7indir. Haber verilmeksizin de\u011fi\u015ftirilebilir. <\/li>\n\n<li class=\" eplus-wrapper eplus-styles-uid-d57e6b\"><a href=\"\/?page_id=80546\" class=\"ek-link\">Bu web sitesi,<\/a> tarama tercihlerini izlemek i\u00e7in \u00e7erezleri kullan\u0131r. \u00c7erezlerin kullan\u0131lmas\u0131na izin verirseniz, ki\u015fisel bilgiler taraf\u0131m\u0131zca kullan\u0131lmak \u00fczere taraf\u0131m\u0131zca saklanabilir. <\/li>\n\n<li class=\" eplus-wrapper eplus-styles-uid-d57e6b\">Bu web sitesinde belirli bir ama\u00e7 i\u00e7in bulunan veya sunulan bilgi ve materyallerin do\u011frulu\u011fu, g\u00fcncelli\u011fi, performans\u0131, eksiksizli\u011fi veya uygunlu\u011fu konusunda herhangi bir garanti veya garanti vermiyoruz. Bu t\u00fcr bilgi ve materyallerin yanl\u0131\u015fl\u0131klar veya hatalar i\u00e7erebilece\u011fini kabul etmektesiniz ve bu t\u00fcr yanl\u0131\u015fl\u0131klar veya hatalar i\u00e7in yasalar\u0131n izin verdi\u011fi en geni\u015f \u00f6l\u00e7\u00fcde sorumlulu\u011fu a\u00e7\u0131k\u00e7a hari\u00e7 tutuyoruz. <\/li>\n\n<li class=\" eplus-wrapper eplus-styles-uid-d57e6b\">Bu web sitesindeki herhangi bir bilgi veya materyali kullan\u0131m\u0131n\u0131z\u0131n riski tamamen size aittir ve bundan sorumlu olmayaca\u011f\u0131z. Bu web sitesi arac\u0131l\u0131\u011f\u0131yla sunulan herhangi bir \u00fcr\u00fcn, hizmet veya bilginin \u00f6zel gereksinimlerinizi kar\u015f\u0131lad\u0131\u011f\u0131ndan emin olmak sizin sorumlulu\u011funuzda olacakt\u0131r. <\/li>\n\n<li class=\" eplus-wrapper eplus-styles-uid-d57e6b\">Bu web sitesi, bize ait olan veya bize lisanslanan materyaller i\u00e7ermektedir. Bu materyal, tasar\u0131m, d\u00fczen, g\u00f6r\u00fcn\u00fcm, g\u00f6r\u00fcn\u00fcm ve grafikleri i\u00e7erir, ancak bunlarla s\u0131n\u0131rl\u0131 de\u011fildir. Bu h\u00fck\u00fcm ve ko\u015fullar\u0131n bir par\u00e7as\u0131n\u0131 olu\u015fturan telif hakk\u0131 bildirimine uygun olmayan bir \u015fekilde \u00e7o\u011falt\u0131lmas\u0131 yasakt\u0131r.  <\/li>\n\n<li class=\" eplus-wrapper eplus-styles-uid-d57e6b\">Bu web sitesinde \u00e7o\u011falt\u0131lan ve operat\u00f6r\u00fcn m\u00fclkiyetinde olmayan veya operat\u00f6r\u00fcn lisans\u0131na sahip olmayan t\u00fcm ticari markalar web sitesinde kabul edilmektedir.<\/li>\n\n<li class=\" eplus-wrapper eplus-styles-uid-d57e6b\">Bu web sitesinin izinsiz kullan\u0131m\u0131, tazminat talebine yol a\u00e7abilir ve\/veya ceza gerektiren bir su\u00e7 olabilir.<\/li>\n\n<li class=\" eplus-wrapper eplus-styles-uid-d57e6b\">Zaman zaman bu web sitesi di\u011fer web sitelerine ba\u011flant\u0131lar da i\u00e7erebilir. Bu ba\u011flant\u0131lar, daha fazla bilgi sa\u011flamak i\u00e7in size kolayl\u0131k sa\u011flamak i\u00e7in sa\u011flanm\u0131\u015ft\u0131r. Web sitelerini onaylad\u0131\u011f\u0131m\u0131z anlam\u0131na gelmezler. Ba\u011flant\u0131l\u0131 web sitelerinin i\u00e7eri\u011fi i\u00e7in hi\u00e7bir sorumlulu\u011fumuz yoktur.   <\/li>\n\n<li class=\" eplus-wrapper eplus-styles-uid-d57e6b\">Bu web sitesini kullan\u0131m\u0131n\u0131z ve web sitesinin bu \u015fekilde kullan\u0131m\u0131ndan kaynaklanan herhangi bir anla\u015fmazl\u0131k \u0130ngiltere, Kuzey \u0130rlanda, \u0130sko\u00e7ya ve Galler yasalar\u0131na tabidir.<\/li><\/ul><\/div>\n<\/div>\n\n<div style=\"height:60px\" aria-hidden=\"true\" class=\" wp-block-spacer eplus-wrapper\"><\/div>\n\n<div class=\"px-0 pt-12 pb-8 wp-block-group eplus-wrapper is-layout-flow wp-block-group-is-layout-flow\"><div class=\"p-0 is-not-stacked-on-mbile has-background rounded-2xl items-center lg:flex xs:grid wp-block-columns eplus-wrapper is-layout-flex wp-container-core-columns-is-layout-9d6595d7 wp-block-columns-is-layout-flex eplus-styles-uid-6f38af\" style=\"background-color:#eaeaef\">\n<div class=\"wp-block-column eplus-wrapper is-layout-flow wp-block-column-is-layout-flow\">\n<h2 class=\"mb-12 wp-block-heading has-text-align-left eplus-wrapper\" id=\"h-terms-amp-conditions-downloads\">\u015eARTLAR VE KO\u015eULLAR &#8211; \u0130NDIRMELER<\/h2>\n\n\n\n<div class=\"gap-x-8 md:grid md:grid-rows-auto md:auto md:grid-cols-2 xs:block justify-between wp-block-group eplus-wrapper is-layout-flow wp-block-group-is-layout-flow\"><div class=\"download_div flex justify-between w-full py-6 sm:px-10 xs:px-6  rounded wp-block-file has-white-background-color has-background eplus-wrapper eplus-styles-uid-87c690\"><a id=\"wp-block-file--media-114be661-f6b3-4620-ab0b-d3a626bd490a\" href=\"https:\/\/www.icscoolenergy.com\/tr\/wp-content\/uploads\/sites\/9\/2024\/04\/Terms-Conditions-for-Goods-Services-017-formatted-for-CRM.pdf\" target=\"_blank\" rel=\"noreferrer noopener\"><strong>Mal ve Hizmetlere \u0130li\u015fkin H\u00fck\u00fcm ve Ko\u015fullar<\/strong><br>PDF<\/a><a href=\"https:\/\/www.icscoolenergy.com\/tr\/wp-content\/uploads\/sites\/9\/2024\/04\/Terms-Conditions-for-Goods-Services-017-formatted-for-CRM.pdf\" class=\"wp-block-file__button wp-element-button\" download=\"\" aria-describedby=\"wp-block-file--media-114be661-f6b3-4620-ab0b-d3a626bd490a\"><img decoding=\"async\" class=\"wp-image-79903\" style=\"width: 26px;\" src=\"https:\/\/icsdevelopment.wpenginepowered.com\/wp-content\/uploads\/sites\/9\/2024\/03\/Group.svg\" alt=\"\"><span class=\"eplus-icon\"><span data-style=\"{\" enabled=\"\" style=\"border-radius:0px;\" class=\"eplus-icon\"><\/span><\/span> <\/a><\/div>\n\n<div class=\"download_div flex justify-between w-full py-6 sm:px-10 xs:px-6  rounded wp-block-file has-white-background-color has-background eplus-wrapper eplus-styles-uid-87c690\"><a id=\"wp-block-file--media-114be661-f6b3-4620-ab0b-d3a626bd490a\" href=\"https:\/\/www.icscoolenergy.com\/tr\/wp-content\/uploads\/sites\/9\/2024\/04\/UK-ICS-Cool-Energy-Hire-TCs-2022-11.pdf\" target=\"_blank\" rel=\"noreferrer noopener\"><strong>Kiralama H\u00fck\u00fcm ve Ko\u015fullar\u0131<\/strong><br>PDF<\/a><a href=\"https:\/\/www.icscoolenergy.com\/tr\/wp-content\/uploads\/sites\/9\/2024\/04\/UK-ICS-Cool-Energy-Hire-TCs-2022-11.pdf\" class=\"wp-block-file__button wp-element-button\" download=\"\" aria-describedby=\"wp-block-file--media-114be661-f6b3-4620-ab0b-d3a626bd490a\"><img decoding=\"async\" class=\"wp-image-79903\" style=\"width: 26px;\" src=\"https:\/\/icsdevelopment.wpenginepowered.com\/wp-content\/uploads\/sites\/9\/2024\/03\/Group.svg\" alt=\"\"><span class=\"eplus-icon\"><span data-style=\"{\" enabled=\"\" style=\"border-radius:0px;\" class=\"eplus-icon\"><\/span><\/span> <\/a><\/div>\n\n<div class=\"download_div flex justify-between w-full py-6 sm:px-10 xs:px-6  rounded wp-block-file has-white-background-color has-background eplus-wrapper eplus-styles-uid-87c690\"><a id=\"wp-block-file--media-114be661-f6b3-4620-ab0b-d3a626bd490a\" href=\"https:\/\/www.icscoolenergy.com\/tr\/wp-content\/uploads\/sites\/9\/2024\/04\/Terms-and-Conditions-for-Purchase-of-Goods-and-Services-1.pdf\" target=\"_blank\" rel=\"noreferrer noopener\"><strong>Mal ve Hizmet Sat\u0131n Almak i\u00e7in \u015eartlar ve Ko\u015fullar<\/strong><br>PDF<\/a><a href=\"https:\/\/www.icscoolenergy.com\/tr\/wp-content\/uploads\/sites\/9\/2024\/04\/Terms-and-Conditions-for-Purchase-of-Goods-and-Services-1.pdf\" class=\"wp-block-file__button wp-element-button\" download=\"\" aria-describedby=\"wp-block-file--media-114be661-f6b3-4620-ab0b-d3a626bd490a\"><img decoding=\"async\" class=\"wp-image-79903\" style=\"width: 26px;\" src=\"https:\/\/icsdevelopment.wpenginepowered.com\/wp-content\/uploads\/sites\/9\/2024\/03\/Group.svg\" alt=\"\"><span class=\"eplus-icon\"><span data-style=\"{\" enabled=\"\" style=\"border-radius:0px;\" class=\"eplus-icon\"><\/span><\/span> <\/a><\/div><\/div>\n<\/div>\n<\/div><\/div>\n\n<div style=\"height:120px\" aria-hidden=\"true\" class=\" wp-block-spacer eplus-wrapper\"><\/div>\n","protected":false},"excerpt":{"rendered":"<p>WEB S\u0130TES\u0130 KULLANIMINA \u0130L\u0130\u015eK\u0130N \u015eARTLAR VE KO\u015eULLAR ICS Cool Energy web sitesine ho\u015f geldiniz. Bu web sitesine g\u00f6z atmaya ve kullanmaya devam ederseniz, gizlilik politikam\u0131zla birlikte ICS Cool Energy&#8217;nin bu web sitesiyle ilgili olarak sizinle olan ili\u015fkisini y\u00f6neten a\u015fa\u011f\u0131daki kullan\u0131m \u015fart ve ko\u015fullar\u0131na uymay\u0131 ve bunlara ba\u011fl\u0131 kalmay\u0131 kabul etmi\u015f olursunuz. Bu h\u00fck\u00fcm ve ko\u015fullar\u0131n &#8230; <a title=\"\u015eartlar ve ko\u015fullar\" class=\"read-more\" href=\"https:\/\/www.icscoolenergy.com\/tr\/hakkimizda\/sartlar-ve-kosullar\/\" aria-label=\"More on \u015eartlar ve ko\u015fullar\">Read more<\/a><\/p>\n","protected":false},"author":1,"featured_media":0,"parent":86290,"menu_order":0,"comment_status":"closed","ping_status":"closed","template":"template-1.php","meta":{"_acf_changed":false,"inline_featured_image":false,"_editorskit_title_hidden":false,"_editorskit_reading_time":0,"_editorskit_is_block_options_detached":false,"_editorskit_block_options_position":"{}","editor_plus_copied_stylings":"{}","footnotes":""},"class_list":["post-86411","page","type-page","status-publish"],"acf":[],"yoast_head":"<!-- This site is optimized with the Yoast SEO Premium plugin v24.5 (Yoast SEO v26.9) - https:\/\/yoast.com\/product\/yoast-seo-premium-wordpress\/ -->\n<title>\u015eartlar ve ko\u015fullar | Turkey<\/title>\n<meta name=\"robots\" content=\"index, follow, max-snippet:-1, max-image-preview:large, max-video-preview:-1\" \/>\n<link rel=\"canonical\" href=\"https:\/\/www.icscoolenergy.com\/tr\/hakkimizda\/sartlar-ve-kosullar\/\" \/>\n<meta property=\"og:locale\" content=\"tr_TR\" \/>\n<meta property=\"og:type\" content=\"article\" \/>\n<meta property=\"og:title\" content=\"\u015eartlar ve ko\u015fullar\" \/>\n<meta property=\"og:description\" content=\"WEB S\u0130TES\u0130 KULLANIMINA \u0130L\u0130\u015eK\u0130N \u015eARTLAR VE KO\u015eULLAR ICS Cool Energy web sitesine ho\u015f geldiniz. Bu web sitesine g\u00f6z atmaya ve kullanmaya devam ederseniz, gizlilik politikam\u0131zla birlikte ICS Cool Energy&#8217;nin bu web sitesiyle ilgili olarak sizinle olan ili\u015fkisini y\u00f6neten a\u015fa\u011f\u0131daki kullan\u0131m \u015fart ve ko\u015fullar\u0131na uymay\u0131 ve bunlara ba\u011fl\u0131 kalmay\u0131 kabul etmi\u015f olursunuz. Bu h\u00fck\u00fcm ve ko\u015fullar\u0131n ... Read more\" \/>\n<meta property=\"og:url\" content=\"https:\/\/www.icscoolenergy.com\/tr\/hakkimizda\/sartlar-ve-kosullar\/\" \/>\n<meta property=\"og:site_name\" content=\"Turkey\" \/>\n<meta property=\"article:modified_time\" content=\"2024-11-26T11:30:57+00:00\" \/>\n<meta property=\"og:image\" content=\"https:\/\/icsdevelopment.wpenginepowered.com\/wp-content\/uploads\/sites\/9\/2024\/03\/Group.svg\" \/>\n<meta name=\"twitter:card\" content=\"summary_large_image\" \/>\n<meta name=\"twitter:label1\" content=\"Est. reading time\" \/>\n\t<meta name=\"twitter:data1\" content=\"3 dakika\" \/>\n<script type=\"application\/ld+json\" class=\"yoast-schema-graph\">{\"@context\":\"https:\/\/schema.org\",\"@graph\":[{\"@type\":\"WebPage\",\"@id\":\"https:\/\/www.icscoolenergy.com\/tr\/hakkimizda\/sartlar-ve-kosullar\/\",\"url\":\"https:\/\/www.icscoolenergy.com\/tr\/hakkimizda\/sartlar-ve-kosullar\/\",\"name\":\"\u015eartlar ve ko\u015fullar | Turkey\",\"isPartOf\":{\"@id\":\"https:\/\/www.icscoolenergy.com\/tr\/#website\"},\"primaryImageOfPage\":{\"@id\":\"https:\/\/www.icscoolenergy.com\/tr\/hakkimizda\/sartlar-ve-kosullar\/#primaryimage\"},\"image\":{\"@id\":\"https:\/\/www.icscoolenergy.com\/tr\/hakkimizda\/sartlar-ve-kosullar\/#primaryimage\"},\"thumbnailUrl\":\"https:\/\/icsdevelopment.wpenginepowered.com\/wp-content\/uploads\/sites\/9\/2024\/03\/Group.svg\",\"datePublished\":\"2024-04-09T14:34:29+00:00\",\"dateModified\":\"2024-11-26T11:30:57+00:00\",\"breadcrumb\":{\"@id\":\"https:\/\/www.icscoolenergy.com\/tr\/hakkimizda\/sartlar-ve-kosullar\/#breadcrumb\"},\"inLanguage\":\"tr\",\"potentialAction\":[{\"@type\":\"ReadAction\",\"target\":[\"https:\/\/www.icscoolenergy.com\/tr\/hakkimizda\/sartlar-ve-kosullar\/\"]}]},{\"@type\":\"ImageObject\",\"inLanguage\":\"tr\",\"@id\":\"https:\/\/www.icscoolenergy.com\/tr\/hakkimizda\/sartlar-ve-kosullar\/#primaryimage\",\"url\":\"https:\/\/icsdevelopment.wpenginepowered.com\/wp-content\/uploads\/sites\/9\/2024\/03\/Group.svg\",\"contentUrl\":\"https:\/\/icsdevelopment.wpenginepowered.com\/wp-content\/uploads\/sites\/9\/2024\/03\/Group.svg\"},{\"@type\":\"BreadcrumbList\",\"@id\":\"https:\/\/www.icscoolenergy.com\/tr\/hakkimizda\/sartlar-ve-kosullar\/#breadcrumb\",\"itemListElement\":[{\"@type\":\"ListItem\",\"position\":1,\"name\":\"Home\",\"item\":\"https:\/\/www.icscoolenergy.com\/tr\/ana-sayfa\/\"},{\"@type\":\"ListItem\",\"position\":2,\"name\":\"Hakk\u0131m\u0131zda\",\"item\":\"https:\/\/www.icscoolenergy.com\/tr\/hakkimizda\/\"},{\"@type\":\"ListItem\",\"position\":3,\"name\":\"\u015eartlar ve ko\u015fullar\"}]},{\"@type\":\"WebSite\",\"@id\":\"https:\/\/www.icscoolenergy.com\/tr\/#website\",\"url\":\"https:\/\/www.icscoolenergy.com\/tr\/\",\"name\":\"ICS Cool Energy\",\"description\":\"The Process Temperature Control Specialists\",\"publisher\":{\"@id\":\"https:\/\/www.icscoolenergy.com\/tr\/#organization\"},\"alternateName\":\"ICS\",\"potentialAction\":[{\"@type\":\"SearchAction\",\"target\":{\"@type\":\"EntryPoint\",\"urlTemplate\":\"https:\/\/www.icscoolenergy.com\/tr\/?s={search_term_string}\"},\"query-input\":{\"@type\":\"PropertyValueSpecification\",\"valueRequired\":true,\"valueName\":\"search_term_string\"}}],\"inLanguage\":\"tr\"},{\"@type\":\"Organization\",\"@id\":\"https:\/\/www.icscoolenergy.com\/tr\/#organization\",\"name\":\"ICS Cool Energy\",\"url\":\"https:\/\/www.icscoolenergy.com\/tr\/\",\"logo\":{\"@type\":\"ImageObject\",\"inLanguage\":\"tr\",\"@id\":\"https:\/\/www.icscoolenergy.com\/tr\/#\/schema\/logo\/image\/\",\"url\":\"https:\/\/www.icscoolenergy.com\/wp-content\/uploads\/sites\/9\/2024\/01\/ics-cool-energy-logo.svg\",\"contentUrl\":\"https:\/\/www.icscoolenergy.com\/wp-content\/uploads\/sites\/9\/2024\/01\/ics-cool-energy-logo.svg\",\"caption\":\"ICS Cool Energy\"},\"image\":{\"@id\":\"https:\/\/www.icscoolenergy.com\/tr\/#\/schema\/logo\/image\/\"},\"sameAs\":[\"https:\/\/www.linkedin.com\/company\/ics-temperature-control\/\",\"https:\/\/www.youtube.com\/@ICSCoolEnergyLtd\"],\"description\":\"ICS Cool Energy is a market leader for process and critical temperature control solutions that keep all types and sizes of businesses and industry running. Our headquarters are situated in Southampton, with offices throughout the UK and Europe, employing over 250 people in the UK alone.\",\"email\":\"info@icscoolenergy.com\",\"telephone\":\"0800 840 4210\",\"legalName\":\"ICS Cool Energy Limited\",\"numberOfEmployees\":{\"@type\":\"QuantitativeValue\",\"minValue\":\"201\",\"maxValue\":\"500\"}}]}<\/script>\n<!-- \/ Yoast SEO Premium plugin. -->","yoast_head_json":{"title":"\u015eartlar ve ko\u015fullar | Turkey","robots":{"index":"index","follow":"follow","max-snippet":"max-snippet:-1","max-image-preview":"max-image-preview:large","max-video-preview":"max-video-preview:-1"},"canonical":"https:\/\/www.icscoolenergy.com\/tr\/hakkimizda\/sartlar-ve-kosullar\/","og_locale":"tr_TR","og_type":"article","og_title":"\u015eartlar ve ko\u015fullar","og_description":"WEB S\u0130TES\u0130 KULLANIMINA \u0130L\u0130\u015eK\u0130N \u015eARTLAR VE KO\u015eULLAR ICS Cool Energy web sitesine ho\u015f geldiniz. Bu web sitesine g\u00f6z atmaya ve kullanmaya devam ederseniz, gizlilik politikam\u0131zla birlikte ICS Cool Energy&#8217;nin bu web sitesiyle ilgili olarak sizinle olan ili\u015fkisini y\u00f6neten a\u015fa\u011f\u0131daki kullan\u0131m \u015fart ve ko\u015fullar\u0131na uymay\u0131 ve bunlara ba\u011fl\u0131 kalmay\u0131 kabul etmi\u015f olursunuz. Bu h\u00fck\u00fcm ve ko\u015fullar\u0131n ... Read more","og_url":"https:\/\/www.icscoolenergy.com\/tr\/hakkimizda\/sartlar-ve-kosullar\/","og_site_name":"Turkey","article_modified_time":"2024-11-26T11:30:57+00:00","og_image":[{"url":"https:\/\/icsdevelopment.wpenginepowered.com\/wp-content\/uploads\/sites\/9\/2024\/03\/Group.svg","type":"","width":"","height":""}],"twitter_card":"summary_large_image","twitter_misc":{"Est. reading time":"3 dakika"},"schema":{"@context":"https:\/\/schema.org","@graph":[{"@type":"WebPage","@id":"https:\/\/www.icscoolenergy.com\/tr\/hakkimizda\/sartlar-ve-kosullar\/","url":"https:\/\/www.icscoolenergy.com\/tr\/hakkimizda\/sartlar-ve-kosullar\/","name":"\u015eartlar ve ko\u015fullar | Turkey","isPartOf":{"@id":"https:\/\/www.icscoolenergy.com\/tr\/#website"},"primaryImageOfPage":{"@id":"https:\/\/www.icscoolenergy.com\/tr\/hakkimizda\/sartlar-ve-kosullar\/#primaryimage"},"image":{"@id":"https:\/\/www.icscoolenergy.com\/tr\/hakkimizda\/sartlar-ve-kosullar\/#primaryimage"},"thumbnailUrl":"https:\/\/icsdevelopment.wpenginepowered.com\/wp-content\/uploads\/sites\/9\/2024\/03\/Group.svg","datePublished":"2024-04-09T14:34:29+00:00","dateModified":"2024-11-26T11:30:57+00:00","breadcrumb":{"@id":"https:\/\/www.icscoolenergy.com\/tr\/hakkimizda\/sartlar-ve-kosullar\/#breadcrumb"},"inLanguage":"tr","potentialAction":[{"@type":"ReadAction","target":["https:\/\/www.icscoolenergy.com\/tr\/hakkimizda\/sartlar-ve-kosullar\/"]}]},{"@type":"ImageObject","inLanguage":"tr","@id":"https:\/\/www.icscoolenergy.com\/tr\/hakkimizda\/sartlar-ve-kosullar\/#primaryimage","url":"https:\/\/icsdevelopment.wpenginepowered.com\/wp-content\/uploads\/sites\/9\/2024\/03\/Group.svg","contentUrl":"https:\/\/icsdevelopment.wpenginepowered.com\/wp-content\/uploads\/sites\/9\/2024\/03\/Group.svg"},{"@type":"BreadcrumbList","@id":"https:\/\/www.icscoolenergy.com\/tr\/hakkimizda\/sartlar-ve-kosullar\/#breadcrumb","itemListElement":[{"@type":"ListItem","position":1,"name":"Home","item":"https:\/\/www.icscoolenergy.com\/tr\/ana-sayfa\/"},{"@type":"ListItem","position":2,"name":"Hakk\u0131m\u0131zda","item":"https:\/\/www.icscoolenergy.com\/tr\/hakkimizda\/"},{"@type":"ListItem","position":3,"name":"\u015eartlar ve ko\u015fullar"}]},{"@type":"WebSite","@id":"https:\/\/www.icscoolenergy.com\/tr\/#website","url":"https:\/\/www.icscoolenergy.com\/tr\/","name":"ICS Cool Energy","description":"The Process Temperature Control Specialists","publisher":{"@id":"https:\/\/www.icscoolenergy.com\/tr\/#organization"},"alternateName":"ICS","potentialAction":[{"@type":"SearchAction","target":{"@type":"EntryPoint","urlTemplate":"https:\/\/www.icscoolenergy.com\/tr\/?s={search_term_string}"},"query-input":{"@type":"PropertyValueSpecification","valueRequired":true,"valueName":"search_term_string"}}],"inLanguage":"tr"},{"@type":"Organization","@id":"https:\/\/www.icscoolenergy.com\/tr\/#organization","name":"ICS Cool Energy","url":"https:\/\/www.icscoolenergy.com\/tr\/","logo":{"@type":"ImageObject","inLanguage":"tr","@id":"https:\/\/www.icscoolenergy.com\/tr\/#\/schema\/logo\/image\/","url":"https:\/\/www.icscoolenergy.com\/wp-content\/uploads\/sites\/9\/2024\/01\/ics-cool-energy-logo.svg","contentUrl":"https:\/\/www.icscoolenergy.com\/wp-content\/uploads\/sites\/9\/2024\/01\/ics-cool-energy-logo.svg","caption":"ICS Cool Energy"},"image":{"@id":"https:\/\/www.icscoolenergy.com\/tr\/#\/schema\/logo\/image\/"},"sameAs":["https:\/\/www.linkedin.com\/company\/ics-temperature-control\/","https:\/\/www.youtube.com\/@ICSCoolEnergyLtd"],"description":"ICS Cool Energy is a market leader for process and critical temperature control solutions that keep all types and sizes of businesses and industry running. Our headquarters are situated in Southampton, with offices throughout the UK and Europe, employing over 250 people in the UK alone.","email":"info@icscoolenergy.com","telephone":"0800 840 4210","legalName":"ICS Cool Energy Limited","numberOfEmployees":{"@type":"QuantitativeValue","minValue":"201","maxValue":"500"}}]}},"_links":{"self":[{"href":"https:\/\/www.icscoolenergy.com\/tr\/wp-json\/wp\/v2\/pages\/86411","targetHints":{"allow":["GET"]}}],"collection":[{"href":"https:\/\/www.icscoolenergy.com\/tr\/wp-json\/wp\/v2\/pages"}],"about":[{"href":"https:\/\/www.icscoolenergy.com\/tr\/wp-json\/wp\/v2\/types\/page"}],"author":[{"embeddable":true,"href":"https:\/\/www.icscoolenergy.com\/tr\/wp-json\/wp\/v2\/users\/1"}],"replies":[{"embeddable":true,"href":"https:\/\/www.icscoolenergy.com\/tr\/wp-json\/wp\/v2\/comments?post=86411"}],"version-history":[{"count":0,"href":"https:\/\/www.icscoolenergy.com\/tr\/wp-json\/wp\/v2\/pages\/86411\/revisions"}],"up":[{"embeddable":true,"href":"https:\/\/www.icscoolenergy.com\/tr\/wp-json\/wp\/v2\/pages\/86290"}],"wp:attachment":[{"href":"https:\/\/www.icscoolenergy.com\/tr\/wp-json\/wp\/v2\/media?parent=86411"}],"curies":[{"name":"wp","href":"https:\/\/api.w.org\/{rel}","templated":true}]}}