 
{"id":86430,"date":"2024-04-10T14:52:07","date_gmt":"2024-04-10T14:52:07","guid":{"rendered":"https:\/\/www.icscoolenergy.com\/tr\/hakkimizda\/cevre-politikalari\/"},"modified":"2024-11-26T11:30:57","modified_gmt":"2024-11-26T11:30:57","slug":"cevre-politikalari","status":"publish","type":"page","link":"https:\/\/www.icscoolenergy.com\/tr\/hakkimizda\/cevre-politikalari\/","title":{"rendered":"\u00c7evre politikalar\u0131"},"content":{"rendered":"\n<div class=\"mb-8 eplus-wrapper wp-block-group is-layout-flow wp-block-group-is-layout-flow\">\n<div class=\"md:relative eplus-wrapper wp-block-group is-layout-flow wp-block-group-is-layout-flow\">\n<div class=\"eplus-wrapper wp-block-cover is-light\" style=\"min-height:451px;aspect-ratio:unset;\"><span aria-hidden=\"true\" class=\"wp-block-cover__background has-background-dim-0 has-background-dim\"><\/span><img loading=\"lazy\" decoding=\"async\" width=\"1980\" height=\"990\" class=\"wp-block-cover__image-background wp-image-84298\" alt=\"Environmental policies\" src=\"https:\/\/www.icscoolenergy.com\/tr\/wp-content\/uploads\/sites\/9\/2024\/05\/Environmental-policies-hero.jpg\" data-object-fit=\"cover\" srcset=\"https:\/\/www.icscoolenergy.com\/wp-content\/uploads\/sites\/9\/2024\/05\/Environmental-policies-hero.jpg 1980w, https:\/\/www.icscoolenergy.com\/wp-content\/uploads\/sites\/9\/2024\/05\/Environmental-policies-hero-300x150.jpg 300w, https:\/\/www.icscoolenergy.com\/wp-content\/uploads\/sites\/9\/2024\/05\/Environmental-policies-hero-1024x512.jpg 1024w, https:\/\/www.icscoolenergy.com\/wp-content\/uploads\/sites\/9\/2024\/05\/Environmental-policies-hero-768x384.jpg 768w, https:\/\/www.icscoolenergy.com\/wp-content\/uploads\/sites\/9\/2024\/05\/Environmental-policies-hero-50x25.jpg 50w, https:\/\/www.icscoolenergy.com\/wp-content\/uploads\/sites\/9\/2024\/05\/Environmental-policies-hero-1600x800.jpg 1600w, https:\/\/www.icscoolenergy.com\/wp-content\/uploads\/sites\/9\/2024\/05\/Environmental-policies-hero-1536x768.jpg 1536w, https:\/\/www.icscoolenergy.com\/wp-content\/uploads\/sites\/9\/2024\/05\/Environmental-policies-hero-600x300.jpg 600w\" sizes=\"auto, (max-width: 1980px) 100vw, 1980px\" \/><div class=\"wp-block-cover__inner-container is-layout-flow wp-block-cover-is-layout-flow\">\n<p class=\" has-text-align-center has-large-font-size eplus-wrapper\"><\/p>\n<\/div><\/div>\n\n\n\n<div class=\"rounded-tr-md sm:w-full md:w-[80%] md:h-fit md:top-[80%] relative md:-mt-[10%] z-[1] md:left-0 eplus-wrapper wp-block-group has-background is-layout-constrained wp-block-group-is-layout-constrained\" style=\"background-color:#eaeaef\">\n<h1 class=\"eplus-wrapper pt-8 wp-block-heading has-text-color has-link-color wp-elements-fa74d60b5751dfabce6d1f13201b809d\" id=\"h-environmental-policies\" style=\"color:#312f5f\">\u00c7EVRE POL\u0130T\u0130KALARIMIZ<\/h1>\n\n\n\n<p class=\" eplus-wrapper\">S\u00fcrd\u00fcr\u00fclebilirlik ve \u00e7evresel sorumluluk, sadece m\u00fc\u015fterilerimiz talep etti\u011fi i\u00e7in de\u011fil, i\u015fimizin \u00f6z\u00fcd\u00fcr.<\/p>\n\n\n\n<p class=\" eplus-wrapper\">ISO9001, 14001 ve OHSAS18001&#8217;ye faaliyet g\u00f6stermek, ICS Cool Energy&#8217;nin taahh\u00fcd\u00fcn\u00fcn kan\u0131t\u0131d\u0131r.<\/p>\n\n\n\n<div style=\"height:16px\" aria-hidden=\"true\" class=\" wp-block-spacer eplus-wrapper\"><\/div>\n\n\n\n<p class=\" eplus-wrapper\">Pratik anlamda \u015fu anlama gelir:<\/p>\n\n\n<ul class=\"eplus-wrapper wp-block-list eplus-styles-uid-a89fd1\">\n<li class=\" eplus-wrapper\">Malzemelerin azalt\u0131lmas\u0131 ve yeniden kullan\u0131lmas\u0131<\/li>\n\n\n\n<li class=\" eplus-wrapper\">Geri kazan\u0131m ve geri d\u00f6n\u00fc\u015f\u00fcm<\/li>\n\n\n\n<li class=\" eplus-wrapper\">\u00c7evre mevzuat\u0131na uyum ve kirlili\u011fin \u00f6nlenmesi amac\u0131yla sorunlu alanlar\u0131 ortadan kald\u0131rmak i\u00e7in mevcut en iyi teknikleri kullanmak<\/li>\n<\/ul>\n\n\n<div style=\"height:16px\" aria-hidden=\"true\" class=\" wp-block-spacer eplus-wrapper\"><\/div>\n\n\n\n<p class=\" eplus-wrapper\">Bunu nas\u0131l yap\u0131yoruz?<\/p>\n\n\n\n<p class=\" eplus-wrapper\">Kaynaklar\u0131n, s\u00fcre\u00e7lerin ve emisyonlar\u0131n kullan\u0131m\u0131n\u0131 s\u00fcrekli olarak g\u00f6zden ge\u00e7irir ve iyile\u015ftiririz.<\/p>\n<\/div>\n<\/div>\n\n\n\n<div style=\"height:60px\" aria-hidden=\"true\" class=\"xs:hidden md:block eplus-wrapper wp-block-spacer\"><\/div>\n<\/div>\n\n<div style=\"height:51px\" aria-hidden=\"true\" class=\" wp-block-spacer eplus-wrapper\"><\/div>\n","protected":false},"excerpt":{"rendered":"<p>\u00c7EVRE POL\u0130T\u0130KALARIMIZ S\u00fcrd\u00fcr\u00fclebilirlik ve \u00e7evresel sorumluluk, sadece m\u00fc\u015fterilerimiz talep etti\u011fi i\u00e7in de\u011fil, i\u015fimizin \u00f6z\u00fcd\u00fcr. ISO9001, 14001 ve OHSAS18001&#8217;ye faaliyet g\u00f6stermek, ICS Cool Energy&#8217;nin taahh\u00fcd\u00fcn\u00fcn kan\u0131t\u0131d\u0131r. Pratik anlamda \u015fu anlama gelir: Bunu nas\u0131l yap\u0131yoruz? Kaynaklar\u0131n, s\u00fcre\u00e7lerin ve emisyonlar\u0131n kullan\u0131m\u0131n\u0131 s\u00fcrekli olarak g\u00f6zden ge\u00e7irir ve iyile\u015ftiririz.<\/p>\n","protected":false},"author":1,"featured_media":0,"parent":86290,"menu_order":0,"comment_status":"closed","ping_status":"closed","template":"template-1.php","meta":{"_acf_changed":false,"inline_featured_image":false,"_editorskit_title_hidden":false,"_editorskit_reading_time":0,"_editorskit_is_block_options_detached":false,"_editorskit_block_options_position":"{}","editor_plus_copied_stylings":"{}","footnotes":""},"class_list":["post-86430","page","type-page","status-publish"],"acf":[],"yoast_head":"<!-- This site is optimized with the Yoast SEO Premium plugin v24.5 (Yoast SEO v26.9) - https:\/\/yoast.com\/product\/yoast-seo-premium-wordpress\/ -->\n<title>\u00c7evre politikalar\u0131 | Turkey<\/title>\n<meta name=\"robots\" content=\"index, follow, max-snippet:-1, max-image-preview:large, max-video-preview:-1\" \/>\n<link rel=\"canonical\" href=\"https:\/\/www.icscoolenergy.com\/tr\/hakkimizda\/cevre-politikalari\/\" \/>\n<meta property=\"og:locale\" content=\"tr_TR\" \/>\n<meta property=\"og:type\" content=\"article\" \/>\n<meta property=\"og:title\" content=\"\u00c7evre politikalar\u0131\" \/>\n<meta property=\"og:description\" content=\"\u00c7EVRE POL\u0130T\u0130KALARIMIZ S\u00fcrd\u00fcr\u00fclebilirlik ve \u00e7evresel sorumluluk, sadece m\u00fc\u015fterilerimiz talep etti\u011fi i\u00e7in de\u011fil, i\u015fimizin \u00f6z\u00fcd\u00fcr. ISO9001, 14001 ve OHSAS18001&#8217;ye faaliyet g\u00f6stermek, ICS Cool Energy&#8217;nin taahh\u00fcd\u00fcn\u00fcn kan\u0131t\u0131d\u0131r. Pratik anlamda \u015fu anlama gelir: Bunu nas\u0131l yap\u0131yoruz? Kaynaklar\u0131n, s\u00fcre\u00e7lerin ve emisyonlar\u0131n kullan\u0131m\u0131n\u0131 s\u00fcrekli olarak g\u00f6zden ge\u00e7irir ve iyile\u015ftiririz.\" \/>\n<meta property=\"og:url\" content=\"https:\/\/www.icscoolenergy.com\/tr\/hakkimizda\/cevre-politikalari\/\" \/>\n<meta property=\"og:site_name\" content=\"Turkey\" \/>\n<meta property=\"article:modified_time\" content=\"2024-11-26T11:30:57+00:00\" \/>\n<meta property=\"og:image\" content=\"https:\/\/www.icscoolenergy.com\/tr\/wp-content\/uploads\/sites\/9\/2024\/05\/Environmental-policies-hero.jpg\" \/>\n<meta name=\"twitter:card\" content=\"summary_large_image\" \/>\n<meta name=\"twitter:label1\" content=\"Est. reading time\" \/>\n\t<meta name=\"twitter:data1\" content=\"1 dakika\" \/>\n<script type=\"application\/ld+json\" class=\"yoast-schema-graph\">{\"@context\":\"https:\/\/schema.org\",\"@graph\":[{\"@type\":\"WebPage\",\"@id\":\"https:\/\/www.icscoolenergy.com\/tr\/hakkimizda\/cevre-politikalari\/\",\"url\":\"https:\/\/www.icscoolenergy.com\/tr\/hakkimizda\/cevre-politikalari\/\",\"name\":\"\u00c7evre politikalar\u0131 | Turkey\",\"isPartOf\":{\"@id\":\"https:\/\/www.icscoolenergy.com\/tr\/#website\"},\"primaryImageOfPage\":{\"@id\":\"https:\/\/www.icscoolenergy.com\/tr\/hakkimizda\/cevre-politikalari\/#primaryimage\"},\"image\":{\"@id\":\"https:\/\/www.icscoolenergy.com\/tr\/hakkimizda\/cevre-politikalari\/#primaryimage\"},\"thumbnailUrl\":\"https:\/\/www.icscoolenergy.com\/tr\/wp-content\/uploads\/sites\/9\/2024\/05\/Environmental-policies-hero.jpg\",\"datePublished\":\"2024-04-10T14:52:07+00:00\",\"dateModified\":\"2024-11-26T11:30:57+00:00\",\"breadcrumb\":{\"@id\":\"https:\/\/www.icscoolenergy.com\/tr\/hakkimizda\/cevre-politikalari\/#breadcrumb\"},\"inLanguage\":\"tr\",\"potentialAction\":[{\"@type\":\"ReadAction\",\"target\":[\"https:\/\/www.icscoolenergy.com\/tr\/hakkimizda\/cevre-politikalari\/\"]}]},{\"@type\":\"ImageObject\",\"inLanguage\":\"tr\",\"@id\":\"https:\/\/www.icscoolenergy.com\/tr\/hakkimizda\/cevre-politikalari\/#primaryimage\",\"url\":\"https:\/\/www.icscoolenergy.com\/wp-content\/uploads\/sites\/9\/2024\/05\/Environmental-policies-hero.jpg\",\"contentUrl\":\"https:\/\/www.icscoolenergy.com\/wp-content\/uploads\/sites\/9\/2024\/05\/Environmental-policies-hero.jpg\",\"width\":1980,\"height\":990,\"caption\":\"Environmental policies\"},{\"@type\":\"BreadcrumbList\",\"@id\":\"https:\/\/www.icscoolenergy.com\/tr\/hakkimizda\/cevre-politikalari\/#breadcrumb\",\"itemListElement\":[{\"@type\":\"ListItem\",\"position\":1,\"name\":\"Home\",\"item\":\"https:\/\/www.icscoolenergy.com\/tr\/ana-sayfa\/\"},{\"@type\":\"ListItem\",\"position\":2,\"name\":\"Hakk\u0131m\u0131zda\",\"item\":\"https:\/\/www.icscoolenergy.com\/tr\/hakkimizda\/\"},{\"@type\":\"ListItem\",\"position\":3,\"name\":\"\u00c7evre politikalar\u0131\"}]},{\"@type\":\"WebSite\",\"@id\":\"https:\/\/www.icscoolenergy.com\/tr\/#website\",\"url\":\"https:\/\/www.icscoolenergy.com\/tr\/\",\"name\":\"ICS Cool Energy\",\"description\":\"The Process Temperature Control Specialists\",\"publisher\":{\"@id\":\"https:\/\/www.icscoolenergy.com\/tr\/#organization\"},\"alternateName\":\"ICS\",\"potentialAction\":[{\"@type\":\"SearchAction\",\"target\":{\"@type\":\"EntryPoint\",\"urlTemplate\":\"https:\/\/www.icscoolenergy.com\/tr\/?s={search_term_string}\"},\"query-input\":{\"@type\":\"PropertyValueSpecification\",\"valueRequired\":true,\"valueName\":\"search_term_string\"}}],\"inLanguage\":\"tr\"},{\"@type\":\"Organization\",\"@id\":\"https:\/\/www.icscoolenergy.com\/tr\/#organization\",\"name\":\"ICS Cool Energy\",\"url\":\"https:\/\/www.icscoolenergy.com\/tr\/\",\"logo\":{\"@type\":\"ImageObject\",\"inLanguage\":\"tr\",\"@id\":\"https:\/\/www.icscoolenergy.com\/tr\/#\/schema\/logo\/image\/\",\"url\":\"https:\/\/www.icscoolenergy.com\/wp-content\/uploads\/sites\/9\/2024\/01\/ics-cool-energy-logo.svg\",\"contentUrl\":\"https:\/\/www.icscoolenergy.com\/wp-content\/uploads\/sites\/9\/2024\/01\/ics-cool-energy-logo.svg\",\"caption\":\"ICS Cool Energy\"},\"image\":{\"@id\":\"https:\/\/www.icscoolenergy.com\/tr\/#\/schema\/logo\/image\/\"},\"sameAs\":[\"https:\/\/www.linkedin.com\/company\/ics-temperature-control\/\",\"https:\/\/www.youtube.com\/@ICSCoolEnergyLtd\"],\"description\":\"ICS Cool Energy is a market leader for process and critical temperature control solutions that keep all types and sizes of businesses and industry running. Our headquarters are situated in Southampton, with offices throughout the UK and Europe, employing over 250 people in the UK alone.\",\"email\":\"info@icscoolenergy.com\",\"telephone\":\"0800 840 4210\",\"legalName\":\"ICS Cool Energy Limited\",\"numberOfEmployees\":{\"@type\":\"QuantitativeValue\",\"minValue\":\"201\",\"maxValue\":\"500\"}}]}<\/script>\n<!-- \/ Yoast SEO Premium plugin. -->","yoast_head_json":{"title":"\u00c7evre politikalar\u0131 | Turkey","robots":{"index":"index","follow":"follow","max-snippet":"max-snippet:-1","max-image-preview":"max-image-preview:large","max-video-preview":"max-video-preview:-1"},"canonical":"https:\/\/www.icscoolenergy.com\/tr\/hakkimizda\/cevre-politikalari\/","og_locale":"tr_TR","og_type":"article","og_title":"\u00c7evre politikalar\u0131","og_description":"\u00c7EVRE POL\u0130T\u0130KALARIMIZ S\u00fcrd\u00fcr\u00fclebilirlik ve \u00e7evresel sorumluluk, sadece m\u00fc\u015fterilerimiz talep etti\u011fi i\u00e7in de\u011fil, i\u015fimizin \u00f6z\u00fcd\u00fcr. ISO9001, 14001 ve OHSAS18001&#8217;ye faaliyet g\u00f6stermek, ICS Cool Energy&#8217;nin taahh\u00fcd\u00fcn\u00fcn kan\u0131t\u0131d\u0131r. Pratik anlamda \u015fu anlama gelir: Bunu nas\u0131l yap\u0131yoruz? Kaynaklar\u0131n, s\u00fcre\u00e7lerin ve emisyonlar\u0131n kullan\u0131m\u0131n\u0131 s\u00fcrekli olarak g\u00f6zden ge\u00e7irir ve iyile\u015ftiririz.","og_url":"https:\/\/www.icscoolenergy.com\/tr\/hakkimizda\/cevre-politikalari\/","og_site_name":"Turkey","article_modified_time":"2024-11-26T11:30:57+00:00","og_image":[{"url":"https:\/\/www.icscoolenergy.com\/tr\/wp-content\/uploads\/sites\/9\/2024\/05\/Environmental-policies-hero.jpg","type":"","width":"","height":""}],"twitter_card":"summary_large_image","twitter_misc":{"Est. reading time":"1 dakika"},"schema":{"@context":"https:\/\/schema.org","@graph":[{"@type":"WebPage","@id":"https:\/\/www.icscoolenergy.com\/tr\/hakkimizda\/cevre-politikalari\/","url":"https:\/\/www.icscoolenergy.com\/tr\/hakkimizda\/cevre-politikalari\/","name":"\u00c7evre politikalar\u0131 | Turkey","isPartOf":{"@id":"https:\/\/www.icscoolenergy.com\/tr\/#website"},"primaryImageOfPage":{"@id":"https:\/\/www.icscoolenergy.com\/tr\/hakkimizda\/cevre-politikalari\/#primaryimage"},"image":{"@id":"https:\/\/www.icscoolenergy.com\/tr\/hakkimizda\/cevre-politikalari\/#primaryimage"},"thumbnailUrl":"https:\/\/www.icscoolenergy.com\/tr\/wp-content\/uploads\/sites\/9\/2024\/05\/Environmental-policies-hero.jpg","datePublished":"2024-04-10T14:52:07+00:00","dateModified":"2024-11-26T11:30:57+00:00","breadcrumb":{"@id":"https:\/\/www.icscoolenergy.com\/tr\/hakkimizda\/cevre-politikalari\/#breadcrumb"},"inLanguage":"tr","potentialAction":[{"@type":"ReadAction","target":["https:\/\/www.icscoolenergy.com\/tr\/hakkimizda\/cevre-politikalari\/"]}]},{"@type":"ImageObject","inLanguage":"tr","@id":"https:\/\/www.icscoolenergy.com\/tr\/hakkimizda\/cevre-politikalari\/#primaryimage","url":"https:\/\/www.icscoolenergy.com\/wp-content\/uploads\/sites\/9\/2024\/05\/Environmental-policies-hero.jpg","contentUrl":"https:\/\/www.icscoolenergy.com\/wp-content\/uploads\/sites\/9\/2024\/05\/Environmental-policies-hero.jpg","width":1980,"height":990,"caption":"Environmental policies"},{"@type":"BreadcrumbList","@id":"https:\/\/www.icscoolenergy.com\/tr\/hakkimizda\/cevre-politikalari\/#breadcrumb","itemListElement":[{"@type":"ListItem","position":1,"name":"Home","item":"https:\/\/www.icscoolenergy.com\/tr\/ana-sayfa\/"},{"@type":"ListItem","position":2,"name":"Hakk\u0131m\u0131zda","item":"https:\/\/www.icscoolenergy.com\/tr\/hakkimizda\/"},{"@type":"ListItem","position":3,"name":"\u00c7evre politikalar\u0131"}]},{"@type":"WebSite","@id":"https:\/\/www.icscoolenergy.com\/tr\/#website","url":"https:\/\/www.icscoolenergy.com\/tr\/","name":"ICS Cool Energy","description":"The Process Temperature Control Specialists","publisher":{"@id":"https:\/\/www.icscoolenergy.com\/tr\/#organization"},"alternateName":"ICS","potentialAction":[{"@type":"SearchAction","target":{"@type":"EntryPoint","urlTemplate":"https:\/\/www.icscoolenergy.com\/tr\/?s={search_term_string}"},"query-input":{"@type":"PropertyValueSpecification","valueRequired":true,"valueName":"search_term_string"}}],"inLanguage":"tr"},{"@type":"Organization","@id":"https:\/\/www.icscoolenergy.com\/tr\/#organization","name":"ICS Cool Energy","url":"https:\/\/www.icscoolenergy.com\/tr\/","logo":{"@type":"ImageObject","inLanguage":"tr","@id":"https:\/\/www.icscoolenergy.com\/tr\/#\/schema\/logo\/image\/","url":"https:\/\/www.icscoolenergy.com\/wp-content\/uploads\/sites\/9\/2024\/01\/ics-cool-energy-logo.svg","contentUrl":"https:\/\/www.icscoolenergy.com\/wp-content\/uploads\/sites\/9\/2024\/01\/ics-cool-energy-logo.svg","caption":"ICS Cool Energy"},"image":{"@id":"https:\/\/www.icscoolenergy.com\/tr\/#\/schema\/logo\/image\/"},"sameAs":["https:\/\/www.linkedin.com\/company\/ics-temperature-control\/","https:\/\/www.youtube.com\/@ICSCoolEnergyLtd"],"description":"ICS Cool Energy is a market leader for process and critical temperature control solutions that keep all types and sizes of businesses and industry running. Our headquarters are situated in Southampton, with offices throughout the UK and Europe, employing over 250 people in the UK alone.","email":"info@icscoolenergy.com","telephone":"0800 840 4210","legalName":"ICS Cool Energy Limited","numberOfEmployees":{"@type":"QuantitativeValue","minValue":"201","maxValue":"500"}}]}},"_links":{"self":[{"href":"https:\/\/www.icscoolenergy.com\/tr\/wp-json\/wp\/v2\/pages\/86430","targetHints":{"allow":["GET"]}}],"collection":[{"href":"https:\/\/www.icscoolenergy.com\/tr\/wp-json\/wp\/v2\/pages"}],"about":[{"href":"https:\/\/www.icscoolenergy.com\/tr\/wp-json\/wp\/v2\/types\/page"}],"author":[{"embeddable":true,"href":"https:\/\/www.icscoolenergy.com\/tr\/wp-json\/wp\/v2\/users\/1"}],"replies":[{"embeddable":true,"href":"https:\/\/www.icscoolenergy.com\/tr\/wp-json\/wp\/v2\/comments?post=86430"}],"version-history":[{"count":0,"href":"https:\/\/www.icscoolenergy.com\/tr\/wp-json\/wp\/v2\/pages\/86430\/revisions"}],"up":[{"embeddable":true,"href":"https:\/\/www.icscoolenergy.com\/tr\/wp-json\/wp\/v2\/pages\/86290"}],"wp:attachment":[{"href":"https:\/\/www.icscoolenergy.com\/tr\/wp-json\/wp\/v2\/media?parent=86430"}],"curies":[{"name":"wp","href":"https:\/\/api.w.org\/{rel}","templated":true}]}}