 
{"id":86523,"date":"2024-04-12T15:00:05","date_gmt":"2024-04-12T15:00:05","guid":{"rendered":"https:\/\/www.icscoolenergy.com\/tr\/hakkimizda\/kariyer\/"},"modified":"2024-11-26T11:31:50","modified_gmt":"2024-11-26T11:31:50","slug":"kariyer","status":"publish","type":"page","link":"https:\/\/www.icscoolenergy.com\/tr\/hakkimizda\/kariyer\/","title":{"rendered":"Kariyer"},"content":{"rendered":"\n<div class=\"mb-8 eplus-wrapper wp-block-group is-layout-flow wp-block-group-is-layout-flow\">\n<div class=\"md:relative eplus-wrapper wp-block-group is-layout-flow wp-block-group-is-layout-flow\">\n<div class=\"eplus-wrapper min-h-[150px] mb:min-h-[200px] sm:min-h-[250px] md:min-h-[430px] wp-block-cover\" style=\"min-height:430px;aspect-ratio:unset;\"><span aria-hidden=\"true\" class=\"wp-block-cover__background has-background-dim-0 has-background-dim\" style=\"background-color:#908e8b\"><\/span><img loading=\"lazy\" decoding=\"async\" width=\"2028\" height=\"938\" class=\"wp-block-cover__image-background wp-image-81247\" alt=\"\" src=\"https:\/\/www.icscoolenergy.com\/tr\/wp-content\/\/uploads\/2024\/04\/Warehouse-Team-1-1.jpg\" data-object-fit=\"cover\" srcset=\"https:\/\/www.icscoolenergy.com\/wp-content\/uploads\/sites\/9\/2024\/04\/Warehouse-Team-1-1.jpg 2028w, https:\/\/www.icscoolenergy.com\/wp-content\/uploads\/sites\/9\/2024\/04\/Warehouse-Team-1-1-300x139.jpg 300w, https:\/\/www.icscoolenergy.com\/wp-content\/uploads\/sites\/9\/2024\/04\/Warehouse-Team-1-1-1024x474.jpg 1024w, https:\/\/www.icscoolenergy.com\/wp-content\/uploads\/sites\/9\/2024\/04\/Warehouse-Team-1-1-768x355.jpg 768w, https:\/\/www.icscoolenergy.com\/wp-content\/uploads\/sites\/9\/2024\/04\/Warehouse-Team-1-1-50x23.jpg 50w, https:\/\/www.icscoolenergy.com\/wp-content\/uploads\/sites\/9\/2024\/04\/Warehouse-Team-1-1-1600x740.jpg 1600w, https:\/\/www.icscoolenergy.com\/wp-content\/uploads\/sites\/9\/2024\/04\/Warehouse-Team-1-1-1536x710.jpg 1536w, https:\/\/www.icscoolenergy.com\/wp-content\/uploads\/sites\/9\/2024\/04\/Warehouse-Team-1-1-600x278.jpg 600w\" sizes=\"auto, (max-width: 2028px) 100vw, 2028px\" \/><div class=\"wp-block-cover__inner-container is-layout-flow wp-block-cover-is-layout-flow\">\n<p class=\" has-text-align-center has-large-font-size eplus-wrapper\"><\/p>\n<\/div><\/div>\n\n\n\n<div class=\"rounded-tr-md sm:w-full md:w-[80%] md:h-fit md:top-[80%] relative md:-mt-[10%] z-[1] md:left-0 eplus-wrapper wp-block-group has-background is-layout-constrained wp-block-group-is-layout-constrained\" style=\"background-color:#eaeaef\">\n<h1 class=\"eplus-wrapper pt-8 wp-block-heading has-text-color has-link-color wp-elements-651e9e16e6c162b3ee4d5364ae9ca28b\" id=\"h-careers-at-ics-cool-energy\" style=\"color:#312f5f\">ICS COOL ENERGY&#8217;DE KARIYER<\/h1>\n\n\n\n<p class=\" eplus-wrapper\">Her t\u00fcr ve b\u00fcy\u00fckl\u00fckteki i\u015fletmeyi ve end\u00fcstriyi \u00e7al\u0131\u015f\u0131r durumda tutan proses ve kritik s\u0131cakl\u0131k kontrol \u00e7\u00f6z\u00fcmleri i\u00e7in pazar lideriyiz.<\/p>\n\n\n\n<p class=\"has-text-color has-link-color eplus-wrapper wp-elements-6095d9595987a479786e3360acd5241d\" style=\"color:#323130\">Merkezimiz Southampton&#8217;da olup, Birle\u015fik Krall\u0131k ve Avrupa&#8217;da ofisleri bulunmaktad\u0131r ve 250&#8217;den fazla ki\u015fiyi istihdam etmektedir.<\/p>\n\n\n\n<p class=\"has-text-color has-link-color eplus-wrapper wp-elements-1b9e6fd5c379f7fac1826b0e82acc493\" style=\"color:#323130\">\u0130\u015fimizin her alan\u0131, iddial\u0131 b\u00fcy\u00fcme planlar\u0131m\u0131z\u0131 sunmak i\u00e7in y\u00f6nlendirilmektedir. M\u00fc\u015fterilerimizin enerji tasarrufu yapmalar\u0131na ve maliyetleri d\u00fc\u015f\u00fcrmelerine yard\u0131mc\u0131 olarak b\u00fcy\u00fcme elde etmek, kritik s\u00fcrd\u00fcr\u00fclebilirlik sorunlar\u0131n\u0131 \u00e7\u00f6zmemize de olanak sa\u011flayacakt\u0131r. <\/p>\n\n\n\n<p class=\"has-text-color has-link-color eplus-wrapper wp-elements-17bd690282585df0e104c214c0304dcd\" style=\"color:#323130\">Is\u0131tma ve so\u011futma end\u00fcstrisinin karbondan ar\u0131nd\u0131r\u0131lmas\u0131na yard\u0131mc\u0131 olarak d\u00fcnyay\u0131 de\u011fi\u015ftirebilece\u011fimize inan\u0131yoruz. Ana \u015firketimiz Trane Technologies ile birlikte, 2030 y\u0131l\u0131na kadar karbon emisyonlar\u0131n\u0131 bir milyar metrik ton azaltmay\u0131 hedefliyoruz. <\/p>\n\n\n\n<p class=\"has-text-color has-link-color eplus-wrapper wp-elements-55767f3bec18b36999bdaabf7168d1a3\" style=\"color:#323130\">T\u00fcm bunlar\u0131 m\u00fcmk\u00fcn k\u0131lan \u015fey, tutkulu ve kendini i\u015fine adam\u0131\u015f insanlardan olu\u015fan bir ekiptir.<\/p>\n\n\n\n<p class=\"has-text-color has-link-color eplus-wrapper wp-elements-cf05e1aa3cbd08e37949021660247da4\" style=\"color:#323130\">Sadece i\u015f i\u00e7in de\u011fil, ayn\u0131 zamanda gezegen i\u00e7in de iyi olan ger\u00e7ek bir etki yaratmak istiyorsan\u0131z do\u011fru yerdesiniz.<\/p>\n<\/div>\n<\/div>\n\n\n\n<div style=\"height:100px\" aria-hidden=\"true\" class=\"xs:hidden md:block eplus-wrapper wp-block-spacer\"><\/div>\n<\/div>\n\n<div class=\"flex flex-row flex-wrap md:flex-nowrap sm:justify-center sm:items-center  wp-block-group eplus-wrapper is-layout-constrained wp-block-group-is-layout-constrained\">\n<div class=\"w-full p-2 m-2 wp-block-group eplus-wrapper is-vertical is-layout-flex wp-container-core-group-is-layout-8cf370e7 wp-block-group-is-layout-flex\">\n<h3 class=\" wp-block-heading eplus-wrapper\" id=\"h-current-vacancies\">MEVCUT A\u00c7IK POZISYONLAR<\/h3>\n\n\n\n<div style=\"height:8px\" aria-hidden=\"true\" class=\"wp-block-spacer eplus-wrapper wp-container-content-7d115344\"><\/div>\n\n\n\n<p class=\" eplus-wrapper\">K\u00fcresel bir iklim yenilik\u00e7isi olan Trane Technologies&#8217;in bir par\u00e7as\u0131y\u0131z ve i\u015flerimiz <a href=\"https:\/\/www.tranetechnologies.com\/en\/index\/careers.html\" class=\"ek-link\">Trane Technologies kariyer web sitesinde<\/a> bar\u0131nd\u0131r\u0131l\u0131yor. Do\u011frudan i\u015fe alman\u0131n \u015firket politikam\u0131z oldu\u011funu ve ne yaz\u0131k ki ajanslar arac\u0131l\u0131\u011f\u0131yla herhangi bir ba\u015fvuruyu kabul edemedi\u011fimizi l\u00fctfen unutmay\u0131n. <\/p>\n\n\n\n<div style=\"height:16px\" aria-hidden=\"true\" class=\"wp-block-spacer eplus-wrapper wp-container-content-f9bd05ee\"><\/div>\n\n\n\n<div class=\"wp-block-buttons eplus-wrapper is-layout-flex wp-block-buttons-is-layout-flex\"><div class=\"is-style-fill wp-block-button eplus-wrapper eplus-styles-uid-b4446d\"><a class=\"wp-block-button__link has-background wp-element-button\" href=\"https:\/\/www.tranetechnologies.com\/en\/index\/careers.html\" style=\"background-color:#0698e7\">Trane Technologies&#8217;de kariyer aray\u0131n<\/a><\/div><\/div>\n<\/div>\n<\/div>\n\n<div style=\"height:120px\" aria-hidden=\"true\" class=\" wp-block-spacer eplus-wrapper\"><\/div>\n\n<div class=\"wp-block-group eplus-wrapper is-layout-flow wp-block-group-is-layout-flow\"><div class=\"items-center md:flex xs:grid wp-block-columns eplus-wrapper is-layout-flex wp-container-core-columns-is-layout-9d6595d7 wp-block-columns-is-layout-flex eplus-styles-uid-572b1d\">\n<div class=\"xs:order-2 md:order-2 xs:w-full md:w-6\/12 xs:mb-12 md:mb-0 wp-block-column eplus-wrapper is-layout-flow wp-block-column-is-layout-flow\">\n<figure class=\" wp-block-image size-full is-resized eplus-wrapper\"><img loading=\"lazy\" decoding=\"async\" width=\"500\" height=\"349\" src=\"https:\/\/www.icscoolenergy.com\/tr\/wp-content\/uploads\/sites\/9\/2024\/04\/Our-benefits-1.jpg\" alt=\"\" class=\"wp-image-81228\" style=\"width:720px\" srcset=\"https:\/\/www.icscoolenergy.com\/wp-content\/uploads\/sites\/9\/2024\/04\/Our-benefits-1.jpg 500w, https:\/\/www.icscoolenergy.com\/wp-content\/uploads\/sites\/9\/2024\/04\/Our-benefits-1-300x209.jpg 300w, https:\/\/www.icscoolenergy.com\/wp-content\/uploads\/sites\/9\/2024\/04\/Our-benefits-1-50x35.jpg 50w\" sizes=\"auto, (max-width: 500px) 100vw, 500px\" \/><\/figure>\n<\/div>\n\n\n\n<div class=\"xs:order-1 md:order-1 xs:w-full md:w-6\/12 wp-block-column eplus-wrapper is-layout-flow wp-block-column-is-layout-flow\">\n<h3 class=\" wp-block-heading eplus-wrapper\" id=\"h-our-promise\">B\u0130Z\u0130M S\u00d6Z\u00dcM\u00dcZ<\/h3>\n\n\n\n<p class=\" eplus-wrapper\">\u0130nsanlar\u0131n tan\u0131nd\u0131\u011f\u0131 ve \u00f6d\u00fcllendirildi\u011fi harika bir i\u015f yeri in\u015fa etmeye kararl\u0131y\u0131z. En az\u0131ndan bekleyebilirsiniz; <\/p>\n\n\n<ul class=\"eplus-wrapper wp-block-list eplus-styles-uid-a301cc\">\n<li class=\" eplus-wrapper\">Rekabet\u00e7i bir maa\u015f<\/li>\n\n\n\n<li class=\" eplus-wrapper\">\u015eirket performans\u0131na dayal\u0131 bir bonus<\/li>\n\n\n\n<li class=\" eplus-wrapper\">Y\u0131lda 25 g\u00fcn \u00fccretli tatil (resmi tatiller hari\u00e7) art\u0131 fazladan 5 g\u00fcn sat\u0131n alma se\u00e7ene\u011fi<\/li>\n\n\n\n<li class=\" eplus-wrapper\">Y\u0131lda 1 g\u00fcn g\u00f6n\u00fcll\u00fcl\u00fck<\/li>\n\n\n\n<li class=\" eplus-wrapper\">Esnek \u00e7al\u0131\u015fma d\u00fczenlemeleri<\/li>\n\n\n\n<li class=\" eplus-wrapper\">\u00d6zel sa\u011fl\u0131k sigortas\u0131<\/li>\n\n\n\n<li class=\" eplus-wrapper\">Aile ya\u015fam tarz\u0131 etkinli\u011finde ge\u00e7erliyse, evlat edinme\/babal\u0131k i\u00e7in aile dostu politikalar<\/li>\n\n\n\n<li class=\" eplus-wrapper\">\u0130\u015fe d\u00f6n\u00fc\u015f \u015femas\u0131<\/li>\n\n\n\n<li class=\" eplus-wrapper\">S\u00fcrekli \u00f6\u011frenme ve kendini geli\u015ftirme<\/li>\n<\/ul><\/div>\n<\/div><\/div>\n\n<div style=\"height:60px\" aria-hidden=\"true\" class=\" wp-block-spacer eplus-wrapper\"><\/div>\n\n<div class=\"mb-20 wp-block-group eplus-wrapper is-layout-flow wp-block-group-is-layout-flow\"><div class=\"is-not-stacked-on-mobile has-background xs:p-8 sm:p-12 rounded-2xl items-center lg:flex xs:grid wp-block-columns eplus-wrapper is-layout-flex wp-container-core-columns-is-layout-9d6595d7 wp-block-columns-is-layout-flex eplus-styles-uid-162e62\" style=\"background-color:#222143\">\n<div class=\"xs:order-1 lg:order-2 xs:w-full lg:w-6\/12 wp-block-column eplus-wrapper is-layout-flow wp-block-column-is-layout-flow\">\n<h3 class=\"wp-block-heading has-white-color has-text-color has-link-color eplus-wrapper wp-elements-8cbd29eee064f81f770b909bf64085d4\" id=\"h-we-can-t-wait-to-meet-you\">SIZINLE TANI\u015eMAK I\u00c7IN SABIRSIZLANIYORUZ<\/h3>\n\n\n\n<p class=\"has-white-color has-text-color has-link-color eplus-wrapper wp-elements-3c3deaac90cb95aedb6662993842e93f\">ICS Cool Energy&#8217;deki farkl\u0131 departmanlar\u0131m\u0131zda ve ekiplerimizde neler yapt\u0131\u011f\u0131m\u0131z hakk\u0131nda daha fazla bilgi edinin.<\/p>\n\n\n\n<div class=\"wp-block-buttons eplus-wrapper is-layout-flex wp-block-buttons-is-layout-flex\"><div class=\"is-style-fill wp-block-button eplus-wrapper eplus-styles-uid-1af7aa\"><a class=\"wp-block-button__link has-background wp-element-button\" href=\"\/?page_id=84347\" style=\"background-color:#0698e7\">Ekiplerimiz<\/a><\/div><\/div>\n<\/div>\n\n\n\n<div class=\"xs:order-1 lg:order-2 xs:w-full lg:w-6\/12 wp-block-column eplus-wrapper is-layout-flow wp-block-column-is-layout-flow\">\n<figure class=\" wp-block-image size-full eplus-wrapper\"><img loading=\"lazy\" decoding=\"async\" width=\"919\" height=\"590\" src=\"https:\/\/www.icscoolenergy.com\/tr\/wp-content\/uploads\/sites\/9\/2024\/04\/careers-cta-banner.jpg\" alt=\"\" class=\"wp-image-81234\" srcset=\"https:\/\/www.icscoolenergy.com\/wp-content\/uploads\/sites\/9\/2024\/04\/careers-cta-banner.jpg 919w, https:\/\/www.icscoolenergy.com\/wp-content\/uploads\/sites\/9\/2024\/04\/careers-cta-banner-300x193.jpg 300w, https:\/\/www.icscoolenergy.com\/wp-content\/uploads\/sites\/9\/2024\/04\/careers-cta-banner-768x493.jpg 768w, https:\/\/www.icscoolenergy.com\/wp-content\/uploads\/sites\/9\/2024\/04\/careers-cta-banner-50x32.jpg 50w, https:\/\/www.icscoolenergy.com\/wp-content\/uploads\/sites\/9\/2024\/04\/careers-cta-banner-600x385.jpg 600w\" sizes=\"auto, (max-width: 919px) 100vw, 919px\" \/><\/figure>\n<\/div>\n<\/div><\/div>\n\n<div style=\"height:60px\" aria-hidden=\"true\" class=\" wp-block-spacer eplus-wrapper\"><\/div>\n","protected":false},"excerpt":{"rendered":"<p>ICS COOL ENERGY&#8217;DE KARIYER Her t\u00fcr ve b\u00fcy\u00fckl\u00fckteki i\u015fletmeyi ve end\u00fcstriyi \u00e7al\u0131\u015f\u0131r durumda tutan proses ve kritik s\u0131cakl\u0131k kontrol \u00e7\u00f6z\u00fcmleri i\u00e7in pazar lideriyiz. Merkezimiz Southampton&#8217;da olup, Birle\u015fik Krall\u0131k ve Avrupa&#8217;da ofisleri bulunmaktad\u0131r ve 250&#8217;den fazla ki\u015fiyi istihdam etmektedir. \u0130\u015fimizin her alan\u0131, iddial\u0131 b\u00fcy\u00fcme planlar\u0131m\u0131z\u0131 sunmak i\u00e7in y\u00f6nlendirilmektedir. M\u00fc\u015fterilerimizin enerji tasarrufu yapmalar\u0131na ve maliyetleri d\u00fc\u015f\u00fcrmelerine yard\u0131mc\u0131 &#8230; <a title=\"Kariyer\" class=\"read-more\" href=\"https:\/\/www.icscoolenergy.com\/tr\/hakkimizda\/kariyer\/\" aria-label=\"More on Kariyer\">Read more<\/a><\/p>\n","protected":false},"author":1,"featured_media":0,"parent":86290,"menu_order":0,"comment_status":"closed","ping_status":"closed","template":"template-1.php","meta":{"_acf_changed":false,"inline_featured_image":false,"_editorskit_title_hidden":false,"_editorskit_reading_time":0,"_editorskit_is_block_options_detached":false,"_editorskit_block_options_position":"{}","editor_plus_copied_stylings":"{}","footnotes":""},"class_list":["post-86523","page","type-page","status-publish"],"acf":[],"yoast_head":"<!-- This site is optimized with the Yoast SEO Premium plugin v24.5 (Yoast SEO v26.9) - https:\/\/yoast.com\/product\/yoast-seo-premium-wordpress\/ -->\n<title>Kariyer | Turkey<\/title>\n<meta name=\"robots\" content=\"index, follow, max-snippet:-1, max-image-preview:large, max-video-preview:-1\" \/>\n<link rel=\"canonical\" href=\"https:\/\/www.icscoolenergy.com\/tr\/hakkimizda\/kariyer\/\" \/>\n<meta property=\"og:locale\" content=\"tr_TR\" \/>\n<meta property=\"og:type\" content=\"article\" \/>\n<meta property=\"og:title\" content=\"Kariyer\" \/>\n<meta property=\"og:description\" content=\"ICS COOL ENERGY&#8217;DE KARIYER Her t\u00fcr ve b\u00fcy\u00fckl\u00fckteki i\u015fletmeyi ve end\u00fcstriyi \u00e7al\u0131\u015f\u0131r durumda tutan proses ve kritik s\u0131cakl\u0131k kontrol \u00e7\u00f6z\u00fcmleri i\u00e7in pazar lideriyiz. Merkezimiz Southampton&#8217;da olup, Birle\u015fik Krall\u0131k ve Avrupa&#8217;da ofisleri bulunmaktad\u0131r ve 250&#8217;den fazla ki\u015fiyi istihdam etmektedir. \u0130\u015fimizin her alan\u0131, iddial\u0131 b\u00fcy\u00fcme planlar\u0131m\u0131z\u0131 sunmak i\u00e7in y\u00f6nlendirilmektedir. M\u00fc\u015fterilerimizin enerji tasarrufu yapmalar\u0131na ve maliyetleri d\u00fc\u015f\u00fcrmelerine yard\u0131mc\u0131 ... Read more\" \/>\n<meta property=\"og:url\" content=\"https:\/\/www.icscoolenergy.com\/tr\/hakkimizda\/kariyer\/\" \/>\n<meta property=\"og:site_name\" content=\"Turkey\" \/>\n<meta property=\"article:modified_time\" content=\"2024-11-26T11:31:50+00:00\" \/>\n<meta property=\"og:image\" content=\"https:\/\/www.icscoolenergy.com\/tr\/wp-content\/\/uploads\/2024\/04\/Warehouse-Team-1-1.jpg\" \/>\n<meta name=\"twitter:card\" content=\"summary_large_image\" \/>\n<meta name=\"twitter:label1\" content=\"Est. reading time\" \/>\n\t<meta name=\"twitter:data1\" content=\"2 dakika\" \/>\n<script type=\"application\/ld+json\" class=\"yoast-schema-graph\">{\"@context\":\"https:\/\/schema.org\",\"@graph\":[{\"@type\":\"WebPage\",\"@id\":\"https:\/\/www.icscoolenergy.com\/tr\/hakkimizda\/kariyer\/\",\"url\":\"https:\/\/www.icscoolenergy.com\/tr\/hakkimizda\/kariyer\/\",\"name\":\"Kariyer | Turkey\",\"isPartOf\":{\"@id\":\"https:\/\/www.icscoolenergy.com\/tr\/#website\"},\"primaryImageOfPage\":{\"@id\":\"https:\/\/www.icscoolenergy.com\/tr\/hakkimizda\/kariyer\/#primaryimage\"},\"image\":{\"@id\":\"https:\/\/www.icscoolenergy.com\/tr\/hakkimizda\/kariyer\/#primaryimage\"},\"thumbnailUrl\":\"https:\/\/www.icscoolenergy.com\/tr\/wp-content\/\/uploads\/2024\/04\/Warehouse-Team-1-1.jpg\",\"datePublished\":\"2024-04-12T15:00:05+00:00\",\"dateModified\":\"2024-11-26T11:31:50+00:00\",\"breadcrumb\":{\"@id\":\"https:\/\/www.icscoolenergy.com\/tr\/hakkimizda\/kariyer\/#breadcrumb\"},\"inLanguage\":\"tr\",\"potentialAction\":[{\"@type\":\"ReadAction\",\"target\":[\"https:\/\/www.icscoolenergy.com\/tr\/hakkimizda\/kariyer\/\"]}]},{\"@type\":\"ImageObject\",\"inLanguage\":\"tr\",\"@id\":\"https:\/\/www.icscoolenergy.com\/tr\/hakkimizda\/kariyer\/#primaryimage\",\"url\":\"https:\/\/www.icscoolenergy.com\/wp-content\/uploads\/sites\/9\/2024\/04\/Warehouse-Team-1-1.jpg\",\"contentUrl\":\"https:\/\/www.icscoolenergy.com\/wp-content\/uploads\/sites\/9\/2024\/04\/Warehouse-Team-1-1.jpg\",\"width\":2028,\"height\":938},{\"@type\":\"BreadcrumbList\",\"@id\":\"https:\/\/www.icscoolenergy.com\/tr\/hakkimizda\/kariyer\/#breadcrumb\",\"itemListElement\":[{\"@type\":\"ListItem\",\"position\":1,\"name\":\"Home\",\"item\":\"https:\/\/www.icscoolenergy.com\/tr\/ana-sayfa\/\"},{\"@type\":\"ListItem\",\"position\":2,\"name\":\"Hakk\u0131m\u0131zda\",\"item\":\"https:\/\/www.icscoolenergy.com\/tr\/hakkimizda\/\"},{\"@type\":\"ListItem\",\"position\":3,\"name\":\"Kariyer\"}]},{\"@type\":\"WebSite\",\"@id\":\"https:\/\/www.icscoolenergy.com\/tr\/#website\",\"url\":\"https:\/\/www.icscoolenergy.com\/tr\/\",\"name\":\"ICS Cool Energy\",\"description\":\"The Process Temperature Control Specialists\",\"publisher\":{\"@id\":\"https:\/\/www.icscoolenergy.com\/tr\/#organization\"},\"alternateName\":\"ICS\",\"potentialAction\":[{\"@type\":\"SearchAction\",\"target\":{\"@type\":\"EntryPoint\",\"urlTemplate\":\"https:\/\/www.icscoolenergy.com\/tr\/?s={search_term_string}\"},\"query-input\":{\"@type\":\"PropertyValueSpecification\",\"valueRequired\":true,\"valueName\":\"search_term_string\"}}],\"inLanguage\":\"tr\"},{\"@type\":\"Organization\",\"@id\":\"https:\/\/www.icscoolenergy.com\/tr\/#organization\",\"name\":\"ICS Cool Energy\",\"url\":\"https:\/\/www.icscoolenergy.com\/tr\/\",\"logo\":{\"@type\":\"ImageObject\",\"inLanguage\":\"tr\",\"@id\":\"https:\/\/www.icscoolenergy.com\/tr\/#\/schema\/logo\/image\/\",\"url\":\"https:\/\/www.icscoolenergy.com\/wp-content\/uploads\/sites\/9\/2024\/01\/ics-cool-energy-logo.svg\",\"contentUrl\":\"https:\/\/www.icscoolenergy.com\/wp-content\/uploads\/sites\/9\/2024\/01\/ics-cool-energy-logo.svg\",\"caption\":\"ICS Cool Energy\"},\"image\":{\"@id\":\"https:\/\/www.icscoolenergy.com\/tr\/#\/schema\/logo\/image\/\"},\"sameAs\":[\"https:\/\/www.linkedin.com\/company\/ics-temperature-control\/\",\"https:\/\/www.youtube.com\/@ICSCoolEnergyLtd\"],\"description\":\"ICS Cool Energy is a market leader for process and critical temperature control solutions that keep all types and sizes of businesses and industry running. Our headquarters are situated in Southampton, with offices throughout the UK and Europe, employing over 250 people in the UK alone.\",\"email\":\"info@icscoolenergy.com\",\"telephone\":\"0800 840 4210\",\"legalName\":\"ICS Cool Energy Limited\",\"numberOfEmployees\":{\"@type\":\"QuantitativeValue\",\"minValue\":\"201\",\"maxValue\":\"500\"}}]}<\/script>\n<!-- \/ Yoast SEO Premium plugin. -->","yoast_head_json":{"title":"Kariyer | Turkey","robots":{"index":"index","follow":"follow","max-snippet":"max-snippet:-1","max-image-preview":"max-image-preview:large","max-video-preview":"max-video-preview:-1"},"canonical":"https:\/\/www.icscoolenergy.com\/tr\/hakkimizda\/kariyer\/","og_locale":"tr_TR","og_type":"article","og_title":"Kariyer","og_description":"ICS COOL ENERGY&#8217;DE KARIYER Her t\u00fcr ve b\u00fcy\u00fckl\u00fckteki i\u015fletmeyi ve end\u00fcstriyi \u00e7al\u0131\u015f\u0131r durumda tutan proses ve kritik s\u0131cakl\u0131k kontrol \u00e7\u00f6z\u00fcmleri i\u00e7in pazar lideriyiz. Merkezimiz Southampton&#8217;da olup, Birle\u015fik Krall\u0131k ve Avrupa&#8217;da ofisleri bulunmaktad\u0131r ve 250&#8217;den fazla ki\u015fiyi istihdam etmektedir. \u0130\u015fimizin her alan\u0131, iddial\u0131 b\u00fcy\u00fcme planlar\u0131m\u0131z\u0131 sunmak i\u00e7in y\u00f6nlendirilmektedir. M\u00fc\u015fterilerimizin enerji tasarrufu yapmalar\u0131na ve maliyetleri d\u00fc\u015f\u00fcrmelerine yard\u0131mc\u0131 ... Read more","og_url":"https:\/\/www.icscoolenergy.com\/tr\/hakkimizda\/kariyer\/","og_site_name":"Turkey","article_modified_time":"2024-11-26T11:31:50+00:00","og_image":[{"url":"https:\/\/www.icscoolenergy.com\/tr\/wp-content\/\/uploads\/2024\/04\/Warehouse-Team-1-1.jpg","type":"","width":"","height":""}],"twitter_card":"summary_large_image","twitter_misc":{"Est. reading time":"2 dakika"},"schema":{"@context":"https:\/\/schema.org","@graph":[{"@type":"WebPage","@id":"https:\/\/www.icscoolenergy.com\/tr\/hakkimizda\/kariyer\/","url":"https:\/\/www.icscoolenergy.com\/tr\/hakkimizda\/kariyer\/","name":"Kariyer | Turkey","isPartOf":{"@id":"https:\/\/www.icscoolenergy.com\/tr\/#website"},"primaryImageOfPage":{"@id":"https:\/\/www.icscoolenergy.com\/tr\/hakkimizda\/kariyer\/#primaryimage"},"image":{"@id":"https:\/\/www.icscoolenergy.com\/tr\/hakkimizda\/kariyer\/#primaryimage"},"thumbnailUrl":"https:\/\/www.icscoolenergy.com\/tr\/wp-content\/\/uploads\/2024\/04\/Warehouse-Team-1-1.jpg","datePublished":"2024-04-12T15:00:05+00:00","dateModified":"2024-11-26T11:31:50+00:00","breadcrumb":{"@id":"https:\/\/www.icscoolenergy.com\/tr\/hakkimizda\/kariyer\/#breadcrumb"},"inLanguage":"tr","potentialAction":[{"@type":"ReadAction","target":["https:\/\/www.icscoolenergy.com\/tr\/hakkimizda\/kariyer\/"]}]},{"@type":"ImageObject","inLanguage":"tr","@id":"https:\/\/www.icscoolenergy.com\/tr\/hakkimizda\/kariyer\/#primaryimage","url":"https:\/\/www.icscoolenergy.com\/wp-content\/uploads\/sites\/9\/2024\/04\/Warehouse-Team-1-1.jpg","contentUrl":"https:\/\/www.icscoolenergy.com\/wp-content\/uploads\/sites\/9\/2024\/04\/Warehouse-Team-1-1.jpg","width":2028,"height":938},{"@type":"BreadcrumbList","@id":"https:\/\/www.icscoolenergy.com\/tr\/hakkimizda\/kariyer\/#breadcrumb","itemListElement":[{"@type":"ListItem","position":1,"name":"Home","item":"https:\/\/www.icscoolenergy.com\/tr\/ana-sayfa\/"},{"@type":"ListItem","position":2,"name":"Hakk\u0131m\u0131zda","item":"https:\/\/www.icscoolenergy.com\/tr\/hakkimizda\/"},{"@type":"ListItem","position":3,"name":"Kariyer"}]},{"@type":"WebSite","@id":"https:\/\/www.icscoolenergy.com\/tr\/#website","url":"https:\/\/www.icscoolenergy.com\/tr\/","name":"ICS Cool Energy","description":"The Process Temperature Control Specialists","publisher":{"@id":"https:\/\/www.icscoolenergy.com\/tr\/#organization"},"alternateName":"ICS","potentialAction":[{"@type":"SearchAction","target":{"@type":"EntryPoint","urlTemplate":"https:\/\/www.icscoolenergy.com\/tr\/?s={search_term_string}"},"query-input":{"@type":"PropertyValueSpecification","valueRequired":true,"valueName":"search_term_string"}}],"inLanguage":"tr"},{"@type":"Organization","@id":"https:\/\/www.icscoolenergy.com\/tr\/#organization","name":"ICS Cool Energy","url":"https:\/\/www.icscoolenergy.com\/tr\/","logo":{"@type":"ImageObject","inLanguage":"tr","@id":"https:\/\/www.icscoolenergy.com\/tr\/#\/schema\/logo\/image\/","url":"https:\/\/www.icscoolenergy.com\/wp-content\/uploads\/sites\/9\/2024\/01\/ics-cool-energy-logo.svg","contentUrl":"https:\/\/www.icscoolenergy.com\/wp-content\/uploads\/sites\/9\/2024\/01\/ics-cool-energy-logo.svg","caption":"ICS Cool Energy"},"image":{"@id":"https:\/\/www.icscoolenergy.com\/tr\/#\/schema\/logo\/image\/"},"sameAs":["https:\/\/www.linkedin.com\/company\/ics-temperature-control\/","https:\/\/www.youtube.com\/@ICSCoolEnergyLtd"],"description":"ICS Cool Energy is a market leader for process and critical temperature control solutions that keep all types and sizes of businesses and industry running. Our headquarters are situated in Southampton, with offices throughout the UK and Europe, employing over 250 people in the UK alone.","email":"info@icscoolenergy.com","telephone":"0800 840 4210","legalName":"ICS Cool Energy Limited","numberOfEmployees":{"@type":"QuantitativeValue","minValue":"201","maxValue":"500"}}]}},"_links":{"self":[{"href":"https:\/\/www.icscoolenergy.com\/tr\/wp-json\/wp\/v2\/pages\/86523","targetHints":{"allow":["GET"]}}],"collection":[{"href":"https:\/\/www.icscoolenergy.com\/tr\/wp-json\/wp\/v2\/pages"}],"about":[{"href":"https:\/\/www.icscoolenergy.com\/tr\/wp-json\/wp\/v2\/types\/page"}],"author":[{"embeddable":true,"href":"https:\/\/www.icscoolenergy.com\/tr\/wp-json\/wp\/v2\/users\/1"}],"replies":[{"embeddable":true,"href":"https:\/\/www.icscoolenergy.com\/tr\/wp-json\/wp\/v2\/comments?post=86523"}],"version-history":[{"count":0,"href":"https:\/\/www.icscoolenergy.com\/tr\/wp-json\/wp\/v2\/pages\/86523\/revisions"}],"up":[{"embeddable":true,"href":"https:\/\/www.icscoolenergy.com\/tr\/wp-json\/wp\/v2\/pages\/86290"}],"wp:attachment":[{"href":"https:\/\/www.icscoolenergy.com\/tr\/wp-json\/wp\/v2\/media?parent=86523"}],"curies":[{"name":"wp","href":"https:\/\/api.w.org\/{rel}","templated":true}]}}