 
{"id":87079,"date":"2024-04-19T14:36:38","date_gmt":"2024-04-19T14:36:38","guid":{"rendered":"https:\/\/www.icscoolenergy.com\/tr\/uncategorized\/i-chiller-prosesi\/"},"modified":"2024-11-27T10:36:33","modified_gmt":"2024-11-27T10:36:33","slug":"i-chiller-prosesi","status":"publish","type":"product","link":"https:\/\/www.icscoolenergy.com\/tr\/product\/i-chiller-prosesi\/","title":{"rendered":"i-Chiller Prosesi"},"content":{"rendered":"<p>i-Chiller serimiz 7 ila 259kW aras\u0131ndaki kapasiteleri kapsar ve yaln\u0131zca \u00fcretim i\u00e7in tasarlanm\u0131\u015f end\u00fcstri lideri proses so\u011futma gruplar\u0131 serimizdir. Piyasadaki di\u011fer \u00fcnitelerin aksine, i-Chiller serisi her y\u00f6n\u00fcyle proses uygulamalar\u0131 g\u00f6z \u00f6n\u00fcnde bulundurularak tasarlanm\u0131\u015ft\u0131r. \u00dcniteler az yer kaplar ve kutudan \u00e7\u0131kar \u00e7\u0131kmaz \u00e7ok \u00e7e\u015fitli \u00fcretim hatlar\u0131yla uyumlulu\u011fu sa\u011flamak i\u00e7in &#8220;tak ve \u00e7al\u0131\u015ft\u0131r&#8221; olacak \u015fekilde tasarlanm\u0131\u015ft\u0131r.<\/p>\n","protected":false},"excerpt":{"rendered":"<p>i-Chiller serimiz 7 ila 259kW aras\u0131ndaki kapasiteleri kapsar ve yaln\u0131zca \u00fcretim i\u00e7in tasarlanm\u0131\u015f end\u00fcstri lideri proses so\u011futma gruplar\u0131 serimizdir. Piyasadaki di\u011fer \u00fcnitelerin aksine, i-Chiller serisi her y\u00f6n\u00fcyle proses uygulamalar\u0131 g\u00f6z \u00f6n\u00fcnde bulundurularak tasarlanm\u0131\u015ft\u0131r. \u00dcniteler az yer kaplar ve kutudan \u00e7\u0131kar \u00e7\u0131kmaz \u00e7ok \u00e7e\u015fitli \u00fcretim hatlar\u0131yla uyumlulu\u011fu sa\u011flamak i\u00e7in &#8220;tak ve \u00e7al\u0131\u015ft\u0131r&#8221; olacak \u015fekilde tasarlanm\u0131\u015ft\u0131r.<\/p>\n","protected":false},"featured_media":87086,"comment_status":"closed","ping_status":"closed","template":"","meta":{"_acf_changed":false,"inline_featured_image":false,"_editorskit_title_hidden":false,"_editorskit_reading_time":0,"_editorskit_is_block_options_detached":false,"_editorskit_block_options_position":"{}","editor_plus_copied_stylings":"{}"},"product_brand":[],"product_cat":[2062,2128],"product_tag":[2130,2134,2132,2129,2131,2141,2136,2133,2142,2143,2137,2135,2144,2145,2146,2147,2140,2139,2138],"class_list":{"0":"post-87079","1":"product","2":"type-product","3":"status-publish","4":"has-post-thumbnail","6":"product_cat-proses-sogutuculari","7":"product_cat-su-sogutmali-sogutucular","8":"product_tag-ic215-serisi","9":"product_tag-ic220-serisi","10":"product_tag-ic303-serisi","11":"product_tag-ic305-serisi","12":"product_tag-ic408-serisi","13":"product_tag-ic410-serisi","14":"product_tag-ic412-serisi","15":"product_tag-ic416-serisi","16":"product_tag-ic520-serisi","17":"product_tag-ic525-serisi","18":"product_tag-ic530-serisi","19":"product_tag-ic535-serisi","20":"product_tag-ic538-serisi","21":"product_tag-ic540-serisi","22":"product_tag-ic640-serisi","23":"product_tag-ic650-serisi","24":"product_tag-ic660-teknolojisi","25":"product_tag-ic770-serisi","26":"product_tag-ic780-serisi","28":"first","29":"instock","30":"shipping-taxable","31":"product-type-simple"},"acf":[],"yoast_head":"<!-- This site is optimized with the Yoast SEO Premium plugin v24.5 (Yoast SEO v26.9) - https:\/\/yoast.com\/product\/yoast-seo-premium-wordpress\/ -->\n<title>i-Chiller Prosesi | Turkey<\/title>\n<meta name=\"robots\" content=\"index, follow, max-snippet:-1, max-image-preview:large, max-video-preview:-1\" \/>\n<link rel=\"canonical\" href=\"https:\/\/www.icscoolenergy.com\/tr\/product\/i-chiller-prosesi\/\" \/>\n<meta property=\"og:locale\" content=\"tr_TR\" \/>\n<meta property=\"og:type\" content=\"article\" \/>\n<meta property=\"og:title\" content=\"i-Chiller Prosesi\" \/>\n<meta property=\"og:description\" content=\"i-Chiller serimiz 7 ila 259kW aras\u0131ndaki kapasiteleri kapsar ve yaln\u0131zca \u00fcretim i\u00e7in tasarlanm\u0131\u015f end\u00fcstri lideri proses so\u011futma gruplar\u0131 serimizdir. Piyasadaki di\u011fer \u00fcnitelerin aksine, i-Chiller serisi her y\u00f6n\u00fcyle proses uygulamalar\u0131 g\u00f6z \u00f6n\u00fcnde bulundurularak tasarlanm\u0131\u015ft\u0131r. \u00dcniteler az yer kaplar ve kutudan \u00e7\u0131kar \u00e7\u0131kmaz \u00e7ok \u00e7e\u015fitli \u00fcretim hatlar\u0131yla uyumlulu\u011fu sa\u011flamak i\u00e7in &#8220;tak ve \u00e7al\u0131\u015ft\u0131r&#8221; olacak \u015fekilde tasarlanm\u0131\u015ft\u0131r.\" \/>\n<meta property=\"og:url\" content=\"https:\/\/www.icscoolenergy.com\/tr\/product\/i-chiller-prosesi\/\" \/>\n<meta property=\"og:site_name\" content=\"Turkey\" \/>\n<meta property=\"article:modified_time\" content=\"2024-11-27T10:36:33+00:00\" \/>\n<meta property=\"og:image\" content=\"https:\/\/www.icscoolenergy.com\/wp-content\/uploads\/sites\/9\/2024\/04\/ichiller-process-product-image.png\" \/>\n\t<meta property=\"og:image:width\" content=\"560\" \/>\n\t<meta property=\"og:image:height\" content=\"420\" \/>\n\t<meta property=\"og:image:type\" content=\"image\/png\" \/>\n<meta name=\"twitter:card\" content=\"summary_large_image\" \/>\n<meta name=\"twitter:label1\" content=\"Est. reading time\" \/>\n\t<meta name=\"twitter:data1\" content=\"1 dakika\" \/>\n<script type=\"application\/ld+json\" class=\"yoast-schema-graph\">{\"@context\":\"https:\/\/schema.org\",\"@graph\":[{\"@type\":[\"WebPage\",\"ItemPage\"],\"@id\":\"https:\/\/www.icscoolenergy.com\/tr\/product\/i-chiller-prosesi\/\",\"url\":\"https:\/\/www.icscoolenergy.com\/tr\/product\/i-chiller-prosesi\/\",\"name\":\"i-Chiller Prosesi | Turkey\",\"isPartOf\":{\"@id\":\"https:\/\/www.icscoolenergy.com\/tr\/#website\"},\"primaryImageOfPage\":{\"@id\":\"https:\/\/www.icscoolenergy.com\/tr\/product\/i-chiller-prosesi\/#primaryimage\"},\"image\":{\"@id\":\"https:\/\/www.icscoolenergy.com\/tr\/product\/i-chiller-prosesi\/#primaryimage\"},\"thumbnailUrl\":\"https:\/\/www.icscoolenergy.com\/wp-content\/uploads\/sites\/9\/2024\/04\/ichiller-process-product-image.png\",\"datePublished\":\"2024-04-19T14:36:38+00:00\",\"dateModified\":\"2024-11-27T10:36:33+00:00\",\"breadcrumb\":{\"@id\":\"https:\/\/www.icscoolenergy.com\/tr\/product\/i-chiller-prosesi\/#breadcrumb\"},\"inLanguage\":\"tr\",\"potentialAction\":[{\"@type\":\"ReadAction\",\"target\":[\"https:\/\/www.icscoolenergy.com\/tr\/product\/i-chiller-prosesi\/\"]}]},{\"@type\":\"ImageObject\",\"inLanguage\":\"tr\",\"@id\":\"https:\/\/www.icscoolenergy.com\/tr\/product\/i-chiller-prosesi\/#primaryimage\",\"url\":\"https:\/\/www.icscoolenergy.com\/wp-content\/uploads\/sites\/9\/2024\/04\/ichiller-process-product-image.png\",\"contentUrl\":\"https:\/\/www.icscoolenergy.com\/wp-content\/uploads\/sites\/9\/2024\/04\/ichiller-process-product-image.png\",\"width\":560,\"height\":420},{\"@type\":\"BreadcrumbList\",\"@id\":\"https:\/\/www.icscoolenergy.com\/tr\/product\/i-chiller-prosesi\/#breadcrumb\",\"itemListElement\":[{\"@type\":\"ListItem\",\"position\":1,\"name\":\"Home\",\"item\":\"https:\/\/www.icscoolenergy.com\/tr\/ana-sayfa\/\"},{\"@type\":\"ListItem\",\"position\":2,\"name\":\"D\u00fckk\u00e2n\",\"item\":\"https:\/\/www.icscoolenergy.com\/tr\/dukkan\/\"},{\"@type\":\"ListItem\",\"position\":3,\"name\":\"i-Chiller Prosesi\"}]},{\"@type\":\"WebSite\",\"@id\":\"https:\/\/www.icscoolenergy.com\/tr\/#website\",\"url\":\"https:\/\/www.icscoolenergy.com\/tr\/\",\"name\":\"ICS Cool Energy\",\"description\":\"The Process Temperature Control Specialists\",\"publisher\":{\"@id\":\"https:\/\/www.icscoolenergy.com\/tr\/#organization\"},\"alternateName\":\"ICS\",\"potentialAction\":[{\"@type\":\"SearchAction\",\"target\":{\"@type\":\"EntryPoint\",\"urlTemplate\":\"https:\/\/www.icscoolenergy.com\/tr\/?s={search_term_string}\"},\"query-input\":{\"@type\":\"PropertyValueSpecification\",\"valueRequired\":true,\"valueName\":\"search_term_string\"}}],\"inLanguage\":\"tr\"},{\"@type\":\"Organization\",\"@id\":\"https:\/\/www.icscoolenergy.com\/tr\/#organization\",\"name\":\"ICS Cool Energy\",\"url\":\"https:\/\/www.icscoolenergy.com\/tr\/\",\"logo\":{\"@type\":\"ImageObject\",\"inLanguage\":\"tr\",\"@id\":\"https:\/\/www.icscoolenergy.com\/tr\/#\/schema\/logo\/image\/\",\"url\":\"https:\/\/www.icscoolenergy.com\/wp-content\/uploads\/sites\/9\/2024\/01\/ics-cool-energy-logo.svg\",\"contentUrl\":\"https:\/\/www.icscoolenergy.com\/wp-content\/uploads\/sites\/9\/2024\/01\/ics-cool-energy-logo.svg\",\"caption\":\"ICS Cool Energy\"},\"image\":{\"@id\":\"https:\/\/www.icscoolenergy.com\/tr\/#\/schema\/logo\/image\/\"},\"sameAs\":[\"https:\/\/www.linkedin.com\/company\/ics-temperature-control\/\",\"https:\/\/www.youtube.com\/@ICSCoolEnergyLtd\"],\"description\":\"ICS Cool Energy is a market leader for process and critical temperature control solutions that keep all types and sizes of businesses and industry running. Our headquarters are situated in Southampton, with offices throughout the UK and Europe, employing over 250 people in the UK alone.\",\"email\":\"info@icscoolenergy.com\",\"telephone\":\"0800 840 4210\",\"legalName\":\"ICS Cool Energy Limited\",\"numberOfEmployees\":{\"@type\":\"QuantitativeValue\",\"minValue\":\"201\",\"maxValue\":\"500\"}}]}<\/script>\n<!-- \/ Yoast SEO Premium plugin. -->","yoast_head_json":{"title":"i-Chiller Prosesi | Turkey","robots":{"index":"index","follow":"follow","max-snippet":"max-snippet:-1","max-image-preview":"max-image-preview:large","max-video-preview":"max-video-preview:-1"},"canonical":"https:\/\/www.icscoolenergy.com\/tr\/product\/i-chiller-prosesi\/","og_locale":"tr_TR","og_type":"article","og_title":"i-Chiller Prosesi","og_description":"i-Chiller serimiz 7 ila 259kW aras\u0131ndaki kapasiteleri kapsar ve yaln\u0131zca \u00fcretim i\u00e7in tasarlanm\u0131\u015f end\u00fcstri lideri proses so\u011futma gruplar\u0131 serimizdir. Piyasadaki di\u011fer \u00fcnitelerin aksine, i-Chiller serisi her y\u00f6n\u00fcyle proses uygulamalar\u0131 g\u00f6z \u00f6n\u00fcnde bulundurularak tasarlanm\u0131\u015ft\u0131r. \u00dcniteler az yer kaplar ve kutudan \u00e7\u0131kar \u00e7\u0131kmaz \u00e7ok \u00e7e\u015fitli \u00fcretim hatlar\u0131yla uyumlulu\u011fu sa\u011flamak i\u00e7in &#8220;tak ve \u00e7al\u0131\u015ft\u0131r&#8221; olacak \u015fekilde tasarlanm\u0131\u015ft\u0131r.","og_url":"https:\/\/www.icscoolenergy.com\/tr\/product\/i-chiller-prosesi\/","og_site_name":"Turkey","article_modified_time":"2024-11-27T10:36:33+00:00","og_image":[{"width":560,"height":420,"url":"https:\/\/www.icscoolenergy.com\/wp-content\/uploads\/sites\/9\/2024\/04\/ichiller-process-product-image.png","type":"image\/png"}],"twitter_card":"summary_large_image","twitter_misc":{"Est. reading time":"1 dakika"},"schema":{"@context":"https:\/\/schema.org","@graph":[{"@type":["WebPage","ItemPage"],"@id":"https:\/\/www.icscoolenergy.com\/tr\/product\/i-chiller-prosesi\/","url":"https:\/\/www.icscoolenergy.com\/tr\/product\/i-chiller-prosesi\/","name":"i-Chiller Prosesi | Turkey","isPartOf":{"@id":"https:\/\/www.icscoolenergy.com\/tr\/#website"},"primaryImageOfPage":{"@id":"https:\/\/www.icscoolenergy.com\/tr\/product\/i-chiller-prosesi\/#primaryimage"},"image":{"@id":"https:\/\/www.icscoolenergy.com\/tr\/product\/i-chiller-prosesi\/#primaryimage"},"thumbnailUrl":"https:\/\/www.icscoolenergy.com\/wp-content\/uploads\/sites\/9\/2024\/04\/ichiller-process-product-image.png","datePublished":"2024-04-19T14:36:38+00:00","dateModified":"2024-11-27T10:36:33+00:00","breadcrumb":{"@id":"https:\/\/www.icscoolenergy.com\/tr\/product\/i-chiller-prosesi\/#breadcrumb"},"inLanguage":"tr","potentialAction":[{"@type":"ReadAction","target":["https:\/\/www.icscoolenergy.com\/tr\/product\/i-chiller-prosesi\/"]}]},{"@type":"ImageObject","inLanguage":"tr","@id":"https:\/\/www.icscoolenergy.com\/tr\/product\/i-chiller-prosesi\/#primaryimage","url":"https:\/\/www.icscoolenergy.com\/wp-content\/uploads\/sites\/9\/2024\/04\/ichiller-process-product-image.png","contentUrl":"https:\/\/www.icscoolenergy.com\/wp-content\/uploads\/sites\/9\/2024\/04\/ichiller-process-product-image.png","width":560,"height":420},{"@type":"BreadcrumbList","@id":"https:\/\/www.icscoolenergy.com\/tr\/product\/i-chiller-prosesi\/#breadcrumb","itemListElement":[{"@type":"ListItem","position":1,"name":"Home","item":"https:\/\/www.icscoolenergy.com\/tr\/ana-sayfa\/"},{"@type":"ListItem","position":2,"name":"D\u00fckk\u00e2n","item":"https:\/\/www.icscoolenergy.com\/tr\/dukkan\/"},{"@type":"ListItem","position":3,"name":"i-Chiller Prosesi"}]},{"@type":"WebSite","@id":"https:\/\/www.icscoolenergy.com\/tr\/#website","url":"https:\/\/www.icscoolenergy.com\/tr\/","name":"ICS Cool Energy","description":"The Process Temperature Control Specialists","publisher":{"@id":"https:\/\/www.icscoolenergy.com\/tr\/#organization"},"alternateName":"ICS","potentialAction":[{"@type":"SearchAction","target":{"@type":"EntryPoint","urlTemplate":"https:\/\/www.icscoolenergy.com\/tr\/?s={search_term_string}"},"query-input":{"@type":"PropertyValueSpecification","valueRequired":true,"valueName":"search_term_string"}}],"inLanguage":"tr"},{"@type":"Organization","@id":"https:\/\/www.icscoolenergy.com\/tr\/#organization","name":"ICS Cool Energy","url":"https:\/\/www.icscoolenergy.com\/tr\/","logo":{"@type":"ImageObject","inLanguage":"tr","@id":"https:\/\/www.icscoolenergy.com\/tr\/#\/schema\/logo\/image\/","url":"https:\/\/www.icscoolenergy.com\/wp-content\/uploads\/sites\/9\/2024\/01\/ics-cool-energy-logo.svg","contentUrl":"https:\/\/www.icscoolenergy.com\/wp-content\/uploads\/sites\/9\/2024\/01\/ics-cool-energy-logo.svg","caption":"ICS Cool Energy"},"image":{"@id":"https:\/\/www.icscoolenergy.com\/tr\/#\/schema\/logo\/image\/"},"sameAs":["https:\/\/www.linkedin.com\/company\/ics-temperature-control\/","https:\/\/www.youtube.com\/@ICSCoolEnergyLtd"],"description":"ICS Cool Energy is a market leader for process and critical temperature control solutions that keep all types and sizes of businesses and industry running. Our headquarters are situated in Southampton, with offices throughout the UK and Europe, employing over 250 people in the UK alone.","email":"info@icscoolenergy.com","telephone":"0800 840 4210","legalName":"ICS Cool Energy Limited","numberOfEmployees":{"@type":"QuantitativeValue","minValue":"201","maxValue":"500"}}]}},"_links":{"self":[{"href":"https:\/\/www.icscoolenergy.com\/tr\/wp-json\/wp\/v2\/product\/87079","targetHints":{"allow":["GET"]}}],"collection":[{"href":"https:\/\/www.icscoolenergy.com\/tr\/wp-json\/wp\/v2\/product"}],"about":[{"href":"https:\/\/www.icscoolenergy.com\/tr\/wp-json\/wp\/v2\/types\/product"}],"replies":[{"embeddable":true,"href":"https:\/\/www.icscoolenergy.com\/tr\/wp-json\/wp\/v2\/comments?post=87079"}],"wp:featuredmedia":[{"embeddable":true,"href":"https:\/\/www.icscoolenergy.com\/tr\/wp-json\/wp\/v2\/media\/87086"}],"wp:attachment":[{"href":"https:\/\/www.icscoolenergy.com\/tr\/wp-json\/wp\/v2\/media?parent=87079"}],"wp:term":[{"taxonomy":"product_brand","embeddable":true,"href":"https:\/\/www.icscoolenergy.com\/tr\/wp-json\/wp\/v2\/product_brand?post=87079"},{"taxonomy":"product_cat","embeddable":true,"href":"https:\/\/www.icscoolenergy.com\/tr\/wp-json\/wp\/v2\/product_cat?post=87079"},{"taxonomy":"product_tag","embeddable":true,"href":"https:\/\/www.icscoolenergy.com\/tr\/wp-json\/wp\/v2\/product_tag?post=87079"}],"curies":[{"name":"wp","href":"https:\/\/api.w.org\/{rel}","templated":true}]}}