 
{"id":87087,"date":"2024-04-19T14:53:25","date_gmt":"2024-04-19T14:53:25","guid":{"rendered":"https:\/\/www.icscoolenergy.com\/tr\/uncategorized\/fanli-isitici-42\/"},"modified":"2024-11-27T10:24:21","modified_gmt":"2024-11-27T10:24:21","slug":"fanli-isitici-42","status":"publish","type":"product","link":"https:\/\/www.icscoolenergy.com\/tr\/product\/fanli-isitici-42\/","title":{"rendered":"Fanl\u0131 Is\u0131t\u0131c\u0131 42"},"content":{"rendered":"<p>Is\u0131tma serimiz tamamen portatiftir ve kurulumu h\u0131zl\u0131d\u0131r, saniyeler i\u00e7inde \u0131s\u0131 sa\u011flar. Fanl\u0131 Is\u0131t\u0131c\u0131 42, depolar\u0131, \u00fcretim alanlar\u0131n\u0131 ve depolama alanlar\u0131n\u0131 \u0131s\u0131tmak i\u00e7in idealdir. \u00dcnite ba\u011f\u0131ms\u0131zd\u0131r ve \u00fcnitenin \u00f6n\u00fcnde bulunan hava kanallar\u0131n\u0131 kullanarak s\u0131cak havay\u0131 belirli alanlara y\u00f6nlendirebilir.<\/p>\n","protected":false},"excerpt":{"rendered":"<p>Is\u0131tma serimiz tamamen portatiftir ve kurulumu h\u0131zl\u0131d\u0131r, saniyeler i\u00e7inde \u0131s\u0131 sa\u011flar. Fanl\u0131 Is\u0131t\u0131c\u0131 42, depolar\u0131, \u00fcretim alanlar\u0131n\u0131 ve depolama alanlar\u0131n\u0131 \u0131s\u0131tmak i\u00e7in idealdir. \u00dcnite ba\u011f\u0131ms\u0131zd\u0131r ve \u00fcnitenin \u00f6n\u00fcnde bulunan hava kanallar\u0131n\u0131 kullanarak s\u0131cak havay\u0131 belirli alanlara y\u00f6nlendirebilir.<\/p>\n","protected":false},"featured_media":87092,"comment_status":"closed","ping_status":"closed","template":"","meta":{"_acf_changed":false,"inline_featured_image":false,"_editorskit_title_hidden":false,"_editorskit_reading_time":0,"_editorskit_is_block_options_detached":false,"_editorskit_block_options_position":"{}","editor_plus_copied_stylings":"{}"},"product_brand":[],"product_cat":[2123,2126,2122,2121,2120,2124],"product_tag":[],"class_list":{"0":"post-87087","1":"product","2":"type-product","3":"status-publish","4":"has-post-thumbnail","6":"product_cat-acil-isitici-kiralama","7":"product_cat-depo-isitma-kiralama","8":"product_cat-insaat-isiticisi-kiralama","9":"product_cat-isitici-kiralama","10":"product_cat-isitici-secenekleriniz","11":"product_cat-kayan-yazi-isitici-kiralama","13":"first","14":"instock","15":"shipping-taxable","16":"product-type-simple"},"acf":[],"yoast_head":"<!-- This site is optimized with the Yoast SEO Premium plugin v24.5 (Yoast SEO v26.9) - https:\/\/yoast.com\/product\/yoast-seo-premium-wordpress\/ -->\n<title>Fanl\u0131 Is\u0131t\u0131c\u0131 42 | Turkey<\/title>\n<meta name=\"robots\" content=\"index, follow, max-snippet:-1, max-image-preview:large, max-video-preview:-1\" \/>\n<link rel=\"canonical\" href=\"https:\/\/www.icscoolenergy.com\/tr\/product\/fanli-isitici-42\/\" \/>\n<meta property=\"og:locale\" content=\"tr_TR\" \/>\n<meta property=\"og:type\" content=\"article\" \/>\n<meta property=\"og:title\" content=\"Fanl\u0131 Is\u0131t\u0131c\u0131 42\" \/>\n<meta property=\"og:description\" content=\"Is\u0131tma serimiz tamamen portatiftir ve kurulumu h\u0131zl\u0131d\u0131r, saniyeler i\u00e7inde \u0131s\u0131 sa\u011flar. Fanl\u0131 Is\u0131t\u0131c\u0131 42, depolar\u0131, \u00fcretim alanlar\u0131n\u0131 ve depolama alanlar\u0131n\u0131 \u0131s\u0131tmak i\u00e7in idealdir. \u00dcnite ba\u011f\u0131ms\u0131zd\u0131r ve \u00fcnitenin \u00f6n\u00fcnde bulunan hava kanallar\u0131n\u0131 kullanarak s\u0131cak havay\u0131 belirli alanlara y\u00f6nlendirebilir.\" \/>\n<meta property=\"og:url\" content=\"https:\/\/www.icscoolenergy.com\/tr\/product\/fanli-isitici-42\/\" \/>\n<meta property=\"og:site_name\" content=\"Turkey\" \/>\n<meta property=\"article:modified_time\" content=\"2024-11-27T10:24:21+00:00\" \/>\n<meta property=\"og:image\" content=\"https:\/\/www.icscoolenergy.com\/wp-content\/uploads\/sites\/9\/2024\/04\/Fan-Heater-42.png\" \/>\n\t<meta property=\"og:image:width\" content=\"560\" \/>\n\t<meta property=\"og:image:height\" content=\"420\" \/>\n\t<meta property=\"og:image:type\" content=\"image\/png\" \/>\n<meta name=\"twitter:card\" content=\"summary_large_image\" \/>\n<meta name=\"twitter:label1\" content=\"Est. reading time\" \/>\n\t<meta name=\"twitter:data1\" content=\"1 dakika\" \/>\n<script type=\"application\/ld+json\" class=\"yoast-schema-graph\">{\"@context\":\"https:\/\/schema.org\",\"@graph\":[{\"@type\":[\"WebPage\",\"ItemPage\"],\"@id\":\"https:\/\/www.icscoolenergy.com\/tr\/product\/fanli-isitici-42\/\",\"url\":\"https:\/\/www.icscoolenergy.com\/tr\/product\/fanli-isitici-42\/\",\"name\":\"Fanl\u0131 Is\u0131t\u0131c\u0131 42 | Turkey\",\"isPartOf\":{\"@id\":\"https:\/\/www.icscoolenergy.com\/tr\/#website\"},\"primaryImageOfPage\":{\"@id\":\"https:\/\/www.icscoolenergy.com\/tr\/product\/fanli-isitici-42\/#primaryimage\"},\"image\":{\"@id\":\"https:\/\/www.icscoolenergy.com\/tr\/product\/fanli-isitici-42\/#primaryimage\"},\"thumbnailUrl\":\"https:\/\/www.icscoolenergy.com\/wp-content\/uploads\/sites\/9\/2024\/04\/Fan-Heater-42.png\",\"datePublished\":\"2024-04-19T14:53:25+00:00\",\"dateModified\":\"2024-11-27T10:24:21+00:00\",\"breadcrumb\":{\"@id\":\"https:\/\/www.icscoolenergy.com\/tr\/product\/fanli-isitici-42\/#breadcrumb\"},\"inLanguage\":\"tr\",\"potentialAction\":[{\"@type\":\"ReadAction\",\"target\":[\"https:\/\/www.icscoolenergy.com\/tr\/product\/fanli-isitici-42\/\"]}]},{\"@type\":\"ImageObject\",\"inLanguage\":\"tr\",\"@id\":\"https:\/\/www.icscoolenergy.com\/tr\/product\/fanli-isitici-42\/#primaryimage\",\"url\":\"https:\/\/www.icscoolenergy.com\/wp-content\/uploads\/sites\/9\/2024\/04\/Fan-Heater-42.png\",\"contentUrl\":\"https:\/\/www.icscoolenergy.com\/wp-content\/uploads\/sites\/9\/2024\/04\/Fan-Heater-42.png\",\"width\":560,\"height\":420},{\"@type\":\"BreadcrumbList\",\"@id\":\"https:\/\/www.icscoolenergy.com\/tr\/product\/fanli-isitici-42\/#breadcrumb\",\"itemListElement\":[{\"@type\":\"ListItem\",\"position\":1,\"name\":\"Home\",\"item\":\"https:\/\/www.icscoolenergy.com\/tr\/ana-sayfa\/\"},{\"@type\":\"ListItem\",\"position\":2,\"name\":\"D\u00fckk\u00e2n\",\"item\":\"https:\/\/www.icscoolenergy.com\/tr\/dukkan\/\"},{\"@type\":\"ListItem\",\"position\":3,\"name\":\"Fanl\u0131 Is\u0131t\u0131c\u0131 42\"}]},{\"@type\":\"WebSite\",\"@id\":\"https:\/\/www.icscoolenergy.com\/tr\/#website\",\"url\":\"https:\/\/www.icscoolenergy.com\/tr\/\",\"name\":\"ICS Cool Energy\",\"description\":\"The Process Temperature Control Specialists\",\"publisher\":{\"@id\":\"https:\/\/www.icscoolenergy.com\/tr\/#organization\"},\"alternateName\":\"ICS\",\"potentialAction\":[{\"@type\":\"SearchAction\",\"target\":{\"@type\":\"EntryPoint\",\"urlTemplate\":\"https:\/\/www.icscoolenergy.com\/tr\/?s={search_term_string}\"},\"query-input\":{\"@type\":\"PropertyValueSpecification\",\"valueRequired\":true,\"valueName\":\"search_term_string\"}}],\"inLanguage\":\"tr\"},{\"@type\":\"Organization\",\"@id\":\"https:\/\/www.icscoolenergy.com\/tr\/#organization\",\"name\":\"ICS Cool Energy\",\"url\":\"https:\/\/www.icscoolenergy.com\/tr\/\",\"logo\":{\"@type\":\"ImageObject\",\"inLanguage\":\"tr\",\"@id\":\"https:\/\/www.icscoolenergy.com\/tr\/#\/schema\/logo\/image\/\",\"url\":\"https:\/\/www.icscoolenergy.com\/wp-content\/uploads\/sites\/9\/2024\/01\/ics-cool-energy-logo.svg\",\"contentUrl\":\"https:\/\/www.icscoolenergy.com\/wp-content\/uploads\/sites\/9\/2024\/01\/ics-cool-energy-logo.svg\",\"caption\":\"ICS Cool Energy\"},\"image\":{\"@id\":\"https:\/\/www.icscoolenergy.com\/tr\/#\/schema\/logo\/image\/\"},\"sameAs\":[\"https:\/\/www.linkedin.com\/company\/ics-temperature-control\/\",\"https:\/\/www.youtube.com\/@ICSCoolEnergyLtd\"],\"description\":\"ICS Cool Energy is a market leader for process and critical temperature control solutions that keep all types and sizes of businesses and industry running. Our headquarters are situated in Southampton, with offices throughout the UK and Europe, employing over 250 people in the UK alone.\",\"email\":\"info@icscoolenergy.com\",\"telephone\":\"0800 840 4210\",\"legalName\":\"ICS Cool Energy Limited\",\"numberOfEmployees\":{\"@type\":\"QuantitativeValue\",\"minValue\":\"201\",\"maxValue\":\"500\"}}]}<\/script>\n<!-- \/ Yoast SEO Premium plugin. -->","yoast_head_json":{"title":"Fanl\u0131 Is\u0131t\u0131c\u0131 42 | Turkey","robots":{"index":"index","follow":"follow","max-snippet":"max-snippet:-1","max-image-preview":"max-image-preview:large","max-video-preview":"max-video-preview:-1"},"canonical":"https:\/\/www.icscoolenergy.com\/tr\/product\/fanli-isitici-42\/","og_locale":"tr_TR","og_type":"article","og_title":"Fanl\u0131 Is\u0131t\u0131c\u0131 42","og_description":"Is\u0131tma serimiz tamamen portatiftir ve kurulumu h\u0131zl\u0131d\u0131r, saniyeler i\u00e7inde \u0131s\u0131 sa\u011flar. Fanl\u0131 Is\u0131t\u0131c\u0131 42, depolar\u0131, \u00fcretim alanlar\u0131n\u0131 ve depolama alanlar\u0131n\u0131 \u0131s\u0131tmak i\u00e7in idealdir. \u00dcnite ba\u011f\u0131ms\u0131zd\u0131r ve \u00fcnitenin \u00f6n\u00fcnde bulunan hava kanallar\u0131n\u0131 kullanarak s\u0131cak havay\u0131 belirli alanlara y\u00f6nlendirebilir.","og_url":"https:\/\/www.icscoolenergy.com\/tr\/product\/fanli-isitici-42\/","og_site_name":"Turkey","article_modified_time":"2024-11-27T10:24:21+00:00","og_image":[{"width":560,"height":420,"url":"https:\/\/www.icscoolenergy.com\/wp-content\/uploads\/sites\/9\/2024\/04\/Fan-Heater-42.png","type":"image\/png"}],"twitter_card":"summary_large_image","twitter_misc":{"Est. reading time":"1 dakika"},"schema":{"@context":"https:\/\/schema.org","@graph":[{"@type":["WebPage","ItemPage"],"@id":"https:\/\/www.icscoolenergy.com\/tr\/product\/fanli-isitici-42\/","url":"https:\/\/www.icscoolenergy.com\/tr\/product\/fanli-isitici-42\/","name":"Fanl\u0131 Is\u0131t\u0131c\u0131 42 | Turkey","isPartOf":{"@id":"https:\/\/www.icscoolenergy.com\/tr\/#website"},"primaryImageOfPage":{"@id":"https:\/\/www.icscoolenergy.com\/tr\/product\/fanli-isitici-42\/#primaryimage"},"image":{"@id":"https:\/\/www.icscoolenergy.com\/tr\/product\/fanli-isitici-42\/#primaryimage"},"thumbnailUrl":"https:\/\/www.icscoolenergy.com\/wp-content\/uploads\/sites\/9\/2024\/04\/Fan-Heater-42.png","datePublished":"2024-04-19T14:53:25+00:00","dateModified":"2024-11-27T10:24:21+00:00","breadcrumb":{"@id":"https:\/\/www.icscoolenergy.com\/tr\/product\/fanli-isitici-42\/#breadcrumb"},"inLanguage":"tr","potentialAction":[{"@type":"ReadAction","target":["https:\/\/www.icscoolenergy.com\/tr\/product\/fanli-isitici-42\/"]}]},{"@type":"ImageObject","inLanguage":"tr","@id":"https:\/\/www.icscoolenergy.com\/tr\/product\/fanli-isitici-42\/#primaryimage","url":"https:\/\/www.icscoolenergy.com\/wp-content\/uploads\/sites\/9\/2024\/04\/Fan-Heater-42.png","contentUrl":"https:\/\/www.icscoolenergy.com\/wp-content\/uploads\/sites\/9\/2024\/04\/Fan-Heater-42.png","width":560,"height":420},{"@type":"BreadcrumbList","@id":"https:\/\/www.icscoolenergy.com\/tr\/product\/fanli-isitici-42\/#breadcrumb","itemListElement":[{"@type":"ListItem","position":1,"name":"Home","item":"https:\/\/www.icscoolenergy.com\/tr\/ana-sayfa\/"},{"@type":"ListItem","position":2,"name":"D\u00fckk\u00e2n","item":"https:\/\/www.icscoolenergy.com\/tr\/dukkan\/"},{"@type":"ListItem","position":3,"name":"Fanl\u0131 Is\u0131t\u0131c\u0131 42"}]},{"@type":"WebSite","@id":"https:\/\/www.icscoolenergy.com\/tr\/#website","url":"https:\/\/www.icscoolenergy.com\/tr\/","name":"ICS Cool Energy","description":"The Process Temperature Control Specialists","publisher":{"@id":"https:\/\/www.icscoolenergy.com\/tr\/#organization"},"alternateName":"ICS","potentialAction":[{"@type":"SearchAction","target":{"@type":"EntryPoint","urlTemplate":"https:\/\/www.icscoolenergy.com\/tr\/?s={search_term_string}"},"query-input":{"@type":"PropertyValueSpecification","valueRequired":true,"valueName":"search_term_string"}}],"inLanguage":"tr"},{"@type":"Organization","@id":"https:\/\/www.icscoolenergy.com\/tr\/#organization","name":"ICS Cool Energy","url":"https:\/\/www.icscoolenergy.com\/tr\/","logo":{"@type":"ImageObject","inLanguage":"tr","@id":"https:\/\/www.icscoolenergy.com\/tr\/#\/schema\/logo\/image\/","url":"https:\/\/www.icscoolenergy.com\/wp-content\/uploads\/sites\/9\/2024\/01\/ics-cool-energy-logo.svg","contentUrl":"https:\/\/www.icscoolenergy.com\/wp-content\/uploads\/sites\/9\/2024\/01\/ics-cool-energy-logo.svg","caption":"ICS Cool Energy"},"image":{"@id":"https:\/\/www.icscoolenergy.com\/tr\/#\/schema\/logo\/image\/"},"sameAs":["https:\/\/www.linkedin.com\/company\/ics-temperature-control\/","https:\/\/www.youtube.com\/@ICSCoolEnergyLtd"],"description":"ICS Cool Energy is a market leader for process and critical temperature control solutions that keep all types and sizes of businesses and industry running. Our headquarters are situated in Southampton, with offices throughout the UK and Europe, employing over 250 people in the UK alone.","email":"info@icscoolenergy.com","telephone":"0800 840 4210","legalName":"ICS Cool Energy Limited","numberOfEmployees":{"@type":"QuantitativeValue","minValue":"201","maxValue":"500"}}]}},"_links":{"self":[{"href":"https:\/\/www.icscoolenergy.com\/tr\/wp-json\/wp\/v2\/product\/87087","targetHints":{"allow":["GET"]}}],"collection":[{"href":"https:\/\/www.icscoolenergy.com\/tr\/wp-json\/wp\/v2\/product"}],"about":[{"href":"https:\/\/www.icscoolenergy.com\/tr\/wp-json\/wp\/v2\/types\/product"}],"replies":[{"embeddable":true,"href":"https:\/\/www.icscoolenergy.com\/tr\/wp-json\/wp\/v2\/comments?post=87087"}],"wp:featuredmedia":[{"embeddable":true,"href":"https:\/\/www.icscoolenergy.com\/tr\/wp-json\/wp\/v2\/media\/87092"}],"wp:attachment":[{"href":"https:\/\/www.icscoolenergy.com\/tr\/wp-json\/wp\/v2\/media?parent=87087"}],"wp:term":[{"taxonomy":"product_brand","embeddable":true,"href":"https:\/\/www.icscoolenergy.com\/tr\/wp-json\/wp\/v2\/product_brand?post=87087"},{"taxonomy":"product_cat","embeddable":true,"href":"https:\/\/www.icscoolenergy.com\/tr\/wp-json\/wp\/v2\/product_cat?post=87087"},{"taxonomy":"product_tag","embeddable":true,"href":"https:\/\/www.icscoolenergy.com\/tr\/wp-json\/wp\/v2\/product_tag?post=87087"}],"curies":[{"name":"wp","href":"https:\/\/api.w.org\/{rel}","templated":true}]}}