 
{"id":87124,"date":"2024-04-22T08:10:44","date_gmt":"2024-04-22T08:10:44","guid":{"rendered":"https:\/\/www.icscoolenergy.com\/tr\/uncategorized\/soguk-hava-deposu-40\/"},"modified":"2024-11-27T10:11:24","modified_gmt":"2024-11-27T10:11:24","slug":"soguk-hava-deposu-40","status":"publish","type":"product","link":"https:\/\/www.icscoolenergy.com\/tr\/product\/soguk-hava-deposu-40\/","title":{"rendered":"So\u011fuk Hava Deposu 40"},"content":{"rendered":"<p>40 ft&#8217;lik so\u011futmal\u0131 konteynerimiz, kullan\u0131c\u0131 d\u00fc\u015f\u00fcn\u00fclerek tasarlanm\u0131\u015f ve \u00fcretilmi\u015ftir. S\u00fcrekli g\u00fcvenilirlik, optimum performans ve d\u00fc\u015f\u00fck i\u015fletme maliyetleri sunar. Cold Store 40, herhangi bir i\u00e7 kapasite kayb\u0131n\u0131 \u00f6nlemek i\u00e7in s\u0131va alt\u0131 kapama makineleri ile 2 palet geni\u015fli\u011finde so\u011fuk hava deposu \u00e7\u00f6z\u00fcmleri sunmak \u00fczere tasarlanm\u0131\u015ft\u0131r. So\u011fuk hava deposu hatas\u0131z \u00e7al\u0131\u015fma ile ekonomik ve g\u00fc\u00e7l\u00fc so\u011futma sa\u011flar. G\u00fc\u00e7 kullan\u0131m\u0131n\u0131 en aza indirmek i\u00e7in daha fazla eko modunda \u00e7al\u0131\u015fma ve daha fazla g\u00f6n\u00fcl rahatl\u0131\u011f\u0131 sa\u011flayan kendi kendine te\u015fhis \u00f6zellikleri ile \u00fcr\u00fcnlerinizi depolamak i\u00e7in ideal s\u0131cakl\u0131\u011f\u0131 sa\u011flar. Birimler \u00fclke \u00e7ap\u0131nda teslimat i\u00e7in stoktan temin edilebilir.<\/p>\n","protected":false},"excerpt":{"rendered":"<p>40 ft&#8217;lik so\u011futmal\u0131 konteynerimiz, kullan\u0131c\u0131 d\u00fc\u015f\u00fcn\u00fclerek tasarlanm\u0131\u015f ve \u00fcretilmi\u015ftir. S\u00fcrekli g\u00fcvenilirlik, optimum performans ve d\u00fc\u015f\u00fck i\u015fletme maliyetleri sunar. Cold Store 40, herhangi bir i\u00e7 kapasite kayb\u0131n\u0131 \u00f6nlemek i\u00e7in s\u0131va alt\u0131 kapama makineleri ile 2 palet geni\u015fli\u011finde so\u011fuk hava deposu \u00e7\u00f6z\u00fcmleri sunmak \u00fczere tasarlanm\u0131\u015ft\u0131r. So\u011fuk hava deposu hatas\u0131z \u00e7al\u0131\u015fma ile ekonomik ve g\u00fc\u00e7l\u00fc so\u011futma sa\u011flar. G\u00fc\u00e7 &#8230; <a title=\"So\u011fuk Hava Deposu 40\" class=\"read-more\" href=\"https:\/\/www.icscoolenergy.com\/tr\/product\/soguk-hava-deposu-40\/\" aria-label=\"More on So\u011fuk Hava Deposu 40\">Read more<\/a><\/p>\n","protected":false},"featured_media":87126,"comment_status":"closed","ping_status":"closed","template":"","meta":{"_acf_changed":false,"inline_featured_image":false,"_editorskit_title_hidden":false,"_editorskit_reading_time":0,"_editorskit_is_block_options_detached":false,"_editorskit_block_options_position":"{}","editor_plus_copied_stylings":"{}"},"product_brand":[],"product_cat":[2067,2066,2068,2085],"product_tag":[],"class_list":{"0":"post-87124","1":"product","2":"type-product","3":"status-publish","4":"has-post-thumbnail","6":"product_cat-frigorifik-konteyner-kiralama","7":"product_cat-soguk-hava-deposu-kiralama","8":"product_cat-soguk-hava-deposu-londra","9":"product_cat-soguk-hava-deposu-secenekleriniz","11":"first","12":"instock","13":"shipping-taxable","14":"product-type-simple"},"acf":[],"yoast_head":"<!-- This site is optimized with the Yoast SEO Premium plugin v24.5 (Yoast SEO v26.9) - https:\/\/yoast.com\/product\/yoast-seo-premium-wordpress\/ -->\n<title>So\u011fuk Hava Deposu 40 | Turkey<\/title>\n<meta name=\"robots\" content=\"index, follow, max-snippet:-1, max-image-preview:large, max-video-preview:-1\" \/>\n<link rel=\"canonical\" href=\"https:\/\/www.icscoolenergy.com\/tr\/product\/soguk-hava-deposu-40\/\" \/>\n<meta property=\"og:locale\" content=\"tr_TR\" \/>\n<meta property=\"og:type\" content=\"article\" \/>\n<meta property=\"og:title\" content=\"So\u011fuk Hava Deposu 40\" \/>\n<meta property=\"og:description\" content=\"40 ft&#8217;lik so\u011futmal\u0131 konteynerimiz, kullan\u0131c\u0131 d\u00fc\u015f\u00fcn\u00fclerek tasarlanm\u0131\u015f ve \u00fcretilmi\u015ftir. S\u00fcrekli g\u00fcvenilirlik, optimum performans ve d\u00fc\u015f\u00fck i\u015fletme maliyetleri sunar. Cold Store 40, herhangi bir i\u00e7 kapasite kayb\u0131n\u0131 \u00f6nlemek i\u00e7in s\u0131va alt\u0131 kapama makineleri ile 2 palet geni\u015fli\u011finde so\u011fuk hava deposu \u00e7\u00f6z\u00fcmleri sunmak \u00fczere tasarlanm\u0131\u015ft\u0131r. So\u011fuk hava deposu hatas\u0131z \u00e7al\u0131\u015fma ile ekonomik ve g\u00fc\u00e7l\u00fc so\u011futma sa\u011flar. G\u00fc\u00e7 ... Read more\" \/>\n<meta property=\"og:url\" content=\"https:\/\/www.icscoolenergy.com\/tr\/product\/soguk-hava-deposu-40\/\" \/>\n<meta property=\"og:site_name\" content=\"Turkey\" \/>\n<meta property=\"article:modified_time\" content=\"2024-11-27T10:11:24+00:00\" \/>\n<meta property=\"og:image\" content=\"https:\/\/www.icscoolenergy.com\/wp-content\/uploads\/sites\/9\/2024\/04\/Cold-Store-40.png\" \/>\n\t<meta property=\"og:image:width\" content=\"560\" \/>\n\t<meta property=\"og:image:height\" content=\"420\" \/>\n\t<meta property=\"og:image:type\" content=\"image\/png\" \/>\n<meta name=\"twitter:card\" content=\"summary_large_image\" \/>\n<meta name=\"twitter:label1\" content=\"Est. reading time\" \/>\n\t<meta name=\"twitter:data1\" content=\"1 dakika\" \/>\n<script type=\"application\/ld+json\" class=\"yoast-schema-graph\">{\"@context\":\"https:\/\/schema.org\",\"@graph\":[{\"@type\":[\"WebPage\",\"ItemPage\"],\"@id\":\"https:\/\/www.icscoolenergy.com\/tr\/product\/soguk-hava-deposu-40\/\",\"url\":\"https:\/\/www.icscoolenergy.com\/tr\/product\/soguk-hava-deposu-40\/\",\"name\":\"So\u011fuk Hava Deposu 40 | Turkey\",\"isPartOf\":{\"@id\":\"https:\/\/www.icscoolenergy.com\/tr\/#website\"},\"primaryImageOfPage\":{\"@id\":\"https:\/\/www.icscoolenergy.com\/tr\/product\/soguk-hava-deposu-40\/#primaryimage\"},\"image\":{\"@id\":\"https:\/\/www.icscoolenergy.com\/tr\/product\/soguk-hava-deposu-40\/#primaryimage\"},\"thumbnailUrl\":\"https:\/\/www.icscoolenergy.com\/wp-content\/uploads\/sites\/9\/2024\/04\/Cold-Store-40.png\",\"datePublished\":\"2024-04-22T08:10:44+00:00\",\"dateModified\":\"2024-11-27T10:11:24+00:00\",\"breadcrumb\":{\"@id\":\"https:\/\/www.icscoolenergy.com\/tr\/product\/soguk-hava-deposu-40\/#breadcrumb\"},\"inLanguage\":\"tr\",\"potentialAction\":[{\"@type\":\"ReadAction\",\"target\":[\"https:\/\/www.icscoolenergy.com\/tr\/product\/soguk-hava-deposu-40\/\"]}]},{\"@type\":\"ImageObject\",\"inLanguage\":\"tr\",\"@id\":\"https:\/\/www.icscoolenergy.com\/tr\/product\/soguk-hava-deposu-40\/#primaryimage\",\"url\":\"https:\/\/www.icscoolenergy.com\/wp-content\/uploads\/sites\/9\/2024\/04\/Cold-Store-40.png\",\"contentUrl\":\"https:\/\/www.icscoolenergy.com\/wp-content\/uploads\/sites\/9\/2024\/04\/Cold-Store-40.png\",\"width\":560,\"height\":420},{\"@type\":\"BreadcrumbList\",\"@id\":\"https:\/\/www.icscoolenergy.com\/tr\/product\/soguk-hava-deposu-40\/#breadcrumb\",\"itemListElement\":[{\"@type\":\"ListItem\",\"position\":1,\"name\":\"Home\",\"item\":\"https:\/\/www.icscoolenergy.com\/tr\/ana-sayfa\/\"},{\"@type\":\"ListItem\",\"position\":2,\"name\":\"D\u00fckk\u00e2n\",\"item\":\"https:\/\/www.icscoolenergy.com\/tr\/dukkan\/\"},{\"@type\":\"ListItem\",\"position\":3,\"name\":\"So\u011fuk Hava Deposu 40\"}]},{\"@type\":\"WebSite\",\"@id\":\"https:\/\/www.icscoolenergy.com\/tr\/#website\",\"url\":\"https:\/\/www.icscoolenergy.com\/tr\/\",\"name\":\"ICS Cool Energy\",\"description\":\"The Process Temperature Control Specialists\",\"publisher\":{\"@id\":\"https:\/\/www.icscoolenergy.com\/tr\/#organization\"},\"alternateName\":\"ICS\",\"potentialAction\":[{\"@type\":\"SearchAction\",\"target\":{\"@type\":\"EntryPoint\",\"urlTemplate\":\"https:\/\/www.icscoolenergy.com\/tr\/?s={search_term_string}\"},\"query-input\":{\"@type\":\"PropertyValueSpecification\",\"valueRequired\":true,\"valueName\":\"search_term_string\"}}],\"inLanguage\":\"tr\"},{\"@type\":\"Organization\",\"@id\":\"https:\/\/www.icscoolenergy.com\/tr\/#organization\",\"name\":\"ICS Cool Energy\",\"url\":\"https:\/\/www.icscoolenergy.com\/tr\/\",\"logo\":{\"@type\":\"ImageObject\",\"inLanguage\":\"tr\",\"@id\":\"https:\/\/www.icscoolenergy.com\/tr\/#\/schema\/logo\/image\/\",\"url\":\"https:\/\/www.icscoolenergy.com\/wp-content\/uploads\/sites\/9\/2024\/01\/ics-cool-energy-logo.svg\",\"contentUrl\":\"https:\/\/www.icscoolenergy.com\/wp-content\/uploads\/sites\/9\/2024\/01\/ics-cool-energy-logo.svg\",\"caption\":\"ICS Cool Energy\"},\"image\":{\"@id\":\"https:\/\/www.icscoolenergy.com\/tr\/#\/schema\/logo\/image\/\"},\"sameAs\":[\"https:\/\/www.linkedin.com\/company\/ics-temperature-control\/\",\"https:\/\/www.youtube.com\/@ICSCoolEnergyLtd\"],\"description\":\"ICS Cool Energy is a market leader for process and critical temperature control solutions that keep all types and sizes of businesses and industry running. Our headquarters are situated in Southampton, with offices throughout the UK and Europe, employing over 250 people in the UK alone.\",\"email\":\"info@icscoolenergy.com\",\"telephone\":\"0800 840 4210\",\"legalName\":\"ICS Cool Energy Limited\",\"numberOfEmployees\":{\"@type\":\"QuantitativeValue\",\"minValue\":\"201\",\"maxValue\":\"500\"}}]}<\/script>\n<!-- \/ Yoast SEO Premium plugin. -->","yoast_head_json":{"title":"So\u011fuk Hava Deposu 40 | Turkey","robots":{"index":"index","follow":"follow","max-snippet":"max-snippet:-1","max-image-preview":"max-image-preview:large","max-video-preview":"max-video-preview:-1"},"canonical":"https:\/\/www.icscoolenergy.com\/tr\/product\/soguk-hava-deposu-40\/","og_locale":"tr_TR","og_type":"article","og_title":"So\u011fuk Hava Deposu 40","og_description":"40 ft&#8217;lik so\u011futmal\u0131 konteynerimiz, kullan\u0131c\u0131 d\u00fc\u015f\u00fcn\u00fclerek tasarlanm\u0131\u015f ve \u00fcretilmi\u015ftir. S\u00fcrekli g\u00fcvenilirlik, optimum performans ve d\u00fc\u015f\u00fck i\u015fletme maliyetleri sunar. Cold Store 40, herhangi bir i\u00e7 kapasite kayb\u0131n\u0131 \u00f6nlemek i\u00e7in s\u0131va alt\u0131 kapama makineleri ile 2 palet geni\u015fli\u011finde so\u011fuk hava deposu \u00e7\u00f6z\u00fcmleri sunmak \u00fczere tasarlanm\u0131\u015ft\u0131r. So\u011fuk hava deposu hatas\u0131z \u00e7al\u0131\u015fma ile ekonomik ve g\u00fc\u00e7l\u00fc so\u011futma sa\u011flar. G\u00fc\u00e7 ... Read more","og_url":"https:\/\/www.icscoolenergy.com\/tr\/product\/soguk-hava-deposu-40\/","og_site_name":"Turkey","article_modified_time":"2024-11-27T10:11:24+00:00","og_image":[{"width":560,"height":420,"url":"https:\/\/www.icscoolenergy.com\/wp-content\/uploads\/sites\/9\/2024\/04\/Cold-Store-40.png","type":"image\/png"}],"twitter_card":"summary_large_image","twitter_misc":{"Est. reading time":"1 dakika"},"schema":{"@context":"https:\/\/schema.org","@graph":[{"@type":["WebPage","ItemPage"],"@id":"https:\/\/www.icscoolenergy.com\/tr\/product\/soguk-hava-deposu-40\/","url":"https:\/\/www.icscoolenergy.com\/tr\/product\/soguk-hava-deposu-40\/","name":"So\u011fuk Hava Deposu 40 | Turkey","isPartOf":{"@id":"https:\/\/www.icscoolenergy.com\/tr\/#website"},"primaryImageOfPage":{"@id":"https:\/\/www.icscoolenergy.com\/tr\/product\/soguk-hava-deposu-40\/#primaryimage"},"image":{"@id":"https:\/\/www.icscoolenergy.com\/tr\/product\/soguk-hava-deposu-40\/#primaryimage"},"thumbnailUrl":"https:\/\/www.icscoolenergy.com\/wp-content\/uploads\/sites\/9\/2024\/04\/Cold-Store-40.png","datePublished":"2024-04-22T08:10:44+00:00","dateModified":"2024-11-27T10:11:24+00:00","breadcrumb":{"@id":"https:\/\/www.icscoolenergy.com\/tr\/product\/soguk-hava-deposu-40\/#breadcrumb"},"inLanguage":"tr","potentialAction":[{"@type":"ReadAction","target":["https:\/\/www.icscoolenergy.com\/tr\/product\/soguk-hava-deposu-40\/"]}]},{"@type":"ImageObject","inLanguage":"tr","@id":"https:\/\/www.icscoolenergy.com\/tr\/product\/soguk-hava-deposu-40\/#primaryimage","url":"https:\/\/www.icscoolenergy.com\/wp-content\/uploads\/sites\/9\/2024\/04\/Cold-Store-40.png","contentUrl":"https:\/\/www.icscoolenergy.com\/wp-content\/uploads\/sites\/9\/2024\/04\/Cold-Store-40.png","width":560,"height":420},{"@type":"BreadcrumbList","@id":"https:\/\/www.icscoolenergy.com\/tr\/product\/soguk-hava-deposu-40\/#breadcrumb","itemListElement":[{"@type":"ListItem","position":1,"name":"Home","item":"https:\/\/www.icscoolenergy.com\/tr\/ana-sayfa\/"},{"@type":"ListItem","position":2,"name":"D\u00fckk\u00e2n","item":"https:\/\/www.icscoolenergy.com\/tr\/dukkan\/"},{"@type":"ListItem","position":3,"name":"So\u011fuk Hava Deposu 40"}]},{"@type":"WebSite","@id":"https:\/\/www.icscoolenergy.com\/tr\/#website","url":"https:\/\/www.icscoolenergy.com\/tr\/","name":"ICS Cool Energy","description":"The Process Temperature Control Specialists","publisher":{"@id":"https:\/\/www.icscoolenergy.com\/tr\/#organization"},"alternateName":"ICS","potentialAction":[{"@type":"SearchAction","target":{"@type":"EntryPoint","urlTemplate":"https:\/\/www.icscoolenergy.com\/tr\/?s={search_term_string}"},"query-input":{"@type":"PropertyValueSpecification","valueRequired":true,"valueName":"search_term_string"}}],"inLanguage":"tr"},{"@type":"Organization","@id":"https:\/\/www.icscoolenergy.com\/tr\/#organization","name":"ICS Cool Energy","url":"https:\/\/www.icscoolenergy.com\/tr\/","logo":{"@type":"ImageObject","inLanguage":"tr","@id":"https:\/\/www.icscoolenergy.com\/tr\/#\/schema\/logo\/image\/","url":"https:\/\/www.icscoolenergy.com\/wp-content\/uploads\/sites\/9\/2024\/01\/ics-cool-energy-logo.svg","contentUrl":"https:\/\/www.icscoolenergy.com\/wp-content\/uploads\/sites\/9\/2024\/01\/ics-cool-energy-logo.svg","caption":"ICS Cool Energy"},"image":{"@id":"https:\/\/www.icscoolenergy.com\/tr\/#\/schema\/logo\/image\/"},"sameAs":["https:\/\/www.linkedin.com\/company\/ics-temperature-control\/","https:\/\/www.youtube.com\/@ICSCoolEnergyLtd"],"description":"ICS Cool Energy is a market leader for process and critical temperature control solutions that keep all types and sizes of businesses and industry running. Our headquarters are situated in Southampton, with offices throughout the UK and Europe, employing over 250 people in the UK alone.","email":"info@icscoolenergy.com","telephone":"0800 840 4210","legalName":"ICS Cool Energy Limited","numberOfEmployees":{"@type":"QuantitativeValue","minValue":"201","maxValue":"500"}}]}},"_links":{"self":[{"href":"https:\/\/www.icscoolenergy.com\/tr\/wp-json\/wp\/v2\/product\/87124","targetHints":{"allow":["GET"]}}],"collection":[{"href":"https:\/\/www.icscoolenergy.com\/tr\/wp-json\/wp\/v2\/product"}],"about":[{"href":"https:\/\/www.icscoolenergy.com\/tr\/wp-json\/wp\/v2\/types\/product"}],"replies":[{"embeddable":true,"href":"https:\/\/www.icscoolenergy.com\/tr\/wp-json\/wp\/v2\/comments?post=87124"}],"wp:featuredmedia":[{"embeddable":true,"href":"https:\/\/www.icscoolenergy.com\/tr\/wp-json\/wp\/v2\/media\/87126"}],"wp:attachment":[{"href":"https:\/\/www.icscoolenergy.com\/tr\/wp-json\/wp\/v2\/media?parent=87124"}],"wp:term":[{"taxonomy":"product_brand","embeddable":true,"href":"https:\/\/www.icscoolenergy.com\/tr\/wp-json\/wp\/v2\/product_brand?post=87124"},{"taxonomy":"product_cat","embeddable":true,"href":"https:\/\/www.icscoolenergy.com\/tr\/wp-json\/wp\/v2\/product_cat?post=87124"},{"taxonomy":"product_tag","embeddable":true,"href":"https:\/\/www.icscoolenergy.com\/tr\/wp-json\/wp\/v2\/product_tag?post=87124"}],"curies":[{"name":"wp","href":"https:\/\/api.w.org\/{rel}","templated":true}]}}