 
{"id":87229,"date":"2024-04-18T10:44:51","date_gmt":"2024-04-18T10:44:51","guid":{"rendered":"https:\/\/www.icscoolenergy.com\/tr\/uncategorized\/i-chiller-proses-maks-n\/"},"modified":"2024-11-27T10:36:37","modified_gmt":"2024-11-27T10:36:37","slug":"i-chiller-proses-maks-n","status":"publish","type":"product","link":"https:\/\/www.icscoolenergy.com\/tr\/product\/i-chiller-proses-maks-n\/","title":{"rendered":"i-Chiller Proses Maks n"},"content":{"rendered":"<p>i-Chiller Process Max n hava so\u011futmal\u0131 s\u0131v\u0131 proses so\u011futma gruplar\u0131, en zorlu end\u00fcstriyel uygulamalar i\u00e7in mutlak g\u00fcvenilirlik sa\u011flamak \u00fczere \u00f6zel olarak tasarlanm\u0131\u015ft\u0131r. Tamamen paketlenmi\u015f bir konfig\u00fcrasyona sahip olan bu so\u011futucu, standart olarak dahili bir depolama tank\u0131 ve pompaya sahiptir ve d\u00fcnya \u00e7ap\u0131nda be\u011feni toplayan bir tak ve \u00e7al\u0131\u015ft\u0131r \u00e7\u00f6z\u00fcm\u00fc sunar. i-Chiller Process Max-n son derece \u00e7ok y\u00f6nl\u00fcd\u00fcr ve g\u00fcvenilirli\u011fi, en k\u00f6t\u00fc ko\u015fullarda ba\u015flatma ve \u00e7al\u0131\u015ft\u0131rma i\u00e7in uzat\u0131lm\u0131\u015f \u00e7al\u0131\u015fma limitleri ile birle\u015fti\u011finde, onu her t\u00fcr proses i\u00e7in uygun hale getirir.<\/p>\n","protected":false},"excerpt":{"rendered":"<p>i-Chiller Process Max n hava so\u011futmal\u0131 s\u0131v\u0131 proses so\u011futma gruplar\u0131, en zorlu end\u00fcstriyel uygulamalar i\u00e7in mutlak g\u00fcvenilirlik sa\u011flamak \u00fczere \u00f6zel olarak tasarlanm\u0131\u015ft\u0131r. Tamamen paketlenmi\u015f bir konfig\u00fcrasyona sahip olan bu so\u011futucu, standart olarak dahili bir depolama tank\u0131 ve pompaya sahiptir ve d\u00fcnya \u00e7ap\u0131nda be\u011feni toplayan bir tak ve \u00e7al\u0131\u015ft\u0131r \u00e7\u00f6z\u00fcm\u00fc sunar. i-Chiller Process Max-n son derece &#8230; <a title=\"i-Chiller Proses Maks n\" class=\"read-more\" href=\"https:\/\/www.icscoolenergy.com\/tr\/product\/i-chiller-proses-maks-n\/\" aria-label=\"More on i-Chiller Proses Maks n\">Read more<\/a><\/p>\n","protected":false},"featured_media":87230,"comment_status":"closed","ping_status":"closed","template":"","meta":{"_acf_changed":false,"inline_featured_image":false,"_editorskit_title_hidden":false,"_editorskit_reading_time":0,"_editorskit_is_block_options_detached":false,"_editorskit_block_options_position":"{}","editor_plus_copied_stylings":"{}"},"product_brand":[],"product_cat":[2064,2119,2063,2062],"product_tag":[],"class_list":{"0":"post-87229","1":"product","2":"type-product","3":"status-publish","4":"has-post-thumbnail","6":"product_cat-dusuk-gwpli-sogutucular","7":"product_cat-gezegen-dostu-proses-sogutma","8":"product_cat-hava-sogutmali-sogutucular","9":"product_cat-proses-sogutuculari","11":"first","12":"instock","13":"shipping-taxable","14":"product-type-simple"},"acf":[],"yoast_head":"<!-- This site is optimized with the Yoast SEO Premium plugin v24.5 (Yoast SEO v26.9) - https:\/\/yoast.com\/product\/yoast-seo-premium-wordpress\/ -->\n<title>i-Chiller Proses Maks n | Turkey<\/title>\n<meta name=\"robots\" content=\"index, follow, max-snippet:-1, max-image-preview:large, max-video-preview:-1\" \/>\n<link rel=\"canonical\" href=\"https:\/\/www.icscoolenergy.com\/tr\/product\/i-chiller-proses-maks-n\/\" \/>\n<meta property=\"og:locale\" content=\"tr_TR\" \/>\n<meta property=\"og:type\" content=\"article\" \/>\n<meta property=\"og:title\" content=\"i-Chiller Proses Maks n\" \/>\n<meta property=\"og:description\" content=\"i-Chiller Process Max n hava so\u011futmal\u0131 s\u0131v\u0131 proses so\u011futma gruplar\u0131, en zorlu end\u00fcstriyel uygulamalar i\u00e7in mutlak g\u00fcvenilirlik sa\u011flamak \u00fczere \u00f6zel olarak tasarlanm\u0131\u015ft\u0131r. Tamamen paketlenmi\u015f bir konfig\u00fcrasyona sahip olan bu so\u011futucu, standart olarak dahili bir depolama tank\u0131 ve pompaya sahiptir ve d\u00fcnya \u00e7ap\u0131nda be\u011feni toplayan bir tak ve \u00e7al\u0131\u015ft\u0131r \u00e7\u00f6z\u00fcm\u00fc sunar. i-Chiller Process Max-n son derece ... Read more\" \/>\n<meta property=\"og:url\" content=\"https:\/\/www.icscoolenergy.com\/tr\/product\/i-chiller-proses-maks-n\/\" \/>\n<meta property=\"og:site_name\" content=\"Turkey\" \/>\n<meta property=\"article:modified_time\" content=\"2024-11-27T10:36:37+00:00\" \/>\n<meta property=\"og:image\" content=\"https:\/\/www.icscoolenergy.com\/wp-content\/uploads\/sites\/9\/2024\/04\/chiller-process-max-n.png\" \/>\n\t<meta property=\"og:image:width\" content=\"560\" \/>\n\t<meta property=\"og:image:height\" content=\"420\" \/>\n\t<meta property=\"og:image:type\" content=\"image\/png\" \/>\n<meta name=\"twitter:card\" content=\"summary_large_image\" \/>\n<meta name=\"twitter:label1\" content=\"Est. reading time\" \/>\n\t<meta name=\"twitter:data1\" content=\"1 dakika\" \/>\n<script type=\"application\/ld+json\" class=\"yoast-schema-graph\">{\"@context\":\"https:\/\/schema.org\",\"@graph\":[{\"@type\":[\"WebPage\",\"ItemPage\"],\"@id\":\"https:\/\/www.icscoolenergy.com\/tr\/product\/i-chiller-proses-maks-n\/\",\"url\":\"https:\/\/www.icscoolenergy.com\/tr\/product\/i-chiller-proses-maks-n\/\",\"name\":\"i-Chiller Proses Maks n | Turkey\",\"isPartOf\":{\"@id\":\"https:\/\/www.icscoolenergy.com\/tr\/#website\"},\"primaryImageOfPage\":{\"@id\":\"https:\/\/www.icscoolenergy.com\/tr\/product\/i-chiller-proses-maks-n\/#primaryimage\"},\"image\":{\"@id\":\"https:\/\/www.icscoolenergy.com\/tr\/product\/i-chiller-proses-maks-n\/#primaryimage\"},\"thumbnailUrl\":\"https:\/\/www.icscoolenergy.com\/wp-content\/uploads\/sites\/9\/2024\/04\/chiller-process-max-n.png\",\"datePublished\":\"2024-04-18T10:44:51+00:00\",\"dateModified\":\"2024-11-27T10:36:37+00:00\",\"breadcrumb\":{\"@id\":\"https:\/\/www.icscoolenergy.com\/tr\/product\/i-chiller-proses-maks-n\/#breadcrumb\"},\"inLanguage\":\"tr\",\"potentialAction\":[{\"@type\":\"ReadAction\",\"target\":[\"https:\/\/www.icscoolenergy.com\/tr\/product\/i-chiller-proses-maks-n\/\"]}]},{\"@type\":\"ImageObject\",\"inLanguage\":\"tr\",\"@id\":\"https:\/\/www.icscoolenergy.com\/tr\/product\/i-chiller-proses-maks-n\/#primaryimage\",\"url\":\"https:\/\/www.icscoolenergy.com\/wp-content\/uploads\/sites\/9\/2024\/04\/chiller-process-max-n.png\",\"contentUrl\":\"https:\/\/www.icscoolenergy.com\/wp-content\/uploads\/sites\/9\/2024\/04\/chiller-process-max-n.png\",\"width\":560,\"height\":420},{\"@type\":\"BreadcrumbList\",\"@id\":\"https:\/\/www.icscoolenergy.com\/tr\/product\/i-chiller-proses-maks-n\/#breadcrumb\",\"itemListElement\":[{\"@type\":\"ListItem\",\"position\":1,\"name\":\"Home\",\"item\":\"https:\/\/www.icscoolenergy.com\/tr\/ana-sayfa\/\"},{\"@type\":\"ListItem\",\"position\":2,\"name\":\"D\u00fckk\u00e2n\",\"item\":\"https:\/\/www.icscoolenergy.com\/tr\/dukkan\/\"},{\"@type\":\"ListItem\",\"position\":3,\"name\":\"i-Chiller Proses Maks n\"}]},{\"@type\":\"WebSite\",\"@id\":\"https:\/\/www.icscoolenergy.com\/tr\/#website\",\"url\":\"https:\/\/www.icscoolenergy.com\/tr\/\",\"name\":\"ICS Cool Energy\",\"description\":\"The Process Temperature Control Specialists\",\"publisher\":{\"@id\":\"https:\/\/www.icscoolenergy.com\/tr\/#organization\"},\"alternateName\":\"ICS\",\"potentialAction\":[{\"@type\":\"SearchAction\",\"target\":{\"@type\":\"EntryPoint\",\"urlTemplate\":\"https:\/\/www.icscoolenergy.com\/tr\/?s={search_term_string}\"},\"query-input\":{\"@type\":\"PropertyValueSpecification\",\"valueRequired\":true,\"valueName\":\"search_term_string\"}}],\"inLanguage\":\"tr\"},{\"@type\":\"Organization\",\"@id\":\"https:\/\/www.icscoolenergy.com\/tr\/#organization\",\"name\":\"ICS Cool Energy\",\"url\":\"https:\/\/www.icscoolenergy.com\/tr\/\",\"logo\":{\"@type\":\"ImageObject\",\"inLanguage\":\"tr\",\"@id\":\"https:\/\/www.icscoolenergy.com\/tr\/#\/schema\/logo\/image\/\",\"url\":\"https:\/\/www.icscoolenergy.com\/wp-content\/uploads\/sites\/9\/2024\/01\/ics-cool-energy-logo.svg\",\"contentUrl\":\"https:\/\/www.icscoolenergy.com\/wp-content\/uploads\/sites\/9\/2024\/01\/ics-cool-energy-logo.svg\",\"caption\":\"ICS Cool Energy\"},\"image\":{\"@id\":\"https:\/\/www.icscoolenergy.com\/tr\/#\/schema\/logo\/image\/\"},\"sameAs\":[\"https:\/\/www.linkedin.com\/company\/ics-temperature-control\/\",\"https:\/\/www.youtube.com\/@ICSCoolEnergyLtd\"],\"description\":\"ICS Cool Energy is a market leader for process and critical temperature control solutions that keep all types and sizes of businesses and industry running. Our headquarters are situated in Southampton, with offices throughout the UK and Europe, employing over 250 people in the UK alone.\",\"email\":\"info@icscoolenergy.com\",\"telephone\":\"0800 840 4210\",\"legalName\":\"ICS Cool Energy Limited\",\"numberOfEmployees\":{\"@type\":\"QuantitativeValue\",\"minValue\":\"201\",\"maxValue\":\"500\"}}]}<\/script>\n<!-- \/ Yoast SEO Premium plugin. -->","yoast_head_json":{"title":"i-Chiller Proses Maks n | Turkey","robots":{"index":"index","follow":"follow","max-snippet":"max-snippet:-1","max-image-preview":"max-image-preview:large","max-video-preview":"max-video-preview:-1"},"canonical":"https:\/\/www.icscoolenergy.com\/tr\/product\/i-chiller-proses-maks-n\/","og_locale":"tr_TR","og_type":"article","og_title":"i-Chiller Proses Maks n","og_description":"i-Chiller Process Max n hava so\u011futmal\u0131 s\u0131v\u0131 proses so\u011futma gruplar\u0131, en zorlu end\u00fcstriyel uygulamalar i\u00e7in mutlak g\u00fcvenilirlik sa\u011flamak \u00fczere \u00f6zel olarak tasarlanm\u0131\u015ft\u0131r. Tamamen paketlenmi\u015f bir konfig\u00fcrasyona sahip olan bu so\u011futucu, standart olarak dahili bir depolama tank\u0131 ve pompaya sahiptir ve d\u00fcnya \u00e7ap\u0131nda be\u011feni toplayan bir tak ve \u00e7al\u0131\u015ft\u0131r \u00e7\u00f6z\u00fcm\u00fc sunar. i-Chiller Process Max-n son derece ... Read more","og_url":"https:\/\/www.icscoolenergy.com\/tr\/product\/i-chiller-proses-maks-n\/","og_site_name":"Turkey","article_modified_time":"2024-11-27T10:36:37+00:00","og_image":[{"width":560,"height":420,"url":"https:\/\/www.icscoolenergy.com\/wp-content\/uploads\/sites\/9\/2024\/04\/chiller-process-max-n.png","type":"image\/png"}],"twitter_card":"summary_large_image","twitter_misc":{"Est. reading time":"1 dakika"},"schema":{"@context":"https:\/\/schema.org","@graph":[{"@type":["WebPage","ItemPage"],"@id":"https:\/\/www.icscoolenergy.com\/tr\/product\/i-chiller-proses-maks-n\/","url":"https:\/\/www.icscoolenergy.com\/tr\/product\/i-chiller-proses-maks-n\/","name":"i-Chiller Proses Maks n | Turkey","isPartOf":{"@id":"https:\/\/www.icscoolenergy.com\/tr\/#website"},"primaryImageOfPage":{"@id":"https:\/\/www.icscoolenergy.com\/tr\/product\/i-chiller-proses-maks-n\/#primaryimage"},"image":{"@id":"https:\/\/www.icscoolenergy.com\/tr\/product\/i-chiller-proses-maks-n\/#primaryimage"},"thumbnailUrl":"https:\/\/www.icscoolenergy.com\/wp-content\/uploads\/sites\/9\/2024\/04\/chiller-process-max-n.png","datePublished":"2024-04-18T10:44:51+00:00","dateModified":"2024-11-27T10:36:37+00:00","breadcrumb":{"@id":"https:\/\/www.icscoolenergy.com\/tr\/product\/i-chiller-proses-maks-n\/#breadcrumb"},"inLanguage":"tr","potentialAction":[{"@type":"ReadAction","target":["https:\/\/www.icscoolenergy.com\/tr\/product\/i-chiller-proses-maks-n\/"]}]},{"@type":"ImageObject","inLanguage":"tr","@id":"https:\/\/www.icscoolenergy.com\/tr\/product\/i-chiller-proses-maks-n\/#primaryimage","url":"https:\/\/www.icscoolenergy.com\/wp-content\/uploads\/sites\/9\/2024\/04\/chiller-process-max-n.png","contentUrl":"https:\/\/www.icscoolenergy.com\/wp-content\/uploads\/sites\/9\/2024\/04\/chiller-process-max-n.png","width":560,"height":420},{"@type":"BreadcrumbList","@id":"https:\/\/www.icscoolenergy.com\/tr\/product\/i-chiller-proses-maks-n\/#breadcrumb","itemListElement":[{"@type":"ListItem","position":1,"name":"Home","item":"https:\/\/www.icscoolenergy.com\/tr\/ana-sayfa\/"},{"@type":"ListItem","position":2,"name":"D\u00fckk\u00e2n","item":"https:\/\/www.icscoolenergy.com\/tr\/dukkan\/"},{"@type":"ListItem","position":3,"name":"i-Chiller Proses Maks n"}]},{"@type":"WebSite","@id":"https:\/\/www.icscoolenergy.com\/tr\/#website","url":"https:\/\/www.icscoolenergy.com\/tr\/","name":"ICS Cool Energy","description":"The Process Temperature Control Specialists","publisher":{"@id":"https:\/\/www.icscoolenergy.com\/tr\/#organization"},"alternateName":"ICS","potentialAction":[{"@type":"SearchAction","target":{"@type":"EntryPoint","urlTemplate":"https:\/\/www.icscoolenergy.com\/tr\/?s={search_term_string}"},"query-input":{"@type":"PropertyValueSpecification","valueRequired":true,"valueName":"search_term_string"}}],"inLanguage":"tr"},{"@type":"Organization","@id":"https:\/\/www.icscoolenergy.com\/tr\/#organization","name":"ICS Cool Energy","url":"https:\/\/www.icscoolenergy.com\/tr\/","logo":{"@type":"ImageObject","inLanguage":"tr","@id":"https:\/\/www.icscoolenergy.com\/tr\/#\/schema\/logo\/image\/","url":"https:\/\/www.icscoolenergy.com\/wp-content\/uploads\/sites\/9\/2024\/01\/ics-cool-energy-logo.svg","contentUrl":"https:\/\/www.icscoolenergy.com\/wp-content\/uploads\/sites\/9\/2024\/01\/ics-cool-energy-logo.svg","caption":"ICS Cool Energy"},"image":{"@id":"https:\/\/www.icscoolenergy.com\/tr\/#\/schema\/logo\/image\/"},"sameAs":["https:\/\/www.linkedin.com\/company\/ics-temperature-control\/","https:\/\/www.youtube.com\/@ICSCoolEnergyLtd"],"description":"ICS Cool Energy is a market leader for process and critical temperature control solutions that keep all types and sizes of businesses and industry running. Our headquarters are situated in Southampton, with offices throughout the UK and Europe, employing over 250 people in the UK alone.","email":"info@icscoolenergy.com","telephone":"0800 840 4210","legalName":"ICS Cool Energy Limited","numberOfEmployees":{"@type":"QuantitativeValue","minValue":"201","maxValue":"500"}}]}},"_links":{"self":[{"href":"https:\/\/www.icscoolenergy.com\/tr\/wp-json\/wp\/v2\/product\/87229","targetHints":{"allow":["GET"]}}],"collection":[{"href":"https:\/\/www.icscoolenergy.com\/tr\/wp-json\/wp\/v2\/product"}],"about":[{"href":"https:\/\/www.icscoolenergy.com\/tr\/wp-json\/wp\/v2\/types\/product"}],"replies":[{"embeddable":true,"href":"https:\/\/www.icscoolenergy.com\/tr\/wp-json\/wp\/v2\/comments?post=87229"}],"wp:featuredmedia":[{"embeddable":true,"href":"https:\/\/www.icscoolenergy.com\/tr\/wp-json\/wp\/v2\/media\/87230"}],"wp:attachment":[{"href":"https:\/\/www.icscoolenergy.com\/tr\/wp-json\/wp\/v2\/media?parent=87229"}],"wp:term":[{"taxonomy":"product_brand","embeddable":true,"href":"https:\/\/www.icscoolenergy.com\/tr\/wp-json\/wp\/v2\/product_brand?post=87229"},{"taxonomy":"product_cat","embeddable":true,"href":"https:\/\/www.icscoolenergy.com\/tr\/wp-json\/wp\/v2\/product_cat?post=87229"},{"taxonomy":"product_tag","embeddable":true,"href":"https:\/\/www.icscoolenergy.com\/tr\/wp-json\/wp\/v2\/product_tag?post=87229"}],"curies":[{"name":"wp","href":"https:\/\/api.w.org\/{rel}","templated":true}]}}